{"id":9879,"date":"2026-04-14T15:05:47","date_gmt":"2026-04-14T13:05:47","guid":{"rendered":"https:\/\/etoropartners.com\/?page_id=9879"},"modified":"2026-04-14T15:05:48","modified_gmt":"2026-04-14T13:05:48","slug":"contact-us","status":"publish","type":"page","link":"https:\/\/etoropartners.com\/sv\/contact-us\/","title":{"rendered":"Contact Us"},"content":{"rendered":"\n<section class=\"wp-block-group wp-block-group-boxed\"><div class=\"wp-block-group-inner is-layout-flow wp-block-group-is-layout-flow\">\n<div class=\"wp-block-columns are-vertically-aligned-top wp-block-columns-1 is-layout-flex wp-container-core-columns-is-layout-9d6595d7 wp-block-columns-is-layout-flex\">\n<div class=\"wp-block-column wp-block-column-align-desktop-center wp-block-column-align-mobile-center is-layout-flow wp-block-column-is-layout-flow\">\n<p>Vi finns h\u00e4r f\u00f6r att hj\u00e4lpa dig att f\u00e5 ut det mesta av eToro Partners. Vid partnerfr\u00e5gor, maila din affiliate manager nedan. Vid problem med kontoverifiering och \u00e5tkomst, ber vi dig \u00f6ppna ett \u00e4rende. F\u00f6r att hj\u00e4lpa oss att svara snabbare, v\u00e4nligen ange den e-postadress som \u00e4r kopplad till ditt partnerkonto och din webbplatsadress.<\/p>\n<\/div>\n<\/div>\n<\/div><\/section>\n\n\n\n<section class=\"wp-block-group wp-block-group-full has-white-background-color has-background hide-on-mobile hide-on-tablet\"><div class=\"wp-block-group-inner is-layout-flow wp-block-group-is-layout-flow\">\n<div class=\"wp-block-columns are-vertically-aligned-top wp-block-columns-1 is-layout-flex wp-container-core-columns-is-layout-9d6595d7 wp-block-columns-is-layout-flex\">\n<div class=\"wp-block-column wp-block-column-align-desktop-center wp-block-column-align-mobile-center is-layout-flow wp-block-column-is-layout-flow\">\n<h2 class=\"wp-block-heading\"><strong>Regionala <b class=\"wp-etoro-format-colored-green\">kontakter<\/b><\/strong><\/h2>\n<\/div>\n<\/div>\n\n\n\n<div class=\"wp-block-columns are-vertically-aligned-top wp-block-columns-4 is-layout-flex wp-container-core-columns-is-layout-9d6595d7 wp-block-columns-is-layout-flex\">\n<div class=\"wp-block-column is-layout-flow wp-block-column-is-layout-flow\"><\/div>\n\n\n\n<div class=\"wp-block-column is-layout-flow wp-block-column-is-layout-flow\">\n<p><strong><b class=\"wp-etoro-format-colored-dark-blue\">Storbritannien<\/b><\/strong><br><strong>Sam Kershner<\/strong> \u2013 samke@etoro.com<\/p>\n<\/div>\n\n\n\n<div class=\"wp-block-column is-layout-flow wp-block-column-is-layout-flow\">\n<p class=\"has-text-align-right\"><br><a href=\"https:\/\/calendly.com\/samk-etoro\/30min\" type=\"link\" id=\"https:\/\/calendly.com\/samk-etoro\/30min\">Boka ett 15-minuter l\u00e5ngt samtal<\/a><\/p>\n<\/div>\n\n\n\n<div class=\"wp-block-column is-layout-flow wp-block-column-is-layout-flow\"><\/div>\n<\/div>\n\n\n\n<div class=\"wp-block-columns are-vertically-aligned-top wp-block-columns-4 is-layout-flex wp-container-core-columns-is-layout-9d6595d7 wp-block-columns-is-layout-flex\">\n<div class=\"wp-block-column is-layout-flow wp-block-column-is-layout-flow\"><\/div>\n\n\n\n<div class=\"wp-block-column is-layout-flow wp-block-column-is-layout-flow\">\n<p><strong><b class=\"wp-etoro-format-colored-dark-blue\">Australien<\/b><\/strong><br><strong>Bri Techert<\/strong> \u2013 brite@etoro.com<\/p>\n<\/div>\n\n\n\n<div class=\"wp-block-column is-layout-flow wp-block-column-is-layout-flow\">\n<p class=\"has-text-align-right\"><br><a href=\"https:\/\/calendly.com\/bri-etoro\/30min\" type=\"link\" id=\"https:\/\/calendly.com\/bri-etoro\/30min\">Boka ett 15-minuter l\u00e5ngt samtal<\/a><\/p>\n<\/div>\n\n\n\n<div class=\"wp-block-column is-layout-flow wp-block-column-is-layout-flow\"><\/div>\n<\/div>\n\n\n\n<div class=\"wp-block-columns are-vertically-aligned-top wp-block-columns-4 is-layout-flex wp-container-core-columns-is-layout-9d6595d7 wp-block-columns-is-layout-flex\">\n<div class=\"wp-block-column is-layout-flow wp-block-column-is-layout-flow\"><\/div>\n\n\n\n<div class=\"wp-block-column is-layout-flow wp-block-column-is-layout-flow\">\n<p><strong><b class=\"wp-etoro-format-colored-dark-blue\">Tyskland och Nederl\u00e4nderna<\/b><\/strong><br><strong>Monika Hakak<\/strong> \u2013 monikaha@etoro.com<\/p>\n<\/div>\n\n\n\n<div class=\"wp-block-column is-layout-flow wp-block-column-is-layout-flow\">\n<p class=\"has-text-align-right\"><br><a href=\"https:\/\/calendly.com\/monikaha-etoro\/\" type=\"link\" id=\"https:\/\/calendly.com\/monikaha-etoro\/\">Boka ett 15-minuter l\u00e5ngt samtal<\/a><\/p>\n<\/div>\n\n\n\n<div class=\"wp-block-column is-layout-flow wp-block-column-is-layout-flow\"><\/div>\n<\/div>\n\n\n\n<div class=\"wp-block-columns are-vertically-aligned-top wp-block-columns-4 is-layout-flex wp-container-core-columns-is-layout-9d6595d7 wp-block-columns-is-layout-flex\">\n<div class=\"wp-block-column is-layout-flow wp-block-column-is-layout-flow\"><\/div>\n\n\n\n<div class=\"wp-block-column is-layout-flow wp-block-column-is-layout-flow\">\n<p><strong><b class=\"wp-etoro-format-colored-dark-blue\">USA, Spanien &amp; Latinamerika<\/b><\/strong><br><strong>Nimrod Burla<\/strong> \u2013 nimrodbu@etoro.com<\/p>\n<\/div>\n\n\n\n<div class=\"wp-block-column is-layout-flow wp-block-column-is-layout-flow\">\n<p class=\"has-text-align-right\"><br><a href=\"https:\/\/calendly.com\/nimrodbu-etoro\" type=\"link\" id=\"https:\/\/calendly.com\/nimrodbu-etoro\">Boka ett 15-minuter l\u00e5ngt samtal<\/a><\/p>\n<\/div>\n\n\n\n<div class=\"wp-block-column is-layout-flow wp-block-column-is-layout-flow\"><\/div>\n<\/div>\n\n\n\n<div class=\"wp-block-columns are-vertically-aligned-top wp-block-columns-4 is-layout-flex wp-container-core-columns-is-layout-9d6595d7 wp-block-columns-is-layout-flex\">\n<div class=\"wp-block-column is-layout-flow wp-block-column-is-layout-flow\"><\/div>\n\n\n\n<div class=\"wp-block-column is-layout-flow wp-block-column-is-layout-flow\">\n<p><strong><b class=\"wp-etoro-format-colored-dark-blue\">Italien<\/b><\/strong><br><strong>Ran Regev<\/strong> \u2013 ranre@etoro.com<\/p>\n<\/div>\n\n\n\n<div class=\"wp-block-column is-layout-flow wp-block-column-is-layout-flow\">\n<p class=\"has-text-align-right\"><br><a href=\"https:\/\/calendly.com\/ranre\" type=\"link\" id=\"https:\/\/calendly.com\/ranre\">Boka ett 15-minuter l\u00e5ngt samtal<\/a><\/p>\n<\/div>\n\n\n\n<div class=\"wp-block-column is-layout-flow wp-block-column-is-layout-flow\"><\/div>\n<\/div>\n\n\n\n<div class=\"wp-block-columns are-vertically-aligned-top wp-block-columns-4 is-layout-flex wp-container-core-columns-is-layout-9d6595d7 wp-block-columns-is-layout-flex\">\n<div class=\"wp-block-column is-layout-flow wp-block-column-is-layout-flow\"><\/div>\n\n\n\n<div class=\"wp-block-column is-layout-flow wp-block-column-is-layout-flow\">\n<p><strong><b class=\"wp-etoro-format-colored-dark-blue\">Frankrike och Arabisktalande marknader<\/b><\/strong><br><strong>Arie Cohen<\/strong> \u2013 arieco@etoro.com<\/p>\n<\/div>\n\n\n\n<div class=\"wp-block-column is-layout-flow wp-block-column-is-layout-flow\">\n<p class=\"has-text-align-right\"><br><br><a href=\"https:\/\/calendly.com\/arieco-etoro\" type=\"link\" id=\"https:\/\/calendly.com\/arieco-etoro\">Boka ett 15-minuter l\u00e5ngt samtal<\/a><\/p>\n<\/div>\n\n\n\n<div class=\"wp-block-column is-layout-flow wp-block-column-is-layout-flow\"><\/div>\n<\/div>\n\n\n\n<div class=\"wp-block-columns are-vertically-aligned-top wp-block-columns-4 is-layout-flex wp-container-core-columns-is-layout-9d6595d7 wp-block-columns-is-layout-flex\">\n<div class=\"wp-block-column is-layout-flow wp-block-column-is-layout-flow\"><\/div>\n\n\n\n<div class=\"wp-block-column is-layout-flow wp-block-column-is-layout-flow\">\n<p><strong><b class=\"wp-etoro-format-colored-dark-blue\">\u00d6stra Europa och Norden<\/b><\/strong><br><strong>Lucia Ashkenazy<\/strong> \u2013 luciaas@etoro.com<\/p>\n<\/div>\n\n\n\n<div class=\"wp-block-column is-layout-flow wp-block-column-is-layout-flow\">\n<p class=\"has-text-align-right\"><br><a href=\"https:\/\/calendly.com\/lucia_ashkenazy\" type=\"link\" id=\"https:\/\/calendly.com\/lucia_ashkenazy\">Boka ett 15-minuter l\u00e5ngt samtal<\/a><\/p>\n<\/div>\n\n\n\n<div class=\"wp-block-column is-layout-flow wp-block-column-is-layout-flow\"><\/div>\n<\/div>\n\n\n\n<div class=\"wp-block-columns are-vertically-aligned-top wp-block-columns-4 is-layout-flex wp-container-core-columns-is-layout-9d6595d7 wp-block-columns-is-layout-flex\">\n<div class=\"wp-block-column is-layout-flow wp-block-column-is-layout-flow\"><\/div>\n\n\n\n<div class=\"wp-block-column is-layout-flow wp-block-column-is-layout-flow\">\n<p><strong><b class=\"wp-etoro-format-colored-dark-blue\">Operations och tekniskt support<\/b><\/strong><br><strong>Liora Edelstein Hakak<\/strong> \u2013 lioraed@etoro.com<\/p>\n<\/div>\n\n\n\n<div class=\"wp-block-column is-layout-flow wp-block-column-is-layout-flow\">\n<p class=\"has-text-align-right\"><br><a href=\"https:\/\/calendly.com\/lioraed\" type=\"link\" id=\"https:\/\/calendly.com\/lioraed\">Boka ett 15-minuter l\u00e5ngt samtal<\/a><\/p>\n<\/div>\n\n\n\n<div class=\"wp-block-column is-layout-flow wp-block-column-is-layout-flow\"><\/div>\n<\/div>\n\n\n\n<div class=\"wp-block-columns are-vertically-aligned-top wp-block-columns-4 is-layout-flex wp-container-core-columns-is-layout-9d6595d7 wp-block-columns-is-layout-flex\">\n<div class=\"wp-block-column is-layout-flow wp-block-column-is-layout-flow\"><\/div>\n\n\n\n<div class=\"wp-block-column is-layout-flow wp-block-column-is-layout-flow\">\n<p><strong><b class=\"wp-etoro-format-colored-dark-blue\">Director, affiliate-partnerskap<\/b><\/strong><br><strong>Ofer Farjun<\/strong> \u2013 oferfa@etoro.com<\/p>\n<\/div>\n\n\n\n<div class=\"wp-block-column is-layout-flow wp-block-column-is-layout-flow\">\n<p class=\"has-text-align-right\"><br><a href=\"https:\/\/calendly.com\/oferfa\" type=\"link\" id=\"https:\/\/calendly.com\/oferfa\">Boka ett 15-minuter l\u00e5ngt samtal<\/a><\/p>\n<\/div>\n\n\n\n<div class=\"wp-block-column is-layout-flow wp-block-column-is-layout-flow\"><\/div>\n<\/div>\n<\/div><\/section>\n\n\n\n<section class=\"wp-block-group wp-block-group-boxed has-white-background-color has-background hide-on-desktop\"><div class=\"wp-block-group-inner is-layout-flow wp-block-group-is-layout-flow\">\n<div class=\"wp-block-columns are-vertically-aligned-top wp-block-columns-1 is-layout-flex wp-container-core-columns-is-layout-9d6595d7 wp-block-columns-is-layout-flex\">\n<div class=\"wp-block-column is-layout-flow wp-block-column-is-layout-flow\">\n<p><strong><b class=\"wp-etoro-format-colored-dark-blue\">Storbritannien<\/b><\/strong><br><strong>Sam Kershner<\/strong> \u2013 samke@etoro.com<\/p>\n\n\n\n<p><a href=\"https:\/\/calendly.com\/samk-etoro\/30min\" type=\"link\" id=\"https:\/\/calendly.com\/samk-etoro\/30min\">Boka ett 15-minuter l\u00e5ngt samtal<\/a><\/p>\n<\/div>\n<\/div>\n\n\n\n<div class=\"wp-block-columns are-vertically-aligned-top wp-block-columns-1 is-layout-flex wp-container-core-columns-is-layout-9d6595d7 wp-block-columns-is-layout-flex\">\n<div class=\"wp-block-column is-layout-flow wp-block-column-is-layout-flow\">\n<p><strong><b class=\"wp-etoro-format-colored-dark-blue\">Australien<\/b><\/strong><br><strong>Bri Techert<\/strong> \u2013 brite@etoro.com<\/p>\n\n\n\n<p><a href=\"https:\/\/calendly.com\/bri-etoro\/30min\" type=\"link\" id=\"https:\/\/calendly.com\/bri-etoro\/30min\">Boka ett 15-minuter l\u00e5ngt samtal<\/a><\/p>\n<\/div>\n<\/div>\n\n\n\n<div class=\"wp-block-columns are-vertically-aligned-top wp-block-columns-1 is-layout-flex wp-container-core-columns-is-layout-9d6595d7 wp-block-columns-is-layout-flex\">\n<div class=\"wp-block-column is-layout-flow wp-block-column-is-layout-flow\">\n<p><strong><b class=\"wp-etoro-format-colored-dark-blue\">Tyskland och Nederl\u00e4nderna<\/b><\/strong><br><strong>Monika Hakak<\/strong> \u2013 monikaha@etoro.com<\/p>\n\n\n\n<p><a id=\"https:\/\/calendly.com\/monikaha-etoro\/\" href=\"https:\/\/calendly.com\/monikaha-etoro\/\" type=\"link\">Boka ett 15-minuter l\u00e5ngt samtal<\/a><\/p>\n<\/div>\n<\/div>\n\n\n\n<div class=\"wp-block-columns are-vertically-aligned-top wp-block-columns-1 is-layout-flex wp-container-core-columns-is-layout-9d6595d7 wp-block-columns-is-layout-flex\">\n<div class=\"wp-block-column is-layout-flow wp-block-column-is-layout-flow\">\n<p><strong><b class=\"wp-etoro-format-colored-dark-blue\">USA, Spanien &amp; Latinamerika<\/b><\/strong><br><strong>Nimrod Burla<\/strong> \u2013 nimrodbu@etoro.com<\/p>\n\n\n\n<p><a id=\"https:\/\/calendly.com\/nimrodbu-etoro\" href=\"https:\/\/calendly.com\/nimrodbu-etoro\" type=\"link\">Boka ett 15-minuter l\u00e5ngt samtal<\/a><\/p>\n<\/div>\n<\/div>\n\n\n\n<div class=\"wp-block-columns are-vertically-aligned-top wp-block-columns-1 is-layout-flex wp-container-core-columns-is-layout-9d6595d7 wp-block-columns-is-layout-flex\">\n<div class=\"wp-block-column is-layout-flow wp-block-column-is-layout-flow\">\n<p><strong><b class=\"wp-etoro-format-colored-dark-blue\">Italien<\/b><\/strong><br><strong>Ran Regev<\/strong> \u2013 ranre@etoro.com<\/p>\n\n\n\n<p><a id=\"https:\/\/calendly.com\/ranre\" href=\"https:\/\/calendly.com\/ranre\" type=\"link\">Boka ett 15-minuter l\u00e5ngt samtal<\/a><\/p>\n<\/div>\n<\/div>\n\n\n\n<div class=\"wp-block-columns are-vertically-aligned-top wp-block-columns-1 is-layout-flex wp-container-core-columns-is-layout-9d6595d7 wp-block-columns-is-layout-flex\">\n<div class=\"wp-block-column is-layout-flow wp-block-column-is-layout-flow\">\n<p><strong><b class=\"wp-etoro-format-colored-dark-blue\">Frankrike och Arabisktalande marknader<\/b><\/strong><br><strong>Arie Cohen<\/strong> \u2013 arieco@etoro.com<\/p>\n\n\n\n<p><a id=\"https:\/\/calendly.com\/arieco-etoro\" href=\"https:\/\/calendly.com\/arieco-etoro\" type=\"link\">Boka ett 15-minuter l\u00e5ngt samtal<\/a><\/p>\n<\/div>\n<\/div>\n\n\n\n<div class=\"wp-block-columns are-vertically-aligned-top wp-block-columns-1 is-layout-flex wp-container-core-columns-is-layout-9d6595d7 wp-block-columns-is-layout-flex\">\n<div class=\"wp-block-column is-layout-flow wp-block-column-is-layout-flow\">\n<p><strong><b class=\"wp-etoro-format-colored-dark-blue\">\u00d6stra Europa och Norden<\/b><\/strong><br><strong>Lucia Ashkenazy<\/strong> \u2013 luciaas@etoro.com<\/p>\n\n\n\n<p><a id=\"https:\/\/calendly.com\/lucia_ashkenazy\" href=\"https:\/\/calendly.com\/lucia_ashkenazy\" type=\"link\">Boka ett 15-minuter l\u00e5ngt samtal<\/a><\/p>\n<\/div>\n<\/div>\n\n\n\n<div class=\"wp-block-columns are-vertically-aligned-top wp-block-columns-1 is-layout-flex wp-container-core-columns-is-layout-9d6595d7 wp-block-columns-is-layout-flex\">\n<div class=\"wp-block-column is-layout-flow wp-block-column-is-layout-flow\">\n<p><strong><b class=\"wp-etoro-format-colored-dark-blue\">Operations och tekniskt support<\/b><\/strong><br><strong>Liora Edelstein Hakak<\/strong> \u2013 lioraed@etoro.com<\/p>\n\n\n\n<p><a id=\"https:\/\/calendly.com\/lioraed\" href=\"https:\/\/calendly.com\/lioraed\" type=\"link\">Boka ett 15-minuter l\u00e5ngt samtal<\/a><\/p>\n<\/div>\n<\/div>\n\n\n\n<div class=\"wp-block-columns are-vertically-aligned-top wp-block-columns-1 is-layout-flex wp-container-core-columns-is-layout-9d6595d7 wp-block-columns-is-layout-flex\">\n<div class=\"wp-block-column is-layout-flow wp-block-column-is-layout-flow\">\n<p><strong><b class=\"wp-etoro-format-colored-dark-blue\">Director, affiliate-partnerskap<\/b><\/strong><br><strong>Ofer Farjun<\/strong> \u2013 oferfa@etoro.com<\/p>\n\n\n\n<p><a id=\"https:\/\/calendly.com\/oferfa\" href=\"https:\/\/calendly.com\/oferfa\" type=\"link\">Boka ett 15-minuter l\u00e5ngt samtal<\/a><\/p>\n<\/div>\n<\/div>\n<\/div><\/section>\n\n\n\n<section class=\"wp-block-group wp-block-group-boxed has-light-blue-background-color has-background\"><div class=\"wp-block-group-inner is-layout-flow wp-block-group-is-layout-flow\">\n<div class=\"wp-block-columns are-vertically-aligned-top wp-block-columns-1 is-layout-flex wp-container-core-columns-is-layout-9d6595d7 wp-block-columns-is-layout-flex\">\n<div class=\"wp-block-column wp-block-column-align-desktop-center wp-block-column-align-mobile-center is-layout-flow wp-block-column-is-layout-flow\">\n<h2 class=\"wp-block-heading\"><strong>Verifierings-\/kontoproblem<\/strong><\/h2>\n\n\n\n<p>Vid problem med verifiering och konto\u00e5tkomst, v\u00e4nligen \u00f6ppna ett \u00e4rende s\u00e5 hj\u00e4lper v\u00e5rt team dig d\u00e4r.<\/p>\n\n\n\n<div class=\"wp-block-buttons is-layout-flex wp-block-buttons-is-layout-flex\">\n<a class=\"e-cta e-cta-alternative\" href=\"https:\/\/www.etoro.com\/customer-service\/?deepLink=type\/programs\/programs_subtype\/partners_program\/\" target=\"_blank\" rel=\"noopener\">\u00d6ppna ett \u00e4rende<\/a>\n<\/div>\n<\/div>\n<\/div>\n<\/div><\/section>\n","protected":false},"excerpt":{"rendered":"<p>Vi finns h\u00e4r f\u00f6r att hj\u00e4lpa dig att f\u00e5 ut det mesta av eToro Partners. Vid partnerfr\u00e5gor, maila din affiliate manager nedan. Vid problem med kontoverifiering och \u00e5tkomst, ber vi dig \u00f6ppna ett \u00e4rende. F\u00f6r att hj\u00e4lpa oss att svara snabbare, v\u00e4nligen ange den e-postadress som \u00e4r kopplad till ditt partnerkonto och din webbplatsadress. Regionala [&hellip;]<\/p>\n","protected":false},"author":21,"featured_media":0,"parent":0,"menu_order":0,"comment_status":"closed","ping_status":"closed","template":"","meta":{"_acf_changed":false,"sticky_cta_settings":"","footnotes":""},"class_list":["post-9879","page","type-page","status-publish","hentry"],"acf":[],"yoast_head":"<!-- This site is optimized with the Yoast SEO plugin v27.3 - https:\/\/yoast.com\/product\/yoast-seo-wordpress\/ -->\n<title>Kontakta eToro Partners-teamet | Regionala affiliate managers<\/title>\n<meta name=\"description\" content=\"Kontakta eToro Partners-teamet | Regionala affiliate managers\" \/>\n<meta name=\"robots\" content=\"index, follow, max-snippet:-1, max-image-preview:large, max-video-preview:-1\" \/>\n<link rel=\"canonical\" href=\"https:\/\/etoropartners.com\/sv\/contact-us\/\" \/>\n<meta property=\"og:locale\" content=\"sv_SE\" \/>\n<meta property=\"og:type\" content=\"article\" \/>\n<meta property=\"og:title\" content=\"Kontakta eToro Partners-teamet | Regionala affiliate managers\" \/>\n<meta property=\"og:description\" content=\"Kontakta eToro Partners-teamet | Regionala affiliate managers\" \/>\n<meta property=\"og:url\" content=\"https:\/\/etoropartners.com\/sv\/contact-us\/\" \/>\n<meta property=\"og:site_name\" content=\"eToro Partners\" \/>\n<meta property=\"article:modified_time\" content=\"2026-04-14T13:05:48+00:00\" \/>\n<meta name=\"twitter:card\" content=\"summary_large_image\" \/>\n<meta name=\"twitter:label1\" content=\"Ber\u00e4knad l\u00e4stid\" \/>\n\t<meta name=\"twitter:data1\" content=\"2 minuter\" \/>\n<script type=\"application\/ld+json\" class=\"yoast-schema-graph\">{\"@context\":\"https:\\\/\\\/schema.org\",\"@graph\":[{\"@type\":\"WebPage\",\"@id\":\"https:\\\/\\\/etoropartners.com\\\/sv\\\/contact-us\\\/\",\"url\":\"https:\\\/\\\/etoropartners.com\\\/sv\\\/contact-us\\\/\",\"name\":\"Kontakta eToro Partners-teamet | Regionala affiliate managers\",\"isPartOf\":{\"@id\":\"https:\\\/\\\/etoropartners.com\\\/sv\\\/#website\"},\"datePublished\":\"2026-04-14T13:05:47+00:00\",\"dateModified\":\"2026-04-14T13:05:48+00:00\",\"description\":\"Kontakta eToro Partners-teamet | Regionala affiliate managers\",\"breadcrumb\":{\"@id\":\"https:\\\/\\\/etoropartners.com\\\/sv\\\/contact-us\\\/#breadcrumb\"},\"inLanguage\":\"sv-SE\",\"potentialAction\":[{\"@type\":\"ReadAction\",\"target\":[\"https:\\\/\\\/etoropartners.com\\\/sv\\\/contact-us\\\/\"]}]},{\"@type\":\"BreadcrumbList\",\"@id\":\"https:\\\/\\\/etoropartners.com\\\/sv\\\/contact-us\\\/#breadcrumb\",\"itemListElement\":[{\"@type\":\"ListItem\",\"position\":1,\"name\":\"Home\",\"item\":\"https:\\\/\\\/etoropartners.wpengine.com\\\/sv\\\/\"},{\"@type\":\"ListItem\",\"position\":2,\"name\":\"Contact Us\"}]},{\"@type\":\"WebSite\",\"@id\":\"https:\\\/\\\/etoropartners.com\\\/sv\\\/#website\",\"url\":\"https:\\\/\\\/etoropartners.com\\\/sv\\\/\",\"name\":\"eToro Partners\",\"description\":\"\",\"potentialAction\":[{\"@type\":\"SearchAction\",\"target\":{\"@type\":\"EntryPoint\",\"urlTemplate\":\"https:\\\/\\\/etoropartners.com\\\/sv\\\/?s={search_term_string}\"},\"query-input\":{\"@type\":\"PropertyValueSpecification\",\"valueRequired\":true,\"valueName\":\"search_term_string\"}}],\"inLanguage\":\"sv-SE\"}]}<\/script>\n<!-- \/ Yoast SEO plugin. -->","yoast_head_json":{"title":"Kontakta eToro Partners-teamet | Regionala affiliate managers","description":"Kontakta eToro Partners-teamet | Regionala affiliate managers","robots":{"index":"index","follow":"follow","max-snippet":"max-snippet:-1","max-image-preview":"max-image-preview:large","max-video-preview":"max-video-preview:-1"},"canonical":"https:\/\/etoropartners.com\/sv\/contact-us\/","og_locale":"sv_SE","og_type":"article","og_title":"Kontakta eToro Partners-teamet | Regionala affiliate managers","og_description":"Kontakta eToro Partners-teamet | Regionala affiliate managers","og_url":"https:\/\/etoropartners.com\/sv\/contact-us\/","og_site_name":"eToro Partners","article_modified_time":"2026-04-14T13:05:48+00:00","twitter_card":"summary_large_image","twitter_misc":{"Ber\u00e4knad l\u00e4stid":"2 minuter"},"schema":{"@context":"https:\/\/schema.org","@graph":[{"@type":"WebPage","@id":"https:\/\/etoropartners.com\/sv\/contact-us\/","url":"https:\/\/etoropartners.com\/sv\/contact-us\/","name":"Kontakta eToro Partners-teamet | Regionala affiliate managers","isPartOf":{"@id":"https:\/\/etoropartners.com\/sv\/#website"},"datePublished":"2026-04-14T13:05:47+00:00","dateModified":"2026-04-14T13:05:48+00:00","description":"Kontakta eToro Partners-teamet | Regionala affiliate managers","breadcrumb":{"@id":"https:\/\/etoropartners.com\/sv\/contact-us\/#breadcrumb"},"inLanguage":"sv-SE","potentialAction":[{"@type":"ReadAction","target":["https:\/\/etoropartners.com\/sv\/contact-us\/"]}]},{"@type":"BreadcrumbList","@id":"https:\/\/etoropartners.com\/sv\/contact-us\/#breadcrumb","itemListElement":[{"@type":"ListItem","position":1,"name":"Home","item":"https:\/\/etoropartners.wpengine.com\/sv\/"},{"@type":"ListItem","position":2,"name":"Contact Us"}]},{"@type":"WebSite","@id":"https:\/\/etoropartners.com\/sv\/#website","url":"https:\/\/etoropartners.com\/sv\/","name":"eToro Partners","description":"","potentialAction":[{"@type":"SearchAction","target":{"@type":"EntryPoint","urlTemplate":"https:\/\/etoropartners.com\/sv\/?s={search_term_string}"},"query-input":{"@type":"PropertyValueSpecification","valueRequired":true,"valueName":"search_term_string"}}],"inLanguage":"sv-SE"}]}},"_links":{"self":[{"href":"https:\/\/etoropartners.com\/sv\/wp-json\/wp\/v2\/pages\/9879","targetHints":{"allow":["GET"]}}],"collection":[{"href":"https:\/\/etoropartners.com\/sv\/wp-json\/wp\/v2\/pages"}],"about":[{"href":"https:\/\/etoropartners.com\/sv\/wp-json\/wp\/v2\/types\/page"}],"author":[{"embeddable":true,"href":"https:\/\/etoropartners.com\/sv\/wp-json\/wp\/v2\/users\/21"}],"replies":[{"embeddable":true,"href":"https:\/\/etoropartners.com\/sv\/wp-json\/wp\/v2\/comments?post=9879"}],"version-history":[{"count":0,"href":"https:\/\/etoropartners.com\/sv\/wp-json\/wp\/v2\/pages\/9879\/revisions"}],"wp:attachment":[{"href":"https:\/\/etoropartners.com\/sv\/wp-json\/wp\/v2\/media?parent=9879"}],"curies":[{"name":"wp","href":"https:\/\/api.w.org\/{rel}","templated":true}]}}