{"id":8855,"date":"2024-05-22T13:12:03","date_gmt":"2024-05-22T11:12:03","guid":{"rendered":"https:\/\/etoropartners.com\/payment-methods\/"},"modified":"2024-08-27T13:39:01","modified_gmt":"2024-08-27T11:39:01","slug":"payment-methods","status":"publish","type":"page","link":"https:\/\/etoropartners.com\/sv\/payment-methods\/","title":{"rendered":"Betalningsmetoder"},"content":{"rendered":"\n<section class=\"wp-block-group wp-block-group-boxed wp-block-group-small-top-padding wp-block-group-small-bottom-padding\"><div class=\"wp-block-group-inner is-layout-flow wp-block-group-is-layout-flow\">\n<div class=\"wp-block-columns are-vertically-aligned-top wp-block-columns-1 is-layout-flex wp-container-core-columns-is-layout-9d6595d7 wp-block-columns-is-layout-flex\">\n<div class=\"wp-block-column wp-block-column-align-desktop-center wp-block-column-align-mobile-center is-layout-flow wp-block-column-is-layout-flow\">\n<h2 class=\"wp-block-heading\">Betalningsmetoder<\/h2>\n\n\n\n<figure class=\"wp-block-image size-full\"><img loading=\"lazy\" decoding=\"async\" width=\"1600\" height=\"400\" src=\"https:\/\/etoropartners.com\/wp-content\/uploads\/2024\/05\/Cover_PAYMENT-METHODS.jpg\" alt=\"\" class=\"wp-image-8271 wp-image-desktop\" srcset=\"https:\/\/etoropartners.com\/wp-content\/uploads\/2024\/05\/Cover_PAYMENT-METHODS.jpg 1600w, https:\/\/etoropartners.com\/wp-content\/uploads\/2024\/05\/Cover_PAYMENT-METHODS-300x75.jpg 300w, https:\/\/etoropartners.com\/wp-content\/uploads\/2024\/05\/Cover_PAYMENT-METHODS-1024x256.jpg 1024w, https:\/\/etoropartners.com\/wp-content\/uploads\/2024\/05\/Cover_PAYMENT-METHODS-768x192.jpg 768w, https:\/\/etoropartners.com\/wp-content\/uploads\/2024\/05\/Cover_PAYMENT-METHODS-1536x384.jpg 1536w\" sizes=\"auto, (max-width: 1600px) 100vw, 1600px\" \/><\/figure>\n<\/div>\n<\/div>\n<\/div><\/section>\n\n\n\n<section class=\"wp-block-group wp-block-group-boxed wp-block-group-small-top-padding wp-block-group-small-bottom-padding\"><div class=\"wp-block-group-inner is-layout-flow wp-block-group-is-layout-flow\">\n<div class=\"wp-block-columns are-vertically-aligned-top wp-block-columns-1 is-layout-flex wp-container-core-columns-is-layout-9d6595d7 wp-block-columns-is-layout-flex\">\n<div class=\"wp-block-column is-layout-flow wp-block-column-is-layout-flow\">\n<h2 class=\"wp-block-heading is-style-heading-1\">Vad b\u00f6r du t\u00e4nka p\u00e5 n\u00e4r du n\u00e4mner betalningsmetoder?\u00a0\u00a0<\/h2>\n\n\n\n<p class=\"is-style-heading-2\"><strong>Var noggrann<\/strong><\/p>\n\n\n\n<p>N\u00e4r du n\u00e4mner betalningsmetoder, se till att de \u00e4r tillg\u00e4ngliga i det land d\u00e4r du marknadsf\u00f6r eToro. Du kan hitta information om betalningsmetoder och begr\u00e4nsningar p\u00e5 <a href=\"https:\/\/www.etoro.com\/sv\/customer-service\/deposit-faq\/\">sidan om ins\u00e4ttningar<\/a> p\u00e5 eToro.\u00a0<\/p>\n\n\n\n<p class=\"is-style-heading-2\">Exempel p\u00e5 vanliga misstag:<\/p>\n\n\n\n<p>PayPal \u00e4r inte tillg\u00e4ngligt i vissa l\u00e4nder (t.ex. Storbritannien) och \u00e4r endast tillg\u00e4ngligt efter den f\u00f6rsta ins\u00e4ttningen i andra l\u00e4nder (t.ex. Nederl\u00e4nderna). Eftersom investerare inte kommer att kunna g\u00f6ra sin f\u00f6rsta ins\u00e4ttning med PayPal i dessa l\u00e4nder, b\u00f6r PayPal inte n\u00e4mnas som en betalningsmetod n\u00e4r du marknadsf\u00f6r eToro i dessa l\u00e4nder. Om din trafik \u00e4r blandad och du riktar dig till l\u00e4nder d\u00e4r PayPal \u00e4r tillg\u00e4ngligt och andra l\u00e4nder d\u00e4r det inte \u00e4r det, presenterar du listan \u00f6ver l\u00e4nder d\u00e4r det inte \u00e4r tillg\u00e4ngligt och listan \u00f6ver l\u00e4nder d\u00e4r det inte \u00e4r tillg\u00e4ngligt f\u00f6r den f\u00f6rsta ins\u00e4ttningen.\u00a0<\/p>\n\n\n\n<p class=\"is-style-heading-2\"><strong>Kreditkort<\/strong><\/p>\n\n\n\n<p>Storbritannien och Spanien: Kreditkort kan inte anv\u00e4ndas f\u00f6r att s\u00e4tta in pengar i Storbritannien eller Spanien (betalkort \u00e4r tillg\u00e4ngliga).<br><\/p>\n<\/div>\n<\/div>\n<\/div><\/section>\n","protected":false},"excerpt":{"rendered":"<p>Betalningsmetoder Vad b\u00f6r du t\u00e4nka p\u00e5 n\u00e4r du n\u00e4mner betalningsmetoder?\u00a0\u00a0 Var noggrann N\u00e4r du n\u00e4mner betalningsmetoder, se till att de \u00e4r tillg\u00e4ngliga i det land d\u00e4r du marknadsf\u00f6r eToro. Du kan hitta information om betalningsmetoder och begr\u00e4nsningar p\u00e5 sidan om ins\u00e4ttningar p\u00e5 eToro.\u00a0 Exempel p\u00e5 vanliga misstag: PayPal \u00e4r inte tillg\u00e4ngligt i vissa l\u00e4nder (t.ex. [&hellip;]<\/p>\n","protected":false},"author":11,"featured_media":8270,"parent":0,"menu_order":0,"comment_status":"closed","ping_status":"closed","template":"","meta":{"_acf_changed":false,"sticky_cta_settings":"","footnotes":""},"class_list":["post-8855","page","type-page","status-publish","has-post-thumbnail","hentry"],"acf":[],"yoast_head":"<!-- This site is optimized with the Yoast SEO plugin v27.3 - https:\/\/yoast.com\/product\/yoast-seo-wordpress\/ -->\n<title>Betalningsmetoder<\/title>\n<meta name=\"description\" content=\"Vad ska du vara uppm\u00e4rksam p\u00e5 n\u00e4r du n\u00e4mner betalningsmetoder?\" \/>\n<meta name=\"robots\" content=\"index, follow, max-snippet:-1, max-image-preview:large, max-video-preview:-1\" \/>\n<link rel=\"canonical\" href=\"https:\/\/etoropartners.com\/sv\/payment-methods\/\" \/>\n<meta property=\"og:locale\" content=\"sv_SE\" \/>\n<meta property=\"og:type\" content=\"article\" \/>\n<meta property=\"og:title\" content=\"Betalningsmetoder\" \/>\n<meta property=\"og:description\" content=\"Vad ska du vara uppm\u00e4rksam p\u00e5 n\u00e4r du n\u00e4mner betalningsmetoder?\" \/>\n<meta property=\"og:url\" content=\"https:\/\/etoropartners.com\/sv\/payment-methods\/\" \/>\n<meta property=\"og:site_name\" content=\"eToro Partners\" \/>\n<meta property=\"article:modified_time\" content=\"2024-08-27T11:39:01+00:00\" \/>\n<meta property=\"og:image\" content=\"https:\/\/etoropartners.com\/wp-content\/uploads\/2024\/05\/Featured_PAYMENT-METHODS.png\" \/>\n\t<meta property=\"og:image:width\" content=\"1200\" \/>\n\t<meta property=\"og:image:height\" content=\"630\" \/>\n\t<meta property=\"og:image:type\" content=\"image\/png\" \/>\n<meta name=\"twitter:card\" content=\"summary_large_image\" \/>\n<meta name=\"twitter:label1\" content=\"Ber\u00e4knad l\u00e4stid\" \/>\n\t<meta name=\"twitter:data1\" content=\"2 minuter\" \/>\n<script type=\"application\/ld+json\" class=\"yoast-schema-graph\">{\"@context\":\"https:\\\/\\\/schema.org\",\"@graph\":[{\"@type\":\"WebPage\",\"@id\":\"https:\\\/\\\/etoropartners.com\\\/sv\\\/payment-methods\\\/\",\"url\":\"https:\\\/\\\/etoropartners.com\\\/sv\\\/payment-methods\\\/\",\"name\":\"Betalningsmetoder\",\"isPartOf\":{\"@id\":\"https:\\\/\\\/etoropartners.com\\\/sv\\\/#website\"},\"primaryImageOfPage\":{\"@id\":\"https:\\\/\\\/etoropartners.com\\\/sv\\\/payment-methods\\\/#primaryimage\"},\"image\":{\"@id\":\"https:\\\/\\\/etoropartners.com\\\/sv\\\/payment-methods\\\/#primaryimage\"},\"thumbnailUrl\":\"https:\\\/\\\/etoropartners.com\\\/wp-content\\\/uploads\\\/2024\\\/05\\\/Featured_PAYMENT-METHODS.png\",\"datePublished\":\"2024-05-22T11:12:03+00:00\",\"dateModified\":\"2024-08-27T11:39:01+00:00\",\"description\":\"Vad ska du vara uppm\u00e4rksam p\u00e5 n\u00e4r du n\u00e4mner betalningsmetoder?\",\"breadcrumb\":{\"@id\":\"https:\\\/\\\/etoropartners.com\\\/sv\\\/payment-methods\\\/#breadcrumb\"},\"inLanguage\":\"sv-SE\",\"potentialAction\":[{\"@type\":\"ReadAction\",\"target\":[\"https:\\\/\\\/etoropartners.com\\\/sv\\\/payment-methods\\\/\"]}]},{\"@type\":\"ImageObject\",\"inLanguage\":\"sv-SE\",\"@id\":\"https:\\\/\\\/etoropartners.com\\\/sv\\\/payment-methods\\\/#primaryimage\",\"url\":\"https:\\\/\\\/etoropartners.com\\\/wp-content\\\/uploads\\\/2024\\\/05\\\/Featured_PAYMENT-METHODS.png\",\"contentUrl\":\"https:\\\/\\\/etoropartners.com\\\/wp-content\\\/uploads\\\/2024\\\/05\\\/Featured_PAYMENT-METHODS.png\",\"width\":1200,\"height\":630},{\"@type\":\"BreadcrumbList\",\"@id\":\"https:\\\/\\\/etoropartners.com\\\/sv\\\/payment-methods\\\/#breadcrumb\",\"itemListElement\":[{\"@type\":\"ListItem\",\"position\":1,\"name\":\"Home\",\"item\":\"https:\\\/\\\/etoropartners.wpengine.com\\\/sv\\\/\"},{\"@type\":\"ListItem\",\"position\":2,\"name\":\"Betalningsmetoder\"}]},{\"@type\":\"WebSite\",\"@id\":\"https:\\\/\\\/etoropartners.com\\\/sv\\\/#website\",\"url\":\"https:\\\/\\\/etoropartners.com\\\/sv\\\/\",\"name\":\"eToro Partners\",\"description\":\"\",\"potentialAction\":[{\"@type\":\"SearchAction\",\"target\":{\"@type\":\"EntryPoint\",\"urlTemplate\":\"https:\\\/\\\/etoropartners.com\\\/sv\\\/?s={search_term_string}\"},\"query-input\":{\"@type\":\"PropertyValueSpecification\",\"valueRequired\":true,\"valueName\":\"search_term_string\"}}],\"inLanguage\":\"sv-SE\"}]}<\/script>\n<!-- \/ Yoast SEO plugin. -->","yoast_head_json":{"title":"Betalningsmetoder","description":"Vad ska du vara uppm\u00e4rksam p\u00e5 n\u00e4r du n\u00e4mner betalningsmetoder?","robots":{"index":"index","follow":"follow","max-snippet":"max-snippet:-1","max-image-preview":"max-image-preview:large","max-video-preview":"max-video-preview:-1"},"canonical":"https:\/\/etoropartners.com\/sv\/payment-methods\/","og_locale":"sv_SE","og_type":"article","og_title":"Betalningsmetoder","og_description":"Vad ska du vara uppm\u00e4rksam p\u00e5 n\u00e4r du n\u00e4mner betalningsmetoder?","og_url":"https:\/\/etoropartners.com\/sv\/payment-methods\/","og_site_name":"eToro Partners","article_modified_time":"2024-08-27T11:39:01+00:00","og_image":[{"width":1200,"height":630,"url":"https:\/\/etoropartners.com\/wp-content\/uploads\/2024\/05\/Featured_PAYMENT-METHODS.png","type":"image\/png"}],"twitter_card":"summary_large_image","twitter_misc":{"Ber\u00e4knad l\u00e4stid":"2 minuter"},"schema":{"@context":"https:\/\/schema.org","@graph":[{"@type":"WebPage","@id":"https:\/\/etoropartners.com\/sv\/payment-methods\/","url":"https:\/\/etoropartners.com\/sv\/payment-methods\/","name":"Betalningsmetoder","isPartOf":{"@id":"https:\/\/etoropartners.com\/sv\/#website"},"primaryImageOfPage":{"@id":"https:\/\/etoropartners.com\/sv\/payment-methods\/#primaryimage"},"image":{"@id":"https:\/\/etoropartners.com\/sv\/payment-methods\/#primaryimage"},"thumbnailUrl":"https:\/\/etoropartners.com\/wp-content\/uploads\/2024\/05\/Featured_PAYMENT-METHODS.png","datePublished":"2024-05-22T11:12:03+00:00","dateModified":"2024-08-27T11:39:01+00:00","description":"Vad ska du vara uppm\u00e4rksam p\u00e5 n\u00e4r du n\u00e4mner betalningsmetoder?","breadcrumb":{"@id":"https:\/\/etoropartners.com\/sv\/payment-methods\/#breadcrumb"},"inLanguage":"sv-SE","potentialAction":[{"@type":"ReadAction","target":["https:\/\/etoropartners.com\/sv\/payment-methods\/"]}]},{"@type":"ImageObject","inLanguage":"sv-SE","@id":"https:\/\/etoropartners.com\/sv\/payment-methods\/#primaryimage","url":"https:\/\/etoropartners.com\/wp-content\/uploads\/2024\/05\/Featured_PAYMENT-METHODS.png","contentUrl":"https:\/\/etoropartners.com\/wp-content\/uploads\/2024\/05\/Featured_PAYMENT-METHODS.png","width":1200,"height":630},{"@type":"BreadcrumbList","@id":"https:\/\/etoropartners.com\/sv\/payment-methods\/#breadcrumb","itemListElement":[{"@type":"ListItem","position":1,"name":"Home","item":"https:\/\/etoropartners.wpengine.com\/sv\/"},{"@type":"ListItem","position":2,"name":"Betalningsmetoder"}]},{"@type":"WebSite","@id":"https:\/\/etoropartners.com\/sv\/#website","url":"https:\/\/etoropartners.com\/sv\/","name":"eToro Partners","description":"","potentialAction":[{"@type":"SearchAction","target":{"@type":"EntryPoint","urlTemplate":"https:\/\/etoropartners.com\/sv\/?s={search_term_string}"},"query-input":{"@type":"PropertyValueSpecification","valueRequired":true,"valueName":"search_term_string"}}],"inLanguage":"sv-SE"}]}},"_links":{"self":[{"href":"https:\/\/etoropartners.com\/sv\/wp-json\/wp\/v2\/pages\/8855","targetHints":{"allow":["GET"]}}],"collection":[{"href":"https:\/\/etoropartners.com\/sv\/wp-json\/wp\/v2\/pages"}],"about":[{"href":"https:\/\/etoropartners.com\/sv\/wp-json\/wp\/v2\/types\/page"}],"author":[{"embeddable":true,"href":"https:\/\/etoropartners.com\/sv\/wp-json\/wp\/v2\/users\/11"}],"replies":[{"embeddable":true,"href":"https:\/\/etoropartners.com\/sv\/wp-json\/wp\/v2\/comments?post=8855"}],"version-history":[{"count":0,"href":"https:\/\/etoropartners.com\/sv\/wp-json\/wp\/v2\/pages\/8855\/revisions"}],"wp:featuredmedia":[{"embeddable":true,"href":"https:\/\/etoropartners.com\/sv\/wp-json\/wp\/v2\/media\/8270"}],"wp:attachment":[{"href":"https:\/\/etoropartners.com\/sv\/wp-json\/wp\/v2\/media?parent=8855"}],"curies":[{"name":"wp","href":"https:\/\/api.w.org\/{rel}","templated":true}]}}