{"id":8823,"date":"2024-05-22T13:05:01","date_gmt":"2024-05-22T11:05:01","guid":{"rendered":"https:\/\/etoropartners.com\/regulators\/"},"modified":"2024-08-26T15:10:58","modified_gmt":"2024-08-26T13:10:58","slug":"regulators","status":"publish","type":"page","link":"https:\/\/etoropartners.com\/sv\/regulators\/","title":{"rendered":"Regulators"},"content":{"rendered":"\n<section class=\"wp-block-group wp-block-group-boxed wp-block-group-small-top-padding wp-block-group-small-bottom-padding has-white-background-color has-background\"><div class=\"wp-block-group-inner is-layout-flow wp-block-group-is-layout-flow\">\n<div class=\"wp-block-columns are-vertically-aligned-top wp-block-columns-1 is-layout-flex wp-container-core-columns-is-layout-9d6595d7 wp-block-columns-is-layout-flex\">\n<div class=\"wp-block-column wp-block-column-align-desktop-center wp-block-column-align-mobile-center is-layout-flow wp-block-column-is-layout-flow\">\n<h2 class=\"wp-block-heading\">Tillsynsmyndigheter<\/h2>\n\n\n\n<figure class=\"wp-block-image size-full\"><img loading=\"lazy\" decoding=\"async\" width=\"1600\" height=\"400\" src=\"https:\/\/etoropartners.com\/wp-content\/uploads\/2024\/05\/Cover_OUR-REGULATION.jpg\" alt=\"\" class=\"wp-image-8239 wp-image-desktop\" srcset=\"https:\/\/etoropartners.com\/wp-content\/uploads\/2024\/05\/Cover_OUR-REGULATION.jpg 1600w, https:\/\/etoropartners.com\/wp-content\/uploads\/2024\/05\/Cover_OUR-REGULATION-300x75.jpg 300w, https:\/\/etoropartners.com\/wp-content\/uploads\/2024\/05\/Cover_OUR-REGULATION-1024x256.jpg 1024w, https:\/\/etoropartners.com\/wp-content\/uploads\/2024\/05\/Cover_OUR-REGULATION-768x192.jpg 768w, https:\/\/etoropartners.com\/wp-content\/uploads\/2024\/05\/Cover_OUR-REGULATION-1536x384.jpg 1536w\" sizes=\"auto, (max-width: 1600px) 100vw, 1600px\" \/><\/figure>\n<\/div>\n<\/div>\n<\/div><\/section>\n\n\n\n<section class=\"wp-block-group wp-block-group-boxed wp-block-group-small-top-padding wp-block-group-small-bottom-padding has-white-background-color has-background\"><div class=\"wp-block-group-inner is-layout-flow wp-block-group-is-layout-flow\">\n<div class=\"wp-block-columns are-vertically-aligned-top wp-block-columns-1 is-layout-flex wp-container-core-columns-is-layout-9d6595d7 wp-block-columns-is-layout-flex\">\n<div class=\"wp-block-column is-layout-flow wp-block-column-is-layout-flow\">\n<p>eToro regleras i flera jurisdiktioner. <a href=\"https:\/\/www.etoro.com\/sv\/customer-service\/regulation-license\/\">Klicka h\u00e4r<\/a> f\u00f6r att l\u00e4ra dig mer om v\u00e5ra licenser och regler.\u00a0<\/p>\n\n\n\n<p class=\"is-style-heading-2\">F\u00e5r man n\u00e4mna tillsynsmyndigheterna<strong>?<\/strong><\/p>\n\n\n\n<p>Tillsynsmyndigheter f\u00e5r inte anv\u00e4ndas som f\u00f6rs\u00e4ljningsargument. Det inneb\u00e4r att du m\u00e5ste vara f\u00f6rsiktig med hur du n\u00e4mner dem. Nedan f\u00f6ljer n\u00e5gra exempel p\u00e5 hur du INTE f\u00e5r n\u00e4mna tillsynsmyndigheter:\u00a0<\/p>\n\n\n\n<ul class=\"wp-block-list wp-block-list wp-block-list-circle\">\n<li>Skriva eller f\u00f6resl\u00e5 att m\u00e4nniskor ska investera hos eToro eftersom det \u00e4r ett reglerat varum\u00e4rke<\/li>\n\n\n\n<li>N\u00e4mna regelverket som en f\u00f6rdel<\/li>\n\n\n\n<li>J\u00e4mf\u00f6ra eToro med ett annat varum\u00e4rke och anv\u00e4nda tillsynsmyndigheterna som en f\u00f6rdel med eToro \u00f6ver andra\u00a0<\/li>\n\n\n\n<li>Anv\u00e4nda tillsynsmyndighetens logotyp<\/li>\n\n\n\n<li>Anv\u00e4nda tillsynsmyndighetens namn i banners<\/li>\n<\/ul>\n\n\n\n<p class=\"is-style-heading-2\">S\u00e5, vad \u00e4r till\u00e5tet?\u00a0<\/p>\n\n\n\n<p>Det \u00e4r OK att n\u00e4mna att eToro regleras och av vilka enheter n\u00e4r man bara n\u00e4mner det som ett faktum, till exempel som en av m\u00e5nga punkter i beskrivningen av eToro och dess funktioner (till exempel i en recension).\u00a0<\/p>\n\n\n\n<p class=\"is-style-heading-2\"><strong>VaR NOGGRANN<\/strong><\/p>\n\n\n\n<p><strong>Kryptovalutor: <\/strong>Kryptovalutor \u00e4r icke-reglerade instrument, s\u00e5 d\u00e4rf\u00f6r skulle det vara vilseledande att n\u00e4mna tillsynsmyndigheterna eller att eToro \u00e4r reglerat i en artikel eller sida om krypto. Undvik att g\u00f6ra det, eller n\u00e4mn uttryckligen att kryptovalutor inte \u00e4r reglerade (s\u00e5vida du inte riktar dig till en amerikansk publik, d\u00e5 finns det inget behov av att l\u00e4gga till detta).<\/p>\n\n\n\n<p><strong>USA: <\/strong>I USA erbjuder eToro USA LLC en plattform f\u00f6r amerikanska kunder att k\u00f6pa och s\u00e4lja krypto och regleras av FinCen; och eToro USA Securities Inc. \u00e4r en b\u00f6rsm\u00e4klare som regleras av FINRA som till\u00e5ter handel med aktier, ETF:er och optioner. V\u00e4nligen f\u00f6rv\u00e4xla inte de tv\u00e5.<\/p>\n\n\n\n<p>.<\/p>\n<\/div>\n<\/div>\n<\/div><\/section>\n","protected":false},"excerpt":{"rendered":"<p>Tillsynsmyndigheter eToro regleras i flera jurisdiktioner. Klicka h\u00e4r f\u00f6r att l\u00e4ra dig mer om v\u00e5ra licenser och regler.\u00a0 F\u00e5r man n\u00e4mna tillsynsmyndigheterna? Tillsynsmyndigheter f\u00e5r inte anv\u00e4ndas som f\u00f6rs\u00e4ljningsargument. Det inneb\u00e4r att du m\u00e5ste vara f\u00f6rsiktig med hur du n\u00e4mner dem. Nedan f\u00f6ljer n\u00e5gra exempel p\u00e5 hur du INTE f\u00e5r n\u00e4mna tillsynsmyndigheter:\u00a0 S\u00e5, vad \u00e4r till\u00e5tet?\u00a0 [&hellip;]<\/p>\n","protected":false},"author":11,"featured_media":8238,"parent":0,"menu_order":0,"comment_status":"closed","ping_status":"closed","template":"","meta":{"_acf_changed":false,"sticky_cta_settings":"","footnotes":""},"class_list":["post-8823","page","type-page","status-publish","has-post-thumbnail","hentry"],"acf":[],"yoast_head":"<!-- This site is optimized with the Yoast SEO plugin v27.3 - https:\/\/yoast.com\/product\/yoast-seo-wordpress\/ -->\n<title>Tillsynsmyndigheter<\/title>\n<meta name=\"description\" content=\"&quot;eToro \u00e4r reglerat i flera jurisdiktioner, klicka h\u00e4r f\u00f6r att l\u00e4ra dig mer om v\u00e5ra licenser och regler.&quot;\" \/>\n<meta name=\"robots\" content=\"index, follow, max-snippet:-1, max-image-preview:large, max-video-preview:-1\" \/>\n<link rel=\"canonical\" href=\"https:\/\/etoropartners.com\/sv\/regulators\/\" \/>\n<meta property=\"og:locale\" content=\"sv_SE\" \/>\n<meta property=\"og:type\" content=\"article\" \/>\n<meta property=\"og:title\" content=\"Tillsynsmyndigheter\" \/>\n<meta property=\"og:description\" content=\"&quot;eToro \u00e4r reglerat i flera jurisdiktioner, klicka h\u00e4r f\u00f6r att l\u00e4ra dig mer om v\u00e5ra licenser och regler.&quot;\" \/>\n<meta property=\"og:url\" content=\"https:\/\/etoropartners.com\/sv\/regulators\/\" \/>\n<meta property=\"og:site_name\" content=\"eToro Partners\" \/>\n<meta property=\"article:modified_time\" content=\"2024-08-26T13:10:58+00:00\" \/>\n<meta property=\"og:image\" content=\"https:\/\/etoropartners.com\/wp-content\/uploads\/2024\/05\/Featured_OUR-REGULATION.png\" \/>\n\t<meta property=\"og:image:width\" content=\"1200\" \/>\n\t<meta property=\"og:image:height\" content=\"630\" \/>\n\t<meta property=\"og:image:type\" content=\"image\/png\" \/>\n<meta name=\"twitter:card\" content=\"summary_large_image\" \/>\n<meta name=\"twitter:label1\" content=\"Ber\u00e4knad l\u00e4stid\" \/>\n\t<meta name=\"twitter:data1\" content=\"2 minuter\" \/>\n<script type=\"application\/ld+json\" class=\"yoast-schema-graph\">{\"@context\":\"https:\\\/\\\/schema.org\",\"@graph\":[{\"@type\":\"WebPage\",\"@id\":\"https:\\\/\\\/etoropartners.com\\\/sv\\\/regulators\\\/\",\"url\":\"https:\\\/\\\/etoropartners.com\\\/sv\\\/regulators\\\/\",\"name\":\"Tillsynsmyndigheter\",\"isPartOf\":{\"@id\":\"https:\\\/\\\/etoropartners.com\\\/sv\\\/#website\"},\"primaryImageOfPage\":{\"@id\":\"https:\\\/\\\/etoropartners.com\\\/sv\\\/regulators\\\/#primaryimage\"},\"image\":{\"@id\":\"https:\\\/\\\/etoropartners.com\\\/sv\\\/regulators\\\/#primaryimage\"},\"thumbnailUrl\":\"https:\\\/\\\/etoropartners.com\\\/wp-content\\\/uploads\\\/2024\\\/05\\\/Featured_OUR-REGULATION.png\",\"datePublished\":\"2024-05-22T11:05:01+00:00\",\"dateModified\":\"2024-08-26T13:10:58+00:00\",\"description\":\"\\\"eToro \u00e4r reglerat i flera jurisdiktioner, klicka h\u00e4r f\u00f6r att l\u00e4ra dig mer om v\u00e5ra licenser och regler.\\\"\",\"breadcrumb\":{\"@id\":\"https:\\\/\\\/etoropartners.com\\\/sv\\\/regulators\\\/#breadcrumb\"},\"inLanguage\":\"sv-SE\",\"potentialAction\":[{\"@type\":\"ReadAction\",\"target\":[\"https:\\\/\\\/etoropartners.com\\\/sv\\\/regulators\\\/\"]}]},{\"@type\":\"ImageObject\",\"inLanguage\":\"sv-SE\",\"@id\":\"https:\\\/\\\/etoropartners.com\\\/sv\\\/regulators\\\/#primaryimage\",\"url\":\"https:\\\/\\\/etoropartners.com\\\/wp-content\\\/uploads\\\/2024\\\/05\\\/Featured_OUR-REGULATION.png\",\"contentUrl\":\"https:\\\/\\\/etoropartners.com\\\/wp-content\\\/uploads\\\/2024\\\/05\\\/Featured_OUR-REGULATION.png\",\"width\":1200,\"height\":630},{\"@type\":\"BreadcrumbList\",\"@id\":\"https:\\\/\\\/etoropartners.com\\\/sv\\\/regulators\\\/#breadcrumb\",\"itemListElement\":[{\"@type\":\"ListItem\",\"position\":1,\"name\":\"Home\",\"item\":\"https:\\\/\\\/etoropartners.wpengine.com\\\/sv\\\/\"},{\"@type\":\"ListItem\",\"position\":2,\"name\":\"Regulators\"}]},{\"@type\":\"WebSite\",\"@id\":\"https:\\\/\\\/etoropartners.com\\\/sv\\\/#website\",\"url\":\"https:\\\/\\\/etoropartners.com\\\/sv\\\/\",\"name\":\"eToro Partners\",\"description\":\"\",\"potentialAction\":[{\"@type\":\"SearchAction\",\"target\":{\"@type\":\"EntryPoint\",\"urlTemplate\":\"https:\\\/\\\/etoropartners.com\\\/sv\\\/?s={search_term_string}\"},\"query-input\":{\"@type\":\"PropertyValueSpecification\",\"valueRequired\":true,\"valueName\":\"search_term_string\"}}],\"inLanguage\":\"sv-SE\"}]}<\/script>\n<!-- \/ Yoast SEO plugin. -->","yoast_head_json":{"title":"Tillsynsmyndigheter","description":"\"eToro \u00e4r reglerat i flera jurisdiktioner, klicka h\u00e4r f\u00f6r att l\u00e4ra dig mer om v\u00e5ra licenser och regler.\"","robots":{"index":"index","follow":"follow","max-snippet":"max-snippet:-1","max-image-preview":"max-image-preview:large","max-video-preview":"max-video-preview:-1"},"canonical":"https:\/\/etoropartners.com\/sv\/regulators\/","og_locale":"sv_SE","og_type":"article","og_title":"Tillsynsmyndigheter","og_description":"\"eToro \u00e4r reglerat i flera jurisdiktioner, klicka h\u00e4r f\u00f6r att l\u00e4ra dig mer om v\u00e5ra licenser och regler.\"","og_url":"https:\/\/etoropartners.com\/sv\/regulators\/","og_site_name":"eToro Partners","article_modified_time":"2024-08-26T13:10:58+00:00","og_image":[{"width":1200,"height":630,"url":"https:\/\/etoropartners.com\/wp-content\/uploads\/2024\/05\/Featured_OUR-REGULATION.png","type":"image\/png"}],"twitter_card":"summary_large_image","twitter_misc":{"Ber\u00e4knad l\u00e4stid":"2 minuter"},"schema":{"@context":"https:\/\/schema.org","@graph":[{"@type":"WebPage","@id":"https:\/\/etoropartners.com\/sv\/regulators\/","url":"https:\/\/etoropartners.com\/sv\/regulators\/","name":"Tillsynsmyndigheter","isPartOf":{"@id":"https:\/\/etoropartners.com\/sv\/#website"},"primaryImageOfPage":{"@id":"https:\/\/etoropartners.com\/sv\/regulators\/#primaryimage"},"image":{"@id":"https:\/\/etoropartners.com\/sv\/regulators\/#primaryimage"},"thumbnailUrl":"https:\/\/etoropartners.com\/wp-content\/uploads\/2024\/05\/Featured_OUR-REGULATION.png","datePublished":"2024-05-22T11:05:01+00:00","dateModified":"2024-08-26T13:10:58+00:00","description":"\"eToro \u00e4r reglerat i flera jurisdiktioner, klicka h\u00e4r f\u00f6r att l\u00e4ra dig mer om v\u00e5ra licenser och regler.\"","breadcrumb":{"@id":"https:\/\/etoropartners.com\/sv\/regulators\/#breadcrumb"},"inLanguage":"sv-SE","potentialAction":[{"@type":"ReadAction","target":["https:\/\/etoropartners.com\/sv\/regulators\/"]}]},{"@type":"ImageObject","inLanguage":"sv-SE","@id":"https:\/\/etoropartners.com\/sv\/regulators\/#primaryimage","url":"https:\/\/etoropartners.com\/wp-content\/uploads\/2024\/05\/Featured_OUR-REGULATION.png","contentUrl":"https:\/\/etoropartners.com\/wp-content\/uploads\/2024\/05\/Featured_OUR-REGULATION.png","width":1200,"height":630},{"@type":"BreadcrumbList","@id":"https:\/\/etoropartners.com\/sv\/regulators\/#breadcrumb","itemListElement":[{"@type":"ListItem","position":1,"name":"Home","item":"https:\/\/etoropartners.wpengine.com\/sv\/"},{"@type":"ListItem","position":2,"name":"Regulators"}]},{"@type":"WebSite","@id":"https:\/\/etoropartners.com\/sv\/#website","url":"https:\/\/etoropartners.com\/sv\/","name":"eToro Partners","description":"","potentialAction":[{"@type":"SearchAction","target":{"@type":"EntryPoint","urlTemplate":"https:\/\/etoropartners.com\/sv\/?s={search_term_string}"},"query-input":{"@type":"PropertyValueSpecification","valueRequired":true,"valueName":"search_term_string"}}],"inLanguage":"sv-SE"}]}},"_links":{"self":[{"href":"https:\/\/etoropartners.com\/sv\/wp-json\/wp\/v2\/pages\/8823","targetHints":{"allow":["GET"]}}],"collection":[{"href":"https:\/\/etoropartners.com\/sv\/wp-json\/wp\/v2\/pages"}],"about":[{"href":"https:\/\/etoropartners.com\/sv\/wp-json\/wp\/v2\/types\/page"}],"author":[{"embeddable":true,"href":"https:\/\/etoropartners.com\/sv\/wp-json\/wp\/v2\/users\/11"}],"replies":[{"embeddable":true,"href":"https:\/\/etoropartners.com\/sv\/wp-json\/wp\/v2\/comments?post=8823"}],"version-history":[{"count":0,"href":"https:\/\/etoropartners.com\/sv\/wp-json\/wp\/v2\/pages\/8823\/revisions"}],"wp:featuredmedia":[{"embeddable":true,"href":"https:\/\/etoropartners.com\/sv\/wp-json\/wp\/v2\/media\/8238"}],"wp:attachment":[{"href":"https:\/\/etoropartners.com\/sv\/wp-json\/wp\/v2\/media?parent=8823"}],"curies":[{"name":"wp","href":"https:\/\/api.w.org\/{rel}","templated":true}]}}