{"id":8791,"date":"2024-05-22T10:54:03","date_gmt":"2024-05-22T08:54:03","guid":{"rendered":"https:\/\/etoropartners.com\/how-to-add-risk-warnings\/"},"modified":"2024-08-26T11:19:30","modified_gmt":"2024-08-26T09:19:30","slug":"how-to-add-risk-warnings","status":"publish","type":"page","link":"https:\/\/etoropartners.com\/sv\/how-to-add-risk-warnings\/","title":{"rendered":"How to add risk warnings"},"content":{"rendered":"\n<section class=\"wp-block-group wp-block-group-boxed wp-block-group-small-top-padding wp-block-group-small-bottom-padding\"><div class=\"wp-block-group-inner is-layout-flow wp-block-group-is-layout-flow\">\n<div class=\"wp-block-columns are-vertically-aligned-top wp-block-columns-1 is-layout-flex wp-container-core-columns-is-layout-9d6595d7 wp-block-columns-is-layout-flex\">\n<div class=\"wp-block-column wp-block-column-align-desktop-center wp-block-column-align-mobile-center is-layout-flow wp-block-column-is-layout-flow\">\n<h2 class=\"wp-block-heading has-text-align-center\">S\u00e5 h\u00e4r l\u00e4gger du till riskvarningar<\/h2>\n\n\n\n<figure class=\"wp-block-image size-full\"><img loading=\"lazy\" decoding=\"async\" width=\"1600\" height=\"400\" src=\"https:\/\/etoropartners.com\/wp-content\/uploads\/2024\/05\/Cover_how-to-add-risk-warnings.jpg\" alt=\"\" class=\"wp-image-8176 wp-image-desktop\" srcset=\"https:\/\/etoropartners.com\/wp-content\/uploads\/2024\/05\/Cover_how-to-add-risk-warnings.jpg 1600w, https:\/\/etoropartners.com\/wp-content\/uploads\/2024\/05\/Cover_how-to-add-risk-warnings-300x75.jpg 300w, https:\/\/etoropartners.com\/wp-content\/uploads\/2024\/05\/Cover_how-to-add-risk-warnings-1024x256.jpg 1024w, https:\/\/etoropartners.com\/wp-content\/uploads\/2024\/05\/Cover_how-to-add-risk-warnings-768x192.jpg 768w, https:\/\/etoropartners.com\/wp-content\/uploads\/2024\/05\/Cover_how-to-add-risk-warnings-1536x384.jpg 1536w\" sizes=\"auto, (max-width: 1600px) 100vw, 1600px\" \/><\/figure>\n<\/div>\n<\/div>\n<\/div><\/section>\n\n\n\n<section class=\"wp-block-group wp-block-group-boxed wp-block-group-small-top-padding wp-block-group-small-bottom-padding\"><div class=\"wp-block-group-inner is-layout-flow wp-block-group-is-layout-flow\">\n<div class=\"wp-block-columns are-vertically-aligned-top wp-block-columns-1 is-layout-flex wp-container-core-columns-is-layout-9d6595d7 wp-block-columns-is-layout-flex\">\n<div class=\"wp-block-column is-layout-flow wp-block-column-is-layout-flow\">\n<p>Riskvarningar m\u00e5ste vara v\u00e4l synliga s\u00e5 att konsumenterna l\u00e4tt kan l\u00e4sa och f\u00f6rst\u00e5 dem.<\/p>\n\n\n\n<p class=\"is-style-heading-2\">Var beh\u00f6vs riskvarningar<strong>?<\/strong><\/p>\n\n\n\n<p>De m\u00e5ste l\u00e4ggas till i varje annons om eToro, bredvid varje l\u00e4nk till eToro eller uppmaning till handling.<\/p>\n\n\n\n<p>F\u00f6r recensioner om eToro eller artiklar som n\u00e4mner eToro m\u00e5ste riskvarningar l\u00e4ggas till i b\u00f6rjan av texten. Om du dock har separata avsnitt p\u00e5 samma sida, till exempel en banner eller andra element som l\u00e4nkar till eToro, beh\u00f6ver de sina egna riskvarningar, n\u00e4ra l\u00e4nken eller uppmaningen till handling.<\/p>\n\n\n\n<p>I en video kan du l\u00e4gga in riskvarningar under hela videons l\u00e4ngd eller ha en helsk\u00e4rm med ansvarsfriskrivningen i 10 sekunder i b\u00f6rjan av videon. Beskrivningen av videon m\u00e5ste ocks\u00e5 alltid inneh\u00e5lla riskvarningen.&nbsp;<\/p>\n\n\n\n<p>Observera att om det inte finns utrymme f\u00f6r en fullst\u00e4ndig riskvarning i dessa delar kan du anv\u00e4nda den kortare versionen av riskvarningen d\u00e4r det finns m\u00f6jlighet.<\/p>\n\n\n\n<p>Om du beh\u00f6ver l\u00e4gga till flera riskvarningar p\u00e5 m\u00e5nga olika st\u00e4llen p\u00e5 en sida kan du ocks\u00e5 g\u00f6ra det genom att l\u00e4gga till en r\u00f6rlig riskvarning som alltid kommer att vara synlig p\u00e5 sidan.<\/p>\n<\/div>\n<\/div>\n<\/div><\/section>\n\n\n\n<section class=\"wp-block-group wp-block-group-boxed wp-block-group-small-top-padding wp-block-group-small-bottom-padding\"><div class=\"wp-block-group-inner is-layout-flow wp-block-group-is-layout-flow\">\n<div class=\"wp-block-columns are-vertically-aligned-top wp-block-columns-1 is-layout-flex wp-container-core-columns-is-layout-9d6595d7 wp-block-columns-is-layout-flex\">\n<div class=\"wp-block-column wp-block-column-align-desktop-center wp-block-column-align-mobile-center is-layout-flow wp-block-column-is-layout-flow\">\n<figure class=\"wp-block-embed is-type-rich is-provider-embed-handler wp-block-embed-embed-handler wp-embed-aspect-16-9 wp-has-aspect-ratio\"><div class=\"wp-block-embed__wrapper\">\n<div class=\"ec-video\"><iframe loading=\"lazy\" title=\"Compliance training video 4- 16:9 - How to  add risk warnings\" width=\"500\" height=\"281\" src=\"https:\/\/www.youtube.com\/embed\/Ar9eFGOq1xg?feature=oembed\" frameborder=\"0\" allow=\"accelerometer; autoplay; clipboard-write; encrypted-media; gyroscope; picture-in-picture; web-share\" referrerpolicy=\"strict-origin-when-cross-origin\" allowfullscreen><\/iframe><\/div>\n<\/div><\/figure>\n<\/div>\n<\/div>\n<\/div><\/section>\n\n\n\n<section class=\"wp-block-group wp-block-group-boxed wp-block-group-small-top-padding wp-block-group-small-bottom-padding\"><div class=\"wp-block-group-inner is-layout-flow wp-block-group-is-layout-flow\">\n<div class=\"wp-block-columns are-vertically-aligned-top wp-block-columns-1 is-layout-flex wp-container-core-columns-is-layout-9d6595d7 wp-block-columns-is-layout-flex\">\n<div class=\"wp-block-column is-layout-flow wp-block-column-is-layout-flow\">\n<p class=\"is-style-heading-2\">Hur man hittar l\u00e4mpliga riskvarningar<\/p>\n\n\n\n<p>Vilka riskvarningar du beh\u00f6ver anv\u00e4nda beror p\u00e5 vilka l\u00e4nder du riktar dig till och vilka produkter du n\u00e4mner. I <a href=\"https:\/\/etoropartners.com\/sv\/guidelines\/\">riktlinjerna<\/a> hittar du de relevanta riskvarningarna per land och kategori.&nbsp;<\/p>\n\n\n\n<p><br>Om du riktar dig till olika l\u00e4nder, i olika kategorier, m\u00e5ste du anv\u00e4nda alla relevanta friskrivningsklausuler.&nbsp;<\/p>\n\n\n\n<p class=\"is-style-heading-2\"><br>Det finns tre saker att t\u00e4nka p\u00e5 h\u00e4r:<\/p>\n\n\n\n<p class=\"is-style-default\"><br><strong>Nummer 1.<\/strong> Observera att vissa l\u00e4nder, till exempel Spanien och Storbritannien, har specifika kryptoriskvarningar.<\/p>\n\n\n\n<p><strong>Nummer 2.<\/strong> Om du marknadsf\u00f6r p\u00e5 sociala medier m\u00e5ste du n\u00e4mna att du \u00e4r en affiliate eller att det h\u00e4r \u00e4r en betald annons. Detta kan vara s\u00e5 enkelt som att l\u00e4gga till hashtagen #reklamt.<br><br><strong>Nummer 3.<\/strong> N\u00e4r man riktar sig till marknader i USA m\u00e5ste en affiliate informera om de betalningar som de kan f\u00e5 fr\u00e5n affiliate-annonsering.<\/p>\n\n\n\n<p><strong>Sist men inte minst<\/strong> &#8230; det \u00e4r viktigt att notera att de flesta CFD-riskvarningar har en procentsats, och vi \u00e4r skyldiga att \u00e4ndra den procentsatsen var tredje m\u00e5nad. Vi kommer att l\u00e4gga upp en beg\u00e4ran om att \u00e4ndra procentsatsen i nyhetsavsnittet p\u00e5 eToro Partners webbplats n\u00e4r det beh\u00f6vs. Vi rekommenderar dock starkt att du anv\u00e4nder <a href=\"https:\/\/docs.google.com\/presentation\/d\/12qK8XF8UURt3y9hTFKDv3f0nudVZez_BNxgC2ZsvhFo\/edit#slide=id.g1c27c6d4ca5_0_0\">verktyget f\u00f6r dynamisk ansvarsfriskrivning i procent<\/a>. Om du implementerar det h\u00e4r verktyget kommer det att visa r\u00e4tt procentsats automatiskt och spara dig mycket tid och arbete.<\/p>\n<\/div>\n<\/div>\n<\/div><\/section>\n","protected":false},"excerpt":{"rendered":"<p>S\u00e5 h\u00e4r l\u00e4gger du till riskvarningar Riskvarningar m\u00e5ste vara v\u00e4l synliga s\u00e5 att konsumenterna l\u00e4tt kan l\u00e4sa och f\u00f6rst\u00e5 dem. Var beh\u00f6vs riskvarningar? De m\u00e5ste l\u00e4ggas till i varje annons om eToro, bredvid varje l\u00e4nk till eToro eller uppmaning till handling. F\u00f6r recensioner om eToro eller artiklar som n\u00e4mner eToro m\u00e5ste riskvarningar l\u00e4ggas till i [&hellip;]<\/p>\n","protected":false},"author":11,"featured_media":8175,"parent":0,"menu_order":0,"comment_status":"closed","ping_status":"closed","template":"","meta":{"_acf_changed":false,"sticky_cta_settings":"","footnotes":""},"class_list":["post-8791","page","type-page","status-publish","has-post-thumbnail","hentry"],"acf":[],"yoast_head":"<!-- This site is optimized with the Yoast SEO plugin v27.3 - https:\/\/yoast.com\/product\/yoast-seo-wordpress\/ -->\n<title>Hur man l\u00e4gger till riskvarningar<\/title>\n<meta name=\"description\" content=\"&quot;Riskvarningar m\u00e5ste vara v\u00e4l synliga s\u00e5 att konsumenterna l\u00e4tt kan l\u00e4sa och f\u00f6rst\u00e5, var ska de placeras?&quot;\" \/>\n<meta name=\"robots\" content=\"index, follow, max-snippet:-1, max-image-preview:large, max-video-preview:-1\" \/>\n<link rel=\"canonical\" href=\"https:\/\/etoropartners.com\/sv\/how-to-add-risk-warnings\/\" \/>\n<meta property=\"og:locale\" content=\"sv_SE\" \/>\n<meta property=\"og:type\" content=\"article\" \/>\n<meta property=\"og:title\" content=\"Hur man l\u00e4gger till riskvarningar\" \/>\n<meta property=\"og:description\" content=\"&quot;Riskvarningar m\u00e5ste vara v\u00e4l synliga s\u00e5 att konsumenterna l\u00e4tt kan l\u00e4sa och f\u00f6rst\u00e5, var ska de placeras?&quot;\" \/>\n<meta property=\"og:url\" content=\"https:\/\/etoropartners.com\/sv\/how-to-add-risk-warnings\/\" \/>\n<meta property=\"og:site_name\" content=\"eToro Partners\" \/>\n<meta property=\"article:modified_time\" content=\"2024-08-26T09:19:30+00:00\" \/>\n<meta property=\"og:image\" content=\"https:\/\/etoropartners.com\/wp-content\/uploads\/2024\/05\/Featured_how-to-add-risk-warnings.png\" \/>\n\t<meta property=\"og:image:width\" content=\"1200\" \/>\n\t<meta property=\"og:image:height\" content=\"630\" \/>\n\t<meta property=\"og:image:type\" content=\"image\/png\" \/>\n<meta name=\"twitter:card\" content=\"summary_large_image\" \/>\n<meta name=\"twitter:label1\" content=\"Ber\u00e4knad l\u00e4stid\" \/>\n\t<meta name=\"twitter:data1\" content=\"3 minuter\" \/>\n<script type=\"application\/ld+json\" class=\"yoast-schema-graph\">{\"@context\":\"https:\\\/\\\/schema.org\",\"@graph\":[{\"@type\":\"WebPage\",\"@id\":\"https:\\\/\\\/etoropartners.com\\\/sv\\\/how-to-add-risk-warnings\\\/\",\"url\":\"https:\\\/\\\/etoropartners.com\\\/sv\\\/how-to-add-risk-warnings\\\/\",\"name\":\"Hur man l\u00e4gger till riskvarningar\",\"isPartOf\":{\"@id\":\"https:\\\/\\\/etoropartners.com\\\/sv\\\/#website\"},\"primaryImageOfPage\":{\"@id\":\"https:\\\/\\\/etoropartners.com\\\/sv\\\/how-to-add-risk-warnings\\\/#primaryimage\"},\"image\":{\"@id\":\"https:\\\/\\\/etoropartners.com\\\/sv\\\/how-to-add-risk-warnings\\\/#primaryimage\"},\"thumbnailUrl\":\"https:\\\/\\\/etoropartners.com\\\/wp-content\\\/uploads\\\/2024\\\/05\\\/Featured_how-to-add-risk-warnings.png\",\"datePublished\":\"2024-05-22T08:54:03+00:00\",\"dateModified\":\"2024-08-26T09:19:30+00:00\",\"description\":\"\\\"Riskvarningar m\u00e5ste vara v\u00e4l synliga s\u00e5 att konsumenterna l\u00e4tt kan l\u00e4sa och f\u00f6rst\u00e5, var ska de placeras?\\\"\",\"breadcrumb\":{\"@id\":\"https:\\\/\\\/etoropartners.com\\\/sv\\\/how-to-add-risk-warnings\\\/#breadcrumb\"},\"inLanguage\":\"sv-SE\",\"potentialAction\":[{\"@type\":\"ReadAction\",\"target\":[\"https:\\\/\\\/etoropartners.com\\\/sv\\\/how-to-add-risk-warnings\\\/\"]}]},{\"@type\":\"ImageObject\",\"inLanguage\":\"sv-SE\",\"@id\":\"https:\\\/\\\/etoropartners.com\\\/sv\\\/how-to-add-risk-warnings\\\/#primaryimage\",\"url\":\"https:\\\/\\\/etoropartners.com\\\/wp-content\\\/uploads\\\/2024\\\/05\\\/Featured_how-to-add-risk-warnings.png\",\"contentUrl\":\"https:\\\/\\\/etoropartners.com\\\/wp-content\\\/uploads\\\/2024\\\/05\\\/Featured_how-to-add-risk-warnings.png\",\"width\":1200,\"height\":630},{\"@type\":\"BreadcrumbList\",\"@id\":\"https:\\\/\\\/etoropartners.com\\\/sv\\\/how-to-add-risk-warnings\\\/#breadcrumb\",\"itemListElement\":[{\"@type\":\"ListItem\",\"position\":1,\"name\":\"Home\",\"item\":\"https:\\\/\\\/etoropartners.wpengine.com\\\/sv\\\/\"},{\"@type\":\"ListItem\",\"position\":2,\"name\":\"How to add risk warnings\"}]},{\"@type\":\"WebSite\",\"@id\":\"https:\\\/\\\/etoropartners.com\\\/sv\\\/#website\",\"url\":\"https:\\\/\\\/etoropartners.com\\\/sv\\\/\",\"name\":\"eToro Partners\",\"description\":\"\",\"potentialAction\":[{\"@type\":\"SearchAction\",\"target\":{\"@type\":\"EntryPoint\",\"urlTemplate\":\"https:\\\/\\\/etoropartners.com\\\/sv\\\/?s={search_term_string}\"},\"query-input\":{\"@type\":\"PropertyValueSpecification\",\"valueRequired\":true,\"valueName\":\"search_term_string\"}}],\"inLanguage\":\"sv-SE\"}]}<\/script>\n<!-- \/ Yoast SEO plugin. -->","yoast_head_json":{"title":"Hur man l\u00e4gger till riskvarningar","description":"\"Riskvarningar m\u00e5ste vara v\u00e4l synliga s\u00e5 att konsumenterna l\u00e4tt kan l\u00e4sa och f\u00f6rst\u00e5, var ska de placeras?\"","robots":{"index":"index","follow":"follow","max-snippet":"max-snippet:-1","max-image-preview":"max-image-preview:large","max-video-preview":"max-video-preview:-1"},"canonical":"https:\/\/etoropartners.com\/sv\/how-to-add-risk-warnings\/","og_locale":"sv_SE","og_type":"article","og_title":"Hur man l\u00e4gger till riskvarningar","og_description":"\"Riskvarningar m\u00e5ste vara v\u00e4l synliga s\u00e5 att konsumenterna l\u00e4tt kan l\u00e4sa och f\u00f6rst\u00e5, var ska de placeras?\"","og_url":"https:\/\/etoropartners.com\/sv\/how-to-add-risk-warnings\/","og_site_name":"eToro Partners","article_modified_time":"2024-08-26T09:19:30+00:00","og_image":[{"width":1200,"height":630,"url":"https:\/\/etoropartners.com\/wp-content\/uploads\/2024\/05\/Featured_how-to-add-risk-warnings.png","type":"image\/png"}],"twitter_card":"summary_large_image","twitter_misc":{"Ber\u00e4knad l\u00e4stid":"3 minuter"},"schema":{"@context":"https:\/\/schema.org","@graph":[{"@type":"WebPage","@id":"https:\/\/etoropartners.com\/sv\/how-to-add-risk-warnings\/","url":"https:\/\/etoropartners.com\/sv\/how-to-add-risk-warnings\/","name":"Hur man l\u00e4gger till riskvarningar","isPartOf":{"@id":"https:\/\/etoropartners.com\/sv\/#website"},"primaryImageOfPage":{"@id":"https:\/\/etoropartners.com\/sv\/how-to-add-risk-warnings\/#primaryimage"},"image":{"@id":"https:\/\/etoropartners.com\/sv\/how-to-add-risk-warnings\/#primaryimage"},"thumbnailUrl":"https:\/\/etoropartners.com\/wp-content\/uploads\/2024\/05\/Featured_how-to-add-risk-warnings.png","datePublished":"2024-05-22T08:54:03+00:00","dateModified":"2024-08-26T09:19:30+00:00","description":"\"Riskvarningar m\u00e5ste vara v\u00e4l synliga s\u00e5 att konsumenterna l\u00e4tt kan l\u00e4sa och f\u00f6rst\u00e5, var ska de placeras?\"","breadcrumb":{"@id":"https:\/\/etoropartners.com\/sv\/how-to-add-risk-warnings\/#breadcrumb"},"inLanguage":"sv-SE","potentialAction":[{"@type":"ReadAction","target":["https:\/\/etoropartners.com\/sv\/how-to-add-risk-warnings\/"]}]},{"@type":"ImageObject","inLanguage":"sv-SE","@id":"https:\/\/etoropartners.com\/sv\/how-to-add-risk-warnings\/#primaryimage","url":"https:\/\/etoropartners.com\/wp-content\/uploads\/2024\/05\/Featured_how-to-add-risk-warnings.png","contentUrl":"https:\/\/etoropartners.com\/wp-content\/uploads\/2024\/05\/Featured_how-to-add-risk-warnings.png","width":1200,"height":630},{"@type":"BreadcrumbList","@id":"https:\/\/etoropartners.com\/sv\/how-to-add-risk-warnings\/#breadcrumb","itemListElement":[{"@type":"ListItem","position":1,"name":"Home","item":"https:\/\/etoropartners.wpengine.com\/sv\/"},{"@type":"ListItem","position":2,"name":"How to add risk warnings"}]},{"@type":"WebSite","@id":"https:\/\/etoropartners.com\/sv\/#website","url":"https:\/\/etoropartners.com\/sv\/","name":"eToro Partners","description":"","potentialAction":[{"@type":"SearchAction","target":{"@type":"EntryPoint","urlTemplate":"https:\/\/etoropartners.com\/sv\/?s={search_term_string}"},"query-input":{"@type":"PropertyValueSpecification","valueRequired":true,"valueName":"search_term_string"}}],"inLanguage":"sv-SE"}]}},"_links":{"self":[{"href":"https:\/\/etoropartners.com\/sv\/wp-json\/wp\/v2\/pages\/8791","targetHints":{"allow":["GET"]}}],"collection":[{"href":"https:\/\/etoropartners.com\/sv\/wp-json\/wp\/v2\/pages"}],"about":[{"href":"https:\/\/etoropartners.com\/sv\/wp-json\/wp\/v2\/types\/page"}],"author":[{"embeddable":true,"href":"https:\/\/etoropartners.com\/sv\/wp-json\/wp\/v2\/users\/11"}],"replies":[{"embeddable":true,"href":"https:\/\/etoropartners.com\/sv\/wp-json\/wp\/v2\/comments?post=8791"}],"version-history":[{"count":0,"href":"https:\/\/etoropartners.com\/sv\/wp-json\/wp\/v2\/pages\/8791\/revisions"}],"wp:featuredmedia":[{"embeddable":true,"href":"https:\/\/etoropartners.com\/sv\/wp-json\/wp\/v2\/media\/8175"}],"wp:attachment":[{"href":"https:\/\/etoropartners.com\/sv\/wp-json\/wp\/v2\/media?parent=8791"}],"curies":[{"name":"wp","href":"https:\/\/api.w.org\/{rel}","templated":true}]}}