{"id":8760,"date":"2024-05-22T11:00:34","date_gmt":"2024-05-22T09:00:34","guid":{"rendered":"https:\/\/etoropartners.com\/investment-advice\/"},"modified":"2024-08-26T15:47:35","modified_gmt":"2024-08-26T13:47:35","slug":"investeringsradgivning","status":"publish","type":"page","link":"https:\/\/etoropartners.com\/sv\/investeringsradgivning\/","title":{"rendered":"Investeringsr\u00e5dgivning"},"content":{"rendered":"\n<section class=\"wp-block-group wp-block-group-boxed wp-block-group-small-top-padding wp-block-group-small-bottom-padding\"><div class=\"wp-block-group-inner is-layout-flow wp-block-group-is-layout-flow\">\n<div class=\"wp-block-columns are-vertically-aligned-top wp-block-columns-1 is-layout-flex wp-container-core-columns-is-layout-9d6595d7 wp-block-columns-is-layout-flex\">\n<div class=\"wp-block-column wp-block-column-align-desktop-center wp-block-column-align-mobile-center is-layout-flow wp-block-column-is-layout-flow\">\n<h2 class=\"wp-block-heading has-text-align-center\">Investeringsr\u00e5dgivning<\/h2>\n<\/div>\n<\/div>\n\n\n\n<figure class=\"wp-block-image size-full\"><img loading=\"lazy\" decoding=\"async\" width=\"1600\" height=\"400\" src=\"https:\/\/etoropartners.com\/wp-content\/uploads\/2024\/05\/Cover_Investment-advice.jpg\" alt=\"\" class=\"wp-image-8208 wp-image-desktop\" srcset=\"https:\/\/etoropartners.com\/wp-content\/uploads\/2024\/05\/Cover_Investment-advice.jpg 1600w, https:\/\/etoropartners.com\/wp-content\/uploads\/2024\/05\/Cover_Investment-advice-300x75.jpg 300w, https:\/\/etoropartners.com\/wp-content\/uploads\/2024\/05\/Cover_Investment-advice-1024x256.jpg 1024w, https:\/\/etoropartners.com\/wp-content\/uploads\/2024\/05\/Cover_Investment-advice-768x192.jpg 768w, https:\/\/etoropartners.com\/wp-content\/uploads\/2024\/05\/Cover_Investment-advice-1536x384.jpg 1536w\" sizes=\"auto, (max-width: 1600px) 100vw, 1600px\" \/><\/figure>\n<\/div><\/section>\n\n\n\n<section class=\"wp-block-group wp-block-group-boxed wp-block-group-small-top-padding wp-block-group-small-bottom-padding\"><div class=\"wp-block-group-inner is-layout-flow wp-block-group-is-layout-flow\">\n<div class=\"wp-block-columns are-vertically-aligned-top wp-block-columns-1 is-layout-flex wp-container-core-columns-is-layout-9d6595d7 wp-block-columns-is-layout-flex\">\n<div class=\"wp-block-column is-layout-flow wp-block-column-is-layout-flow\">\n<p>Det \u00e4r INTE till\u00e5tet att erbjuda investeringsr\u00e5dgivning, men vad \u00e4r investeringsr\u00e5dgivning?<br><\/p>\n\n\n\n<p class=\"is-style-heading-2\">Vad betraktas som investeringsr\u00e5dgivning?<\/p>\n\n\n\n<p>Investeringsr\u00e5dgivning \u00e4r varje rekommendation eller v\u00e4gledning som syftar till att utbilda, informera eller v\u00e4gleda en investerare avseende en viss investeringsprodukt eller serie av produkter.<\/p>\n\n\n\n<p>Det \u00e4r inte till\u00e5tet att ge bes\u00f6kare r\u00e5d om att k\u00f6pa ett instrument eller att rekommendera en viss investering, underf\u00f6rst\u00e5tt eller uttryckligen.&nbsp;<\/p>\n\n\n\n<p>Analys av eller prognos f\u00f6r instrument kan dock tillhandah\u00e5llas som investeringsanalys och m\u00e5ste vara generiska, baserade p\u00e5 offentlig information och inte riktade till en viss person eller grupp av personer.<\/p>\n\n\n\n<p class=\"is-style-heading-2\"><strong>Riskvarning<\/strong><\/p>\n\n\n\n<p>N\u00e4r du skriver en analys av eller prognos f\u00f6r ett instrument m\u00e5ste f\u00f6ljande ansvarsfriskrivning l\u00e4ggas till (ut\u00f6ver de riskvarningar som du hittar i avsnittet om riskvarningar i <a href=\"https:\/\/etoropartners.com\/sv\/guidelines\/\">riktlinjerna<\/a>):<\/p>\n\n\n\n<p>Detta meddelande \u00e4r endast avsett f\u00f6r informations- och utbildnings\u00e4ndam\u00e5l och ska inte uppfattas som investeringsr\u00e5dgivning, en personlig rekommendation eller ett erbjudande om, eller uppmaning att, k\u00f6pa eller s\u00e4lja n\u00e5gra finansiella instrument. <strong>Detta material har utarbetats utan h\u00e4nsyn till en viss mottagares investeringsm\u00e5l eller finansiella situation, och har inte utarbetats i enlighet med lagar och andra f\u00f6rfattningar f\u00f6r att fr\u00e4mja oberoende efterforskning och analys<\/strong>. Alla h\u00e4nvisningar till tidigare eller framtida resultat f\u00f6r ett finansiellt instrument, index eller en paketerad investeringsprodukt \u00e4r inte, och ska inte ses som, en tillf\u00f6rlitlig indikator p\u00e5 framtida resultat. eToro g\u00f6r inga utf\u00e4stelser och tar inget ansvar f\u00f6r att inneh\u00e5llet i denna publikation \u00e4r korrekt eller fullst\u00e4ndigt.<\/p>\n\n\n\n<p class=\"is-style-heading-2\">V\u00e4nligen var uppm\u00e4rksam p\u00e5 detta<\/p>\n\n\n\n<p><strong>USA: <\/strong>I USA f\u00e5r du inte marknadsf\u00f6ra eToro i prisprognoser. Det \u00e4r till\u00e5tet att marknadsf\u00f6ra eToro i instrumentanalyser som inte inneh\u00e5ller en prognos.&nbsp;<\/p>\n\n\n\n<p><strong>Norge och Schweiz:<\/strong> I Norge och Schweiz \u00e4r det inte till\u00e5tet att n\u00e4mna n\u00e5got specifikt instrument. eToro f\u00e5r inte heller marknadsf\u00f6ras i n\u00e5gon artikel som n\u00e4mner specifika instrument. Du f\u00e5r n\u00e4mna instrumentgrupper som aktier, CFD:er eller kryptovalutor, men inte specifika tillg\u00e5ngar som Tesla eller Apple.<\/p>\n\n\n\n<p>I tveksamma fall, kontakta din Affiliate Manager eller <a href=\"mailto:lioraed@etoro.com\">Liora Edelstein<\/a>, eller boka ett <a href=\"https:\/\/calendly.com\/lioraed\">m\u00f6te<\/a>.<\/p>\n<\/div>\n<\/div>\n<\/div><\/section>\n","protected":false},"excerpt":{"rendered":"<p>Investeringsr\u00e5dgivning Det \u00e4r INTE till\u00e5tet att erbjuda investeringsr\u00e5dgivning, men vad \u00e4r investeringsr\u00e5dgivning? Vad betraktas som investeringsr\u00e5dgivning? Investeringsr\u00e5dgivning \u00e4r varje rekommendation eller v\u00e4gledning som syftar till att utbilda, informera eller v\u00e4gleda en investerare avseende en viss investeringsprodukt eller serie av produkter. Det \u00e4r inte till\u00e5tet att ge bes\u00f6kare r\u00e5d om att k\u00f6pa ett instrument eller att [&hellip;]<\/p>\n","protected":false},"author":11,"featured_media":8207,"parent":0,"menu_order":0,"comment_status":"closed","ping_status":"closed","template":"","meta":{"_acf_changed":false,"sticky_cta_settings":"","footnotes":""},"class_list":["post-8760","page","type-page","status-publish","has-post-thumbnail","hentry"],"acf":[],"yoast_head":"<!-- This site is optimized with the Yoast SEO plugin v27.3 - https:\/\/yoast.com\/product\/yoast-seo-wordpress\/ -->\n<title>Investeringsr\u00e5dgivning<\/title>\n<meta name=\"description\" content=\"Det \u00e4r INTE till\u00e5tet att erbjuda investeringsr\u00e5dgivning, men vad \u00e4r investeringsr\u00e5dgivning?\" \/>\n<meta name=\"robots\" content=\"index, follow, max-snippet:-1, max-image-preview:large, max-video-preview:-1\" \/>\n<link rel=\"canonical\" href=\"https:\/\/etoropartners.com\/sv\/investeringsradgivning\/\" \/>\n<meta property=\"og:locale\" content=\"sv_SE\" \/>\n<meta property=\"og:type\" content=\"article\" \/>\n<meta property=\"og:title\" content=\"Investeringsr\u00e5dgivning\" \/>\n<meta property=\"og:description\" content=\"Det \u00e4r INTE till\u00e5tet att erbjuda investeringsr\u00e5dgivning, men vad \u00e4r investeringsr\u00e5dgivning?\" \/>\n<meta property=\"og:url\" content=\"https:\/\/etoropartners.com\/sv\/investeringsradgivning\/\" \/>\n<meta property=\"og:site_name\" content=\"eToro Partners\" \/>\n<meta property=\"article:modified_time\" content=\"2024-08-26T13:47:35+00:00\" \/>\n<meta property=\"og:image\" content=\"https:\/\/etoropartners.com\/wp-content\/uploads\/2024\/05\/Featured_Investment-advice.png\" \/>\n\t<meta property=\"og:image:width\" content=\"1200\" \/>\n\t<meta property=\"og:image:height\" content=\"630\" \/>\n\t<meta property=\"og:image:type\" content=\"image\/png\" \/>\n<meta name=\"twitter:card\" content=\"summary_large_image\" \/>\n<meta name=\"twitter:label1\" content=\"Ber\u00e4knad l\u00e4stid\" \/>\n\t<meta name=\"twitter:data1\" content=\"2 minuter\" \/>\n<script type=\"application\/ld+json\" class=\"yoast-schema-graph\">{\"@context\":\"https:\\\/\\\/schema.org\",\"@graph\":[{\"@type\":\"WebPage\",\"@id\":\"https:\\\/\\\/etoropartners.com\\\/sv\\\/investeringsradgivning\\\/\",\"url\":\"https:\\\/\\\/etoropartners.com\\\/sv\\\/investeringsradgivning\\\/\",\"name\":\"Investeringsr\u00e5dgivning\",\"isPartOf\":{\"@id\":\"https:\\\/\\\/etoropartners.com\\\/sv\\\/#website\"},\"primaryImageOfPage\":{\"@id\":\"https:\\\/\\\/etoropartners.com\\\/sv\\\/investeringsradgivning\\\/#primaryimage\"},\"image\":{\"@id\":\"https:\\\/\\\/etoropartners.com\\\/sv\\\/investeringsradgivning\\\/#primaryimage\"},\"thumbnailUrl\":\"https:\\\/\\\/etoropartners.com\\\/wp-content\\\/uploads\\\/2024\\\/05\\\/Featured_Investment-advice.png\",\"datePublished\":\"2024-05-22T09:00:34+00:00\",\"dateModified\":\"2024-08-26T13:47:35+00:00\",\"description\":\"Det \u00e4r INTE till\u00e5tet att erbjuda investeringsr\u00e5dgivning, men vad \u00e4r investeringsr\u00e5dgivning?\",\"breadcrumb\":{\"@id\":\"https:\\\/\\\/etoropartners.com\\\/sv\\\/investeringsradgivning\\\/#breadcrumb\"},\"inLanguage\":\"sv-SE\",\"potentialAction\":[{\"@type\":\"ReadAction\",\"target\":[\"https:\\\/\\\/etoropartners.com\\\/sv\\\/investeringsradgivning\\\/\"]}]},{\"@type\":\"ImageObject\",\"inLanguage\":\"sv-SE\",\"@id\":\"https:\\\/\\\/etoropartners.com\\\/sv\\\/investeringsradgivning\\\/#primaryimage\",\"url\":\"https:\\\/\\\/etoropartners.com\\\/wp-content\\\/uploads\\\/2024\\\/05\\\/Featured_Investment-advice.png\",\"contentUrl\":\"https:\\\/\\\/etoropartners.com\\\/wp-content\\\/uploads\\\/2024\\\/05\\\/Featured_Investment-advice.png\",\"width\":1200,\"height\":630},{\"@type\":\"BreadcrumbList\",\"@id\":\"https:\\\/\\\/etoropartners.com\\\/sv\\\/investeringsradgivning\\\/#breadcrumb\",\"itemListElement\":[{\"@type\":\"ListItem\",\"position\":1,\"name\":\"Home\",\"item\":\"https:\\\/\\\/etoropartners.wpengine.com\\\/sv\\\/\"},{\"@type\":\"ListItem\",\"position\":2,\"name\":\"Investeringsr\u00e5dgivning\"}]},{\"@type\":\"WebSite\",\"@id\":\"https:\\\/\\\/etoropartners.com\\\/sv\\\/#website\",\"url\":\"https:\\\/\\\/etoropartners.com\\\/sv\\\/\",\"name\":\"eToro Partners\",\"description\":\"\",\"potentialAction\":[{\"@type\":\"SearchAction\",\"target\":{\"@type\":\"EntryPoint\",\"urlTemplate\":\"https:\\\/\\\/etoropartners.com\\\/sv\\\/?s={search_term_string}\"},\"query-input\":{\"@type\":\"PropertyValueSpecification\",\"valueRequired\":true,\"valueName\":\"search_term_string\"}}],\"inLanguage\":\"sv-SE\"}]}<\/script>\n<!-- \/ Yoast SEO plugin. -->","yoast_head_json":{"title":"Investeringsr\u00e5dgivning","description":"Det \u00e4r INTE till\u00e5tet att erbjuda investeringsr\u00e5dgivning, men vad \u00e4r investeringsr\u00e5dgivning?","robots":{"index":"index","follow":"follow","max-snippet":"max-snippet:-1","max-image-preview":"max-image-preview:large","max-video-preview":"max-video-preview:-1"},"canonical":"https:\/\/etoropartners.com\/sv\/investeringsradgivning\/","og_locale":"sv_SE","og_type":"article","og_title":"Investeringsr\u00e5dgivning","og_description":"Det \u00e4r INTE till\u00e5tet att erbjuda investeringsr\u00e5dgivning, men vad \u00e4r investeringsr\u00e5dgivning?","og_url":"https:\/\/etoropartners.com\/sv\/investeringsradgivning\/","og_site_name":"eToro Partners","article_modified_time":"2024-08-26T13:47:35+00:00","og_image":[{"width":1200,"height":630,"url":"https:\/\/etoropartners.com\/wp-content\/uploads\/2024\/05\/Featured_Investment-advice.png","type":"image\/png"}],"twitter_card":"summary_large_image","twitter_misc":{"Ber\u00e4knad l\u00e4stid":"2 minuter"},"schema":{"@context":"https:\/\/schema.org","@graph":[{"@type":"WebPage","@id":"https:\/\/etoropartners.com\/sv\/investeringsradgivning\/","url":"https:\/\/etoropartners.com\/sv\/investeringsradgivning\/","name":"Investeringsr\u00e5dgivning","isPartOf":{"@id":"https:\/\/etoropartners.com\/sv\/#website"},"primaryImageOfPage":{"@id":"https:\/\/etoropartners.com\/sv\/investeringsradgivning\/#primaryimage"},"image":{"@id":"https:\/\/etoropartners.com\/sv\/investeringsradgivning\/#primaryimage"},"thumbnailUrl":"https:\/\/etoropartners.com\/wp-content\/uploads\/2024\/05\/Featured_Investment-advice.png","datePublished":"2024-05-22T09:00:34+00:00","dateModified":"2024-08-26T13:47:35+00:00","description":"Det \u00e4r INTE till\u00e5tet att erbjuda investeringsr\u00e5dgivning, men vad \u00e4r investeringsr\u00e5dgivning?","breadcrumb":{"@id":"https:\/\/etoropartners.com\/sv\/investeringsradgivning\/#breadcrumb"},"inLanguage":"sv-SE","potentialAction":[{"@type":"ReadAction","target":["https:\/\/etoropartners.com\/sv\/investeringsradgivning\/"]}]},{"@type":"ImageObject","inLanguage":"sv-SE","@id":"https:\/\/etoropartners.com\/sv\/investeringsradgivning\/#primaryimage","url":"https:\/\/etoropartners.com\/wp-content\/uploads\/2024\/05\/Featured_Investment-advice.png","contentUrl":"https:\/\/etoropartners.com\/wp-content\/uploads\/2024\/05\/Featured_Investment-advice.png","width":1200,"height":630},{"@type":"BreadcrumbList","@id":"https:\/\/etoropartners.com\/sv\/investeringsradgivning\/#breadcrumb","itemListElement":[{"@type":"ListItem","position":1,"name":"Home","item":"https:\/\/etoropartners.wpengine.com\/sv\/"},{"@type":"ListItem","position":2,"name":"Investeringsr\u00e5dgivning"}]},{"@type":"WebSite","@id":"https:\/\/etoropartners.com\/sv\/#website","url":"https:\/\/etoropartners.com\/sv\/","name":"eToro Partners","description":"","potentialAction":[{"@type":"SearchAction","target":{"@type":"EntryPoint","urlTemplate":"https:\/\/etoropartners.com\/sv\/?s={search_term_string}"},"query-input":{"@type":"PropertyValueSpecification","valueRequired":true,"valueName":"search_term_string"}}],"inLanguage":"sv-SE"}]}},"_links":{"self":[{"href":"https:\/\/etoropartners.com\/sv\/wp-json\/wp\/v2\/pages\/8760","targetHints":{"allow":["GET"]}}],"collection":[{"href":"https:\/\/etoropartners.com\/sv\/wp-json\/wp\/v2\/pages"}],"about":[{"href":"https:\/\/etoropartners.com\/sv\/wp-json\/wp\/v2\/types\/page"}],"author":[{"embeddable":true,"href":"https:\/\/etoropartners.com\/sv\/wp-json\/wp\/v2\/users\/11"}],"replies":[{"embeddable":true,"href":"https:\/\/etoropartners.com\/sv\/wp-json\/wp\/v2\/comments?post=8760"}],"version-history":[{"count":0,"href":"https:\/\/etoropartners.com\/sv\/wp-json\/wp\/v2\/pages\/8760\/revisions"}],"wp:featuredmedia":[{"embeddable":true,"href":"https:\/\/etoropartners.com\/sv\/wp-json\/wp\/v2\/media\/8207"}],"wp:attachment":[{"href":"https:\/\/etoropartners.com\/sv\/wp-json\/wp\/v2\/media?parent=8760"}],"curies":[{"name":"wp","href":"https:\/\/api.w.org\/{rel}","templated":true}]}}