{"id":8742,"date":"2024-05-22T09:50:03","date_gmt":"2024-05-22T07:50:03","guid":{"rendered":"https:\/\/etoropartners.com\/be-accurate\/"},"modified":"2024-08-21T15:49:28","modified_gmt":"2024-08-21T13:49:28","slug":"be-accurate","status":"publish","type":"page","link":"https:\/\/etoropartners.com\/sv\/be-accurate\/","title":{"rendered":"How to be accurate, balanced, and not misleading"},"content":{"rendered":"\n<section class=\"wp-block-group wp-block-group-boxed wp-block-group-small-top-padding wp-block-group-small-bottom-padding\"><div class=\"wp-block-group-inner is-layout-flow wp-block-group-is-layout-flow\">\n<div class=\"wp-block-columns are-vertically-aligned-top wp-block-columns-1 is-layout-flex wp-container-core-columns-is-layout-9d6595d7 wp-block-columns-is-layout-flex\">\n<div class=\"wp-block-column wp-block-column-align-desktop-center wp-block-column-align-mobile-center is-layout-flow wp-block-column-is-layout-flow\">\n<h2 class=\"wp-block-heading has-text-align-center\">Hur man \u00e4r korrekt, balanserad och inte vilseledande<\/h2>\n\n\n\n<figure class=\"wp-block-image size-full\"><img loading=\"lazy\" decoding=\"async\" width=\"1600\" height=\"400\" src=\"https:\/\/etoropartners.com\/wp-content\/uploads\/2024\/05\/Cover_be-accurate.jpg\" alt=\"\" class=\"wp-image-8091 wp-image-desktop\" srcset=\"https:\/\/etoropartners.com\/wp-content\/uploads\/2024\/05\/Cover_be-accurate.jpg 1600w, https:\/\/etoropartners.com\/wp-content\/uploads\/2024\/05\/Cover_be-accurate-300x75.jpg 300w, https:\/\/etoropartners.com\/wp-content\/uploads\/2024\/05\/Cover_be-accurate-1024x256.jpg 1024w, https:\/\/etoropartners.com\/wp-content\/uploads\/2024\/05\/Cover_be-accurate-768x192.jpg 768w, https:\/\/etoropartners.com\/wp-content\/uploads\/2024\/05\/Cover_be-accurate-1536x384.jpg 1536w\" sizes=\"auto, (max-width: 1600px) 100vw, 1600px\" \/><\/figure>\n<\/div>\n<\/div>\n<\/div><\/section>\n\n\n\n<section class=\"wp-block-group wp-block-group-boxed wp-block-group-small-top-padding wp-block-group-small-bottom-padding\"><div class=\"wp-block-group-inner is-layout-flow wp-block-group-is-layout-flow\">\n<div class=\"wp-block-columns are-vertically-aligned-top wp-block-columns-1 is-layout-flex wp-container-core-columns-is-layout-9d6595d7 wp-block-columns-is-layout-flex\">\n<div class=\"wp-block-column is-layout-flow wp-block-column-is-layout-flow\">\n<p>En av huvudreglerna f\u00f6r regelefterlevnad s\u00e4ger att din marknadsf\u00f6ring m\u00e5ste vara korrekt, balanserad och inte vilseledande. Nedan f\u00f6ljer n\u00e5gra exempel som illustrerar exakt vad detta inneb\u00e4r.\u00a0<\/p>\n\n\n\n<p class=\"is-style-heading-2\"><br>4 saker du b\u00f6r vara noggrann med:<\/p>\n\n\n\n<p><br>1. Utge dig inte f\u00f6r att vara n\u00e5gon annan: S\u00e4g inte att du representerar eToro eller anv\u00e4nd eToro i ditt dom\u00e4nnamn.<\/p>\n\n\n\n<p>2. Framst\u00e4ll inte eToro som ett lokalt varum\u00e4rke n\u00e4r det inte \u00e4r det. Till exempel: &#8221;Den b\u00e4sta svenska b\u00f6rsm\u00e4klaren&#8221;: En mening som &#8221;Den b\u00e4sta svenska b\u00f6rsm\u00e4klaren&#8221; \u00e4r inte f\u00f6renlig med reglerna. \u00c4ven om eToro kan vara tillg\u00e4ngligt i Sverige \u00e4r det inte en svensk b\u00f6rsm\u00e4klare, s\u00e5 undvik att beskriva det som s\u00e5dant.<\/p>\n\n\n\n<p>3. Marknadsf\u00f6r inte instrument, kampanjer eller betalningsmetoder som inte \u00e4r tillg\u00e4ngliga.<\/p>\n\n\n\n<p>4. Var noggrann med betalningsalternativ, avgifter och maximal h\u00e4vst\u00e5ng (beroende p\u00e5 den underliggande tillg\u00e5ngen) och se till att kontrollera avgiftstabellen p\u00e5 eToros webbplats f\u00f6r den mest aktuella informationen.<\/p>\n\n\n\n<p>Du kan hitta l\u00e4nkar till all information du beh\u00f6ver f\u00f6r att skriva korrekta kampanjer i avsnittet <a href=\"https:\/\/etoropartners.com\/sv\/find-out-more\/\">&#8221;Ta reda p\u00e5 mer&#8221;<\/a> p\u00e5 eToro Partners-sidan.<\/p>\n<\/div>\n<\/div>\n<\/div><\/section>\n\n\n\n<section class=\"wp-block-group wp-block-group-boxed wp-block-group-small-top-padding wp-block-group-small-bottom-padding\"><div class=\"wp-block-group-inner is-layout-flow wp-block-group-is-layout-flow\">\n<div class=\"wp-block-columns are-vertically-aligned-top wp-block-columns-1 is-layout-flex wp-container-core-columns-is-layout-9d6595d7 wp-block-columns-is-layout-flex\">\n<div class=\"wp-block-column wp-block-column-align-desktop-center wp-block-column-align-mobile-center is-layout-flow wp-block-column-is-layout-flow\">\n<figure class=\"wp-block-embed is-type-rich is-provider-embed-handler wp-block-embed-embed-handler wp-embed-aspect-16-9 wp-has-aspect-ratio\"><div class=\"wp-block-embed__wrapper\">\n<div class=\"ec-video\"><iframe loading=\"lazy\" title=\"Compliance training video 2 - 16:9 - How to be accurate, fair, not misleading\" width=\"500\" height=\"281\" src=\"https:\/\/www.youtube.com\/embed\/Im2UgdX05dg?feature=oembed\" frameborder=\"0\" allow=\"accelerometer; autoplay; clipboard-write; encrypted-media; gyroscope; picture-in-picture; web-share\" referrerpolicy=\"strict-origin-when-cross-origin\" allowfullscreen><\/iframe><\/div>\n<\/div><\/figure>\n<\/div>\n<\/div>\n<\/div><\/section>\n\n\n\n<section class=\"wp-block-group wp-block-group-boxed wp-block-group-small-top-padding wp-block-group-small-bottom-padding\"><div class=\"wp-block-group-inner is-layout-flow wp-block-group-is-layout-flow\">\n<div class=\"wp-block-columns are-vertically-aligned-top wp-block-columns-1 is-layout-flex wp-container-core-columns-is-layout-9d6595d7 wp-block-columns-is-layout-flex\">\n<div class=\"wp-block-column is-layout-flow wp-block-column-is-layout-flow\">\n<p class=\"is-style-heading-2\">Din marknadsf\u00f6ring ska vara balanserad:<\/p>\n\n\n\n<p>1. Se till att ditt budskap \u00e4r balanserat: N\u00e4r du n\u00e4mner m\u00f6jliga vinster, ta alltid med de risker och m\u00f6jliga f\u00f6rluster som \u00e4r f\u00f6rknippade med dem. P\u00e5 samma s\u00e4tt, om du n\u00e4mner att h\u00e4vst\u00e5ng kan anv\u00e4ndas f\u00f6r att maximera vinster, ska du \u00e4ven n\u00e4mna att den ocks\u00e5 maximerar potentiella f\u00f6rluster.&nbsp;<\/p>\n\n\n\n<p>2. Anv\u00e4nd inte bilder f\u00f6r att antyda vinster, t.ex. pengar, lyxbilar etc.&nbsp;<\/p>\n\n\n\n<p>3. N\u00e4r du marknadsf\u00f6r Popular Investors&nbsp; ska du inte h\u00e4nvisa till dem som &#8221;professionella investerare&#8221; eller &#8221;v\u00e4rldens b\u00e4sta investerare&#8221;. Du kan anv\u00e4nda mer exakta beskrivningar, till exempel &#8221;de b\u00e4sta investerarna p\u00e5 eToro&#8221; eller &#8221;erfarna investerare&#8221; eller &#8221;toppresterande investerare&#8221;.<\/p>\n\n\n\n<p>4. N\u00e4r du marknadsf\u00f6r CopyTrading, anv\u00e4nd inte uttryck som &#8221;du beh\u00f6ver ingen kunskap&#8221; eller &#8221;luta dig tillbaka och koppla av medan andra g\u00f6r jobbet \u00e5t dig\u201d. Kom ih\u00e5g att CopyTrading fortfarande \u00e4r handel och att risker och f\u00f6rluster fortfarande kan uppst\u00e5.<\/p>\n\n\n\n<p>5. Undvik att h\u00e4nvisa till aktiemarknaden som &#8221;l\u00e4tt&#8221;. Det \u00e4r inte l\u00e4tt att investera, s\u00e5 undvik att skriva meningar som &#8221;Det \u00e4r l\u00e4tt att investera p\u00e5 eToro&#8221; eller &#8221;eToro \u00e4r f\u00f6r nyb\u00f6rjare&#8221;. Ist\u00e4llet kan du lyfta fram att eToro \u00e4r anv\u00e4ndarv\u00e4nligt med en intuitiv plattform.<\/p>\n\n\n\n<p class=\"is-style-heading-2\"><br><br>Sist men inte minst \u2013 var inte vilseledande.<\/p>\n\n\n\n<p>Om n\u00e5got varken \u00e4r tydligt eller balanserat \u00e4r det sannolikt att det vilseleder en kund att fatta ett k\u00f6pbeslut. S\u00e5 undvik att anv\u00e4nda meningar som:<\/p>\n\n\n\n<ul class=\"wp-block-list wp-block-list wp-block-list-circle\">\n<li>&#8221;Det har aldrig varit s\u00e5 enkelt att investera&#8221;<\/li>\n\n\n\n<li>&#8221;Starta din karri\u00e4r som trader redan nu&#8221;<\/li>\n\n\n\n<li>&#8221;Du kan anv\u00e4nda investeringar f\u00f6r att skapa en sidoinkomst och betala av dina skulder snabbare.&#8221;\u00a0<\/li>\n<\/ul>\n\n\n\n<p>Sammanfattningsvis, kom ih\u00e5g att regelefterlevnad kan vara en utmaning, s\u00e5 om du \u00e4r os\u00e4ker, kontakta din Affiliate Manager eller boka ett privat m\u00f6te f\u00f6r att diskutera regelefterlevnadsfr\u00e5gor via Calendly.\u00a0<br><\/p>\n<\/div>\n<\/div>\n<\/div><\/section>\n","protected":false},"excerpt":{"rendered":"<p>Hur man \u00e4r korrekt, balanserad och inte vilseledande En av huvudreglerna f\u00f6r regelefterlevnad s\u00e4ger att din marknadsf\u00f6ring m\u00e5ste vara korrekt, balanserad och inte vilseledande. Nedan f\u00f6ljer n\u00e5gra exempel som illustrerar exakt vad detta inneb\u00e4r.\u00a0 4 saker du b\u00f6r vara noggrann med: 1. Utge dig inte f\u00f6r att vara n\u00e5gon annan: S\u00e4g inte att du representerar [&hellip;]<\/p>\n","protected":false},"author":11,"featured_media":8090,"parent":0,"menu_order":0,"comment_status":"closed","ping_status":"closed","template":"","meta":{"_acf_changed":false,"sticky_cta_settings":"","footnotes":""},"class_list":["post-8742","page","type-page","status-publish","has-post-thumbnail","hentry"],"acf":[],"yoast_head":"<!-- This site is optimized with the Yoast SEO plugin v27.3 - https:\/\/yoast.com\/product\/yoast-seo-wordpress\/ -->\n<title>&quot;Hur man \u00e4r korrekt, balanserad och inte vilseledande&quot;<\/title>\n<meta name=\"description\" content=\"&quot;En av huvudreglerna f\u00f6r regelefterlevnad s\u00e4ger att din marknadsf\u00f6ring m\u00e5ste vara korrekt, balanserad och inte vilseledande. Nedan f\u00f6ljer n\u00e5gra exempel&quot;\" \/>\n<meta name=\"robots\" content=\"index, follow, max-snippet:-1, max-image-preview:large, max-video-preview:-1\" \/>\n<link rel=\"canonical\" href=\"https:\/\/etoropartners.com\/sv\/be-accurate\/\" \/>\n<meta property=\"og:locale\" content=\"sv_SE\" \/>\n<meta property=\"og:type\" content=\"article\" \/>\n<meta property=\"og:title\" content=\"&quot;Hur man \u00e4r korrekt, balanserad och inte vilseledande&quot;\" \/>\n<meta property=\"og:description\" content=\"&quot;En av huvudreglerna f\u00f6r regelefterlevnad s\u00e4ger att din marknadsf\u00f6ring m\u00e5ste vara korrekt, balanserad och inte vilseledande. Nedan f\u00f6ljer n\u00e5gra exempel&quot;\" \/>\n<meta property=\"og:url\" content=\"https:\/\/etoropartners.com\/sv\/be-accurate\/\" \/>\n<meta property=\"og:site_name\" content=\"eToro Partners\" \/>\n<meta property=\"article:modified_time\" content=\"2024-08-21T13:49:28+00:00\" \/>\n<meta property=\"og:image\" content=\"https:\/\/etoropartners.com\/wp-content\/uploads\/2024\/05\/Featured_be-accurate.png\" \/>\n\t<meta property=\"og:image:width\" content=\"1200\" \/>\n\t<meta property=\"og:image:height\" content=\"630\" \/>\n\t<meta property=\"og:image:type\" content=\"image\/png\" \/>\n<meta name=\"twitter:card\" content=\"summary_large_image\" \/>\n<meta name=\"twitter:label1\" content=\"Ber\u00e4knad l\u00e4stid\" \/>\n\t<meta name=\"twitter:data1\" content=\"3 minuter\" \/>\n<script type=\"application\/ld+json\" class=\"yoast-schema-graph\">{\"@context\":\"https:\\\/\\\/schema.org\",\"@graph\":[{\"@type\":\"WebPage\",\"@id\":\"https:\\\/\\\/etoropartners.com\\\/sv\\\/be-accurate\\\/\",\"url\":\"https:\\\/\\\/etoropartners.com\\\/sv\\\/be-accurate\\\/\",\"name\":\"\\\"Hur man \u00e4r korrekt, balanserad och inte vilseledande\\\"\",\"isPartOf\":{\"@id\":\"https:\\\/\\\/etoropartners.com\\\/sv\\\/#website\"},\"primaryImageOfPage\":{\"@id\":\"https:\\\/\\\/etoropartners.com\\\/sv\\\/be-accurate\\\/#primaryimage\"},\"image\":{\"@id\":\"https:\\\/\\\/etoropartners.com\\\/sv\\\/be-accurate\\\/#primaryimage\"},\"thumbnailUrl\":\"https:\\\/\\\/etoropartners.com\\\/wp-content\\\/uploads\\\/2024\\\/05\\\/Featured_be-accurate.png\",\"datePublished\":\"2024-05-22T07:50:03+00:00\",\"dateModified\":\"2024-08-21T13:49:28+00:00\",\"description\":\"\\\"En av huvudreglerna f\u00f6r regelefterlevnad s\u00e4ger att din marknadsf\u00f6ring m\u00e5ste vara korrekt, balanserad och inte vilseledande. Nedan f\u00f6ljer n\u00e5gra exempel\\\"\",\"breadcrumb\":{\"@id\":\"https:\\\/\\\/etoropartners.com\\\/sv\\\/be-accurate\\\/#breadcrumb\"},\"inLanguage\":\"sv-SE\",\"potentialAction\":[{\"@type\":\"ReadAction\",\"target\":[\"https:\\\/\\\/etoropartners.com\\\/sv\\\/be-accurate\\\/\"]}]},{\"@type\":\"ImageObject\",\"inLanguage\":\"sv-SE\",\"@id\":\"https:\\\/\\\/etoropartners.com\\\/sv\\\/be-accurate\\\/#primaryimage\",\"url\":\"https:\\\/\\\/etoropartners.com\\\/wp-content\\\/uploads\\\/2024\\\/05\\\/Featured_be-accurate.png\",\"contentUrl\":\"https:\\\/\\\/etoropartners.com\\\/wp-content\\\/uploads\\\/2024\\\/05\\\/Featured_be-accurate.png\",\"width\":1200,\"height\":630,\"caption\":\"Be accurate\"},{\"@type\":\"BreadcrumbList\",\"@id\":\"https:\\\/\\\/etoropartners.com\\\/sv\\\/be-accurate\\\/#breadcrumb\",\"itemListElement\":[{\"@type\":\"ListItem\",\"position\":1,\"name\":\"Home\",\"item\":\"https:\\\/\\\/etoropartners.wpengine.com\\\/sv\\\/\"},{\"@type\":\"ListItem\",\"position\":2,\"name\":\"How to be accurate, balanced, and not misleading\"}]},{\"@type\":\"WebSite\",\"@id\":\"https:\\\/\\\/etoropartners.com\\\/sv\\\/#website\",\"url\":\"https:\\\/\\\/etoropartners.com\\\/sv\\\/\",\"name\":\"eToro Partners\",\"description\":\"\",\"potentialAction\":[{\"@type\":\"SearchAction\",\"target\":{\"@type\":\"EntryPoint\",\"urlTemplate\":\"https:\\\/\\\/etoropartners.com\\\/sv\\\/?s={search_term_string}\"},\"query-input\":{\"@type\":\"PropertyValueSpecification\",\"valueRequired\":true,\"valueName\":\"search_term_string\"}}],\"inLanguage\":\"sv-SE\"}]}<\/script>\n<!-- \/ Yoast SEO plugin. -->","yoast_head_json":{"title":"\"Hur man \u00e4r korrekt, balanserad och inte vilseledande\"","description":"\"En av huvudreglerna f\u00f6r regelefterlevnad s\u00e4ger att din marknadsf\u00f6ring m\u00e5ste vara korrekt, balanserad och inte vilseledande. Nedan f\u00f6ljer n\u00e5gra exempel\"","robots":{"index":"index","follow":"follow","max-snippet":"max-snippet:-1","max-image-preview":"max-image-preview:large","max-video-preview":"max-video-preview:-1"},"canonical":"https:\/\/etoropartners.com\/sv\/be-accurate\/","og_locale":"sv_SE","og_type":"article","og_title":"\"Hur man \u00e4r korrekt, balanserad och inte vilseledande\"","og_description":"\"En av huvudreglerna f\u00f6r regelefterlevnad s\u00e4ger att din marknadsf\u00f6ring m\u00e5ste vara korrekt, balanserad och inte vilseledande. Nedan f\u00f6ljer n\u00e5gra exempel\"","og_url":"https:\/\/etoropartners.com\/sv\/be-accurate\/","og_site_name":"eToro Partners","article_modified_time":"2024-08-21T13:49:28+00:00","og_image":[{"width":1200,"height":630,"url":"https:\/\/etoropartners.com\/wp-content\/uploads\/2024\/05\/Featured_be-accurate.png","type":"image\/png"}],"twitter_card":"summary_large_image","twitter_misc":{"Ber\u00e4knad l\u00e4stid":"3 minuter"},"schema":{"@context":"https:\/\/schema.org","@graph":[{"@type":"WebPage","@id":"https:\/\/etoropartners.com\/sv\/be-accurate\/","url":"https:\/\/etoropartners.com\/sv\/be-accurate\/","name":"\"Hur man \u00e4r korrekt, balanserad och inte vilseledande\"","isPartOf":{"@id":"https:\/\/etoropartners.com\/sv\/#website"},"primaryImageOfPage":{"@id":"https:\/\/etoropartners.com\/sv\/be-accurate\/#primaryimage"},"image":{"@id":"https:\/\/etoropartners.com\/sv\/be-accurate\/#primaryimage"},"thumbnailUrl":"https:\/\/etoropartners.com\/wp-content\/uploads\/2024\/05\/Featured_be-accurate.png","datePublished":"2024-05-22T07:50:03+00:00","dateModified":"2024-08-21T13:49:28+00:00","description":"\"En av huvudreglerna f\u00f6r regelefterlevnad s\u00e4ger att din marknadsf\u00f6ring m\u00e5ste vara korrekt, balanserad och inte vilseledande. Nedan f\u00f6ljer n\u00e5gra exempel\"","breadcrumb":{"@id":"https:\/\/etoropartners.com\/sv\/be-accurate\/#breadcrumb"},"inLanguage":"sv-SE","potentialAction":[{"@type":"ReadAction","target":["https:\/\/etoropartners.com\/sv\/be-accurate\/"]}]},{"@type":"ImageObject","inLanguage":"sv-SE","@id":"https:\/\/etoropartners.com\/sv\/be-accurate\/#primaryimage","url":"https:\/\/etoropartners.com\/wp-content\/uploads\/2024\/05\/Featured_be-accurate.png","contentUrl":"https:\/\/etoropartners.com\/wp-content\/uploads\/2024\/05\/Featured_be-accurate.png","width":1200,"height":630,"caption":"Be accurate"},{"@type":"BreadcrumbList","@id":"https:\/\/etoropartners.com\/sv\/be-accurate\/#breadcrumb","itemListElement":[{"@type":"ListItem","position":1,"name":"Home","item":"https:\/\/etoropartners.wpengine.com\/sv\/"},{"@type":"ListItem","position":2,"name":"How to be accurate, balanced, and not misleading"}]},{"@type":"WebSite","@id":"https:\/\/etoropartners.com\/sv\/#website","url":"https:\/\/etoropartners.com\/sv\/","name":"eToro Partners","description":"","potentialAction":[{"@type":"SearchAction","target":{"@type":"EntryPoint","urlTemplate":"https:\/\/etoropartners.com\/sv\/?s={search_term_string}"},"query-input":{"@type":"PropertyValueSpecification","valueRequired":true,"valueName":"search_term_string"}}],"inLanguage":"sv-SE"}]}},"_links":{"self":[{"href":"https:\/\/etoropartners.com\/sv\/wp-json\/wp\/v2\/pages\/8742","targetHints":{"allow":["GET"]}}],"collection":[{"href":"https:\/\/etoropartners.com\/sv\/wp-json\/wp\/v2\/pages"}],"about":[{"href":"https:\/\/etoropartners.com\/sv\/wp-json\/wp\/v2\/types\/page"}],"author":[{"embeddable":true,"href":"https:\/\/etoropartners.com\/sv\/wp-json\/wp\/v2\/users\/11"}],"replies":[{"embeddable":true,"href":"https:\/\/etoropartners.com\/sv\/wp-json\/wp\/v2\/comments?post=8742"}],"version-history":[{"count":0,"href":"https:\/\/etoropartners.com\/sv\/wp-json\/wp\/v2\/pages\/8742\/revisions"}],"wp:featuredmedia":[{"embeddable":true,"href":"https:\/\/etoropartners.com\/sv\/wp-json\/wp\/v2\/media\/8090"}],"wp:attachment":[{"href":"https:\/\/etoropartners.com\/sv\/wp-json\/wp\/v2\/media?parent=8742"}],"curies":[{"name":"wp","href":"https:\/\/api.w.org\/{rel}","templated":true}]}}