{"id":8712,"date":"2024-05-22T10:18:48","date_gmt":"2024-05-22T08:18:48","guid":{"rendered":"https:\/\/etoropartners.com\/multi-regulated-platform\/"},"modified":"2024-08-21T15:20:54","modified_gmt":"2024-08-21T13:20:54","slug":"multi-regulated-platform","status":"publish","type":"page","link":"https:\/\/etoropartners.com\/sv\/multi-regulated-platform\/","title":{"rendered":"Promoting a multi-regulated platform"},"content":{"rendered":"\n<section class=\"wp-block-group wp-block-group-boxed wp-block-group-small-top-padding wp-block-group-small-bottom-padding\"><div class=\"wp-block-group-inner is-layout-flow wp-block-group-is-layout-flow\">\n<div class=\"wp-block-columns are-vertically-aligned-top wp-block-columns-1 is-layout-flex wp-container-core-columns-is-layout-9d6595d7 wp-block-columns-is-layout-flex\">\n<div class=\"wp-block-column wp-block-column-align-desktop-center wp-block-column-align-mobile-center is-layout-flow wp-block-column-is-layout-flow\">\n<h2 class=\"wp-block-heading has-text-align-center\">Marknadsf\u00f6ra en multireglerad plattform<\/h2>\n\n\n\n<figure class=\"wp-block-image size-full\"><img loading=\"lazy\" decoding=\"async\" width=\"1600\" height=\"400\" src=\"https:\/\/etoropartners.com\/wp-content\/uploads\/2024\/05\/Cover_multi-regulated-platform-1.jpg\" alt=\"\" class=\"wp-image-8144 wp-image-desktop\" srcset=\"https:\/\/etoropartners.com\/wp-content\/uploads\/2024\/05\/Cover_multi-regulated-platform-1.jpg 1600w, https:\/\/etoropartners.com\/wp-content\/uploads\/2024\/05\/Cover_multi-regulated-platform-1-300x75.jpg 300w, https:\/\/etoropartners.com\/wp-content\/uploads\/2024\/05\/Cover_multi-regulated-platform-1-1024x256.jpg 1024w, https:\/\/etoropartners.com\/wp-content\/uploads\/2024\/05\/Cover_multi-regulated-platform-1-768x192.jpg 768w, https:\/\/etoropartners.com\/wp-content\/uploads\/2024\/05\/Cover_multi-regulated-platform-1-1536x384.jpg 1536w\" sizes=\"auto, (max-width: 1600px) 100vw, 1600px\" \/><\/figure>\n<\/div>\n<\/div>\n<\/div><\/section>\n\n\n\n<section class=\"wp-block-group wp-block-group-boxed wp-block-group-small-top-padding wp-block-group-small-bottom-padding\"><div class=\"wp-block-group-inner is-layout-flow wp-block-group-is-layout-flow\">\n<div class=\"wp-block-columns are-vertically-aligned-top wp-block-columns-1 is-layout-flex wp-container-core-columns-is-layout-9d6595d7 wp-block-columns-is-layout-flex\">\n<div class=\"wp-block-column is-layout-flow wp-block-column-is-layout-flow\">\n<p>De f\u00f6retag som ing\u00e5r i eToro-gruppen regleras av olika myndigheter. D\u00e4rf\u00f6r g\u00e4ller olika krav och regler f\u00f6r olika l\u00e4nder och inte alla tillg\u00e5ngar kan marknadsf\u00f6ras i varje land. Regleringen best\u00e4ms av din m\u00e5lgrupps land och \u00e4ven av det spr\u00e5k du anv\u00e4nder p\u00e5 din webbplats, URL-till\u00e4gget och omn\u00e4mnandet av specifika l\u00e4nder eller landsrelaterade aspekter, s\u00e5som lokala valutor.<\/p>\n<\/div>\n<\/div>\n<\/div><\/section>\n\n\n\n<section class=\"wp-block-group wp-block-group-boxed wp-block-group-small-top-padding wp-block-group-small-bottom-padding\"><div class=\"wp-block-group-inner is-layout-flow wp-block-group-is-layout-flow\">\n<div class=\"wp-block-columns are-vertically-aligned-top wp-block-columns-1 is-layout-flex wp-container-core-columns-is-layout-9d6595d7 wp-block-columns-is-layout-flex\">\n<div class=\"wp-block-column wp-block-column-align-desktop-center wp-block-column-align-mobile-center is-layout-flow wp-block-column-is-layout-flow\">\n<figure class=\"wp-block-embed is-type-rich is-provider-embed-handler wp-block-embed-embed-handler wp-embed-aspect-16-9 wp-has-aspect-ratio\"><div class=\"wp-block-embed__wrapper\">\n<div class=\"ec-video\"><iframe loading=\"lazy\" title=\"Compliance training video 3 - 16:9 - How to  promote a multiregulated platform\" width=\"500\" height=\"281\" src=\"https:\/\/www.youtube.com\/embed\/u3qzbbYTbjI?feature=oembed\" frameborder=\"0\" allow=\"accelerometer; autoplay; clipboard-write; encrypted-media; gyroscope; picture-in-picture; web-share\" referrerpolicy=\"strict-origin-when-cross-origin\" allowfullscreen><\/iframe><\/div>\n<\/div><\/figure>\n<\/div>\n<\/div>\n<\/div><\/section>\n\n\n\n<section class=\"wp-block-group wp-block-group-boxed wp-block-group-small-top-padding wp-block-group-small-bottom-padding\"><div class=\"wp-block-group-inner is-layout-flow wp-block-group-is-layout-flow\">\n<div class=\"wp-block-columns are-vertically-aligned-top wp-block-columns-1 is-layout-flex wp-container-core-columns-is-layout-9d6595d7 wp-block-columns-is-layout-flex\">\n<div class=\"wp-block-column is-layout-flow wp-block-column-is-layout-flow\">\n<p>S\u00e5, f\u00f6rst och fr\u00e4mst, se till att du <strong>inte marknadsf\u00f6r eToro i ett begr\u00e4nsat land, <\/strong>eftersom du inte bara inte kommer att tj\u00e4na n\u00e5gon CPA (kostnad per f\u00f6rv\u00e4rv) f\u00f6r dessa l\u00e4nder, utan det \u00e4r \u00e4ven s\u00e5 att marknadsf\u00f6ring av eToro i ett begr\u00e4nsat land ocks\u00e5 \u00e4r en allvarlig \u00f6vertr\u00e4delse som kan leda till att v\u00e5rt partnerskap avslutas. S\u00e5 var uppm\u00e4rksam, tack.<\/p>\n\n\n\n<p>Se ocks\u00e5 till att du marknadsf\u00f6r tillg\u00e5ngar som <strong>f\u00e5r marknadsf\u00f6ras i det land <\/strong>som du riktar dig till. Observera att vissa l\u00e4nder har restriktioner f\u00f6r marknadsf\u00f6ring av vissa tillg\u00e5ngar, s\u00e5 se till att du f\u00f6rst\u00e5r vilka tillg\u00e5ngar du f\u00e5r och inte f\u00e5r marknadsf\u00f6ra. F\u00f6r specifika exempel b\u00f6r du h\u00e4nvisa till riktlinjerna.<br><br>I USA f\u00e5r du till exempel marknadsf\u00f6ra krypto och, om du har ett s\u00e4rskilt godk\u00e4nnande, f\u00e5r du ocks\u00e5 marknadsf\u00f6ra aktier, ETF:er och optioner. CFD:er \u00e4r dock INTE tillg\u00e4ngliga i USA och d\u00e4rf\u00f6r \u00e4r valutor, r\u00e5varor, blankning och h\u00e4vst\u00e5ng inte tillg\u00e4ngliga och kan inte marknadsf\u00f6ras i USA.<br><\/p>\n\n\n\n<p>Du hittar alla l\u00e4nder och produktbegr\u00e4nsningar i v\u00e5rt <a href=\"https:\/\/etoropartners.com\/sv\/guidelines\/\">avsnitt om riktlinjer<\/a>. Kom ih\u00e5g att dessa kan komma att uppdateras.<\/p>\n\n\n\n<p>Det \u00e4r ocks\u00e5 viktigt att vara medveten om <strong>vilken enhet som erbjuder vilken produkt<\/strong>. Till exempel, i USA erbjuder eToro USA LLC en plattform f\u00f6r amerikanska kunder att k\u00f6pa och s\u00e4lja krypto och regleras av FinCen; och eToro USA Securities Inc. \u00e4r en b\u00f6rsm\u00e4klare som regleras av FINRA som till\u00e5ter handel med aktier, ETF:er och optioner. V\u00e4nligen f\u00f6rv\u00e4xla inte de tv\u00e5.<\/p>\n\n\n\n<p>Du kan hitta den fullst\u00e4ndiga listan \u00f6ver enheter, produkterbjudanden och licenser p\u00e5 sidan <a href=\"https:\/\/www.etoro.com\/sv\/customer-service\/regulation-license\/\">&#8221;Regelverk och licens&#8221;<\/a> p\u00e5 eToro.&nbsp;<\/p>\n\n\n\n<p>Du ska \u00e4ven vara <strong>uppm\u00e4rksam p\u00e5 riskvarningarna<\/strong>. De riskvarningar du beh\u00f6ver anv\u00e4nda best\u00e4ms av de l\u00e4nder d\u00e4r du marknadsf\u00f6r eToro, samt av de tillg\u00e5ngar du marknadsf\u00f6r. Se v\u00e5r handledning om riskvarningar i <a href=\"https:\/\/etoropartners.com\/sv\/guidelines\/\">avsnittet om riktlinjer<\/a> f\u00f6r att se vilka riskvarningar du ska anv\u00e4nda och n\u00e4r.&nbsp;<\/p>\n\n\n\n<p>Om du marknadsf\u00f6r flera tillg\u00e5ngar ska du anv\u00e4nda alla till\u00e4mpliga riskvarningar.&nbsp;<\/p>\n\n\n\n<p>Ibland g\u00e4ller flera olika regler. Om du till exempel marknadsf\u00f6r p\u00e5 spanska eller engelska kan du ha en blandad publik fr\u00e5n olika l\u00e4nder. I dessa fall m\u00e5ste du f\u00f6lja reglerna f\u00f6r alla relevanta tillsynsmyndigheter.<\/p>\n<\/div>\n<\/div>\n<\/div><\/section>\n","protected":false},"excerpt":{"rendered":"<p>Marknadsf\u00f6ra en multireglerad plattform De f\u00f6retag som ing\u00e5r i eToro-gruppen regleras av olika myndigheter. D\u00e4rf\u00f6r g\u00e4ller olika krav och regler f\u00f6r olika l\u00e4nder och inte alla tillg\u00e5ngar kan marknadsf\u00f6ras i varje land. Regleringen best\u00e4ms av din m\u00e5lgrupps land och \u00e4ven av det spr\u00e5k du anv\u00e4nder p\u00e5 din webbplats, URL-till\u00e4gget och omn\u00e4mnandet av specifika l\u00e4nder eller [&hellip;]<\/p>\n","protected":false},"author":11,"featured_media":8128,"parent":0,"menu_order":0,"comment_status":"closed","ping_status":"closed","template":"","meta":{"_acf_changed":false,"sticky_cta_settings":"","footnotes":""},"class_list":["post-8712","page","type-page","status-publish","has-post-thumbnail","hentry"],"acf":[],"yoast_head":"<!-- This site is optimized with the Yoast SEO plugin v27.3 - https:\/\/yoast.com\/product\/yoast-seo-wordpress\/ -->\n<title>Marknadsf\u00f6ra en multireglerad plattform<\/title>\n<meta name=\"description\" content=\"De f\u00f6retag som ing\u00e5r i eToro-gruppen regleras av olika myndigheter. D\u00e4rf\u00f6r g\u00e4ller olika krav och regler f\u00f6r olika l\u00e4nder\" \/>\n<meta name=\"robots\" content=\"index, follow, max-snippet:-1, max-image-preview:large, max-video-preview:-1\" \/>\n<link rel=\"canonical\" href=\"https:\/\/etoropartners.com\/sv\/multi-regulated-platform\/\" \/>\n<meta property=\"og:locale\" content=\"sv_SE\" \/>\n<meta property=\"og:type\" content=\"article\" \/>\n<meta property=\"og:title\" content=\"Marknadsf\u00f6ra en multireglerad plattform\" \/>\n<meta property=\"og:description\" content=\"De f\u00f6retag som ing\u00e5r i eToro-gruppen regleras av olika myndigheter. D\u00e4rf\u00f6r g\u00e4ller olika krav och regler f\u00f6r olika l\u00e4nder\" \/>\n<meta property=\"og:url\" content=\"https:\/\/etoropartners.com\/sv\/multi-regulated-platform\/\" \/>\n<meta property=\"og:site_name\" content=\"eToro Partners\" \/>\n<meta property=\"article:modified_time\" content=\"2024-08-21T13:20:54+00:00\" \/>\n<meta property=\"og:image\" content=\"https:\/\/etoropartners.com\/wp-content\/uploads\/2024\/05\/Featured_multi-regulated-platform.png\" \/>\n\t<meta property=\"og:image:width\" content=\"1200\" \/>\n\t<meta property=\"og:image:height\" content=\"630\" \/>\n\t<meta property=\"og:image:type\" content=\"image\/png\" \/>\n<meta name=\"twitter:card\" content=\"summary_large_image\" \/>\n<meta name=\"twitter:label1\" content=\"Ber\u00e4knad l\u00e4stid\" \/>\n\t<meta name=\"twitter:data1\" content=\"3 minuter\" \/>\n<script type=\"application\/ld+json\" class=\"yoast-schema-graph\">{\"@context\":\"https:\\\/\\\/schema.org\",\"@graph\":[{\"@type\":\"WebPage\",\"@id\":\"https:\\\/\\\/etoropartners.com\\\/sv\\\/multi-regulated-platform\\\/\",\"url\":\"https:\\\/\\\/etoropartners.com\\\/sv\\\/multi-regulated-platform\\\/\",\"name\":\"Marknadsf\u00f6ra en multireglerad plattform\",\"isPartOf\":{\"@id\":\"https:\\\/\\\/etoropartners.com\\\/sv\\\/#website\"},\"primaryImageOfPage\":{\"@id\":\"https:\\\/\\\/etoropartners.com\\\/sv\\\/multi-regulated-platform\\\/#primaryimage\"},\"image\":{\"@id\":\"https:\\\/\\\/etoropartners.com\\\/sv\\\/multi-regulated-platform\\\/#primaryimage\"},\"thumbnailUrl\":\"https:\\\/\\\/etoropartners.com\\\/wp-content\\\/uploads\\\/2024\\\/05\\\/Featured_multi-regulated-platform.png\",\"datePublished\":\"2024-05-22T08:18:48+00:00\",\"dateModified\":\"2024-08-21T13:20:54+00:00\",\"description\":\"De f\u00f6retag som ing\u00e5r i eToro-gruppen regleras av olika myndigheter. D\u00e4rf\u00f6r g\u00e4ller olika krav och regler f\u00f6r olika l\u00e4nder\",\"breadcrumb\":{\"@id\":\"https:\\\/\\\/etoropartners.com\\\/sv\\\/multi-regulated-platform\\\/#breadcrumb\"},\"inLanguage\":\"sv-SE\",\"potentialAction\":[{\"@type\":\"ReadAction\",\"target\":[\"https:\\\/\\\/etoropartners.com\\\/sv\\\/multi-regulated-platform\\\/\"]}]},{\"@type\":\"ImageObject\",\"inLanguage\":\"sv-SE\",\"@id\":\"https:\\\/\\\/etoropartners.com\\\/sv\\\/multi-regulated-platform\\\/#primaryimage\",\"url\":\"https:\\\/\\\/etoropartners.com\\\/wp-content\\\/uploads\\\/2024\\\/05\\\/Featured_multi-regulated-platform.png\",\"contentUrl\":\"https:\\\/\\\/etoropartners.com\\\/wp-content\\\/uploads\\\/2024\\\/05\\\/Featured_multi-regulated-platform.png\",\"width\":1200,\"height\":630},{\"@type\":\"BreadcrumbList\",\"@id\":\"https:\\\/\\\/etoropartners.com\\\/sv\\\/multi-regulated-platform\\\/#breadcrumb\",\"itemListElement\":[{\"@type\":\"ListItem\",\"position\":1,\"name\":\"Home\",\"item\":\"https:\\\/\\\/etoropartners.wpengine.com\\\/sv\\\/\"},{\"@type\":\"ListItem\",\"position\":2,\"name\":\"Promoting a multi-regulated platform\"}]},{\"@type\":\"WebSite\",\"@id\":\"https:\\\/\\\/etoropartners.com\\\/sv\\\/#website\",\"url\":\"https:\\\/\\\/etoropartners.com\\\/sv\\\/\",\"name\":\"eToro Partners\",\"description\":\"\",\"potentialAction\":[{\"@type\":\"SearchAction\",\"target\":{\"@type\":\"EntryPoint\",\"urlTemplate\":\"https:\\\/\\\/etoropartners.com\\\/sv\\\/?s={search_term_string}\"},\"query-input\":{\"@type\":\"PropertyValueSpecification\",\"valueRequired\":true,\"valueName\":\"search_term_string\"}}],\"inLanguage\":\"sv-SE\"}]}<\/script>\n<!-- \/ Yoast SEO plugin. -->","yoast_head_json":{"title":"Marknadsf\u00f6ra en multireglerad plattform","description":"De f\u00f6retag som ing\u00e5r i eToro-gruppen regleras av olika myndigheter. D\u00e4rf\u00f6r g\u00e4ller olika krav och regler f\u00f6r olika l\u00e4nder","robots":{"index":"index","follow":"follow","max-snippet":"max-snippet:-1","max-image-preview":"max-image-preview:large","max-video-preview":"max-video-preview:-1"},"canonical":"https:\/\/etoropartners.com\/sv\/multi-regulated-platform\/","og_locale":"sv_SE","og_type":"article","og_title":"Marknadsf\u00f6ra en multireglerad plattform","og_description":"De f\u00f6retag som ing\u00e5r i eToro-gruppen regleras av olika myndigheter. D\u00e4rf\u00f6r g\u00e4ller olika krav och regler f\u00f6r olika l\u00e4nder","og_url":"https:\/\/etoropartners.com\/sv\/multi-regulated-platform\/","og_site_name":"eToro Partners","article_modified_time":"2024-08-21T13:20:54+00:00","og_image":[{"width":1200,"height":630,"url":"https:\/\/etoropartners.com\/wp-content\/uploads\/2024\/05\/Featured_multi-regulated-platform.png","type":"image\/png"}],"twitter_card":"summary_large_image","twitter_misc":{"Ber\u00e4knad l\u00e4stid":"3 minuter"},"schema":{"@context":"https:\/\/schema.org","@graph":[{"@type":"WebPage","@id":"https:\/\/etoropartners.com\/sv\/multi-regulated-platform\/","url":"https:\/\/etoropartners.com\/sv\/multi-regulated-platform\/","name":"Marknadsf\u00f6ra en multireglerad plattform","isPartOf":{"@id":"https:\/\/etoropartners.com\/sv\/#website"},"primaryImageOfPage":{"@id":"https:\/\/etoropartners.com\/sv\/multi-regulated-platform\/#primaryimage"},"image":{"@id":"https:\/\/etoropartners.com\/sv\/multi-regulated-platform\/#primaryimage"},"thumbnailUrl":"https:\/\/etoropartners.com\/wp-content\/uploads\/2024\/05\/Featured_multi-regulated-platform.png","datePublished":"2024-05-22T08:18:48+00:00","dateModified":"2024-08-21T13:20:54+00:00","description":"De f\u00f6retag som ing\u00e5r i eToro-gruppen regleras av olika myndigheter. D\u00e4rf\u00f6r g\u00e4ller olika krav och regler f\u00f6r olika l\u00e4nder","breadcrumb":{"@id":"https:\/\/etoropartners.com\/sv\/multi-regulated-platform\/#breadcrumb"},"inLanguage":"sv-SE","potentialAction":[{"@type":"ReadAction","target":["https:\/\/etoropartners.com\/sv\/multi-regulated-platform\/"]}]},{"@type":"ImageObject","inLanguage":"sv-SE","@id":"https:\/\/etoropartners.com\/sv\/multi-regulated-platform\/#primaryimage","url":"https:\/\/etoropartners.com\/wp-content\/uploads\/2024\/05\/Featured_multi-regulated-platform.png","contentUrl":"https:\/\/etoropartners.com\/wp-content\/uploads\/2024\/05\/Featured_multi-regulated-platform.png","width":1200,"height":630},{"@type":"BreadcrumbList","@id":"https:\/\/etoropartners.com\/sv\/multi-regulated-platform\/#breadcrumb","itemListElement":[{"@type":"ListItem","position":1,"name":"Home","item":"https:\/\/etoropartners.wpengine.com\/sv\/"},{"@type":"ListItem","position":2,"name":"Promoting a multi-regulated platform"}]},{"@type":"WebSite","@id":"https:\/\/etoropartners.com\/sv\/#website","url":"https:\/\/etoropartners.com\/sv\/","name":"eToro Partners","description":"","potentialAction":[{"@type":"SearchAction","target":{"@type":"EntryPoint","urlTemplate":"https:\/\/etoropartners.com\/sv\/?s={search_term_string}"},"query-input":{"@type":"PropertyValueSpecification","valueRequired":true,"valueName":"search_term_string"}}],"inLanguage":"sv-SE"}]}},"_links":{"self":[{"href":"https:\/\/etoropartners.com\/sv\/wp-json\/wp\/v2\/pages\/8712","targetHints":{"allow":["GET"]}}],"collection":[{"href":"https:\/\/etoropartners.com\/sv\/wp-json\/wp\/v2\/pages"}],"about":[{"href":"https:\/\/etoropartners.com\/sv\/wp-json\/wp\/v2\/types\/page"}],"author":[{"embeddable":true,"href":"https:\/\/etoropartners.com\/sv\/wp-json\/wp\/v2\/users\/11"}],"replies":[{"embeddable":true,"href":"https:\/\/etoropartners.com\/sv\/wp-json\/wp\/v2\/comments?post=8712"}],"version-history":[{"count":0,"href":"https:\/\/etoropartners.com\/sv\/wp-json\/wp\/v2\/pages\/8712\/revisions"}],"wp:featuredmedia":[{"embeddable":true,"href":"https:\/\/etoropartners.com\/sv\/wp-json\/wp\/v2\/media\/8128"}],"wp:attachment":[{"href":"https:\/\/etoropartners.com\/sv\/wp-json\/wp\/v2\/media?parent=8712"}],"curies":[{"name":"wp","href":"https:\/\/api.w.org\/{rel}","templated":true}]}}