{"id":8680,"date":"2024-05-22T08:47:21","date_gmt":"2024-05-22T06:47:21","guid":{"rendered":"https:\/\/etoropartners.com\/8-most-important-things\/"},"modified":"2024-08-20T11:43:58","modified_gmt":"2024-08-20T09:43:58","slug":"8-most-important-things","status":"publish","type":"page","link":"https:\/\/etoropartners.com\/sv\/8-most-important-things\/","title":{"rendered":"8 most important things to consider when creating a compliant campaign"},"content":{"rendered":"\n<section class=\"wp-block-group wp-block-group-boxed wp-block-group-small-top-padding wp-block-group-small-bottom-padding\"><div class=\"wp-block-group-inner is-layout-flow wp-block-group-is-layout-flow\">\n<div class=\"wp-block-columns are-vertically-aligned-top wp-block-columns-1 is-layout-flex wp-container-core-columns-is-layout-9d6595d7 wp-block-columns-is-layout-flex\">\n<div class=\"wp-block-column wp-block-column-align-desktop-center wp-block-column-align-mobile-center is-layout-flow wp-block-column-is-layout-flow\">\n<h2 class=\"wp-block-heading has-text-align-center\">De \u00e5tta viktigaste delarna i en kampanj som uppfyller kraven<\/h2>\n\n\n\n<figure class=\"wp-block-image size-full\"><img loading=\"lazy\" decoding=\"async\" width=\"1600\" height=\"400\" src=\"https:\/\/etoropartners.com\/wp-content\/uploads\/2024\/05\/Cover_8-most-important-things.jpg\" alt=\"8 most important things to consider when creating a compliant campaign\" class=\"wp-image-8016 wp-image-desktop\" srcset=\"https:\/\/etoropartners.com\/wp-content\/uploads\/2024\/05\/Cover_8-most-important-things.jpg 1600w, https:\/\/etoropartners.com\/wp-content\/uploads\/2024\/05\/Cover_8-most-important-things-300x75.jpg 300w, https:\/\/etoropartners.com\/wp-content\/uploads\/2024\/05\/Cover_8-most-important-things-1024x256.jpg 1024w, https:\/\/etoropartners.com\/wp-content\/uploads\/2024\/05\/Cover_8-most-important-things-768x192.jpg 768w, https:\/\/etoropartners.com\/wp-content\/uploads\/2024\/05\/Cover_8-most-important-things-1536x384.jpg 1536w\" sizes=\"auto, (max-width: 1600px) 100vw, 1600px\" \/><\/figure>\n<\/div>\n<\/div>\n<\/div><\/section>\n\n\n\n<section class=\"wp-block-group wp-block-group-boxed wp-block-group-small-top-padding wp-block-group-small-bottom-padding\"><div class=\"wp-block-group-inner is-layout-flow wp-block-group-is-layout-flow\">\n<div class=\"wp-block-columns are-vertically-aligned-top wp-block-columns-1 is-layout-flex wp-container-core-columns-is-layout-9d6595d7 wp-block-columns-is-layout-flex\">\n<div class=\"wp-block-column is-layout-flow wp-block-column-is-layout-flow\">\n<p class=\"has-text-align-left\">eToro \u00e4r ett v\u00e4lrenommerat varum\u00e4rke som ger handlare och investerare fr\u00e5n hela v\u00e4rlden en s\u00e4ker och reglerad investeringsupplevelse. Det \u00e4r d\u00e4rf\u00f6r av yttersta vikt att du skapar en kampanj som \u00e4r i linje med de lagstadgade kraven och <a href=\"https:\/\/etoropartners.com\/guidelines\/\">riktlinjerna<\/a> i den jurisdiktion d\u00e4r du marknadsf\u00f6r eToro.<\/p>\n\n\n\n<p>F\u00f6lj <a href=\"https:\/\/etoropartners.com\/sv\/guidelines\/\">riktlinjerna f\u00f6r affiliates<\/a> och nedanst\u00e5ende regler s\u00e5 \u00e4r du p\u00e5 r\u00e4tt v\u00e4g mot att skapa ett partnerskap som uppfyller kraven. T\u00e4nk p\u00e5 att vi sanktionerar affiliates som marknadsf\u00f6r eToro p\u00e5 ett s\u00e4tt som bryter mot reglerna. Vid <strong>\u00f6vertr\u00e4delser av regler <\/strong>eller bristande samarbete kommer vi att inaktivera ditt konto och vi kan komma att <strong>annullera din betalning och avsluta partnerskapet<\/strong>.<\/p>\n\n\n\n<p>Kom ih\u00e5g att kontrollera dina kampanjer regelbundet. Vi arbetar i ett h\u00f6gt tempo och anpassar oss till regleringar och marknadsf\u00f6r\u00e4ndringar och kommer att beg\u00e4ra korrigeringar och\/eller \u00e4ndringar vid behov.\u00a0<\/p>\n<\/div>\n<\/div>\n<\/div><\/section>\n\n\n\n<section class=\"wp-block-group wp-block-group-boxed wp-block-group-small-top-padding wp-block-group-small-bottom-padding\"><div class=\"wp-block-group-inner is-layout-flow wp-block-group-is-layout-flow\">\n<div class=\"wp-block-columns are-vertically-aligned-top wp-block-columns-1 is-layout-flex wp-container-core-columns-is-layout-9d6595d7 wp-block-columns-is-layout-flex\">\n<div class=\"wp-block-column wp-block-column-align-desktop-center wp-block-column-align-mobile-center is-layout-flow wp-block-column-is-layout-flow\">\n<figure class=\"wp-block-embed is-type-rich is-provider-embed-handler wp-block-embed-embed-handler wp-embed-aspect-16-9 wp-has-aspect-ratio\"><div class=\"wp-block-embed__wrapper\">\n<div class=\"ec-video\"><iframe loading=\"lazy\" title=\"compliance Training Video - N1 - 8 Most Important things to be compliant\" width=\"500\" height=\"281\" src=\"https:\/\/www.youtube.com\/embed\/UGYqpMcdc84?feature=oembed\" frameborder=\"0\" allow=\"accelerometer; autoplay; clipboard-write; encrypted-media; gyroscope; picture-in-picture; web-share\" referrerpolicy=\"strict-origin-when-cross-origin\" allowfullscreen><\/iframe><\/div>\n<\/div><\/figure>\n<\/div>\n<\/div>\n<\/div><\/section>\n\n\n\n<section class=\"wp-block-group wp-block-group-boxed wp-block-group-small-top-padding wp-block-group-small-bottom-padding\"><div class=\"wp-block-group-inner is-layout-flow wp-block-group-is-layout-flow\">\n<div class=\"wp-block-columns are-vertically-aligned-top wp-block-columns-1 is-layout-flex wp-container-core-columns-is-layout-9d6595d7 wp-block-columns-is-layout-flex\">\n<div class=\"wp-block-column is-layout-flow wp-block-column-is-layout-flow\">\n<p class=\"is-style-heading-2\"><strong>L\u00e4mna ut dina webbadresser<\/strong><\/p>\n\n\n\n<p>Se till att du ENDAST marknadsf\u00f6r eToro p\u00e5 webbplatser som du har angett till eToro. N\u00e4r du vill marknadsf\u00f6ra eToro via en ny kanal eller webbplats m\u00e5ste du f\u00f6rst skicka den till din Affiliate Manager f\u00f6r godk\u00e4nnande. Vi m\u00e5ste veta hur och var eToro marknadsf\u00f6rs.<\/p>\n\n\n\n<p class=\"is-style-heading-2\"><strong>Korrekt, balanserad och inte vilseledande<\/strong><\/p>\n\n\n\n<p>Var korrekt, balanserad och inte vilseledande. Se till att all information \u00e4r korrekt och uppdaterad. Kom alltid ih\u00e5g att n\u00e4mna riskerna. F\u00e5 inte investering att l\u00e5ta enkelt, eller ge falska l\u00f6ften och vilseledande uttalanden. Anv\u00e4nd inte eToro i ditt dom\u00e4nnamn och ange inte att du representerar eller arbetar f\u00f6r eToro.<\/p>\n\n\n\n<p class=\"is-style-heading-2\"><strong>F\u00f6rbjudna l\u00e4nder<\/strong><\/p>\n\n\n\n<p>Marknadsf\u00f6r inte eToro i <a href=\"https:\/\/etoropartners.com\/sv\/guidelines\/\">f\u00f6rbjudna l\u00e4nder<\/a>. T\u00e4nk p\u00e5 att vi inte betalar f\u00f6r dessa kampanjer. Du kan hitta listan \u00f6ver f\u00f6rbjudna l\u00e4nder i riktlinjerna. Se till att inte anv\u00e4nda landet i webbadressen, eller landstill\u00e4gget, spr\u00e5ket eller att n\u00e4mna landet p\u00e5 sidan.<\/p>\n\n\n\n<p class=\"is-style-heading-2\"><strong>Produktbegr\u00e4nsningar<\/strong><\/p>\n\n\n\n<p>Var medveten om <a href=\"https:\/\/etoropartners.com\/sv\/guidelines\/\">produktrestriktionerna<\/a>: du f\u00e5r inte marknadsf\u00f6ra vissa tillg\u00e5ngstyper i vissa l\u00e4nder. Om du marknadsf\u00f6r \u00f6ver hela v\u00e4rlden, se till att du n\u00e4mner vad som \u00e4r tillg\u00e4ngligt d\u00e4r, eller vad som inte \u00e4r det; till exempel: &#8221;Handla med krypto, aktier, r\u00e5varor och valuta p\u00e5 eToro (r\u00e5varor och valuta \u00e4r inte tillg\u00e4ngliga i USA)&#8221;. Regleringar kan \u00e4ndras, s\u00e5 se till att du kommunicerar i linje med begr\u00e4nsningarna.<\/p>\n\n\n\n<p class=\"is-style-heading-2\"><strong>Ingen investeringsr\u00e5dgivning<\/strong><\/p>\n\n\n\n<p>Inkludera inte eToro i inneh\u00e5ll som erbjuder investeringsr\u00e5dgivning.<br><\/p>\n\n\n\n<p class=\"is-style-heading-2\"><strong>Riskvarningar<\/strong><\/p>\n\n\n\n<p>Se alltid till att l\u00e4gga till r\u00e4tt <a href=\"https:\/\/etoropartners.com\/sv\/guidelines\/\">riskvarning<\/a> p\u00e5 r\u00e4tt plats och i samma storlek som resten av texten. Du hittar riskvarningarna i avsnittet om riktlinjer. Ansvarsfriskrivningarna m\u00e5ste vara placerade i n\u00e4rhet till varje l\u00e4nk som omdirigerar till eToro, ovanf\u00f6r recensioner och artiklar, samt i videor och deras beskrivningar.<\/p>\n\n\n\n<p class=\"is-style-heading-2\"><strong>F\u00f6rmedla inte en k\u00e4nsla av att det \u00e4r br\u00e5ttom\u00a0<\/strong><\/p>\n\n\n\n<p>Skapa inte en k\u00e4nsla av att det \u00e4r br\u00e5ttom att k\u00f6pa vissa instrument.<\/p>\n\n\n\n<p class=\"is-style-heading-2\"><strong>Ingen information om\u00a0 KYC, inget bedr\u00e4geri\u00a0<\/strong><\/p>\n\n\n\n<p>L\u00e4mna inte ut konfidentiell information eller hj\u00e4lp investerare att lura eToro. V\u00e4gled heller inte investerare om hur de ska svara p\u00e5 KYC-fr\u00e5gorna och uppmuntra dem inte att handla p\u00e5 plattformen.<\/p>\n<\/div>\n<\/div>\n<\/div><\/section>\n","protected":false},"excerpt":{"rendered":"<p>De \u00e5tta viktigaste delarna i en kampanj som uppfyller kraven eToro \u00e4r ett v\u00e4lrenommerat varum\u00e4rke som ger handlare och investerare fr\u00e5n hela v\u00e4rlden en s\u00e4ker och reglerad investeringsupplevelse. Det \u00e4r d\u00e4rf\u00f6r av yttersta vikt att du skapar en kampanj som \u00e4r i linje med de lagstadgade kraven och riktlinjerna i den jurisdiktion d\u00e4r du marknadsf\u00f6r [&hellip;]<\/p>\n","protected":false},"author":11,"featured_media":8075,"parent":0,"menu_order":0,"comment_status":"closed","ping_status":"closed","template":"","meta":{"_acf_changed":false,"sticky_cta_settings":"","footnotes":""},"class_list":["post-8680","page","type-page","status-publish","has-post-thumbnail","hentry"],"acf":[],"yoast_head":"<!-- This site is optimized with the Yoast SEO plugin v27.3 - https:\/\/yoast.com\/product\/yoast-seo-wordpress\/ -->\n<title>De \u00e5tta viktigaste delarna i en kampanj som uppfyller kraven<\/title>\n<meta name=\"description\" content=\"&quot; eToro \u00e4r ett v\u00e4lrenommerat varum\u00e4rke som ger handlare och investerare en s\u00e4ker och reglerad handelsupplevelse. Det \u00e4r av yttersta vikt att du skapar en kampanj som \u00e4r i linje med de lagstadgade kraven&quot;\" \/>\n<meta name=\"robots\" content=\"index, follow, max-snippet:-1, max-image-preview:large, max-video-preview:-1\" \/>\n<link rel=\"canonical\" href=\"https:\/\/etoropartners.com\/sv\/8-most-important-things\/\" \/>\n<meta property=\"og:locale\" content=\"sv_SE\" \/>\n<meta property=\"og:type\" content=\"article\" \/>\n<meta property=\"og:title\" content=\"De \u00e5tta viktigaste delarna i en kampanj som uppfyller kraven\" \/>\n<meta property=\"og:description\" content=\"&quot; eToro \u00e4r ett v\u00e4lrenommerat varum\u00e4rke som ger handlare och investerare en s\u00e4ker och reglerad handelsupplevelse. Det \u00e4r av yttersta vikt att du skapar en kampanj som \u00e4r i linje med de lagstadgade kraven&quot;\" \/>\n<meta property=\"og:url\" content=\"https:\/\/etoropartners.com\/sv\/8-most-important-things\/\" \/>\n<meta property=\"og:site_name\" content=\"eToro Partners\" \/>\n<meta property=\"article:modified_time\" content=\"2024-08-20T09:43:58+00:00\" \/>\n<meta property=\"og:image\" content=\"https:\/\/etoropartners.com\/wp-content\/uploads\/2024\/05\/Featured_8-most-important-things.png\" \/>\n\t<meta property=\"og:image:width\" content=\"1200\" \/>\n\t<meta property=\"og:image:height\" content=\"630\" \/>\n\t<meta property=\"og:image:type\" content=\"image\/png\" \/>\n<meta name=\"twitter:card\" content=\"summary_large_image\" \/>\n<meta name=\"twitter:label1\" content=\"Ber\u00e4knad l\u00e4stid\" \/>\n\t<meta name=\"twitter:data1\" content=\"3 minuter\" \/>\n<script type=\"application\/ld+json\" class=\"yoast-schema-graph\">{\"@context\":\"https:\\\/\\\/schema.org\",\"@graph\":[{\"@type\":\"WebPage\",\"@id\":\"https:\\\/\\\/etoropartners.com\\\/sv\\\/8-most-important-things\\\/\",\"url\":\"https:\\\/\\\/etoropartners.com\\\/sv\\\/8-most-important-things\\\/\",\"name\":\"De \u00e5tta viktigaste delarna i en kampanj som uppfyller kraven\",\"isPartOf\":{\"@id\":\"https:\\\/\\\/etoropartners.com\\\/sv\\\/#website\"},\"primaryImageOfPage\":{\"@id\":\"https:\\\/\\\/etoropartners.com\\\/sv\\\/8-most-important-things\\\/#primaryimage\"},\"image\":{\"@id\":\"https:\\\/\\\/etoropartners.com\\\/sv\\\/8-most-important-things\\\/#primaryimage\"},\"thumbnailUrl\":\"https:\\\/\\\/etoropartners.com\\\/wp-content\\\/uploads\\\/2024\\\/05\\\/Featured_8-most-important-things.png\",\"datePublished\":\"2024-05-22T06:47:21+00:00\",\"dateModified\":\"2024-08-20T09:43:58+00:00\",\"description\":\"\\\" eToro \u00e4r ett v\u00e4lrenommerat varum\u00e4rke som ger handlare och investerare en s\u00e4ker och reglerad handelsupplevelse. Det \u00e4r av yttersta vikt att du skapar en kampanj som \u00e4r i linje med de lagstadgade kraven\\\"\",\"breadcrumb\":{\"@id\":\"https:\\\/\\\/etoropartners.com\\\/sv\\\/8-most-important-things\\\/#breadcrumb\"},\"inLanguage\":\"sv-SE\",\"potentialAction\":[{\"@type\":\"ReadAction\",\"target\":[\"https:\\\/\\\/etoropartners.com\\\/sv\\\/8-most-important-things\\\/\"]}]},{\"@type\":\"ImageObject\",\"inLanguage\":\"sv-SE\",\"@id\":\"https:\\\/\\\/etoropartners.com\\\/sv\\\/8-most-important-things\\\/#primaryimage\",\"url\":\"https:\\\/\\\/etoropartners.com\\\/wp-content\\\/uploads\\\/2024\\\/05\\\/Featured_8-most-important-things.png\",\"contentUrl\":\"https:\\\/\\\/etoropartners.com\\\/wp-content\\\/uploads\\\/2024\\\/05\\\/Featured_8-most-important-things.png\",\"width\":1200,\"height\":630,\"caption\":\"8 most important things to consider when creating a compliant campaign\"},{\"@type\":\"BreadcrumbList\",\"@id\":\"https:\\\/\\\/etoropartners.com\\\/sv\\\/8-most-important-things\\\/#breadcrumb\",\"itemListElement\":[{\"@type\":\"ListItem\",\"position\":1,\"name\":\"Home\",\"item\":\"https:\\\/\\\/etoropartners.wpengine.com\\\/sv\\\/\"},{\"@type\":\"ListItem\",\"position\":2,\"name\":\"8 most important things to consider when creating a compliant campaign\"}]},{\"@type\":\"WebSite\",\"@id\":\"https:\\\/\\\/etoropartners.com\\\/sv\\\/#website\",\"url\":\"https:\\\/\\\/etoropartners.com\\\/sv\\\/\",\"name\":\"eToro Partners\",\"description\":\"\",\"potentialAction\":[{\"@type\":\"SearchAction\",\"target\":{\"@type\":\"EntryPoint\",\"urlTemplate\":\"https:\\\/\\\/etoropartners.com\\\/sv\\\/?s={search_term_string}\"},\"query-input\":{\"@type\":\"PropertyValueSpecification\",\"valueRequired\":true,\"valueName\":\"search_term_string\"}}],\"inLanguage\":\"sv-SE\"}]}<\/script>\n<!-- \/ Yoast SEO plugin. -->","yoast_head_json":{"title":"De \u00e5tta viktigaste delarna i en kampanj som uppfyller kraven","description":"\" eToro \u00e4r ett v\u00e4lrenommerat varum\u00e4rke som ger handlare och investerare en s\u00e4ker och reglerad handelsupplevelse. Det \u00e4r av yttersta vikt att du skapar en kampanj som \u00e4r i linje med de lagstadgade kraven\"","robots":{"index":"index","follow":"follow","max-snippet":"max-snippet:-1","max-image-preview":"max-image-preview:large","max-video-preview":"max-video-preview:-1"},"canonical":"https:\/\/etoropartners.com\/sv\/8-most-important-things\/","og_locale":"sv_SE","og_type":"article","og_title":"De \u00e5tta viktigaste delarna i en kampanj som uppfyller kraven","og_description":"\" eToro \u00e4r ett v\u00e4lrenommerat varum\u00e4rke som ger handlare och investerare en s\u00e4ker och reglerad handelsupplevelse. Det \u00e4r av yttersta vikt att du skapar en kampanj som \u00e4r i linje med de lagstadgade kraven\"","og_url":"https:\/\/etoropartners.com\/sv\/8-most-important-things\/","og_site_name":"eToro Partners","article_modified_time":"2024-08-20T09:43:58+00:00","og_image":[{"width":1200,"height":630,"url":"https:\/\/etoropartners.com\/wp-content\/uploads\/2024\/05\/Featured_8-most-important-things.png","type":"image\/png"}],"twitter_card":"summary_large_image","twitter_misc":{"Ber\u00e4knad l\u00e4stid":"3 minuter"},"schema":{"@context":"https:\/\/schema.org","@graph":[{"@type":"WebPage","@id":"https:\/\/etoropartners.com\/sv\/8-most-important-things\/","url":"https:\/\/etoropartners.com\/sv\/8-most-important-things\/","name":"De \u00e5tta viktigaste delarna i en kampanj som uppfyller kraven","isPartOf":{"@id":"https:\/\/etoropartners.com\/sv\/#website"},"primaryImageOfPage":{"@id":"https:\/\/etoropartners.com\/sv\/8-most-important-things\/#primaryimage"},"image":{"@id":"https:\/\/etoropartners.com\/sv\/8-most-important-things\/#primaryimage"},"thumbnailUrl":"https:\/\/etoropartners.com\/wp-content\/uploads\/2024\/05\/Featured_8-most-important-things.png","datePublished":"2024-05-22T06:47:21+00:00","dateModified":"2024-08-20T09:43:58+00:00","description":"\" eToro \u00e4r ett v\u00e4lrenommerat varum\u00e4rke som ger handlare och investerare en s\u00e4ker och reglerad handelsupplevelse. Det \u00e4r av yttersta vikt att du skapar en kampanj som \u00e4r i linje med de lagstadgade kraven\"","breadcrumb":{"@id":"https:\/\/etoropartners.com\/sv\/8-most-important-things\/#breadcrumb"},"inLanguage":"sv-SE","potentialAction":[{"@type":"ReadAction","target":["https:\/\/etoropartners.com\/sv\/8-most-important-things\/"]}]},{"@type":"ImageObject","inLanguage":"sv-SE","@id":"https:\/\/etoropartners.com\/sv\/8-most-important-things\/#primaryimage","url":"https:\/\/etoropartners.com\/wp-content\/uploads\/2024\/05\/Featured_8-most-important-things.png","contentUrl":"https:\/\/etoropartners.com\/wp-content\/uploads\/2024\/05\/Featured_8-most-important-things.png","width":1200,"height":630,"caption":"8 most important things to consider when creating a compliant campaign"},{"@type":"BreadcrumbList","@id":"https:\/\/etoropartners.com\/sv\/8-most-important-things\/#breadcrumb","itemListElement":[{"@type":"ListItem","position":1,"name":"Home","item":"https:\/\/etoropartners.wpengine.com\/sv\/"},{"@type":"ListItem","position":2,"name":"8 most important things to consider when creating a compliant campaign"}]},{"@type":"WebSite","@id":"https:\/\/etoropartners.com\/sv\/#website","url":"https:\/\/etoropartners.com\/sv\/","name":"eToro Partners","description":"","potentialAction":[{"@type":"SearchAction","target":{"@type":"EntryPoint","urlTemplate":"https:\/\/etoropartners.com\/sv\/?s={search_term_string}"},"query-input":{"@type":"PropertyValueSpecification","valueRequired":true,"valueName":"search_term_string"}}],"inLanguage":"sv-SE"}]}},"_links":{"self":[{"href":"https:\/\/etoropartners.com\/sv\/wp-json\/wp\/v2\/pages\/8680","targetHints":{"allow":["GET"]}}],"collection":[{"href":"https:\/\/etoropartners.com\/sv\/wp-json\/wp\/v2\/pages"}],"about":[{"href":"https:\/\/etoropartners.com\/sv\/wp-json\/wp\/v2\/types\/page"}],"author":[{"embeddable":true,"href":"https:\/\/etoropartners.com\/sv\/wp-json\/wp\/v2\/users\/11"}],"replies":[{"embeddable":true,"href":"https:\/\/etoropartners.com\/sv\/wp-json\/wp\/v2\/comments?post=8680"}],"version-history":[{"count":0,"href":"https:\/\/etoropartners.com\/sv\/wp-json\/wp\/v2\/pages\/8680\/revisions"}],"wp:featuredmedia":[{"embeddable":true,"href":"https:\/\/etoropartners.com\/sv\/wp-json\/wp\/v2\/media\/8075"}],"wp:attachment":[{"href":"https:\/\/etoropartners.com\/sv\/wp-json\/wp\/v2\/media?parent=8680"}],"curies":[{"name":"wp","href":"https:\/\/api.w.org\/{rel}","templated":true}]}}