{"id":8628,"date":"2024-05-22T13:20:48","date_gmt":"2024-05-22T11:20:48","guid":{"rendered":"https:\/\/etoropartners.com\/youtube-guidelines\/"},"modified":"2026-02-02T14:27:20","modified_gmt":"2026-02-02T12:27:20","slug":"youtube-guidelines","status":"publish","type":"page","link":"https:\/\/etoropartners.com\/sv\/youtube-guidelines\/","title":{"rendered":"Guide f\u00f6r regelefterlevnad f\u00f6r influencers"},"content":{"rendered":"\n<section class=\"wp-block-group wp-block-group-boxed wp-block-group-small-top-padding wp-block-group-small-bottom-padding\"><div class=\"wp-block-group-inner is-layout-flow wp-block-group-is-layout-flow\">\n<div class=\"wp-block-columns are-vertically-aligned-top wp-block-columns-1 is-layout-flex wp-container-core-columns-is-layout-9d6595d7 wp-block-columns-is-layout-flex\">\n<div class=\"wp-block-column wp-block-column-align-desktop-center wp-block-column-align-mobile-center is-layout-flow wp-block-column-is-layout-flow\">\n<h2 class=\"wp-block-heading\">Guide f\u00f6r regelefterlevnad f\u00f6r influencers<\/h2>\n\n\n\n<figure class=\"wp-block-image size-large\"><img loading=\"lazy\" decoding=\"async\" width=\"1024\" height=\"256\" src=\"https:\/\/etoropartners.com\/wp-content\/uploads\/2026\/01\/4301-12.10.25-eToro-Affiliate-Program-Influencer-compliance-guide-Header-1600x400px-V2-1024x256.jpg\" alt=\"\" class=\"wp-image-9312 wp-image-desktop\" srcset=\"https:\/\/etoropartners.com\/wp-content\/uploads\/2026\/01\/4301-12.10.25-eToro-Affiliate-Program-Influencer-compliance-guide-Header-1600x400px-V2-1024x256.jpg 1024w, https:\/\/etoropartners.com\/wp-content\/uploads\/2026\/01\/4301-12.10.25-eToro-Affiliate-Program-Influencer-compliance-guide-Header-1600x400px-V2-300x75.jpg 300w, https:\/\/etoropartners.com\/wp-content\/uploads\/2026\/01\/4301-12.10.25-eToro-Affiliate-Program-Influencer-compliance-guide-Header-1600x400px-V2-768x192.jpg 768w, https:\/\/etoropartners.com\/wp-content\/uploads\/2026\/01\/4301-12.10.25-eToro-Affiliate-Program-Influencer-compliance-guide-Header-1600x400px-V2-1536x384.jpg 1536w, https:\/\/etoropartners.com\/wp-content\/uploads\/2026\/01\/4301-12.10.25-eToro-Affiliate-Program-Influencer-compliance-guide-Header-1600x400px-V2.jpg 1600w\" sizes=\"auto, (max-width: 1024px) 100vw, 1024px\" \/><\/figure>\n<\/div>\n<\/div>\n<\/div><\/section>\n\n\n\n<section class=\"wp-block-group wp-block-group-boxed wp-block-group-small-top-padding wp-block-group-small-bottom-padding\"><div class=\"wp-block-group-inner is-layout-flow wp-block-group-is-layout-flow\">\n<div class=\"wp-block-columns are-vertically-aligned-top wp-block-columns-1 is-layout-flex wp-container-core-columns-is-layout-9d6595d7 wp-block-columns-is-layout-flex\">\n<div class=\"wp-block-column is-layout-flow wp-block-column-is-layout-flow\">\n<p>eToro \u00e4r ett v\u00e4lrenommerat varum\u00e4rke som tillhandah\u00e5ller en s\u00e4ker och reglerad handelsupplevelse f\u00f6r handlare och investerare fr\u00e5n hela v\u00e4rlden. Vi f\u00e4ster stor vikt vid transparenta, r\u00e4ttvisa och ansvarsfulla marknadsf\u00f6ringsmetoder och att uppr\u00e4tth\u00e5lla integriteten i det finansiella systemet. I egenskap av influencer spelar du en avg\u00f6rande roll f\u00f6r att bevara detta f\u00f6rtroende. Det \u00e4r d\u00e4rf\u00f6r av yttersta vikt att varje kampanj du skapar \u00e4r helt i linje med de lagstadgade kraven och riktlinjerna f\u00f6r den jurisdiktion marknadsf\u00f6r i eller inriktar dig p\u00e5 f\u00f6r att marknadsf\u00f6ra eToro. Den h\u00e4r guiden beskriver de viktigaste kraven p\u00e5 regelefterlevnad som st\u00e4lls p\u00e5 influencers som marknadsf\u00f6r eToro, ut\u00f6ver de riktlinjer som \u00e5terfinns <a href=\"https:\/\/etoropartners.com\/sv\/compliance-guidelines\/\">h\u00e4r<\/a>.<\/p>\n\n\n\n<p><\/p>\n\n\n\n<p><strong>F\u00f6rsta granskning av inneh\u00e5ll:<\/strong> Innan du publicerar inneh\u00e5ll om eToro m\u00e5ste du skicka in ditt inneh\u00e5ll eller manus f\u00f6r granskning till din affiliate-ansvarige. Denna process s\u00e4kerst\u00e4ller att allt marknadsf\u00f6ringsmaterial lever upp till eToros policyer\/riktlinjer och lagstadgade krav innan publicering.<\/p>\n\n\n\n<p><\/p>\n\n\n\n<p><strong>Marknadsf\u00f6ring i olika l\u00e4nder:<\/strong> eToro \u00e4r verksamt i fler \u00e4n 100 l\u00e4nder v\u00e4rlden \u00f6ver. D\u00e4remot g\u00e4ller lagstadgade begr\u00e4nsningar f\u00f6r marknadsf\u00f6ring av eToros tj\u00e4nster och vissa produkter i specifika regioner. N\u00e4r du marknadsf\u00f6r eToro, ska du avst\u00e5 fr\u00e5n att n\u00e4mna eller rikta in dig p\u00e5 l\u00e4nder som omfattas av s\u00e5dana restriktioner, inklusive att anv\u00e4nda specifika spr\u00e5k eller valutor som \u00e4r associerade med dessa l\u00e4nder vilket skulle kunna antyda att marknadsf\u00f6ringen \u00e4r riktad mot en region som \u00e4r begr\u00e4nsad. Undvik dessutom att marknadsf\u00f6ra produkter som \u00e4r begr\u00e4nsade i landet du riktar in dig p\u00e5. Detaljerad information h\u00e4rom \u00e5ter finns i v\u00e5ra <a href=\"https:\/\/etoropartners.com\/sv\/compliance-guidelines\/\">riktlinjer.<\/a><\/p>\n\n\n\n<p><\/p>\n\n\n\n<p><strong>Marknadsf\u00f6ring i USA:<\/strong> I USA m\u00e5ste du marknadsf\u00f6ra eToro med ett amerikanskt konto och endast efter att ditt konto och ditt inneh\u00e5ll har godk\u00e4nts av det amerikanska regelefterlevnadsteamet. F\u00f6lj de <a href=\"https:\/\/docs.google.com\/presentation\/d\/1U5-1DmQStR6pC0GPSti47MVmm_ucMxmz1t-ZmNSzSb0\/edit?slide=id.g3452ee07848_1_2#slide=id.g3452ee07848_1_2\">USA-specifika riktlinjerna<\/a> f\u00f6r att skapa kompatibelt inneh\u00e5ll. Observera att globala konton inte kommer att f\u00e5 n\u00e5gon ers\u00e4ttning f\u00f6r amerikanska handlare samt att amerikanska konton endast kommer att f\u00e5 ers\u00e4ttning f\u00f6r amerikanska handlare.<\/p>\n\n\n\n<p><\/p>\n\n\n\n<p><strong>Viktiga regelefterlevnadskrav:<\/strong><\/p>\n\n\n\n<ol class=\"wp-block-list wp-block-list\">\n<li><strong>Meddela dina webbadresser:\u00a0<\/strong>\n<ul class=\"wp-block-list wp-block-list wp-block-list-circle\">\n<li>Marknadsf\u00f6r eToro endast p\u00e5 webbplatser och kanaler som du har meddelat eToro. Om du vill anv\u00e4nda en ny kanal eller webbplats ska du skicka den till din affiliate-ansvarige f\u00f6r godk\u00e4nnande. Vi m\u00e5ste k\u00e4nna till hur och var eToro marknadsf\u00f6rs.<\/li>\n<\/ul>\n<\/li>\n\n\n\n<li><strong>Korrekt och icke-vilseledande information:\u00a0<\/strong>\n<ul class=\"wp-block-list wp-block-list wp-block-list-circle\">\n<li>Se till att all information \u00e4r <a href=\"https:\/\/etoropartners.com\/sv\/be-accurate\/\">korrekt, balanserad och aktuell<\/a>. N\u00e4mn riskerna med att investera. Undvik att f\u00e5 investeringar att l\u00e5ta enkelt, ge falska l\u00f6ften eller anv\u00e4nda vilseledande p\u00e5st\u00e5enden. Anv\u00e4nd inte bilder eller emojis som antyder f\u00f6rm\u00f6genhet eller upp\u00e5tg\u00e5ende trender (t.ex. penningh\u00f6gar, dyra bilar, raketer). Anv\u00e4nd inte eToro i ditt dom\u00e4nnamn eller h\u00e4vda att du representerar eller arbetar f\u00f6r eToro.<\/li>\n<\/ul>\n<\/li>\n\n\n\n<li><strong>Inga investeringsr\u00e5d:\u00a0<\/strong>\n<ul class=\"wp-block-list wp-block-list wp-block-list-circle\">\n<li>Inkludera inte eToro i inneh\u00e5ll som erbjuder investeringsr\u00e5dgivning.<\/li>\n<\/ul>\n<\/li>\n\n\n\n<li><strong>Undvik att skapa en k\u00e4nsla av br\u00e5dska:\u00a0<\/strong>\n<ul class=\"wp-block-list wp-block-list wp-block-list-circle\">\n<li>Frambringa inte en k\u00e4nsla av att n\u00e5gon skyndsamt beh\u00f6ver k\u00f6pa ett visst instrument.<\/li>\n<\/ul>\n<\/li>\n\n\n\n<li><strong>Sekretess och anti-bedr\u00e4geri:\u00a0<\/strong>\n<ul class=\"wp-block-list wp-block-list wp-block-list-circle\">\n<li>R\u00f6j inte konfidentiell information och hj\u00e4lp inte handlare att lura eToro. V\u00e4gled inte handlare i hur de ska svara p\u00e5 KYC-fr\u00e5gor eller ge dem incitament att handla p\u00e5 plattformen.<\/li>\n<\/ul>\n<\/li>\n<\/ol>\n\n\n\n<p><strong>Riskvarningar:<\/strong> Se alltid till att du l\u00e4gger till korrekt <a href=\"https:\/\/etoropartners.com\/sv\/risk-warnings\/\">riskvarning<\/a> f\u00f6r de marknadsf\u00f6rda tillg\u00e5ngarna och landet du riktar in dig p\u00e5, i en l\u00e4sbar storlek. F\u00f6r sociala medier ska du anv\u00e4nda den \u201dallm\u00e4nna\u201d riskvarningen. Om ditt inneh\u00e5ll enbart handlar om krypto, ska du ist\u00e4llet anv\u00e4nda kryptoriskvarningen. Riskvarningen m\u00e5ste placeras i n\u00e4rheten av varje l\u00e4nk som omdirigerar till eToro och i varje inl\u00e4gg om eToro. I videoinneh\u00e5ll ska varningen vara synlig p\u00e5 sk\u00e4rmen i 10 sekunder i slutet av videor som handlar om eToro och \u00e4ven visas i videobeskrivningarna, bredvid eToro-l\u00e4nken. P\u00e5 plattformar som TikTok och Instagram kan du anv\u00e4nda den korta versionen av riskvarningen \u201dAktier och ETF:er\u201d p\u00e5 grund av teckenbegr\u00e4nsningar.<\/p>\n\n\n\n<p><br><strong>Upplysningar:<\/strong> F\u00f6r sociala medier, se till att ditt material \u00e4r tydligt identifierbart som en annons. Detta kan vara s\u00e5 enkelt som att inkludera ett uttalande som &#8221;#advert&#8221;.<\/p>\n\n\n\n<p><br><strong>Regelbunden granskning av inneh\u00e5ll och regelefterlevnad:<\/strong> eToro kommer att regelbundet granska ditt marknadsf\u00f6ringsinneh\u00e5ll f\u00f6r att tillse att dess interna policyer och till\u00e4mpliga regelverk efterlevs p\u00e5 kontinuerlig basis. Du \u00e4r skyldig att fullt ut samarbeta med alla efterlevnadsgranskningar och att omedelbart implementera \u00e4ndringar som du ombeds g\u00f6ra. Att inte f\u00f6lja eToros riktlinjer kan leda till att ditt konto\/din relation med oss avslutas.<\/p>\n\n\n\n<p><\/p>\n\n\n\n<p><strong>Tack f\u00f6r att du uppr\u00e4tth\u00e5ller eToros h\u00f6ga standarder. Vi ser fram emot att se ditt fantastiska inneh\u00e5ll!<\/strong><\/p>\n\n\n\n<p>*eToro \u00e4r en investeringsplattform f\u00f6r handel med flera tillg\u00e5ngsslag. V\u00e4rdet p\u00e5 dina investeringar kan g\u00e5 upp eller ned.&nbsp; Ditt kapital riskeras.<\/p>\n\n\n\n<p>*eToro AUS Capital Limited AFSL 491139. eToro \u00e4r en investeringsplattform f\u00f6r handel med flera tillg\u00e5ngsslag. V\u00e4rdet p\u00e5 dina investeringar kan g\u00e5 upp eller ned. Ditt kapital riskeras. Se PDS och TMD<\/p>\n<\/div>\n<\/div>\n<\/div><\/section>\n","protected":false},"excerpt":{"rendered":"<p>Guide f\u00f6r regelefterlevnad f\u00f6r influencers eToro \u00e4r ett v\u00e4lrenommerat varum\u00e4rke som tillhandah\u00e5ller en s\u00e4ker och reglerad handelsupplevelse f\u00f6r handlare och investerare fr\u00e5n hela v\u00e4rlden. Vi f\u00e4ster stor vikt vid transparenta, r\u00e4ttvisa och ansvarsfulla marknadsf\u00f6ringsmetoder och att uppr\u00e4tth\u00e5lla integriteten i det finansiella systemet. I egenskap av influencer spelar du en avg\u00f6rande roll f\u00f6r att bevara detta [&hellip;]<\/p>\n","protected":false},"author":11,"featured_media":0,"parent":0,"menu_order":0,"comment_status":"closed","ping_status":"closed","template":"","meta":{"_acf_changed":false,"sticky_cta_settings":"","footnotes":""},"class_list":["post-8628","page","type-page","status-publish","hentry"],"acf":[],"yoast_head":"<!-- This site is optimized with the Yoast SEO plugin v27.3 - https:\/\/yoast.com\/product\/yoast-seo-wordpress\/ -->\n<title>Riktlinjer f\u00f6r YouTube<\/title>\n<meta name=\"description\" content=\"L\u00e4s h\u00e4r om riktlinjerna f\u00f6r dina youtube-kampanjer\" \/>\n<meta name=\"robots\" content=\"index, follow, max-snippet:-1, max-image-preview:large, max-video-preview:-1\" \/>\n<link rel=\"canonical\" href=\"https:\/\/etoropartners.com\/sv\/youtube-guidelines\/\" \/>\n<meta property=\"og:locale\" content=\"sv_SE\" \/>\n<meta property=\"og:type\" content=\"article\" \/>\n<meta property=\"og:title\" content=\"Riktlinjer f\u00f6r YouTube\" \/>\n<meta property=\"og:description\" content=\"L\u00e4s h\u00e4r om riktlinjerna f\u00f6r dina youtube-kampanjer\" \/>\n<meta property=\"og:url\" content=\"https:\/\/etoropartners.com\/sv\/youtube-guidelines\/\" \/>\n<meta property=\"og:site_name\" content=\"eToro Partners\" \/>\n<meta property=\"article:modified_time\" content=\"2026-02-02T12:27:20+00:00\" \/>\n<meta property=\"og:image\" content=\"https:\/\/etoropartners.com\/wp-content\/uploads\/2026\/01\/4301-12.10.25-eToro-Affiliate-Program-Influencer-compliance-guide-Header-1600x400px-V2.jpg\" \/>\n\t<meta property=\"og:image:width\" content=\"1600\" \/>\n\t<meta property=\"og:image:height\" content=\"400\" \/>\n\t<meta property=\"og:image:type\" content=\"image\/jpeg\" \/>\n<meta name=\"twitter:card\" content=\"summary_large_image\" \/>\n<meta name=\"twitter:label1\" content=\"Ber\u00e4knad l\u00e4stid\" \/>\n\t<meta name=\"twitter:data1\" content=\"4 minuter\" \/>\n<script type=\"application\/ld+json\" class=\"yoast-schema-graph\">{\"@context\":\"https:\\\/\\\/schema.org\",\"@graph\":[{\"@type\":\"WebPage\",\"@id\":\"https:\\\/\\\/etoropartners.com\\\/sv\\\/youtube-guidelines\\\/\",\"url\":\"https:\\\/\\\/etoropartners.com\\\/sv\\\/youtube-guidelines\\\/\",\"name\":\"Riktlinjer f\u00f6r YouTube\",\"isPartOf\":{\"@id\":\"https:\\\/\\\/etoropartners.com\\\/sv\\\/#website\"},\"primaryImageOfPage\":{\"@id\":\"https:\\\/\\\/etoropartners.com\\\/sv\\\/youtube-guidelines\\\/#primaryimage\"},\"image\":{\"@id\":\"https:\\\/\\\/etoropartners.com\\\/sv\\\/youtube-guidelines\\\/#primaryimage\"},\"thumbnailUrl\":\"https:\\\/\\\/etoropartners.com\\\/wp-content\\\/uploads\\\/2026\\\/01\\\/4301-12.10.25-eToro-Affiliate-Program-Influencer-compliance-guide-Header-1600x400px-V2-1024x256.jpg\",\"datePublished\":\"2024-05-22T11:20:48+00:00\",\"dateModified\":\"2026-02-02T12:27:20+00:00\",\"description\":\"L\u00e4s h\u00e4r om riktlinjerna f\u00f6r dina youtube-kampanjer\",\"breadcrumb\":{\"@id\":\"https:\\\/\\\/etoropartners.com\\\/sv\\\/youtube-guidelines\\\/#breadcrumb\"},\"inLanguage\":\"sv-SE\",\"potentialAction\":[{\"@type\":\"ReadAction\",\"target\":[\"https:\\\/\\\/etoropartners.com\\\/sv\\\/youtube-guidelines\\\/\"]}]},{\"@type\":\"ImageObject\",\"inLanguage\":\"sv-SE\",\"@id\":\"https:\\\/\\\/etoropartners.com\\\/sv\\\/youtube-guidelines\\\/#primaryimage\",\"url\":\"https:\\\/\\\/etoropartners.com\\\/wp-content\\\/uploads\\\/2026\\\/01\\\/4301-12.10.25-eToro-Affiliate-Program-Influencer-compliance-guide-Header-1600x400px-V2-1024x256.jpg\",\"contentUrl\":\"https:\\\/\\\/etoropartners.com\\\/wp-content\\\/uploads\\\/2026\\\/01\\\/4301-12.10.25-eToro-Affiliate-Program-Influencer-compliance-guide-Header-1600x400px-V2-1024x256.jpg\"},{\"@type\":\"BreadcrumbList\",\"@id\":\"https:\\\/\\\/etoropartners.com\\\/sv\\\/youtube-guidelines\\\/#breadcrumb\",\"itemListElement\":[{\"@type\":\"ListItem\",\"position\":1,\"name\":\"Home\",\"item\":\"https:\\\/\\\/etoropartners.wpengine.com\\\/sv\\\/\"},{\"@type\":\"ListItem\",\"position\":2,\"name\":\"Guide f\u00f6r regelefterlevnad f\u00f6r influencers\"}]},{\"@type\":\"WebSite\",\"@id\":\"https:\\\/\\\/etoropartners.com\\\/sv\\\/#website\",\"url\":\"https:\\\/\\\/etoropartners.com\\\/sv\\\/\",\"name\":\"eToro Partners\",\"description\":\"\",\"potentialAction\":[{\"@type\":\"SearchAction\",\"target\":{\"@type\":\"EntryPoint\",\"urlTemplate\":\"https:\\\/\\\/etoropartners.com\\\/sv\\\/?s={search_term_string}\"},\"query-input\":{\"@type\":\"PropertyValueSpecification\",\"valueRequired\":true,\"valueName\":\"search_term_string\"}}],\"inLanguage\":\"sv-SE\"}]}<\/script>\n<!-- \/ Yoast SEO plugin. -->","yoast_head_json":{"title":"Riktlinjer f\u00f6r YouTube","description":"L\u00e4s h\u00e4r om riktlinjerna f\u00f6r dina youtube-kampanjer","robots":{"index":"index","follow":"follow","max-snippet":"max-snippet:-1","max-image-preview":"max-image-preview:large","max-video-preview":"max-video-preview:-1"},"canonical":"https:\/\/etoropartners.com\/sv\/youtube-guidelines\/","og_locale":"sv_SE","og_type":"article","og_title":"Riktlinjer f\u00f6r YouTube","og_description":"L\u00e4s h\u00e4r om riktlinjerna f\u00f6r dina youtube-kampanjer","og_url":"https:\/\/etoropartners.com\/sv\/youtube-guidelines\/","og_site_name":"eToro Partners","article_modified_time":"2026-02-02T12:27:20+00:00","og_image":[{"width":1600,"height":400,"url":"https:\/\/etoropartners.com\/wp-content\/uploads\/2026\/01\/4301-12.10.25-eToro-Affiliate-Program-Influencer-compliance-guide-Header-1600x400px-V2.jpg","type":"image\/jpeg"}],"twitter_card":"summary_large_image","twitter_misc":{"Ber\u00e4knad l\u00e4stid":"4 minuter"},"schema":{"@context":"https:\/\/schema.org","@graph":[{"@type":"WebPage","@id":"https:\/\/etoropartners.com\/sv\/youtube-guidelines\/","url":"https:\/\/etoropartners.com\/sv\/youtube-guidelines\/","name":"Riktlinjer f\u00f6r YouTube","isPartOf":{"@id":"https:\/\/etoropartners.com\/sv\/#website"},"primaryImageOfPage":{"@id":"https:\/\/etoropartners.com\/sv\/youtube-guidelines\/#primaryimage"},"image":{"@id":"https:\/\/etoropartners.com\/sv\/youtube-guidelines\/#primaryimage"},"thumbnailUrl":"https:\/\/etoropartners.com\/wp-content\/uploads\/2026\/01\/4301-12.10.25-eToro-Affiliate-Program-Influencer-compliance-guide-Header-1600x400px-V2-1024x256.jpg","datePublished":"2024-05-22T11:20:48+00:00","dateModified":"2026-02-02T12:27:20+00:00","description":"L\u00e4s h\u00e4r om riktlinjerna f\u00f6r dina youtube-kampanjer","breadcrumb":{"@id":"https:\/\/etoropartners.com\/sv\/youtube-guidelines\/#breadcrumb"},"inLanguage":"sv-SE","potentialAction":[{"@type":"ReadAction","target":["https:\/\/etoropartners.com\/sv\/youtube-guidelines\/"]}]},{"@type":"ImageObject","inLanguage":"sv-SE","@id":"https:\/\/etoropartners.com\/sv\/youtube-guidelines\/#primaryimage","url":"https:\/\/etoropartners.com\/wp-content\/uploads\/2026\/01\/4301-12.10.25-eToro-Affiliate-Program-Influencer-compliance-guide-Header-1600x400px-V2-1024x256.jpg","contentUrl":"https:\/\/etoropartners.com\/wp-content\/uploads\/2026\/01\/4301-12.10.25-eToro-Affiliate-Program-Influencer-compliance-guide-Header-1600x400px-V2-1024x256.jpg"},{"@type":"BreadcrumbList","@id":"https:\/\/etoropartners.com\/sv\/youtube-guidelines\/#breadcrumb","itemListElement":[{"@type":"ListItem","position":1,"name":"Home","item":"https:\/\/etoropartners.wpengine.com\/sv\/"},{"@type":"ListItem","position":2,"name":"Guide f\u00f6r regelefterlevnad f\u00f6r influencers"}]},{"@type":"WebSite","@id":"https:\/\/etoropartners.com\/sv\/#website","url":"https:\/\/etoropartners.com\/sv\/","name":"eToro Partners","description":"","potentialAction":[{"@type":"SearchAction","target":{"@type":"EntryPoint","urlTemplate":"https:\/\/etoropartners.com\/sv\/?s={search_term_string}"},"query-input":{"@type":"PropertyValueSpecification","valueRequired":true,"valueName":"search_term_string"}}],"inLanguage":"sv-SE"}]}},"_links":{"self":[{"href":"https:\/\/etoropartners.com\/sv\/wp-json\/wp\/v2\/pages\/8628","targetHints":{"allow":["GET"]}}],"collection":[{"href":"https:\/\/etoropartners.com\/sv\/wp-json\/wp\/v2\/pages"}],"about":[{"href":"https:\/\/etoropartners.com\/sv\/wp-json\/wp\/v2\/types\/page"}],"author":[{"embeddable":true,"href":"https:\/\/etoropartners.com\/sv\/wp-json\/wp\/v2\/users\/11"}],"replies":[{"embeddable":true,"href":"https:\/\/etoropartners.com\/sv\/wp-json\/wp\/v2\/comments?post=8628"}],"version-history":[{"count":0,"href":"https:\/\/etoropartners.com\/sv\/wp-json\/wp\/v2\/pages\/8628\/revisions"}],"wp:attachment":[{"href":"https:\/\/etoropartners.com\/sv\/wp-json\/wp\/v2\/media?parent=8628"}],"curies":[{"name":"wp","href":"https:\/\/api.w.org\/{rel}","templated":true}]}}