{"id":2842,"date":"2021-10-19T07:28:36","date_gmt":"2021-10-19T07:28:36","guid":{"rendered":"https:\/\/etoropartners.wpengine.com\/key-features-for-etoro-partners\/"},"modified":"2026-01-13T10:45:22","modified_gmt":"2026-01-13T08:45:22","slug":"key-features-for-etoro-partners","status":"publish","type":"page","link":"https:\/\/etoropartners.com\/sv\/key-features-for-etoro-partners\/","title":{"rendered":"Key Features"},"content":{"rendered":"","protected":false},"excerpt":{"rendered":"","protected":false},"author":5,"featured_media":3969,"parent":0,"menu_order":0,"comment_status":"closed","ping_status":"closed","template":"","meta":{"_acf_changed":false,"sticky_cta_settings":"","footnotes":""},"class_list":["post-2842","page","type-page","status-publish","has-post-thumbnail","hentry"],"acf":[],"yoast_head":"<!-- This site is optimized with the Yoast SEO plugin v27.3 - https:\/\/yoast.com\/product\/yoast-seo-wordpress\/ -->\n<title>Viktiga funktioner f\u00f6r eToro Partners<\/title>\n<meta name=\"description\" content=\"eToro finns i m\u00e5nga l\u00e4nder. Eftersom reglerna varierar fr\u00e5n land till land har vi noterat var en viss tillg\u00e5ng eller funktion \u00e4r begr\u00e4nsad\" \/>\n<meta name=\"robots\" content=\"index, follow, max-snippet:-1, max-image-preview:large, max-video-preview:-1\" \/>\n<link rel=\"canonical\" href=\"https:\/\/etoropartners.com\/sv\/key-features-for-etoro-partners\/\" \/>\n<meta property=\"og:locale\" content=\"sv_SE\" \/>\n<meta property=\"og:type\" content=\"article\" \/>\n<meta property=\"og:title\" content=\"Viktiga funktioner f\u00f6r eToro Partners\" \/>\n<meta property=\"og:description\" content=\"eToro finns i m\u00e5nga l\u00e4nder. Eftersom reglerna varierar fr\u00e5n land till land har vi noterat var en viss tillg\u00e5ng eller funktion \u00e4r begr\u00e4nsad\" \/>\n<meta property=\"og:url\" content=\"https:\/\/etoropartners.com\/sv\/key-features-for-etoro-partners\/\" \/>\n<meta property=\"og:site_name\" content=\"eToro Partners\" \/>\n<meta property=\"article:modified_time\" content=\"2026-01-13T08:45:22+00:00\" \/>\n<meta property=\"og:image\" content=\"https:\/\/etoropartners.com\/wp-content\/uploads\/2023\/02\/Key-Features-for-eToro-Partners.png\" \/>\n\t<meta property=\"og:image:width\" content=\"1600\" \/>\n\t<meta property=\"og:image:height\" content=\"400\" \/>\n\t<meta property=\"og:image:type\" content=\"image\/png\" \/>\n<meta name=\"twitter:card\" content=\"summary_large_image\" \/>\n<meta name=\"twitter:label1\" content=\"Ber\u00e4knad l\u00e4stid\" \/>\n\t<meta name=\"twitter:data1\" content=\"1 minut\" \/>\n<script type=\"application\/ld+json\" class=\"yoast-schema-graph\">{\"@context\":\"https:\\\/\\\/schema.org\",\"@graph\":[{\"@type\":\"WebPage\",\"@id\":\"https:\\\/\\\/etoropartners.com\\\/sv\\\/key-features-for-etoro-partners\\\/\",\"url\":\"https:\\\/\\\/etoropartners.com\\\/sv\\\/key-features-for-etoro-partners\\\/\",\"name\":\"Viktiga funktioner f\u00f6r eToro Partners\",\"isPartOf\":{\"@id\":\"https:\\\/\\\/etoropartners.com\\\/sv\\\/#website\"},\"primaryImageOfPage\":{\"@id\":\"https:\\\/\\\/etoropartners.com\\\/sv\\\/key-features-for-etoro-partners\\\/#primaryimage\"},\"image\":{\"@id\":\"https:\\\/\\\/etoropartners.com\\\/sv\\\/key-features-for-etoro-partners\\\/#primaryimage\"},\"thumbnailUrl\":\"https:\\\/\\\/etoropartners.com\\\/wp-content\\\/uploads\\\/2023\\\/02\\\/Key-Features-for-eToro-Partners.png\",\"datePublished\":\"2021-10-19T07:28:36+00:00\",\"dateModified\":\"2026-01-13T08:45:22+00:00\",\"description\":\"eToro finns i m\u00e5nga l\u00e4nder. Eftersom reglerna varierar fr\u00e5n land till land har vi noterat var en viss tillg\u00e5ng eller funktion \u00e4r begr\u00e4nsad\",\"breadcrumb\":{\"@id\":\"https:\\\/\\\/etoropartners.com\\\/sv\\\/key-features-for-etoro-partners\\\/#breadcrumb\"},\"inLanguage\":\"sv-SE\",\"potentialAction\":[{\"@type\":\"ReadAction\",\"target\":[\"https:\\\/\\\/etoropartners.com\\\/sv\\\/key-features-for-etoro-partners\\\/\"]}]},{\"@type\":\"ImageObject\",\"inLanguage\":\"sv-SE\",\"@id\":\"https:\\\/\\\/etoropartners.com\\\/sv\\\/key-features-for-etoro-partners\\\/#primaryimage\",\"url\":\"https:\\\/\\\/etoropartners.com\\\/wp-content\\\/uploads\\\/2023\\\/02\\\/Key-Features-for-eToro-Partners.png\",\"contentUrl\":\"https:\\\/\\\/etoropartners.com\\\/wp-content\\\/uploads\\\/2023\\\/02\\\/Key-Features-for-eToro-Partners.png\",\"width\":1600,\"height\":400},{\"@type\":\"BreadcrumbList\",\"@id\":\"https:\\\/\\\/etoropartners.com\\\/sv\\\/key-features-for-etoro-partners\\\/#breadcrumb\",\"itemListElement\":[{\"@type\":\"ListItem\",\"position\":1,\"name\":\"Home\",\"item\":\"https:\\\/\\\/etoropartners.wpengine.com\\\/sv\\\/\"},{\"@type\":\"ListItem\",\"position\":2,\"name\":\"Key Features\"}]},{\"@type\":\"WebSite\",\"@id\":\"https:\\\/\\\/etoropartners.com\\\/sv\\\/#website\",\"url\":\"https:\\\/\\\/etoropartners.com\\\/sv\\\/\",\"name\":\"eToro Partners\",\"description\":\"\",\"potentialAction\":[{\"@type\":\"SearchAction\",\"target\":{\"@type\":\"EntryPoint\",\"urlTemplate\":\"https:\\\/\\\/etoropartners.com\\\/sv\\\/?s={search_term_string}\"},\"query-input\":{\"@type\":\"PropertyValueSpecification\",\"valueRequired\":true,\"valueName\":\"search_term_string\"}}],\"inLanguage\":\"sv-SE\"}]}<\/script>\n<!-- \/ Yoast SEO plugin. -->","yoast_head_json":{"title":"Viktiga funktioner f\u00f6r eToro Partners","description":"eToro finns i m\u00e5nga l\u00e4nder. Eftersom reglerna varierar fr\u00e5n land till land har vi noterat var en viss tillg\u00e5ng eller funktion \u00e4r begr\u00e4nsad","robots":{"index":"index","follow":"follow","max-snippet":"max-snippet:-1","max-image-preview":"max-image-preview:large","max-video-preview":"max-video-preview:-1"},"canonical":"https:\/\/etoropartners.com\/sv\/key-features-for-etoro-partners\/","og_locale":"sv_SE","og_type":"article","og_title":"Viktiga funktioner f\u00f6r eToro Partners","og_description":"eToro finns i m\u00e5nga l\u00e4nder. Eftersom reglerna varierar fr\u00e5n land till land har vi noterat var en viss tillg\u00e5ng eller funktion \u00e4r begr\u00e4nsad","og_url":"https:\/\/etoropartners.com\/sv\/key-features-for-etoro-partners\/","og_site_name":"eToro Partners","article_modified_time":"2026-01-13T08:45:22+00:00","og_image":[{"width":1600,"height":400,"url":"https:\/\/etoropartners.com\/wp-content\/uploads\/2023\/02\/Key-Features-for-eToro-Partners.png","type":"image\/png"}],"twitter_card":"summary_large_image","twitter_misc":{"Ber\u00e4knad l\u00e4stid":"1 minut"},"schema":{"@context":"https:\/\/schema.org","@graph":[{"@type":"WebPage","@id":"https:\/\/etoropartners.com\/sv\/key-features-for-etoro-partners\/","url":"https:\/\/etoropartners.com\/sv\/key-features-for-etoro-partners\/","name":"Viktiga funktioner f\u00f6r eToro Partners","isPartOf":{"@id":"https:\/\/etoropartners.com\/sv\/#website"},"primaryImageOfPage":{"@id":"https:\/\/etoropartners.com\/sv\/key-features-for-etoro-partners\/#primaryimage"},"image":{"@id":"https:\/\/etoropartners.com\/sv\/key-features-for-etoro-partners\/#primaryimage"},"thumbnailUrl":"https:\/\/etoropartners.com\/wp-content\/uploads\/2023\/02\/Key-Features-for-eToro-Partners.png","datePublished":"2021-10-19T07:28:36+00:00","dateModified":"2026-01-13T08:45:22+00:00","description":"eToro finns i m\u00e5nga l\u00e4nder. Eftersom reglerna varierar fr\u00e5n land till land har vi noterat var en viss tillg\u00e5ng eller funktion \u00e4r begr\u00e4nsad","breadcrumb":{"@id":"https:\/\/etoropartners.com\/sv\/key-features-for-etoro-partners\/#breadcrumb"},"inLanguage":"sv-SE","potentialAction":[{"@type":"ReadAction","target":["https:\/\/etoropartners.com\/sv\/key-features-for-etoro-partners\/"]}]},{"@type":"ImageObject","inLanguage":"sv-SE","@id":"https:\/\/etoropartners.com\/sv\/key-features-for-etoro-partners\/#primaryimage","url":"https:\/\/etoropartners.com\/wp-content\/uploads\/2023\/02\/Key-Features-for-eToro-Partners.png","contentUrl":"https:\/\/etoropartners.com\/wp-content\/uploads\/2023\/02\/Key-Features-for-eToro-Partners.png","width":1600,"height":400},{"@type":"BreadcrumbList","@id":"https:\/\/etoropartners.com\/sv\/key-features-for-etoro-partners\/#breadcrumb","itemListElement":[{"@type":"ListItem","position":1,"name":"Home","item":"https:\/\/etoropartners.wpengine.com\/sv\/"},{"@type":"ListItem","position":2,"name":"Key Features"}]},{"@type":"WebSite","@id":"https:\/\/etoropartners.com\/sv\/#website","url":"https:\/\/etoropartners.com\/sv\/","name":"eToro Partners","description":"","potentialAction":[{"@type":"SearchAction","target":{"@type":"EntryPoint","urlTemplate":"https:\/\/etoropartners.com\/sv\/?s={search_term_string}"},"query-input":{"@type":"PropertyValueSpecification","valueRequired":true,"valueName":"search_term_string"}}],"inLanguage":"sv-SE"}]}},"_links":{"self":[{"href":"https:\/\/etoropartners.com\/sv\/wp-json\/wp\/v2\/pages\/2842","targetHints":{"allow":["GET"]}}],"collection":[{"href":"https:\/\/etoropartners.com\/sv\/wp-json\/wp\/v2\/pages"}],"about":[{"href":"https:\/\/etoropartners.com\/sv\/wp-json\/wp\/v2\/types\/page"}],"author":[{"embeddable":true,"href":"https:\/\/etoropartners.com\/sv\/wp-json\/wp\/v2\/users\/5"}],"replies":[{"embeddable":true,"href":"https:\/\/etoropartners.com\/sv\/wp-json\/wp\/v2\/comments?post=2842"}],"version-history":[{"count":0,"href":"https:\/\/etoropartners.com\/sv\/wp-json\/wp\/v2\/pages\/2842\/revisions"}],"wp:featuredmedia":[{"embeddable":true,"href":"https:\/\/etoropartners.com\/sv\/wp-json\/wp\/v2\/media\/3969"}],"wp:attachment":[{"href":"https:\/\/etoropartners.com\/sv\/wp-json\/wp\/v2\/media?parent=2842"}],"curies":[{"name":"wp","href":"https:\/\/api.w.org\/{rel}","templated":true}]}}