{"id":2037,"date":"2021-01-14T11:30:05","date_gmt":"2021-01-14T11:30:05","guid":{"rendered":"https:\/\/etoropartners.wpengine.com\/plans\/"},"modified":"2023-10-02T15:05:02","modified_gmt":"2023-10-02T13:05:02","slug":"plans","status":"publish","type":"page","link":"https:\/\/etoropartners.com\/sv\/plans\/","title":{"rendered":"Plans"},"content":{"rendered":"","protected":false},"excerpt":{"rendered":"","protected":false},"author":5,"featured_media":0,"parent":0,"menu_order":0,"comment_status":"closed","ping_status":"closed","template":"","meta":{"_acf_changed":false,"sticky_cta_settings":"","footnotes":""},"class_list":["post-2037","page","type-page","status-publish","hentry"],"acf":[],"yoast_head":"<!-- This site is optimized with the Yoast SEO plugin v27.3 - https:\/\/yoast.com\/product\/yoast-seo-wordpress\/ -->\n<title>Provisionsplan f\u00f6r eToros partnerprogram<\/title>\n<meta name=\"description\" content=\"eToro-partners kan tj\u00e4na provision genom att v\u00e4rva handlare till eToro. L\u00e4r dig allt om de provisioner du kan tj\u00e4na genom v\u00e5rt partnerprogram.\" \/>\n<meta name=\"robots\" content=\"index, follow, max-snippet:-1, max-image-preview:large, max-video-preview:-1\" \/>\n<link rel=\"canonical\" href=\"https:\/\/etoropartners.com\/sv\/plans\/\" \/>\n<meta property=\"og:locale\" content=\"sv_SE\" \/>\n<meta property=\"og:type\" content=\"article\" \/>\n<meta property=\"og:title\" content=\"Provisionsplan f\u00f6r eToros partnerprogram\" \/>\n<meta property=\"og:description\" content=\"eToro-partners kan tj\u00e4na provision genom att v\u00e4rva handlare till eToro. L\u00e4r dig allt om de provisioner du kan tj\u00e4na genom v\u00e5rt partnerprogram.\" \/>\n<meta property=\"og:url\" content=\"https:\/\/etoropartners.com\/sv\/plans\/\" \/>\n<meta property=\"og:site_name\" content=\"eToro Partners\" \/>\n<meta property=\"article:modified_time\" content=\"2023-10-02T13:05:02+00:00\" \/>\n<meta name=\"twitter:card\" content=\"summary_large_image\" \/>\n<script type=\"application\/ld+json\" class=\"yoast-schema-graph\">{\"@context\":\"https:\\\/\\\/schema.org\",\"@graph\":[{\"@type\":\"WebPage\",\"@id\":\"https:\\\/\\\/etoropartners.com\\\/sv\\\/plans\\\/\",\"url\":\"https:\\\/\\\/etoropartners.com\\\/sv\\\/plans\\\/\",\"name\":\"Provisionsplan f\u00f6r eToros partnerprogram\",\"isPartOf\":{\"@id\":\"https:\\\/\\\/etoropartners.com\\\/sv\\\/#website\"},\"datePublished\":\"2021-01-14T11:30:05+00:00\",\"dateModified\":\"2023-10-02T13:05:02+00:00\",\"description\":\"eToro-partners kan tj\u00e4na provision genom att v\u00e4rva handlare till eToro. L\u00e4r dig allt om de provisioner du kan tj\u00e4na genom v\u00e5rt partnerprogram.\",\"breadcrumb\":{\"@id\":\"https:\\\/\\\/etoropartners.com\\\/sv\\\/plans\\\/#breadcrumb\"},\"inLanguage\":\"sv-SE\",\"potentialAction\":[{\"@type\":\"ReadAction\",\"target\":[\"https:\\\/\\\/etoropartners.com\\\/sv\\\/plans\\\/\"]}]},{\"@type\":\"BreadcrumbList\",\"@id\":\"https:\\\/\\\/etoropartners.com\\\/sv\\\/plans\\\/#breadcrumb\",\"itemListElement\":[{\"@type\":\"ListItem\",\"position\":1,\"name\":\"Home\",\"item\":\"https:\\\/\\\/etoropartners.wpengine.com\\\/sv\\\/\"},{\"@type\":\"ListItem\",\"position\":2,\"name\":\"Planer\"}]},{\"@type\":\"WebSite\",\"@id\":\"https:\\\/\\\/etoropartners.com\\\/sv\\\/#website\",\"url\":\"https:\\\/\\\/etoropartners.com\\\/sv\\\/\",\"name\":\"eToro Partners\",\"description\":\"\",\"potentialAction\":[{\"@type\":\"SearchAction\",\"target\":{\"@type\":\"EntryPoint\",\"urlTemplate\":\"https:\\\/\\\/etoropartners.com\\\/sv\\\/?s={search_term_string}\"},\"query-input\":{\"@type\":\"PropertyValueSpecification\",\"valueRequired\":true,\"valueName\":\"search_term_string\"}}],\"inLanguage\":\"sv-SE\"}]}<\/script>\n<!-- \/ Yoast SEO plugin. -->","yoast_head_json":{"title":"Provisionsplan f\u00f6r eToros partnerprogram","description":"eToro-partners kan tj\u00e4na provision genom att v\u00e4rva handlare till eToro. L\u00e4r dig allt om de provisioner du kan tj\u00e4na genom v\u00e5rt partnerprogram.","robots":{"index":"index","follow":"follow","max-snippet":"max-snippet:-1","max-image-preview":"max-image-preview:large","max-video-preview":"max-video-preview:-1"},"canonical":"https:\/\/etoropartners.com\/sv\/plans\/","og_locale":"sv_SE","og_type":"article","og_title":"Provisionsplan f\u00f6r eToros partnerprogram","og_description":"eToro-partners kan tj\u00e4na provision genom att v\u00e4rva handlare till eToro. L\u00e4r dig allt om de provisioner du kan tj\u00e4na genom v\u00e5rt partnerprogram.","og_url":"https:\/\/etoropartners.com\/sv\/plans\/","og_site_name":"eToro Partners","article_modified_time":"2023-10-02T13:05:02+00:00","twitter_card":"summary_large_image","schema":{"@context":"https:\/\/schema.org","@graph":[{"@type":"WebPage","@id":"https:\/\/etoropartners.com\/sv\/plans\/","url":"https:\/\/etoropartners.com\/sv\/plans\/","name":"Provisionsplan f\u00f6r eToros partnerprogram","isPartOf":{"@id":"https:\/\/etoropartners.com\/sv\/#website"},"datePublished":"2021-01-14T11:30:05+00:00","dateModified":"2023-10-02T13:05:02+00:00","description":"eToro-partners kan tj\u00e4na provision genom att v\u00e4rva handlare till eToro. L\u00e4r dig allt om de provisioner du kan tj\u00e4na genom v\u00e5rt partnerprogram.","breadcrumb":{"@id":"https:\/\/etoropartners.com\/sv\/plans\/#breadcrumb"},"inLanguage":"sv-SE","potentialAction":[{"@type":"ReadAction","target":["https:\/\/etoropartners.com\/sv\/plans\/"]}]},{"@type":"BreadcrumbList","@id":"https:\/\/etoropartners.com\/sv\/plans\/#breadcrumb","itemListElement":[{"@type":"ListItem","position":1,"name":"Home","item":"https:\/\/etoropartners.wpengine.com\/sv\/"},{"@type":"ListItem","position":2,"name":"Planer"}]},{"@type":"WebSite","@id":"https:\/\/etoropartners.com\/sv\/#website","url":"https:\/\/etoropartners.com\/sv\/","name":"eToro Partners","description":"","potentialAction":[{"@type":"SearchAction","target":{"@type":"EntryPoint","urlTemplate":"https:\/\/etoropartners.com\/sv\/?s={search_term_string}"},"query-input":{"@type":"PropertyValueSpecification","valueRequired":true,"valueName":"search_term_string"}}],"inLanguage":"sv-SE"}]}},"_links":{"self":[{"href":"https:\/\/etoropartners.com\/sv\/wp-json\/wp\/v2\/pages\/2037","targetHints":{"allow":["GET"]}}],"collection":[{"href":"https:\/\/etoropartners.com\/sv\/wp-json\/wp\/v2\/pages"}],"about":[{"href":"https:\/\/etoropartners.com\/sv\/wp-json\/wp\/v2\/types\/page"}],"author":[{"embeddable":true,"href":"https:\/\/etoropartners.com\/sv\/wp-json\/wp\/v2\/users\/5"}],"replies":[{"embeddable":true,"href":"https:\/\/etoropartners.com\/sv\/wp-json\/wp\/v2\/comments?post=2037"}],"version-history":[{"count":0,"href":"https:\/\/etoropartners.com\/sv\/wp-json\/wp\/v2\/pages\/2037\/revisions"}],"wp:attachment":[{"href":"https:\/\/etoropartners.com\/sv\/wp-json\/wp\/v2\/media?parent=2037"}],"curies":[{"name":"wp","href":"https:\/\/api.w.org\/{rel}","templated":true}]}}