{"id":2033,"date":"2021-01-14T11:31:50","date_gmt":"2021-01-14T11:31:50","guid":{"rendered":"https:\/\/etoropartners.wpengine.com\/terms-and-conditions\/"},"modified":"2023-05-23T16:44:41","modified_gmt":"2023-05-23T14:44:41","slug":"terms-and-conditions","status":"publish","type":"page","link":"https:\/\/etoropartners.com\/sv\/terms-and-conditions\/","title":{"rendered":"Terms and Conditions"},"content":{"rendered":"","protected":false},"excerpt":{"rendered":"","protected":false},"author":5,"featured_media":0,"parent":0,"menu_order":0,"comment_status":"closed","ping_status":"closed","template":"","meta":{"_acf_changed":false,"sticky_cta_settings":"","footnotes":""},"class_list":["post-2033","page","type-page","status-publish","hentry"],"acf":[],"yoast_head":"<!-- This site is optimized with the Yoast SEO plugin v27.3 - https:\/\/yoast.com\/product\/yoast-seo-wordpress\/ -->\n<title>Regler och villkor f\u00f6r eToros partnerprogram<\/title>\n<meta name=\"description\" content=\"L\u00e4s om villkoren f\u00f6r deltagande i eToros partnerprogram \u2013 hur det fungerar och vilka regler som g\u00e4ller.\" \/>\n<meta name=\"robots\" content=\"index, follow, max-snippet:-1, max-image-preview:large, max-video-preview:-1\" \/>\n<link rel=\"canonical\" href=\"https:\/\/etoropartners.com\/sv\/terms-and-conditions\/\" \/>\n<meta property=\"og:locale\" content=\"sv_SE\" \/>\n<meta property=\"og:type\" content=\"article\" \/>\n<meta property=\"og:title\" content=\"Regler och villkor f\u00f6r eToros partnerprogram\" \/>\n<meta property=\"og:description\" content=\"L\u00e4s om villkoren f\u00f6r deltagande i eToros partnerprogram \u2013 hur det fungerar och vilka regler som g\u00e4ller.\" \/>\n<meta property=\"og:url\" content=\"https:\/\/etoropartners.com\/sv\/terms-and-conditions\/\" \/>\n<meta property=\"og:site_name\" content=\"eToro Partners\" \/>\n<meta property=\"article:modified_time\" content=\"2023-05-23T14:44:41+00:00\" \/>\n<meta name=\"twitter:card\" content=\"summary_large_image\" \/>\n<script type=\"application\/ld+json\" class=\"yoast-schema-graph\">{\"@context\":\"https:\\\/\\\/schema.org\",\"@graph\":[{\"@type\":\"WebPage\",\"@id\":\"https:\\\/\\\/etoropartners.com\\\/sv\\\/terms-and-conditions\\\/\",\"url\":\"https:\\\/\\\/etoropartners.com\\\/sv\\\/terms-and-conditions\\\/\",\"name\":\"Regler och villkor f\u00f6r eToros partnerprogram\",\"isPartOf\":{\"@id\":\"https:\\\/\\\/etoropartners.com\\\/sv\\\/#website\"},\"datePublished\":\"2021-01-14T11:31:50+00:00\",\"dateModified\":\"2023-05-23T14:44:41+00:00\",\"description\":\"L\u00e4s om villkoren f\u00f6r deltagande i eToros partnerprogram \u2013 hur det fungerar och vilka regler som g\u00e4ller.\",\"breadcrumb\":{\"@id\":\"https:\\\/\\\/etoropartners.com\\\/sv\\\/terms-and-conditions\\\/#breadcrumb\"},\"inLanguage\":\"sv-SE\",\"potentialAction\":[{\"@type\":\"ReadAction\",\"target\":[\"https:\\\/\\\/etoropartners.com\\\/sv\\\/terms-and-conditions\\\/\"]}]},{\"@type\":\"BreadcrumbList\",\"@id\":\"https:\\\/\\\/etoropartners.com\\\/sv\\\/terms-and-conditions\\\/#breadcrumb\",\"itemListElement\":[{\"@type\":\"ListItem\",\"position\":1,\"name\":\"Home\",\"item\":\"https:\\\/\\\/etoropartners.wpengine.com\\\/sv\\\/\"},{\"@type\":\"ListItem\",\"position\":2,\"name\":\"REGLER OCH VILLKOR\"}]},{\"@type\":\"WebSite\",\"@id\":\"https:\\\/\\\/etoropartners.com\\\/sv\\\/#website\",\"url\":\"https:\\\/\\\/etoropartners.com\\\/sv\\\/\",\"name\":\"eToro Partners\",\"description\":\"\",\"potentialAction\":[{\"@type\":\"SearchAction\",\"target\":{\"@type\":\"EntryPoint\",\"urlTemplate\":\"https:\\\/\\\/etoropartners.com\\\/sv\\\/?s={search_term_string}\"},\"query-input\":{\"@type\":\"PropertyValueSpecification\",\"valueRequired\":true,\"valueName\":\"search_term_string\"}}],\"inLanguage\":\"sv-SE\"}]}<\/script>\n<!-- \/ Yoast SEO plugin. -->","yoast_head_json":{"title":"Regler och villkor f\u00f6r eToros partnerprogram","description":"L\u00e4s om villkoren f\u00f6r deltagande i eToros partnerprogram \u2013 hur det fungerar och vilka regler som g\u00e4ller.","robots":{"index":"index","follow":"follow","max-snippet":"max-snippet:-1","max-image-preview":"max-image-preview:large","max-video-preview":"max-video-preview:-1"},"canonical":"https:\/\/etoropartners.com\/sv\/terms-and-conditions\/","og_locale":"sv_SE","og_type":"article","og_title":"Regler och villkor f\u00f6r eToros partnerprogram","og_description":"L\u00e4s om villkoren f\u00f6r deltagande i eToros partnerprogram \u2013 hur det fungerar och vilka regler som g\u00e4ller.","og_url":"https:\/\/etoropartners.com\/sv\/terms-and-conditions\/","og_site_name":"eToro Partners","article_modified_time":"2023-05-23T14:44:41+00:00","twitter_card":"summary_large_image","schema":{"@context":"https:\/\/schema.org","@graph":[{"@type":"WebPage","@id":"https:\/\/etoropartners.com\/sv\/terms-and-conditions\/","url":"https:\/\/etoropartners.com\/sv\/terms-and-conditions\/","name":"Regler och villkor f\u00f6r eToros partnerprogram","isPartOf":{"@id":"https:\/\/etoropartners.com\/sv\/#website"},"datePublished":"2021-01-14T11:31:50+00:00","dateModified":"2023-05-23T14:44:41+00:00","description":"L\u00e4s om villkoren f\u00f6r deltagande i eToros partnerprogram \u2013 hur det fungerar och vilka regler som g\u00e4ller.","breadcrumb":{"@id":"https:\/\/etoropartners.com\/sv\/terms-and-conditions\/#breadcrumb"},"inLanguage":"sv-SE","potentialAction":[{"@type":"ReadAction","target":["https:\/\/etoropartners.com\/sv\/terms-and-conditions\/"]}]},{"@type":"BreadcrumbList","@id":"https:\/\/etoropartners.com\/sv\/terms-and-conditions\/#breadcrumb","itemListElement":[{"@type":"ListItem","position":1,"name":"Home","item":"https:\/\/etoropartners.wpengine.com\/sv\/"},{"@type":"ListItem","position":2,"name":"REGLER OCH VILLKOR"}]},{"@type":"WebSite","@id":"https:\/\/etoropartners.com\/sv\/#website","url":"https:\/\/etoropartners.com\/sv\/","name":"eToro Partners","description":"","potentialAction":[{"@type":"SearchAction","target":{"@type":"EntryPoint","urlTemplate":"https:\/\/etoropartners.com\/sv\/?s={search_term_string}"},"query-input":{"@type":"PropertyValueSpecification","valueRequired":true,"valueName":"search_term_string"}}],"inLanguage":"sv-SE"}]}},"_links":{"self":[{"href":"https:\/\/etoropartners.com\/sv\/wp-json\/wp\/v2\/pages\/2033","targetHints":{"allow":["GET"]}}],"collection":[{"href":"https:\/\/etoropartners.com\/sv\/wp-json\/wp\/v2\/pages"}],"about":[{"href":"https:\/\/etoropartners.com\/sv\/wp-json\/wp\/v2\/types\/page"}],"author":[{"embeddable":true,"href":"https:\/\/etoropartners.com\/sv\/wp-json\/wp\/v2\/users\/5"}],"replies":[{"embeddable":true,"href":"https:\/\/etoropartners.com\/sv\/wp-json\/wp\/v2\/comments?post=2033"}],"version-history":[{"count":0,"href":"https:\/\/etoropartners.com\/sv\/wp-json\/wp\/v2\/pages\/2033\/revisions"}],"wp:attachment":[{"href":"https:\/\/etoropartners.com\/sv\/wp-json\/wp\/v2\/media?parent=2033"}],"curies":[{"name":"wp","href":"https:\/\/api.w.org\/{rel}","templated":true}]}}