{"id":1851,"date":"2021-01-14T11:11:13","date_gmt":"2021-01-14T11:11:13","guid":{"rendered":"https:\/\/etoropartners.wpengine.com\/partners\/"},"modified":"2023-04-03T13:57:13","modified_gmt":"2023-04-03T11:57:13","slug":"partners","status":"publish","type":"page","link":"https:\/\/etoropartners.com\/sv\/","title":{"rendered":"Partners"},"content":{"rendered":"","protected":false},"excerpt":{"rendered":"","protected":false},"author":5,"featured_media":0,"parent":0,"menu_order":0,"comment_status":"closed","ping_status":"closed","template":"","meta":{"_acf_changed":false,"sticky_cta_settings":"","footnotes":""},"class_list":["post-1851","page","type-page","status-publish","hentry"],"acf":[],"yoast_head":"<!-- This site is optimized with the Yoast SEO plugin v27.3 - https:\/\/yoast.com\/product\/yoast-seo-wordpress\/ -->\n<title>G\u00e5 med i eToros partnerprogram \u2013 bli finansiell partner<\/title>\n<meta name=\"description\" content=\"Samarbeta med ett v\u00e4rldsledande etablerat Fintech-f\u00f6retag. eToros rykte om starka partnerskap \u00e4r anledningen till att vi ses som en ledande m\u00e4klare i v\u00e4rlden.\" \/>\n<meta name=\"robots\" content=\"index, follow, max-snippet:-1, max-image-preview:large, max-video-preview:-1\" \/>\n<link rel=\"canonical\" href=\"https:\/\/etoropartners.com\/sv\/\" \/>\n<meta property=\"og:locale\" content=\"sv_SE\" \/>\n<meta property=\"og:type\" content=\"article\" \/>\n<meta property=\"og:title\" content=\"G\u00e5 med i eToros partnerprogram \u2013 bli finansiell partner\" \/>\n<meta property=\"og:description\" content=\"Samarbeta med ett v\u00e4rldsledande etablerat Fintech-f\u00f6retag. eToros rykte om starka partnerskap \u00e4r anledningen till att vi ses som en ledande m\u00e4klare i v\u00e4rlden.\" \/>\n<meta property=\"og:url\" content=\"https:\/\/etoropartners.com\/sv\/\" \/>\n<meta property=\"og:site_name\" content=\"eToro Partners\" \/>\n<meta property=\"article:modified_time\" content=\"2023-04-03T11:57:13+00:00\" \/>\n<meta name=\"twitter:card\" content=\"summary_large_image\" \/>\n<script type=\"application\/ld+json\" class=\"yoast-schema-graph\">{\"@context\":\"https:\\\/\\\/schema.org\",\"@graph\":[{\"@type\":\"WebPage\",\"@id\":\"https:\\\/\\\/etoropartners.com\\\/sv\\\/\",\"url\":\"https:\\\/\\\/etoropartners.com\\\/sv\\\/\",\"name\":\"G\u00e5 med i eToros partnerprogram \u2013 bli finansiell partner\",\"isPartOf\":{\"@id\":\"https:\\\/\\\/etoropartners.com\\\/sv\\\/#website\"},\"datePublished\":\"2021-01-14T11:11:13+00:00\",\"dateModified\":\"2023-04-03T11:57:13+00:00\",\"description\":\"Samarbeta med ett v\u00e4rldsledande etablerat Fintech-f\u00f6retag. eToros rykte om starka partnerskap \u00e4r anledningen till att vi ses som en ledande m\u00e4klare i v\u00e4rlden.\",\"breadcrumb\":{\"@id\":\"https:\\\/\\\/etoropartners.com\\\/sv\\\/#breadcrumb\"},\"inLanguage\":\"sv-SE\",\"potentialAction\":[{\"@type\":\"ReadAction\",\"target\":[\"https:\\\/\\\/etoropartners.com\\\/sv\\\/\"]}]},{\"@type\":\"BreadcrumbList\",\"@id\":\"https:\\\/\\\/etoropartners.com\\\/sv\\\/#breadcrumb\",\"itemListElement\":[{\"@type\":\"ListItem\",\"position\":1,\"name\":\"Home\",\"item\":\"https:\\\/\\\/etoropartners.wpengine.com\\\/sv\\\/\"},{\"@type\":\"ListItem\",\"position\":2,\"name\":\"HEM\"}]},{\"@type\":\"WebSite\",\"@id\":\"https:\\\/\\\/etoropartners.com\\\/sv\\\/#website\",\"url\":\"https:\\\/\\\/etoropartners.com\\\/sv\\\/\",\"name\":\"eToro Partners\",\"description\":\"\",\"potentialAction\":[{\"@type\":\"SearchAction\",\"target\":{\"@type\":\"EntryPoint\",\"urlTemplate\":\"https:\\\/\\\/etoropartners.com\\\/sv\\\/?s={search_term_string}\"},\"query-input\":{\"@type\":\"PropertyValueSpecification\",\"valueRequired\":true,\"valueName\":\"search_term_string\"}}],\"inLanguage\":\"sv-SE\"}]}<\/script>\n<!-- \/ Yoast SEO plugin. -->","yoast_head_json":{"title":"G\u00e5 med i eToros partnerprogram \u2013 bli finansiell partner","description":"Samarbeta med ett v\u00e4rldsledande etablerat Fintech-f\u00f6retag. eToros rykte om starka partnerskap \u00e4r anledningen till att vi ses som en ledande m\u00e4klare i v\u00e4rlden.","robots":{"index":"index","follow":"follow","max-snippet":"max-snippet:-1","max-image-preview":"max-image-preview:large","max-video-preview":"max-video-preview:-1"},"canonical":"https:\/\/etoropartners.com\/sv\/","og_locale":"sv_SE","og_type":"article","og_title":"G\u00e5 med i eToros partnerprogram \u2013 bli finansiell partner","og_description":"Samarbeta med ett v\u00e4rldsledande etablerat Fintech-f\u00f6retag. eToros rykte om starka partnerskap \u00e4r anledningen till att vi ses som en ledande m\u00e4klare i v\u00e4rlden.","og_url":"https:\/\/etoropartners.com\/sv\/","og_site_name":"eToro Partners","article_modified_time":"2023-04-03T11:57:13+00:00","twitter_card":"summary_large_image","schema":{"@context":"https:\/\/schema.org","@graph":[{"@type":"WebPage","@id":"https:\/\/etoropartners.com\/sv\/","url":"https:\/\/etoropartners.com\/sv\/","name":"G\u00e5 med i eToros partnerprogram \u2013 bli finansiell partner","isPartOf":{"@id":"https:\/\/etoropartners.com\/sv\/#website"},"datePublished":"2021-01-14T11:11:13+00:00","dateModified":"2023-04-03T11:57:13+00:00","description":"Samarbeta med ett v\u00e4rldsledande etablerat Fintech-f\u00f6retag. eToros rykte om starka partnerskap \u00e4r anledningen till att vi ses som en ledande m\u00e4klare i v\u00e4rlden.","breadcrumb":{"@id":"https:\/\/etoropartners.com\/sv\/#breadcrumb"},"inLanguage":"sv-SE","potentialAction":[{"@type":"ReadAction","target":["https:\/\/etoropartners.com\/sv\/"]}]},{"@type":"BreadcrumbList","@id":"https:\/\/etoropartners.com\/sv\/#breadcrumb","itemListElement":[{"@type":"ListItem","position":1,"name":"Home","item":"https:\/\/etoropartners.wpengine.com\/sv\/"},{"@type":"ListItem","position":2,"name":"HEM"}]},{"@type":"WebSite","@id":"https:\/\/etoropartners.com\/sv\/#website","url":"https:\/\/etoropartners.com\/sv\/","name":"eToro Partners","description":"","potentialAction":[{"@type":"SearchAction","target":{"@type":"EntryPoint","urlTemplate":"https:\/\/etoropartners.com\/sv\/?s={search_term_string}"},"query-input":{"@type":"PropertyValueSpecification","valueRequired":true,"valueName":"search_term_string"}}],"inLanguage":"sv-SE"}]}},"_links":{"self":[{"href":"https:\/\/etoropartners.com\/sv\/wp-json\/wp\/v2\/pages\/1851","targetHints":{"allow":["GET"]}}],"collection":[{"href":"https:\/\/etoropartners.com\/sv\/wp-json\/wp\/v2\/pages"}],"about":[{"href":"https:\/\/etoropartners.com\/sv\/wp-json\/wp\/v2\/types\/page"}],"author":[{"embeddable":true,"href":"https:\/\/etoropartners.com\/sv\/wp-json\/wp\/v2\/users\/5"}],"replies":[{"embeddable":true,"href":"https:\/\/etoropartners.com\/sv\/wp-json\/wp\/v2\/comments?post=1851"}],"version-history":[{"count":0,"href":"https:\/\/etoropartners.com\/sv\/wp-json\/wp\/v2\/pages\/1851\/revisions"}],"wp:attachment":[{"href":"https:\/\/etoropartners.com\/sv\/wp-json\/wp\/v2\/media?parent=1851"}],"curies":[{"name":"wp","href":"https:\/\/api.w.org\/{rel}","templated":true}]}}