{"id":8853,"date":"2024-05-22T13:12:03","date_gmt":"2024-05-22T11:12:03","guid":{"rendered":"https:\/\/etoropartners.com\/payment-methods\/"},"modified":"2024-08-27T13:44:51","modified_gmt":"2024-08-27T11:44:51","slug":"payment-methods","status":"publish","type":"page","link":"https:\/\/etoropartners.com\/ro\/payment-methods\/","title":{"rendered":"Metode de plat\u0103"},"content":{"rendered":"\n<section class=\"wp-block-group wp-block-group-boxed wp-block-group-small-top-padding wp-block-group-small-bottom-padding\"><div class=\"wp-block-group-inner is-layout-flow wp-block-group-is-layout-flow\">\n<div class=\"wp-block-columns are-vertically-aligned-top wp-block-columns-1 is-layout-flex wp-container-core-columns-is-layout-9d6595d7 wp-block-columns-is-layout-flex\">\n<div class=\"wp-block-column wp-block-column-align-desktop-center wp-block-column-align-mobile-center is-layout-flow wp-block-column-is-layout-flow\">\n<h2 class=\"wp-block-heading\">Metode de plat\u0103<\/h2>\n\n\n\n<figure class=\"wp-block-image size-full\"><img loading=\"lazy\" decoding=\"async\" width=\"1600\" height=\"400\" src=\"https:\/\/etoropartners.com\/wp-content\/uploads\/2024\/05\/Cover_PAYMENT-METHODS.jpg\" alt=\"\" class=\"wp-image-8271 wp-image-desktop\" srcset=\"https:\/\/etoropartners.com\/wp-content\/uploads\/2024\/05\/Cover_PAYMENT-METHODS.jpg 1600w, https:\/\/etoropartners.com\/wp-content\/uploads\/2024\/05\/Cover_PAYMENT-METHODS-300x75.jpg 300w, https:\/\/etoropartners.com\/wp-content\/uploads\/2024\/05\/Cover_PAYMENT-METHODS-1024x256.jpg 1024w, https:\/\/etoropartners.com\/wp-content\/uploads\/2024\/05\/Cover_PAYMENT-METHODS-768x192.jpg 768w, https:\/\/etoropartners.com\/wp-content\/uploads\/2024\/05\/Cover_PAYMENT-METHODS-1536x384.jpg 1536w\" sizes=\"auto, (max-width: 1600px) 100vw, 1600px\" \/><\/figure>\n<\/div>\n<\/div>\n<\/div><\/section>\n\n\n\n<section class=\"wp-block-group wp-block-group-boxed wp-block-group-small-top-padding wp-block-group-small-bottom-padding\"><div class=\"wp-block-group-inner is-layout-flow wp-block-group-is-layout-flow\">\n<div class=\"wp-block-columns are-vertically-aligned-top wp-block-columns-1 is-layout-flex wp-container-core-columns-is-layout-9d6595d7 wp-block-columns-is-layout-flex\">\n<div class=\"wp-block-column is-layout-flow wp-block-column-is-layout-flow\">\n<h2 class=\"wp-block-heading is-style-heading-1\">La ce ar trebui s\u0103 fii atent c\u00e2nd men\u021bionezi metodele de plat\u0103?<\/h2>\n\n\n\n<p class=\"is-style-heading-2\"><strong>Fii corect<\/strong><\/p>\n\n\n\n<p>C\u00e2nd men\u021bionezi metode de plat\u0103, asigur\u0103-te c\u0103 acestea sunt disponibile \u00een \u021bara \u00een care promovezi eToro. Po\u021bi g\u0103si informa\u021bii despre metodele de plat\u0103 \u0219i limit\u0103ri \u00een <a href=\"https:\/\/www.etoro.com\/ro\/customer-service\/deposit-faq\/\">pagina depozite<\/a> de pe eToro.<\/p>\n\n\n\n<p class=\"is-style-heading-2\">Exemple de gre\u0219eli frecvente:<\/p>\n\n\n\n<p>Paypal nu este disponibil \u00een unele \u021b\u0103ri (Marea Britanie, de exemplu) \u0219i este disponibil numai dup\u0103 prima depunere \u00een alte \u021b\u0103ri (de exemplu \u021a\u0103rile de Jos). Deoarece traderii nu vor putea efectua prima depunere prin Paypal \u00een aceste \u021b\u0103ri, Paypal nu ar trebui men\u021bionat ca metod\u0103 de plat\u0103 atunci c\u00e2nd promovezi eToro \u00een aceste \u021b\u0103ri. Dac\u0103 traficul t\u0103u este mixt \u0219i vizezi at\u00e2t \u021b\u0103ri \u00een care Paypal este disponibil, c\u00e2t \u0219i \u021b\u0103ri \u00een care nu este, men\u021bioneaz\u0103 lista \u021b\u0103rilor \u00een care nu este disponibil \u0219i lista \u021b\u0103rilor \u00een care nu este disponibil la prima depunere.<\/p>\n\n\n\n<p class=\"is-style-heading-2\">Carduri de credit<\/p>\n\n\n\n<p>Marea Britanie \u0219i Spania: Cardurile de credit nu pot fi folosite pentru a depune fonduri \u00een Marea Britanie sau \u00een Spania (cardurile de debit sunt disponibile).<\/p>\n<\/div>\n<\/div>\n<\/div><\/section>\n","protected":false},"excerpt":{"rendered":"<p>Metode de plat\u0103 La ce ar trebui s\u0103 fii atent c\u00e2nd men\u021bionezi metodele de plat\u0103? Fii corect C\u00e2nd men\u021bionezi metode de plat\u0103, asigur\u0103-te c\u0103 acestea sunt disponibile \u00een \u021bara \u00een care promovezi eToro. Po\u021bi g\u0103si informa\u021bii despre metodele de plat\u0103 \u0219i limit\u0103ri \u00een pagina depozite de pe eToro. Exemple de gre\u0219eli frecvente: Paypal nu este [&hellip;]<\/p>\n","protected":false},"author":11,"featured_media":8268,"parent":0,"menu_order":0,"comment_status":"closed","ping_status":"closed","template":"","meta":{"_acf_changed":false,"sticky_cta_settings":"","footnotes":""},"class_list":["post-8853","page","type-page","status-publish","has-post-thumbnail","hentry"],"acf":[],"yoast_head":"<!-- This site is optimized with the Yoast SEO plugin v27.3 - https:\/\/yoast.com\/product\/yoast-seo-wordpress\/ -->\n<title>Metode de plat\u0103<\/title>\n<meta name=\"description\" content=\"La ce ar trebui s\u0103 fii atent c\u00e2nd men\u021bionezi metodele de plat\u0103?\" \/>\n<meta name=\"robots\" content=\"index, follow, max-snippet:-1, max-image-preview:large, max-video-preview:-1\" \/>\n<link rel=\"canonical\" href=\"https:\/\/etoropartners.com\/ro\/payment-methods\/\" \/>\n<meta property=\"og:locale\" content=\"ro_RO\" \/>\n<meta property=\"og:type\" content=\"article\" \/>\n<meta property=\"og:title\" content=\"Metode de plat\u0103\" \/>\n<meta property=\"og:description\" content=\"La ce ar trebui s\u0103 fii atent c\u00e2nd men\u021bionezi metodele de plat\u0103?\" \/>\n<meta property=\"og:url\" content=\"https:\/\/etoropartners.com\/ro\/payment-methods\/\" \/>\n<meta property=\"og:site_name\" content=\"eToro Partners\" \/>\n<meta property=\"article:modified_time\" content=\"2024-08-27T11:44:51+00:00\" \/>\n<meta property=\"og:image\" content=\"https:\/\/etoropartners.com\/wp-content\/uploads\/2024\/05\/Featured_PAYMENT-METHODS.png\" \/>\n\t<meta property=\"og:image:width\" content=\"1200\" \/>\n\t<meta property=\"og:image:height\" content=\"630\" \/>\n\t<meta property=\"og:image:type\" content=\"image\/png\" \/>\n<meta name=\"twitter:card\" content=\"summary_large_image\" \/>\n<meta name=\"twitter:label1\" content=\"Timp estimat pentru citire\" \/>\n\t<meta name=\"twitter:data1\" content=\"2 minute\" \/>\n<script type=\"application\/ld+json\" class=\"yoast-schema-graph\">{\"@context\":\"https:\\\/\\\/schema.org\",\"@graph\":[{\"@type\":\"WebPage\",\"@id\":\"https:\\\/\\\/etoropartners.com\\\/ro\\\/payment-methods\\\/\",\"url\":\"https:\\\/\\\/etoropartners.com\\\/ro\\\/payment-methods\\\/\",\"name\":\"Metode de plat\u0103\",\"isPartOf\":{\"@id\":\"https:\\\/\\\/etoropartners.com\\\/ro\\\/#website\"},\"primaryImageOfPage\":{\"@id\":\"https:\\\/\\\/etoropartners.com\\\/ro\\\/payment-methods\\\/#primaryimage\"},\"image\":{\"@id\":\"https:\\\/\\\/etoropartners.com\\\/ro\\\/payment-methods\\\/#primaryimage\"},\"thumbnailUrl\":\"https:\\\/\\\/etoropartners.com\\\/wp-content\\\/uploads\\\/2024\\\/05\\\/Featured_PAYMENT-METHODS.png\",\"datePublished\":\"2024-05-22T11:12:03+00:00\",\"dateModified\":\"2024-08-27T11:44:51+00:00\",\"description\":\"La ce ar trebui s\u0103 fii atent c\u00e2nd men\u021bionezi metodele de plat\u0103?\",\"breadcrumb\":{\"@id\":\"https:\\\/\\\/etoropartners.com\\\/ro\\\/payment-methods\\\/#breadcrumb\"},\"inLanguage\":\"ro-RO\",\"potentialAction\":[{\"@type\":\"ReadAction\",\"target\":[\"https:\\\/\\\/etoropartners.com\\\/ro\\\/payment-methods\\\/\"]}]},{\"@type\":\"ImageObject\",\"inLanguage\":\"ro-RO\",\"@id\":\"https:\\\/\\\/etoropartners.com\\\/ro\\\/payment-methods\\\/#primaryimage\",\"url\":\"https:\\\/\\\/etoropartners.com\\\/wp-content\\\/uploads\\\/2024\\\/05\\\/Featured_PAYMENT-METHODS.png\",\"contentUrl\":\"https:\\\/\\\/etoropartners.com\\\/wp-content\\\/uploads\\\/2024\\\/05\\\/Featured_PAYMENT-METHODS.png\",\"width\":1200,\"height\":630},{\"@type\":\"BreadcrumbList\",\"@id\":\"https:\\\/\\\/etoropartners.com\\\/ro\\\/payment-methods\\\/#breadcrumb\",\"itemListElement\":[{\"@type\":\"ListItem\",\"position\":1,\"name\":\"Home\",\"item\":\"https:\\\/\\\/etoropartners.wpengine.com\\\/ro\\\/\"},{\"@type\":\"ListItem\",\"position\":2,\"name\":\"Metode de plat\u0103\"}]},{\"@type\":\"WebSite\",\"@id\":\"https:\\\/\\\/etoropartners.com\\\/ro\\\/#website\",\"url\":\"https:\\\/\\\/etoropartners.com\\\/ro\\\/\",\"name\":\"eToro Partners\",\"description\":\"\",\"potentialAction\":[{\"@type\":\"SearchAction\",\"target\":{\"@type\":\"EntryPoint\",\"urlTemplate\":\"https:\\\/\\\/etoropartners.com\\\/ro\\\/?s={search_term_string}\"},\"query-input\":{\"@type\":\"PropertyValueSpecification\",\"valueRequired\":true,\"valueName\":\"search_term_string\"}}],\"inLanguage\":\"ro-RO\"}]}<\/script>\n<!-- \/ Yoast SEO plugin. -->","yoast_head_json":{"title":"Metode de plat\u0103","description":"La ce ar trebui s\u0103 fii atent c\u00e2nd men\u021bionezi metodele de plat\u0103?","robots":{"index":"index","follow":"follow","max-snippet":"max-snippet:-1","max-image-preview":"max-image-preview:large","max-video-preview":"max-video-preview:-1"},"canonical":"https:\/\/etoropartners.com\/ro\/payment-methods\/","og_locale":"ro_RO","og_type":"article","og_title":"Metode de plat\u0103","og_description":"La ce ar trebui s\u0103 fii atent c\u00e2nd men\u021bionezi metodele de plat\u0103?","og_url":"https:\/\/etoropartners.com\/ro\/payment-methods\/","og_site_name":"eToro Partners","article_modified_time":"2024-08-27T11:44:51+00:00","og_image":[{"width":1200,"height":630,"url":"https:\/\/etoropartners.com\/wp-content\/uploads\/2024\/05\/Featured_PAYMENT-METHODS.png","type":"image\/png"}],"twitter_card":"summary_large_image","twitter_misc":{"Timp estimat pentru citire":"2 minute"},"schema":{"@context":"https:\/\/schema.org","@graph":[{"@type":"WebPage","@id":"https:\/\/etoropartners.com\/ro\/payment-methods\/","url":"https:\/\/etoropartners.com\/ro\/payment-methods\/","name":"Metode de plat\u0103","isPartOf":{"@id":"https:\/\/etoropartners.com\/ro\/#website"},"primaryImageOfPage":{"@id":"https:\/\/etoropartners.com\/ro\/payment-methods\/#primaryimage"},"image":{"@id":"https:\/\/etoropartners.com\/ro\/payment-methods\/#primaryimage"},"thumbnailUrl":"https:\/\/etoropartners.com\/wp-content\/uploads\/2024\/05\/Featured_PAYMENT-METHODS.png","datePublished":"2024-05-22T11:12:03+00:00","dateModified":"2024-08-27T11:44:51+00:00","description":"La ce ar trebui s\u0103 fii atent c\u00e2nd men\u021bionezi metodele de plat\u0103?","breadcrumb":{"@id":"https:\/\/etoropartners.com\/ro\/payment-methods\/#breadcrumb"},"inLanguage":"ro-RO","potentialAction":[{"@type":"ReadAction","target":["https:\/\/etoropartners.com\/ro\/payment-methods\/"]}]},{"@type":"ImageObject","inLanguage":"ro-RO","@id":"https:\/\/etoropartners.com\/ro\/payment-methods\/#primaryimage","url":"https:\/\/etoropartners.com\/wp-content\/uploads\/2024\/05\/Featured_PAYMENT-METHODS.png","contentUrl":"https:\/\/etoropartners.com\/wp-content\/uploads\/2024\/05\/Featured_PAYMENT-METHODS.png","width":1200,"height":630},{"@type":"BreadcrumbList","@id":"https:\/\/etoropartners.com\/ro\/payment-methods\/#breadcrumb","itemListElement":[{"@type":"ListItem","position":1,"name":"Home","item":"https:\/\/etoropartners.wpengine.com\/ro\/"},{"@type":"ListItem","position":2,"name":"Metode de plat\u0103"}]},{"@type":"WebSite","@id":"https:\/\/etoropartners.com\/ro\/#website","url":"https:\/\/etoropartners.com\/ro\/","name":"eToro Partners","description":"","potentialAction":[{"@type":"SearchAction","target":{"@type":"EntryPoint","urlTemplate":"https:\/\/etoropartners.com\/ro\/?s={search_term_string}"},"query-input":{"@type":"PropertyValueSpecification","valueRequired":true,"valueName":"search_term_string"}}],"inLanguage":"ro-RO"}]}},"_links":{"self":[{"href":"https:\/\/etoropartners.com\/ro\/wp-json\/wp\/v2\/pages\/8853","targetHints":{"allow":["GET"]}}],"collection":[{"href":"https:\/\/etoropartners.com\/ro\/wp-json\/wp\/v2\/pages"}],"about":[{"href":"https:\/\/etoropartners.com\/ro\/wp-json\/wp\/v2\/types\/page"}],"author":[{"embeddable":true,"href":"https:\/\/etoropartners.com\/ro\/wp-json\/wp\/v2\/users\/11"}],"replies":[{"embeddable":true,"href":"https:\/\/etoropartners.com\/ro\/wp-json\/wp\/v2\/comments?post=8853"}],"version-history":[{"count":0,"href":"https:\/\/etoropartners.com\/ro\/wp-json\/wp\/v2\/pages\/8853\/revisions"}],"wp:featuredmedia":[{"embeddable":true,"href":"https:\/\/etoropartners.com\/ro\/wp-json\/wp\/v2\/media\/8268"}],"wp:attachment":[{"href":"https:\/\/etoropartners.com\/ro\/wp-json\/wp\/v2\/media?parent=8853"}],"curies":[{"name":"wp","href":"https:\/\/api.w.org\/{rel}","templated":true}]}}