{"id":8821,"date":"2024-05-22T13:05:01","date_gmt":"2024-05-22T11:05:01","guid":{"rendered":"https:\/\/etoropartners.com\/regulators\/"},"modified":"2024-08-26T15:23:00","modified_gmt":"2024-08-26T13:23:00","slug":"regulators","status":"publish","type":"page","link":"https:\/\/etoropartners.com\/ro\/regulators\/","title":{"rendered":"Autorit\u0103\u021bi de reglementare"},"content":{"rendered":"\n<section class=\"wp-block-group wp-block-group-boxed wp-block-group-small-top-padding wp-block-group-small-bottom-padding has-white-background-color has-background\"><div class=\"wp-block-group-inner is-layout-flow wp-block-group-is-layout-flow\">\n<div class=\"wp-block-columns are-vertically-aligned-top wp-block-columns-1 is-layout-flex wp-container-core-columns-is-layout-9d6595d7 wp-block-columns-is-layout-flex\">\n<div class=\"wp-block-column wp-block-column-align-desktop-center wp-block-column-align-mobile-center is-layout-flow wp-block-column-is-layout-flow\">\n<h2 class=\"wp-block-heading\">Autorit\u0103\u021bi de reglementare<\/h2>\n\n\n\n<figure class=\"wp-block-image size-full\"><img loading=\"lazy\" decoding=\"async\" width=\"1600\" height=\"400\" src=\"https:\/\/etoropartners.com\/wp-content\/uploads\/2024\/05\/Cover_OUR-REGULATION.jpg\" alt=\"\" class=\"wp-image-8239 wp-image-desktop\" srcset=\"https:\/\/etoropartners.com\/wp-content\/uploads\/2024\/05\/Cover_OUR-REGULATION.jpg 1600w, https:\/\/etoropartners.com\/wp-content\/uploads\/2024\/05\/Cover_OUR-REGULATION-300x75.jpg 300w, https:\/\/etoropartners.com\/wp-content\/uploads\/2024\/05\/Cover_OUR-REGULATION-1024x256.jpg 1024w, https:\/\/etoropartners.com\/wp-content\/uploads\/2024\/05\/Cover_OUR-REGULATION-768x192.jpg 768w, https:\/\/etoropartners.com\/wp-content\/uploads\/2024\/05\/Cover_OUR-REGULATION-1536x384.jpg 1536w\" sizes=\"auto, (max-width: 1600px) 100vw, 1600px\" \/><\/figure>\n<\/div>\n<\/div>\n<\/div><\/section>\n\n\n\n<section class=\"wp-block-group wp-block-group-boxed wp-block-group-small-top-padding wp-block-group-small-bottom-padding has-white-background-color has-background\"><div class=\"wp-block-group-inner is-layout-flow wp-block-group-is-layout-flow\">\n<div class=\"wp-block-columns are-vertically-aligned-top wp-block-columns-1 is-layout-flex wp-container-core-columns-is-layout-9d6595d7 wp-block-columns-is-layout-flex\">\n<div class=\"wp-block-column is-layout-flow wp-block-column-is-layout-flow\">\n<p>eToro este reglementat \u00een mai multe jurisdic\u021bii, <a href=\"https:\/\/www.etoro.com\/ro\/customer-service\/regulation-license\/\">f\u0103 clic aici<\/a> pentru a afla mai multe despre licen\u021bele \u0219i reglement\u0103rile noastre.<\/p>\n\n\n\n<p class=\"is-style-heading-2\"><strong>Po\u021bi s\u0103 men\u021bionezi autorit\u0103\u021bile de reglementare?<\/strong><\/p>\n\n\n\n<p>Autorit\u0103\u021bile de reglementare nu pot fi folosite ca punct de v\u00e2nzare. Acest lucru \u00eenseamn\u0103 c\u0103 trebuie s\u0103 fii atent la modul \u00een care le men\u021bionezi. Mai jos sunt c\u00e2teva exemple de cum s\u0103 NU men\u021bionezi autorit\u0103\u021bile de reglementare:<\/p>\n\n\n\n<ul class=\"wp-block-list wp-block-list wp-block-list-circle\">\n<li>Nu scrie \u0219i nu sugera oamenilor s\u0103 tranzac\u021bioneze la eToro datorit\u0103 faptului c\u0103 este o marc\u0103 reglementat\u0103.<\/li>\n\n\n\n<li>Nu men\u021biona autorit\u0103\u021bile de reglementare drept \u201ePro\u201d<\/li>\n\n\n\n<li>Nu compara eToro cu alt\u0103 marc\u0103, folosind autorit\u0103\u021bile de reglementare ca pe un avantaj al eToro fa\u021b\u0103 de al\u021bii<\/li>\n\n\n\n<li>Nu folosi logo-ul autorit\u0103\u021bii de reglementare\u00a0<\/li>\n\n\n\n<li>Nu folosi numele autorit\u0103\u021bii de reglementare \u00een bannere<\/li>\n<\/ul>\n\n\n\n<p class=\"is-style-heading-2\"><strong>A\u0219adar,\u00a0 ce este permis?<\/strong><\/p>\n\n\n\n<p>Este \u00een regul\u0103 s\u0103 men\u021bionezi c\u0103 eToro este reglementat \u0219i care sunt entit\u0103\u021bile responsabile atunci c\u00e2nd pur \u0219i simplu men\u021bionezi un fapt, de exemplu, ca un element din descrierea eToro \u0219i caracteristicile sale (\u00eentr-o recenzie, de exemplu).<\/p>\n\n\n\n<p class=\"is-style-heading-2\"><strong>Fii CORECT<\/strong><\/p>\n\n\n\n<p><strong>Criptomonede: <\/strong>Criptomonedele sunt instrumente nereglementate, prin urmare, men\u021bionarea autorit\u0103\u021bilor de reglementare sau a faptului c\u0103 eToro este reglementat \u00eentr-un articol sau o pagin\u0103 despre crypto, ar fi \u00een\u0219el\u0103tor. Te rug\u0103m s\u0103 evi\u021bi acest lucru, sau s\u0103 men\u021bionezi \u00een mod explicit faptul c\u0103 criptomonedele nu sunt reglementate (cu excep\u021bia cazului \u00een care te adresezi unui public din SUA, atunci nu este necesar s\u0103 adaugi acest lucru).<\/p>\n\n\n\n<p><strong>SUA:<\/strong> \u00cen SUA, eToro USA LLC ofer\u0103 o platform\u0103 clien\u021bilor din SUA de cump\u0103rare \u0219i v\u00e2nzare crypto reglementat\u0103 de FinCen; iar eToro USA Securities Inc. este un broker-dealer reglementat de FINRA care permite tranzac\u021bionarea cu ac\u021biuni, ETF-uri \u0219i op\u021biuni. A nu se confunda \u00eentre ele.<\/p>\n<\/div>\n<\/div>\n<\/div><\/section>\n","protected":false},"excerpt":{"rendered":"<p>Autorit\u0103\u021bi de reglementare eToro este reglementat \u00een mai multe jurisdic\u021bii, f\u0103 clic aici pentru a afla mai multe despre licen\u021bele \u0219i reglement\u0103rile noastre. Po\u021bi s\u0103 men\u021bionezi autorit\u0103\u021bile de reglementare? Autorit\u0103\u021bile de reglementare nu pot fi folosite ca punct de v\u00e2nzare. Acest lucru \u00eenseamn\u0103 c\u0103 trebuie s\u0103 fii atent la modul \u00een care le men\u021bionezi. Mai [&hellip;]<\/p>\n","protected":false},"author":11,"featured_media":8236,"parent":0,"menu_order":0,"comment_status":"closed","ping_status":"closed","template":"","meta":{"_acf_changed":false,"sticky_cta_settings":"","footnotes":""},"class_list":["post-8821","page","type-page","status-publish","has-post-thumbnail","hentry"],"acf":[],"yoast_head":"<!-- This site is optimized with the Yoast SEO plugin v27.3 - https:\/\/yoast.com\/product\/yoast-seo-wordpress\/ -->\n<title>Autorit\u0103\u021bi de reglementare<\/title>\n<meta name=\"description\" content=\"eToro este reglementat \u00een mai multe jurisdic\u021bii, f\u0103 clic aici pentru a afla mai multe despre licen\u021bele \u0219i reglement\u0103rile noastre.\" \/>\n<meta name=\"robots\" content=\"index, follow, max-snippet:-1, max-image-preview:large, max-video-preview:-1\" \/>\n<link rel=\"canonical\" href=\"https:\/\/etoropartners.com\/ro\/regulators\/\" \/>\n<meta property=\"og:locale\" content=\"ro_RO\" \/>\n<meta property=\"og:type\" content=\"article\" \/>\n<meta property=\"og:title\" content=\"Autorit\u0103\u021bi de reglementare\" \/>\n<meta property=\"og:description\" content=\"eToro este reglementat \u00een mai multe jurisdic\u021bii, f\u0103 clic aici pentru a afla mai multe despre licen\u021bele \u0219i reglement\u0103rile noastre.\" \/>\n<meta property=\"og:url\" content=\"https:\/\/etoropartners.com\/ro\/regulators\/\" \/>\n<meta property=\"og:site_name\" content=\"eToro Partners\" \/>\n<meta property=\"article:modified_time\" content=\"2024-08-26T13:23:00+00:00\" \/>\n<meta property=\"og:image\" content=\"https:\/\/etoropartners.com\/wp-content\/uploads\/2024\/05\/Featured_OUR-REGULATION.png\" \/>\n\t<meta property=\"og:image:width\" content=\"1200\" \/>\n\t<meta property=\"og:image:height\" content=\"630\" \/>\n\t<meta property=\"og:image:type\" content=\"image\/png\" \/>\n<meta name=\"twitter:card\" content=\"summary_large_image\" \/>\n<meta name=\"twitter:label1\" content=\"Timp estimat pentru citire\" \/>\n\t<meta name=\"twitter:data1\" content=\"2 minute\" \/>\n<script type=\"application\/ld+json\" class=\"yoast-schema-graph\">{\"@context\":\"https:\\\/\\\/schema.org\",\"@graph\":[{\"@type\":\"WebPage\",\"@id\":\"https:\\\/\\\/etoropartners.com\\\/ro\\\/regulators\\\/\",\"url\":\"https:\\\/\\\/etoropartners.com\\\/ro\\\/regulators\\\/\",\"name\":\"Autorit\u0103\u021bi de reglementare\",\"isPartOf\":{\"@id\":\"https:\\\/\\\/etoropartners.com\\\/ro\\\/#website\"},\"primaryImageOfPage\":{\"@id\":\"https:\\\/\\\/etoropartners.com\\\/ro\\\/regulators\\\/#primaryimage\"},\"image\":{\"@id\":\"https:\\\/\\\/etoropartners.com\\\/ro\\\/regulators\\\/#primaryimage\"},\"thumbnailUrl\":\"https:\\\/\\\/etoropartners.com\\\/wp-content\\\/uploads\\\/2024\\\/05\\\/Featured_OUR-REGULATION.png\",\"datePublished\":\"2024-05-22T11:05:01+00:00\",\"dateModified\":\"2024-08-26T13:23:00+00:00\",\"description\":\"eToro este reglementat \u00een mai multe jurisdic\u021bii, f\u0103 clic aici pentru a afla mai multe despre licen\u021bele \u0219i reglement\u0103rile noastre.\",\"breadcrumb\":{\"@id\":\"https:\\\/\\\/etoropartners.com\\\/ro\\\/regulators\\\/#breadcrumb\"},\"inLanguage\":\"ro-RO\",\"potentialAction\":[{\"@type\":\"ReadAction\",\"target\":[\"https:\\\/\\\/etoropartners.com\\\/ro\\\/regulators\\\/\"]}]},{\"@type\":\"ImageObject\",\"inLanguage\":\"ro-RO\",\"@id\":\"https:\\\/\\\/etoropartners.com\\\/ro\\\/regulators\\\/#primaryimage\",\"url\":\"https:\\\/\\\/etoropartners.com\\\/wp-content\\\/uploads\\\/2024\\\/05\\\/Featured_OUR-REGULATION.png\",\"contentUrl\":\"https:\\\/\\\/etoropartners.com\\\/wp-content\\\/uploads\\\/2024\\\/05\\\/Featured_OUR-REGULATION.png\",\"width\":1200,\"height\":630},{\"@type\":\"BreadcrumbList\",\"@id\":\"https:\\\/\\\/etoropartners.com\\\/ro\\\/regulators\\\/#breadcrumb\",\"itemListElement\":[{\"@type\":\"ListItem\",\"position\":1,\"name\":\"Home\",\"item\":\"https:\\\/\\\/etoropartners.wpengine.com\\\/ro\\\/\"},{\"@type\":\"ListItem\",\"position\":2,\"name\":\"Autorit\u0103\u021bi de reglementare\"}]},{\"@type\":\"WebSite\",\"@id\":\"https:\\\/\\\/etoropartners.com\\\/ro\\\/#website\",\"url\":\"https:\\\/\\\/etoropartners.com\\\/ro\\\/\",\"name\":\"eToro Partners\",\"description\":\"\",\"potentialAction\":[{\"@type\":\"SearchAction\",\"target\":{\"@type\":\"EntryPoint\",\"urlTemplate\":\"https:\\\/\\\/etoropartners.com\\\/ro\\\/?s={search_term_string}\"},\"query-input\":{\"@type\":\"PropertyValueSpecification\",\"valueRequired\":true,\"valueName\":\"search_term_string\"}}],\"inLanguage\":\"ro-RO\"}]}<\/script>\n<!-- \/ Yoast SEO plugin. -->","yoast_head_json":{"title":"Autorit\u0103\u021bi de reglementare","description":"eToro este reglementat \u00een mai multe jurisdic\u021bii, f\u0103 clic aici pentru a afla mai multe despre licen\u021bele \u0219i reglement\u0103rile noastre.","robots":{"index":"index","follow":"follow","max-snippet":"max-snippet:-1","max-image-preview":"max-image-preview:large","max-video-preview":"max-video-preview:-1"},"canonical":"https:\/\/etoropartners.com\/ro\/regulators\/","og_locale":"ro_RO","og_type":"article","og_title":"Autorit\u0103\u021bi de reglementare","og_description":"eToro este reglementat \u00een mai multe jurisdic\u021bii, f\u0103 clic aici pentru a afla mai multe despre licen\u021bele \u0219i reglement\u0103rile noastre.","og_url":"https:\/\/etoropartners.com\/ro\/regulators\/","og_site_name":"eToro Partners","article_modified_time":"2024-08-26T13:23:00+00:00","og_image":[{"width":1200,"height":630,"url":"https:\/\/etoropartners.com\/wp-content\/uploads\/2024\/05\/Featured_OUR-REGULATION.png","type":"image\/png"}],"twitter_card":"summary_large_image","twitter_misc":{"Timp estimat pentru citire":"2 minute"},"schema":{"@context":"https:\/\/schema.org","@graph":[{"@type":"WebPage","@id":"https:\/\/etoropartners.com\/ro\/regulators\/","url":"https:\/\/etoropartners.com\/ro\/regulators\/","name":"Autorit\u0103\u021bi de reglementare","isPartOf":{"@id":"https:\/\/etoropartners.com\/ro\/#website"},"primaryImageOfPage":{"@id":"https:\/\/etoropartners.com\/ro\/regulators\/#primaryimage"},"image":{"@id":"https:\/\/etoropartners.com\/ro\/regulators\/#primaryimage"},"thumbnailUrl":"https:\/\/etoropartners.com\/wp-content\/uploads\/2024\/05\/Featured_OUR-REGULATION.png","datePublished":"2024-05-22T11:05:01+00:00","dateModified":"2024-08-26T13:23:00+00:00","description":"eToro este reglementat \u00een mai multe jurisdic\u021bii, f\u0103 clic aici pentru a afla mai multe despre licen\u021bele \u0219i reglement\u0103rile noastre.","breadcrumb":{"@id":"https:\/\/etoropartners.com\/ro\/regulators\/#breadcrumb"},"inLanguage":"ro-RO","potentialAction":[{"@type":"ReadAction","target":["https:\/\/etoropartners.com\/ro\/regulators\/"]}]},{"@type":"ImageObject","inLanguage":"ro-RO","@id":"https:\/\/etoropartners.com\/ro\/regulators\/#primaryimage","url":"https:\/\/etoropartners.com\/wp-content\/uploads\/2024\/05\/Featured_OUR-REGULATION.png","contentUrl":"https:\/\/etoropartners.com\/wp-content\/uploads\/2024\/05\/Featured_OUR-REGULATION.png","width":1200,"height":630},{"@type":"BreadcrumbList","@id":"https:\/\/etoropartners.com\/ro\/regulators\/#breadcrumb","itemListElement":[{"@type":"ListItem","position":1,"name":"Home","item":"https:\/\/etoropartners.wpengine.com\/ro\/"},{"@type":"ListItem","position":2,"name":"Autorit\u0103\u021bi de reglementare"}]},{"@type":"WebSite","@id":"https:\/\/etoropartners.com\/ro\/#website","url":"https:\/\/etoropartners.com\/ro\/","name":"eToro Partners","description":"","potentialAction":[{"@type":"SearchAction","target":{"@type":"EntryPoint","urlTemplate":"https:\/\/etoropartners.com\/ro\/?s={search_term_string}"},"query-input":{"@type":"PropertyValueSpecification","valueRequired":true,"valueName":"search_term_string"}}],"inLanguage":"ro-RO"}]}},"_links":{"self":[{"href":"https:\/\/etoropartners.com\/ro\/wp-json\/wp\/v2\/pages\/8821","targetHints":{"allow":["GET"]}}],"collection":[{"href":"https:\/\/etoropartners.com\/ro\/wp-json\/wp\/v2\/pages"}],"about":[{"href":"https:\/\/etoropartners.com\/ro\/wp-json\/wp\/v2\/types\/page"}],"author":[{"embeddable":true,"href":"https:\/\/etoropartners.com\/ro\/wp-json\/wp\/v2\/users\/11"}],"replies":[{"embeddable":true,"href":"https:\/\/etoropartners.com\/ro\/wp-json\/wp\/v2\/comments?post=8821"}],"version-history":[{"count":0,"href":"https:\/\/etoropartners.com\/ro\/wp-json\/wp\/v2\/pages\/8821\/revisions"}],"wp:featuredmedia":[{"embeddable":true,"href":"https:\/\/etoropartners.com\/ro\/wp-json\/wp\/v2\/media\/8236"}],"wp:attachment":[{"href":"https:\/\/etoropartners.com\/ro\/wp-json\/wp\/v2\/media?parent=8821"}],"curies":[{"name":"wp","href":"https:\/\/api.w.org\/{rel}","templated":true}]}}