{"id":8789,"date":"2024-05-22T10:54:03","date_gmt":"2024-05-22T08:54:03","guid":{"rendered":"https:\/\/etoropartners.com\/how-to-add-risk-warnings\/"},"modified":"2024-08-26T12:37:11","modified_gmt":"2024-08-26T10:37:11","slug":"how-to-add-risk-warnings","status":"publish","type":"page","link":"https:\/\/etoropartners.com\/ro\/how-to-add-risk-warnings\/","title":{"rendered":"How to add risk warnings"},"content":{"rendered":"\n<section class=\"wp-block-group wp-block-group-boxed wp-block-group-small-top-padding wp-block-group-small-bottom-padding\"><div class=\"wp-block-group-inner is-layout-flow wp-block-group-is-layout-flow\">\n<div class=\"wp-block-columns are-vertically-aligned-top wp-block-columns-1 is-layout-flex wp-container-core-columns-is-layout-9d6595d7 wp-block-columns-is-layout-flex\">\n<div class=\"wp-block-column wp-block-column-align-desktop-center wp-block-column-align-mobile-center is-layout-flow wp-block-column-is-layout-flow\">\n<h2 class=\"wp-block-heading has-text-align-center\">Cum s\u0103 adaugi avertismente de risc<\/h2>\n\n\n\n<figure class=\"wp-block-image size-full\"><img loading=\"lazy\" decoding=\"async\" width=\"1600\" height=\"400\" src=\"https:\/\/etoropartners.com\/wp-content\/uploads\/2024\/05\/Cover_how-to-add-risk-warnings.jpg\" alt=\"\" class=\"wp-image-8176 wp-image-desktop\" srcset=\"https:\/\/etoropartners.com\/wp-content\/uploads\/2024\/05\/Cover_how-to-add-risk-warnings.jpg 1600w, https:\/\/etoropartners.com\/wp-content\/uploads\/2024\/05\/Cover_how-to-add-risk-warnings-300x75.jpg 300w, https:\/\/etoropartners.com\/wp-content\/uploads\/2024\/05\/Cover_how-to-add-risk-warnings-1024x256.jpg 1024w, https:\/\/etoropartners.com\/wp-content\/uploads\/2024\/05\/Cover_how-to-add-risk-warnings-768x192.jpg 768w, https:\/\/etoropartners.com\/wp-content\/uploads\/2024\/05\/Cover_how-to-add-risk-warnings-1536x384.jpg 1536w\" sizes=\"auto, (max-width: 1600px) 100vw, 1600px\" \/><\/figure>\n<\/div>\n<\/div>\n<\/div><\/section>\n\n\n\n<section class=\"wp-block-group wp-block-group-boxed wp-block-group-small-top-padding wp-block-group-small-bottom-padding\"><div class=\"wp-block-group-inner is-layout-flow wp-block-group-is-layout-flow\">\n<div class=\"wp-block-columns are-vertically-aligned-top wp-block-columns-1 is-layout-flex wp-container-core-columns-is-layout-9d6595d7 wp-block-columns-is-layout-flex\">\n<div class=\"wp-block-column is-layout-flow wp-block-column-is-layout-flow\">\n<p>Avertismentele de risc trebuie s\u0103 fie afi\u0219ate vizibil, astfel \u00eenc\u00e2t consumatorii s\u0103 le poat\u0103 citi \u0219i \u00een\u021belege u\u0219or.<\/p>\n\n\n\n<p class=\"is-style-heading-2\">Unde sunt necesare avertismentele de risc?<\/p>\n\n\n\n<p>Trebuie ad\u0103ugate la fiecare reclam\u0103 eToro, l\u00e2ng\u0103 fiecare link c\u0103tre eToro sau \u00eendemn la ac\u021biune.<\/p>\n\n\n\n<p>\u00cen cazul recenziilor eToro sau articolelor care men\u021bioneaz\u0103 eToro, avertismentele de risc trebuie ad\u0103ugate la \u00eenceputul textului. Dac\u0103 ai sec\u021biuni separate pe aceea\u0219i pagin\u0103, precum un banner sau alte elemente care trimit c\u0103tre eToro, acestea vor avea nevoie de propriile avertismente de risc aproape de link sau \u00eendemn.<\/p>\n\n\n\n<p>\u00centr-un videoclip, po\u021bi \u00eencorpora avertismente de risc pe toat\u0103 durata videoclipului sau po\u021bi avea un ecran complet cu declinarea r\u0103spunderii timp de 10 secunde la \u00eenceputul videoclipului. Descrierea videoclipului trebuie, de asemenea, s\u0103 con\u021bin\u0103 \u00eentotdeauna avertismentul de risc.<\/p>\n\n\n\n<p>Re\u021bine c\u0103 dac\u0103 nu exist\u0103 spa\u021biu pentru un avertisment de risc complet \u00een aceste elemente, po\u021bi folosi versiunea mai scurt\u0103 a avertismentului de risc unde este posibil.<\/p>\n\n\n\n<p>De asemenea, dac\u0103 trebuie s\u0103 adaugi mai multe avertismente de risc \u00een diferite locuri pe o pagin\u0103, po\u021bi folosi un avertisment de risc flotant care s\u0103 fie \u00een permanen\u021b\u0103 vizibil pe pagin\u0103.<\/p>\n<\/div>\n<\/div>\n<\/div><\/section>\n\n\n\n<section class=\"wp-block-group wp-block-group-boxed wp-block-group-small-top-padding wp-block-group-small-bottom-padding\"><div class=\"wp-block-group-inner is-layout-flow wp-block-group-is-layout-flow\">\n<div class=\"wp-block-columns are-vertically-aligned-top wp-block-columns-1 is-layout-flex wp-container-core-columns-is-layout-9d6595d7 wp-block-columns-is-layout-flex\">\n<div class=\"wp-block-column wp-block-column-align-desktop-center wp-block-column-align-mobile-center is-layout-flow wp-block-column-is-layout-flow\">\n<figure class=\"wp-block-embed is-type-rich is-provider-embed-handler wp-block-embed-embed-handler wp-embed-aspect-16-9 wp-has-aspect-ratio\"><div class=\"wp-block-embed__wrapper\">\n<div class=\"ec-video\"><iframe loading=\"lazy\" title=\"Compliance training video 4- 16:9 - How to  add risk warnings\" width=\"500\" height=\"281\" src=\"https:\/\/www.youtube.com\/embed\/Ar9eFGOq1xg?feature=oembed\" frameborder=\"0\" allow=\"accelerometer; autoplay; clipboard-write; encrypted-media; gyroscope; picture-in-picture; web-share\" referrerpolicy=\"strict-origin-when-cross-origin\" allowfullscreen><\/iframe><\/div>\n<\/div><\/figure>\n<\/div>\n<\/div>\n<\/div><\/section>\n\n\n\n<section class=\"wp-block-group wp-block-group-boxed wp-block-group-small-top-padding wp-block-group-small-bottom-padding\"><div class=\"wp-block-group-inner is-layout-flow wp-block-group-is-layout-flow\">\n<div class=\"wp-block-columns are-vertically-aligned-top wp-block-columns-1 is-layout-flex wp-container-core-columns-is-layout-9d6595d7 wp-block-columns-is-layout-flex\">\n<div class=\"wp-block-column is-layout-flow wp-block-column-is-layout-flow\">\n<p class=\"is-style-heading-2\">Cum s\u0103 g\u0103se\u0219ti avertismentele de risc adecvate<\/p>\n\n\n\n<p>Avertismentele de risc pe care trebuie s\u0103 le folose\u0219ti sunt determinate de \u021b\u0103rile pe care le vizezi \u0219i de produsele pe care le men\u021bionezi. \u00cen <a href=\"https:\/\/etoropartners.com\/ro\/guidelines\/\">ghid<\/a> po\u021bi g\u0103si avertismentele de risc relevante \u00een func\u021bie de \u021bar\u0103 \u0219i categorie.<\/p>\n\n\n\n<p><br>Dac\u0103 vizezi \u021b\u0103ri diferite, \u00een categorii diferite, trebuie s\u0103 folose\u0219ti toate declin\u0103rile relevante privind riscurile.<\/p>\n\n\n\n<p class=\"is-style-heading-2\"><br>Trei lucruri de avut \u00een vedere:<\/p>\n\n\n\n<p class=\"is-style-default\"><br><strong>Num\u0103rul 1.<\/strong> Unele \u021b\u0103ri, cum ar fi Spania \u0219i Marea Britanie, au avertismente specifice privind riscul crypto.<\/p>\n\n\n\n<p><strong>Num\u0103rul 2.<\/strong> Dac\u0103 promovezi pe re\u021belele de socializare, trebuie s\u0103 men\u021bionezi c\u0103 e\u0219ti afiliat sau c\u0103 este vorba de un anun\u021b pl\u0103tit. Acest lucru se poate efectua prin simpla ad\u0103ugare a hashtag-ului #advert.<\/p>\n\n\n\n<p><br><strong>Num\u0103rul 3.<\/strong> C\u00e2nd \u021binte\u0219ti c\u0103tre pie\u021bele din SUA, afilia\u021bii trebuie s\u0103 dezv\u0103luie pl\u0103\u021bile pe care le pot primi din publicitatea afiliat\u0103.<\/p>\n\n\n\n<p><strong>Nu \u00een ultimul r\u00e2nd<\/strong>\u2026 majoritatea avertismentelor de risc CFD au un procent \u0219i suntem obliga\u021bi s\u0103 schimb\u0103m acest procent la fiecare 3 luni. Vom posta o solicitare de modificare a procentului \u00een sec\u021biunea de \u0219tiri de pe site-ul eToro Partners atunci c\u00e2nd este necesar. \u00ce\u021bi recomand\u0103m s\u0103 folose\u0219ti <a href=\"https:\/\/docs.google.com\/presentation\/d\/12qK8XF8UURt3y9hTFKDv3f0nudVZez_BNxgC2ZsvhFo\/edit#slide=id.g1c27c6d4ca5_0_0\">instrumentul dinamic pentru procente de declinare a r\u0103spunderii<\/a>. Dac\u0103 implementezi acest instrument, el va afi\u0219a automat procentul corect \u0219i \u00ee\u021bi va economisi timp \u0219i munc\u0103.<\/p>\n<\/div>\n<\/div>\n<\/div><\/section>\n","protected":false},"excerpt":{"rendered":"<p>Cum s\u0103 adaugi avertismente de risc Avertismentele de risc trebuie s\u0103 fie afi\u0219ate vizibil, astfel \u00eenc\u00e2t consumatorii s\u0103 le poat\u0103 citi \u0219i \u00een\u021belege u\u0219or. Unde sunt necesare avertismentele de risc? Trebuie ad\u0103ugate la fiecare reclam\u0103 eToro, l\u00e2ng\u0103 fiecare link c\u0103tre eToro sau \u00eendemn la ac\u021biune. \u00cen cazul recenziilor eToro sau articolelor care men\u021bioneaz\u0103 eToro, avertismentele [&hellip;]<\/p>\n","protected":false},"author":11,"featured_media":8173,"parent":0,"menu_order":0,"comment_status":"closed","ping_status":"closed","template":"","meta":{"_acf_changed":false,"sticky_cta_settings":"","footnotes":""},"class_list":["post-8789","page","type-page","status-publish","has-post-thumbnail","hentry"],"acf":[],"yoast_head":"<!-- This site is optimized with the Yoast SEO plugin v27.3 - https:\/\/yoast.com\/product\/yoast-seo-wordpress\/ -->\n<title>Cum s\u0103 adaugi avertismente de risc<\/title>\n<meta name=\"description\" content=\"Avertismentele de risc trebuie s\u0103 fie afi\u0219ate vizibil, astfel \u00eenc\u00e2t consumatorii s\u0103 le citeasc\u0103 \u0219i s\u0103 le \u00een\u021beleag\u0103 cu u\u0219urin\u021b\u0103, unde trebuie s\u0103 le adaugi?\" \/>\n<meta name=\"robots\" content=\"index, follow, max-snippet:-1, max-image-preview:large, max-video-preview:-1\" \/>\n<link rel=\"canonical\" href=\"https:\/\/etoropartners.com\/ro\/how-to-add-risk-warnings\/\" \/>\n<meta property=\"og:locale\" content=\"ro_RO\" \/>\n<meta property=\"og:type\" content=\"article\" \/>\n<meta property=\"og:title\" content=\"Cum s\u0103 adaugi avertismente de risc\" \/>\n<meta property=\"og:description\" content=\"Avertismentele de risc trebuie s\u0103 fie afi\u0219ate vizibil, astfel \u00eenc\u00e2t consumatorii s\u0103 le citeasc\u0103 \u0219i s\u0103 le \u00een\u021beleag\u0103 cu u\u0219urin\u021b\u0103, unde trebuie s\u0103 le adaugi?\" \/>\n<meta property=\"og:url\" content=\"https:\/\/etoropartners.com\/ro\/how-to-add-risk-warnings\/\" \/>\n<meta property=\"og:site_name\" content=\"eToro Partners\" \/>\n<meta property=\"article:modified_time\" content=\"2024-08-26T10:37:11+00:00\" \/>\n<meta property=\"og:image\" content=\"https:\/\/etoropartners.com\/wp-content\/uploads\/2024\/05\/Featured_how-to-add-risk-warnings.png\" \/>\n\t<meta property=\"og:image:width\" content=\"1200\" \/>\n\t<meta property=\"og:image:height\" content=\"630\" \/>\n\t<meta property=\"og:image:type\" content=\"image\/png\" \/>\n<meta name=\"twitter:card\" content=\"summary_large_image\" \/>\n<meta name=\"twitter:label1\" content=\"Timp estimat pentru citire\" \/>\n\t<meta name=\"twitter:data1\" content=\"3 minute\" \/>\n<script type=\"application\/ld+json\" class=\"yoast-schema-graph\">{\"@context\":\"https:\\\/\\\/schema.org\",\"@graph\":[{\"@type\":\"WebPage\",\"@id\":\"https:\\\/\\\/etoropartners.com\\\/ro\\\/how-to-add-risk-warnings\\\/\",\"url\":\"https:\\\/\\\/etoropartners.com\\\/ro\\\/how-to-add-risk-warnings\\\/\",\"name\":\"Cum s\u0103 adaugi avertismente de risc\",\"isPartOf\":{\"@id\":\"https:\\\/\\\/etoropartners.com\\\/ro\\\/#website\"},\"primaryImageOfPage\":{\"@id\":\"https:\\\/\\\/etoropartners.com\\\/ro\\\/how-to-add-risk-warnings\\\/#primaryimage\"},\"image\":{\"@id\":\"https:\\\/\\\/etoropartners.com\\\/ro\\\/how-to-add-risk-warnings\\\/#primaryimage\"},\"thumbnailUrl\":\"https:\\\/\\\/etoropartners.com\\\/wp-content\\\/uploads\\\/2024\\\/05\\\/Featured_how-to-add-risk-warnings.png\",\"datePublished\":\"2024-05-22T08:54:03+00:00\",\"dateModified\":\"2024-08-26T10:37:11+00:00\",\"description\":\"Avertismentele de risc trebuie s\u0103 fie afi\u0219ate vizibil, astfel \u00eenc\u00e2t consumatorii s\u0103 le citeasc\u0103 \u0219i s\u0103 le \u00een\u021beleag\u0103 cu u\u0219urin\u021b\u0103, unde trebuie s\u0103 le adaugi?\",\"breadcrumb\":{\"@id\":\"https:\\\/\\\/etoropartners.com\\\/ro\\\/how-to-add-risk-warnings\\\/#breadcrumb\"},\"inLanguage\":\"ro-RO\",\"potentialAction\":[{\"@type\":\"ReadAction\",\"target\":[\"https:\\\/\\\/etoropartners.com\\\/ro\\\/how-to-add-risk-warnings\\\/\"]}]},{\"@type\":\"ImageObject\",\"inLanguage\":\"ro-RO\",\"@id\":\"https:\\\/\\\/etoropartners.com\\\/ro\\\/how-to-add-risk-warnings\\\/#primaryimage\",\"url\":\"https:\\\/\\\/etoropartners.com\\\/wp-content\\\/uploads\\\/2024\\\/05\\\/Featured_how-to-add-risk-warnings.png\",\"contentUrl\":\"https:\\\/\\\/etoropartners.com\\\/wp-content\\\/uploads\\\/2024\\\/05\\\/Featured_how-to-add-risk-warnings.png\",\"width\":1200,\"height\":630},{\"@type\":\"BreadcrumbList\",\"@id\":\"https:\\\/\\\/etoropartners.com\\\/ro\\\/how-to-add-risk-warnings\\\/#breadcrumb\",\"itemListElement\":[{\"@type\":\"ListItem\",\"position\":1,\"name\":\"Home\",\"item\":\"https:\\\/\\\/etoropartners.wpengine.com\\\/ro\\\/\"},{\"@type\":\"ListItem\",\"position\":2,\"name\":\"How to add risk warnings\"}]},{\"@type\":\"WebSite\",\"@id\":\"https:\\\/\\\/etoropartners.com\\\/ro\\\/#website\",\"url\":\"https:\\\/\\\/etoropartners.com\\\/ro\\\/\",\"name\":\"eToro Partners\",\"description\":\"\",\"potentialAction\":[{\"@type\":\"SearchAction\",\"target\":{\"@type\":\"EntryPoint\",\"urlTemplate\":\"https:\\\/\\\/etoropartners.com\\\/ro\\\/?s={search_term_string}\"},\"query-input\":{\"@type\":\"PropertyValueSpecification\",\"valueRequired\":true,\"valueName\":\"search_term_string\"}}],\"inLanguage\":\"ro-RO\"}]}<\/script>\n<!-- \/ Yoast SEO plugin. -->","yoast_head_json":{"title":"Cum s\u0103 adaugi avertismente de risc","description":"Avertismentele de risc trebuie s\u0103 fie afi\u0219ate vizibil, astfel \u00eenc\u00e2t consumatorii s\u0103 le citeasc\u0103 \u0219i s\u0103 le \u00een\u021beleag\u0103 cu u\u0219urin\u021b\u0103, unde trebuie s\u0103 le adaugi?","robots":{"index":"index","follow":"follow","max-snippet":"max-snippet:-1","max-image-preview":"max-image-preview:large","max-video-preview":"max-video-preview:-1"},"canonical":"https:\/\/etoropartners.com\/ro\/how-to-add-risk-warnings\/","og_locale":"ro_RO","og_type":"article","og_title":"Cum s\u0103 adaugi avertismente de risc","og_description":"Avertismentele de risc trebuie s\u0103 fie afi\u0219ate vizibil, astfel \u00eenc\u00e2t consumatorii s\u0103 le citeasc\u0103 \u0219i s\u0103 le \u00een\u021beleag\u0103 cu u\u0219urin\u021b\u0103, unde trebuie s\u0103 le adaugi?","og_url":"https:\/\/etoropartners.com\/ro\/how-to-add-risk-warnings\/","og_site_name":"eToro Partners","article_modified_time":"2024-08-26T10:37:11+00:00","og_image":[{"width":1200,"height":630,"url":"https:\/\/etoropartners.com\/wp-content\/uploads\/2024\/05\/Featured_how-to-add-risk-warnings.png","type":"image\/png"}],"twitter_card":"summary_large_image","twitter_misc":{"Timp estimat pentru citire":"3 minute"},"schema":{"@context":"https:\/\/schema.org","@graph":[{"@type":"WebPage","@id":"https:\/\/etoropartners.com\/ro\/how-to-add-risk-warnings\/","url":"https:\/\/etoropartners.com\/ro\/how-to-add-risk-warnings\/","name":"Cum s\u0103 adaugi avertismente de risc","isPartOf":{"@id":"https:\/\/etoropartners.com\/ro\/#website"},"primaryImageOfPage":{"@id":"https:\/\/etoropartners.com\/ro\/how-to-add-risk-warnings\/#primaryimage"},"image":{"@id":"https:\/\/etoropartners.com\/ro\/how-to-add-risk-warnings\/#primaryimage"},"thumbnailUrl":"https:\/\/etoropartners.com\/wp-content\/uploads\/2024\/05\/Featured_how-to-add-risk-warnings.png","datePublished":"2024-05-22T08:54:03+00:00","dateModified":"2024-08-26T10:37:11+00:00","description":"Avertismentele de risc trebuie s\u0103 fie afi\u0219ate vizibil, astfel \u00eenc\u00e2t consumatorii s\u0103 le citeasc\u0103 \u0219i s\u0103 le \u00een\u021beleag\u0103 cu u\u0219urin\u021b\u0103, unde trebuie s\u0103 le adaugi?","breadcrumb":{"@id":"https:\/\/etoropartners.com\/ro\/how-to-add-risk-warnings\/#breadcrumb"},"inLanguage":"ro-RO","potentialAction":[{"@type":"ReadAction","target":["https:\/\/etoropartners.com\/ro\/how-to-add-risk-warnings\/"]}]},{"@type":"ImageObject","inLanguage":"ro-RO","@id":"https:\/\/etoropartners.com\/ro\/how-to-add-risk-warnings\/#primaryimage","url":"https:\/\/etoropartners.com\/wp-content\/uploads\/2024\/05\/Featured_how-to-add-risk-warnings.png","contentUrl":"https:\/\/etoropartners.com\/wp-content\/uploads\/2024\/05\/Featured_how-to-add-risk-warnings.png","width":1200,"height":630},{"@type":"BreadcrumbList","@id":"https:\/\/etoropartners.com\/ro\/how-to-add-risk-warnings\/#breadcrumb","itemListElement":[{"@type":"ListItem","position":1,"name":"Home","item":"https:\/\/etoropartners.wpengine.com\/ro\/"},{"@type":"ListItem","position":2,"name":"How to add risk warnings"}]},{"@type":"WebSite","@id":"https:\/\/etoropartners.com\/ro\/#website","url":"https:\/\/etoropartners.com\/ro\/","name":"eToro Partners","description":"","potentialAction":[{"@type":"SearchAction","target":{"@type":"EntryPoint","urlTemplate":"https:\/\/etoropartners.com\/ro\/?s={search_term_string}"},"query-input":{"@type":"PropertyValueSpecification","valueRequired":true,"valueName":"search_term_string"}}],"inLanguage":"ro-RO"}]}},"_links":{"self":[{"href":"https:\/\/etoropartners.com\/ro\/wp-json\/wp\/v2\/pages\/8789","targetHints":{"allow":["GET"]}}],"collection":[{"href":"https:\/\/etoropartners.com\/ro\/wp-json\/wp\/v2\/pages"}],"about":[{"href":"https:\/\/etoropartners.com\/ro\/wp-json\/wp\/v2\/types\/page"}],"author":[{"embeddable":true,"href":"https:\/\/etoropartners.com\/ro\/wp-json\/wp\/v2\/users\/11"}],"replies":[{"embeddable":true,"href":"https:\/\/etoropartners.com\/ro\/wp-json\/wp\/v2\/comments?post=8789"}],"version-history":[{"count":0,"href":"https:\/\/etoropartners.com\/ro\/wp-json\/wp\/v2\/pages\/8789\/revisions"}],"wp:featuredmedia":[{"embeddable":true,"href":"https:\/\/etoropartners.com\/ro\/wp-json\/wp\/v2\/media\/8173"}],"wp:attachment":[{"href":"https:\/\/etoropartners.com\/ro\/wp-json\/wp\/v2\/media?parent=8789"}],"curies":[{"name":"wp","href":"https:\/\/api.w.org\/{rel}","templated":true}]}}