{"id":8758,"date":"2024-05-22T11:00:34","date_gmt":"2024-05-22T09:00:34","guid":{"rendered":"https:\/\/etoropartners.com\/investment-advice\/"},"modified":"2024-08-26T15:59:41","modified_gmt":"2024-08-26T13:59:41","slug":"sfaturi-de-investitii","status":"publish","type":"page","link":"https:\/\/etoropartners.com\/ro\/sfaturi-de-investitii\/","title":{"rendered":"Sfaturi de investi\u021bii"},"content":{"rendered":"\n<section class=\"wp-block-group wp-block-group-boxed wp-block-group-small-top-padding wp-block-group-small-bottom-padding\"><div class=\"wp-block-group-inner is-layout-flow wp-block-group-is-layout-flow\">\n<div class=\"wp-block-columns are-vertically-aligned-top wp-block-columns-1 is-layout-flex wp-container-core-columns-is-layout-9d6595d7 wp-block-columns-is-layout-flex\">\n<div class=\"wp-block-column wp-block-column-align-desktop-center wp-block-column-align-mobile-center is-layout-flow wp-block-column-is-layout-flow\">\n<h2 class=\"wp-block-heading has-text-align-center\">Sfaturi de investi\u021bii<\/h2>\n<\/div>\n<\/div>\n\n\n\n<figure class=\"wp-block-image size-full\"><img loading=\"lazy\" decoding=\"async\" width=\"1600\" height=\"400\" src=\"https:\/\/etoropartners.com\/wp-content\/uploads\/2024\/05\/Cover_Investment-advice.jpg\" alt=\"\" class=\"wp-image-8208 wp-image-desktop\" srcset=\"https:\/\/etoropartners.com\/wp-content\/uploads\/2024\/05\/Cover_Investment-advice.jpg 1600w, https:\/\/etoropartners.com\/wp-content\/uploads\/2024\/05\/Cover_Investment-advice-300x75.jpg 300w, https:\/\/etoropartners.com\/wp-content\/uploads\/2024\/05\/Cover_Investment-advice-1024x256.jpg 1024w, https:\/\/etoropartners.com\/wp-content\/uploads\/2024\/05\/Cover_Investment-advice-768x192.jpg 768w, https:\/\/etoropartners.com\/wp-content\/uploads\/2024\/05\/Cover_Investment-advice-1536x384.jpg 1536w\" sizes=\"auto, (max-width: 1600px) 100vw, 1600px\" \/><\/figure>\n<\/div><\/section>\n\n\n\n<section class=\"wp-block-group wp-block-group-boxed wp-block-group-small-top-padding wp-block-group-small-bottom-padding\"><div class=\"wp-block-group-inner is-layout-flow wp-block-group-is-layout-flow\">\n<div class=\"wp-block-columns are-vertically-aligned-top wp-block-columns-1 is-layout-flex wp-container-core-columns-is-layout-9d6595d7 wp-block-columns-is-layout-flex\">\n<div class=\"wp-block-column is-layout-flow wp-block-column-is-layout-flow\">\n<p>NU este permis s\u0103 oferi sfaturi de investi\u021bii, dar ce sunt sfaturile de investi\u021bii?<\/p>\n\n\n\n<p class=\"is-style-heading-2\">Ce este considerat sfat de investi\u021bii?<\/p>\n\n\n\n<p>Sfatul de investi\u021bii este orice recomandare sau \u00eendrumare care \u00eencearc\u0103 s\u0103 educe, s\u0103 informeze sau s\u0103 ghideze un investitor cu privire la un anumit produs de investi\u021bii sau o serie de produse.<\/p>\n\n\n\n<p>Nu este permis s\u0103 sf\u0103tuie\u0219ti vizitatorii s\u0103 achizi\u021bioneze un instrument sau s\u0103 recomanzi o anumit\u0103 investi\u021bie, implicit sau explicit.<\/p>\n\n\n\n<p>Cu toate acestea, analiza instrumentelor sau previziunile pot fi furnizate ca cercetare investi\u021bional\u0103 \u0219i trebuie s\u0103 fie generice, bazate pe informa\u021bii publice \u0219i nu direc\u021bionate c\u0103tre o anumit\u0103 persoan\u0103 sau grup de persoane.<\/p>\n\n\n\n<p class=\"is-style-heading-2\"><strong>Avertisment de risc<\/strong><\/p>\n\n\n\n<p>C\u00e2nd scrii o analiz\u0103 sau o prognoz\u0103 a unui instrument, trebuie ad\u0103ugat\u0103 urm\u0103toarea declinare a r\u0103spunderii (\u00een plus fa\u021b\u0103 de avertismentele de risc pe care le vei g\u0103si \u00een sec\u021biunea de avertismente de risc din <a href=\"https:\/\/etoropartners.com\/ro\/guidelines\/\">ghid<\/a>):<\/p>\n\n\n\n<p>Aceast\u0103 comunicare are doar scop informativ \u0219i educa\u021bional \u0219i nu trebuie luat\u0103 ca un sfat de investi\u021bii, o recomandare personal\u0103 sau o ofert\u0103 sau o solicitare de cump\u0103rare sau v\u00e2nzare a oric\u0103ror instrumente financiare. <strong>Acest material a fost preg\u0103tit f\u0103r\u0103 a \u021bine cont de obiectivele de investi\u021bii sau de situa\u021bia financiar\u0103 a unui anumit destinatar \u0219i nu a fost preg\u0103tit \u00een conformitate cu cerin\u021bele legale \u0219i de reglementare pentru promovarea cercet\u0103rii independente.<\/strong> Orice referire la performan\u021ba trecut\u0103 sau viitoare a unui instrument financiar, indice sau produs de investi\u021bii pachet nu este \u0219i nu ar trebui s\u0103 fie considerat\u0103 un indicator de \u00eencredere al rezultatelor viitoare. eToro nu face nicio declara\u021bie \u0219i nu \u00ee\u0219i asum\u0103 nicio responsabilitate cu privire la acurate\u021bea sau caracterul complet al con\u021binutului acestei publica\u021bii.<\/p>\n\n\n\n<p class=\"is-style-heading-2\">Te rug\u0103m s\u0103 acorzi aten\u021bie<\/p>\n\n\n\n<p><strong>SUA:<\/strong> \u00cen SUA, nu po\u021bi promova eToro \u00een prognozele de pre\u021b. Este permis\u0103 promovarea eToro \u00een analiza instrumentelor care nu con\u021bine o prognoz\u0103.<\/p>\n\n\n\n<p><strong>Norvegia \u0219i Elve\u021bia: <\/strong>\u00cen Norvegia \u0219i Elve\u021bia nu este permis s\u0103 men\u021bionezi niciun instrument specific. De asemenea, eToro nu poate fi promovat \u00een niciun articol care men\u021bioneaz\u0103 instrumente specifice. Po\u021bi men\u021biona grupuri de instrumente, cum ar fi ac\u021biuni, CFD-uri sau crypto, dar nu specifica\u021bii precum Tesla sau Apple.<\/p>\n\n\n\n<p>\u00cen caz de nel\u0103murire, contacteaz\u0103 managerul t\u0103u de afiliere sau pe <a href=\"mailto:lioraed@etoro.com\">Liora Edelstein<\/a>, sau <a href=\"https:\/\/calendly.com\/lioraed\">stabile\u0219te o \u00eent\u00e2lnire<\/a>.<\/p>\n<\/div>\n<\/div>\n<\/div><\/section>\n","protected":false},"excerpt":{"rendered":"<p>Sfaturi de investi\u021bii NU este permis s\u0103 oferi sfaturi de investi\u021bii, dar ce sunt sfaturile de investi\u021bii? Ce este considerat sfat de investi\u021bii? Sfatul de investi\u021bii este orice recomandare sau \u00eendrumare care \u00eencearc\u0103 s\u0103 educe, s\u0103 informeze sau s\u0103 ghideze un investitor cu privire la un anumit produs de investi\u021bii sau o serie de produse. [&hellip;]<\/p>\n","protected":false},"author":11,"featured_media":8205,"parent":0,"menu_order":0,"comment_status":"closed","ping_status":"closed","template":"","meta":{"_acf_changed":false,"sticky_cta_settings":"","footnotes":""},"class_list":["post-8758","page","type-page","status-publish","has-post-thumbnail","hentry"],"acf":[],"yoast_head":"<!-- This site is optimized with the Yoast SEO plugin v27.3 - https:\/\/yoast.com\/product\/yoast-seo-wordpress\/ -->\n<title>Sfaturi de investi\u021bii<\/title>\n<meta name=\"description\" content=\"NU este permis s\u0103 oferi sfaturi de investi\u021bii, dar ce sunt sfaturile de investi\u021bii?\" \/>\n<meta name=\"robots\" content=\"index, follow, max-snippet:-1, max-image-preview:large, max-video-preview:-1\" \/>\n<link rel=\"canonical\" href=\"https:\/\/etoropartners.com\/ro\/sfaturi-de-investitii\/\" \/>\n<meta property=\"og:locale\" content=\"ro_RO\" \/>\n<meta property=\"og:type\" content=\"article\" \/>\n<meta property=\"og:title\" content=\"Sfaturi de investi\u021bii\" \/>\n<meta property=\"og:description\" content=\"NU este permis s\u0103 oferi sfaturi de investi\u021bii, dar ce sunt sfaturile de investi\u021bii?\" \/>\n<meta property=\"og:url\" content=\"https:\/\/etoropartners.com\/ro\/sfaturi-de-investitii\/\" \/>\n<meta property=\"og:site_name\" content=\"eToro Partners\" \/>\n<meta property=\"article:modified_time\" content=\"2024-08-26T13:59:41+00:00\" \/>\n<meta property=\"og:image\" content=\"https:\/\/etoropartners.com\/wp-content\/uploads\/2024\/05\/Featured_Investment-advice.png\" \/>\n\t<meta property=\"og:image:width\" content=\"1200\" \/>\n\t<meta property=\"og:image:height\" content=\"630\" \/>\n\t<meta property=\"og:image:type\" content=\"image\/png\" \/>\n<meta name=\"twitter:card\" content=\"summary_large_image\" \/>\n<meta name=\"twitter:label1\" content=\"Timp estimat pentru citire\" \/>\n\t<meta name=\"twitter:data1\" content=\"3 minute\" \/>\n<script type=\"application\/ld+json\" class=\"yoast-schema-graph\">{\"@context\":\"https:\\\/\\\/schema.org\",\"@graph\":[{\"@type\":\"WebPage\",\"@id\":\"https:\\\/\\\/etoropartners.com\\\/ro\\\/sfaturi-de-investitii\\\/\",\"url\":\"https:\\\/\\\/etoropartners.com\\\/ro\\\/sfaturi-de-investitii\\\/\",\"name\":\"Sfaturi de investi\u021bii\",\"isPartOf\":{\"@id\":\"https:\\\/\\\/etoropartners.com\\\/ro\\\/#website\"},\"primaryImageOfPage\":{\"@id\":\"https:\\\/\\\/etoropartners.com\\\/ro\\\/sfaturi-de-investitii\\\/#primaryimage\"},\"image\":{\"@id\":\"https:\\\/\\\/etoropartners.com\\\/ro\\\/sfaturi-de-investitii\\\/#primaryimage\"},\"thumbnailUrl\":\"https:\\\/\\\/etoropartners.com\\\/wp-content\\\/uploads\\\/2024\\\/05\\\/Featured_Investment-advice.png\",\"datePublished\":\"2024-05-22T09:00:34+00:00\",\"dateModified\":\"2024-08-26T13:59:41+00:00\",\"description\":\"NU este permis s\u0103 oferi sfaturi de investi\u021bii, dar ce sunt sfaturile de investi\u021bii?\",\"breadcrumb\":{\"@id\":\"https:\\\/\\\/etoropartners.com\\\/ro\\\/sfaturi-de-investitii\\\/#breadcrumb\"},\"inLanguage\":\"ro-RO\",\"potentialAction\":[{\"@type\":\"ReadAction\",\"target\":[\"https:\\\/\\\/etoropartners.com\\\/ro\\\/sfaturi-de-investitii\\\/\"]}]},{\"@type\":\"ImageObject\",\"inLanguage\":\"ro-RO\",\"@id\":\"https:\\\/\\\/etoropartners.com\\\/ro\\\/sfaturi-de-investitii\\\/#primaryimage\",\"url\":\"https:\\\/\\\/etoropartners.com\\\/wp-content\\\/uploads\\\/2024\\\/05\\\/Featured_Investment-advice.png\",\"contentUrl\":\"https:\\\/\\\/etoropartners.com\\\/wp-content\\\/uploads\\\/2024\\\/05\\\/Featured_Investment-advice.png\",\"width\":1200,\"height\":630},{\"@type\":\"BreadcrumbList\",\"@id\":\"https:\\\/\\\/etoropartners.com\\\/ro\\\/sfaturi-de-investitii\\\/#breadcrumb\",\"itemListElement\":[{\"@type\":\"ListItem\",\"position\":1,\"name\":\"Home\",\"item\":\"https:\\\/\\\/etoropartners.wpengine.com\\\/ro\\\/\"},{\"@type\":\"ListItem\",\"position\":2,\"name\":\"Sfaturi de investi\u021bii\"}]},{\"@type\":\"WebSite\",\"@id\":\"https:\\\/\\\/etoropartners.com\\\/ro\\\/#website\",\"url\":\"https:\\\/\\\/etoropartners.com\\\/ro\\\/\",\"name\":\"eToro Partners\",\"description\":\"\",\"potentialAction\":[{\"@type\":\"SearchAction\",\"target\":{\"@type\":\"EntryPoint\",\"urlTemplate\":\"https:\\\/\\\/etoropartners.com\\\/ro\\\/?s={search_term_string}\"},\"query-input\":{\"@type\":\"PropertyValueSpecification\",\"valueRequired\":true,\"valueName\":\"search_term_string\"}}],\"inLanguage\":\"ro-RO\"}]}<\/script>\n<!-- \/ Yoast SEO plugin. -->","yoast_head_json":{"title":"Sfaturi de investi\u021bii","description":"NU este permis s\u0103 oferi sfaturi de investi\u021bii, dar ce sunt sfaturile de investi\u021bii?","robots":{"index":"index","follow":"follow","max-snippet":"max-snippet:-1","max-image-preview":"max-image-preview:large","max-video-preview":"max-video-preview:-1"},"canonical":"https:\/\/etoropartners.com\/ro\/sfaturi-de-investitii\/","og_locale":"ro_RO","og_type":"article","og_title":"Sfaturi de investi\u021bii","og_description":"NU este permis s\u0103 oferi sfaturi de investi\u021bii, dar ce sunt sfaturile de investi\u021bii?","og_url":"https:\/\/etoropartners.com\/ro\/sfaturi-de-investitii\/","og_site_name":"eToro Partners","article_modified_time":"2024-08-26T13:59:41+00:00","og_image":[{"width":1200,"height":630,"url":"https:\/\/etoropartners.com\/wp-content\/uploads\/2024\/05\/Featured_Investment-advice.png","type":"image\/png"}],"twitter_card":"summary_large_image","twitter_misc":{"Timp estimat pentru citire":"3 minute"},"schema":{"@context":"https:\/\/schema.org","@graph":[{"@type":"WebPage","@id":"https:\/\/etoropartners.com\/ro\/sfaturi-de-investitii\/","url":"https:\/\/etoropartners.com\/ro\/sfaturi-de-investitii\/","name":"Sfaturi de investi\u021bii","isPartOf":{"@id":"https:\/\/etoropartners.com\/ro\/#website"},"primaryImageOfPage":{"@id":"https:\/\/etoropartners.com\/ro\/sfaturi-de-investitii\/#primaryimage"},"image":{"@id":"https:\/\/etoropartners.com\/ro\/sfaturi-de-investitii\/#primaryimage"},"thumbnailUrl":"https:\/\/etoropartners.com\/wp-content\/uploads\/2024\/05\/Featured_Investment-advice.png","datePublished":"2024-05-22T09:00:34+00:00","dateModified":"2024-08-26T13:59:41+00:00","description":"NU este permis s\u0103 oferi sfaturi de investi\u021bii, dar ce sunt sfaturile de investi\u021bii?","breadcrumb":{"@id":"https:\/\/etoropartners.com\/ro\/sfaturi-de-investitii\/#breadcrumb"},"inLanguage":"ro-RO","potentialAction":[{"@type":"ReadAction","target":["https:\/\/etoropartners.com\/ro\/sfaturi-de-investitii\/"]}]},{"@type":"ImageObject","inLanguage":"ro-RO","@id":"https:\/\/etoropartners.com\/ro\/sfaturi-de-investitii\/#primaryimage","url":"https:\/\/etoropartners.com\/wp-content\/uploads\/2024\/05\/Featured_Investment-advice.png","contentUrl":"https:\/\/etoropartners.com\/wp-content\/uploads\/2024\/05\/Featured_Investment-advice.png","width":1200,"height":630},{"@type":"BreadcrumbList","@id":"https:\/\/etoropartners.com\/ro\/sfaturi-de-investitii\/#breadcrumb","itemListElement":[{"@type":"ListItem","position":1,"name":"Home","item":"https:\/\/etoropartners.wpengine.com\/ro\/"},{"@type":"ListItem","position":2,"name":"Sfaturi de investi\u021bii"}]},{"@type":"WebSite","@id":"https:\/\/etoropartners.com\/ro\/#website","url":"https:\/\/etoropartners.com\/ro\/","name":"eToro Partners","description":"","potentialAction":[{"@type":"SearchAction","target":{"@type":"EntryPoint","urlTemplate":"https:\/\/etoropartners.com\/ro\/?s={search_term_string}"},"query-input":{"@type":"PropertyValueSpecification","valueRequired":true,"valueName":"search_term_string"}}],"inLanguage":"ro-RO"}]}},"_links":{"self":[{"href":"https:\/\/etoropartners.com\/ro\/wp-json\/wp\/v2\/pages\/8758","targetHints":{"allow":["GET"]}}],"collection":[{"href":"https:\/\/etoropartners.com\/ro\/wp-json\/wp\/v2\/pages"}],"about":[{"href":"https:\/\/etoropartners.com\/ro\/wp-json\/wp\/v2\/types\/page"}],"author":[{"embeddable":true,"href":"https:\/\/etoropartners.com\/ro\/wp-json\/wp\/v2\/users\/11"}],"replies":[{"embeddable":true,"href":"https:\/\/etoropartners.com\/ro\/wp-json\/wp\/v2\/comments?post=8758"}],"version-history":[{"count":0,"href":"https:\/\/etoropartners.com\/ro\/wp-json\/wp\/v2\/pages\/8758\/revisions"}],"wp:featuredmedia":[{"embeddable":true,"href":"https:\/\/etoropartners.com\/ro\/wp-json\/wp\/v2\/media\/8205"}],"wp:attachment":[{"href":"https:\/\/etoropartners.com\/ro\/wp-json\/wp\/v2\/media?parent=8758"}],"curies":[{"name":"wp","href":"https:\/\/api.w.org\/{rel}","templated":true}]}}