{"id":8740,"date":"2024-05-22T09:50:03","date_gmt":"2024-05-22T07:50:03","guid":{"rendered":"https:\/\/etoropartners.com\/be-accurate\/"},"modified":"2024-08-21T15:55:03","modified_gmt":"2024-08-21T13:55:03","slug":"be-accurate","status":"publish","type":"page","link":"https:\/\/etoropartners.com\/ro\/be-accurate\/","title":{"rendered":"How to be accurate, balanced, and not misleading"},"content":{"rendered":"\n<section class=\"wp-block-group wp-block-group-boxed wp-block-group-small-top-padding wp-block-group-small-bottom-padding\"><div class=\"wp-block-group-inner is-layout-flow wp-block-group-is-layout-flow\">\n<div class=\"wp-block-columns are-vertically-aligned-top wp-block-columns-1 is-layout-flex wp-container-core-columns-is-layout-9d6595d7 wp-block-columns-is-layout-flex\">\n<div class=\"wp-block-column wp-block-column-align-desktop-center wp-block-column-align-mobile-center is-layout-flow wp-block-column-is-layout-flow\">\n<h2 class=\"wp-block-heading has-text-align-center\">Cum s\u0103 fii precis, echilibrat \u0219i s\u0103 nu induci \u00een eroare<\/h2>\n\n\n\n<figure class=\"wp-block-image size-full\"><img loading=\"lazy\" decoding=\"async\" width=\"1600\" height=\"400\" src=\"https:\/\/etoropartners.com\/wp-content\/uploads\/2024\/05\/Cover_be-accurate.jpg\" alt=\"\" class=\"wp-image-8091 wp-image-desktop\" srcset=\"https:\/\/etoropartners.com\/wp-content\/uploads\/2024\/05\/Cover_be-accurate.jpg 1600w, https:\/\/etoropartners.com\/wp-content\/uploads\/2024\/05\/Cover_be-accurate-300x75.jpg 300w, https:\/\/etoropartners.com\/wp-content\/uploads\/2024\/05\/Cover_be-accurate-1024x256.jpg 1024w, https:\/\/etoropartners.com\/wp-content\/uploads\/2024\/05\/Cover_be-accurate-768x192.jpg 768w, https:\/\/etoropartners.com\/wp-content\/uploads\/2024\/05\/Cover_be-accurate-1536x384.jpg 1536w\" sizes=\"auto, (max-width: 1600px) 100vw, 1600px\" \/><\/figure>\n<\/div>\n<\/div>\n<\/div><\/section>\n\n\n\n<section class=\"wp-block-group wp-block-group-boxed wp-block-group-small-top-padding wp-block-group-small-bottom-padding\"><div class=\"wp-block-group-inner is-layout-flow wp-block-group-is-layout-flow\">\n<div class=\"wp-block-columns are-vertically-aligned-top wp-block-columns-1 is-layout-flex wp-container-core-columns-is-layout-9d6595d7 wp-block-columns-is-layout-flex\">\n<div class=\"wp-block-column is-layout-flow wp-block-column-is-layout-flow\">\n<p>Una dintre regulile principale de conformitate prevede c\u0103 promovarea ta trebuie s\u0103 fie precis\u0103, echilibrat\u0103 \u0219i s\u0103 nu induc\u0103 \u00een eroare. Mai jos sunt c\u00e2teva exemple care arat\u0103 ce \u00eenseamn\u0103 asta.<\/p>\n\n\n\n<p class=\"is-style-heading-2\"><br>4 lucruri la care ar trebui s\u0103 fii precis:<\/p>\n\n\n\n<p><br>1. Nu-\u021bi falsifica identitatea: nu spune c\u0103 reprezin\u021bi eToro \u0219i nu folosi eToro \u00een numele domeniului t\u0103u.<\/p>\n\n\n\n<p>2. Nu prezenta eToro ca fiind o marc\u0103 local\u0103 c\u00e2nd nu este. De exemplu, \u201eCel mai bun broker francez\u201d nu este corect. De\u0219i eToro poate fi disponibil \u00een Fran\u021ba, nu este un broker francez, a\u0219a c\u0103 evit\u0103 s\u0103-l descrii astfel.<\/p>\n\n\n\n<p>3. Nu promova instrumente, promo\u021bii sau metode de plat\u0103 indisponibile.<\/p>\n\n\n\n<p>4. Fii precis \u00een ceea ce prive\u0219te op\u021biunile de plat\u0103, comisioanele \u0219i efectul de levier maxim (\u00een func\u021bie de activul suport) \u0219i verific\u0103 graficul de comisioane de pe site-ul eToro pentru cele mai actualizate informa\u021bii.<\/p>\n\n\n\n<p>Po\u021bi g\u0103si linkuri c\u0103tre toate informa\u021biile necesare pentru a scrie campanii corecte \u00een sec\u021biunea <a href=\"https:\/\/etoropartners.com\/ro\/find-out-more\/\">\u201eAfl\u0103 mai multe\u201d<\/a> din hub-ul eToro Partners.<\/p>\n<\/div>\n<\/div>\n<\/div><\/section>\n\n\n\n<section class=\"wp-block-group wp-block-group-boxed wp-block-group-small-top-padding wp-block-group-small-bottom-padding\"><div class=\"wp-block-group-inner is-layout-flow wp-block-group-is-layout-flow\">\n<div class=\"wp-block-columns are-vertically-aligned-top wp-block-columns-1 is-layout-flex wp-container-core-columns-is-layout-9d6595d7 wp-block-columns-is-layout-flex\">\n<div class=\"wp-block-column wp-block-column-align-desktop-center wp-block-column-align-mobile-center is-layout-flow wp-block-column-is-layout-flow\">\n<figure class=\"wp-block-embed is-type-rich is-provider-embed-handler wp-block-embed-embed-handler wp-embed-aspect-16-9 wp-has-aspect-ratio\"><div class=\"wp-block-embed__wrapper\">\n<div class=\"ec-video\"><iframe loading=\"lazy\" title=\"Compliance training video 2 - 16:9 - How to be accurate, fair, not misleading\" width=\"500\" height=\"281\" src=\"https:\/\/www.youtube.com\/embed\/Im2UgdX05dg?feature=oembed\" frameborder=\"0\" allow=\"accelerometer; autoplay; clipboard-write; encrypted-media; gyroscope; picture-in-picture; web-share\" referrerpolicy=\"strict-origin-when-cross-origin\" allowfullscreen><\/iframe><\/div>\n<\/div><\/figure>\n<\/div>\n<\/div>\n<\/div><\/section>\n\n\n\n<section class=\"wp-block-group wp-block-group-boxed wp-block-group-small-top-padding wp-block-group-small-bottom-padding\"><div class=\"wp-block-group-inner is-layout-flow wp-block-group-is-layout-flow\">\n<div class=\"wp-block-columns are-vertically-aligned-top wp-block-columns-1 is-layout-flex wp-container-core-columns-is-layout-9d6595d7 wp-block-columns-is-layout-flex\">\n<div class=\"wp-block-column is-layout-flow wp-block-column-is-layout-flow\">\n<p class=\"is-style-heading-2\">Promovarea ta ar trebui s\u0103 fie echilibrat\u0103:<\/p>\n\n\n\n<p>1. Asigur\u0103-te c\u0103 mesajul t\u0103u este echilibrat: de c\u00e2te ori men\u021bionezi posibile c\u00e2\u0219tiguri, include \u0219i riscurile asociate \u0219i posibilele pierderi. La fel, dac\u0103 men\u021bionezi c\u0103 efectul de levier poate maximiza c\u00e2\u0219tigurile, men\u021bioneaz\u0103 c\u0103 acesta maximizeaz\u0103 \u0219i pierderile poten\u021biale.<\/p>\n\n\n\n<p>2. Nu folosi imagini care sugereaz\u0103 c\u00e2\u0219tiguri, cum ar fi bani, ma\u0219ini de lux, etc.<\/p>\n\n\n\n<p>3. C\u00e2nd promovezi Popular Investors, nu te referi la ei drept \u201etraderi profesioni\u0219ti\u201d sau \u201ecei mai buni traderi din lume\u201d. Po\u021bi folosi descrieri mai precise, cum ar fi \u201ecei mai buni traderi de pe eToro\u201d, \u201etraderi experimenta\u021bi\u201d, sau \u201etraderii cu cele mai bune performan\u021be\u201d.<\/p>\n\n\n\n<p>4. C\u00e2nd promovezi CopyTrading, nu men\u021biona c\u0103 \u201enu ai nevoie de cuno\u0219tin\u021be\u201d sau \u201erelaxeaz\u0103-te \u00een timp ce al\u021bii \u00ee\u021bi fac treaba\u201d. CopyTrading este tot tranzac\u021bionare \u0219i pot ap\u0103rea riscuri \u0219i pierderi.<\/p>\n\n\n\n<p>5. Evit\u0103 s\u0103 te referi la burs\u0103 drept \u201eu\u0219oar\u0103\u201d. Tranzac\u021bionarea nu este u\u0219oar\u0103, a\u0219a c\u0103 evit\u0103 propozi\u021bii precum \u201eTranzac\u021bionarea este u\u0219oar\u0103 pe eToro\u201d sau \u201eeToro este pentru \u00eencep\u0103tori\u201d. \u00cen schimb, po\u021bi eviden\u021bia faptul c\u0103 eToro este u\u0219or de utilizat, cu o platform\u0103 intuitiv\u0103.<\/p>\n\n\n\n<p class=\"is-style-heading-2\"><br><br>Nu \u00een ultimul r\u00e2nd \u2014 Nu induce \u00een eroare.<\/p>\n\n\n\n<p>Dac\u0103 ceva nu este clar \u0219i echilibrat, este probabil s\u0103 induc\u0103 \u00een eroare clientul s\u0103 ia o decizie de cump\u0103rare. Prin urmare, evit\u0103 s\u0103 folose\u0219ti propozi\u021bii precum:<\/p>\n\n\n\n<ul class=\"wp-block-list wp-block-list wp-block-list-circle\">\n<li>\u201eTranzac\u021bionarea nu a fost niciodat\u0103 at\u00e2t de u\u0219oar\u0103\u201d<\/li>\n\n\n\n<li>\u201e\u00cencepe-\u021bi cariera ca trader chiar acum\u201d<\/li>\n\n\n\n<li>\u201ePo\u021bi folosi tranzac\u021bionarea pentru a genera un venit secundar \u0219i pentru a-\u021bi pl\u0103ti mai repede datoriile\u201d<\/li>\n<\/ul>\n\n\n\n<p>Pe scurt, conformitatea poate fi o provocare, a\u0219a c\u0103 dac\u0103 ai \u00eendoieli, contacteaz\u0103-\u021bi managerul de afiliere sau programeaz\u0103 o \u00eent\u00e2lnire privat\u0103 despre conformitate prin Calendly.<br><\/p>\n<\/div>\n<\/div>\n<\/div><\/section>\n","protected":false},"excerpt":{"rendered":"<p>Cum s\u0103 fii precis, echilibrat \u0219i s\u0103 nu induci \u00een eroare Una dintre regulile principale de conformitate prevede c\u0103 promovarea ta trebuie s\u0103 fie precis\u0103, echilibrat\u0103 \u0219i s\u0103 nu induc\u0103 \u00een eroare. Mai jos sunt c\u00e2teva exemple care arat\u0103 ce \u00eenseamn\u0103 asta. 4 lucruri la care ar trebui s\u0103 fii precis: 1. Nu-\u021bi falsifica identitatea: [&hellip;]<\/p>\n","protected":false},"author":11,"featured_media":8088,"parent":0,"menu_order":0,"comment_status":"closed","ping_status":"closed","template":"","meta":{"_acf_changed":false,"sticky_cta_settings":"","footnotes":""},"class_list":["post-8740","page","type-page","status-publish","has-post-thumbnail","hentry"],"acf":[],"yoast_head":"<!-- This site is optimized with the Yoast SEO plugin v27.3 - https:\/\/yoast.com\/product\/yoast-seo-wordpress\/ -->\n<title>Cum s\u0103 fii precis, echilibrat \u0219i s\u0103 nu induci \u00een eroare<\/title>\n<meta name=\"description\" content=\"Una dintre regulile principale de conformitate prevede c\u0103 promovarea ta trebuie s\u0103 fie precis\u0103, echilibrat\u0103 \u0219i s\u0103 nu induc\u0103 \u00een eroare. Ai mai jos c\u00e2teva exemple\" \/>\n<meta name=\"robots\" content=\"index, follow, max-snippet:-1, max-image-preview:large, max-video-preview:-1\" \/>\n<link rel=\"canonical\" href=\"https:\/\/etoropartners.com\/ro\/be-accurate\/\" \/>\n<meta property=\"og:locale\" content=\"ro_RO\" \/>\n<meta property=\"og:type\" content=\"article\" \/>\n<meta property=\"og:title\" content=\"Cum s\u0103 fii precis, echilibrat \u0219i s\u0103 nu induci \u00een eroare\" \/>\n<meta property=\"og:description\" content=\"Una dintre regulile principale de conformitate prevede c\u0103 promovarea ta trebuie s\u0103 fie precis\u0103, echilibrat\u0103 \u0219i s\u0103 nu induc\u0103 \u00een eroare. Ai mai jos c\u00e2teva exemple\" \/>\n<meta property=\"og:url\" content=\"https:\/\/etoropartners.com\/ro\/be-accurate\/\" \/>\n<meta property=\"og:site_name\" content=\"eToro Partners\" \/>\n<meta property=\"article:modified_time\" content=\"2024-08-21T13:55:03+00:00\" \/>\n<meta property=\"og:image\" content=\"https:\/\/etoropartners.com\/wp-content\/uploads\/2024\/05\/Featured_be-accurate.png\" \/>\n\t<meta property=\"og:image:width\" content=\"1200\" \/>\n\t<meta property=\"og:image:height\" content=\"630\" \/>\n\t<meta property=\"og:image:type\" content=\"image\/png\" \/>\n<meta name=\"twitter:card\" content=\"summary_large_image\" \/>\n<meta name=\"twitter:label1\" content=\"Timp estimat pentru citire\" \/>\n\t<meta name=\"twitter:data1\" content=\"3 minute\" \/>\n<script type=\"application\/ld+json\" class=\"yoast-schema-graph\">{\"@context\":\"https:\\\/\\\/schema.org\",\"@graph\":[{\"@type\":\"WebPage\",\"@id\":\"https:\\\/\\\/etoropartners.com\\\/ro\\\/be-accurate\\\/\",\"url\":\"https:\\\/\\\/etoropartners.com\\\/ro\\\/be-accurate\\\/\",\"name\":\"Cum s\u0103 fii precis, echilibrat \u0219i s\u0103 nu induci \u00een eroare\",\"isPartOf\":{\"@id\":\"https:\\\/\\\/etoropartners.com\\\/ro\\\/#website\"},\"primaryImageOfPage\":{\"@id\":\"https:\\\/\\\/etoropartners.com\\\/ro\\\/be-accurate\\\/#primaryimage\"},\"image\":{\"@id\":\"https:\\\/\\\/etoropartners.com\\\/ro\\\/be-accurate\\\/#primaryimage\"},\"thumbnailUrl\":\"https:\\\/\\\/etoropartners.com\\\/wp-content\\\/uploads\\\/2024\\\/05\\\/Featured_be-accurate.png\",\"datePublished\":\"2024-05-22T07:50:03+00:00\",\"dateModified\":\"2024-08-21T13:55:03+00:00\",\"description\":\"Una dintre regulile principale de conformitate prevede c\u0103 promovarea ta trebuie s\u0103 fie precis\u0103, echilibrat\u0103 \u0219i s\u0103 nu induc\u0103 \u00een eroare. Ai mai jos c\u00e2teva exemple\",\"breadcrumb\":{\"@id\":\"https:\\\/\\\/etoropartners.com\\\/ro\\\/be-accurate\\\/#breadcrumb\"},\"inLanguage\":\"ro-RO\",\"potentialAction\":[{\"@type\":\"ReadAction\",\"target\":[\"https:\\\/\\\/etoropartners.com\\\/ro\\\/be-accurate\\\/\"]}]},{\"@type\":\"ImageObject\",\"inLanguage\":\"ro-RO\",\"@id\":\"https:\\\/\\\/etoropartners.com\\\/ro\\\/be-accurate\\\/#primaryimage\",\"url\":\"https:\\\/\\\/etoropartners.com\\\/wp-content\\\/uploads\\\/2024\\\/05\\\/Featured_be-accurate.png\",\"contentUrl\":\"https:\\\/\\\/etoropartners.com\\\/wp-content\\\/uploads\\\/2024\\\/05\\\/Featured_be-accurate.png\",\"width\":1200,\"height\":630,\"caption\":\"Be accurate\"},{\"@type\":\"BreadcrumbList\",\"@id\":\"https:\\\/\\\/etoropartners.com\\\/ro\\\/be-accurate\\\/#breadcrumb\",\"itemListElement\":[{\"@type\":\"ListItem\",\"position\":1,\"name\":\"Home\",\"item\":\"https:\\\/\\\/etoropartners.wpengine.com\\\/ro\\\/\"},{\"@type\":\"ListItem\",\"position\":2,\"name\":\"How to be accurate, balanced, and not misleading\"}]},{\"@type\":\"WebSite\",\"@id\":\"https:\\\/\\\/etoropartners.com\\\/ro\\\/#website\",\"url\":\"https:\\\/\\\/etoropartners.com\\\/ro\\\/\",\"name\":\"eToro Partners\",\"description\":\"\",\"potentialAction\":[{\"@type\":\"SearchAction\",\"target\":{\"@type\":\"EntryPoint\",\"urlTemplate\":\"https:\\\/\\\/etoropartners.com\\\/ro\\\/?s={search_term_string}\"},\"query-input\":{\"@type\":\"PropertyValueSpecification\",\"valueRequired\":true,\"valueName\":\"search_term_string\"}}],\"inLanguage\":\"ro-RO\"}]}<\/script>\n<!-- \/ Yoast SEO plugin. -->","yoast_head_json":{"title":"Cum s\u0103 fii precis, echilibrat \u0219i s\u0103 nu induci \u00een eroare","description":"Una dintre regulile principale de conformitate prevede c\u0103 promovarea ta trebuie s\u0103 fie precis\u0103, echilibrat\u0103 \u0219i s\u0103 nu induc\u0103 \u00een eroare. Ai mai jos c\u00e2teva exemple","robots":{"index":"index","follow":"follow","max-snippet":"max-snippet:-1","max-image-preview":"max-image-preview:large","max-video-preview":"max-video-preview:-1"},"canonical":"https:\/\/etoropartners.com\/ro\/be-accurate\/","og_locale":"ro_RO","og_type":"article","og_title":"Cum s\u0103 fii precis, echilibrat \u0219i s\u0103 nu induci \u00een eroare","og_description":"Una dintre regulile principale de conformitate prevede c\u0103 promovarea ta trebuie s\u0103 fie precis\u0103, echilibrat\u0103 \u0219i s\u0103 nu induc\u0103 \u00een eroare. Ai mai jos c\u00e2teva exemple","og_url":"https:\/\/etoropartners.com\/ro\/be-accurate\/","og_site_name":"eToro Partners","article_modified_time":"2024-08-21T13:55:03+00:00","og_image":[{"width":1200,"height":630,"url":"https:\/\/etoropartners.com\/wp-content\/uploads\/2024\/05\/Featured_be-accurate.png","type":"image\/png"}],"twitter_card":"summary_large_image","twitter_misc":{"Timp estimat pentru citire":"3 minute"},"schema":{"@context":"https:\/\/schema.org","@graph":[{"@type":"WebPage","@id":"https:\/\/etoropartners.com\/ro\/be-accurate\/","url":"https:\/\/etoropartners.com\/ro\/be-accurate\/","name":"Cum s\u0103 fii precis, echilibrat \u0219i s\u0103 nu induci \u00een eroare","isPartOf":{"@id":"https:\/\/etoropartners.com\/ro\/#website"},"primaryImageOfPage":{"@id":"https:\/\/etoropartners.com\/ro\/be-accurate\/#primaryimage"},"image":{"@id":"https:\/\/etoropartners.com\/ro\/be-accurate\/#primaryimage"},"thumbnailUrl":"https:\/\/etoropartners.com\/wp-content\/uploads\/2024\/05\/Featured_be-accurate.png","datePublished":"2024-05-22T07:50:03+00:00","dateModified":"2024-08-21T13:55:03+00:00","description":"Una dintre regulile principale de conformitate prevede c\u0103 promovarea ta trebuie s\u0103 fie precis\u0103, echilibrat\u0103 \u0219i s\u0103 nu induc\u0103 \u00een eroare. Ai mai jos c\u00e2teva exemple","breadcrumb":{"@id":"https:\/\/etoropartners.com\/ro\/be-accurate\/#breadcrumb"},"inLanguage":"ro-RO","potentialAction":[{"@type":"ReadAction","target":["https:\/\/etoropartners.com\/ro\/be-accurate\/"]}]},{"@type":"ImageObject","inLanguage":"ro-RO","@id":"https:\/\/etoropartners.com\/ro\/be-accurate\/#primaryimage","url":"https:\/\/etoropartners.com\/wp-content\/uploads\/2024\/05\/Featured_be-accurate.png","contentUrl":"https:\/\/etoropartners.com\/wp-content\/uploads\/2024\/05\/Featured_be-accurate.png","width":1200,"height":630,"caption":"Be accurate"},{"@type":"BreadcrumbList","@id":"https:\/\/etoropartners.com\/ro\/be-accurate\/#breadcrumb","itemListElement":[{"@type":"ListItem","position":1,"name":"Home","item":"https:\/\/etoropartners.wpengine.com\/ro\/"},{"@type":"ListItem","position":2,"name":"How to be accurate, balanced, and not misleading"}]},{"@type":"WebSite","@id":"https:\/\/etoropartners.com\/ro\/#website","url":"https:\/\/etoropartners.com\/ro\/","name":"eToro Partners","description":"","potentialAction":[{"@type":"SearchAction","target":{"@type":"EntryPoint","urlTemplate":"https:\/\/etoropartners.com\/ro\/?s={search_term_string}"},"query-input":{"@type":"PropertyValueSpecification","valueRequired":true,"valueName":"search_term_string"}}],"inLanguage":"ro-RO"}]}},"_links":{"self":[{"href":"https:\/\/etoropartners.com\/ro\/wp-json\/wp\/v2\/pages\/8740","targetHints":{"allow":["GET"]}}],"collection":[{"href":"https:\/\/etoropartners.com\/ro\/wp-json\/wp\/v2\/pages"}],"about":[{"href":"https:\/\/etoropartners.com\/ro\/wp-json\/wp\/v2\/types\/page"}],"author":[{"embeddable":true,"href":"https:\/\/etoropartners.com\/ro\/wp-json\/wp\/v2\/users\/11"}],"replies":[{"embeddable":true,"href":"https:\/\/etoropartners.com\/ro\/wp-json\/wp\/v2\/comments?post=8740"}],"version-history":[{"count":0,"href":"https:\/\/etoropartners.com\/ro\/wp-json\/wp\/v2\/pages\/8740\/revisions"}],"wp:featuredmedia":[{"embeddable":true,"href":"https:\/\/etoropartners.com\/ro\/wp-json\/wp\/v2\/media\/8088"}],"wp:attachment":[{"href":"https:\/\/etoropartners.com\/ro\/wp-json\/wp\/v2\/media?parent=8740"}],"curies":[{"name":"wp","href":"https:\/\/api.w.org\/{rel}","templated":true}]}}