{"id":8710,"date":"2024-05-22T10:18:48","date_gmt":"2024-05-22T08:18:48","guid":{"rendered":"https:\/\/etoropartners.com\/multi-regulated-platform\/"},"modified":"2024-08-21T15:22:52","modified_gmt":"2024-08-21T13:22:52","slug":"multi-regulated-platform","status":"publish","type":"page","link":"https:\/\/etoropartners.com\/ro\/multi-regulated-platform\/","title":{"rendered":"Promoting a multi-regulated platform"},"content":{"rendered":"\n<section class=\"wp-block-group wp-block-group-boxed wp-block-group-small-top-padding wp-block-group-small-bottom-padding\"><div class=\"wp-block-group-inner is-layout-flow wp-block-group-is-layout-flow\">\n<div class=\"wp-block-columns are-vertically-aligned-top wp-block-columns-1 is-layout-flex wp-container-core-columns-is-layout-9d6595d7 wp-block-columns-is-layout-flex\">\n<div class=\"wp-block-column wp-block-column-align-desktop-center wp-block-column-align-mobile-center is-layout-flow wp-block-column-is-layout-flow\">\n<h2 class=\"wp-block-heading has-text-align-center\">Promovarea unei platforme cu multiple reglement\u0103ri<\/h2>\n\n\n\n<figure class=\"wp-block-image size-full\"><img loading=\"lazy\" decoding=\"async\" width=\"1600\" height=\"400\" src=\"https:\/\/etoropartners.com\/wp-content\/uploads\/2024\/05\/Cover_multi-regulated-platform-1.jpg\" alt=\"\" class=\"wp-image-8144 wp-image-desktop\" srcset=\"https:\/\/etoropartners.com\/wp-content\/uploads\/2024\/05\/Cover_multi-regulated-platform-1.jpg 1600w, https:\/\/etoropartners.com\/wp-content\/uploads\/2024\/05\/Cover_multi-regulated-platform-1-300x75.jpg 300w, https:\/\/etoropartners.com\/wp-content\/uploads\/2024\/05\/Cover_multi-regulated-platform-1-1024x256.jpg 1024w, https:\/\/etoropartners.com\/wp-content\/uploads\/2024\/05\/Cover_multi-regulated-platform-1-768x192.jpg 768w, https:\/\/etoropartners.com\/wp-content\/uploads\/2024\/05\/Cover_multi-regulated-platform-1-1536x384.jpg 1536w\" sizes=\"auto, (max-width: 1600px) 100vw, 1600px\" \/><\/figure>\n<\/div>\n<\/div>\n<\/div><\/section>\n\n\n\n<section class=\"wp-block-group wp-block-group-boxed wp-block-group-small-top-padding wp-block-group-small-bottom-padding\"><div class=\"wp-block-group-inner is-layout-flow wp-block-group-is-layout-flow\">\n<div class=\"wp-block-columns are-vertically-aligned-top wp-block-columns-1 is-layout-flex wp-container-core-columns-is-layout-9d6595d7 wp-block-columns-is-layout-flex\">\n<div class=\"wp-block-column is-layout-flow wp-block-column-is-layout-flow\">\n<p>Companiile care fac parte din grupul eToro sunt reglementate de diferite autorit\u0103\u021bi. Prin urmare, \u00een diferite \u021b\u0103ri se aplic\u0103 cerin\u021be \u0219i reguli diferite \u0219i nu toate activele pot fi promovate \u00een toate \u021b\u0103rile. Reglementarea este determinat\u0103 de \u021bara publicului t\u0103u, de limba pe care o folose\u0219ti pe site, de extensia URL \u0219i de men\u021bionarea anumitor \u021b\u0103ri sau elemente legate de \u021bar\u0103, cum ar fi monedele locale.&nbsp;<\/p>\n<\/div>\n<\/div>\n<\/div><\/section>\n\n\n\n<section class=\"wp-block-group wp-block-group-boxed wp-block-group-small-top-padding wp-block-group-small-bottom-padding\"><div class=\"wp-block-group-inner is-layout-flow wp-block-group-is-layout-flow\">\n<div class=\"wp-block-columns are-vertically-aligned-top wp-block-columns-1 is-layout-flex wp-container-core-columns-is-layout-9d6595d7 wp-block-columns-is-layout-flex\">\n<div class=\"wp-block-column wp-block-column-align-desktop-center wp-block-column-align-mobile-center is-layout-flow wp-block-column-is-layout-flow\">\n<figure class=\"wp-block-embed is-type-rich is-provider-embed-handler wp-block-embed-embed-handler wp-embed-aspect-16-9 wp-has-aspect-ratio\"><div class=\"wp-block-embed__wrapper\">\n<div class=\"ec-video\"><iframe loading=\"lazy\" title=\"Compliance training video 3 - 16:9 - How to  promote a multiregulated platform\" width=\"500\" height=\"281\" src=\"https:\/\/www.youtube.com\/embed\/u3qzbbYTbjI?feature=oembed\" frameborder=\"0\" allow=\"accelerometer; autoplay; clipboard-write; encrypted-media; gyroscope; picture-in-picture; web-share\" referrerpolicy=\"strict-origin-when-cross-origin\" allowfullscreen><\/iframe><\/div>\n<\/div><\/figure>\n<\/div>\n<\/div>\n<\/div><\/section>\n\n\n\n<section class=\"wp-block-group wp-block-group-boxed wp-block-group-small-top-padding wp-block-group-small-bottom-padding\"><div class=\"wp-block-group-inner is-layout-flow wp-block-group-is-layout-flow\">\n<div class=\"wp-block-columns are-vertically-aligned-top wp-block-columns-1 is-layout-flex wp-container-core-columns-is-layout-9d6595d7 wp-block-columns-is-layout-flex\">\n<div class=\"wp-block-column is-layout-flow wp-block-column-is-layout-flow\">\n<p>A\u0219adar, \u00een primul r\u00e2nd, asigur\u0103-te c\u0103 <strong>nu promovezi eToro \u00eentr-o \u021bar\u0103 cu restric\u021bii<\/strong>, deoarece nu numai c\u0103 nu vei c\u00e2\u0219tiga niciun CPA pentru aceste \u021b\u0103ri, dar promovarea eToro \u00eentr-o \u021bar\u0103 cu restric\u021bii este o \u00eenc\u0103lcare grav\u0103 care poate duce la \u00eencetarea parteneriatului nostru. Deci te rug\u0103m s\u0103 fii atent.<\/p>\n\n\n\n<p>De asemenea, asigur\u0103-te c\u0103 <strong>promovezi active care<\/strong> <strong>pot fi promovate \u00een \u021bara <\/strong>pe care o vizezi. Re\u021bine c\u0103 unele \u021b\u0103ri au restric\u021bii privind promovarea anumitor active, a\u0219a c\u0103 asigur\u0103-te c\u0103 e\u0219ti la curent cu privire la activele pe care le po\u021bi sau nu le po\u021bi promova. Pentru exemple specifice, consult\u0103 ghidul.<br><br>De exemplu, \u00een SUA po\u021bi promova crypto. Dac\u0103 ai o aprobare special\u0103, po\u021bi promova \u0219i ac\u021biuni, ETF-uri \u0219i op\u021biuni. Cu toate acestea, CFD-urile NU sunt disponibile \u00een SUA \u0219i, prin urmare, forex, m\u0103rfuri, v\u00e2nzare \u00een lips\u0103 \u0219i levier nu sunt disponibile \u0219i nu pot fi promovate \u00een SUA.<br><\/p>\n\n\n\n<p>Po\u021bi g\u0103si toate restric\u021biile cu privire la \u021b\u0103ri \u0219i produse \u00een <a href=\"https:\/\/etoropartners.com\/ro\/guidelines\/\">sec\u021biunea de ghid<\/a>. Te rug\u0103m s\u0103 re\u021bii c\u0103 acesta este supus actualiz\u0103rilor.<\/p>\n\n\n\n<p>De asemenea, este important de \u0219tiut <strong>care entitate ofer\u0103 un anumit produs<\/strong>. De exemplu, \u00een SUA, eToro USA LLC ofer\u0103 o platform\u0103 clien\u021bilor din SUA de cump\u0103rare \u0219i v\u00e2nzare crypto reglementat\u0103 de FinCen, iar eToro USA Securities Inc. este un broker-dealer reglementat de FINRA care permite tranzac\u021bionarea cu ac\u021biuni, ETF-uri \u0219i op\u021biuni. A nu se confunda \u00eentre ele.<\/p>\n\n\n\n<p>Po\u021bi g\u0103si lista complet\u0103 de entit\u0103\u021bi, oferte de produse \u0219i licen\u021be pe pagina <a href=\"https:\/\/www.etoro.com\/ro\/customer-service\/regulation-license\/\">\u201eReglementare \u0219i licen\u021b\u0103\u201d<\/a> pe eToro.<\/p>\n\n\n\n<p>\u00cen continuare \u2014 <strong>acord\u0103 aten\u021bie avertismentelor de risc<\/strong>. Avertismentele de risc pe care trebuie s\u0103 le utilizezi sunt determinate de \u021b\u0103rile \u00een care promovezi eToro, precum \u0219i de activele pe care le promovezi. Consult\u0103 tutorialul nostru despre avertismentele de risc \u00een <a href=\"https:\/\/etoropartners.com\/ro\/guidelines\/\">ghid<\/a> pentru a vedea ce avertismente de risc ar trebui s\u0103 utilizezi \u0219i c\u00e2nd anume.<\/p>\n\n\n\n<p>Dac\u0103 promovezi mai multe active, te rug\u0103m s\u0103 utilizezi toate avertismentele de risc aplicabile.<\/p>\n\n\n\n<p>Uneori se vor aplica mai multe reglement\u0103ri. De exemplu, atunci c\u00e2nd promovezi \u00een spaniol\u0103 sau \u00een englez\u0103, po\u021bi avea un public mixt din diferite \u021b\u0103ri. \u00cen aceste cazuri, va trebui s\u0103 respec\u021bi regulile tuturor autorit\u0103\u021bilor de reglementare relevante.<\/p>\n<\/div>\n<\/div>\n<\/div><\/section>\n","protected":false},"excerpt":{"rendered":"<p>Promovarea unei platforme cu multiple reglement\u0103ri Companiile care fac parte din grupul eToro sunt reglementate de diferite autorit\u0103\u021bi. Prin urmare, \u00een diferite \u021b\u0103ri se aplic\u0103 cerin\u021be \u0219i reguli diferite \u0219i nu toate activele pot fi promovate \u00een toate \u021b\u0103rile. Reglementarea este determinat\u0103 de \u021bara publicului t\u0103u, de limba pe care o folose\u0219ti pe site, de [&hellip;]<\/p>\n","protected":false},"author":11,"featured_media":8126,"parent":0,"menu_order":0,"comment_status":"closed","ping_status":"closed","template":"","meta":{"_acf_changed":false,"sticky_cta_settings":"","footnotes":""},"class_list":["post-8710","page","type-page","status-publish","has-post-thumbnail","hentry"],"acf":[],"yoast_head":"<!-- This site is optimized with the Yoast SEO plugin v27.3 - https:\/\/yoast.com\/product\/yoast-seo-wordpress\/ -->\n<title>Promovarea unei platforme cu multiple reglement\u0103ri<\/title>\n<meta name=\"description\" content=\"Companiile care fac parte din grupul eToro sunt reglementate de diferite autorit\u0103\u021bi. Prin urmare, \u00een diferite \u021b\u0103ri se aplic\u0103 cerin\u021be \u0219i reguli diferite\" \/>\n<meta name=\"robots\" content=\"index, follow, max-snippet:-1, max-image-preview:large, max-video-preview:-1\" \/>\n<link rel=\"canonical\" href=\"https:\/\/etoropartners.com\/ro\/multi-regulated-platform\/\" \/>\n<meta property=\"og:locale\" content=\"ro_RO\" \/>\n<meta property=\"og:type\" content=\"article\" \/>\n<meta property=\"og:title\" content=\"Promovarea unei platforme cu multiple reglement\u0103ri\" \/>\n<meta property=\"og:description\" content=\"Companiile care fac parte din grupul eToro sunt reglementate de diferite autorit\u0103\u021bi. Prin urmare, \u00een diferite \u021b\u0103ri se aplic\u0103 cerin\u021be \u0219i reguli diferite\" \/>\n<meta property=\"og:url\" content=\"https:\/\/etoropartners.com\/ro\/multi-regulated-platform\/\" \/>\n<meta property=\"og:site_name\" content=\"eToro Partners\" \/>\n<meta property=\"article:modified_time\" content=\"2024-08-21T13:22:52+00:00\" \/>\n<meta property=\"og:image\" content=\"https:\/\/etoropartners.com\/wp-content\/uploads\/2024\/05\/Featured_multi-regulated-platform.png\" \/>\n\t<meta property=\"og:image:width\" content=\"1200\" \/>\n\t<meta property=\"og:image:height\" content=\"630\" \/>\n\t<meta property=\"og:image:type\" content=\"image\/png\" \/>\n<meta name=\"twitter:card\" content=\"summary_large_image\" \/>\n<meta name=\"twitter:label1\" content=\"Timp estimat pentru citire\" \/>\n\t<meta name=\"twitter:data1\" content=\"3 minute\" \/>\n<script type=\"application\/ld+json\" class=\"yoast-schema-graph\">{\"@context\":\"https:\\\/\\\/schema.org\",\"@graph\":[{\"@type\":\"WebPage\",\"@id\":\"https:\\\/\\\/etoropartners.com\\\/ro\\\/multi-regulated-platform\\\/\",\"url\":\"https:\\\/\\\/etoropartners.com\\\/ro\\\/multi-regulated-platform\\\/\",\"name\":\"Promovarea unei platforme cu multiple reglement\u0103ri\",\"isPartOf\":{\"@id\":\"https:\\\/\\\/etoropartners.com\\\/ro\\\/#website\"},\"primaryImageOfPage\":{\"@id\":\"https:\\\/\\\/etoropartners.com\\\/ro\\\/multi-regulated-platform\\\/#primaryimage\"},\"image\":{\"@id\":\"https:\\\/\\\/etoropartners.com\\\/ro\\\/multi-regulated-platform\\\/#primaryimage\"},\"thumbnailUrl\":\"https:\\\/\\\/etoropartners.com\\\/wp-content\\\/uploads\\\/2024\\\/05\\\/Featured_multi-regulated-platform.png\",\"datePublished\":\"2024-05-22T08:18:48+00:00\",\"dateModified\":\"2024-08-21T13:22:52+00:00\",\"description\":\"Companiile care fac parte din grupul eToro sunt reglementate de diferite autorit\u0103\u021bi. Prin urmare, \u00een diferite \u021b\u0103ri se aplic\u0103 cerin\u021be \u0219i reguli diferite\",\"breadcrumb\":{\"@id\":\"https:\\\/\\\/etoropartners.com\\\/ro\\\/multi-regulated-platform\\\/#breadcrumb\"},\"inLanguage\":\"ro-RO\",\"potentialAction\":[{\"@type\":\"ReadAction\",\"target\":[\"https:\\\/\\\/etoropartners.com\\\/ro\\\/multi-regulated-platform\\\/\"]}]},{\"@type\":\"ImageObject\",\"inLanguage\":\"ro-RO\",\"@id\":\"https:\\\/\\\/etoropartners.com\\\/ro\\\/multi-regulated-platform\\\/#primaryimage\",\"url\":\"https:\\\/\\\/etoropartners.com\\\/wp-content\\\/uploads\\\/2024\\\/05\\\/Featured_multi-regulated-platform.png\",\"contentUrl\":\"https:\\\/\\\/etoropartners.com\\\/wp-content\\\/uploads\\\/2024\\\/05\\\/Featured_multi-regulated-platform.png\",\"width\":1200,\"height\":630},{\"@type\":\"BreadcrumbList\",\"@id\":\"https:\\\/\\\/etoropartners.com\\\/ro\\\/multi-regulated-platform\\\/#breadcrumb\",\"itemListElement\":[{\"@type\":\"ListItem\",\"position\":1,\"name\":\"Home\",\"item\":\"https:\\\/\\\/etoropartners.wpengine.com\\\/ro\\\/\"},{\"@type\":\"ListItem\",\"position\":2,\"name\":\"Promoting a multi-regulated platform\"}]},{\"@type\":\"WebSite\",\"@id\":\"https:\\\/\\\/etoropartners.com\\\/ro\\\/#website\",\"url\":\"https:\\\/\\\/etoropartners.com\\\/ro\\\/\",\"name\":\"eToro Partners\",\"description\":\"\",\"potentialAction\":[{\"@type\":\"SearchAction\",\"target\":{\"@type\":\"EntryPoint\",\"urlTemplate\":\"https:\\\/\\\/etoropartners.com\\\/ro\\\/?s={search_term_string}\"},\"query-input\":{\"@type\":\"PropertyValueSpecification\",\"valueRequired\":true,\"valueName\":\"search_term_string\"}}],\"inLanguage\":\"ro-RO\"}]}<\/script>\n<!-- \/ Yoast SEO plugin. -->","yoast_head_json":{"title":"Promovarea unei platforme cu multiple reglement\u0103ri","description":"Companiile care fac parte din grupul eToro sunt reglementate de diferite autorit\u0103\u021bi. Prin urmare, \u00een diferite \u021b\u0103ri se aplic\u0103 cerin\u021be \u0219i reguli diferite","robots":{"index":"index","follow":"follow","max-snippet":"max-snippet:-1","max-image-preview":"max-image-preview:large","max-video-preview":"max-video-preview:-1"},"canonical":"https:\/\/etoropartners.com\/ro\/multi-regulated-platform\/","og_locale":"ro_RO","og_type":"article","og_title":"Promovarea unei platforme cu multiple reglement\u0103ri","og_description":"Companiile care fac parte din grupul eToro sunt reglementate de diferite autorit\u0103\u021bi. Prin urmare, \u00een diferite \u021b\u0103ri se aplic\u0103 cerin\u021be \u0219i reguli diferite","og_url":"https:\/\/etoropartners.com\/ro\/multi-regulated-platform\/","og_site_name":"eToro Partners","article_modified_time":"2024-08-21T13:22:52+00:00","og_image":[{"width":1200,"height":630,"url":"https:\/\/etoropartners.com\/wp-content\/uploads\/2024\/05\/Featured_multi-regulated-platform.png","type":"image\/png"}],"twitter_card":"summary_large_image","twitter_misc":{"Timp estimat pentru citire":"3 minute"},"schema":{"@context":"https:\/\/schema.org","@graph":[{"@type":"WebPage","@id":"https:\/\/etoropartners.com\/ro\/multi-regulated-platform\/","url":"https:\/\/etoropartners.com\/ro\/multi-regulated-platform\/","name":"Promovarea unei platforme cu multiple reglement\u0103ri","isPartOf":{"@id":"https:\/\/etoropartners.com\/ro\/#website"},"primaryImageOfPage":{"@id":"https:\/\/etoropartners.com\/ro\/multi-regulated-platform\/#primaryimage"},"image":{"@id":"https:\/\/etoropartners.com\/ro\/multi-regulated-platform\/#primaryimage"},"thumbnailUrl":"https:\/\/etoropartners.com\/wp-content\/uploads\/2024\/05\/Featured_multi-regulated-platform.png","datePublished":"2024-05-22T08:18:48+00:00","dateModified":"2024-08-21T13:22:52+00:00","description":"Companiile care fac parte din grupul eToro sunt reglementate de diferite autorit\u0103\u021bi. Prin urmare, \u00een diferite \u021b\u0103ri se aplic\u0103 cerin\u021be \u0219i reguli diferite","breadcrumb":{"@id":"https:\/\/etoropartners.com\/ro\/multi-regulated-platform\/#breadcrumb"},"inLanguage":"ro-RO","potentialAction":[{"@type":"ReadAction","target":["https:\/\/etoropartners.com\/ro\/multi-regulated-platform\/"]}]},{"@type":"ImageObject","inLanguage":"ro-RO","@id":"https:\/\/etoropartners.com\/ro\/multi-regulated-platform\/#primaryimage","url":"https:\/\/etoropartners.com\/wp-content\/uploads\/2024\/05\/Featured_multi-regulated-platform.png","contentUrl":"https:\/\/etoropartners.com\/wp-content\/uploads\/2024\/05\/Featured_multi-regulated-platform.png","width":1200,"height":630},{"@type":"BreadcrumbList","@id":"https:\/\/etoropartners.com\/ro\/multi-regulated-platform\/#breadcrumb","itemListElement":[{"@type":"ListItem","position":1,"name":"Home","item":"https:\/\/etoropartners.wpengine.com\/ro\/"},{"@type":"ListItem","position":2,"name":"Promoting a multi-regulated platform"}]},{"@type":"WebSite","@id":"https:\/\/etoropartners.com\/ro\/#website","url":"https:\/\/etoropartners.com\/ro\/","name":"eToro Partners","description":"","potentialAction":[{"@type":"SearchAction","target":{"@type":"EntryPoint","urlTemplate":"https:\/\/etoropartners.com\/ro\/?s={search_term_string}"},"query-input":{"@type":"PropertyValueSpecification","valueRequired":true,"valueName":"search_term_string"}}],"inLanguage":"ro-RO"}]}},"_links":{"self":[{"href":"https:\/\/etoropartners.com\/ro\/wp-json\/wp\/v2\/pages\/8710","targetHints":{"allow":["GET"]}}],"collection":[{"href":"https:\/\/etoropartners.com\/ro\/wp-json\/wp\/v2\/pages"}],"about":[{"href":"https:\/\/etoropartners.com\/ro\/wp-json\/wp\/v2\/types\/page"}],"author":[{"embeddable":true,"href":"https:\/\/etoropartners.com\/ro\/wp-json\/wp\/v2\/users\/11"}],"replies":[{"embeddable":true,"href":"https:\/\/etoropartners.com\/ro\/wp-json\/wp\/v2\/comments?post=8710"}],"version-history":[{"count":0,"href":"https:\/\/etoropartners.com\/ro\/wp-json\/wp\/v2\/pages\/8710\/revisions"}],"wp:featuredmedia":[{"embeddable":true,"href":"https:\/\/etoropartners.com\/ro\/wp-json\/wp\/v2\/media\/8126"}],"wp:attachment":[{"href":"https:\/\/etoropartners.com\/ro\/wp-json\/wp\/v2\/media?parent=8710"}],"curies":[{"name":"wp","href":"https:\/\/api.w.org\/{rel}","templated":true}]}}