{"id":8678,"date":"2024-05-22T08:47:21","date_gmt":"2024-05-22T06:47:21","guid":{"rendered":"https:\/\/etoropartners.com\/8-most-important-things\/"},"modified":"2024-08-20T11:49:22","modified_gmt":"2024-08-20T09:49:22","slug":"8-most-important-things","status":"publish","type":"page","link":"https:\/\/etoropartners.com\/ro\/8-most-important-things\/","title":{"rendered":"8 lucruri importante pentru a avea o campanie conform\u0103"},"content":{"rendered":"\n<section class=\"wp-block-group wp-block-group-boxed wp-block-group-small-top-padding wp-block-group-small-bottom-padding\"><div class=\"wp-block-group-inner is-layout-flow wp-block-group-is-layout-flow\">\n<div class=\"wp-block-columns are-vertically-aligned-top wp-block-columns-1 is-layout-flex wp-container-core-columns-is-layout-9d6595d7 wp-block-columns-is-layout-flex\">\n<div class=\"wp-block-column wp-block-column-align-desktop-center wp-block-column-align-mobile-center is-layout-flow wp-block-column-is-layout-flow\">\n<h2 class=\"wp-block-heading has-text-align-center\"><strong>Cele mai importante 8 lucruri de luat \u00een considerare atunci c\u00e2nd creezi o campanie conform\u0103<\/strong><\/h2>\n\n\n\n<figure class=\"wp-block-image size-full\"><img loading=\"lazy\" decoding=\"async\" width=\"1600\" height=\"400\" src=\"https:\/\/etoropartners.com\/wp-content\/uploads\/2024\/05\/Cover_8-most-important-things.jpg\" alt=\"8 most important things to consider when creating a compliant campaign\" class=\"wp-image-8016 wp-image-desktop\" srcset=\"https:\/\/etoropartners.com\/wp-content\/uploads\/2024\/05\/Cover_8-most-important-things.jpg 1600w, https:\/\/etoropartners.com\/wp-content\/uploads\/2024\/05\/Cover_8-most-important-things-300x75.jpg 300w, https:\/\/etoropartners.com\/wp-content\/uploads\/2024\/05\/Cover_8-most-important-things-1024x256.jpg 1024w, https:\/\/etoropartners.com\/wp-content\/uploads\/2024\/05\/Cover_8-most-important-things-768x192.jpg 768w, https:\/\/etoropartners.com\/wp-content\/uploads\/2024\/05\/Cover_8-most-important-things-1536x384.jpg 1536w\" sizes=\"auto, (max-width: 1600px) 100vw, 1600px\" \/><\/figure>\n<\/div>\n<\/div>\n<\/div><\/section>\n\n\n\n<section class=\"wp-block-group wp-block-group-boxed wp-block-group-small-top-padding wp-block-group-small-bottom-padding\"><div class=\"wp-block-group-inner is-layout-flow wp-block-group-is-layout-flow\">\n<div class=\"wp-block-columns are-vertically-aligned-top wp-block-columns-1 is-layout-flex wp-container-core-columns-is-layout-9d6595d7 wp-block-columns-is-layout-flex\">\n<div class=\"wp-block-column is-layout-flow wp-block-column-is-layout-flow\">\n<p class=\"has-text-align-left\">eToro este un brand de renume, care ofer\u0103 traderilor \u0219i investitorilor din \u00eentreaga lume o experien\u021b\u0103 de tranzac\u021bionare securizat\u0103 \u0219i reglementat\u0103. Este esen\u021bial s\u0103 creezi o campanie care s\u0103 fie \u00een conformitate cu cerin\u021bele de reglementare ale jurisdic\u021biei \u00een care promovezi eToro.<\/p>\n\n\n\n<p>Urmeaz\u0103 <a href=\"https:\/\/etoropartners.com\/ro\/guidelines\/\">instruc\u021biunile de afiliere<\/a> \u0219i regulile de mai jos \u0219i vei fi pe drumul cel bun c\u0103tre un parteneriat conform. Te rug\u0103m s\u0103 re\u021bii c\u0103 sanc\u021bion\u0103m afilia\u021bii care promoveaz\u0103 eToro \u00eentr-un mod neconform. \u00cen cazul <strong>\u00eenc\u0103lc\u0103rii conformit\u0103\u021bii<\/strong> sau necooper\u0103rii, \u00ee\u021bi vom dezactiva contul \u0219i \u00ee\u021bi putem <strong>anula plata \u0219i rezilia parteneriatul<\/strong>.<\/p>\n\n\n\n<p>Te rug\u0103m s\u0103 nu ui\u021bi s\u0103-\u021bi verifici campaniile \u00een mod regulat. \u00centruc\u00e2t lucr\u0103m \u00eentr-un ritm rapid \u0219i ne adapt\u0103m la reglement\u0103ri \u0219i schimb\u0103ri ale pie\u021bei, vom solicita corec\u021bii \u0219i\/sau modific\u0103ri dup\u0103 cum este necesar.\u00a0<\/p>\n<\/div>\n<\/div>\n<\/div><\/section>\n\n\n\n<section class=\"wp-block-group wp-block-group-boxed wp-block-group-small-top-padding wp-block-group-small-bottom-padding\"><div class=\"wp-block-group-inner is-layout-flow wp-block-group-is-layout-flow\">\n<div class=\"wp-block-columns are-vertically-aligned-top wp-block-columns-1 is-layout-flex wp-container-core-columns-is-layout-9d6595d7 wp-block-columns-is-layout-flex\">\n<div class=\"wp-block-column wp-block-column-align-desktop-center wp-block-column-align-mobile-center is-layout-flow wp-block-column-is-layout-flow\">\n<figure class=\"wp-block-embed is-type-rich is-provider-embed-handler wp-block-embed-embed-handler wp-embed-aspect-16-9 wp-has-aspect-ratio\"><div class=\"wp-block-embed__wrapper\">\n<div class=\"ec-video\"><iframe loading=\"lazy\" title=\"compliance Training Video - N1 - 8 Most Important things to be compliant\" width=\"500\" height=\"281\" src=\"https:\/\/www.youtube.com\/embed\/UGYqpMcdc84?feature=oembed\" frameborder=\"0\" allow=\"accelerometer; autoplay; clipboard-write; encrypted-media; gyroscope; picture-in-picture; web-share\" referrerpolicy=\"strict-origin-when-cross-origin\" allowfullscreen><\/iframe><\/div>\n<\/div><\/figure>\n<\/div>\n<\/div>\n<\/div><\/section>\n\n\n\n<section class=\"wp-block-group wp-block-group-boxed wp-block-group-small-top-padding wp-block-group-small-bottom-padding\"><div class=\"wp-block-group-inner is-layout-flow wp-block-group-is-layout-flow\">\n<div class=\"wp-block-columns are-vertically-aligned-top wp-block-columns-1 is-layout-flex wp-container-core-columns-is-layout-9d6595d7 wp-block-columns-is-layout-flex\">\n<div class=\"wp-block-column is-layout-flow wp-block-column-is-layout-flow\">\n<p class=\"is-style-heading-2\"><strong>Dezv\u0103luie adresele URL<\/strong><\/p>\n\n\n\n<p>Asigur\u0103-te c\u0103 promovezi eToro NUMAI pe site-urile web pe care le-ai dezv\u0103luit eToro. C\u00e2nd dore\u0219ti s\u0103 promovezi eToro printr-un nou canal sau site, trebuie mai \u00eent\u00e2i s\u0103 \u00eel trimi\u021bi managerului t\u0103u de afiliere pentru aprobare. Este necesar s\u0103 \u0219tim cum \u0219i unde este promovat eToro.<\/p>\n\n\n\n<p class=\"is-style-heading-2\"><strong>Precis, echilibrat \u0219i far\u0103 a induce \u00een eroare<\/strong><\/p>\n\n\n\n<p>Fii precis, echilibrat \u0219i nu induce \u00een eroare. Asigur\u0103-te c\u0103 toate informa\u021biile sunt corecte \u0219i actualizate. Men\u021bioneaz\u0103 riscurile \u00eentotdeauna. Nu sugera c\u0103 investi\u021biile ar fi u\u0219oare \u0219i nu face promisiuni false \u0219i declara\u021bii \u00een\u0219el\u0103toare. Nu utiliza eToro \u00een numele domeniului t\u0103u \u0219i nu declara c\u0103 reprezin\u021bi sau lucrezi pentru eToro.<\/p>\n\n\n\n<p class=\"is-style-heading-2\"><strong>\u021a\u0103ri interzise<\/strong><\/p>\n\n\n\n<p>Nu promova eToro \u00een <a href=\"https:\/\/etoropartners.com\/ro\/guidelines\/\">\u021b\u0103rile interzise<\/a>. Re\u021bine c\u0103 nu vom pl\u0103ti pentru aceste promo\u021bii. Po\u021bi g\u0103si lista \u021b\u0103rilor interzise \u00een ghid. Asigur\u0103-te c\u0103 nu utilizezi \u021bara \u00een adresa URL \u0219i nici extensia \u021b\u0103rii, limba sau men\u021biunea \u021b\u0103rii \u00een pagin\u0103.<\/p>\n\n\n\n<p class=\"is-style-heading-2\"><strong>Restric\u021bii de produs<\/strong><\/p>\n\n\n\n<p>Fii con\u0219tient de <a href=\"https:\/\/etoropartners.com\/ro\/guidelines\/\">restric\u021biile privind produsele<\/a>: nu po\u021bi promova anumite tipuri de active \u00een anumite \u021b\u0103ri. Dac\u0103 promovezi \u00een \u00eentreaga lume, asigur\u0103-te c\u0103 men\u021bionezi ce este \u0219i ce nu este disponibil \u00een fiecare regiune. De exemplu: \u201eTranzac\u021bioneaz\u0103 crypto, ac\u021biuni, m\u0103rfuri \u0219i valut\u0103 pe eToro (m\u0103rfurile \u0219i valutele nu sunt disponibile \u00een SUA)\u201d. Reglement\u0103rile se pot schimba, a\u0219a c\u0103 r\u0103m\u00e2i la curent cu restric\u021biile.<\/p>\n\n\n\n<p class=\"is-style-heading-2\"><strong>F\u0103r\u0103 sfaturi de investi\u021bii<\/strong><\/p>\n\n\n\n<p>Nu include eToro \u00een con\u021binut care ofer\u0103 sfaturi de investi\u021bii.<\/p>\n\n\n\n<p class=\"is-style-heading-2\"><strong>Avertismente de risc<\/strong><\/p>\n\n\n\n<p>Asigur\u0103-te \u00eentotdeauna c\u0103 adaugi <a href=\"https:\/\/etoropartners.com\/ro\/guidelines\/\">avertismentul de risc<\/a> corect \u00een locul potrivit \u0219i la aceea\u0219i dimensiune ca restul textului. Po\u021bi g\u0103si avertismentele de risc \u00een sec\u021biunea de ghid. Avertismentele trebuie s\u0103 fie aproape de fiecare link ce redirec\u021bioneaz\u0103 c\u0103tre eToro, \u00een proximitatea recenziilor \u0219i articolelor, \u00een videoclipuri \u0219i descrierile acestora.<\/p>\n\n\n\n<p class=\"is-style-heading-2\"><strong>Nu crea un sentiment de urgen\u021b\u0103<\/strong><\/p>\n\n\n\n<p>Nu crea un sentiment de urgen\u021b\u0103 pentru a cump\u0103ra anumite active.<\/p>\n\n\n\n<p class=\"is-style-heading-2\"><strong>F\u0103r\u0103 dezv\u0103luiri KYC, f\u0103r\u0103 \u00een\u0219el\u0103torie<\/strong><\/p>\n\n\n\n<p>Nu dezv\u0103lui informa\u021bii confiden\u021biale, nu ajuta traderii s\u0103 \u00een\u0219ele eToro, nu \u00eei \u00eendruma cum s\u0103 r\u0103spund\u0103 la \u00eentreb\u0103rile KYC \u0219i nu \u00eei stimula s\u0103 tranzac\u021bioneze pe platform\u0103.<\/p>\n<\/div>\n<\/div>\n<\/div><\/section>\n","protected":false},"excerpt":{"rendered":"<p>Cele mai importante 8 lucruri de luat \u00een considerare atunci c\u00e2nd creezi o campanie conform\u0103 eToro este un brand de renume, care ofer\u0103 traderilor \u0219i investitorilor din \u00eentreaga lume o experien\u021b\u0103 de tranzac\u021bionare securizat\u0103 \u0219i reglementat\u0103. Este esen\u021bial s\u0103 creezi o campanie care s\u0103 fie \u00een conformitate cu cerin\u021bele de reglementare ale jurisdic\u021biei \u00een care [&hellip;]<\/p>\n","protected":false},"author":11,"featured_media":8073,"parent":0,"menu_order":0,"comment_status":"closed","ping_status":"closed","template":"","meta":{"_acf_changed":false,"sticky_cta_settings":"","footnotes":""},"class_list":["post-8678","page","type-page","status-publish","has-post-thumbnail","hentry"],"acf":[],"yoast_head":"<!-- This site is optimized with the Yoast SEO plugin v27.3 - https:\/\/yoast.com\/product\/yoast-seo-wordpress\/ -->\n<title>8 lucruri importante pentru a avea o campanie conform\u0103<\/title>\n<meta name=\"description\" content=\"eToro este un brand de renume, care ofer\u0103 traderilor \u0219i investitorilor o experien\u021b\u0103 de tranzac\u021bionare securizat\u0103 \u0219i reglementat\u0103. Este esen\u021bial s\u0103 creezi o campanie care s\u0103 fie \u00een conformitate cu cerin\u021bele noastre de reglementare\" \/>\n<meta name=\"robots\" content=\"index, follow, max-snippet:-1, max-image-preview:large, max-video-preview:-1\" \/>\n<link rel=\"canonical\" href=\"https:\/\/etoropartners.com\/ro\/8-most-important-things\/\" \/>\n<meta property=\"og:locale\" content=\"ro_RO\" \/>\n<meta property=\"og:type\" content=\"article\" \/>\n<meta property=\"og:title\" content=\"8 lucruri importante pentru a avea o campanie conform\u0103\" \/>\n<meta property=\"og:description\" content=\"eToro este un brand de renume, care ofer\u0103 traderilor \u0219i investitorilor o experien\u021b\u0103 de tranzac\u021bionare securizat\u0103 \u0219i reglementat\u0103. Este esen\u021bial s\u0103 creezi o campanie care s\u0103 fie \u00een conformitate cu cerin\u021bele noastre de reglementare\" \/>\n<meta property=\"og:url\" content=\"https:\/\/etoropartners.com\/ro\/8-most-important-things\/\" \/>\n<meta property=\"og:site_name\" content=\"eToro Partners\" \/>\n<meta property=\"article:modified_time\" content=\"2024-08-20T09:49:22+00:00\" \/>\n<meta property=\"og:image\" content=\"https:\/\/etoropartners.com\/wp-content\/uploads\/2024\/05\/Featured_8-most-important-things.png\" \/>\n\t<meta property=\"og:image:width\" content=\"1200\" \/>\n\t<meta property=\"og:image:height\" content=\"630\" \/>\n\t<meta property=\"og:image:type\" content=\"image\/png\" \/>\n<meta name=\"twitter:card\" content=\"summary_large_image\" \/>\n<meta name=\"twitter:label1\" content=\"Timp estimat pentru citire\" \/>\n\t<meta name=\"twitter:data1\" content=\"3 minute\" \/>\n<script type=\"application\/ld+json\" class=\"yoast-schema-graph\">{\"@context\":\"https:\\\/\\\/schema.org\",\"@graph\":[{\"@type\":\"WebPage\",\"@id\":\"https:\\\/\\\/etoropartners.com\\\/ro\\\/8-most-important-things\\\/\",\"url\":\"https:\\\/\\\/etoropartners.com\\\/ro\\\/8-most-important-things\\\/\",\"name\":\"8 lucruri importante pentru a avea o campanie conform\u0103\",\"isPartOf\":{\"@id\":\"https:\\\/\\\/etoropartners.com\\\/ro\\\/#website\"},\"primaryImageOfPage\":{\"@id\":\"https:\\\/\\\/etoropartners.com\\\/ro\\\/8-most-important-things\\\/#primaryimage\"},\"image\":{\"@id\":\"https:\\\/\\\/etoropartners.com\\\/ro\\\/8-most-important-things\\\/#primaryimage\"},\"thumbnailUrl\":\"https:\\\/\\\/etoropartners.com\\\/wp-content\\\/uploads\\\/2024\\\/05\\\/Featured_8-most-important-things.png\",\"datePublished\":\"2024-05-22T06:47:21+00:00\",\"dateModified\":\"2024-08-20T09:49:22+00:00\",\"description\":\"eToro este un brand de renume, care ofer\u0103 traderilor \u0219i investitorilor o experien\u021b\u0103 de tranzac\u021bionare securizat\u0103 \u0219i reglementat\u0103. Este esen\u021bial s\u0103 creezi o campanie care s\u0103 fie \u00een conformitate cu cerin\u021bele noastre de reglementare\",\"breadcrumb\":{\"@id\":\"https:\\\/\\\/etoropartners.com\\\/ro\\\/8-most-important-things\\\/#breadcrumb\"},\"inLanguage\":\"ro-RO\",\"potentialAction\":[{\"@type\":\"ReadAction\",\"target\":[\"https:\\\/\\\/etoropartners.com\\\/ro\\\/8-most-important-things\\\/\"]}]},{\"@type\":\"ImageObject\",\"inLanguage\":\"ro-RO\",\"@id\":\"https:\\\/\\\/etoropartners.com\\\/ro\\\/8-most-important-things\\\/#primaryimage\",\"url\":\"https:\\\/\\\/etoropartners.com\\\/wp-content\\\/uploads\\\/2024\\\/05\\\/Featured_8-most-important-things.png\",\"contentUrl\":\"https:\\\/\\\/etoropartners.com\\\/wp-content\\\/uploads\\\/2024\\\/05\\\/Featured_8-most-important-things.png\",\"width\":1200,\"height\":630,\"caption\":\"8 most important things to consider when creating a compliant campaign\"},{\"@type\":\"BreadcrumbList\",\"@id\":\"https:\\\/\\\/etoropartners.com\\\/ro\\\/8-most-important-things\\\/#breadcrumb\",\"itemListElement\":[{\"@type\":\"ListItem\",\"position\":1,\"name\":\"Home\",\"item\":\"https:\\\/\\\/etoropartners.wpengine.com\\\/ro\\\/\"},{\"@type\":\"ListItem\",\"position\":2,\"name\":\"8 lucruri importante pentru a avea o campanie conform\u0103\"}]},{\"@type\":\"WebSite\",\"@id\":\"https:\\\/\\\/etoropartners.com\\\/ro\\\/#website\",\"url\":\"https:\\\/\\\/etoropartners.com\\\/ro\\\/\",\"name\":\"eToro Partners\",\"description\":\"\",\"potentialAction\":[{\"@type\":\"SearchAction\",\"target\":{\"@type\":\"EntryPoint\",\"urlTemplate\":\"https:\\\/\\\/etoropartners.com\\\/ro\\\/?s={search_term_string}\"},\"query-input\":{\"@type\":\"PropertyValueSpecification\",\"valueRequired\":true,\"valueName\":\"search_term_string\"}}],\"inLanguage\":\"ro-RO\"}]}<\/script>\n<!-- \/ Yoast SEO plugin. -->","yoast_head_json":{"title":"8 lucruri importante pentru a avea o campanie conform\u0103","description":"eToro este un brand de renume, care ofer\u0103 traderilor \u0219i investitorilor o experien\u021b\u0103 de tranzac\u021bionare securizat\u0103 \u0219i reglementat\u0103. Este esen\u021bial s\u0103 creezi o campanie care s\u0103 fie \u00een conformitate cu cerin\u021bele noastre de reglementare","robots":{"index":"index","follow":"follow","max-snippet":"max-snippet:-1","max-image-preview":"max-image-preview:large","max-video-preview":"max-video-preview:-1"},"canonical":"https:\/\/etoropartners.com\/ro\/8-most-important-things\/","og_locale":"ro_RO","og_type":"article","og_title":"8 lucruri importante pentru a avea o campanie conform\u0103","og_description":"eToro este un brand de renume, care ofer\u0103 traderilor \u0219i investitorilor o experien\u021b\u0103 de tranzac\u021bionare securizat\u0103 \u0219i reglementat\u0103. Este esen\u021bial s\u0103 creezi o campanie care s\u0103 fie \u00een conformitate cu cerin\u021bele noastre de reglementare","og_url":"https:\/\/etoropartners.com\/ro\/8-most-important-things\/","og_site_name":"eToro Partners","article_modified_time":"2024-08-20T09:49:22+00:00","og_image":[{"width":1200,"height":630,"url":"https:\/\/etoropartners.com\/wp-content\/uploads\/2024\/05\/Featured_8-most-important-things.png","type":"image\/png"}],"twitter_card":"summary_large_image","twitter_misc":{"Timp estimat pentru citire":"3 minute"},"schema":{"@context":"https:\/\/schema.org","@graph":[{"@type":"WebPage","@id":"https:\/\/etoropartners.com\/ro\/8-most-important-things\/","url":"https:\/\/etoropartners.com\/ro\/8-most-important-things\/","name":"8 lucruri importante pentru a avea o campanie conform\u0103","isPartOf":{"@id":"https:\/\/etoropartners.com\/ro\/#website"},"primaryImageOfPage":{"@id":"https:\/\/etoropartners.com\/ro\/8-most-important-things\/#primaryimage"},"image":{"@id":"https:\/\/etoropartners.com\/ro\/8-most-important-things\/#primaryimage"},"thumbnailUrl":"https:\/\/etoropartners.com\/wp-content\/uploads\/2024\/05\/Featured_8-most-important-things.png","datePublished":"2024-05-22T06:47:21+00:00","dateModified":"2024-08-20T09:49:22+00:00","description":"eToro este un brand de renume, care ofer\u0103 traderilor \u0219i investitorilor o experien\u021b\u0103 de tranzac\u021bionare securizat\u0103 \u0219i reglementat\u0103. Este esen\u021bial s\u0103 creezi o campanie care s\u0103 fie \u00een conformitate cu cerin\u021bele noastre de reglementare","breadcrumb":{"@id":"https:\/\/etoropartners.com\/ro\/8-most-important-things\/#breadcrumb"},"inLanguage":"ro-RO","potentialAction":[{"@type":"ReadAction","target":["https:\/\/etoropartners.com\/ro\/8-most-important-things\/"]}]},{"@type":"ImageObject","inLanguage":"ro-RO","@id":"https:\/\/etoropartners.com\/ro\/8-most-important-things\/#primaryimage","url":"https:\/\/etoropartners.com\/wp-content\/uploads\/2024\/05\/Featured_8-most-important-things.png","contentUrl":"https:\/\/etoropartners.com\/wp-content\/uploads\/2024\/05\/Featured_8-most-important-things.png","width":1200,"height":630,"caption":"8 most important things to consider when creating a compliant campaign"},{"@type":"BreadcrumbList","@id":"https:\/\/etoropartners.com\/ro\/8-most-important-things\/#breadcrumb","itemListElement":[{"@type":"ListItem","position":1,"name":"Home","item":"https:\/\/etoropartners.wpengine.com\/ro\/"},{"@type":"ListItem","position":2,"name":"8 lucruri importante pentru a avea o campanie conform\u0103"}]},{"@type":"WebSite","@id":"https:\/\/etoropartners.com\/ro\/#website","url":"https:\/\/etoropartners.com\/ro\/","name":"eToro Partners","description":"","potentialAction":[{"@type":"SearchAction","target":{"@type":"EntryPoint","urlTemplate":"https:\/\/etoropartners.com\/ro\/?s={search_term_string}"},"query-input":{"@type":"PropertyValueSpecification","valueRequired":true,"valueName":"search_term_string"}}],"inLanguage":"ro-RO"}]}},"_links":{"self":[{"href":"https:\/\/etoropartners.com\/ro\/wp-json\/wp\/v2\/pages\/8678","targetHints":{"allow":["GET"]}}],"collection":[{"href":"https:\/\/etoropartners.com\/ro\/wp-json\/wp\/v2\/pages"}],"about":[{"href":"https:\/\/etoropartners.com\/ro\/wp-json\/wp\/v2\/types\/page"}],"author":[{"embeddable":true,"href":"https:\/\/etoropartners.com\/ro\/wp-json\/wp\/v2\/users\/11"}],"replies":[{"embeddable":true,"href":"https:\/\/etoropartners.com\/ro\/wp-json\/wp\/v2\/comments?post=8678"}],"version-history":[{"count":0,"href":"https:\/\/etoropartners.com\/ro\/wp-json\/wp\/v2\/pages\/8678\/revisions"}],"wp:featuredmedia":[{"embeddable":true,"href":"https:\/\/etoropartners.com\/ro\/wp-json\/wp\/v2\/media\/8073"}],"wp:attachment":[{"href":"https:\/\/etoropartners.com\/ro\/wp-json\/wp\/v2\/media?parent=8678"}],"curies":[{"name":"wp","href":"https:\/\/api.w.org\/{rel}","templated":true}]}}