{"id":8627,"date":"2024-05-22T13:20:48","date_gmt":"2024-05-22T11:20:48","guid":{"rendered":"https:\/\/etoropartners.com\/youtube-guidelines\/"},"modified":"2026-02-02T13:46:41","modified_gmt":"2026-02-02T11:46:41","slug":"youtube-guidelines","status":"publish","type":"page","link":"https:\/\/etoropartners.com\/ro\/youtube-guidelines\/","title":{"rendered":"Ghid de conformitate pentru persoane influente"},"content":{"rendered":"\n<section class=\"wp-block-group wp-block-group-boxed wp-block-group-small-top-padding wp-block-group-small-bottom-padding\"><div class=\"wp-block-group-inner is-layout-flow wp-block-group-is-layout-flow\">\n<div class=\"wp-block-columns are-vertically-aligned-top wp-block-columns-1 is-layout-flex wp-container-core-columns-is-layout-9d6595d7 wp-block-columns-is-layout-flex\">\n<div class=\"wp-block-column wp-block-column-align-desktop-center wp-block-column-align-mobile-center is-layout-flow wp-block-column-is-layout-flow\">\n<h2 class=\"wp-block-heading\">Ghid de conformitate pentru persoane influente<\/h2>\n\n\n\n<figure class=\"wp-block-image size-large\"><img loading=\"lazy\" decoding=\"async\" width=\"1024\" height=\"256\" src=\"https:\/\/etoropartners.com\/wp-content\/uploads\/2026\/01\/4301-12.10.25-eToro-Affiliate-Program-Influencer-compliance-guide-Header-1600x400px-V2-1024x256.jpg\" alt=\"\" class=\"wp-image-9310 wp-image-desktop\" srcset=\"https:\/\/etoropartners.com\/wp-content\/uploads\/2026\/01\/4301-12.10.25-eToro-Affiliate-Program-Influencer-compliance-guide-Header-1600x400px-V2-1024x256.jpg 1024w, https:\/\/etoropartners.com\/wp-content\/uploads\/2026\/01\/4301-12.10.25-eToro-Affiliate-Program-Influencer-compliance-guide-Header-1600x400px-V2-300x75.jpg 300w, https:\/\/etoropartners.com\/wp-content\/uploads\/2026\/01\/4301-12.10.25-eToro-Affiliate-Program-Influencer-compliance-guide-Header-1600x400px-V2-768x192.jpg 768w, https:\/\/etoropartners.com\/wp-content\/uploads\/2026\/01\/4301-12.10.25-eToro-Affiliate-Program-Influencer-compliance-guide-Header-1600x400px-V2-1536x384.jpg 1536w, https:\/\/etoropartners.com\/wp-content\/uploads\/2026\/01\/4301-12.10.25-eToro-Affiliate-Program-Influencer-compliance-guide-Header-1600x400px-V2.jpg 1600w\" sizes=\"auto, (max-width: 1024px) 100vw, 1024px\" \/><\/figure>\n<\/div>\n<\/div>\n<\/div><\/section>\n\n\n\n<section class=\"wp-block-group wp-block-group-boxed wp-block-group-small-top-padding wp-block-group-small-bottom-padding\"><div class=\"wp-block-group-inner is-layout-flow wp-block-group-is-layout-flow\">\n<div class=\"wp-block-columns are-vertically-aligned-top wp-block-columns-1 is-layout-flex wp-container-core-columns-is-layout-9d6595d7 wp-block-columns-is-layout-flex\">\n<div class=\"wp-block-column is-layout-flow wp-block-column-is-layout-flow\">\n<p>eToro este un brand de \u00eencredere, care ofer\u0103 traderilor \u0219i investitorilor din \u00eentreaga lume o experien\u021b\u0103 de tranzac\u021bionare sigur\u0103 \u0219i reglementat\u0103. Ne angaj\u0103m s\u0103 respect\u0103m practici de marketing transparente, corecte \u0219i responsabile \u0219i sus\u021binem integritatea sistemului financiar. \u00cen calitate de persoan\u0103 influent\u0103, joci un rol crucial \u00een men\u021binerea acestei \u00eencrederi. Prin urmare, este extrem de important ca fiecare campanie pe care o creezi s\u0103 fie aliniat\u0103 pe deplin cu cerin\u021bele de reglementare \u0219i liniile directoare ale jurisdic\u021biei \u00een care promovezi sau viza\u021bi pentru a promova eToro. Acest ghid prezint\u0103 cerin\u021bele cheie de conformitate pentru factorii de decizie care promoveaz\u0103 eToro, pe l\u00e2ng\u0103 regulile disponibile <a href=\"https:\/\/etoropartners.com\/ro\/compliance-guidelines\/\">aici <\/a>.<\/p>\n\n\n\n<p><\/p>\n\n\n\n<p><strong>Revizuirea ini\u021bial\u0103 a con\u021binutului:<\/strong> \u00eenainte de a publica orice con\u021binut despre eToro, trebuie s\u0103 trimi\u021bi con\u021binutul sau scenariul t\u0103u managerului t\u0103u pentru afilia\u021bi pentru verificare. Acest proces garanteaz\u0103 c\u0103 \u00eentregul material promo\u021bional este \u00een conformitate cu politicile\/liniile directoare eToro \u0219i cu cerin\u021bele de reglementare \u00eenainte de publicare.<\/p>\n\n\n\n<p><\/p>\n\n\n\n<p><strong>Promovarea \u00een diferite \u021b\u0103ri:<\/strong> eToro opereaz\u0103 \u00een peste 100 de \u021b\u0103ri din \u00eentreaga lume. Cu toate acestea, la promovarea serviciilor eToro \u0219i a anumitor produse \u00een anumite regiuni se aplic\u0103 restric\u021bii de reglementare. Atunci c\u00e2nd promovezi eToro, ab\u021bine-te de la a men\u021biona sau a viza \u021b\u0103rile restric\u021bionate, inclusiv de la a folosi anumite limbi sau monede asociate acestor \u021b\u0103ri, care ar putea implica o promovare \u00eentr-o regiune restric\u021bionat\u0103. \u00cen plus, evit\u0103 promovarea produselor care sunt restric\u021bionate \u00een \u021bara pe care o vizezi. Informa\u021bii detaliate pot fi g\u0103site \u00een <a href=\"https:\/\/etoropartners.com\/ro\/compliance-guidelines\/\">ghidurile noastre.<\/a><\/p>\n\n\n\n<p><\/p>\n\n\n\n<p><strong>Promovarea \u00een Statele Unite:<\/strong> \u00een Statele Unite, trebuie s\u0103 promovezi eToro folosind un cont din SUA \u0219i doar dup\u0103 ce contul \u0219i con\u021binutul t\u0103u au fost aprobate de echipa de conformitate din SUA. Urmeaz\u0103 <a href=\"https:\/\/docs.google.com\/presentation\/d\/1U5-1DmQStR6pC0GPSti47MVmm_ucMxmz1t-ZmNSzSb0\/edit?slide=id.g3452ee07848_1_2#slide=id.g3452ee07848_1_2\">regulile specifice SUA<\/a> pentru a crea con\u021binut conform. Re\u021bine c\u0103 conturile globale nu vor fi remunerate pentru traderii din SUA, iar conturile din SUA vor fi remunerate doar pentru traderii din SUA.<\/p>\n\n\n\n<p><\/p>\n\n\n\n<p><strong>Cerin\u021be cheie de conformitate:<\/strong><\/p>\n\n\n\n<ol class=\"wp-block-list wp-block-list\">\n<li><strong>Dezv\u0103luie adresele URL:\u00a0<\/strong>\n<ul class=\"wp-block-list wp-block-list wp-block-list-circle\">\n<li>S\u0103 promovezi eToro doar pe site-urile \u0219i canalele pe care le-ai dezv\u0103luit eToro. Dac\u0103 dore\u0219ti s\u0103 folose\u0219ti un canal sau un site nou, trimite-le managerului t\u0103u pentru afilia\u021bi pentru aprobare. Trebuie s\u0103 \u0219tim cum \u0219i unde este promovat eToro.<\/li>\n<\/ul>\n<\/li>\n\n\n\n<li><strong>Acurate\u021be \u0219i informa\u021bii care nu induc \u00een eroare:\u00a0<\/strong>\n<ul class=\"wp-block-list wp-block-list wp-block-list-circle\">\n<li>S\u0103 te asiguri c\u0103 toate informa\u021biile sunt <a href=\"https:\/\/etoropartners.com\/ro\/be-accurate\/\">exacte, echilibrate \u0219i actualizate<\/a>. Men\u021bioneaz\u0103 riscurile asociate investi\u021biilor. Evit\u0103 s\u0103 prezin\u021bi investi\u021biile ca fiind u\u0219oare, s\u0103 faci promisiuni false sau s\u0103 folose\u0219ti afirma\u021bii \u00een\u0219el\u0103toare. Nu folosi imagini sau emoji-uri care sugereaz\u0103 bog\u0103\u021bie sau tendin\u021be ascendente (de exemplu, teancuri de bani, ma\u0219ini scumpe, rachete). Nu folosi eToro \u00een numele domeniului t\u0103u \u0219i nu afirma c\u0103 reprezin\u021bi sau lucrezi pentru eToro.<\/li>\n<\/ul>\n<\/li>\n\n\n\n<li><strong>F\u0103r\u0103 sfaturi de investi\u021bii:\u00a0<\/strong>\n<ul class=\"wp-block-list wp-block-list wp-block-list-circle\">\n<li>Nu include eToro \u00een con\u021binutul care ofer\u0103 sfaturi investi\u021bionale.<\/li>\n<\/ul>\n<\/li>\n\n\n\n<li><strong>Evit\u0103 s\u0103 creezi un sentiment de urgen\u021b\u0103:\u00a0<\/strong>\n<ul class=\"wp-block-list wp-block-list wp-block-list-circle\">\n<li>Nu crea sentiment de urgen\u021b\u0103 de a cump\u0103ra anumite instrumente.<\/li>\n<\/ul>\n<\/li>\n\n\n\n<li><strong>Confiden\u021bialitate \u0219i combaterea \u00een\u0219el\u0103ciunilor:\u00a0<\/strong>\n<ul class=\"wp-block-list wp-block-list wp-block-list-circle\">\n<li>Nu divulga informa\u021bii confiden\u021biale \u0219i nu ajuta traderii s\u0103 \u00een\u0219ele eToro. Nu \u00eendruma traderii cu privire la modul de r\u0103spuns la \u00eentreb\u0103rile KYC \u0219i nu \u00eei stimula s\u0103 tranzac\u021bioneze pe platform\u0103.<\/li>\n<\/ul>\n<\/li>\n<\/ol>\n\n\n\n<p><strong>Avertismente de risc:<\/strong> asigur\u0103-te \u00eentotdeauna c\u0103 adaugi <a href=\"https:\/\/etoropartners.com\/ro\/risk-warnings\/\">avertismentul privind riscurile<\/a> corect pentru activele promovate \u0219i \u021bara pe care o vizezi, \u00eentr-un format lizibil. Pentru re\u021belele sociale, utilizeaz\u0103 avertismentul \u201eGeneric\u201d privind riscurile. \u00cen cazul \u00een care con\u021binutul t\u0103u se refer\u0103 exclusiv la cripto, utilizeaz\u0103 avertismentul privind riscurile asociate cripto. Avertismentul privind riscurile trebuie plasat l\u00e2ng\u0103 fiecare link care redirec\u021bioneaz\u0103 c\u0103tre eToro \u0219i \u00een fiecare postare despre eToro. \u00cen con\u021binutul video, avertismentul trebuie s\u0103 fie vizibil pe ecran timp de 10 secunde la sf\u00e2r\u0219itul videoclipurilor despre eToro \u0219i s\u0103 apar\u0103 \u0219i \u00een descrierile videoclipurilor, l\u00e2ng\u0103 linkul eToro. Pe platforme precum TikTok \u0219i Instagram, po\u021bi utiliza versiunea scurt\u0103 a avertismentului privind riscurile \u201eAc\u021biuni \u0219i ETF-uri\u201d din cauza limit\u0103rilor de caractere.<\/p>\n\n\n\n<p><br><strong>Informare:<\/strong> pentru re\u021belele de socializare, asigur\u0103-te c\u0103 materialul poate fi identificat cu precizie ca fiind un anun\u021b publicitar. Acest lucru poate fi la fel de simplu ca includerea unei men\u021biuni precum \u201e#publicitate\u201d.<\/p>\n\n\n\n<p><br><strong>Revizuirea periodic\u0103 a con\u021binutului \u0219i conformitatea:<\/strong> eToro va revizui periodic con\u021binutul t\u0103u promo\u021bional pentru a se asigura c\u0103 acesta respect\u0103 \u00een permanen\u021b\u0103 politicile interne \u0219i cadrul de reglementare aplicabil. Ai obliga\u021bia de a coopera pe deplin cu orice revizuire de conformitate \u0219i de a implementa prompt modific\u0103rile solicitate. Nerespectarea liniilor directoare ale eToro poate duce la \u00eenchiderea contului t\u0103u\/\u00eencetarea rela\u021biei tale cu noi.<\/p>\n\n\n\n<p><\/p>\n\n\n\n<p><strong>\u00ce\u021bi mul\u021bumim c\u0103 men\u021bii standardele \u00eenalte eToro. A\u0219tept\u0103m cu ner\u0103bdare s\u0103 vedem con\u021binutul t\u0103u fantastic!<\/strong><\/p>\n\n\n\n<p>eToro este o platform\u0103 de investi\u021bii cu mai multe active. Valoarea investi\u021biilor tale poate cre\u0219te sau sc\u0103dea.&nbsp; Capitalul t\u0103u este expus riscurilor.<\/p>\n\n\n\n<p><\/p>\n\n\n\n<p>eToro AUS Capital Limited AFSL 491139. eToro este o platform\u0103 de investi\u021bii cu mai multe active. Valoarea investi\u021biilor tale poate cre\u0219te sau sc\u0103dea. Capitalul t\u0103u este expus riscurilor. Vezi PDS \u0219i TMD.<\/p>\n<\/div>\n<\/div>\n<\/div><\/section>\n","protected":false},"excerpt":{"rendered":"<p>Ghid de conformitate pentru persoane influente eToro este un brand de \u00eencredere, care ofer\u0103 traderilor \u0219i investitorilor din \u00eentreaga lume o experien\u021b\u0103 de tranzac\u021bionare sigur\u0103 \u0219i reglementat\u0103. Ne angaj\u0103m s\u0103 respect\u0103m practici de marketing transparente, corecte \u0219i responsabile \u0219i sus\u021binem integritatea sistemului financiar. \u00cen calitate de persoan\u0103 influent\u0103, joci un rol crucial \u00een men\u021binerea acestei [&hellip;]<\/p>\n","protected":false},"author":11,"featured_media":0,"parent":0,"menu_order":0,"comment_status":"closed","ping_status":"closed","template":"","meta":{"_acf_changed":false,"sticky_cta_settings":"","footnotes":""},"class_list":["post-8627","page","type-page","status-publish","hentry"],"acf":[],"yoast_head":"<!-- This site is optimized with the Yoast SEO plugin v27.3 - https:\/\/yoast.com\/product\/yoast-seo-wordpress\/ -->\n<title>Ghid YouTube<\/title>\n<meta name=\"description\" content=\"Afl\u0103 aici regulile pentru campaniile tale YouTube\" \/>\n<meta name=\"robots\" content=\"index, follow, max-snippet:-1, max-image-preview:large, max-video-preview:-1\" \/>\n<link rel=\"canonical\" href=\"https:\/\/etoropartners.com\/ro\/youtube-guidelines\/\" \/>\n<meta property=\"og:locale\" content=\"ro_RO\" \/>\n<meta property=\"og:type\" content=\"article\" \/>\n<meta property=\"og:title\" content=\"Ghid YouTube\" \/>\n<meta property=\"og:description\" content=\"Afl\u0103 aici regulile pentru campaniile tale YouTube\" \/>\n<meta property=\"og:url\" content=\"https:\/\/etoropartners.com\/ro\/youtube-guidelines\/\" \/>\n<meta property=\"og:site_name\" content=\"eToro Partners\" \/>\n<meta property=\"article:modified_time\" content=\"2026-02-02T11:46:41+00:00\" \/>\n<meta property=\"og:image\" content=\"https:\/\/etoropartners.com\/wp-content\/uploads\/2026\/01\/4301-12.10.25-eToro-Affiliate-Program-Influencer-compliance-guide-Header-1600x400px-V2.jpg\" \/>\n\t<meta property=\"og:image:width\" content=\"1600\" \/>\n\t<meta property=\"og:image:height\" content=\"400\" \/>\n\t<meta property=\"og:image:type\" content=\"image\/jpeg\" \/>\n<meta name=\"twitter:card\" content=\"summary_large_image\" \/>\n<meta name=\"twitter:label1\" content=\"Timp estimat pentru citire\" \/>\n\t<meta name=\"twitter:data1\" content=\"4 minute\" \/>\n<script type=\"application\/ld+json\" class=\"yoast-schema-graph\">{\"@context\":\"https:\\\/\\\/schema.org\",\"@graph\":[{\"@type\":\"WebPage\",\"@id\":\"https:\\\/\\\/etoropartners.com\\\/ro\\\/youtube-guidelines\\\/\",\"url\":\"https:\\\/\\\/etoropartners.com\\\/ro\\\/youtube-guidelines\\\/\",\"name\":\"Ghid YouTube\",\"isPartOf\":{\"@id\":\"https:\\\/\\\/etoropartners.com\\\/ro\\\/#website\"},\"primaryImageOfPage\":{\"@id\":\"https:\\\/\\\/etoropartners.com\\\/ro\\\/youtube-guidelines\\\/#primaryimage\"},\"image\":{\"@id\":\"https:\\\/\\\/etoropartners.com\\\/ro\\\/youtube-guidelines\\\/#primaryimage\"},\"thumbnailUrl\":\"https:\\\/\\\/etoropartners.com\\\/wp-content\\\/uploads\\\/2026\\\/01\\\/4301-12.10.25-eToro-Affiliate-Program-Influencer-compliance-guide-Header-1600x400px-V2-1024x256.jpg\",\"datePublished\":\"2024-05-22T11:20:48+00:00\",\"dateModified\":\"2026-02-02T11:46:41+00:00\",\"description\":\"Afl\u0103 aici regulile pentru campaniile tale YouTube\",\"breadcrumb\":{\"@id\":\"https:\\\/\\\/etoropartners.com\\\/ro\\\/youtube-guidelines\\\/#breadcrumb\"},\"inLanguage\":\"ro-RO\",\"potentialAction\":[{\"@type\":\"ReadAction\",\"target\":[\"https:\\\/\\\/etoropartners.com\\\/ro\\\/youtube-guidelines\\\/\"]}]},{\"@type\":\"ImageObject\",\"inLanguage\":\"ro-RO\",\"@id\":\"https:\\\/\\\/etoropartners.com\\\/ro\\\/youtube-guidelines\\\/#primaryimage\",\"url\":\"https:\\\/\\\/etoropartners.com\\\/wp-content\\\/uploads\\\/2026\\\/01\\\/4301-12.10.25-eToro-Affiliate-Program-Influencer-compliance-guide-Header-1600x400px-V2-1024x256.jpg\",\"contentUrl\":\"https:\\\/\\\/etoropartners.com\\\/wp-content\\\/uploads\\\/2026\\\/01\\\/4301-12.10.25-eToro-Affiliate-Program-Influencer-compliance-guide-Header-1600x400px-V2-1024x256.jpg\"},{\"@type\":\"BreadcrumbList\",\"@id\":\"https:\\\/\\\/etoropartners.com\\\/ro\\\/youtube-guidelines\\\/#breadcrumb\",\"itemListElement\":[{\"@type\":\"ListItem\",\"position\":1,\"name\":\"Home\",\"item\":\"https:\\\/\\\/etoropartners.wpengine.com\\\/ro\\\/\"},{\"@type\":\"ListItem\",\"position\":2,\"name\":\"Ghid de conformitate pentru persoane influente\"}]},{\"@type\":\"WebSite\",\"@id\":\"https:\\\/\\\/etoropartners.com\\\/ro\\\/#website\",\"url\":\"https:\\\/\\\/etoropartners.com\\\/ro\\\/\",\"name\":\"eToro Partners\",\"description\":\"\",\"potentialAction\":[{\"@type\":\"SearchAction\",\"target\":{\"@type\":\"EntryPoint\",\"urlTemplate\":\"https:\\\/\\\/etoropartners.com\\\/ro\\\/?s={search_term_string}\"},\"query-input\":{\"@type\":\"PropertyValueSpecification\",\"valueRequired\":true,\"valueName\":\"search_term_string\"}}],\"inLanguage\":\"ro-RO\"}]}<\/script>\n<!-- \/ Yoast SEO plugin. -->","yoast_head_json":{"title":"Ghid YouTube","description":"Afl\u0103 aici regulile pentru campaniile tale YouTube","robots":{"index":"index","follow":"follow","max-snippet":"max-snippet:-1","max-image-preview":"max-image-preview:large","max-video-preview":"max-video-preview:-1"},"canonical":"https:\/\/etoropartners.com\/ro\/youtube-guidelines\/","og_locale":"ro_RO","og_type":"article","og_title":"Ghid YouTube","og_description":"Afl\u0103 aici regulile pentru campaniile tale YouTube","og_url":"https:\/\/etoropartners.com\/ro\/youtube-guidelines\/","og_site_name":"eToro Partners","article_modified_time":"2026-02-02T11:46:41+00:00","og_image":[{"width":1600,"height":400,"url":"https:\/\/etoropartners.com\/wp-content\/uploads\/2026\/01\/4301-12.10.25-eToro-Affiliate-Program-Influencer-compliance-guide-Header-1600x400px-V2.jpg","type":"image\/jpeg"}],"twitter_card":"summary_large_image","twitter_misc":{"Timp estimat pentru citire":"4 minute"},"schema":{"@context":"https:\/\/schema.org","@graph":[{"@type":"WebPage","@id":"https:\/\/etoropartners.com\/ro\/youtube-guidelines\/","url":"https:\/\/etoropartners.com\/ro\/youtube-guidelines\/","name":"Ghid YouTube","isPartOf":{"@id":"https:\/\/etoropartners.com\/ro\/#website"},"primaryImageOfPage":{"@id":"https:\/\/etoropartners.com\/ro\/youtube-guidelines\/#primaryimage"},"image":{"@id":"https:\/\/etoropartners.com\/ro\/youtube-guidelines\/#primaryimage"},"thumbnailUrl":"https:\/\/etoropartners.com\/wp-content\/uploads\/2026\/01\/4301-12.10.25-eToro-Affiliate-Program-Influencer-compliance-guide-Header-1600x400px-V2-1024x256.jpg","datePublished":"2024-05-22T11:20:48+00:00","dateModified":"2026-02-02T11:46:41+00:00","description":"Afl\u0103 aici regulile pentru campaniile tale YouTube","breadcrumb":{"@id":"https:\/\/etoropartners.com\/ro\/youtube-guidelines\/#breadcrumb"},"inLanguage":"ro-RO","potentialAction":[{"@type":"ReadAction","target":["https:\/\/etoropartners.com\/ro\/youtube-guidelines\/"]}]},{"@type":"ImageObject","inLanguage":"ro-RO","@id":"https:\/\/etoropartners.com\/ro\/youtube-guidelines\/#primaryimage","url":"https:\/\/etoropartners.com\/wp-content\/uploads\/2026\/01\/4301-12.10.25-eToro-Affiliate-Program-Influencer-compliance-guide-Header-1600x400px-V2-1024x256.jpg","contentUrl":"https:\/\/etoropartners.com\/wp-content\/uploads\/2026\/01\/4301-12.10.25-eToro-Affiliate-Program-Influencer-compliance-guide-Header-1600x400px-V2-1024x256.jpg"},{"@type":"BreadcrumbList","@id":"https:\/\/etoropartners.com\/ro\/youtube-guidelines\/#breadcrumb","itemListElement":[{"@type":"ListItem","position":1,"name":"Home","item":"https:\/\/etoropartners.wpengine.com\/ro\/"},{"@type":"ListItem","position":2,"name":"Ghid de conformitate pentru persoane influente"}]},{"@type":"WebSite","@id":"https:\/\/etoropartners.com\/ro\/#website","url":"https:\/\/etoropartners.com\/ro\/","name":"eToro Partners","description":"","potentialAction":[{"@type":"SearchAction","target":{"@type":"EntryPoint","urlTemplate":"https:\/\/etoropartners.com\/ro\/?s={search_term_string}"},"query-input":{"@type":"PropertyValueSpecification","valueRequired":true,"valueName":"search_term_string"}}],"inLanguage":"ro-RO"}]}},"_links":{"self":[{"href":"https:\/\/etoropartners.com\/ro\/wp-json\/wp\/v2\/pages\/8627","targetHints":{"allow":["GET"]}}],"collection":[{"href":"https:\/\/etoropartners.com\/ro\/wp-json\/wp\/v2\/pages"}],"about":[{"href":"https:\/\/etoropartners.com\/ro\/wp-json\/wp\/v2\/types\/page"}],"author":[{"embeddable":true,"href":"https:\/\/etoropartners.com\/ro\/wp-json\/wp\/v2\/users\/11"}],"replies":[{"embeddable":true,"href":"https:\/\/etoropartners.com\/ro\/wp-json\/wp\/v2\/comments?post=8627"}],"version-history":[{"count":0,"href":"https:\/\/etoropartners.com\/ro\/wp-json\/wp\/v2\/pages\/8627\/revisions"}],"wp:attachment":[{"href":"https:\/\/etoropartners.com\/ro\/wp-json\/wp\/v2\/media?parent=8627"}],"curies":[{"name":"wp","href":"https:\/\/api.w.org\/{rel}","templated":true}]}}