{"id":2860,"date":"2021-11-23T13:01:44","date_gmt":"2021-11-23T13:01:44","guid":{"rendered":"https:\/\/etoropartners.wpengine.com\/lets-get-techy\/"},"modified":"2023-07-26T15:52:30","modified_gmt":"2023-07-26T13:52:30","slug":"lets-get-techy","status":"publish","type":"page","link":"https:\/\/etoropartners.com\/ro\/lets-get-techy\/","title":{"rendered":"Let\u2019s get techy"},"content":{"rendered":"","protected":false},"excerpt":{"rendered":"","protected":false},"author":5,"featured_media":0,"parent":0,"menu_order":0,"comment_status":"closed","ping_status":"closed","template":"","meta":{"_acf_changed":false,"sticky_cta_settings":"","footnotes":""},"class_list":["post-2860","page","type-page","status-publish","hentry"],"acf":[],"yoast_head":"<!-- This site is optimized with the Yoast SEO plugin v27.3 - https:\/\/yoast.com\/product\/yoast-seo-wordpress\/ -->\n<title>Parteneri eToro, s\u0103 intr\u0103m \u00een detalii tehnice!<\/title>\n<meta name=\"description\" content=\"Programul Parteneri eToro ofer\u0103 mai multe instrumente de urm\u0103rire. Aici vei g\u0103si o privire de ansamblu asupra acestui program \u0219i cum \u00eel po\u021bi utiliza.\" \/>\n<meta name=\"robots\" content=\"index, follow, max-snippet:-1, max-image-preview:large, max-video-preview:-1\" \/>\n<link rel=\"canonical\" href=\"https:\/\/etoropartners.com\/ro\/lets-get-techy\/\" \/>\n<meta property=\"og:locale\" content=\"ro_RO\" \/>\n<meta property=\"og:type\" content=\"article\" \/>\n<meta property=\"og:title\" content=\"Parteneri eToro, s\u0103 intr\u0103m \u00een detalii tehnice!\" \/>\n<meta property=\"og:description\" content=\"Programul Parteneri eToro ofer\u0103 mai multe instrumente de urm\u0103rire. Aici vei g\u0103si o privire de ansamblu asupra acestui program \u0219i cum \u00eel po\u021bi utiliza.\" \/>\n<meta property=\"og:url\" content=\"https:\/\/etoropartners.com\/ro\/lets-get-techy\/\" \/>\n<meta property=\"og:site_name\" content=\"eToro Partners\" \/>\n<meta property=\"article:modified_time\" content=\"2023-07-26T13:52:30+00:00\" \/>\n<meta name=\"twitter:card\" content=\"summary_large_image\" \/>\n<script type=\"application\/ld+json\" class=\"yoast-schema-graph\">{\"@context\":\"https:\\\/\\\/schema.org\",\"@graph\":[{\"@type\":\"WebPage\",\"@id\":\"https:\\\/\\\/etoropartners.com\\\/ro\\\/lets-get-techy\\\/\",\"url\":\"https:\\\/\\\/etoropartners.com\\\/ro\\\/lets-get-techy\\\/\",\"name\":\"Parteneri eToro, s\u0103 intr\u0103m \u00een detalii tehnice!\",\"isPartOf\":{\"@id\":\"https:\\\/\\\/etoropartners.com\\\/ro\\\/#website\"},\"datePublished\":\"2021-11-23T13:01:44+00:00\",\"dateModified\":\"2023-07-26T13:52:30+00:00\",\"description\":\"Programul Parteneri eToro ofer\u0103 mai multe instrumente de urm\u0103rire. Aici vei g\u0103si o privire de ansamblu asupra acestui program \u0219i cum \u00eel po\u021bi utiliza.\",\"breadcrumb\":{\"@id\":\"https:\\\/\\\/etoropartners.com\\\/ro\\\/lets-get-techy\\\/#breadcrumb\"},\"inLanguage\":\"ro-RO\",\"potentialAction\":[{\"@type\":\"ReadAction\",\"target\":[\"https:\\\/\\\/etoropartners.com\\\/ro\\\/lets-get-techy\\\/\"]}]},{\"@type\":\"BreadcrumbList\",\"@id\":\"https:\\\/\\\/etoropartners.com\\\/ro\\\/lets-get-techy\\\/#breadcrumb\",\"itemListElement\":[{\"@type\":\"ListItem\",\"position\":1,\"name\":\"Home\",\"item\":\"https:\\\/\\\/etoropartners.wpengine.com\\\/ro\\\/\"},{\"@type\":\"ListItem\",\"position\":2,\"name\":\"Let\u2019s get techy\"}]},{\"@type\":\"WebSite\",\"@id\":\"https:\\\/\\\/etoropartners.com\\\/ro\\\/#website\",\"url\":\"https:\\\/\\\/etoropartners.com\\\/ro\\\/\",\"name\":\"eToro Partners\",\"description\":\"\",\"potentialAction\":[{\"@type\":\"SearchAction\",\"target\":{\"@type\":\"EntryPoint\",\"urlTemplate\":\"https:\\\/\\\/etoropartners.com\\\/ro\\\/?s={search_term_string}\"},\"query-input\":{\"@type\":\"PropertyValueSpecification\",\"valueRequired\":true,\"valueName\":\"search_term_string\"}}],\"inLanguage\":\"ro-RO\"}]}<\/script>\n<!-- \/ Yoast SEO plugin. -->","yoast_head_json":{"title":"Parteneri eToro, s\u0103 intr\u0103m \u00een detalii tehnice!","description":"Programul Parteneri eToro ofer\u0103 mai multe instrumente de urm\u0103rire. Aici vei g\u0103si o privire de ansamblu asupra acestui program \u0219i cum \u00eel po\u021bi utiliza.","robots":{"index":"index","follow":"follow","max-snippet":"max-snippet:-1","max-image-preview":"max-image-preview:large","max-video-preview":"max-video-preview:-1"},"canonical":"https:\/\/etoropartners.com\/ro\/lets-get-techy\/","og_locale":"ro_RO","og_type":"article","og_title":"Parteneri eToro, s\u0103 intr\u0103m \u00een detalii tehnice!","og_description":"Programul Parteneri eToro ofer\u0103 mai multe instrumente de urm\u0103rire. Aici vei g\u0103si o privire de ansamblu asupra acestui program \u0219i cum \u00eel po\u021bi utiliza.","og_url":"https:\/\/etoropartners.com\/ro\/lets-get-techy\/","og_site_name":"eToro Partners","article_modified_time":"2023-07-26T13:52:30+00:00","twitter_card":"summary_large_image","schema":{"@context":"https:\/\/schema.org","@graph":[{"@type":"WebPage","@id":"https:\/\/etoropartners.com\/ro\/lets-get-techy\/","url":"https:\/\/etoropartners.com\/ro\/lets-get-techy\/","name":"Parteneri eToro, s\u0103 intr\u0103m \u00een detalii tehnice!","isPartOf":{"@id":"https:\/\/etoropartners.com\/ro\/#website"},"datePublished":"2021-11-23T13:01:44+00:00","dateModified":"2023-07-26T13:52:30+00:00","description":"Programul Parteneri eToro ofer\u0103 mai multe instrumente de urm\u0103rire. Aici vei g\u0103si o privire de ansamblu asupra acestui program \u0219i cum \u00eel po\u021bi utiliza.","breadcrumb":{"@id":"https:\/\/etoropartners.com\/ro\/lets-get-techy\/#breadcrumb"},"inLanguage":"ro-RO","potentialAction":[{"@type":"ReadAction","target":["https:\/\/etoropartners.com\/ro\/lets-get-techy\/"]}]},{"@type":"BreadcrumbList","@id":"https:\/\/etoropartners.com\/ro\/lets-get-techy\/#breadcrumb","itemListElement":[{"@type":"ListItem","position":1,"name":"Home","item":"https:\/\/etoropartners.wpengine.com\/ro\/"},{"@type":"ListItem","position":2,"name":"Let\u2019s get techy"}]},{"@type":"WebSite","@id":"https:\/\/etoropartners.com\/ro\/#website","url":"https:\/\/etoropartners.com\/ro\/","name":"eToro Partners","description":"","potentialAction":[{"@type":"SearchAction","target":{"@type":"EntryPoint","urlTemplate":"https:\/\/etoropartners.com\/ro\/?s={search_term_string}"},"query-input":{"@type":"PropertyValueSpecification","valueRequired":true,"valueName":"search_term_string"}}],"inLanguage":"ro-RO"}]}},"_links":{"self":[{"href":"https:\/\/etoropartners.com\/ro\/wp-json\/wp\/v2\/pages\/2860","targetHints":{"allow":["GET"]}}],"collection":[{"href":"https:\/\/etoropartners.com\/ro\/wp-json\/wp\/v2\/pages"}],"about":[{"href":"https:\/\/etoropartners.com\/ro\/wp-json\/wp\/v2\/types\/page"}],"author":[{"embeddable":true,"href":"https:\/\/etoropartners.com\/ro\/wp-json\/wp\/v2\/users\/5"}],"replies":[{"embeddable":true,"href":"https:\/\/etoropartners.com\/ro\/wp-json\/wp\/v2\/comments?post=2860"}],"version-history":[{"count":0,"href":"https:\/\/etoropartners.com\/ro\/wp-json\/wp\/v2\/pages\/2860\/revisions"}],"wp:attachment":[{"href":"https:\/\/etoropartners.com\/ro\/wp-json\/wp\/v2\/media?parent=2860"}],"curies":[{"name":"wp","href":"https:\/\/api.w.org\/{rel}","templated":true}]}}