{"id":1356,"date":"2021-05-19T13:31:49","date_gmt":"2021-05-19T13:31:49","guid":{"rendered":"https:\/\/etoropartners.wpengine.com\/?page_id=1356"},"modified":"2023-11-02T11:09:58","modified_gmt":"2023-11-02T09:09:58","slug":"guidelines","status":"publish","type":"page","link":"https:\/\/etoropartners.com\/ro\/guidelines\/","title":{"rendered":"Guidelines"},"content":{"rendered":"","protected":false},"excerpt":{"rendered":"","protected":false},"author":5,"featured_media":0,"parent":0,"menu_order":0,"comment_status":"closed","ping_status":"closed","template":"","meta":{"_acf_changed":false,"sticky_cta_settings":"","footnotes":""},"class_list":["post-1356","page","type-page","status-publish","hentry"],"acf":[],"yoast_head":"<!-- This site is optimized with the Yoast SEO plugin v27.3 - https:\/\/yoast.com\/product\/yoast-seo-wordpress\/ -->\n<title>eToro Partners - \u00cendrum\u0103ri privind programul de afiliere<\/title>\n<meta name=\"description\" content=\"Afl\u0103 despre toate instruc\u021biunile \u0219i \u00eendrum\u0103rile pentru \u00eenscrierea \u00een Programul de afiliere eToro.\" \/>\n<meta name=\"robots\" content=\"index, follow, max-snippet:-1, max-image-preview:large, max-video-preview:-1\" \/>\n<link rel=\"canonical\" href=\"https:\/\/etoropartners.com\/ro\/guidelines\/\" \/>\n<meta property=\"og:locale\" content=\"ro_RO\" \/>\n<meta property=\"og:type\" content=\"article\" \/>\n<meta property=\"og:title\" content=\"eToro Partners - \u00cendrum\u0103ri privind programul de afiliere\" \/>\n<meta property=\"og:description\" content=\"Afl\u0103 despre toate instruc\u021biunile \u0219i \u00eendrum\u0103rile pentru \u00eenscrierea \u00een Programul de afiliere eToro.\" \/>\n<meta property=\"og:url\" content=\"https:\/\/etoropartners.com\/ro\/guidelines\/\" \/>\n<meta property=\"og:site_name\" content=\"eToro Partners\" \/>\n<meta property=\"article:modified_time\" content=\"2023-11-02T09:09:58+00:00\" \/>\n<meta name=\"twitter:card\" content=\"summary_large_image\" \/>\n<script type=\"application\/ld+json\" class=\"yoast-schema-graph\">{\"@context\":\"https:\\\/\\\/schema.org\",\"@graph\":[{\"@type\":\"WebPage\",\"@id\":\"https:\\\/\\\/etoropartners.com\\\/ro\\\/guidelines\\\/\",\"url\":\"https:\\\/\\\/etoropartners.com\\\/ro\\\/guidelines\\\/\",\"name\":\"eToro Partners - \u00cendrum\u0103ri privind programul de afiliere\",\"isPartOf\":{\"@id\":\"https:\\\/\\\/etoropartners.com\\\/ro\\\/#website\"},\"datePublished\":\"2021-05-19T13:31:49+00:00\",\"dateModified\":\"2023-11-02T09:09:58+00:00\",\"description\":\"Afl\u0103 despre toate instruc\u021biunile \u0219i \u00eendrum\u0103rile pentru \u00eenscrierea \u00een Programul de afiliere eToro.\",\"breadcrumb\":{\"@id\":\"https:\\\/\\\/etoropartners.com\\\/ro\\\/guidelines\\\/#breadcrumb\"},\"inLanguage\":\"ro-RO\",\"potentialAction\":[{\"@type\":\"ReadAction\",\"target\":[\"https:\\\/\\\/etoropartners.com\\\/ro\\\/guidelines\\\/\"]}]},{\"@type\":\"BreadcrumbList\",\"@id\":\"https:\\\/\\\/etoropartners.com\\\/ro\\\/guidelines\\\/#breadcrumb\",\"itemListElement\":[{\"@type\":\"ListItem\",\"position\":1,\"name\":\"Home\",\"item\":\"https:\\\/\\\/etoropartners.wpengine.com\\\/ro\\\/\"},{\"@type\":\"ListItem\",\"position\":2,\"name\":\"\u00ceNDRUM\u0102RI\"}]},{\"@type\":\"WebSite\",\"@id\":\"https:\\\/\\\/etoropartners.com\\\/ro\\\/#website\",\"url\":\"https:\\\/\\\/etoropartners.com\\\/ro\\\/\",\"name\":\"eToro Partners\",\"description\":\"\",\"potentialAction\":[{\"@type\":\"SearchAction\",\"target\":{\"@type\":\"EntryPoint\",\"urlTemplate\":\"https:\\\/\\\/etoropartners.com\\\/ro\\\/?s={search_term_string}\"},\"query-input\":{\"@type\":\"PropertyValueSpecification\",\"valueRequired\":true,\"valueName\":\"search_term_string\"}}],\"inLanguage\":\"ro-RO\"}]}<\/script>\n<!-- \/ Yoast SEO plugin. -->","yoast_head_json":{"title":"eToro Partners - \u00cendrum\u0103ri privind programul de afiliere","description":"Afl\u0103 despre toate instruc\u021biunile \u0219i \u00eendrum\u0103rile pentru \u00eenscrierea \u00een Programul de afiliere eToro.","robots":{"index":"index","follow":"follow","max-snippet":"max-snippet:-1","max-image-preview":"max-image-preview:large","max-video-preview":"max-video-preview:-1"},"canonical":"https:\/\/etoropartners.com\/ro\/guidelines\/","og_locale":"ro_RO","og_type":"article","og_title":"eToro Partners - \u00cendrum\u0103ri privind programul de afiliere","og_description":"Afl\u0103 despre toate instruc\u021biunile \u0219i \u00eendrum\u0103rile pentru \u00eenscrierea \u00een Programul de afiliere eToro.","og_url":"https:\/\/etoropartners.com\/ro\/guidelines\/","og_site_name":"eToro Partners","article_modified_time":"2023-11-02T09:09:58+00:00","twitter_card":"summary_large_image","schema":{"@context":"https:\/\/schema.org","@graph":[{"@type":"WebPage","@id":"https:\/\/etoropartners.com\/ro\/guidelines\/","url":"https:\/\/etoropartners.com\/ro\/guidelines\/","name":"eToro Partners - \u00cendrum\u0103ri privind programul de afiliere","isPartOf":{"@id":"https:\/\/etoropartners.com\/ro\/#website"},"datePublished":"2021-05-19T13:31:49+00:00","dateModified":"2023-11-02T09:09:58+00:00","description":"Afl\u0103 despre toate instruc\u021biunile \u0219i \u00eendrum\u0103rile pentru \u00eenscrierea \u00een Programul de afiliere eToro.","breadcrumb":{"@id":"https:\/\/etoropartners.com\/ro\/guidelines\/#breadcrumb"},"inLanguage":"ro-RO","potentialAction":[{"@type":"ReadAction","target":["https:\/\/etoropartners.com\/ro\/guidelines\/"]}]},{"@type":"BreadcrumbList","@id":"https:\/\/etoropartners.com\/ro\/guidelines\/#breadcrumb","itemListElement":[{"@type":"ListItem","position":1,"name":"Home","item":"https:\/\/etoropartners.wpengine.com\/ro\/"},{"@type":"ListItem","position":2,"name":"\u00ceNDRUM\u0102RI"}]},{"@type":"WebSite","@id":"https:\/\/etoropartners.com\/ro\/#website","url":"https:\/\/etoropartners.com\/ro\/","name":"eToro Partners","description":"","potentialAction":[{"@type":"SearchAction","target":{"@type":"EntryPoint","urlTemplate":"https:\/\/etoropartners.com\/ro\/?s={search_term_string}"},"query-input":{"@type":"PropertyValueSpecification","valueRequired":true,"valueName":"search_term_string"}}],"inLanguage":"ro-RO"}]}},"_links":{"self":[{"href":"https:\/\/etoropartners.com\/ro\/wp-json\/wp\/v2\/pages\/1356","targetHints":{"allow":["GET"]}}],"collection":[{"href":"https:\/\/etoropartners.com\/ro\/wp-json\/wp\/v2\/pages"}],"about":[{"href":"https:\/\/etoropartners.com\/ro\/wp-json\/wp\/v2\/types\/page"}],"author":[{"embeddable":true,"href":"https:\/\/etoropartners.com\/ro\/wp-json\/wp\/v2\/users\/5"}],"replies":[{"embeddable":true,"href":"https:\/\/etoropartners.com\/ro\/wp-json\/wp\/v2\/comments?post=1356"}],"version-history":[{"count":0,"href":"https:\/\/etoropartners.com\/ro\/wp-json\/wp\/v2\/pages\/1356\/revisions"}],"wp:attachment":[{"href":"https:\/\/etoropartners.com\/ro\/wp-json\/wp\/v2\/media?parent=1356"}],"curies":[{"name":"wp","href":"https:\/\/api.w.org\/{rel}","templated":true}]}}