{"id":1254,"date":"2021-01-14T11:30:05","date_gmt":"2021-01-14T11:30:05","guid":{"rendered":"http:\/\/etoropartners.wpengine.com\/plans\/"},"modified":"2023-10-02T15:04:33","modified_gmt":"2023-10-02T13:04:33","slug":"plans","status":"publish","type":"page","link":"https:\/\/etoropartners.com\/ro\/plans\/","title":{"rendered":"Plans"},"content":{"rendered":"","protected":false},"excerpt":{"rendered":"","protected":false},"author":5,"featured_media":0,"parent":0,"menu_order":0,"comment_status":"closed","ping_status":"closed","template":"","meta":{"_acf_changed":false,"sticky_cta_settings":"","footnotes":""},"class_list":["post-1254","page","type-page","status-publish","hentry"],"acf":[],"yoast_head":"<!-- This site is optimized with the Yoast SEO plugin v27.3 - https:\/\/yoast.com\/product\/yoast-seo-wordpress\/ -->\n<title>Planurile de comisioane pentru Programul de afiliere eToro<\/title>\n<meta name=\"description\" content=\"Afilia\u021bii eToro pot c\u00e2\u0219tiga comisioane f\u0103c\u00e2nd eToro cunoscut traderilor. Afl\u0103 totul despre comisioanele pe care le po\u021bi c\u00e2\u0219tiga prin Programul nostru de afiliere.\" \/>\n<meta name=\"robots\" content=\"index, follow, max-snippet:-1, max-image-preview:large, max-video-preview:-1\" \/>\n<link rel=\"canonical\" href=\"https:\/\/etoropartners.com\/ro\/plans\/\" \/>\n<meta property=\"og:locale\" content=\"ro_RO\" \/>\n<meta property=\"og:type\" content=\"article\" \/>\n<meta property=\"og:title\" content=\"Planurile de comisioane pentru Programul de afiliere eToro\" \/>\n<meta property=\"og:description\" content=\"Afilia\u021bii eToro pot c\u00e2\u0219tiga comisioane f\u0103c\u00e2nd eToro cunoscut traderilor. Afl\u0103 totul despre comisioanele pe care le po\u021bi c\u00e2\u0219tiga prin Programul nostru de afiliere.\" \/>\n<meta property=\"og:url\" content=\"https:\/\/etoropartners.com\/ro\/plans\/\" \/>\n<meta property=\"og:site_name\" content=\"eToro Partners\" \/>\n<meta property=\"article:modified_time\" content=\"2023-10-02T13:04:33+00:00\" \/>\n<meta name=\"twitter:card\" content=\"summary_large_image\" \/>\n<script type=\"application\/ld+json\" class=\"yoast-schema-graph\">{\"@context\":\"https:\\\/\\\/schema.org\",\"@graph\":[{\"@type\":\"WebPage\",\"@id\":\"https:\\\/\\\/etoropartners.com\\\/ro\\\/plans\\\/\",\"url\":\"https:\\\/\\\/etoropartners.com\\\/ro\\\/plans\\\/\",\"name\":\"Planurile de comisioane pentru Programul de afiliere eToro\",\"isPartOf\":{\"@id\":\"https:\\\/\\\/etoropartners.com\\\/ro\\\/#website\"},\"datePublished\":\"2021-01-14T11:30:05+00:00\",\"dateModified\":\"2023-10-02T13:04:33+00:00\",\"description\":\"Afilia\u021bii eToro pot c\u00e2\u0219tiga comisioane f\u0103c\u00e2nd eToro cunoscut traderilor. Afl\u0103 totul despre comisioanele pe care le po\u021bi c\u00e2\u0219tiga prin Programul nostru de afiliere.\",\"breadcrumb\":{\"@id\":\"https:\\\/\\\/etoropartners.com\\\/ro\\\/plans\\\/#breadcrumb\"},\"inLanguage\":\"ro-RO\",\"potentialAction\":[{\"@type\":\"ReadAction\",\"target\":[\"https:\\\/\\\/etoropartners.com\\\/ro\\\/plans\\\/\"]}]},{\"@type\":\"BreadcrumbList\",\"@id\":\"https:\\\/\\\/etoropartners.com\\\/ro\\\/plans\\\/#breadcrumb\",\"itemListElement\":[{\"@type\":\"ListItem\",\"position\":1,\"name\":\"Home\",\"item\":\"https:\\\/\\\/etoropartners.wpengine.com\\\/ro\\\/\"},{\"@type\":\"ListItem\",\"position\":2,\"name\":\"Planuri\"}]},{\"@type\":\"WebSite\",\"@id\":\"https:\\\/\\\/etoropartners.com\\\/ro\\\/#website\",\"url\":\"https:\\\/\\\/etoropartners.com\\\/ro\\\/\",\"name\":\"eToro Partners\",\"description\":\"\",\"potentialAction\":[{\"@type\":\"SearchAction\",\"target\":{\"@type\":\"EntryPoint\",\"urlTemplate\":\"https:\\\/\\\/etoropartners.com\\\/ro\\\/?s={search_term_string}\"},\"query-input\":{\"@type\":\"PropertyValueSpecification\",\"valueRequired\":true,\"valueName\":\"search_term_string\"}}],\"inLanguage\":\"ro-RO\"}]}<\/script>\n<!-- \/ Yoast SEO plugin. -->","yoast_head_json":{"title":"Planurile de comisioane pentru Programul de afiliere eToro","description":"Afilia\u021bii eToro pot c\u00e2\u0219tiga comisioane f\u0103c\u00e2nd eToro cunoscut traderilor. Afl\u0103 totul despre comisioanele pe care le po\u021bi c\u00e2\u0219tiga prin Programul nostru de afiliere.","robots":{"index":"index","follow":"follow","max-snippet":"max-snippet:-1","max-image-preview":"max-image-preview:large","max-video-preview":"max-video-preview:-1"},"canonical":"https:\/\/etoropartners.com\/ro\/plans\/","og_locale":"ro_RO","og_type":"article","og_title":"Planurile de comisioane pentru Programul de afiliere eToro","og_description":"Afilia\u021bii eToro pot c\u00e2\u0219tiga comisioane f\u0103c\u00e2nd eToro cunoscut traderilor. Afl\u0103 totul despre comisioanele pe care le po\u021bi c\u00e2\u0219tiga prin Programul nostru de afiliere.","og_url":"https:\/\/etoropartners.com\/ro\/plans\/","og_site_name":"eToro Partners","article_modified_time":"2023-10-02T13:04:33+00:00","twitter_card":"summary_large_image","schema":{"@context":"https:\/\/schema.org","@graph":[{"@type":"WebPage","@id":"https:\/\/etoropartners.com\/ro\/plans\/","url":"https:\/\/etoropartners.com\/ro\/plans\/","name":"Planurile de comisioane pentru Programul de afiliere eToro","isPartOf":{"@id":"https:\/\/etoropartners.com\/ro\/#website"},"datePublished":"2021-01-14T11:30:05+00:00","dateModified":"2023-10-02T13:04:33+00:00","description":"Afilia\u021bii eToro pot c\u00e2\u0219tiga comisioane f\u0103c\u00e2nd eToro cunoscut traderilor. Afl\u0103 totul despre comisioanele pe care le po\u021bi c\u00e2\u0219tiga prin Programul nostru de afiliere.","breadcrumb":{"@id":"https:\/\/etoropartners.com\/ro\/plans\/#breadcrumb"},"inLanguage":"ro-RO","potentialAction":[{"@type":"ReadAction","target":["https:\/\/etoropartners.com\/ro\/plans\/"]}]},{"@type":"BreadcrumbList","@id":"https:\/\/etoropartners.com\/ro\/plans\/#breadcrumb","itemListElement":[{"@type":"ListItem","position":1,"name":"Home","item":"https:\/\/etoropartners.wpengine.com\/ro\/"},{"@type":"ListItem","position":2,"name":"Planuri"}]},{"@type":"WebSite","@id":"https:\/\/etoropartners.com\/ro\/#website","url":"https:\/\/etoropartners.com\/ro\/","name":"eToro Partners","description":"","potentialAction":[{"@type":"SearchAction","target":{"@type":"EntryPoint","urlTemplate":"https:\/\/etoropartners.com\/ro\/?s={search_term_string}"},"query-input":{"@type":"PropertyValueSpecification","valueRequired":true,"valueName":"search_term_string"}}],"inLanguage":"ro-RO"}]}},"_links":{"self":[{"href":"https:\/\/etoropartners.com\/ro\/wp-json\/wp\/v2\/pages\/1254","targetHints":{"allow":["GET"]}}],"collection":[{"href":"https:\/\/etoropartners.com\/ro\/wp-json\/wp\/v2\/pages"}],"about":[{"href":"https:\/\/etoropartners.com\/ro\/wp-json\/wp\/v2\/types\/page"}],"author":[{"embeddable":true,"href":"https:\/\/etoropartners.com\/ro\/wp-json\/wp\/v2\/users\/5"}],"replies":[{"embeddable":true,"href":"https:\/\/etoropartners.com\/ro\/wp-json\/wp\/v2\/comments?post=1254"}],"version-history":[{"count":0,"href":"https:\/\/etoropartners.com\/ro\/wp-json\/wp\/v2\/pages\/1254\/revisions"}],"wp:attachment":[{"href":"https:\/\/etoropartners.com\/ro\/wp-json\/wp\/v2\/media?parent=1254"}],"curies":[{"name":"wp","href":"https:\/\/api.w.org\/{rel}","templated":true}]}}