{"id":8852,"date":"2024-05-22T13:12:03","date_gmt":"2024-05-22T11:12:03","guid":{"rendered":"https:\/\/etoropartners.com\/payment-methods\/"},"modified":"2024-08-27T13:46:44","modified_gmt":"2024-08-27T11:46:44","slug":"payment-methods","status":"publish","type":"page","link":"https:\/\/etoropartners.com\/pl\/payment-methods\/","title":{"rendered":"Metody p\u0142atno\u015bci"},"content":{"rendered":"\n<section class=\"wp-block-group wp-block-group-boxed wp-block-group-small-top-padding wp-block-group-small-bottom-padding\"><div class=\"wp-block-group-inner is-layout-flow wp-block-group-is-layout-flow\">\n<div class=\"wp-block-columns are-vertically-aligned-top wp-block-columns-1 is-layout-flex wp-container-core-columns-is-layout-9d6595d7 wp-block-columns-is-layout-flex\">\n<div class=\"wp-block-column wp-block-column-align-desktop-center wp-block-column-align-mobile-center is-layout-flow wp-block-column-is-layout-flow\">\n<h2 class=\"wp-block-heading\">Metody p\u0142atno\u015bci<\/h2>\n\n\n\n<figure class=\"wp-block-image size-full\"><img loading=\"lazy\" decoding=\"async\" width=\"1600\" height=\"400\" src=\"https:\/\/etoropartners.com\/wp-content\/uploads\/2024\/05\/Cover_PAYMENT-METHODS.jpg\" alt=\"\" class=\"wp-image-8271 wp-image-desktop\" srcset=\"https:\/\/etoropartners.com\/wp-content\/uploads\/2024\/05\/Cover_PAYMENT-METHODS.jpg 1600w, https:\/\/etoropartners.com\/wp-content\/uploads\/2024\/05\/Cover_PAYMENT-METHODS-300x75.jpg 300w, https:\/\/etoropartners.com\/wp-content\/uploads\/2024\/05\/Cover_PAYMENT-METHODS-1024x256.jpg 1024w, https:\/\/etoropartners.com\/wp-content\/uploads\/2024\/05\/Cover_PAYMENT-METHODS-768x192.jpg 768w, https:\/\/etoropartners.com\/wp-content\/uploads\/2024\/05\/Cover_PAYMENT-METHODS-1536x384.jpg 1536w\" sizes=\"auto, (max-width: 1600px) 100vw, 1600px\" \/><\/figure>\n<\/div>\n<\/div>\n<\/div><\/section>\n\n\n\n<section class=\"wp-block-group wp-block-group-boxed wp-block-group-small-top-padding wp-block-group-small-bottom-padding\"><div class=\"wp-block-group-inner is-layout-flow wp-block-group-is-layout-flow\">\n<div class=\"wp-block-columns are-vertically-aligned-top wp-block-columns-1 is-layout-flex wp-container-core-columns-is-layout-9d6595d7 wp-block-columns-is-layout-flex\">\n<div class=\"wp-block-column is-layout-flow wp-block-column-is-layout-flow\">\n<h2 class=\"wp-block-heading is-style-heading-1\">Na co nale\u017cy zwr\u00f3ci\u0107 uwag\u0119, wspominaj\u0105c o metodach p\u0142atno\u015bci?<\/h2>\n\n\n\n<p class=\"is-style-heading-2\">B\u0105d\u017a dok\u0142adny<\/p>\n\n\n\n<p>Wspominaj\u0105c o metodach p\u0142atno\u015bci, upewnij si\u0119, \u017ce s\u0105 one dost\u0119pne w kraju, w kt\u00f3rym promujesz eToro. Informacje na temat metod p\u0142atno\u015bci i ogranicze\u0144 ich dotycz\u0105cych mo\u017cna znale\u017a\u0107 na <a href=\"https:\/\/www.etoro.com\/pl\/customer-service\/deposit-faq\/\">stronie po\u015bwi\u0119conej wp\u0142atom<\/a> na eToro.\u00a0<\/p>\n\n\n\n<p class=\"is-style-heading-2\">Przyk\u0142ady najcz\u0119stszych b\u0142\u0119d\u00f3w:<\/p>\n\n\n\n<p>PayPal nie jest dost\u0119pny w niekt\u00f3rych krajach (na przyk\u0142ad w Wielkiej Brytanii) lub jest dost\u0119pny dopiero po dokonaniu pierwszej wp\u0142aty (na przyk\u0142ad w Holandii). Poniewa\u017c inwestorzy w tych krajach nie b\u0119d\u0105 mogli dokona\u0107 pierwszej wp\u0142aty za po\u015brednictwem PayPal, nie nale\u017cy wymienia\u0107 PayPal jako metody p\u0142atno\u015bci podczas promowania eToro w tych krajach. Je\u015bli Twoi odbiorcy s\u0105 zr\u00f3\u017cnicowani pod wzgl\u0119dem lokalizacji i kierujesz reklamy do kraj\u00f3w, w kt\u00f3rych PayPal jest dost\u0119pny oraz do takich, w kt\u00f3rych nie jest on dost\u0119pny, podaj list\u0119 kraj\u00f3w, w kt\u00f3rych nie jest on dost\u0119pny oraz list\u0119 kraj\u00f3w, w kt\u00f3rych nie jest dost\u0119pny dla pierwszej wp\u0142aty.<\/p>\n\n\n\n<p class=\"is-style-heading-2\">Karty kredytowe<\/p>\n\n\n\n<p>Wielka Brytania i Hiszpania: Karty kredytowe nie mog\u0105 by\u0107 u\u017cywane do wp\u0142acania \u015brodk\u00f3w w Wielkiej Brytanii lub Hiszpanii (mo\u017cliwe jest korzystanie z kart debetowych).<br><\/p>\n<\/div>\n<\/div>\n<\/div><\/section>\n","protected":false},"excerpt":{"rendered":"<p>Metody p\u0142atno\u015bci Na co nale\u017cy zwr\u00f3ci\u0107 uwag\u0119, wspominaj\u0105c o metodach p\u0142atno\u015bci? B\u0105d\u017a dok\u0142adny Wspominaj\u0105c o metodach p\u0142atno\u015bci, upewnij si\u0119, \u017ce s\u0105 one dost\u0119pne w kraju, w kt\u00f3rym promujesz eToro. Informacje na temat metod p\u0142atno\u015bci i ogranicze\u0144 ich dotycz\u0105cych mo\u017cna znale\u017a\u0107 na stronie po\u015bwi\u0119conej wp\u0142atom na eToro.\u00a0 Przyk\u0142ady najcz\u0119stszych b\u0142\u0119d\u00f3w: PayPal nie jest dost\u0119pny w niekt\u00f3rych [&hellip;]<\/p>\n","protected":false},"author":11,"featured_media":8267,"parent":0,"menu_order":0,"comment_status":"closed","ping_status":"closed","template":"","meta":{"_acf_changed":false,"sticky_cta_settings":"","footnotes":""},"class_list":["post-8852","page","type-page","status-publish","has-post-thumbnail","hentry"],"acf":[],"yoast_head":"<!-- This site is optimized with the Yoast SEO plugin v27.3 - https:\/\/yoast.com\/product\/yoast-seo-wordpress\/ -->\n<title>Metody p\u0142atno\u015bci<\/title>\n<meta name=\"description\" content=\"Na co nale\u017cy zwr\u00f3ci\u0107 uwag\u0119, wspominaj\u0105c o metodach p\u0142atno\u015bci?\" \/>\n<meta name=\"robots\" content=\"index, follow, max-snippet:-1, max-image-preview:large, max-video-preview:-1\" \/>\n<link rel=\"canonical\" href=\"https:\/\/etoropartners.com\/pl\/payment-methods\/\" \/>\n<meta property=\"og:locale\" content=\"pl_PL\" \/>\n<meta property=\"og:type\" content=\"article\" \/>\n<meta property=\"og:title\" content=\"Metody p\u0142atno\u015bci\" \/>\n<meta property=\"og:description\" content=\"Na co nale\u017cy zwr\u00f3ci\u0107 uwag\u0119, wspominaj\u0105c o metodach p\u0142atno\u015bci?\" \/>\n<meta property=\"og:url\" content=\"https:\/\/etoropartners.com\/pl\/payment-methods\/\" \/>\n<meta property=\"og:site_name\" content=\"eToro Partners\" \/>\n<meta property=\"article:modified_time\" content=\"2024-08-27T11:46:44+00:00\" \/>\n<meta property=\"og:image\" content=\"https:\/\/etoropartners.com\/wp-content\/uploads\/2024\/05\/Featured_PAYMENT-METHODS.png\" \/>\n\t<meta property=\"og:image:width\" content=\"1200\" \/>\n\t<meta property=\"og:image:height\" content=\"630\" \/>\n\t<meta property=\"og:image:type\" content=\"image\/png\" \/>\n<meta name=\"twitter:card\" content=\"summary_large_image\" \/>\n<meta name=\"twitter:label1\" content=\"Szacowany czas czytania\" \/>\n\t<meta name=\"twitter:data1\" content=\"2 minuty\" \/>\n<script type=\"application\/ld+json\" class=\"yoast-schema-graph\">{\"@context\":\"https:\\\/\\\/schema.org\",\"@graph\":[{\"@type\":\"WebPage\",\"@id\":\"https:\\\/\\\/etoropartners.com\\\/pl\\\/payment-methods\\\/\",\"url\":\"https:\\\/\\\/etoropartners.com\\\/pl\\\/payment-methods\\\/\",\"name\":\"Metody p\u0142atno\u015bci\",\"isPartOf\":{\"@id\":\"https:\\\/\\\/etoropartners.com\\\/pl\\\/#website\"},\"primaryImageOfPage\":{\"@id\":\"https:\\\/\\\/etoropartners.com\\\/pl\\\/payment-methods\\\/#primaryimage\"},\"image\":{\"@id\":\"https:\\\/\\\/etoropartners.com\\\/pl\\\/payment-methods\\\/#primaryimage\"},\"thumbnailUrl\":\"https:\\\/\\\/etoropartners.com\\\/wp-content\\\/uploads\\\/2024\\\/05\\\/Featured_PAYMENT-METHODS.png\",\"datePublished\":\"2024-05-22T11:12:03+00:00\",\"dateModified\":\"2024-08-27T11:46:44+00:00\",\"description\":\"Na co nale\u017cy zwr\u00f3ci\u0107 uwag\u0119, wspominaj\u0105c o metodach p\u0142atno\u015bci?\",\"breadcrumb\":{\"@id\":\"https:\\\/\\\/etoropartners.com\\\/pl\\\/payment-methods\\\/#breadcrumb\"},\"inLanguage\":\"pl-PL\",\"potentialAction\":[{\"@type\":\"ReadAction\",\"target\":[\"https:\\\/\\\/etoropartners.com\\\/pl\\\/payment-methods\\\/\"]}]},{\"@type\":\"ImageObject\",\"inLanguage\":\"pl-PL\",\"@id\":\"https:\\\/\\\/etoropartners.com\\\/pl\\\/payment-methods\\\/#primaryimage\",\"url\":\"https:\\\/\\\/etoropartners.com\\\/wp-content\\\/uploads\\\/2024\\\/05\\\/Featured_PAYMENT-METHODS.png\",\"contentUrl\":\"https:\\\/\\\/etoropartners.com\\\/wp-content\\\/uploads\\\/2024\\\/05\\\/Featured_PAYMENT-METHODS.png\",\"width\":1200,\"height\":630},{\"@type\":\"BreadcrumbList\",\"@id\":\"https:\\\/\\\/etoropartners.com\\\/pl\\\/payment-methods\\\/#breadcrumb\",\"itemListElement\":[{\"@type\":\"ListItem\",\"position\":1,\"name\":\"Home\",\"item\":\"https:\\\/\\\/etoropartners.wpengine.com\\\/pl\\\/\"},{\"@type\":\"ListItem\",\"position\":2,\"name\":\"Metody p\u0142atno\u015bci\"}]},{\"@type\":\"WebSite\",\"@id\":\"https:\\\/\\\/etoropartners.com\\\/pl\\\/#website\",\"url\":\"https:\\\/\\\/etoropartners.com\\\/pl\\\/\",\"name\":\"eToro Partners\",\"description\":\"\",\"potentialAction\":[{\"@type\":\"SearchAction\",\"target\":{\"@type\":\"EntryPoint\",\"urlTemplate\":\"https:\\\/\\\/etoropartners.com\\\/pl\\\/?s={search_term_string}\"},\"query-input\":{\"@type\":\"PropertyValueSpecification\",\"valueRequired\":true,\"valueName\":\"search_term_string\"}}],\"inLanguage\":\"pl-PL\"}]}<\/script>\n<!-- \/ Yoast SEO plugin. -->","yoast_head_json":{"title":"Metody p\u0142atno\u015bci","description":"Na co nale\u017cy zwr\u00f3ci\u0107 uwag\u0119, wspominaj\u0105c o metodach p\u0142atno\u015bci?","robots":{"index":"index","follow":"follow","max-snippet":"max-snippet:-1","max-image-preview":"max-image-preview:large","max-video-preview":"max-video-preview:-1"},"canonical":"https:\/\/etoropartners.com\/pl\/payment-methods\/","og_locale":"pl_PL","og_type":"article","og_title":"Metody p\u0142atno\u015bci","og_description":"Na co nale\u017cy zwr\u00f3ci\u0107 uwag\u0119, wspominaj\u0105c o metodach p\u0142atno\u015bci?","og_url":"https:\/\/etoropartners.com\/pl\/payment-methods\/","og_site_name":"eToro Partners","article_modified_time":"2024-08-27T11:46:44+00:00","og_image":[{"width":1200,"height":630,"url":"https:\/\/etoropartners.com\/wp-content\/uploads\/2024\/05\/Featured_PAYMENT-METHODS.png","type":"image\/png"}],"twitter_card":"summary_large_image","twitter_misc":{"Szacowany czas czytania":"2 minuty"},"schema":{"@context":"https:\/\/schema.org","@graph":[{"@type":"WebPage","@id":"https:\/\/etoropartners.com\/pl\/payment-methods\/","url":"https:\/\/etoropartners.com\/pl\/payment-methods\/","name":"Metody p\u0142atno\u015bci","isPartOf":{"@id":"https:\/\/etoropartners.com\/pl\/#website"},"primaryImageOfPage":{"@id":"https:\/\/etoropartners.com\/pl\/payment-methods\/#primaryimage"},"image":{"@id":"https:\/\/etoropartners.com\/pl\/payment-methods\/#primaryimage"},"thumbnailUrl":"https:\/\/etoropartners.com\/wp-content\/uploads\/2024\/05\/Featured_PAYMENT-METHODS.png","datePublished":"2024-05-22T11:12:03+00:00","dateModified":"2024-08-27T11:46:44+00:00","description":"Na co nale\u017cy zwr\u00f3ci\u0107 uwag\u0119, wspominaj\u0105c o metodach p\u0142atno\u015bci?","breadcrumb":{"@id":"https:\/\/etoropartners.com\/pl\/payment-methods\/#breadcrumb"},"inLanguage":"pl-PL","potentialAction":[{"@type":"ReadAction","target":["https:\/\/etoropartners.com\/pl\/payment-methods\/"]}]},{"@type":"ImageObject","inLanguage":"pl-PL","@id":"https:\/\/etoropartners.com\/pl\/payment-methods\/#primaryimage","url":"https:\/\/etoropartners.com\/wp-content\/uploads\/2024\/05\/Featured_PAYMENT-METHODS.png","contentUrl":"https:\/\/etoropartners.com\/wp-content\/uploads\/2024\/05\/Featured_PAYMENT-METHODS.png","width":1200,"height":630},{"@type":"BreadcrumbList","@id":"https:\/\/etoropartners.com\/pl\/payment-methods\/#breadcrumb","itemListElement":[{"@type":"ListItem","position":1,"name":"Home","item":"https:\/\/etoropartners.wpengine.com\/pl\/"},{"@type":"ListItem","position":2,"name":"Metody p\u0142atno\u015bci"}]},{"@type":"WebSite","@id":"https:\/\/etoropartners.com\/pl\/#website","url":"https:\/\/etoropartners.com\/pl\/","name":"eToro Partners","description":"","potentialAction":[{"@type":"SearchAction","target":{"@type":"EntryPoint","urlTemplate":"https:\/\/etoropartners.com\/pl\/?s={search_term_string}"},"query-input":{"@type":"PropertyValueSpecification","valueRequired":true,"valueName":"search_term_string"}}],"inLanguage":"pl-PL"}]}},"_links":{"self":[{"href":"https:\/\/etoropartners.com\/pl\/wp-json\/wp\/v2\/pages\/8852","targetHints":{"allow":["GET"]}}],"collection":[{"href":"https:\/\/etoropartners.com\/pl\/wp-json\/wp\/v2\/pages"}],"about":[{"href":"https:\/\/etoropartners.com\/pl\/wp-json\/wp\/v2\/types\/page"}],"author":[{"embeddable":true,"href":"https:\/\/etoropartners.com\/pl\/wp-json\/wp\/v2\/users\/11"}],"replies":[{"embeddable":true,"href":"https:\/\/etoropartners.com\/pl\/wp-json\/wp\/v2\/comments?post=8852"}],"version-history":[{"count":0,"href":"https:\/\/etoropartners.com\/pl\/wp-json\/wp\/v2\/pages\/8852\/revisions"}],"wp:featuredmedia":[{"embeddable":true,"href":"https:\/\/etoropartners.com\/pl\/wp-json\/wp\/v2\/media\/8267"}],"wp:attachment":[{"href":"https:\/\/etoropartners.com\/pl\/wp-json\/wp\/v2\/media?parent=8852"}],"curies":[{"name":"wp","href":"https:\/\/api.w.org\/{rel}","templated":true}]}}