{"id":8820,"date":"2024-05-22T13:05:01","date_gmt":"2024-05-22T11:05:01","guid":{"rendered":"https:\/\/etoropartners.com\/regulators\/"},"modified":"2024-08-26T15:26:12","modified_gmt":"2024-08-26T13:26:12","slug":"regulators","status":"publish","type":"page","link":"https:\/\/etoropartners.com\/pl\/regulators\/","title":{"rendered":"Organy regulacyjne"},"content":{"rendered":"\n<section class=\"wp-block-group wp-block-group-boxed wp-block-group-small-top-padding wp-block-group-small-bottom-padding has-white-background-color has-background\"><div class=\"wp-block-group-inner is-layout-flow wp-block-group-is-layout-flow\">\n<div class=\"wp-block-columns are-vertically-aligned-top wp-block-columns-1 is-layout-flex wp-container-core-columns-is-layout-9d6595d7 wp-block-columns-is-layout-flex\">\n<div class=\"wp-block-column wp-block-column-align-desktop-center wp-block-column-align-mobile-center is-layout-flow wp-block-column-is-layout-flow\">\n<h2 class=\"wp-block-heading\">Organy regulacyjne<\/h2>\n\n\n\n<figure class=\"wp-block-image size-full\"><img loading=\"lazy\" decoding=\"async\" width=\"1600\" height=\"400\" src=\"https:\/\/etoropartners.com\/wp-content\/uploads\/2024\/05\/Cover_OUR-REGULATION.jpg\" alt=\"\" class=\"wp-image-8239 wp-image-desktop\" srcset=\"https:\/\/etoropartners.com\/wp-content\/uploads\/2024\/05\/Cover_OUR-REGULATION.jpg 1600w, https:\/\/etoropartners.com\/wp-content\/uploads\/2024\/05\/Cover_OUR-REGULATION-300x75.jpg 300w, https:\/\/etoropartners.com\/wp-content\/uploads\/2024\/05\/Cover_OUR-REGULATION-1024x256.jpg 1024w, https:\/\/etoropartners.com\/wp-content\/uploads\/2024\/05\/Cover_OUR-REGULATION-768x192.jpg 768w, https:\/\/etoropartners.com\/wp-content\/uploads\/2024\/05\/Cover_OUR-REGULATION-1536x384.jpg 1536w\" sizes=\"auto, (max-width: 1600px) 100vw, 1600px\" \/><\/figure>\n<\/div>\n<\/div>\n<\/div><\/section>\n\n\n\n<section class=\"wp-block-group wp-block-group-boxed wp-block-group-small-top-padding wp-block-group-small-bottom-padding has-white-background-color has-background\"><div class=\"wp-block-group-inner is-layout-flow wp-block-group-is-layout-flow\">\n<div class=\"wp-block-columns are-vertically-aligned-top wp-block-columns-1 is-layout-flex wp-container-core-columns-is-layout-9d6595d7 wp-block-columns-is-layout-flex\">\n<div class=\"wp-block-column is-layout-flow wp-block-column-is-layout-flow\">\n<p>eToro podlega regulacjom w wielu jurysdykcjach &#8211; <a href=\"https:\/\/www.etoro.com\/pl\/customer-service\/regulation-license\/\">kliknij tutaj<\/a>, aby dowiedzie\u0107 si\u0119 wi\u0119cej o naszych licencjach i regulacjach.\u00a0<\/p>\n\n\n\n<p class=\"is-style-heading-2\"><strong>Czy mo\u017cna wskazywa\u0107 organy regulacyjne?<\/strong><\/p>\n\n\n\n<p>Organy regulacyjne nie mog\u0105 by\u0107 wykorzystywane jako punkt sprzeda\u017cy. Oznacza to, \u017ce nale\u017cy uwa\u017ca\u0107 na to, w jaki spos\u00f3b si\u0119 o nich wspomina. Poni\u017cej znajduje si\u0119 kilka przyk\u0142ad\u00f3w tego, jak NIE MO\u017bNA o nich wspomina\u0107:<\/p>\n\n\n\n<ul class=\"wp-block-list wp-block-list wp-block-list-circle\">\n<li>Pisa\u0107 lub sugerowa\u0107, \u017ce ludzie powinni handlowa\u0107 na eToro, poniewa\u017c jest to marka podlegaj\u0105ca regulacjom.<\/li>\n\n\n\n<li>Nazywa\u0107 regulacje \u201ezalet\u0105\u201d.<\/li>\n\n\n\n<li>Por\u00f3wnywa\u0107 eToro z inn\u0105 mark\u0105, wykorzystuj\u0105c organy regulacyjne jako argument przemawiaj\u0105cy za przewag\u0105 eToro nad innymi.\u00a0<\/li>\n\n\n\n<li>U\u017cywa\u0107 logo organu regulacyjnego<\/li>\n\n\n\n<li>U\u017cywa\u0107 nazwy organ\u00f3w regulacyjnych w banerach<\/li>\n<\/ul>\n\n\n\n<p class=\"is-style-heading-2\"><strong>Co zatem jest dozwolone?\u00a0<\/strong><\/p>\n\n\n\n<p>Wspominanie o tym, \u017ce eToro podlega regulacjom oraz kt\u00f3re podmioty za nie odpowiadaj\u0105, jest w porz\u0105dku, gdy jest to tylko wzmianka, na przyk\u0142ad jako jedna z wielu kwestii w opisie eToro i jego funkcji (na przyk\u0142ad w recenzji).<\/p>\n\n\n\n<p class=\"is-style-heading-2\"><strong>B\u0105d\u017a dok\u0142adny \u00a0<\/strong><\/p>\n\n\n\n<p><strong>Kryptowaluty: <\/strong>Waluty kryptograficzne s\u0105 instrumentami nieregulowanymi, dlatego wspominanie o organach regulacyjnych lub o tym, \u017ce eToro podlega regulacjom w artykule lub na stronie po\u015bwi\u0119conej kryptowalutom by\u0142oby myl\u0105ce. Unikaj tego lub wyra\u017anie wspomnij, \u017ce waluty kryptograficzne nie podlegaj\u0105 regulacjom (chyba, \u017ce kierujesz swoj\u0105 ofert\u0119 do odbiorc\u00f3w z USA, w\u00f3wczas nie ma potrzeby dodawania tej informacji).<\/p>\n\n\n\n<p><strong>USA:<\/strong> W Stanach Zjednoczonych eToro USA LLC oferuje klientom z USA platform\u0119 do kupowania i sprzedawania kryptowalut i podlega regulacjom FinCen; natomiast eToro USA<\/p>\n<\/div>\n<\/div>\n<\/div><\/section>\n","protected":false},"excerpt":{"rendered":"<p>Organy regulacyjne eToro podlega regulacjom w wielu jurysdykcjach &#8211; kliknij tutaj, aby dowiedzie\u0107 si\u0119 wi\u0119cej o naszych licencjach i regulacjach.\u00a0 Czy mo\u017cna wskazywa\u0107 organy regulacyjne? Organy regulacyjne nie mog\u0105 by\u0107 wykorzystywane jako punkt sprzeda\u017cy. Oznacza to, \u017ce nale\u017cy uwa\u017ca\u0107 na to, w jaki spos\u00f3b si\u0119 o nich wspomina. Poni\u017cej znajduje si\u0119 kilka przyk\u0142ad\u00f3w tego, jak [&hellip;]<\/p>\n","protected":false},"author":11,"featured_media":8235,"parent":0,"menu_order":0,"comment_status":"closed","ping_status":"closed","template":"","meta":{"_acf_changed":false,"sticky_cta_settings":"","footnotes":""},"class_list":["post-8820","page","type-page","status-publish","has-post-thumbnail","hentry"],"acf":[],"yoast_head":"<!-- This site is optimized with the Yoast SEO plugin v27.3 - https:\/\/yoast.com\/product\/yoast-seo-wordpress\/ -->\n<title>Organy regulacyjne<\/title>\n<meta name=\"description\" content=\"eToro podlega regulacjom w wielu jurysdykcjach \u2013 kliknij tutaj, aby dowiedzie\u0107 si\u0119 wi\u0119cej o naszych licencjach i regulacjach.\" \/>\n<meta name=\"robots\" content=\"index, follow, max-snippet:-1, max-image-preview:large, max-video-preview:-1\" \/>\n<link rel=\"canonical\" href=\"https:\/\/etoropartners.com\/pl\/regulators\/\" \/>\n<meta property=\"og:locale\" content=\"pl_PL\" \/>\n<meta property=\"og:type\" content=\"article\" \/>\n<meta property=\"og:title\" content=\"Organy regulacyjne\" \/>\n<meta property=\"og:description\" content=\"eToro podlega regulacjom w wielu jurysdykcjach \u2013 kliknij tutaj, aby dowiedzie\u0107 si\u0119 wi\u0119cej o naszych licencjach i regulacjach.\" \/>\n<meta property=\"og:url\" content=\"https:\/\/etoropartners.com\/pl\/regulators\/\" \/>\n<meta property=\"og:site_name\" content=\"eToro Partners\" \/>\n<meta property=\"article:modified_time\" content=\"2024-08-26T13:26:12+00:00\" \/>\n<meta property=\"og:image\" content=\"https:\/\/etoropartners.com\/wp-content\/uploads\/2024\/05\/Featured_OUR-REGULATION.png\" \/>\n\t<meta property=\"og:image:width\" content=\"1200\" \/>\n\t<meta property=\"og:image:height\" content=\"630\" \/>\n\t<meta property=\"og:image:type\" content=\"image\/png\" \/>\n<meta name=\"twitter:card\" content=\"summary_large_image\" \/>\n<meta name=\"twitter:label1\" content=\"Szacowany czas czytania\" \/>\n\t<meta name=\"twitter:data1\" content=\"2 minuty\" \/>\n<script type=\"application\/ld+json\" class=\"yoast-schema-graph\">{\"@context\":\"https:\\\/\\\/schema.org\",\"@graph\":[{\"@type\":\"WebPage\",\"@id\":\"https:\\\/\\\/etoropartners.com\\\/pl\\\/regulators\\\/\",\"url\":\"https:\\\/\\\/etoropartners.com\\\/pl\\\/regulators\\\/\",\"name\":\"Organy regulacyjne\",\"isPartOf\":{\"@id\":\"https:\\\/\\\/etoropartners.com\\\/pl\\\/#website\"},\"primaryImageOfPage\":{\"@id\":\"https:\\\/\\\/etoropartners.com\\\/pl\\\/regulators\\\/#primaryimage\"},\"image\":{\"@id\":\"https:\\\/\\\/etoropartners.com\\\/pl\\\/regulators\\\/#primaryimage\"},\"thumbnailUrl\":\"https:\\\/\\\/etoropartners.com\\\/wp-content\\\/uploads\\\/2024\\\/05\\\/Featured_OUR-REGULATION.png\",\"datePublished\":\"2024-05-22T11:05:01+00:00\",\"dateModified\":\"2024-08-26T13:26:12+00:00\",\"description\":\"eToro podlega regulacjom w wielu jurysdykcjach \u2013 kliknij tutaj, aby dowiedzie\u0107 si\u0119 wi\u0119cej o naszych licencjach i regulacjach.\",\"breadcrumb\":{\"@id\":\"https:\\\/\\\/etoropartners.com\\\/pl\\\/regulators\\\/#breadcrumb\"},\"inLanguage\":\"pl-PL\",\"potentialAction\":[{\"@type\":\"ReadAction\",\"target\":[\"https:\\\/\\\/etoropartners.com\\\/pl\\\/regulators\\\/\"]}]},{\"@type\":\"ImageObject\",\"inLanguage\":\"pl-PL\",\"@id\":\"https:\\\/\\\/etoropartners.com\\\/pl\\\/regulators\\\/#primaryimage\",\"url\":\"https:\\\/\\\/etoropartners.com\\\/wp-content\\\/uploads\\\/2024\\\/05\\\/Featured_OUR-REGULATION.png\",\"contentUrl\":\"https:\\\/\\\/etoropartners.com\\\/wp-content\\\/uploads\\\/2024\\\/05\\\/Featured_OUR-REGULATION.png\",\"width\":1200,\"height\":630},{\"@type\":\"BreadcrumbList\",\"@id\":\"https:\\\/\\\/etoropartners.com\\\/pl\\\/regulators\\\/#breadcrumb\",\"itemListElement\":[{\"@type\":\"ListItem\",\"position\":1,\"name\":\"Home\",\"item\":\"https:\\\/\\\/etoropartners.wpengine.com\\\/pl\\\/\"},{\"@type\":\"ListItem\",\"position\":2,\"name\":\"Organy regulacyjne\"}]},{\"@type\":\"WebSite\",\"@id\":\"https:\\\/\\\/etoropartners.com\\\/pl\\\/#website\",\"url\":\"https:\\\/\\\/etoropartners.com\\\/pl\\\/\",\"name\":\"eToro Partners\",\"description\":\"\",\"potentialAction\":[{\"@type\":\"SearchAction\",\"target\":{\"@type\":\"EntryPoint\",\"urlTemplate\":\"https:\\\/\\\/etoropartners.com\\\/pl\\\/?s={search_term_string}\"},\"query-input\":{\"@type\":\"PropertyValueSpecification\",\"valueRequired\":true,\"valueName\":\"search_term_string\"}}],\"inLanguage\":\"pl-PL\"}]}<\/script>\n<!-- \/ Yoast SEO plugin. -->","yoast_head_json":{"title":"Organy regulacyjne","description":"eToro podlega regulacjom w wielu jurysdykcjach \u2013 kliknij tutaj, aby dowiedzie\u0107 si\u0119 wi\u0119cej o naszych licencjach i regulacjach.","robots":{"index":"index","follow":"follow","max-snippet":"max-snippet:-1","max-image-preview":"max-image-preview:large","max-video-preview":"max-video-preview:-1"},"canonical":"https:\/\/etoropartners.com\/pl\/regulators\/","og_locale":"pl_PL","og_type":"article","og_title":"Organy regulacyjne","og_description":"eToro podlega regulacjom w wielu jurysdykcjach \u2013 kliknij tutaj, aby dowiedzie\u0107 si\u0119 wi\u0119cej o naszych licencjach i regulacjach.","og_url":"https:\/\/etoropartners.com\/pl\/regulators\/","og_site_name":"eToro Partners","article_modified_time":"2024-08-26T13:26:12+00:00","og_image":[{"width":1200,"height":630,"url":"https:\/\/etoropartners.com\/wp-content\/uploads\/2024\/05\/Featured_OUR-REGULATION.png","type":"image\/png"}],"twitter_card":"summary_large_image","twitter_misc":{"Szacowany czas czytania":"2 minuty"},"schema":{"@context":"https:\/\/schema.org","@graph":[{"@type":"WebPage","@id":"https:\/\/etoropartners.com\/pl\/regulators\/","url":"https:\/\/etoropartners.com\/pl\/regulators\/","name":"Organy regulacyjne","isPartOf":{"@id":"https:\/\/etoropartners.com\/pl\/#website"},"primaryImageOfPage":{"@id":"https:\/\/etoropartners.com\/pl\/regulators\/#primaryimage"},"image":{"@id":"https:\/\/etoropartners.com\/pl\/regulators\/#primaryimage"},"thumbnailUrl":"https:\/\/etoropartners.com\/wp-content\/uploads\/2024\/05\/Featured_OUR-REGULATION.png","datePublished":"2024-05-22T11:05:01+00:00","dateModified":"2024-08-26T13:26:12+00:00","description":"eToro podlega regulacjom w wielu jurysdykcjach \u2013 kliknij tutaj, aby dowiedzie\u0107 si\u0119 wi\u0119cej o naszych licencjach i regulacjach.","breadcrumb":{"@id":"https:\/\/etoropartners.com\/pl\/regulators\/#breadcrumb"},"inLanguage":"pl-PL","potentialAction":[{"@type":"ReadAction","target":["https:\/\/etoropartners.com\/pl\/regulators\/"]}]},{"@type":"ImageObject","inLanguage":"pl-PL","@id":"https:\/\/etoropartners.com\/pl\/regulators\/#primaryimage","url":"https:\/\/etoropartners.com\/wp-content\/uploads\/2024\/05\/Featured_OUR-REGULATION.png","contentUrl":"https:\/\/etoropartners.com\/wp-content\/uploads\/2024\/05\/Featured_OUR-REGULATION.png","width":1200,"height":630},{"@type":"BreadcrumbList","@id":"https:\/\/etoropartners.com\/pl\/regulators\/#breadcrumb","itemListElement":[{"@type":"ListItem","position":1,"name":"Home","item":"https:\/\/etoropartners.wpengine.com\/pl\/"},{"@type":"ListItem","position":2,"name":"Organy regulacyjne"}]},{"@type":"WebSite","@id":"https:\/\/etoropartners.com\/pl\/#website","url":"https:\/\/etoropartners.com\/pl\/","name":"eToro Partners","description":"","potentialAction":[{"@type":"SearchAction","target":{"@type":"EntryPoint","urlTemplate":"https:\/\/etoropartners.com\/pl\/?s={search_term_string}"},"query-input":{"@type":"PropertyValueSpecification","valueRequired":true,"valueName":"search_term_string"}}],"inLanguage":"pl-PL"}]}},"_links":{"self":[{"href":"https:\/\/etoropartners.com\/pl\/wp-json\/wp\/v2\/pages\/8820","targetHints":{"allow":["GET"]}}],"collection":[{"href":"https:\/\/etoropartners.com\/pl\/wp-json\/wp\/v2\/pages"}],"about":[{"href":"https:\/\/etoropartners.com\/pl\/wp-json\/wp\/v2\/types\/page"}],"author":[{"embeddable":true,"href":"https:\/\/etoropartners.com\/pl\/wp-json\/wp\/v2\/users\/11"}],"replies":[{"embeddable":true,"href":"https:\/\/etoropartners.com\/pl\/wp-json\/wp\/v2\/comments?post=8820"}],"version-history":[{"count":0,"href":"https:\/\/etoropartners.com\/pl\/wp-json\/wp\/v2\/pages\/8820\/revisions"}],"wp:featuredmedia":[{"embeddable":true,"href":"https:\/\/etoropartners.com\/pl\/wp-json\/wp\/v2\/media\/8235"}],"wp:attachment":[{"href":"https:\/\/etoropartners.com\/pl\/wp-json\/wp\/v2\/media?parent=8820"}],"curies":[{"name":"wp","href":"https:\/\/api.w.org\/{rel}","templated":true}]}}