{"id":8788,"date":"2024-05-22T10:54:03","date_gmt":"2024-05-22T08:54:03","guid":{"rendered":"https:\/\/etoropartners.com\/how-to-add-risk-warnings\/"},"modified":"2024-08-26T12:42:26","modified_gmt":"2024-08-26T10:42:26","slug":"how-to-add-risk-warnings","status":"publish","type":"page","link":"https:\/\/etoropartners.com\/pl\/how-to-add-risk-warnings\/","title":{"rendered":"How to add risk warnings"},"content":{"rendered":"\n<section class=\"wp-block-group wp-block-group-boxed wp-block-group-small-top-padding wp-block-group-small-bottom-padding\"><div class=\"wp-block-group-inner is-layout-flow wp-block-group-is-layout-flow\">\n<div class=\"wp-block-columns are-vertically-aligned-top wp-block-columns-1 is-layout-flex wp-container-core-columns-is-layout-9d6595d7 wp-block-columns-is-layout-flex\">\n<div class=\"wp-block-column wp-block-column-align-desktop-center wp-block-column-align-mobile-center is-layout-flow wp-block-column-is-layout-flow\">\n<h2 class=\"wp-block-heading has-text-align-center\">Jak dodawa\u0107 ostrze\u017cenia o ryzyku<\/h2>\n\n\n\n<figure class=\"wp-block-image size-full\"><img loading=\"lazy\" decoding=\"async\" width=\"1600\" height=\"400\" src=\"https:\/\/etoropartners.com\/wp-content\/uploads\/2024\/05\/Cover_how-to-add-risk-warnings.jpg\" alt=\"\" class=\"wp-image-8176 wp-image-desktop\" srcset=\"https:\/\/etoropartners.com\/wp-content\/uploads\/2024\/05\/Cover_how-to-add-risk-warnings.jpg 1600w, https:\/\/etoropartners.com\/wp-content\/uploads\/2024\/05\/Cover_how-to-add-risk-warnings-300x75.jpg 300w, https:\/\/etoropartners.com\/wp-content\/uploads\/2024\/05\/Cover_how-to-add-risk-warnings-1024x256.jpg 1024w, https:\/\/etoropartners.com\/wp-content\/uploads\/2024\/05\/Cover_how-to-add-risk-warnings-768x192.jpg 768w, https:\/\/etoropartners.com\/wp-content\/uploads\/2024\/05\/Cover_how-to-add-risk-warnings-1536x384.jpg 1536w\" sizes=\"auto, (max-width: 1600px) 100vw, 1600px\" \/><\/figure>\n<\/div>\n<\/div>\n<\/div><\/section>\n\n\n\n<section class=\"wp-block-group wp-block-group-boxed wp-block-group-small-top-padding wp-block-group-small-bottom-padding\"><div class=\"wp-block-group-inner is-layout-flow wp-block-group-is-layout-flow\">\n<div class=\"wp-block-columns are-vertically-aligned-top wp-block-columns-1 is-layout-flex wp-container-core-columns-is-layout-9d6595d7 wp-block-columns-is-layout-flex\">\n<div class=\"wp-block-column is-layout-flow wp-block-column-is-layout-flow\">\n<p>Ostrze\u017cenia o ryzyku musz\u0105 by\u0107 umieszczone w widocznym miejscu, aby konsumenci mogli je \u0142atwo przeczyta\u0107 i zrozumie\u0107.<\/p>\n\n\n\n<p class=\"is-style-heading-2\">Gdzie potrzebne s\u0105 ostrze\u017cenia o ryzyku?\u00a0\u00a0<\/p>\n\n\n\n<p>Ostrze\u017cenia o ryzyku nale\u017cy dodawa\u0107 do ka\u017cdej reklamy eToro, obok ka\u017cdego linku do eToro lub CTA .<\/p>\n\n\n\n<p>W przypadku recenzji eToro lub artyku\u0142\u00f3w wspominaj\u0105cych o eToro ostrze\u017cenia o ryzyku nale\u017cy doda\u0107 na pocz\u0105tku tekstu. Je\u015bli jednak na tej samej stronie znajduj\u0105 si\u0119 dodatkowe sekcje, takie jak baner lub inne elementy odsy\u0142aj\u0105ce do eToro, wymagaj\u0105 one osobnych ostrze\u017ce\u0144 o ryzyku umieszczonych w pobli\u017cu \u0142\u0105cza lub CTA.<\/p>\n\n\n\n<p>W przypadku film\u00f3w wideo ostrze\u017cenia o ryzyku mo\u017cna umieszcza\u0107 przez ca\u0142y czas trwania filmu lub na pe\u0142nym ekranie przez 10 sekund na pocz\u0105tku filmu. Opis filmu musi r\u00f3wnie\u017c zawsze zawiera\u0107 ostrze\u017cenie o ryzyku.<\/p>\n\n\n\n<p>Nale\u017cy pami\u0119ta\u0107, \u017ce je\u015bli w wymienionych elementach nie ma miejsca na umieszczenie pe\u0142nego ostrze\u017cenia o ryzyku, mo\u017cna u\u017cy\u0107 kr\u00f3tszej wersji ostrze\u017cenia o ryzyku, je\u015bli jest ona dost\u0119pna.<\/p>\n\n\n\n<p>Ponadto, je\u015bli konieczne jest dodanie wielu ostrze\u017ce\u0144 o ryzyku w r\u00f3\u017cnych miejscach na stronie, mo\u017cna to zrobi\u0107, dodaj\u0105c ruchome ostrze\u017cenie o ryzyku, kt\u00f3re b\u0119dzie zawsze widoczne.<\/p>\n<\/div>\n<\/div>\n<\/div><\/section>\n\n\n\n<section class=\"wp-block-group wp-block-group-boxed wp-block-group-small-top-padding wp-block-group-small-bottom-padding\"><div class=\"wp-block-group-inner is-layout-flow wp-block-group-is-layout-flow\">\n<div class=\"wp-block-columns are-vertically-aligned-top wp-block-columns-1 is-layout-flex wp-container-core-columns-is-layout-9d6595d7 wp-block-columns-is-layout-flex\">\n<div class=\"wp-block-column wp-block-column-align-desktop-center wp-block-column-align-mobile-center is-layout-flow wp-block-column-is-layout-flow\">\n<figure class=\"wp-block-embed is-type-rich is-provider-embed-handler wp-block-embed-embed-handler wp-embed-aspect-16-9 wp-has-aspect-ratio\"><div class=\"wp-block-embed__wrapper\">\n<div class=\"ec-video\"><iframe loading=\"lazy\" title=\"Compliance training video 4- 16:9 - How to  add risk warnings\" width=\"500\" height=\"281\" src=\"https:\/\/www.youtube.com\/embed\/Ar9eFGOq1xg?feature=oembed\" frameborder=\"0\" allow=\"accelerometer; autoplay; clipboard-write; encrypted-media; gyroscope; picture-in-picture; web-share\" referrerpolicy=\"strict-origin-when-cross-origin\" allowfullscreen><\/iframe><\/div>\n<\/div><\/figure>\n<\/div>\n<\/div>\n<\/div><\/section>\n\n\n\n<section class=\"wp-block-group wp-block-group-boxed wp-block-group-small-top-padding wp-block-group-small-bottom-padding\"><div class=\"wp-block-group-inner is-layout-flow wp-block-group-is-layout-flow\">\n<div class=\"wp-block-columns are-vertically-aligned-top wp-block-columns-1 is-layout-flex wp-container-core-columns-is-layout-9d6595d7 wp-block-columns-is-layout-flex\">\n<div class=\"wp-block-column is-layout-flow wp-block-column-is-layout-flow\">\n<p class=\"is-style-heading-2\">Jak znale\u017a\u0107 odpowiednie ostrze\u017cenia o ryzyku<\/p>\n\n\n\n<p>Ostrze\u017cenia o ryzyku, kt\u00f3re nale\u017cy stosowa\u0107, s\u0105 zale\u017cne od kraj\u00f3w, do kt\u00f3rych kierowana jest reklama oraz od produkt\u00f3w, kt\u00f3rych dotyczy. W <a href=\"https:\/\/etoropartners.com\/pl\/guidelines\/\">wytycznych<\/a> mo\u017cna znale\u017a\u0107 odpowiednie ostrze\u017cenia o ryzyku dla poszczeg\u00f3lnych kraj\u00f3w i kategorii.<\/p>\n\n\n\n<p>Je\u015bli kierujesz reklamy do os\u00f3b z r\u00f3\u017cnych kraj\u00f3w i dotycz\u0105ce r\u00f3\u017cnych kategorii produkt\u00f3w, musisz u\u017cy\u0107 wszystkich stosownych ostrze\u017ce\u0144 o ryzyku.<\/p>\n\n\n\n<p class=\"is-style-heading-2\"><br>Nale\u017cy pami\u0119ta\u0107 o trzech kwestiach:<\/p>\n\n\n\n<p class=\"is-style-default\"><br><strong>Numer 1.<\/strong> Nale\u017cy pami\u0119ta\u0107, \u017ce w niekt\u00f3rych krajach, na przyk\u0142ad w Hiszpanii i Wielkiej Brytanii, obowi\u0105zuj\u0105 specjalne ostrze\u017cenia dotycz\u0105ce ryzyka zwi\u0105zanego z kryptowalutami.<\/p>\n\n\n\n<p><strong>Numer 2.<\/strong> Je\u015bli promujesz eToro w mediach spo\u0142eczno\u015bciowych, musisz wspomnie\u0107 o afiliacji lub \u017ce jest to p\u0142atna reklama. Mo\u017ce to oznacza\u0107 po prostu dodanie hashtagu #reklama.<br><br><strong>Numer 3.<\/strong> W przypadku kierowania reklam na rynki w Stanach Zjednoczonych partner musi poinformowa\u0107 o p\u0142atno\u015bciach, jakie mo\u017ce otrzymywa\u0107 z reklam afiliacyjnych.<\/p>\n\n\n\n<p><strong>Warto r\u00f3wnie\u017c wspomnie\u0107 o tym, \u017ce<\/strong>\u2026 wi\u0119kszo\u015b\u0107 ostrze\u017ce\u0144 dotycz\u0105cych ryzyka zwi\u0105zanego z kontraktami CFD zawiera warto\u015b\u0107 procentow\u0105, kt\u00f3r\u0105 musimy aktualizowa\u0107 co 3 miesi\u0105ce. W razie potrzeby zamie\u015bcimy pro\u015bb\u0119 o zmian\u0119 warto\u015bci procentowej w sekcji aktualno\u015bci na stronie eToro Partners. Zdecydowanie zalecamy jednak korzystanie z <a href=\"https:\/\/docs.google.com\/presentation\/d\/12qK8XF8UURt3y9hTFKDv3f0nudVZez_BNxgC2ZsvhFo\/edit#slide=id.g1c27c6d4ca5_0_0\">dynamicznego narz\u0119dzia procentowego<\/a>. Je\u015bli wdro\u017cysz to narz\u0119dzie, b\u0119dzie ono automatycznie wy\u015bwietla\u0107 prawid\u0142ow\u0105 warto\u015b\u0107 procentow\u0105 i zaoszcz\u0119dzi Ci wiele czasu i pracy.<\/p>\n<\/div>\n<\/div>\n<\/div><\/section>\n","protected":false},"excerpt":{"rendered":"<p>Jak dodawa\u0107 ostrze\u017cenia o ryzyku Ostrze\u017cenia o ryzyku musz\u0105 by\u0107 umieszczone w widocznym miejscu, aby konsumenci mogli je \u0142atwo przeczyta\u0107 i zrozumie\u0107. Gdzie potrzebne s\u0105 ostrze\u017cenia o ryzyku?\u00a0\u00a0 Ostrze\u017cenia o ryzyku nale\u017cy dodawa\u0107 do ka\u017cdej reklamy eToro, obok ka\u017cdego linku do eToro lub CTA . W przypadku recenzji eToro lub artyku\u0142\u00f3w wspominaj\u0105cych o eToro ostrze\u017cenia [&hellip;]<\/p>\n","protected":false},"author":11,"featured_media":8172,"parent":0,"menu_order":0,"comment_status":"closed","ping_status":"closed","template":"","meta":{"_acf_changed":false,"sticky_cta_settings":"","footnotes":""},"class_list":["post-8788","page","type-page","status-publish","has-post-thumbnail","hentry"],"acf":[],"yoast_head":"<!-- This site is optimized with the Yoast SEO plugin v27.3 - https:\/\/yoast.com\/product\/yoast-seo-wordpress\/ -->\n<title>Jak dodawa\u0107 ostrze\u017cenia o ryzyku<\/title>\n<meta name=\"description\" content=\"Ostrze\u017cenia o ryzyku musz\u0105 by\u0107 umieszczone w widocznym miejscu, aby konsumenci mogli je \u0142atwo przeczyta\u0107 i zrozumie\u0107. Gdzie je dodawa\u0107?\" \/>\n<meta name=\"robots\" content=\"index, follow, max-snippet:-1, max-image-preview:large, max-video-preview:-1\" \/>\n<link rel=\"canonical\" href=\"https:\/\/etoropartners.com\/pl\/how-to-add-risk-warnings\/\" \/>\n<meta property=\"og:locale\" content=\"pl_PL\" \/>\n<meta property=\"og:type\" content=\"article\" \/>\n<meta property=\"og:title\" content=\"Jak dodawa\u0107 ostrze\u017cenia o ryzyku\" \/>\n<meta property=\"og:description\" content=\"Ostrze\u017cenia o ryzyku musz\u0105 by\u0107 umieszczone w widocznym miejscu, aby konsumenci mogli je \u0142atwo przeczyta\u0107 i zrozumie\u0107. Gdzie je dodawa\u0107?\" \/>\n<meta property=\"og:url\" content=\"https:\/\/etoropartners.com\/pl\/how-to-add-risk-warnings\/\" \/>\n<meta property=\"og:site_name\" content=\"eToro Partners\" \/>\n<meta property=\"article:modified_time\" content=\"2024-08-26T10:42:26+00:00\" \/>\n<meta property=\"og:image\" content=\"https:\/\/etoropartners.com\/wp-content\/uploads\/2024\/05\/Featured_how-to-add-risk-warnings.png\" \/>\n\t<meta property=\"og:image:width\" content=\"1200\" \/>\n\t<meta property=\"og:image:height\" content=\"630\" \/>\n\t<meta property=\"og:image:type\" content=\"image\/png\" \/>\n<meta name=\"twitter:card\" content=\"summary_large_image\" \/>\n<meta name=\"twitter:label1\" content=\"Szacowany czas czytania\" \/>\n\t<meta name=\"twitter:data1\" content=\"3 minuty\" \/>\n<script type=\"application\/ld+json\" class=\"yoast-schema-graph\">{\"@context\":\"https:\\\/\\\/schema.org\",\"@graph\":[{\"@type\":\"WebPage\",\"@id\":\"https:\\\/\\\/etoropartners.com\\\/pl\\\/how-to-add-risk-warnings\\\/\",\"url\":\"https:\\\/\\\/etoropartners.com\\\/pl\\\/how-to-add-risk-warnings\\\/\",\"name\":\"Jak dodawa\u0107 ostrze\u017cenia o ryzyku\",\"isPartOf\":{\"@id\":\"https:\\\/\\\/etoropartners.com\\\/pl\\\/#website\"},\"primaryImageOfPage\":{\"@id\":\"https:\\\/\\\/etoropartners.com\\\/pl\\\/how-to-add-risk-warnings\\\/#primaryimage\"},\"image\":{\"@id\":\"https:\\\/\\\/etoropartners.com\\\/pl\\\/how-to-add-risk-warnings\\\/#primaryimage\"},\"thumbnailUrl\":\"https:\\\/\\\/etoropartners.com\\\/wp-content\\\/uploads\\\/2024\\\/05\\\/Featured_how-to-add-risk-warnings.png\",\"datePublished\":\"2024-05-22T08:54:03+00:00\",\"dateModified\":\"2024-08-26T10:42:26+00:00\",\"description\":\"Ostrze\u017cenia o ryzyku musz\u0105 by\u0107 umieszczone w widocznym miejscu, aby konsumenci mogli je \u0142atwo przeczyta\u0107 i zrozumie\u0107. Gdzie je dodawa\u0107?\",\"breadcrumb\":{\"@id\":\"https:\\\/\\\/etoropartners.com\\\/pl\\\/how-to-add-risk-warnings\\\/#breadcrumb\"},\"inLanguage\":\"pl-PL\",\"potentialAction\":[{\"@type\":\"ReadAction\",\"target\":[\"https:\\\/\\\/etoropartners.com\\\/pl\\\/how-to-add-risk-warnings\\\/\"]}]},{\"@type\":\"ImageObject\",\"inLanguage\":\"pl-PL\",\"@id\":\"https:\\\/\\\/etoropartners.com\\\/pl\\\/how-to-add-risk-warnings\\\/#primaryimage\",\"url\":\"https:\\\/\\\/etoropartners.com\\\/wp-content\\\/uploads\\\/2024\\\/05\\\/Featured_how-to-add-risk-warnings.png\",\"contentUrl\":\"https:\\\/\\\/etoropartners.com\\\/wp-content\\\/uploads\\\/2024\\\/05\\\/Featured_how-to-add-risk-warnings.png\",\"width\":1200,\"height\":630},{\"@type\":\"BreadcrumbList\",\"@id\":\"https:\\\/\\\/etoropartners.com\\\/pl\\\/how-to-add-risk-warnings\\\/#breadcrumb\",\"itemListElement\":[{\"@type\":\"ListItem\",\"position\":1,\"name\":\"Home\",\"item\":\"https:\\\/\\\/etoropartners.wpengine.com\\\/pl\\\/\"},{\"@type\":\"ListItem\",\"position\":2,\"name\":\"How to add risk warnings\"}]},{\"@type\":\"WebSite\",\"@id\":\"https:\\\/\\\/etoropartners.com\\\/pl\\\/#website\",\"url\":\"https:\\\/\\\/etoropartners.com\\\/pl\\\/\",\"name\":\"eToro Partners\",\"description\":\"\",\"potentialAction\":[{\"@type\":\"SearchAction\",\"target\":{\"@type\":\"EntryPoint\",\"urlTemplate\":\"https:\\\/\\\/etoropartners.com\\\/pl\\\/?s={search_term_string}\"},\"query-input\":{\"@type\":\"PropertyValueSpecification\",\"valueRequired\":true,\"valueName\":\"search_term_string\"}}],\"inLanguage\":\"pl-PL\"}]}<\/script>\n<!-- \/ Yoast SEO plugin. -->","yoast_head_json":{"title":"Jak dodawa\u0107 ostrze\u017cenia o ryzyku","description":"Ostrze\u017cenia o ryzyku musz\u0105 by\u0107 umieszczone w widocznym miejscu, aby konsumenci mogli je \u0142atwo przeczyta\u0107 i zrozumie\u0107. Gdzie je dodawa\u0107?","robots":{"index":"index","follow":"follow","max-snippet":"max-snippet:-1","max-image-preview":"max-image-preview:large","max-video-preview":"max-video-preview:-1"},"canonical":"https:\/\/etoropartners.com\/pl\/how-to-add-risk-warnings\/","og_locale":"pl_PL","og_type":"article","og_title":"Jak dodawa\u0107 ostrze\u017cenia o ryzyku","og_description":"Ostrze\u017cenia o ryzyku musz\u0105 by\u0107 umieszczone w widocznym miejscu, aby konsumenci mogli je \u0142atwo przeczyta\u0107 i zrozumie\u0107. Gdzie je dodawa\u0107?","og_url":"https:\/\/etoropartners.com\/pl\/how-to-add-risk-warnings\/","og_site_name":"eToro Partners","article_modified_time":"2024-08-26T10:42:26+00:00","og_image":[{"width":1200,"height":630,"url":"https:\/\/etoropartners.com\/wp-content\/uploads\/2024\/05\/Featured_how-to-add-risk-warnings.png","type":"image\/png"}],"twitter_card":"summary_large_image","twitter_misc":{"Szacowany czas czytania":"3 minuty"},"schema":{"@context":"https:\/\/schema.org","@graph":[{"@type":"WebPage","@id":"https:\/\/etoropartners.com\/pl\/how-to-add-risk-warnings\/","url":"https:\/\/etoropartners.com\/pl\/how-to-add-risk-warnings\/","name":"Jak dodawa\u0107 ostrze\u017cenia o ryzyku","isPartOf":{"@id":"https:\/\/etoropartners.com\/pl\/#website"},"primaryImageOfPage":{"@id":"https:\/\/etoropartners.com\/pl\/how-to-add-risk-warnings\/#primaryimage"},"image":{"@id":"https:\/\/etoropartners.com\/pl\/how-to-add-risk-warnings\/#primaryimage"},"thumbnailUrl":"https:\/\/etoropartners.com\/wp-content\/uploads\/2024\/05\/Featured_how-to-add-risk-warnings.png","datePublished":"2024-05-22T08:54:03+00:00","dateModified":"2024-08-26T10:42:26+00:00","description":"Ostrze\u017cenia o ryzyku musz\u0105 by\u0107 umieszczone w widocznym miejscu, aby konsumenci mogli je \u0142atwo przeczyta\u0107 i zrozumie\u0107. Gdzie je dodawa\u0107?","breadcrumb":{"@id":"https:\/\/etoropartners.com\/pl\/how-to-add-risk-warnings\/#breadcrumb"},"inLanguage":"pl-PL","potentialAction":[{"@type":"ReadAction","target":["https:\/\/etoropartners.com\/pl\/how-to-add-risk-warnings\/"]}]},{"@type":"ImageObject","inLanguage":"pl-PL","@id":"https:\/\/etoropartners.com\/pl\/how-to-add-risk-warnings\/#primaryimage","url":"https:\/\/etoropartners.com\/wp-content\/uploads\/2024\/05\/Featured_how-to-add-risk-warnings.png","contentUrl":"https:\/\/etoropartners.com\/wp-content\/uploads\/2024\/05\/Featured_how-to-add-risk-warnings.png","width":1200,"height":630},{"@type":"BreadcrumbList","@id":"https:\/\/etoropartners.com\/pl\/how-to-add-risk-warnings\/#breadcrumb","itemListElement":[{"@type":"ListItem","position":1,"name":"Home","item":"https:\/\/etoropartners.wpengine.com\/pl\/"},{"@type":"ListItem","position":2,"name":"How to add risk warnings"}]},{"@type":"WebSite","@id":"https:\/\/etoropartners.com\/pl\/#website","url":"https:\/\/etoropartners.com\/pl\/","name":"eToro Partners","description":"","potentialAction":[{"@type":"SearchAction","target":{"@type":"EntryPoint","urlTemplate":"https:\/\/etoropartners.com\/pl\/?s={search_term_string}"},"query-input":{"@type":"PropertyValueSpecification","valueRequired":true,"valueName":"search_term_string"}}],"inLanguage":"pl-PL"}]}},"_links":{"self":[{"href":"https:\/\/etoropartners.com\/pl\/wp-json\/wp\/v2\/pages\/8788","targetHints":{"allow":["GET"]}}],"collection":[{"href":"https:\/\/etoropartners.com\/pl\/wp-json\/wp\/v2\/pages"}],"about":[{"href":"https:\/\/etoropartners.com\/pl\/wp-json\/wp\/v2\/types\/page"}],"author":[{"embeddable":true,"href":"https:\/\/etoropartners.com\/pl\/wp-json\/wp\/v2\/users\/11"}],"replies":[{"embeddable":true,"href":"https:\/\/etoropartners.com\/pl\/wp-json\/wp\/v2\/comments?post=8788"}],"version-history":[{"count":0,"href":"https:\/\/etoropartners.com\/pl\/wp-json\/wp\/v2\/pages\/8788\/revisions"}],"wp:featuredmedia":[{"embeddable":true,"href":"https:\/\/etoropartners.com\/pl\/wp-json\/wp\/v2\/media\/8172"}],"wp:attachment":[{"href":"https:\/\/etoropartners.com\/pl\/wp-json\/wp\/v2\/media?parent=8788"}],"curies":[{"name":"wp","href":"https:\/\/api.w.org\/{rel}","templated":true}]}}