{"id":8757,"date":"2024-05-22T11:00:34","date_gmt":"2024-05-22T09:00:34","guid":{"rendered":"https:\/\/etoropartners.com\/investment-advice\/"},"modified":"2024-08-26T15:53:22","modified_gmt":"2024-08-26T13:53:22","slug":"porady-inwestycyjne","status":"publish","type":"page","link":"https:\/\/etoropartners.com\/pl\/porady-inwestycyjne\/","title":{"rendered":"Porady inwestycyjne"},"content":{"rendered":"\n<section class=\"wp-block-group wp-block-group-boxed wp-block-group-small-top-padding wp-block-group-small-bottom-padding\"><div class=\"wp-block-group-inner is-layout-flow wp-block-group-is-layout-flow\">\n<div class=\"wp-block-columns are-vertically-aligned-top wp-block-columns-1 is-layout-flex wp-container-core-columns-is-layout-9d6595d7 wp-block-columns-is-layout-flex\">\n<div class=\"wp-block-column wp-block-column-align-desktop-center wp-block-column-align-mobile-center is-layout-flow wp-block-column-is-layout-flow\">\n<h2 class=\"wp-block-heading has-text-align-center\">Porady inwestycyjne<\/h2>\n<\/div>\n<\/div>\n\n\n\n<figure class=\"wp-block-image size-full\"><img loading=\"lazy\" decoding=\"async\" width=\"1600\" height=\"400\" src=\"https:\/\/etoropartners.com\/wp-content\/uploads\/2024\/05\/Cover_Investment-advice.jpg\" alt=\"\" class=\"wp-image-8208 wp-image-desktop\" srcset=\"https:\/\/etoropartners.com\/wp-content\/uploads\/2024\/05\/Cover_Investment-advice.jpg 1600w, https:\/\/etoropartners.com\/wp-content\/uploads\/2024\/05\/Cover_Investment-advice-300x75.jpg 300w, https:\/\/etoropartners.com\/wp-content\/uploads\/2024\/05\/Cover_Investment-advice-1024x256.jpg 1024w, https:\/\/etoropartners.com\/wp-content\/uploads\/2024\/05\/Cover_Investment-advice-768x192.jpg 768w, https:\/\/etoropartners.com\/wp-content\/uploads\/2024\/05\/Cover_Investment-advice-1536x384.jpg 1536w\" sizes=\"auto, (max-width: 1600px) 100vw, 1600px\" \/><\/figure>\n<\/div><\/section>\n\n\n\n<section class=\"wp-block-group wp-block-group-boxed wp-block-group-small-top-padding wp-block-group-small-bottom-padding\"><div class=\"wp-block-group-inner is-layout-flow wp-block-group-is-layout-flow\">\n<div class=\"wp-block-columns are-vertically-aligned-top wp-block-columns-1 is-layout-flex wp-container-core-columns-is-layout-9d6595d7 wp-block-columns-is-layout-flex\">\n<div class=\"wp-block-column is-layout-flow wp-block-column-is-layout-flow\">\n<p>NIE jest dozwolone oferowanie doradztwa inwestycyjnego, ale czym w\u0142a\u015bciwie jest doradztwo inwestycyjne?<\/p>\n\n\n\n<p class=\"is-style-heading-2\">Co jest uwa\u017cane za porad\u0119 inwestycyjn\u0105?<\/p>\n\n\n\n<p>Porady inwestycyjne to wszelkie zalecenia lub wskaz\u00f3wki, kt\u00f3re maj\u0105 na celu edukowanie, informowanie lub ukierunkowywanie inwestora na konkretny produkt inwestycyjny lub seri\u0119 produkt\u00f3w.<\/p>\n\n\n\n<p>Niedozwolone jest doradzanie odwiedzaj\u0105cym zakupu instrumentu lub rekomendowanie okre\u015blonej inwestycji, w spos\u00f3b dorozumiany lub wyra\u017any.&nbsp;<\/p>\n\n\n\n<p>Analiza instrument\u00f3w lub prognozy mog\u0105 by\u0107 jednak przedstawiane jako research inwestycyjny i musz\u0105 by\u0107 og\u00f3lne, oparte na informacjach jawnych i nie mog\u0105 by\u0107 skierowane do konkretnej osoby lub grupy os\u00f3b.<\/p>\n\n\n\n<p class=\"is-style-heading-2\"><strong>Ostrze\u017cenie o ryzyku<\/strong><\/p>\n\n\n\n<p>Podczas sporz\u0105dzania analizy instrumentu lub prognozy nale\u017cy doda\u0107 nast\u0119puj\u0105ce zastrze\u017cenie (opr\u00f3cz ostrze\u017ce\u0144 o ryzyku, kt\u00f3re mo\u017cna znale\u017a\u0107 w sekcji ostrze\u017ce\u0144 o ryzyku w <a href=\"https:\/\/etoropartners.com\/pl\/guidelines\/\">wytycznych<\/a>):<\/p>\n\n\n\n<p>Niniejszy komunikat s\u0142u\u017cy wy\u0142\u0105cznie celom informacyjnym i edukacyjnym i nie powinien by\u0107 traktowany jako porada inwestycyjna, osobista rekomendacja, oferta lub zach\u0119ta do kupna lub sprzeda\u017cy jakichkolwiek instrument\u00f3w finansowych.<strong> Ten materia\u0142 zosta\u0142 przygotowany bez uwzgl\u0119dnienia cel\u00f3w inwestycyjnych lub sytuacji finansowej konkretnego odbiorcy i nie zosta\u0142 opracowany zgodnie z wymogami prawnymi i regulacyjnymi dotycz\u0105cymi promowania niezale\u017cnych bada\u0144. <\/strong>Wszelkie odniesienia do przesz\u0142ych lub przysz\u0142ych wynik\u00f3w instrumentu finansowego, indeksu lub produktu inwestycyjnego w pakiecie nie s\u0105 i nie powinny by\u0107 traktowane jako wiarygodny wska\u017anik przysz\u0142ych wynik\u00f3w. eToro nie sk\u0142ada \u017cadnych deklaracji i nie ponosi odpowiedzialno\u015bci za dok\u0142adno\u015b\u0107 lub kompletno\u015b\u0107 tre\u015bci niniejszej publikacji.<\/p>\n\n\n\n<p class=\"is-style-heading-2\">Uwaga<\/p>\n\n\n\n<p><strong>USA: <\/strong>W USA nie mo\u017cna promowa\u0107 eToro w ramach prognoz cenowych. Dozwolone jest promowanie eToro w analizach instrument\u00f3w, kt\u00f3re nie zawieraj\u0105 prognoz.\u00a0<\/p>\n\n\n\n<p><strong>Norwegia i Szwajcaria: <\/strong>W Norwegii i Szwajcarii nie wolno wspomina\u0107 o \u017cadnym konkretnym instrumencie. eToro nie mo\u017ce by\u0107 r\u00f3wnie\u017c promowane w \u017cadnym artykule, kt\u00f3ry odwo\u0142uje si\u0119 do konkretnych instrument\u00f3w. Dozwolone jest wskazywanie grup instrument\u00f3w, takich jak akcje, kontrakty CFD czy kryptowaluty, ale nie konkretnych instrument\u00f3w, takich jak Tesla czy Apple.<\/p>\n\n\n\n<p>W razie w\u0105tpliwo\u015bci prosimy o kontakt z Mened\u017cerem programu partnerskiego, <a href=\"mailto:lioraed@etoro.com\">Lior\u0105 Edelstein<\/a>, lub o <a href=\"https:\/\/calendly.com\/lioraed\">Um\u00f3wienie spotkania<\/a><\/p>\n<\/div>\n<\/div>\n<\/div><\/section>\n","protected":false},"excerpt":{"rendered":"<p>Porady inwestycyjne NIE jest dozwolone oferowanie doradztwa inwestycyjnego, ale czym w\u0142a\u015bciwie jest doradztwo inwestycyjne? Co jest uwa\u017cane za porad\u0119 inwestycyjn\u0105? Porady inwestycyjne to wszelkie zalecenia lub wskaz\u00f3wki, kt\u00f3re maj\u0105 na celu edukowanie, informowanie lub ukierunkowywanie inwestora na konkretny produkt inwestycyjny lub seri\u0119 produkt\u00f3w. Niedozwolone jest doradzanie odwiedzaj\u0105cym zakupu instrumentu lub rekomendowanie okre\u015blonej inwestycji, w spos\u00f3b [&hellip;]<\/p>\n","protected":false},"author":11,"featured_media":8204,"parent":0,"menu_order":0,"comment_status":"closed","ping_status":"closed","template":"","meta":{"_acf_changed":false,"sticky_cta_settings":"","footnotes":""},"class_list":["post-8757","page","type-page","status-publish","has-post-thumbnail","hentry"],"acf":[],"yoast_head":"<!-- This site is optimized with the Yoast SEO plugin v27.3 - https:\/\/yoast.com\/product\/yoast-seo-wordpress\/ -->\n<title>Porady inwestycyjne<\/title>\n<meta name=\"description\" content=\"NIE jest dozwolone oferowanie doradztwa inwestycyjnego, ale czym w\u0142a\u015bciwie jest doradztwo inwestycyjne?\" \/>\n<meta name=\"robots\" content=\"index, follow, max-snippet:-1, max-image-preview:large, max-video-preview:-1\" \/>\n<link rel=\"canonical\" href=\"https:\/\/etoropartners.com\/pl\/porady-inwestycyjne\/\" \/>\n<meta property=\"og:locale\" content=\"pl_PL\" \/>\n<meta property=\"og:type\" content=\"article\" \/>\n<meta property=\"og:title\" content=\"Porady inwestycyjne\" \/>\n<meta property=\"og:description\" content=\"NIE jest dozwolone oferowanie doradztwa inwestycyjnego, ale czym w\u0142a\u015bciwie jest doradztwo inwestycyjne?\" \/>\n<meta property=\"og:url\" content=\"https:\/\/etoropartners.com\/pl\/porady-inwestycyjne\/\" \/>\n<meta property=\"og:site_name\" content=\"eToro Partners\" \/>\n<meta property=\"article:modified_time\" content=\"2024-08-26T13:53:22+00:00\" \/>\n<meta property=\"og:image\" content=\"https:\/\/etoropartners.com\/wp-content\/uploads\/2024\/05\/Featured_Investment-advice.png\" \/>\n\t<meta property=\"og:image:width\" content=\"1200\" \/>\n\t<meta property=\"og:image:height\" content=\"630\" \/>\n\t<meta property=\"og:image:type\" content=\"image\/png\" \/>\n<meta name=\"twitter:card\" content=\"summary_large_image\" \/>\n<meta name=\"twitter:label1\" content=\"Szacowany czas czytania\" \/>\n\t<meta name=\"twitter:data1\" content=\"2 minuty\" \/>\n<script type=\"application\/ld+json\" class=\"yoast-schema-graph\">{\"@context\":\"https:\\\/\\\/schema.org\",\"@graph\":[{\"@type\":\"WebPage\",\"@id\":\"https:\\\/\\\/etoropartners.com\\\/pl\\\/porady-inwestycyjne\\\/\",\"url\":\"https:\\\/\\\/etoropartners.com\\\/pl\\\/porady-inwestycyjne\\\/\",\"name\":\"Porady inwestycyjne\",\"isPartOf\":{\"@id\":\"https:\\\/\\\/etoropartners.com\\\/pl\\\/#website\"},\"primaryImageOfPage\":{\"@id\":\"https:\\\/\\\/etoropartners.com\\\/pl\\\/porady-inwestycyjne\\\/#primaryimage\"},\"image\":{\"@id\":\"https:\\\/\\\/etoropartners.com\\\/pl\\\/porady-inwestycyjne\\\/#primaryimage\"},\"thumbnailUrl\":\"https:\\\/\\\/etoropartners.com\\\/wp-content\\\/uploads\\\/2024\\\/05\\\/Featured_Investment-advice.png\",\"datePublished\":\"2024-05-22T09:00:34+00:00\",\"dateModified\":\"2024-08-26T13:53:22+00:00\",\"description\":\"NIE jest dozwolone oferowanie doradztwa inwestycyjnego, ale czym w\u0142a\u015bciwie jest doradztwo inwestycyjne?\",\"breadcrumb\":{\"@id\":\"https:\\\/\\\/etoropartners.com\\\/pl\\\/porady-inwestycyjne\\\/#breadcrumb\"},\"inLanguage\":\"pl-PL\",\"potentialAction\":[{\"@type\":\"ReadAction\",\"target\":[\"https:\\\/\\\/etoropartners.com\\\/pl\\\/porady-inwestycyjne\\\/\"]}]},{\"@type\":\"ImageObject\",\"inLanguage\":\"pl-PL\",\"@id\":\"https:\\\/\\\/etoropartners.com\\\/pl\\\/porady-inwestycyjne\\\/#primaryimage\",\"url\":\"https:\\\/\\\/etoropartners.com\\\/wp-content\\\/uploads\\\/2024\\\/05\\\/Featured_Investment-advice.png\",\"contentUrl\":\"https:\\\/\\\/etoropartners.com\\\/wp-content\\\/uploads\\\/2024\\\/05\\\/Featured_Investment-advice.png\",\"width\":1200,\"height\":630},{\"@type\":\"BreadcrumbList\",\"@id\":\"https:\\\/\\\/etoropartners.com\\\/pl\\\/porady-inwestycyjne\\\/#breadcrumb\",\"itemListElement\":[{\"@type\":\"ListItem\",\"position\":1,\"name\":\"Home\",\"item\":\"https:\\\/\\\/etoropartners.wpengine.com\\\/pl\\\/\"},{\"@type\":\"ListItem\",\"position\":2,\"name\":\"Porady inwestycyjne\"}]},{\"@type\":\"WebSite\",\"@id\":\"https:\\\/\\\/etoropartners.com\\\/pl\\\/#website\",\"url\":\"https:\\\/\\\/etoropartners.com\\\/pl\\\/\",\"name\":\"eToro Partners\",\"description\":\"\",\"potentialAction\":[{\"@type\":\"SearchAction\",\"target\":{\"@type\":\"EntryPoint\",\"urlTemplate\":\"https:\\\/\\\/etoropartners.com\\\/pl\\\/?s={search_term_string}\"},\"query-input\":{\"@type\":\"PropertyValueSpecification\",\"valueRequired\":true,\"valueName\":\"search_term_string\"}}],\"inLanguage\":\"pl-PL\"}]}<\/script>\n<!-- \/ Yoast SEO plugin. -->","yoast_head_json":{"title":"Porady inwestycyjne","description":"NIE jest dozwolone oferowanie doradztwa inwestycyjnego, ale czym w\u0142a\u015bciwie jest doradztwo inwestycyjne?","robots":{"index":"index","follow":"follow","max-snippet":"max-snippet:-1","max-image-preview":"max-image-preview:large","max-video-preview":"max-video-preview:-1"},"canonical":"https:\/\/etoropartners.com\/pl\/porady-inwestycyjne\/","og_locale":"pl_PL","og_type":"article","og_title":"Porady inwestycyjne","og_description":"NIE jest dozwolone oferowanie doradztwa inwestycyjnego, ale czym w\u0142a\u015bciwie jest doradztwo inwestycyjne?","og_url":"https:\/\/etoropartners.com\/pl\/porady-inwestycyjne\/","og_site_name":"eToro Partners","article_modified_time":"2024-08-26T13:53:22+00:00","og_image":[{"width":1200,"height":630,"url":"https:\/\/etoropartners.com\/wp-content\/uploads\/2024\/05\/Featured_Investment-advice.png","type":"image\/png"}],"twitter_card":"summary_large_image","twitter_misc":{"Szacowany czas czytania":"2 minuty"},"schema":{"@context":"https:\/\/schema.org","@graph":[{"@type":"WebPage","@id":"https:\/\/etoropartners.com\/pl\/porady-inwestycyjne\/","url":"https:\/\/etoropartners.com\/pl\/porady-inwestycyjne\/","name":"Porady inwestycyjne","isPartOf":{"@id":"https:\/\/etoropartners.com\/pl\/#website"},"primaryImageOfPage":{"@id":"https:\/\/etoropartners.com\/pl\/porady-inwestycyjne\/#primaryimage"},"image":{"@id":"https:\/\/etoropartners.com\/pl\/porady-inwestycyjne\/#primaryimage"},"thumbnailUrl":"https:\/\/etoropartners.com\/wp-content\/uploads\/2024\/05\/Featured_Investment-advice.png","datePublished":"2024-05-22T09:00:34+00:00","dateModified":"2024-08-26T13:53:22+00:00","description":"NIE jest dozwolone oferowanie doradztwa inwestycyjnego, ale czym w\u0142a\u015bciwie jest doradztwo inwestycyjne?","breadcrumb":{"@id":"https:\/\/etoropartners.com\/pl\/porady-inwestycyjne\/#breadcrumb"},"inLanguage":"pl-PL","potentialAction":[{"@type":"ReadAction","target":["https:\/\/etoropartners.com\/pl\/porady-inwestycyjne\/"]}]},{"@type":"ImageObject","inLanguage":"pl-PL","@id":"https:\/\/etoropartners.com\/pl\/porady-inwestycyjne\/#primaryimage","url":"https:\/\/etoropartners.com\/wp-content\/uploads\/2024\/05\/Featured_Investment-advice.png","contentUrl":"https:\/\/etoropartners.com\/wp-content\/uploads\/2024\/05\/Featured_Investment-advice.png","width":1200,"height":630},{"@type":"BreadcrumbList","@id":"https:\/\/etoropartners.com\/pl\/porady-inwestycyjne\/#breadcrumb","itemListElement":[{"@type":"ListItem","position":1,"name":"Home","item":"https:\/\/etoropartners.wpengine.com\/pl\/"},{"@type":"ListItem","position":2,"name":"Porady inwestycyjne"}]},{"@type":"WebSite","@id":"https:\/\/etoropartners.com\/pl\/#website","url":"https:\/\/etoropartners.com\/pl\/","name":"eToro Partners","description":"","potentialAction":[{"@type":"SearchAction","target":{"@type":"EntryPoint","urlTemplate":"https:\/\/etoropartners.com\/pl\/?s={search_term_string}"},"query-input":{"@type":"PropertyValueSpecification","valueRequired":true,"valueName":"search_term_string"}}],"inLanguage":"pl-PL"}]}},"_links":{"self":[{"href":"https:\/\/etoropartners.com\/pl\/wp-json\/wp\/v2\/pages\/8757","targetHints":{"allow":["GET"]}}],"collection":[{"href":"https:\/\/etoropartners.com\/pl\/wp-json\/wp\/v2\/pages"}],"about":[{"href":"https:\/\/etoropartners.com\/pl\/wp-json\/wp\/v2\/types\/page"}],"author":[{"embeddable":true,"href":"https:\/\/etoropartners.com\/pl\/wp-json\/wp\/v2\/users\/11"}],"replies":[{"embeddable":true,"href":"https:\/\/etoropartners.com\/pl\/wp-json\/wp\/v2\/comments?post=8757"}],"version-history":[{"count":0,"href":"https:\/\/etoropartners.com\/pl\/wp-json\/wp\/v2\/pages\/8757\/revisions"}],"wp:featuredmedia":[{"embeddable":true,"href":"https:\/\/etoropartners.com\/pl\/wp-json\/wp\/v2\/media\/8204"}],"wp:attachment":[{"href":"https:\/\/etoropartners.com\/pl\/wp-json\/wp\/v2\/media?parent=8757"}],"curies":[{"name":"wp","href":"https:\/\/api.w.org\/{rel}","templated":true}]}}