{"id":8739,"date":"2024-05-22T09:50:03","date_gmt":"2024-05-22T07:50:03","guid":{"rendered":"https:\/\/etoropartners.com\/be-accurate\/"},"modified":"2024-08-21T16:04:02","modified_gmt":"2024-08-21T14:04:02","slug":"be-accurate","status":"publish","type":"page","link":"https:\/\/etoropartners.com\/pl\/be-accurate\/","title":{"rendered":"How to be accurate, balanced, and not misleading"},"content":{"rendered":"\n<section class=\"wp-block-group wp-block-group-boxed wp-block-group-small-top-padding wp-block-group-small-bottom-padding\"><div class=\"wp-block-group-inner is-layout-flow wp-block-group-is-layout-flow\">\n<div class=\"wp-block-columns are-vertically-aligned-top wp-block-columns-1 is-layout-flex wp-container-core-columns-is-layout-9d6595d7 wp-block-columns-is-layout-flex\">\n<div class=\"wp-block-column wp-block-column-align-desktop-center wp-block-column-align-mobile-center is-layout-flow wp-block-column-is-layout-flow\">\n<h2 class=\"wp-block-heading has-text-align-center\">Jak by\u0107 dok\u0142adnym, rzeczowym i nie wprowadza\u0107 w b\u0142\u0105d<\/h2>\n\n\n\n<figure class=\"wp-block-image size-full\"><img loading=\"lazy\" decoding=\"async\" width=\"1600\" height=\"400\" src=\"https:\/\/etoropartners.com\/wp-content\/uploads\/2024\/05\/Cover_be-accurate.jpg\" alt=\"\" class=\"wp-image-8091 wp-image-desktop\" srcset=\"https:\/\/etoropartners.com\/wp-content\/uploads\/2024\/05\/Cover_be-accurate.jpg 1600w, https:\/\/etoropartners.com\/wp-content\/uploads\/2024\/05\/Cover_be-accurate-300x75.jpg 300w, https:\/\/etoropartners.com\/wp-content\/uploads\/2024\/05\/Cover_be-accurate-1024x256.jpg 1024w, https:\/\/etoropartners.com\/wp-content\/uploads\/2024\/05\/Cover_be-accurate-768x192.jpg 768w, https:\/\/etoropartners.com\/wp-content\/uploads\/2024\/05\/Cover_be-accurate-1536x384.jpg 1536w\" sizes=\"auto, (max-width: 1600px) 100vw, 1600px\" \/><\/figure>\n<\/div>\n<\/div>\n<\/div><\/section>\n\n\n\n<section class=\"wp-block-group wp-block-group-boxed wp-block-group-small-top-padding wp-block-group-small-bottom-padding\"><div class=\"wp-block-group-inner is-layout-flow wp-block-group-is-layout-flow\">\n<div class=\"wp-block-columns are-vertically-aligned-top wp-block-columns-1 is-layout-flex wp-container-core-columns-is-layout-9d6595d7 wp-block-columns-is-layout-flex\">\n<div class=\"wp-block-column is-layout-flow wp-block-column-is-layout-flow\">\n<p>Jedna z g\u0142\u00f3wnych zasad zgodno\u015bci stanowi, \u017ce promocja musi by\u0107 dok\u0142adna, rzeczowa i nie mo\u017ce wprowadza\u0107 w b\u0142\u0105d. Poni\u017cej znajduje si\u0119 kilka przyk\u0142ad\u00f3w, kt\u00f3re dok\u0142adnie ilustruj\u0105, co to oznacza.\u00a0<\/p>\n\n\n\n<p class=\"is-style-heading-2\"><br>4 kwestie, w kt\u00f3rych warto by\u0107 dok\u0142adnym:<\/p>\n\n\n\n<p><br>1. Nie podszywaj si\u0119: nie m\u00f3w, \u017ce reprezentujesz eToro ani nie u\u017cywaj eToro w nazwie swojej domeny.<\/p>\n\n\n\n<p>2. Nie przedstawiaj eToro jako marki lokalnej, je\u015bli tak nie jest. Na przyk\u0142ad: zdanie typu \u201enajlepszy francuski broker\u201d jest niezgodne z przepisami. Chocia\u017c eToro jest dost\u0119pne we Francji, nie jest francuskim brokerem, wi\u0119c unikaj opisywania go w ten spos\u00f3b.<\/p>\n\n\n\n<p>3. Nie promuj niedost\u0119pnych instrument\u00f3w, ofert promocyjnych ani metod p\u0142atno\u015bci.<\/p>\n\n\n\n<p>4. Dok\u0142adnie informuj o opcjach p\u0142atno\u015bci, op\u0142atach i maksymalnej wysoko\u015bci d\u017awigni finansowej (w zale\u017cno\u015bci od aktyw\u00f3w bazowych) oraz sprawd\u017a tabel\u0119 op\u0142at na stronie internetowej eToro, aby uzyska\u0107 najbardziej aktualne informacje.<\/p>\n\n\n\n<p>Linki do wszystkich informacji potrzebnych do tworzenia dok\u0142adnych kampanii mo\u017cna znale\u017a\u0107 w sekcji <a href=\"https:\/\/etoropartners.com\/pl\/find-out-more\/\">\u201eDowiedz si\u0119 wi\u0119cej\u201d<\/a> w centrum eToro Partners.<\/p>\n<\/div>\n<\/div>\n<\/div><\/section>\n\n\n\n<section class=\"wp-block-group wp-block-group-boxed wp-block-group-small-top-padding wp-block-group-small-bottom-padding\"><div class=\"wp-block-group-inner is-layout-flow wp-block-group-is-layout-flow\">\n<div class=\"wp-block-columns are-vertically-aligned-top wp-block-columns-1 is-layout-flex wp-container-core-columns-is-layout-9d6595d7 wp-block-columns-is-layout-flex\">\n<div class=\"wp-block-column wp-block-column-align-desktop-center wp-block-column-align-mobile-center is-layout-flow wp-block-column-is-layout-flow\">\n<figure class=\"wp-block-embed is-type-rich is-provider-embed-handler wp-block-embed-embed-handler wp-embed-aspect-16-9 wp-has-aspect-ratio\"><div class=\"wp-block-embed__wrapper\">\n<div class=\"ec-video\"><iframe loading=\"lazy\" title=\"Compliance training video 2 - 16:9 - How to be accurate, fair, not misleading\" width=\"500\" height=\"281\" src=\"https:\/\/www.youtube.com\/embed\/Im2UgdX05dg?feature=oembed\" frameborder=\"0\" allow=\"accelerometer; autoplay; clipboard-write; encrypted-media; gyroscope; picture-in-picture; web-share\" referrerpolicy=\"strict-origin-when-cross-origin\" allowfullscreen><\/iframe><\/div>\n<\/div><\/figure>\n<\/div>\n<\/div>\n<\/div><\/section>\n\n\n\n<section class=\"wp-block-group wp-block-group-boxed wp-block-group-small-top-padding wp-block-group-small-bottom-padding\"><div class=\"wp-block-group-inner is-layout-flow wp-block-group-is-layout-flow\">\n<div class=\"wp-block-columns are-vertically-aligned-top wp-block-columns-1 is-layout-flex wp-container-core-columns-is-layout-9d6595d7 wp-block-columns-is-layout-flex\">\n<div class=\"wp-block-column is-layout-flow wp-block-column-is-layout-flow\">\n<p class=\"is-style-heading-2\">Promocja powinna by\u0107 rzeczowa:<\/p>\n\n\n\n<p>1. Upewnij si\u0119, \u017ce Tw\u00f3j przekaz jest jasny: za ka\u017cdym razem, gdy wspominasz o mo\u017cliwych zyskach, zawsze uwzgl\u0119dniaj zwi\u0105zane z nimi ryzyko i mo\u017cliwe straty. Je\u015bli wspominasz, \u017ce d\u017awignia finansowa mo\u017ce by\u0107 wykorzystana do maksymalizacji zysk\u00f3w, wspomnij, \u017ce maksymalizuje ona r\u00f3wnie\u017c potencjalne straty.<\/p>\n\n\n\n<p>2. Nie u\u017cywaj obraz\u00f3w sugeruj\u0105cych zyski, takich jak pieni\u0105dze, luksusowe samochody itp.&nbsp;<\/p>\n\n\n\n<p>3. Promuj\u0105c program Popular Investors, nie okre\u015blaj ich mianem \u201eprofesjonalnych trader\u00f3w\u201d lub \u201enajlepszych inwestor\u00f3w na \u015bwiecie\u201d. Mo\u017cna u\u017cywa\u0107 dok\u0142adniejszych okre\u015ble\u0144, takich jak \u201enajlepsi inwestorzy na eToro\u201d, \u201edo\u015bwiadczeni inwestorzy\u201d lub \u201einwestorzy osi\u0105gaj\u0105cy najlepsze wyniki\u201d.<\/p>\n\n\n\n<p>4. Promuj\u0105c CopyTrading, nie u\u017cywaj stwierdze\u0144 typu \u201enie potrzebujesz \u017cadnej wiedzy\u201d lub \u201eusi\u0105d\u017a wygodnie i zrelaksuj si\u0119, podczas gdy inni wykonaj\u0105 prac\u0119 za Ciebie\u201d. Pami\u0119taj, \u017ce CopyTrading to wci\u0105\u017c handel, a zatem mo\u017ce pojawi\u0107 si\u0119 ryzyko i straty.<\/p>\n\n\n\n<p>5. Unikaj okre\u015blania rynku akcji mianem \u201e\u0142atwego\u201d. Inwestowanie nie jest \u0142atwe, wi\u0119c unikaj zda\u0144 typu \u201einwestowanie na eToro jest \u0142atwe\u201d lub \u201eeToro jest dla pocz\u0105tkuj\u0105cych\u201d. Zamiast tego mo\u017cesz podkre\u015bli\u0107, \u017ce eToro jest przyjazne dla u\u017cytkownika i posiada intuicyjn\u0105 platform\u0119.<\/p>\n\n\n\n<p class=\"is-style-heading-2\"><br><br>Ostatnia sprawa \u2013 nie wprowadzaj w b\u0142\u0105d.<\/p>\n\n\n\n<p>Je\u015bli co\u015b nie jest ani jasne, ani rzeczowe, mo\u017ce wprowadzi\u0107 klienta w b\u0142\u0105d podczas podejmowania decyzji o zakupie. Unikaj wi\u0119c zda\u0144 takich jak:<\/p>\n\n\n\n<ul class=\"wp-block-list wp-block-list wp-block-list-circle\">\n<li>\u201eHandel nigdy nie by\u0142 tak \u0142atwy\u201d<\/li>\n\n\n\n<li>\u201eRozpocznij karier\u0119 jako inwestor ju\u017c teraz\u201d<\/li>\n\n\n\n<li>\u201eMo\u017cesz wykorzysta\u0107 trading jako dodatkowe \u017ar\u00f3d\u0142o dochodu i szybciej sp\u0142aci\u0107 swoje zad\u0142u\u017cenie\u201d<\/li>\n<\/ul>\n\n\n\n<p>Podsumowuj\u0105c, pami\u0119taj, \u017ce przestrzeganie przepis\u00f3w mo\u017ce by\u0107 wyzwaniem, wi\u0119c w razie w\u0105tpliwo\u015bci skontaktuj si\u0119 ze swoim Affiliate Managerem lub zaplanuj prywatne spotkanie za po\u015brednictwem Calendly i przedyskutuj kwesti\u0119 zgodno\u015bci z przepisami.<br><\/p>\n<\/div>\n<\/div>\n<\/div><\/section>\n","protected":false},"excerpt":{"rendered":"<p>Jak by\u0107 dok\u0142adnym, rzeczowym i nie wprowadza\u0107 w b\u0142\u0105d Jedna z g\u0142\u00f3wnych zasad zgodno\u015bci stanowi, \u017ce promocja musi by\u0107 dok\u0142adna, rzeczowa i nie mo\u017ce wprowadza\u0107 w b\u0142\u0105d. Poni\u017cej znajduje si\u0119 kilka przyk\u0142ad\u00f3w, kt\u00f3re dok\u0142adnie ilustruj\u0105, co to oznacza.\u00a0 4 kwestie, w kt\u00f3rych warto by\u0107 dok\u0142adnym: 1. Nie podszywaj si\u0119: nie m\u00f3w, \u017ce reprezentujesz eToro ani [&hellip;]<\/p>\n","protected":false},"author":11,"featured_media":8087,"parent":0,"menu_order":0,"comment_status":"closed","ping_status":"closed","template":"","meta":{"_acf_changed":false,"sticky_cta_settings":"","footnotes":""},"class_list":["post-8739","page","type-page","status-publish","has-post-thumbnail","hentry"],"acf":[],"yoast_head":"<!-- This site is optimized with the Yoast SEO plugin v27.3 - https:\/\/yoast.com\/product\/yoast-seo-wordpress\/ -->\n<title>Jak by\u0107 dok\u0142adnym, rzeczowym i nie wprowadza\u0107 w b\u0142\u0105d<\/title>\n<meta name=\"description\" content=\"Jedna z g\u0142\u00f3wnych zasad zgodno\u015bci stanowi, \u017ce promocja musi by\u0107 dok\u0142adna, rzeczowa i nie mo\u017ce wprowadza\u0107 w b\u0142\u0105d. Poni\u017cej znajduje si\u0119 kilka przyk\u0142ad\u00f3w\" \/>\n<meta name=\"robots\" content=\"index, follow, max-snippet:-1, max-image-preview:large, max-video-preview:-1\" \/>\n<link rel=\"canonical\" href=\"https:\/\/etoropartners.com\/pl\/be-accurate\/\" \/>\n<meta property=\"og:locale\" content=\"pl_PL\" \/>\n<meta property=\"og:type\" content=\"article\" \/>\n<meta property=\"og:title\" content=\"Jak by\u0107 dok\u0142adnym, rzeczowym i nie wprowadza\u0107 w b\u0142\u0105d\" \/>\n<meta property=\"og:description\" content=\"Jedna z g\u0142\u00f3wnych zasad zgodno\u015bci stanowi, \u017ce promocja musi by\u0107 dok\u0142adna, rzeczowa i nie mo\u017ce wprowadza\u0107 w b\u0142\u0105d. Poni\u017cej znajduje si\u0119 kilka przyk\u0142ad\u00f3w\" \/>\n<meta property=\"og:url\" content=\"https:\/\/etoropartners.com\/pl\/be-accurate\/\" \/>\n<meta property=\"og:site_name\" content=\"eToro Partners\" \/>\n<meta property=\"article:modified_time\" content=\"2024-08-21T14:04:02+00:00\" \/>\n<meta property=\"og:image\" content=\"https:\/\/etoropartners.com\/wp-content\/uploads\/2024\/05\/Featured_be-accurate.png\" \/>\n\t<meta property=\"og:image:width\" content=\"1200\" \/>\n\t<meta property=\"og:image:height\" content=\"630\" \/>\n\t<meta property=\"og:image:type\" content=\"image\/png\" \/>\n<meta name=\"twitter:card\" content=\"summary_large_image\" \/>\n<meta name=\"twitter:label1\" content=\"Szacowany czas czytania\" \/>\n\t<meta name=\"twitter:data1\" content=\"3 minuty\" \/>\n<script type=\"application\/ld+json\" class=\"yoast-schema-graph\">{\"@context\":\"https:\\\/\\\/schema.org\",\"@graph\":[{\"@type\":\"WebPage\",\"@id\":\"https:\\\/\\\/etoropartners.com\\\/pl\\\/be-accurate\\\/\",\"url\":\"https:\\\/\\\/etoropartners.com\\\/pl\\\/be-accurate\\\/\",\"name\":\"Jak by\u0107 dok\u0142adnym, rzeczowym i nie wprowadza\u0107 w b\u0142\u0105d\",\"isPartOf\":{\"@id\":\"https:\\\/\\\/etoropartners.com\\\/pl\\\/#website\"},\"primaryImageOfPage\":{\"@id\":\"https:\\\/\\\/etoropartners.com\\\/pl\\\/be-accurate\\\/#primaryimage\"},\"image\":{\"@id\":\"https:\\\/\\\/etoropartners.com\\\/pl\\\/be-accurate\\\/#primaryimage\"},\"thumbnailUrl\":\"https:\\\/\\\/etoropartners.com\\\/wp-content\\\/uploads\\\/2024\\\/05\\\/Featured_be-accurate.png\",\"datePublished\":\"2024-05-22T07:50:03+00:00\",\"dateModified\":\"2024-08-21T14:04:02+00:00\",\"description\":\"Jedna z g\u0142\u00f3wnych zasad zgodno\u015bci stanowi, \u017ce promocja musi by\u0107 dok\u0142adna, rzeczowa i nie mo\u017ce wprowadza\u0107 w b\u0142\u0105d. Poni\u017cej znajduje si\u0119 kilka przyk\u0142ad\u00f3w\",\"breadcrumb\":{\"@id\":\"https:\\\/\\\/etoropartners.com\\\/pl\\\/be-accurate\\\/#breadcrumb\"},\"inLanguage\":\"pl-PL\",\"potentialAction\":[{\"@type\":\"ReadAction\",\"target\":[\"https:\\\/\\\/etoropartners.com\\\/pl\\\/be-accurate\\\/\"]}]},{\"@type\":\"ImageObject\",\"inLanguage\":\"pl-PL\",\"@id\":\"https:\\\/\\\/etoropartners.com\\\/pl\\\/be-accurate\\\/#primaryimage\",\"url\":\"https:\\\/\\\/etoropartners.com\\\/wp-content\\\/uploads\\\/2024\\\/05\\\/Featured_be-accurate.png\",\"contentUrl\":\"https:\\\/\\\/etoropartners.com\\\/wp-content\\\/uploads\\\/2024\\\/05\\\/Featured_be-accurate.png\",\"width\":1200,\"height\":630,\"caption\":\"Be accurate\"},{\"@type\":\"BreadcrumbList\",\"@id\":\"https:\\\/\\\/etoropartners.com\\\/pl\\\/be-accurate\\\/#breadcrumb\",\"itemListElement\":[{\"@type\":\"ListItem\",\"position\":1,\"name\":\"Home\",\"item\":\"https:\\\/\\\/etoropartners.wpengine.com\\\/pl\\\/\"},{\"@type\":\"ListItem\",\"position\":2,\"name\":\"How to be accurate, balanced, and not misleading\"}]},{\"@type\":\"WebSite\",\"@id\":\"https:\\\/\\\/etoropartners.com\\\/pl\\\/#website\",\"url\":\"https:\\\/\\\/etoropartners.com\\\/pl\\\/\",\"name\":\"eToro Partners\",\"description\":\"\",\"potentialAction\":[{\"@type\":\"SearchAction\",\"target\":{\"@type\":\"EntryPoint\",\"urlTemplate\":\"https:\\\/\\\/etoropartners.com\\\/pl\\\/?s={search_term_string}\"},\"query-input\":{\"@type\":\"PropertyValueSpecification\",\"valueRequired\":true,\"valueName\":\"search_term_string\"}}],\"inLanguage\":\"pl-PL\"}]}<\/script>\n<!-- \/ Yoast SEO plugin. -->","yoast_head_json":{"title":"Jak by\u0107 dok\u0142adnym, rzeczowym i nie wprowadza\u0107 w b\u0142\u0105d","description":"Jedna z g\u0142\u00f3wnych zasad zgodno\u015bci stanowi, \u017ce promocja musi by\u0107 dok\u0142adna, rzeczowa i nie mo\u017ce wprowadza\u0107 w b\u0142\u0105d. Poni\u017cej znajduje si\u0119 kilka przyk\u0142ad\u00f3w","robots":{"index":"index","follow":"follow","max-snippet":"max-snippet:-1","max-image-preview":"max-image-preview:large","max-video-preview":"max-video-preview:-1"},"canonical":"https:\/\/etoropartners.com\/pl\/be-accurate\/","og_locale":"pl_PL","og_type":"article","og_title":"Jak by\u0107 dok\u0142adnym, rzeczowym i nie wprowadza\u0107 w b\u0142\u0105d","og_description":"Jedna z g\u0142\u00f3wnych zasad zgodno\u015bci stanowi, \u017ce promocja musi by\u0107 dok\u0142adna, rzeczowa i nie mo\u017ce wprowadza\u0107 w b\u0142\u0105d. Poni\u017cej znajduje si\u0119 kilka przyk\u0142ad\u00f3w","og_url":"https:\/\/etoropartners.com\/pl\/be-accurate\/","og_site_name":"eToro Partners","article_modified_time":"2024-08-21T14:04:02+00:00","og_image":[{"width":1200,"height":630,"url":"https:\/\/etoropartners.com\/wp-content\/uploads\/2024\/05\/Featured_be-accurate.png","type":"image\/png"}],"twitter_card":"summary_large_image","twitter_misc":{"Szacowany czas czytania":"3 minuty"},"schema":{"@context":"https:\/\/schema.org","@graph":[{"@type":"WebPage","@id":"https:\/\/etoropartners.com\/pl\/be-accurate\/","url":"https:\/\/etoropartners.com\/pl\/be-accurate\/","name":"Jak by\u0107 dok\u0142adnym, rzeczowym i nie wprowadza\u0107 w b\u0142\u0105d","isPartOf":{"@id":"https:\/\/etoropartners.com\/pl\/#website"},"primaryImageOfPage":{"@id":"https:\/\/etoropartners.com\/pl\/be-accurate\/#primaryimage"},"image":{"@id":"https:\/\/etoropartners.com\/pl\/be-accurate\/#primaryimage"},"thumbnailUrl":"https:\/\/etoropartners.com\/wp-content\/uploads\/2024\/05\/Featured_be-accurate.png","datePublished":"2024-05-22T07:50:03+00:00","dateModified":"2024-08-21T14:04:02+00:00","description":"Jedna z g\u0142\u00f3wnych zasad zgodno\u015bci stanowi, \u017ce promocja musi by\u0107 dok\u0142adna, rzeczowa i nie mo\u017ce wprowadza\u0107 w b\u0142\u0105d. Poni\u017cej znajduje si\u0119 kilka przyk\u0142ad\u00f3w","breadcrumb":{"@id":"https:\/\/etoropartners.com\/pl\/be-accurate\/#breadcrumb"},"inLanguage":"pl-PL","potentialAction":[{"@type":"ReadAction","target":["https:\/\/etoropartners.com\/pl\/be-accurate\/"]}]},{"@type":"ImageObject","inLanguage":"pl-PL","@id":"https:\/\/etoropartners.com\/pl\/be-accurate\/#primaryimage","url":"https:\/\/etoropartners.com\/wp-content\/uploads\/2024\/05\/Featured_be-accurate.png","contentUrl":"https:\/\/etoropartners.com\/wp-content\/uploads\/2024\/05\/Featured_be-accurate.png","width":1200,"height":630,"caption":"Be accurate"},{"@type":"BreadcrumbList","@id":"https:\/\/etoropartners.com\/pl\/be-accurate\/#breadcrumb","itemListElement":[{"@type":"ListItem","position":1,"name":"Home","item":"https:\/\/etoropartners.wpengine.com\/pl\/"},{"@type":"ListItem","position":2,"name":"How to be accurate, balanced, and not misleading"}]},{"@type":"WebSite","@id":"https:\/\/etoropartners.com\/pl\/#website","url":"https:\/\/etoropartners.com\/pl\/","name":"eToro Partners","description":"","potentialAction":[{"@type":"SearchAction","target":{"@type":"EntryPoint","urlTemplate":"https:\/\/etoropartners.com\/pl\/?s={search_term_string}"},"query-input":{"@type":"PropertyValueSpecification","valueRequired":true,"valueName":"search_term_string"}}],"inLanguage":"pl-PL"}]}},"_links":{"self":[{"href":"https:\/\/etoropartners.com\/pl\/wp-json\/wp\/v2\/pages\/8739","targetHints":{"allow":["GET"]}}],"collection":[{"href":"https:\/\/etoropartners.com\/pl\/wp-json\/wp\/v2\/pages"}],"about":[{"href":"https:\/\/etoropartners.com\/pl\/wp-json\/wp\/v2\/types\/page"}],"author":[{"embeddable":true,"href":"https:\/\/etoropartners.com\/pl\/wp-json\/wp\/v2\/users\/11"}],"replies":[{"embeddable":true,"href":"https:\/\/etoropartners.com\/pl\/wp-json\/wp\/v2\/comments?post=8739"}],"version-history":[{"count":0,"href":"https:\/\/etoropartners.com\/pl\/wp-json\/wp\/v2\/pages\/8739\/revisions"}],"wp:featuredmedia":[{"embeddable":true,"href":"https:\/\/etoropartners.com\/pl\/wp-json\/wp\/v2\/media\/8087"}],"wp:attachment":[{"href":"https:\/\/etoropartners.com\/pl\/wp-json\/wp\/v2\/media?parent=8739"}],"curies":[{"name":"wp","href":"https:\/\/api.w.org\/{rel}","templated":true}]}}