{"id":8709,"date":"2024-05-22T10:18:48","date_gmt":"2024-05-22T08:18:48","guid":{"rendered":"https:\/\/etoropartners.com\/multi-regulated-platform\/"},"modified":"2024-08-21T15:23:44","modified_gmt":"2024-08-21T13:23:44","slug":"multi-regulated-platform","status":"publish","type":"page","link":"https:\/\/etoropartners.com\/pl\/multi-regulated-platform\/","title":{"rendered":"Promoting a multi-regulated platform"},"content":{"rendered":"\n<section class=\"wp-block-group wp-block-group-boxed wp-block-group-small-top-padding wp-block-group-small-bottom-padding\"><div class=\"wp-block-group-inner is-layout-flow wp-block-group-is-layout-flow\">\n<div class=\"wp-block-columns are-vertically-aligned-top wp-block-columns-1 is-layout-flex wp-container-core-columns-is-layout-9d6595d7 wp-block-columns-is-layout-flex\">\n<div class=\"wp-block-column wp-block-column-align-desktop-center wp-block-column-align-mobile-center is-layout-flow wp-block-column-is-layout-flow\">\n<h2 class=\"wp-block-heading has-text-align-center\">Promowanie platformy podlegaj\u0105cej wielu regulacjom<\/h2>\n\n\n\n<figure class=\"wp-block-image size-full\"><img loading=\"lazy\" decoding=\"async\" width=\"1600\" height=\"400\" src=\"https:\/\/etoropartners.com\/wp-content\/uploads\/2024\/05\/Cover_multi-regulated-platform-1.jpg\" alt=\"\" class=\"wp-image-8144 wp-image-desktop\" srcset=\"https:\/\/etoropartners.com\/wp-content\/uploads\/2024\/05\/Cover_multi-regulated-platform-1.jpg 1600w, https:\/\/etoropartners.com\/wp-content\/uploads\/2024\/05\/Cover_multi-regulated-platform-1-300x75.jpg 300w, https:\/\/etoropartners.com\/wp-content\/uploads\/2024\/05\/Cover_multi-regulated-platform-1-1024x256.jpg 1024w, https:\/\/etoropartners.com\/wp-content\/uploads\/2024\/05\/Cover_multi-regulated-platform-1-768x192.jpg 768w, https:\/\/etoropartners.com\/wp-content\/uploads\/2024\/05\/Cover_multi-regulated-platform-1-1536x384.jpg 1536w\" sizes=\"auto, (max-width: 1600px) 100vw, 1600px\" \/><\/figure>\n<\/div>\n<\/div>\n<\/div><\/section>\n\n\n\n<section class=\"wp-block-group wp-block-group-boxed wp-block-group-small-top-padding wp-block-group-small-bottom-padding\"><div class=\"wp-block-group-inner is-layout-flow wp-block-group-is-layout-flow\">\n<div class=\"wp-block-columns are-vertically-aligned-top wp-block-columns-1 is-layout-flex wp-container-core-columns-is-layout-9d6595d7 wp-block-columns-is-layout-flex\">\n<div class=\"wp-block-column is-layout-flow wp-block-column-is-layout-flow\">\n<p>Sp\u00f3\u0142ki wchodz\u0105ce w sk\u0142ad grupy eToro podlegaj\u0105 regulacjom r\u00f3\u017cnych organ\u00f3w. W zwi\u0105zku z tym w r\u00f3\u017cnych krajach obowi\u0105zuj\u0105 odmienne wymogi i zasady, a nie wszystkie aktywa mog\u0105 by\u0107 promowane w ka\u017cdym kraju. Regulacje zale\u017c\u0105 od kraju odbiorc\u00f3w, a tak\u017ce od j\u0119zyka u\u017cywanego na witrynie, rozszerzenia adresu URL i wzmianek o okre\u015blonych krajach lub elementach zwi\u0105zanych z krajem, takich jak lokalne waluty.<\/p>\n<\/div>\n<\/div>\n<\/div><\/section>\n\n\n\n<section class=\"wp-block-group wp-block-group-boxed wp-block-group-small-top-padding wp-block-group-small-bottom-padding\"><div class=\"wp-block-group-inner is-layout-flow wp-block-group-is-layout-flow\">\n<div class=\"wp-block-columns are-vertically-aligned-top wp-block-columns-1 is-layout-flex wp-container-core-columns-is-layout-9d6595d7 wp-block-columns-is-layout-flex\">\n<div class=\"wp-block-column wp-block-column-align-desktop-center wp-block-column-align-mobile-center is-layout-flow wp-block-column-is-layout-flow\">\n<figure class=\"wp-block-embed is-type-rich is-provider-embed-handler wp-block-embed-embed-handler wp-embed-aspect-16-9 wp-has-aspect-ratio\"><div class=\"wp-block-embed__wrapper\">\n<div class=\"ec-video\"><iframe loading=\"lazy\" title=\"Compliance training video 3 - 16:9 - How to  promote a multiregulated platform\" width=\"500\" height=\"281\" src=\"https:\/\/www.youtube.com\/embed\/u3qzbbYTbjI?feature=oembed\" frameborder=\"0\" allow=\"accelerometer; autoplay; clipboard-write; encrypted-media; gyroscope; picture-in-picture; web-share\" referrerpolicy=\"strict-origin-when-cross-origin\" allowfullscreen><\/iframe><\/div>\n<\/div><\/figure>\n<\/div>\n<\/div>\n<\/div><\/section>\n\n\n\n<section class=\"wp-block-group wp-block-group-boxed wp-block-group-small-top-padding wp-block-group-small-bottom-padding\"><div class=\"wp-block-group-inner is-layout-flow wp-block-group-is-layout-flow\">\n<div class=\"wp-block-columns are-vertically-aligned-top wp-block-columns-1 is-layout-flex wp-container-core-columns-is-layout-9d6595d7 wp-block-columns-is-layout-flex\">\n<div class=\"wp-block-column is-layout-flow wp-block-column-is-layout-flow\">\n<p>Tak wi\u0119c \u2013 po pierwsze \u2013 upewnij si\u0119, \u017ce <strong>nie promujesz eToro w kraju obj\u0119tym ograniczeniami<\/strong>, poniewa\u017c nie tylko nie zarobisz na CPA w tych krajach, ale promowanie eToro w kraju obj\u0119tym ograniczeniami jest powa\u017cnym naruszeniem, kt\u00f3re mo\u017ce prowadzi\u0107 do zako\u0144czenia naszej wsp\u00f3\u0142pracy. Prosimy wi\u0119c o respektowanie tej zasady.<\/p>\n\n\n\n<p>Upewnij si\u0119 r\u00f3wnie\u017c, \u017ce <strong>promujesz aktywa, kt\u00f3re mog\u0105 by\u0107 promowane w kraju<\/strong>, do kt\u00f3rego kierujesz reklamy. Nale\u017cy pami\u0119ta\u0107, \u017ce niekt\u00f3re kraje nak\u0142adaj\u0105 ograniczenia na promowanie okre\u015blonych zasob\u00f3w, wi\u0119c upewnij si\u0119, \u017ce przestrzegasz zasad dotycz\u0105cych tego, kt\u00f3re zasoby mo\u017cesz promowa\u0107, a kt\u00f3re nie. Konkretne przyk\u0142ady mo\u017cna znale\u017a\u0107 w wytycznych.<\/p>\n\n\n\n<p>Na przyk\u0142ad w Stanach Zjednoczonych mo\u017cna promowa\u0107 kryptowaluty. Je\u015bli posiadasz specjaln\u0105 zgod\u0119, mo\u017cesz r\u00f3wnie\u017c promowa\u0107 akcje, fundusze ETF i opcje. Jednak kontrakty CFD NIE s\u0105 dost\u0119pne w USA, a zatem forex, towary, shorting i d\u017awignia finansowa r\u00f3wnie\u017c s\u0105 niedost\u0119pne i nie mog\u0105 by\u0107 promowane w USA.&nbsp;<\/p>\n\n\n\n<p>Informacje dotycz\u0105ce ogranicze\u0144 krajowych oraz produktowych mo\u017cna znale\u017a\u0107 w naszej sekcji <a href=\"https:\/\/etoropartners.com\/pl\/guidelines\/\">wytycznych<\/a>. Nale\u017cy pami\u0119ta\u0107, \u017ce podlegaj\u0105 one aktualizacjom.<\/p>\n\n\n\n<p>Wa\u017cne jest r\u00f3wnie\u017c, aby mie\u0107 \u015bwiadomo\u015b\u0107, <strong>kt\u00f3ry podmiot oferuje dany produkt<\/strong>. Na przyk\u0142ad w USA eToro USA LLC oferuje platform\u0119 dla klient\u00f3w z USA do kupowania i sprzedawania kryptowalut i jest regulowana przez FinCen; natomiast eToro USA Securities Inc. jest brokerem-dealerem regulowanym przez FINRA, kt\u00f3ry umo\u017cliwia handel akcjami, funduszami ETF i opcjami. Nie nale\u017cy myli\u0107 tych dw\u00f3ch podmiot\u00f3w.<\/p>\n\n\n\n<p>Pe\u0142n\u0105 list\u0119 podmiot\u00f3w, ofert produkt\u00f3w i licencji mo\u017cna znale\u017a\u0107 na stronie <a href=\"https:\/\/www.etoro.com\/pl\/customer-service\/regulation-license\/\">\u201eNadz\u00f3r i licencja\u201d<\/a> eToro.<\/p>\n\n\n\n<p>Kolejna sprawa \u2013 <strong>zwr\u00f3\u0107 uwag\u0119 na ostrze\u017cenia o ryzyku<\/strong>. Ostrze\u017cenia o ryzyku, kt\u00f3rych nale\u017cy u\u017cywa\u0107, zale\u017c\u0105 od kraj\u00f3w, w kt\u00f3rych promujesz eToro, a tak\u017ce od promowanych aktyw\u00f3w. Zapoznaj si\u0119 z naszym samouczkiem dotycz\u0105cym ostrze\u017ce\u0144 o ryzyku w sekcji <a href=\"https:\/\/etoropartners.com\/pl\/guidelines\/\">wytycznych<\/a>, aby dowiedzie\u0107 si\u0119, jakich ostrze\u017ce\u0144 o ryzyku nale\u017cy u\u017cywa\u0107 i kiedy.&nbsp;<\/p>\n\n\n\n<p>Je\u015bli promujesz wiele aktyw\u00f3w, skorzystaj ze wszystkich obowi\u0105zuj\u0105cych ostrze\u017ce\u0144 o ryzyku.&nbsp;<\/p>\n\n\n\n<p>Czasami zastosowanie maj\u0105 r\u00f3\u017cne przepisy. Na przyk\u0142ad, gdy promujesz w j\u0119zyku hiszpa\u0144skim lub angielskim, mo\u017cesz mie\u0107 mieszan\u0105 publiczno\u015b\u0107 z r\u00f3\u017cnych kraj\u00f3w. W takich przypadkach konieczne b\u0119dzie przestrzeganie zasad wszystkich odpowiednich organ\u00f3w regulacyjnych.<\/p>\n<\/div>\n<\/div>\n<\/div><\/section>\n","protected":false},"excerpt":{"rendered":"<p>Promowanie platformy podlegaj\u0105cej wielu regulacjom Sp\u00f3\u0142ki wchodz\u0105ce w sk\u0142ad grupy eToro podlegaj\u0105 regulacjom r\u00f3\u017cnych organ\u00f3w. W zwi\u0105zku z tym w r\u00f3\u017cnych krajach obowi\u0105zuj\u0105 odmienne wymogi i zasady, a nie wszystkie aktywa mog\u0105 by\u0107 promowane w ka\u017cdym kraju. Regulacje zale\u017c\u0105 od kraju odbiorc\u00f3w, a tak\u017ce od j\u0119zyka u\u017cywanego na witrynie, rozszerzenia adresu URL i wzmianek o [&hellip;]<\/p>\n","protected":false},"author":11,"featured_media":8125,"parent":0,"menu_order":0,"comment_status":"closed","ping_status":"closed","template":"","meta":{"_acf_changed":false,"sticky_cta_settings":"","footnotes":""},"class_list":["post-8709","page","type-page","status-publish","has-post-thumbnail","hentry"],"acf":[],"yoast_head":"<!-- This site is optimized with the Yoast SEO plugin v27.3 - https:\/\/yoast.com\/product\/yoast-seo-wordpress\/ -->\n<title>Promowanie platformy podlegaj\u0105cej wielu regulacjom<\/title>\n<meta name=\"description\" content=\"Sp\u00f3\u0142ki wchodz\u0105ce w sk\u0142ad grupy eToro podlegaj\u0105 regulacjom r\u00f3\u017cnych organ\u00f3w. W zwi\u0105zku z tym w r\u00f3\u017cnych krajach obowi\u0105zuj\u0105 odmienne wymogi i zasady\" \/>\n<meta name=\"robots\" content=\"index, follow, max-snippet:-1, max-image-preview:large, max-video-preview:-1\" \/>\n<link rel=\"canonical\" href=\"https:\/\/etoropartners.com\/pl\/multi-regulated-platform\/\" \/>\n<meta property=\"og:locale\" content=\"pl_PL\" \/>\n<meta property=\"og:type\" content=\"article\" \/>\n<meta property=\"og:title\" content=\"Promowanie platformy podlegaj\u0105cej wielu regulacjom\" \/>\n<meta property=\"og:description\" content=\"Sp\u00f3\u0142ki wchodz\u0105ce w sk\u0142ad grupy eToro podlegaj\u0105 regulacjom r\u00f3\u017cnych organ\u00f3w. W zwi\u0105zku z tym w r\u00f3\u017cnych krajach obowi\u0105zuj\u0105 odmienne wymogi i zasady\" \/>\n<meta property=\"og:url\" content=\"https:\/\/etoropartners.com\/pl\/multi-regulated-platform\/\" \/>\n<meta property=\"og:site_name\" content=\"eToro Partners\" \/>\n<meta property=\"article:modified_time\" content=\"2024-08-21T13:23:44+00:00\" \/>\n<meta property=\"og:image\" content=\"https:\/\/etoropartners.com\/wp-content\/uploads\/2024\/05\/Featured_multi-regulated-platform.png\" \/>\n\t<meta property=\"og:image:width\" content=\"1200\" \/>\n\t<meta property=\"og:image:height\" content=\"630\" \/>\n\t<meta property=\"og:image:type\" content=\"image\/png\" \/>\n<meta name=\"twitter:card\" content=\"summary_large_image\" \/>\n<meta name=\"twitter:label1\" content=\"Szacowany czas czytania\" \/>\n\t<meta name=\"twitter:data1\" content=\"3 minuty\" \/>\n<script type=\"application\/ld+json\" class=\"yoast-schema-graph\">{\"@context\":\"https:\\\/\\\/schema.org\",\"@graph\":[{\"@type\":\"WebPage\",\"@id\":\"https:\\\/\\\/etoropartners.com\\\/pl\\\/multi-regulated-platform\\\/\",\"url\":\"https:\\\/\\\/etoropartners.com\\\/pl\\\/multi-regulated-platform\\\/\",\"name\":\"Promowanie platformy podlegaj\u0105cej wielu regulacjom\",\"isPartOf\":{\"@id\":\"https:\\\/\\\/etoropartners.com\\\/pl\\\/#website\"},\"primaryImageOfPage\":{\"@id\":\"https:\\\/\\\/etoropartners.com\\\/pl\\\/multi-regulated-platform\\\/#primaryimage\"},\"image\":{\"@id\":\"https:\\\/\\\/etoropartners.com\\\/pl\\\/multi-regulated-platform\\\/#primaryimage\"},\"thumbnailUrl\":\"https:\\\/\\\/etoropartners.com\\\/wp-content\\\/uploads\\\/2024\\\/05\\\/Featured_multi-regulated-platform.png\",\"datePublished\":\"2024-05-22T08:18:48+00:00\",\"dateModified\":\"2024-08-21T13:23:44+00:00\",\"description\":\"Sp\u00f3\u0142ki wchodz\u0105ce w sk\u0142ad grupy eToro podlegaj\u0105 regulacjom r\u00f3\u017cnych organ\u00f3w. W zwi\u0105zku z tym w r\u00f3\u017cnych krajach obowi\u0105zuj\u0105 odmienne wymogi i zasady\",\"breadcrumb\":{\"@id\":\"https:\\\/\\\/etoropartners.com\\\/pl\\\/multi-regulated-platform\\\/#breadcrumb\"},\"inLanguage\":\"pl-PL\",\"potentialAction\":[{\"@type\":\"ReadAction\",\"target\":[\"https:\\\/\\\/etoropartners.com\\\/pl\\\/multi-regulated-platform\\\/\"]}]},{\"@type\":\"ImageObject\",\"inLanguage\":\"pl-PL\",\"@id\":\"https:\\\/\\\/etoropartners.com\\\/pl\\\/multi-regulated-platform\\\/#primaryimage\",\"url\":\"https:\\\/\\\/etoropartners.com\\\/wp-content\\\/uploads\\\/2024\\\/05\\\/Featured_multi-regulated-platform.png\",\"contentUrl\":\"https:\\\/\\\/etoropartners.com\\\/wp-content\\\/uploads\\\/2024\\\/05\\\/Featured_multi-regulated-platform.png\",\"width\":1200,\"height\":630},{\"@type\":\"BreadcrumbList\",\"@id\":\"https:\\\/\\\/etoropartners.com\\\/pl\\\/multi-regulated-platform\\\/#breadcrumb\",\"itemListElement\":[{\"@type\":\"ListItem\",\"position\":1,\"name\":\"Home\",\"item\":\"https:\\\/\\\/etoropartners.wpengine.com\\\/pl\\\/\"},{\"@type\":\"ListItem\",\"position\":2,\"name\":\"Promoting a multi-regulated platform\"}]},{\"@type\":\"WebSite\",\"@id\":\"https:\\\/\\\/etoropartners.com\\\/pl\\\/#website\",\"url\":\"https:\\\/\\\/etoropartners.com\\\/pl\\\/\",\"name\":\"eToro Partners\",\"description\":\"\",\"potentialAction\":[{\"@type\":\"SearchAction\",\"target\":{\"@type\":\"EntryPoint\",\"urlTemplate\":\"https:\\\/\\\/etoropartners.com\\\/pl\\\/?s={search_term_string}\"},\"query-input\":{\"@type\":\"PropertyValueSpecification\",\"valueRequired\":true,\"valueName\":\"search_term_string\"}}],\"inLanguage\":\"pl-PL\"}]}<\/script>\n<!-- \/ Yoast SEO plugin. -->","yoast_head_json":{"title":"Promowanie platformy podlegaj\u0105cej wielu regulacjom","description":"Sp\u00f3\u0142ki wchodz\u0105ce w sk\u0142ad grupy eToro podlegaj\u0105 regulacjom r\u00f3\u017cnych organ\u00f3w. W zwi\u0105zku z tym w r\u00f3\u017cnych krajach obowi\u0105zuj\u0105 odmienne wymogi i zasady","robots":{"index":"index","follow":"follow","max-snippet":"max-snippet:-1","max-image-preview":"max-image-preview:large","max-video-preview":"max-video-preview:-1"},"canonical":"https:\/\/etoropartners.com\/pl\/multi-regulated-platform\/","og_locale":"pl_PL","og_type":"article","og_title":"Promowanie platformy podlegaj\u0105cej wielu regulacjom","og_description":"Sp\u00f3\u0142ki wchodz\u0105ce w sk\u0142ad grupy eToro podlegaj\u0105 regulacjom r\u00f3\u017cnych organ\u00f3w. W zwi\u0105zku z tym w r\u00f3\u017cnych krajach obowi\u0105zuj\u0105 odmienne wymogi i zasady","og_url":"https:\/\/etoropartners.com\/pl\/multi-regulated-platform\/","og_site_name":"eToro Partners","article_modified_time":"2024-08-21T13:23:44+00:00","og_image":[{"width":1200,"height":630,"url":"https:\/\/etoropartners.com\/wp-content\/uploads\/2024\/05\/Featured_multi-regulated-platform.png","type":"image\/png"}],"twitter_card":"summary_large_image","twitter_misc":{"Szacowany czas czytania":"3 minuty"},"schema":{"@context":"https:\/\/schema.org","@graph":[{"@type":"WebPage","@id":"https:\/\/etoropartners.com\/pl\/multi-regulated-platform\/","url":"https:\/\/etoropartners.com\/pl\/multi-regulated-platform\/","name":"Promowanie platformy podlegaj\u0105cej wielu regulacjom","isPartOf":{"@id":"https:\/\/etoropartners.com\/pl\/#website"},"primaryImageOfPage":{"@id":"https:\/\/etoropartners.com\/pl\/multi-regulated-platform\/#primaryimage"},"image":{"@id":"https:\/\/etoropartners.com\/pl\/multi-regulated-platform\/#primaryimage"},"thumbnailUrl":"https:\/\/etoropartners.com\/wp-content\/uploads\/2024\/05\/Featured_multi-regulated-platform.png","datePublished":"2024-05-22T08:18:48+00:00","dateModified":"2024-08-21T13:23:44+00:00","description":"Sp\u00f3\u0142ki wchodz\u0105ce w sk\u0142ad grupy eToro podlegaj\u0105 regulacjom r\u00f3\u017cnych organ\u00f3w. W zwi\u0105zku z tym w r\u00f3\u017cnych krajach obowi\u0105zuj\u0105 odmienne wymogi i zasady","breadcrumb":{"@id":"https:\/\/etoropartners.com\/pl\/multi-regulated-platform\/#breadcrumb"},"inLanguage":"pl-PL","potentialAction":[{"@type":"ReadAction","target":["https:\/\/etoropartners.com\/pl\/multi-regulated-platform\/"]}]},{"@type":"ImageObject","inLanguage":"pl-PL","@id":"https:\/\/etoropartners.com\/pl\/multi-regulated-platform\/#primaryimage","url":"https:\/\/etoropartners.com\/wp-content\/uploads\/2024\/05\/Featured_multi-regulated-platform.png","contentUrl":"https:\/\/etoropartners.com\/wp-content\/uploads\/2024\/05\/Featured_multi-regulated-platform.png","width":1200,"height":630},{"@type":"BreadcrumbList","@id":"https:\/\/etoropartners.com\/pl\/multi-regulated-platform\/#breadcrumb","itemListElement":[{"@type":"ListItem","position":1,"name":"Home","item":"https:\/\/etoropartners.wpengine.com\/pl\/"},{"@type":"ListItem","position":2,"name":"Promoting a multi-regulated platform"}]},{"@type":"WebSite","@id":"https:\/\/etoropartners.com\/pl\/#website","url":"https:\/\/etoropartners.com\/pl\/","name":"eToro Partners","description":"","potentialAction":[{"@type":"SearchAction","target":{"@type":"EntryPoint","urlTemplate":"https:\/\/etoropartners.com\/pl\/?s={search_term_string}"},"query-input":{"@type":"PropertyValueSpecification","valueRequired":true,"valueName":"search_term_string"}}],"inLanguage":"pl-PL"}]}},"_links":{"self":[{"href":"https:\/\/etoropartners.com\/pl\/wp-json\/wp\/v2\/pages\/8709","targetHints":{"allow":["GET"]}}],"collection":[{"href":"https:\/\/etoropartners.com\/pl\/wp-json\/wp\/v2\/pages"}],"about":[{"href":"https:\/\/etoropartners.com\/pl\/wp-json\/wp\/v2\/types\/page"}],"author":[{"embeddable":true,"href":"https:\/\/etoropartners.com\/pl\/wp-json\/wp\/v2\/users\/11"}],"replies":[{"embeddable":true,"href":"https:\/\/etoropartners.com\/pl\/wp-json\/wp\/v2\/comments?post=8709"}],"version-history":[{"count":0,"href":"https:\/\/etoropartners.com\/pl\/wp-json\/wp\/v2\/pages\/8709\/revisions"}],"wp:featuredmedia":[{"embeddable":true,"href":"https:\/\/etoropartners.com\/pl\/wp-json\/wp\/v2\/media\/8125"}],"wp:attachment":[{"href":"https:\/\/etoropartners.com\/pl\/wp-json\/wp\/v2\/media?parent=8709"}],"curies":[{"name":"wp","href":"https:\/\/api.w.org\/{rel}","templated":true}]}}