{"id":8677,"date":"2024-05-22T08:47:21","date_gmt":"2024-05-22T06:47:21","guid":{"rendered":"https:\/\/etoropartners.com\/8-most-important-things\/"},"modified":"2024-08-20T11:55:31","modified_gmt":"2024-08-20T09:55:31","slug":"8-most-important-things","status":"publish","type":"page","link":"https:\/\/etoropartners.com\/pl\/8-most-important-things\/","title":{"rendered":"8 kluczowych kwestii, kt\u00f3re nale\u017cy wzi\u0105\u0107 pod uwag\u0119 przy opracowywaniu kampanii zgodnej z przepisami"},"content":{"rendered":"\n<section class=\"wp-block-group wp-block-group-boxed wp-block-group-small-top-padding wp-block-group-small-bottom-padding\"><div class=\"wp-block-group-inner is-layout-flow wp-block-group-is-layout-flow\">\n<div class=\"wp-block-columns are-vertically-aligned-top wp-block-columns-1 is-layout-flex wp-container-core-columns-is-layout-9d6595d7 wp-block-columns-is-layout-flex\">\n<div class=\"wp-block-column wp-block-column-align-desktop-center wp-block-column-align-mobile-center is-layout-flow wp-block-column-is-layout-flow\">\n<h2 class=\"wp-block-heading has-text-align-center\"><strong>8 kluczowych kwestii, kt\u00f3re nale\u017cy wzi\u0105\u0107 pod uwag\u0119 przy opracowywaniu kampanii zgodnej z przepisami<\/strong><\/h2>\n\n\n\n<figure class=\"wp-block-image size-full\"><img loading=\"lazy\" decoding=\"async\" width=\"1600\" height=\"400\" src=\"https:\/\/etoropartners.com\/wp-content\/uploads\/2024\/05\/Cover_8-most-important-things.jpg\" alt=\"8 most important things to consider when creating a compliant campaign\" class=\"wp-image-8016 wp-image-desktop\" srcset=\"https:\/\/etoropartners.com\/wp-content\/uploads\/2024\/05\/Cover_8-most-important-things.jpg 1600w, https:\/\/etoropartners.com\/wp-content\/uploads\/2024\/05\/Cover_8-most-important-things-300x75.jpg 300w, https:\/\/etoropartners.com\/wp-content\/uploads\/2024\/05\/Cover_8-most-important-things-1024x256.jpg 1024w, https:\/\/etoropartners.com\/wp-content\/uploads\/2024\/05\/Cover_8-most-important-things-768x192.jpg 768w, https:\/\/etoropartners.com\/wp-content\/uploads\/2024\/05\/Cover_8-most-important-things-1536x384.jpg 1536w\" sizes=\"auto, (max-width: 1600px) 100vw, 1600px\" \/><\/figure>\n<\/div>\n<\/div>\n<\/div><\/section>\n\n\n\n<section class=\"wp-block-group wp-block-group-boxed wp-block-group-small-top-padding wp-block-group-small-bottom-padding\"><div class=\"wp-block-group-inner is-layout-flow wp-block-group-is-layout-flow\">\n<div class=\"wp-block-columns are-vertically-aligned-top wp-block-columns-1 is-layout-flex wp-container-core-columns-is-layout-9d6595d7 wp-block-columns-is-layout-flex\">\n<div class=\"wp-block-column is-layout-flow wp-block-column-is-layout-flow\">\n<p class=\"has-text-align-left\">eToro to renomowana marka zapewniaj\u0105ca inwestorom z ca\u0142ego \u015bwiata bezpieczne i podlegaj\u0105ce regulacjom do\u015bwiadczenia inwestycyjne. Dlatego te\u017c niezwykle istotne jest stworzenie kampanii zgodnej z wymogami regulacyjnymi i wytycznymi jurysdykcji, w kt\u00f3rej promuje si\u0119 eToro.<\/p>\n\n\n\n<p>Post\u0119puj zgodnie z <a href=\"https:\/\/etoropartners.com\/pl\/guidelines\/\">wytycznymi dla podmiot\u00f3w powi\u0105zanych<\/a> i poni\u017cszymi zasadami, a b\u0119dziesz na najlepszej drodze do zbudowania zgodnego z przepisami partnerstwa. Nale\u017cy pami\u0119ta\u0107, \u017ce nak\u0142adamy sankcje na partner\u00f3w, kt\u00f3rzy promuj\u0105 eToro w spos\u00f3b niezgodny z przepisami.&nbsp; W przypadku <strong>naruszenia zgodno\u015bci<\/strong> lub braku wsp\u00f3\u0142pracy <strong>dezaktywujemy Twoje konto i mo\u017cemy uniewa\u017cni\u0107 Twoj\u0105 wyp\u0142at\u0119 oraz zako\u0144czy\u0107 partnerstwo<\/strong>.<\/p>\n\n\n\n<p>Pami\u0119taj, aby regularnie sprawdza\u0107 swoje kampanie. Pracujemy w szybkim tempie i dostosowujemy si\u0119 do przepis\u00f3w i zmian rynkowych, a w razie potrzeby b\u0119dziemy wnosi\u0107 o poprawki i\/lub zmiany.\u00a0<\/p>\n<\/div>\n<\/div>\n<\/div><\/section>\n\n\n\n<section class=\"wp-block-group wp-block-group-boxed wp-block-group-small-top-padding wp-block-group-small-bottom-padding\"><div class=\"wp-block-group-inner is-layout-flow wp-block-group-is-layout-flow\">\n<div class=\"wp-block-columns are-vertically-aligned-top wp-block-columns-1 is-layout-flex wp-container-core-columns-is-layout-9d6595d7 wp-block-columns-is-layout-flex\">\n<div class=\"wp-block-column wp-block-column-align-desktop-center wp-block-column-align-mobile-center is-layout-flow wp-block-column-is-layout-flow\">\n<figure class=\"wp-block-embed is-type-rich is-provider-embed-handler wp-block-embed-embed-handler wp-embed-aspect-16-9 wp-has-aspect-ratio\"><div class=\"wp-block-embed__wrapper\">\n<div class=\"ec-video\"><iframe loading=\"lazy\" title=\"compliance Training Video - N1 - 8 Most Important things to be compliant\" width=\"500\" height=\"281\" src=\"https:\/\/www.youtube.com\/embed\/UGYqpMcdc84?feature=oembed\" frameborder=\"0\" allow=\"accelerometer; autoplay; clipboard-write; encrypted-media; gyroscope; picture-in-picture; web-share\" referrerpolicy=\"strict-origin-when-cross-origin\" allowfullscreen><\/iframe><\/div>\n<\/div><\/figure>\n<\/div>\n<\/div>\n<\/div><\/section>\n\n\n\n<section class=\"wp-block-group wp-block-group-boxed wp-block-group-small-top-padding wp-block-group-small-bottom-padding\"><div class=\"wp-block-group-inner is-layout-flow wp-block-group-is-layout-flow\">\n<div class=\"wp-block-columns are-vertically-aligned-top wp-block-columns-1 is-layout-flex wp-container-core-columns-is-layout-9d6595d7 wp-block-columns-is-layout-flex\">\n<div class=\"wp-block-column is-layout-flow wp-block-column-is-layout-flow\">\n<p class=\"is-style-heading-2\"><strong>Udost\u0119pnianie adres\u00f3w URL<\/strong><\/p>\n\n\n\n<p>Upewnij si\u0119, \u017ce promujesz eToro TYLKO na stronach internetowych, kt\u00f3re zg\u0142osi\u0142e\u015b eToro. Je\u015bli chcesz promowa\u0107 eToro za po\u015brednictwem nowego kana\u0142u lub witryny, musisz najpierw poprosi\u0107 o zgod\u0119 swojego Affiliate Managera. Musimy wiedzie\u0107, jak i gdzie promowane jest eToro.<\/p>\n\n\n\n<p class=\"is-style-heading-2\"><strong>Dok\u0142adno\u015b\u0107, wywa\u017cenie i niewprowadzanie w b\u0142\u0105d<\/strong><\/p>\n\n\n\n<p>B\u0105d\u017a dok\u0142adny, rzeczowy i nie wprowadzaj w b\u0142\u0105d. Upewnij si\u0119, \u017ce wszystkie informacje s\u0105 prawid\u0142owe i aktualne. Zawsze pami\u0119taj o ryzyku. Nie sugeruj, \u017ce inwestowanie jest \u0142atwe, ani nie sk\u0142adaj fa\u0142szywych obietnic i wprowadzaj\u0105cych w b\u0142\u0105d o\u015bwiadcze\u0144. Nie u\u017cywaj nazwy eToro w nazwie domeny i nie podawaj, \u017ce reprezentujesz eToro lub pracujesz dla eToro.<\/p>\n\n\n\n<p class=\"is-style-heading-2\"><strong>Kraje obj\u0119te zakazem<\/strong><\/p>\n\n\n\n<p>Nie promuj eToro w <a href=\"https:\/\/etoropartners.com\/pl\/guidelines\/\">krajach obj\u0119tych zakazem<\/a>. Pami\u0119taj, \u017ce nie p\u0142acimy za tak\u0105 promocj\u0119. List\u0119 zakazanych kraj\u00f3w mo\u017cna znale\u017a\u0107 w wytycznych. Nie nale\u017cy u\u017cywa\u0107 kraju w adresie URL, rozszerzenia kraju, j\u0119zyka ani nie wspomina\u0107 o kraju na stronie.<\/p>\n\n\n\n<p class=\"is-style-heading-2\"><strong>Ograniczenia dotycz\u0105ce produkt\u00f3w<\/strong><\/p>\n\n\n\n<p>Pami\u0119taj o <a href=\"https:\/\/etoropartners.com\/pl\/guidelines\/\">ograniczeniach dotycz\u0105cych produkt\u00f3w<\/a>: nie mo\u017cesz promowa\u0107 pewnych typ\u00f3w aktyw\u00f3w w niekt\u00f3rych krajach. Je\u015bli promujesz na ca\u0142ym \u015bwiecie, pami\u0119taj, aby wspomnie\u0107 o tym, co jest dost\u0119pne w danym miejscu, a co nie; na przyk\u0142ad: \u201eHandluj kryptowalutami, akcjami, towarami i forex na eToro (towary i forex nie s\u0105 dost\u0119pne w USA)\u201d. Przepisy mog\u0105 si\u0119 zmienia\u0107, wi\u0119c upewnij si\u0119, \u017ce jeste\u015b na bie\u017c\u0105co z ograniczeniami.<\/p>\n\n\n\n<p class=\"is-style-heading-2\"><strong>\u017badnych porad inwestycyjnych<\/strong><\/p>\n\n\n\n<p>Nie nale\u017cy umieszcza\u0107 informacji o eToro w tre\u015bciach zawieraj\u0105cych porady inwestycyjne.<\/p>\n\n\n\n<p class=\"is-style-heading-2\"><strong>Ostrze\u017cenia o ryzyku<\/strong><\/p>\n\n\n\n<p>Zawsze dodawaj odpowiednie <a href=\"https:\/\/etoropartners.com\/pl\/guidelines\/\">ostrze\u017cenie o ryzyku<\/a> we w\u0142a\u015bciwym miejscu i w tym samym rozmiarze, co reszta tekstu. Ostrze\u017cenia o ryzyku mo\u017cna znale\u017a\u0107 w sekcji wytycznych. Ostrze\u017cenia musz\u0105 znajdowa\u0107 si\u0119 w pobli\u017cu ka\u017cdego linku przekierowuj\u0105cego do eToro, na g\u00f3rze recenzji i artyku\u0142\u00f3w, w filmach i ich opisach.<\/p>\n\n\n\n<p class=\"is-style-heading-2\"><strong>Nie wzbudzaj poczucia po\u015bpiechu<\/strong><\/p>\n\n\n\n<p>Nie stwarzaj poczucia pilnej potrzeby zakupu konkretnych instrument\u00f3w.<\/p>\n\n\n\n<p class=\"is-style-heading-2\"><strong>Brak ujawniania KYC, \u017cadnych oszustw\u00a0<\/strong><\/p>\n\n\n\n<p>Nie ujawniaj informacji poufnych ani nie pomagaj inwestorom w oszukiwaniu eToro, nie podpowiadaj inwestorom, jak odpowiada\u0107 na pytania KYC, ani nie nak\u0142aniaj ich do handlu na platformie.<br><\/p>\n<\/div>\n<\/div>\n<\/div><\/section>\n","protected":false},"excerpt":{"rendered":"<p>8 kluczowych kwestii, kt\u00f3re nale\u017cy wzi\u0105\u0107 pod uwag\u0119 przy opracowywaniu kampanii zgodnej z przepisami eToro to renomowana marka zapewniaj\u0105ca inwestorom z ca\u0142ego \u015bwiata bezpieczne i podlegaj\u0105ce regulacjom do\u015bwiadczenia inwestycyjne. Dlatego te\u017c niezwykle istotne jest stworzenie kampanii zgodnej z wymogami regulacyjnymi i wytycznymi jurysdykcji, w kt\u00f3rej promuje si\u0119 eToro. Post\u0119puj zgodnie z wytycznymi dla podmiot\u00f3w powi\u0105zanych [&hellip;]<\/p>\n","protected":false},"author":11,"featured_media":8072,"parent":0,"menu_order":0,"comment_status":"closed","ping_status":"closed","template":"","meta":{"_acf_changed":false,"sticky_cta_settings":"","footnotes":""},"class_list":["post-8677","page","type-page","status-publish","has-post-thumbnail","hentry"],"acf":[],"yoast_head":"<!-- This site is optimized with the Yoast SEO plugin v27.3 - https:\/\/yoast.com\/product\/yoast-seo-wordpress\/ -->\n<title>8 kluczowych kwestii, kt\u00f3re nale\u017cy wzi\u0105\u0107 pod uwag\u0119 przy opracowywaniu kampanii zgodnej z przepisami<\/title>\n<meta name=\"description\" content=\"eToro to renomowana marka zapewniaj\u0105ca inwestorom z ca\u0142ego \u015bwiata bezpieczne i podlegaj\u0105ce regulacjom do\u015bwiadczenia inwestycyjne. Dlatego te\u017c niezwykle istotne jest stworzenie kampanii zgodnej z wymogami regulacyjnymi\" \/>\n<meta name=\"robots\" content=\"index, follow, max-snippet:-1, max-image-preview:large, max-video-preview:-1\" \/>\n<link rel=\"canonical\" href=\"https:\/\/etoropartners.com\/pl\/8-most-important-things\/\" \/>\n<meta property=\"og:locale\" content=\"pl_PL\" \/>\n<meta property=\"og:type\" content=\"article\" \/>\n<meta property=\"og:title\" content=\"8 kluczowych kwestii, kt\u00f3re nale\u017cy wzi\u0105\u0107 pod uwag\u0119 przy opracowywaniu kampanii zgodnej z przepisami\" \/>\n<meta property=\"og:description\" content=\"eToro to renomowana marka zapewniaj\u0105ca inwestorom z ca\u0142ego \u015bwiata bezpieczne i podlegaj\u0105ce regulacjom do\u015bwiadczenia inwestycyjne. Dlatego te\u017c niezwykle istotne jest stworzenie kampanii zgodnej z wymogami regulacyjnymi\" \/>\n<meta property=\"og:url\" content=\"https:\/\/etoropartners.com\/pl\/8-most-important-things\/\" \/>\n<meta property=\"og:site_name\" content=\"eToro Partners\" \/>\n<meta property=\"article:modified_time\" content=\"2024-08-20T09:55:31+00:00\" \/>\n<meta property=\"og:image\" content=\"https:\/\/etoropartners.com\/wp-content\/uploads\/2024\/05\/Featured_8-most-important-things.png\" \/>\n\t<meta property=\"og:image:width\" content=\"1200\" \/>\n\t<meta property=\"og:image:height\" content=\"630\" \/>\n\t<meta property=\"og:image:type\" content=\"image\/png\" \/>\n<meta name=\"twitter:card\" content=\"summary_large_image\" \/>\n<meta name=\"twitter:label1\" content=\"Szacowany czas czytania\" \/>\n\t<meta name=\"twitter:data1\" content=\"3 minuty\" \/>\n<script type=\"application\/ld+json\" class=\"yoast-schema-graph\">{\"@context\":\"https:\\\/\\\/schema.org\",\"@graph\":[{\"@type\":\"WebPage\",\"@id\":\"https:\\\/\\\/etoropartners.com\\\/pl\\\/8-most-important-things\\\/\",\"url\":\"https:\\\/\\\/etoropartners.com\\\/pl\\\/8-most-important-things\\\/\",\"name\":\"8 kluczowych kwestii, kt\u00f3re nale\u017cy wzi\u0105\u0107 pod uwag\u0119 przy opracowywaniu kampanii zgodnej z przepisami\",\"isPartOf\":{\"@id\":\"https:\\\/\\\/etoropartners.com\\\/pl\\\/#website\"},\"primaryImageOfPage\":{\"@id\":\"https:\\\/\\\/etoropartners.com\\\/pl\\\/8-most-important-things\\\/#primaryimage\"},\"image\":{\"@id\":\"https:\\\/\\\/etoropartners.com\\\/pl\\\/8-most-important-things\\\/#primaryimage\"},\"thumbnailUrl\":\"https:\\\/\\\/etoropartners.com\\\/wp-content\\\/uploads\\\/2024\\\/05\\\/Featured_8-most-important-things.png\",\"datePublished\":\"2024-05-22T06:47:21+00:00\",\"dateModified\":\"2024-08-20T09:55:31+00:00\",\"description\":\"eToro to renomowana marka zapewniaj\u0105ca inwestorom z ca\u0142ego \u015bwiata bezpieczne i podlegaj\u0105ce regulacjom do\u015bwiadczenia inwestycyjne. Dlatego te\u017c niezwykle istotne jest stworzenie kampanii zgodnej z wymogami regulacyjnymi\",\"breadcrumb\":{\"@id\":\"https:\\\/\\\/etoropartners.com\\\/pl\\\/8-most-important-things\\\/#breadcrumb\"},\"inLanguage\":\"pl-PL\",\"potentialAction\":[{\"@type\":\"ReadAction\",\"target\":[\"https:\\\/\\\/etoropartners.com\\\/pl\\\/8-most-important-things\\\/\"]}]},{\"@type\":\"ImageObject\",\"inLanguage\":\"pl-PL\",\"@id\":\"https:\\\/\\\/etoropartners.com\\\/pl\\\/8-most-important-things\\\/#primaryimage\",\"url\":\"https:\\\/\\\/etoropartners.com\\\/wp-content\\\/uploads\\\/2024\\\/05\\\/Featured_8-most-important-things.png\",\"contentUrl\":\"https:\\\/\\\/etoropartners.com\\\/wp-content\\\/uploads\\\/2024\\\/05\\\/Featured_8-most-important-things.png\",\"width\":1200,\"height\":630,\"caption\":\"8 most important things to consider when creating a compliant campaign\"},{\"@type\":\"BreadcrumbList\",\"@id\":\"https:\\\/\\\/etoropartners.com\\\/pl\\\/8-most-important-things\\\/#breadcrumb\",\"itemListElement\":[{\"@type\":\"ListItem\",\"position\":1,\"name\":\"Home\",\"item\":\"https:\\\/\\\/etoropartners.wpengine.com\\\/pl\\\/\"},{\"@type\":\"ListItem\",\"position\":2,\"name\":\"8 kluczowych kwestii, kt\u00f3re nale\u017cy wzi\u0105\u0107 pod uwag\u0119 przy opracowywaniu kampanii zgodnej z przepisami\"}]},{\"@type\":\"WebSite\",\"@id\":\"https:\\\/\\\/etoropartners.com\\\/pl\\\/#website\",\"url\":\"https:\\\/\\\/etoropartners.com\\\/pl\\\/\",\"name\":\"eToro Partners\",\"description\":\"\",\"potentialAction\":[{\"@type\":\"SearchAction\",\"target\":{\"@type\":\"EntryPoint\",\"urlTemplate\":\"https:\\\/\\\/etoropartners.com\\\/pl\\\/?s={search_term_string}\"},\"query-input\":{\"@type\":\"PropertyValueSpecification\",\"valueRequired\":true,\"valueName\":\"search_term_string\"}}],\"inLanguage\":\"pl-PL\"}]}<\/script>\n<!-- \/ Yoast SEO plugin. -->","yoast_head_json":{"title":"8 kluczowych kwestii, kt\u00f3re nale\u017cy wzi\u0105\u0107 pod uwag\u0119 przy opracowywaniu kampanii zgodnej z przepisami","description":"eToro to renomowana marka zapewniaj\u0105ca inwestorom z ca\u0142ego \u015bwiata bezpieczne i podlegaj\u0105ce regulacjom do\u015bwiadczenia inwestycyjne. Dlatego te\u017c niezwykle istotne jest stworzenie kampanii zgodnej z wymogami regulacyjnymi","robots":{"index":"index","follow":"follow","max-snippet":"max-snippet:-1","max-image-preview":"max-image-preview:large","max-video-preview":"max-video-preview:-1"},"canonical":"https:\/\/etoropartners.com\/pl\/8-most-important-things\/","og_locale":"pl_PL","og_type":"article","og_title":"8 kluczowych kwestii, kt\u00f3re nale\u017cy wzi\u0105\u0107 pod uwag\u0119 przy opracowywaniu kampanii zgodnej z przepisami","og_description":"eToro to renomowana marka zapewniaj\u0105ca inwestorom z ca\u0142ego \u015bwiata bezpieczne i podlegaj\u0105ce regulacjom do\u015bwiadczenia inwestycyjne. Dlatego te\u017c niezwykle istotne jest stworzenie kampanii zgodnej z wymogami regulacyjnymi","og_url":"https:\/\/etoropartners.com\/pl\/8-most-important-things\/","og_site_name":"eToro Partners","article_modified_time":"2024-08-20T09:55:31+00:00","og_image":[{"width":1200,"height":630,"url":"https:\/\/etoropartners.com\/wp-content\/uploads\/2024\/05\/Featured_8-most-important-things.png","type":"image\/png"}],"twitter_card":"summary_large_image","twitter_misc":{"Szacowany czas czytania":"3 minuty"},"schema":{"@context":"https:\/\/schema.org","@graph":[{"@type":"WebPage","@id":"https:\/\/etoropartners.com\/pl\/8-most-important-things\/","url":"https:\/\/etoropartners.com\/pl\/8-most-important-things\/","name":"8 kluczowych kwestii, kt\u00f3re nale\u017cy wzi\u0105\u0107 pod uwag\u0119 przy opracowywaniu kampanii zgodnej z przepisami","isPartOf":{"@id":"https:\/\/etoropartners.com\/pl\/#website"},"primaryImageOfPage":{"@id":"https:\/\/etoropartners.com\/pl\/8-most-important-things\/#primaryimage"},"image":{"@id":"https:\/\/etoropartners.com\/pl\/8-most-important-things\/#primaryimage"},"thumbnailUrl":"https:\/\/etoropartners.com\/wp-content\/uploads\/2024\/05\/Featured_8-most-important-things.png","datePublished":"2024-05-22T06:47:21+00:00","dateModified":"2024-08-20T09:55:31+00:00","description":"eToro to renomowana marka zapewniaj\u0105ca inwestorom z ca\u0142ego \u015bwiata bezpieczne i podlegaj\u0105ce regulacjom do\u015bwiadczenia inwestycyjne. Dlatego te\u017c niezwykle istotne jest stworzenie kampanii zgodnej z wymogami regulacyjnymi","breadcrumb":{"@id":"https:\/\/etoropartners.com\/pl\/8-most-important-things\/#breadcrumb"},"inLanguage":"pl-PL","potentialAction":[{"@type":"ReadAction","target":["https:\/\/etoropartners.com\/pl\/8-most-important-things\/"]}]},{"@type":"ImageObject","inLanguage":"pl-PL","@id":"https:\/\/etoropartners.com\/pl\/8-most-important-things\/#primaryimage","url":"https:\/\/etoropartners.com\/wp-content\/uploads\/2024\/05\/Featured_8-most-important-things.png","contentUrl":"https:\/\/etoropartners.com\/wp-content\/uploads\/2024\/05\/Featured_8-most-important-things.png","width":1200,"height":630,"caption":"8 most important things to consider when creating a compliant campaign"},{"@type":"BreadcrumbList","@id":"https:\/\/etoropartners.com\/pl\/8-most-important-things\/#breadcrumb","itemListElement":[{"@type":"ListItem","position":1,"name":"Home","item":"https:\/\/etoropartners.wpengine.com\/pl\/"},{"@type":"ListItem","position":2,"name":"8 kluczowych kwestii, kt\u00f3re nale\u017cy wzi\u0105\u0107 pod uwag\u0119 przy opracowywaniu kampanii zgodnej z przepisami"}]},{"@type":"WebSite","@id":"https:\/\/etoropartners.com\/pl\/#website","url":"https:\/\/etoropartners.com\/pl\/","name":"eToro Partners","description":"","potentialAction":[{"@type":"SearchAction","target":{"@type":"EntryPoint","urlTemplate":"https:\/\/etoropartners.com\/pl\/?s={search_term_string}"},"query-input":{"@type":"PropertyValueSpecification","valueRequired":true,"valueName":"search_term_string"}}],"inLanguage":"pl-PL"}]}},"_links":{"self":[{"href":"https:\/\/etoropartners.com\/pl\/wp-json\/wp\/v2\/pages\/8677","targetHints":{"allow":["GET"]}}],"collection":[{"href":"https:\/\/etoropartners.com\/pl\/wp-json\/wp\/v2\/pages"}],"about":[{"href":"https:\/\/etoropartners.com\/pl\/wp-json\/wp\/v2\/types\/page"}],"author":[{"embeddable":true,"href":"https:\/\/etoropartners.com\/pl\/wp-json\/wp\/v2\/users\/11"}],"replies":[{"embeddable":true,"href":"https:\/\/etoropartners.com\/pl\/wp-json\/wp\/v2\/comments?post=8677"}],"version-history":[{"count":0,"href":"https:\/\/etoropartners.com\/pl\/wp-json\/wp\/v2\/pages\/8677\/revisions"}],"wp:featuredmedia":[{"embeddable":true,"href":"https:\/\/etoropartners.com\/pl\/wp-json\/wp\/v2\/media\/8072"}],"wp:attachment":[{"href":"https:\/\/etoropartners.com\/pl\/wp-json\/wp\/v2\/media?parent=8677"}],"curies":[{"name":"wp","href":"https:\/\/api.w.org\/{rel}","templated":true}]}}