{"id":8626,"date":"2024-05-22T13:20:48","date_gmt":"2024-05-22T11:20:48","guid":{"rendered":"https:\/\/etoropartners.com\/youtube-guidelines\/"},"modified":"2026-02-02T13:44:20","modified_gmt":"2026-02-02T11:44:20","slug":"youtube-guidelines","status":"publish","type":"page","link":"https:\/\/etoropartners.com\/pl\/youtube-guidelines\/","title":{"rendered":"Przewodnik po zgodno\u015bci dla influencer\u00f3w"},"content":{"rendered":"\n<section class=\"wp-block-group wp-block-group-boxed wp-block-group-small-top-padding wp-block-group-small-bottom-padding\"><div class=\"wp-block-group-inner is-layout-flow wp-block-group-is-layout-flow\">\n<div class=\"wp-block-columns are-vertically-aligned-top wp-block-columns-1 is-layout-flex wp-container-core-columns-is-layout-9d6595d7 wp-block-columns-is-layout-flex\">\n<div class=\"wp-block-column wp-block-column-align-desktop-center wp-block-column-align-mobile-center is-layout-flow wp-block-column-is-layout-flow\">\n<h2 class=\"wp-block-heading\">Przewodnik po zgodno\u015bci dla influencer\u00f3w<\/h2>\n\n\n\n<figure class=\"wp-block-image size-large\"><img loading=\"lazy\" decoding=\"async\" width=\"1024\" height=\"256\" src=\"https:\/\/etoropartners.com\/wp-content\/uploads\/2026\/01\/4301-12.10.25-eToro-Affiliate-Program-Influencer-compliance-guide-Header-1600x400px-V2-1024x256.jpg\" alt=\"\" class=\"wp-image-9309 wp-image-desktop\" srcset=\"https:\/\/etoropartners.com\/wp-content\/uploads\/2026\/01\/4301-12.10.25-eToro-Affiliate-Program-Influencer-compliance-guide-Header-1600x400px-V2-1024x256.jpg 1024w, https:\/\/etoropartners.com\/wp-content\/uploads\/2026\/01\/4301-12.10.25-eToro-Affiliate-Program-Influencer-compliance-guide-Header-1600x400px-V2-300x75.jpg 300w, https:\/\/etoropartners.com\/wp-content\/uploads\/2026\/01\/4301-12.10.25-eToro-Affiliate-Program-Influencer-compliance-guide-Header-1600x400px-V2-768x192.jpg 768w, https:\/\/etoropartners.com\/wp-content\/uploads\/2026\/01\/4301-12.10.25-eToro-Affiliate-Program-Influencer-compliance-guide-Header-1600x400px-V2-1536x384.jpg 1536w, https:\/\/etoropartners.com\/wp-content\/uploads\/2026\/01\/4301-12.10.25-eToro-Affiliate-Program-Influencer-compliance-guide-Header-1600x400px-V2.jpg 1600w\" sizes=\"auto, (max-width: 1024px) 100vw, 1024px\" \/><\/figure>\n<\/div>\n<\/div>\n<\/div><\/section>\n\n\n\n<section class=\"wp-block-group wp-block-group-boxed wp-block-group-small-top-padding wp-block-group-small-bottom-padding\"><div class=\"wp-block-group-inner is-layout-flow wp-block-group-is-layout-flow\">\n<div class=\"wp-block-columns are-vertically-aligned-top wp-block-columns-1 is-layout-flex wp-container-core-columns-is-layout-9d6595d7 wp-block-columns-is-layout-flex\">\n<div class=\"wp-block-column is-layout-flow wp-block-column-is-layout-flow\">\n<p>eToro to uznana marka, kt\u00f3ra zapewnia traderom i inwestorom z ca\u0142ego \u015bwiata bezpieczne, regulowane warunki handlu. Stawiamy na przejrzysto\u015b\u0107, uczciwo\u015b\u0107 i odpowiedzialne dzia\u0142ania marketingowe, dbaj\u0105c o integralno\u015b\u0107 systemu finansowego. Jako influencer masz kluczowy wp\u0142yw na budowanie tego zaufania. Dlatego ka\u017cda Twoja kampania musi by\u0107 w pe\u0142ni zgodna z lokalnymi wymogami regulacyjnymi oraz wytycznymi obowi\u0105zuj\u0105cymi w jurysdykcji, w kt\u00f3rej promujesz lub planujesz promowa\u0107 eToro. W tym przewodniku znajdziesz najwa\u017cniejsze zasady zgodno\u015bci dla influencer\u00f3w promuj\u0105cych eToro, uzupe\u0142niaj\u0105ce wytyczne dost\u0119pne <a href=\"https:\/\/etoropartners.com\/pl\/compliance-guidelines\/\">tutaj <\/a>.<\/p>\n\n\n\n<p><\/p>\n\n\n\n<p><strong>Wst\u0119pna weryfikacja tre\u015bci:<\/strong> Zanim opublikujesz jakiekolwiek materia\u0142y o eToro, musisz przes\u0142a\u0107 tre\u015b\u0107 lub scenariusz do weryfikacji swojemu Affiliate Managerowi. Dzi\u0119ki temu wszystkie materia\u0142y promocyjne zostan\u0105 sprawdzone pod k\u0105tem zgodno\u015bci z wytycznymi i zasadami eToro oraz z obowi\u0105zuj\u0105cymi regulacjami, zanim trafi\u0105 do publikacji.<\/p>\n\n\n\n<p><\/p>\n\n\n\n<p><strong>Promowanie w r\u00f3\u017cnych krajach:<\/strong> eToro dzia\u0142a w ponad 100 krajach na ca\u0142ym \u015bwiecie. Obowi\u0105zuj\u0105 jednak ograniczenia regulacyjne dotycz\u0105ce promowania us\u0142ug eToro oraz niekt\u00f3rych produkt\u00f3w w wybranych regionach. Promuj\u0105c eToro, unikaj odniesie\u0144 do kraj\u00f3w obj\u0119tych ograniczeniami \u2014 r\u00f3wnie\u017c poprzez u\u017cycie j\u0119zyk\u00f3w lub walut, kt\u00f3re mog\u0142yby sugerowa\u0107 dzia\u0142ania promocyjne w takich miejscach. Dodatkowo nie promuj produkt\u00f3w niedost\u0119pnych w kraju, do kt\u00f3rego kierujesz przekaz. Szczeg\u00f3\u0142owe informacje znajdziesz w naszych <a href=\"https:\/\/etoropartners.com\/pl\/compliance-guidelines\/\">wytycznych.<\/a><\/p>\n\n\n\n<p><\/p>\n\n\n\n<p><strong>Promowanie w Stanach Zjednoczonych:<\/strong> W USA mo\u017cesz promowa\u0107 eToro wy\u0142\u0105cznie za pomoc\u0105 konta US i dopiero po zatwierdzeniu Twojego konta oraz tre\u015bci przez ameryka\u0144ski zesp\u00f3\u0142 ds. zgodno\u015bci. Aby tworzy\u0107 materia\u0142y zgodne z przepisami, stosuj si\u0119 do <a href=\"https:\/\/docs.google.com\/presentation\/d\/1U5-1DmQStR6pC0GPSti47MVmm_ucMxmz1t-ZmNSzSb0\/edit?slide=id.g3452ee07848_1_2#slide=id.g3452ee07848_1_2\">wytycznych dla USA<\/a>. Pami\u0119taj, \u017ce konta globalne nie otrzymuj\u0105 wynagrodzenia za trader\u00f3w z USA, a konta US s\u0105 wynagradzane wy\u0142\u0105cznie za trader\u00f3w z USA.<\/p>\n\n\n\n<p><\/p>\n\n\n\n<p><strong>Kluczowe wymagania dotycz\u0105ce zgodno\u015bci:<\/strong><\/p>\n\n\n\n<ol class=\"wp-block-list wp-block-list\">\n<li><strong>Ujawnij swoje adresy URL:\u00a0<\/strong>\n<ul class=\"wp-block-list wp-block-list wp-block-list-circle\">\n<li>Promuj eToro tylko w witrynach i kana\u0142ach, kt\u00f3re ujawni\u0142e\u015b eToro. Je\u015bli chcesz wykorzysta\u0107 nowy kana\u0142 lub stron\u0119, prze\u015blij je do akceptacji swojemu Affiliate Managerowi. Musimy wiedzie\u0107, jak i gdzie promowane jest eToro.<\/li>\n<\/ul>\n<\/li>\n\n\n\n<li><strong>Dok\u0142adno\u015b\u0107 i niewprowadzaj\u0105ce w b\u0142\u0105d informacje:\u00a0<\/strong>\n<ul class=\"wp-block-list wp-block-list wp-block-list-circle\">\n<li>Upewnij si\u0119, \u017ce wszystkie informacje s\u0105 <a href=\"https:\/\/etoropartners.com\/pl\/be-accurate\/\">rzetelne, wywa\u017cone i aktualne<\/a>. Wspominaj o ryzyku zwi\u0105zanym z inwestowaniem. Unikaj przedstawiania inwestowania jako \u0142atwego, sk\u0142adania obietnic bez pokrycia czy u\u017cywania sformu\u0142owa\u0144 mog\u0105cych wprowadza\u0107 w b\u0142\u0105d. Nie u\u017cywaj grafik ani emotikon sugeruj\u0105cych bogactwo lub wzrost (np. plik\u00f3w pieni\u0119dzy, luksusowych aut, rakiet). Nie u\u017cywaj nazwy eToro w domenie ani nie sugeruj, \u017ce reprezentujesz lub pracujesz dla eToro.<\/li>\n<\/ul>\n<\/li>\n\n\n\n<li><strong>Brak doradztwa inwestycyjnego:\u00a0<\/strong>\n<ul class=\"wp-block-list wp-block-list wp-block-list-circle\">\n<li>Nie umieszczaj eToro w tre\u015bciach oferuj\u0105cych porady inwestycyjne.<\/li>\n<\/ul>\n<\/li>\n\n\n\n<li><strong>Unikaj tworzenia poczucia presji:\u00a0<\/strong>\n<ul class=\"wp-block-list wp-block-list wp-block-list-circle\">\n<li>Nie wywo\u0142uj wra\u017cenia, \u017ce trzeba natychmiast kupi\u0107 okre\u015blone instrumenty.<\/li>\n<\/ul>\n<\/li>\n\n\n\n<li><strong>Poufno\u015b\u0107 i przeciwdzia\u0142anie oszustwom:\u00a0<\/strong>\n<ul class=\"wp-block-list wp-block-list wp-block-list-circle\">\n<li>Nie ujawniaj poufnych informacji ani nie pomagaj inwestorom w oszukiwaniu eToro. Nie podpowiadaj traderom, jak odpowiada\u0107 na pytania KYC, ani nie zach\u0119caj ich do handlu na platformie.<\/li>\n<\/ul>\n<\/li>\n<\/ol>\n\n\n\n<p><strong>Ostrze\u017cenia o ryzyku:<\/strong> Zawsze dodawaj w\u0142a\u015bciwe <a href=\"https:\/\/etoropartners.com\/pl\/risk-warnings\/\">ostrze\u017cenie o ryzyku<\/a> dla promowanych aktyw\u00f3w oraz kraju, do kt\u00f3rego kierujesz tre\u015bci, w czytelnym rozmiarze. W mediach spo\u0142eczno\u015bciowych u\u017cywaj \u201eog\u00f3lnego\u201d ostrze\u017cenia o ryzyku. Je\u015bli Twoje tre\u015bci dotycz\u0105 wy\u0142\u0105cznie krypto, zastosuj ostrze\u017cenie dotycz\u0105ce krypto. Ostrze\u017cenie o ryzyku musi znajdowa\u0107 si\u0119 przy ka\u017cdym linku prowadz\u0105cym do eToro oraz w ka\u017cdym po\u015bcie o eToro. W przypadku materia\u0142\u00f3w wideo powinno by\u0107 widoczne na ekranie przez 10 sekund na ko\u0144cu film\u00f3w o eToro, a tak\u017ce umieszczone w opisach film\u00f3w, obok linku do eToro. Na platformach takich jak TikTok czy Instagram mo\u017cesz u\u017cy\u0107 kr\u00f3tszej wersji ostrze\u017cenia o ryzyku dla \u201eakcji i ETF-\u00f3w\u201d ze wzgl\u0119du na ograniczenia liczby znak\u00f3w.<\/p>\n\n\n\n<p><br><strong>Ujawnienie wsp\u00f3\u0142pracy:<\/strong> W mediach spo\u0142eczno\u015bciowych zadbaj, aby materia\u0142y by\u0142y wyra\u017anie oznaczone jako reklama \u2014 wystarczy np. \u201e#advert\u201d.<\/p>\n\n\n\n<p><br><strong>Okresowa weryfikacja tre\u015bci i zgodno\u015bci:<\/strong> eToro b\u0119dzie regularnie sprawdza\u0107 Twoje materia\u0142y promocyjne, aby upewni\u0107 si\u0119, \u017ce nadal spe\u0142niaj\u0105 nasze wewn\u0119trzne wytyczne oraz obowi\u0105zuj\u0105ce regulacje. Masz obowi\u0105zek w pe\u0142ni wsp\u00f3\u0142pracowa\u0107 podczas takich kontroli i niezw\u0142ocznie wprowadza\u0107 wymagane zmiany. Nieprzestrzeganie wytycznych eToro mo\u017ce skutkowa\u0107 zako\u0144czeniem wsp\u00f3\u0142pracy lub zamkni\u0119ciem Twojego konta.<\/p>\n\n\n\n<p><\/p>\n\n\n\n<p><strong>Dzi\u0119kujemy za przestrzeganie wysokich standard\u00f3w eToro. Czekamy na Twoje \u015bwietne tre\u015bci!<\/strong><\/p>\n\n\n\n<p>eToro to platforma inwestycyjna obs\u0142uguj\u0105ca wiele rodzaj\u00f3w aktyw\u00f3w. Warto\u015b\u0107 Twoich inwestycji mo\u017ce wzrosn\u0105\u0107 lub spa\u015b\u0107.&nbsp; Tw\u00f3j kapita\u0142 jest nara\u017cony na ryzyko.<\/p>\n\n\n\n<p><\/p>\n\n\n\n<p>eToro AUS Capital Limited AFSL 491139. eToro to platforma inwestycyjna obs\u0142uguj\u0105ca wiele rodzaj\u00f3w aktyw\u00f3w. Warto\u015b\u0107 Twoich inwestycji mo\u017ce wzrosn\u0105\u0107 lub spa\u015b\u0107. Tw\u00f3j kapita\u0142 jest nara\u017cony na ryzyko. Zapoznaj si\u0119 z informacjami o produkcie (PDS) i docelowym odbiorcy (TMD)<\/p>\n<\/div>\n<\/div>\n<\/div><\/section>\n","protected":false},"excerpt":{"rendered":"<p>Przewodnik po zgodno\u015bci dla influencer\u00f3w eToro to uznana marka, kt\u00f3ra zapewnia traderom i inwestorom z ca\u0142ego \u015bwiata bezpieczne, regulowane warunki handlu. Stawiamy na przejrzysto\u015b\u0107, uczciwo\u015b\u0107 i odpowiedzialne dzia\u0142ania marketingowe, dbaj\u0105c o integralno\u015b\u0107 systemu finansowego. Jako influencer masz kluczowy wp\u0142yw na budowanie tego zaufania. Dlatego ka\u017cda Twoja kampania musi by\u0107 w pe\u0142ni zgodna z lokalnymi wymogami [&hellip;]<\/p>\n","protected":false},"author":11,"featured_media":0,"parent":0,"menu_order":0,"comment_status":"closed","ping_status":"closed","template":"","meta":{"_acf_changed":false,"sticky_cta_settings":"","footnotes":""},"class_list":["post-8626","page","type-page","status-publish","hentry"],"acf":[],"yoast_head":"<!-- This site is optimized with the Yoast SEO plugin v27.3 - https:\/\/yoast.com\/product\/yoast-seo-wordpress\/ -->\n<title>Wytyczne dla YouTube<\/title>\n<meta name=\"description\" content=\"Zapoznaj si\u0119 z wytycznymi dotycz\u0105cymi kampanii w serwisie YouTube\" \/>\n<meta name=\"robots\" content=\"index, follow, max-snippet:-1, max-image-preview:large, max-video-preview:-1\" \/>\n<link rel=\"canonical\" href=\"https:\/\/etoropartners.com\/pl\/youtube-guidelines\/\" \/>\n<meta property=\"og:locale\" content=\"pl_PL\" \/>\n<meta property=\"og:type\" content=\"article\" \/>\n<meta property=\"og:title\" content=\"Wytyczne dla YouTube\" \/>\n<meta property=\"og:description\" content=\"Zapoznaj si\u0119 z wytycznymi dotycz\u0105cymi kampanii w serwisie YouTube\" \/>\n<meta property=\"og:url\" content=\"https:\/\/etoropartners.com\/pl\/youtube-guidelines\/\" \/>\n<meta property=\"og:site_name\" content=\"eToro Partners\" \/>\n<meta property=\"article:modified_time\" content=\"2026-02-02T11:44:20+00:00\" \/>\n<meta property=\"og:image\" content=\"https:\/\/etoropartners.com\/wp-content\/uploads\/2026\/01\/4301-12.10.25-eToro-Affiliate-Program-Influencer-compliance-guide-Header-1600x400px-V2.jpg\" \/>\n\t<meta property=\"og:image:width\" content=\"1600\" \/>\n\t<meta property=\"og:image:height\" content=\"400\" \/>\n\t<meta property=\"og:image:type\" content=\"image\/jpeg\" \/>\n<meta name=\"twitter:card\" content=\"summary_large_image\" \/>\n<meta name=\"twitter:label1\" content=\"Szacowany czas czytania\" \/>\n\t<meta name=\"twitter:data1\" content=\"4 minuty\" \/>\n<script type=\"application\/ld+json\" class=\"yoast-schema-graph\">{\"@context\":\"https:\\\/\\\/schema.org\",\"@graph\":[{\"@type\":\"WebPage\",\"@id\":\"https:\\\/\\\/etoropartners.com\\\/pl\\\/youtube-guidelines\\\/\",\"url\":\"https:\\\/\\\/etoropartners.com\\\/pl\\\/youtube-guidelines\\\/\",\"name\":\"Wytyczne dla YouTube\",\"isPartOf\":{\"@id\":\"https:\\\/\\\/etoropartners.com\\\/pl\\\/#website\"},\"primaryImageOfPage\":{\"@id\":\"https:\\\/\\\/etoropartners.com\\\/pl\\\/youtube-guidelines\\\/#primaryimage\"},\"image\":{\"@id\":\"https:\\\/\\\/etoropartners.com\\\/pl\\\/youtube-guidelines\\\/#primaryimage\"},\"thumbnailUrl\":\"https:\\\/\\\/etoropartners.com\\\/wp-content\\\/uploads\\\/2026\\\/01\\\/4301-12.10.25-eToro-Affiliate-Program-Influencer-compliance-guide-Header-1600x400px-V2-1024x256.jpg\",\"datePublished\":\"2024-05-22T11:20:48+00:00\",\"dateModified\":\"2026-02-02T11:44:20+00:00\",\"description\":\"Zapoznaj si\u0119 z wytycznymi dotycz\u0105cymi kampanii w serwisie YouTube\",\"breadcrumb\":{\"@id\":\"https:\\\/\\\/etoropartners.com\\\/pl\\\/youtube-guidelines\\\/#breadcrumb\"},\"inLanguage\":\"pl-PL\",\"potentialAction\":[{\"@type\":\"ReadAction\",\"target\":[\"https:\\\/\\\/etoropartners.com\\\/pl\\\/youtube-guidelines\\\/\"]}]},{\"@type\":\"ImageObject\",\"inLanguage\":\"pl-PL\",\"@id\":\"https:\\\/\\\/etoropartners.com\\\/pl\\\/youtube-guidelines\\\/#primaryimage\",\"url\":\"https:\\\/\\\/etoropartners.com\\\/wp-content\\\/uploads\\\/2026\\\/01\\\/4301-12.10.25-eToro-Affiliate-Program-Influencer-compliance-guide-Header-1600x400px-V2-1024x256.jpg\",\"contentUrl\":\"https:\\\/\\\/etoropartners.com\\\/wp-content\\\/uploads\\\/2026\\\/01\\\/4301-12.10.25-eToro-Affiliate-Program-Influencer-compliance-guide-Header-1600x400px-V2-1024x256.jpg\"},{\"@type\":\"BreadcrumbList\",\"@id\":\"https:\\\/\\\/etoropartners.com\\\/pl\\\/youtube-guidelines\\\/#breadcrumb\",\"itemListElement\":[{\"@type\":\"ListItem\",\"position\":1,\"name\":\"Home\",\"item\":\"https:\\\/\\\/etoropartners.wpengine.com\\\/pl\\\/\"},{\"@type\":\"ListItem\",\"position\":2,\"name\":\"Przewodnik po zgodno\u015bci dla influencer\u00f3w\"}]},{\"@type\":\"WebSite\",\"@id\":\"https:\\\/\\\/etoropartners.com\\\/pl\\\/#website\",\"url\":\"https:\\\/\\\/etoropartners.com\\\/pl\\\/\",\"name\":\"eToro Partners\",\"description\":\"\",\"potentialAction\":[{\"@type\":\"SearchAction\",\"target\":{\"@type\":\"EntryPoint\",\"urlTemplate\":\"https:\\\/\\\/etoropartners.com\\\/pl\\\/?s={search_term_string}\"},\"query-input\":{\"@type\":\"PropertyValueSpecification\",\"valueRequired\":true,\"valueName\":\"search_term_string\"}}],\"inLanguage\":\"pl-PL\"}]}<\/script>\n<!-- \/ Yoast SEO plugin. -->","yoast_head_json":{"title":"Wytyczne dla YouTube","description":"Zapoznaj si\u0119 z wytycznymi dotycz\u0105cymi kampanii w serwisie YouTube","robots":{"index":"index","follow":"follow","max-snippet":"max-snippet:-1","max-image-preview":"max-image-preview:large","max-video-preview":"max-video-preview:-1"},"canonical":"https:\/\/etoropartners.com\/pl\/youtube-guidelines\/","og_locale":"pl_PL","og_type":"article","og_title":"Wytyczne dla YouTube","og_description":"Zapoznaj si\u0119 z wytycznymi dotycz\u0105cymi kampanii w serwisie YouTube","og_url":"https:\/\/etoropartners.com\/pl\/youtube-guidelines\/","og_site_name":"eToro Partners","article_modified_time":"2026-02-02T11:44:20+00:00","og_image":[{"width":1600,"height":400,"url":"https:\/\/etoropartners.com\/wp-content\/uploads\/2026\/01\/4301-12.10.25-eToro-Affiliate-Program-Influencer-compliance-guide-Header-1600x400px-V2.jpg","type":"image\/jpeg"}],"twitter_card":"summary_large_image","twitter_misc":{"Szacowany czas czytania":"4 minuty"},"schema":{"@context":"https:\/\/schema.org","@graph":[{"@type":"WebPage","@id":"https:\/\/etoropartners.com\/pl\/youtube-guidelines\/","url":"https:\/\/etoropartners.com\/pl\/youtube-guidelines\/","name":"Wytyczne dla YouTube","isPartOf":{"@id":"https:\/\/etoropartners.com\/pl\/#website"},"primaryImageOfPage":{"@id":"https:\/\/etoropartners.com\/pl\/youtube-guidelines\/#primaryimage"},"image":{"@id":"https:\/\/etoropartners.com\/pl\/youtube-guidelines\/#primaryimage"},"thumbnailUrl":"https:\/\/etoropartners.com\/wp-content\/uploads\/2026\/01\/4301-12.10.25-eToro-Affiliate-Program-Influencer-compliance-guide-Header-1600x400px-V2-1024x256.jpg","datePublished":"2024-05-22T11:20:48+00:00","dateModified":"2026-02-02T11:44:20+00:00","description":"Zapoznaj si\u0119 z wytycznymi dotycz\u0105cymi kampanii w serwisie YouTube","breadcrumb":{"@id":"https:\/\/etoropartners.com\/pl\/youtube-guidelines\/#breadcrumb"},"inLanguage":"pl-PL","potentialAction":[{"@type":"ReadAction","target":["https:\/\/etoropartners.com\/pl\/youtube-guidelines\/"]}]},{"@type":"ImageObject","inLanguage":"pl-PL","@id":"https:\/\/etoropartners.com\/pl\/youtube-guidelines\/#primaryimage","url":"https:\/\/etoropartners.com\/wp-content\/uploads\/2026\/01\/4301-12.10.25-eToro-Affiliate-Program-Influencer-compliance-guide-Header-1600x400px-V2-1024x256.jpg","contentUrl":"https:\/\/etoropartners.com\/wp-content\/uploads\/2026\/01\/4301-12.10.25-eToro-Affiliate-Program-Influencer-compliance-guide-Header-1600x400px-V2-1024x256.jpg"},{"@type":"BreadcrumbList","@id":"https:\/\/etoropartners.com\/pl\/youtube-guidelines\/#breadcrumb","itemListElement":[{"@type":"ListItem","position":1,"name":"Home","item":"https:\/\/etoropartners.wpengine.com\/pl\/"},{"@type":"ListItem","position":2,"name":"Przewodnik po zgodno\u015bci dla influencer\u00f3w"}]},{"@type":"WebSite","@id":"https:\/\/etoropartners.com\/pl\/#website","url":"https:\/\/etoropartners.com\/pl\/","name":"eToro Partners","description":"","potentialAction":[{"@type":"SearchAction","target":{"@type":"EntryPoint","urlTemplate":"https:\/\/etoropartners.com\/pl\/?s={search_term_string}"},"query-input":{"@type":"PropertyValueSpecification","valueRequired":true,"valueName":"search_term_string"}}],"inLanguage":"pl-PL"}]}},"_links":{"self":[{"href":"https:\/\/etoropartners.com\/pl\/wp-json\/wp\/v2\/pages\/8626","targetHints":{"allow":["GET"]}}],"collection":[{"href":"https:\/\/etoropartners.com\/pl\/wp-json\/wp\/v2\/pages"}],"about":[{"href":"https:\/\/etoropartners.com\/pl\/wp-json\/wp\/v2\/types\/page"}],"author":[{"embeddable":true,"href":"https:\/\/etoropartners.com\/pl\/wp-json\/wp\/v2\/users\/11"}],"replies":[{"embeddable":true,"href":"https:\/\/etoropartners.com\/pl\/wp-json\/wp\/v2\/comments?post=8626"}],"version-history":[{"count":0,"href":"https:\/\/etoropartners.com\/pl\/wp-json\/wp\/v2\/pages\/8626\/revisions"}],"wp:attachment":[{"href":"https:\/\/etoropartners.com\/pl\/wp-json\/wp\/v2\/media?parent=8626"}],"curies":[{"name":"wp","href":"https:\/\/api.w.org\/{rel}","templated":true}]}}