{"id":2838,"date":"2021-10-19T07:28:36","date_gmt":"2021-10-19T07:28:36","guid":{"rendered":"https:\/\/etoropartners.wpengine.com\/key-features-for-etoro-partners\/"},"modified":"2026-01-13T10:43:39","modified_gmt":"2026-01-13T08:43:39","slug":"key-features-for-etoro-partners","status":"publish","type":"page","link":"https:\/\/etoropartners.com\/pl\/key-features-for-etoro-partners\/","title":{"rendered":"Key Features"},"content":{"rendered":"","protected":false},"excerpt":{"rendered":"","protected":false},"author":5,"featured_media":3981,"parent":0,"menu_order":0,"comment_status":"closed","ping_status":"closed","template":"","meta":{"_acf_changed":false,"sticky_cta_settings":"","footnotes":""},"class_list":["post-2838","page","type-page","status-publish","has-post-thumbnail","hentry"],"acf":[],"yoast_head":"<!-- This site is optimized with the Yoast SEO plugin v27.3 - https:\/\/yoast.com\/product\/yoast-seo-wordpress\/ -->\n<title>Kluczowe korzy\u015bci dla cz\u0142onk\u00f3w eToro Partners<\/title>\n<meta name=\"description\" content=\"eToro jest dost\u0119pne w wielu krajach. Poniewa\u017c przepisy r\u00f3\u017cni\u0105 si\u0119 w zale\u017cno\u015bci od kraju, zwr\u00f3cili\u015bmy uwag\u0119 na to, gdzie konkretne aktywa lub korzy\u015bci s\u0105 ograniczone\" \/>\n<meta name=\"robots\" content=\"index, follow, max-snippet:-1, max-image-preview:large, max-video-preview:-1\" \/>\n<link rel=\"canonical\" href=\"https:\/\/etoropartners.com\/pl\/key-features-for-etoro-partners\/\" \/>\n<meta property=\"og:locale\" content=\"pl_PL\" \/>\n<meta property=\"og:type\" content=\"article\" \/>\n<meta property=\"og:title\" content=\"Kluczowe korzy\u015bci dla cz\u0142onk\u00f3w eToro Partners\" \/>\n<meta property=\"og:description\" content=\"eToro jest dost\u0119pne w wielu krajach. Poniewa\u017c przepisy r\u00f3\u017cni\u0105 si\u0119 w zale\u017cno\u015bci od kraju, zwr\u00f3cili\u015bmy uwag\u0119 na to, gdzie konkretne aktywa lub korzy\u015bci s\u0105 ograniczone\" \/>\n<meta property=\"og:url\" content=\"https:\/\/etoropartners.com\/pl\/key-features-for-etoro-partners\/\" \/>\n<meta property=\"og:site_name\" content=\"eToro Partners\" \/>\n<meta property=\"article:modified_time\" content=\"2026-01-13T08:43:39+00:00\" \/>\n<meta property=\"og:image\" content=\"https:\/\/etoropartners.com\/wp-content\/uploads\/2023\/02\/Key-Features-for-eToro-Partners.png\" \/>\n\t<meta property=\"og:image:width\" content=\"1600\" \/>\n\t<meta property=\"og:image:height\" content=\"400\" \/>\n\t<meta property=\"og:image:type\" content=\"image\/png\" \/>\n<meta name=\"twitter:card\" content=\"summary_large_image\" \/>\n<meta name=\"twitter:label1\" content=\"Szacowany czas czytania\" \/>\n\t<meta name=\"twitter:data1\" content=\"1 minuta\" \/>\n<script type=\"application\/ld+json\" class=\"yoast-schema-graph\">{\"@context\":\"https:\\\/\\\/schema.org\",\"@graph\":[{\"@type\":\"WebPage\",\"@id\":\"https:\\\/\\\/etoropartners.com\\\/pl\\\/key-features-for-etoro-partners\\\/\",\"url\":\"https:\\\/\\\/etoropartners.com\\\/pl\\\/key-features-for-etoro-partners\\\/\",\"name\":\"Kluczowe korzy\u015bci dla cz\u0142onk\u00f3w eToro Partners\",\"isPartOf\":{\"@id\":\"https:\\\/\\\/etoropartners.com\\\/pl\\\/#website\"},\"primaryImageOfPage\":{\"@id\":\"https:\\\/\\\/etoropartners.com\\\/pl\\\/key-features-for-etoro-partners\\\/#primaryimage\"},\"image\":{\"@id\":\"https:\\\/\\\/etoropartners.com\\\/pl\\\/key-features-for-etoro-partners\\\/#primaryimage\"},\"thumbnailUrl\":\"https:\\\/\\\/etoropartners.com\\\/wp-content\\\/uploads\\\/2023\\\/02\\\/Key-Features-for-eToro-Partners.png\",\"datePublished\":\"2021-10-19T07:28:36+00:00\",\"dateModified\":\"2026-01-13T08:43:39+00:00\",\"description\":\"eToro jest dost\u0119pne w wielu krajach. Poniewa\u017c przepisy r\u00f3\u017cni\u0105 si\u0119 w zale\u017cno\u015bci od kraju, zwr\u00f3cili\u015bmy uwag\u0119 na to, gdzie konkretne aktywa lub korzy\u015bci s\u0105 ograniczone\",\"breadcrumb\":{\"@id\":\"https:\\\/\\\/etoropartners.com\\\/pl\\\/key-features-for-etoro-partners\\\/#breadcrumb\"},\"inLanguage\":\"pl-PL\",\"potentialAction\":[{\"@type\":\"ReadAction\",\"target\":[\"https:\\\/\\\/etoropartners.com\\\/pl\\\/key-features-for-etoro-partners\\\/\"]}]},{\"@type\":\"ImageObject\",\"inLanguage\":\"pl-PL\",\"@id\":\"https:\\\/\\\/etoropartners.com\\\/pl\\\/key-features-for-etoro-partners\\\/#primaryimage\",\"url\":\"https:\\\/\\\/etoropartners.com\\\/wp-content\\\/uploads\\\/2023\\\/02\\\/Key-Features-for-eToro-Partners.png\",\"contentUrl\":\"https:\\\/\\\/etoropartners.com\\\/wp-content\\\/uploads\\\/2023\\\/02\\\/Key-Features-for-eToro-Partners.png\",\"width\":1600,\"height\":400},{\"@type\":\"BreadcrumbList\",\"@id\":\"https:\\\/\\\/etoropartners.com\\\/pl\\\/key-features-for-etoro-partners\\\/#breadcrumb\",\"itemListElement\":[{\"@type\":\"ListItem\",\"position\":1,\"name\":\"Home\",\"item\":\"https:\\\/\\\/etoropartners.wpengine.com\\\/pl\\\/\"},{\"@type\":\"ListItem\",\"position\":2,\"name\":\"Key Features\"}]},{\"@type\":\"WebSite\",\"@id\":\"https:\\\/\\\/etoropartners.com\\\/pl\\\/#website\",\"url\":\"https:\\\/\\\/etoropartners.com\\\/pl\\\/\",\"name\":\"eToro Partners\",\"description\":\"\",\"potentialAction\":[{\"@type\":\"SearchAction\",\"target\":{\"@type\":\"EntryPoint\",\"urlTemplate\":\"https:\\\/\\\/etoropartners.com\\\/pl\\\/?s={search_term_string}\"},\"query-input\":{\"@type\":\"PropertyValueSpecification\",\"valueRequired\":true,\"valueName\":\"search_term_string\"}}],\"inLanguage\":\"pl-PL\"}]}<\/script>\n<!-- \/ Yoast SEO plugin. -->","yoast_head_json":{"title":"Kluczowe korzy\u015bci dla cz\u0142onk\u00f3w eToro Partners","description":"eToro jest dost\u0119pne w wielu krajach. Poniewa\u017c przepisy r\u00f3\u017cni\u0105 si\u0119 w zale\u017cno\u015bci od kraju, zwr\u00f3cili\u015bmy uwag\u0119 na to, gdzie konkretne aktywa lub korzy\u015bci s\u0105 ograniczone","robots":{"index":"index","follow":"follow","max-snippet":"max-snippet:-1","max-image-preview":"max-image-preview:large","max-video-preview":"max-video-preview:-1"},"canonical":"https:\/\/etoropartners.com\/pl\/key-features-for-etoro-partners\/","og_locale":"pl_PL","og_type":"article","og_title":"Kluczowe korzy\u015bci dla cz\u0142onk\u00f3w eToro Partners","og_description":"eToro jest dost\u0119pne w wielu krajach. Poniewa\u017c przepisy r\u00f3\u017cni\u0105 si\u0119 w zale\u017cno\u015bci od kraju, zwr\u00f3cili\u015bmy uwag\u0119 na to, gdzie konkretne aktywa lub korzy\u015bci s\u0105 ograniczone","og_url":"https:\/\/etoropartners.com\/pl\/key-features-for-etoro-partners\/","og_site_name":"eToro Partners","article_modified_time":"2026-01-13T08:43:39+00:00","og_image":[{"width":1600,"height":400,"url":"https:\/\/etoropartners.com\/wp-content\/uploads\/2023\/02\/Key-Features-for-eToro-Partners.png","type":"image\/png"}],"twitter_card":"summary_large_image","twitter_misc":{"Szacowany czas czytania":"1 minuta"},"schema":{"@context":"https:\/\/schema.org","@graph":[{"@type":"WebPage","@id":"https:\/\/etoropartners.com\/pl\/key-features-for-etoro-partners\/","url":"https:\/\/etoropartners.com\/pl\/key-features-for-etoro-partners\/","name":"Kluczowe korzy\u015bci dla cz\u0142onk\u00f3w eToro Partners","isPartOf":{"@id":"https:\/\/etoropartners.com\/pl\/#website"},"primaryImageOfPage":{"@id":"https:\/\/etoropartners.com\/pl\/key-features-for-etoro-partners\/#primaryimage"},"image":{"@id":"https:\/\/etoropartners.com\/pl\/key-features-for-etoro-partners\/#primaryimage"},"thumbnailUrl":"https:\/\/etoropartners.com\/wp-content\/uploads\/2023\/02\/Key-Features-for-eToro-Partners.png","datePublished":"2021-10-19T07:28:36+00:00","dateModified":"2026-01-13T08:43:39+00:00","description":"eToro jest dost\u0119pne w wielu krajach. Poniewa\u017c przepisy r\u00f3\u017cni\u0105 si\u0119 w zale\u017cno\u015bci od kraju, zwr\u00f3cili\u015bmy uwag\u0119 na to, gdzie konkretne aktywa lub korzy\u015bci s\u0105 ograniczone","breadcrumb":{"@id":"https:\/\/etoropartners.com\/pl\/key-features-for-etoro-partners\/#breadcrumb"},"inLanguage":"pl-PL","potentialAction":[{"@type":"ReadAction","target":["https:\/\/etoropartners.com\/pl\/key-features-for-etoro-partners\/"]}]},{"@type":"ImageObject","inLanguage":"pl-PL","@id":"https:\/\/etoropartners.com\/pl\/key-features-for-etoro-partners\/#primaryimage","url":"https:\/\/etoropartners.com\/wp-content\/uploads\/2023\/02\/Key-Features-for-eToro-Partners.png","contentUrl":"https:\/\/etoropartners.com\/wp-content\/uploads\/2023\/02\/Key-Features-for-eToro-Partners.png","width":1600,"height":400},{"@type":"BreadcrumbList","@id":"https:\/\/etoropartners.com\/pl\/key-features-for-etoro-partners\/#breadcrumb","itemListElement":[{"@type":"ListItem","position":1,"name":"Home","item":"https:\/\/etoropartners.wpengine.com\/pl\/"},{"@type":"ListItem","position":2,"name":"Key Features"}]},{"@type":"WebSite","@id":"https:\/\/etoropartners.com\/pl\/#website","url":"https:\/\/etoropartners.com\/pl\/","name":"eToro Partners","description":"","potentialAction":[{"@type":"SearchAction","target":{"@type":"EntryPoint","urlTemplate":"https:\/\/etoropartners.com\/pl\/?s={search_term_string}"},"query-input":{"@type":"PropertyValueSpecification","valueRequired":true,"valueName":"search_term_string"}}],"inLanguage":"pl-PL"}]}},"_links":{"self":[{"href":"https:\/\/etoropartners.com\/pl\/wp-json\/wp\/v2\/pages\/2838","targetHints":{"allow":["GET"]}}],"collection":[{"href":"https:\/\/etoropartners.com\/pl\/wp-json\/wp\/v2\/pages"}],"about":[{"href":"https:\/\/etoropartners.com\/pl\/wp-json\/wp\/v2\/types\/page"}],"author":[{"embeddable":true,"href":"https:\/\/etoropartners.com\/pl\/wp-json\/wp\/v2\/users\/5"}],"replies":[{"embeddable":true,"href":"https:\/\/etoropartners.com\/pl\/wp-json\/wp\/v2\/comments?post=2838"}],"version-history":[{"count":0,"href":"https:\/\/etoropartners.com\/pl\/wp-json\/wp\/v2\/pages\/2838\/revisions"}],"wp:featuredmedia":[{"embeddable":true,"href":"https:\/\/etoropartners.com\/pl\/wp-json\/wp\/v2\/media\/3981"}],"wp:attachment":[{"href":"https:\/\/etoropartners.com\/pl\/wp-json\/wp\/v2\/media?parent=2838"}],"curies":[{"name":"wp","href":"https:\/\/api.w.org\/{rel}","templated":true}]}}