{"id":1253,"date":"2021-01-14T11:30:05","date_gmt":"2021-01-14T11:30:05","guid":{"rendered":"http:\/\/etoropartners.wpengine.com\/plans\/"},"modified":"2025-03-31T12:44:13","modified_gmt":"2025-03-31T10:44:13","slug":"plans","status":"publish","type":"page","link":"https:\/\/etoropartners.com\/pl\/plans\/","title":{"rendered":"Plans"},"content":{"rendered":"","protected":false},"excerpt":{"rendered":"","protected":false},"author":5,"featured_media":0,"parent":0,"menu_order":0,"comment_status":"closed","ping_status":"closed","template":"","meta":{"_acf_changed":false,"sticky_cta_settings":"","footnotes":""},"class_list":["post-1253","page","type-page","status-publish","hentry"],"acf":[],"yoast_head":"<!-- This site is optimized with the Yoast SEO plugin v27.3 - https:\/\/yoast.com\/product\/yoast-seo-wordpress\/ -->\n<title>Plany prowizyjne programu partnerskiego eToro<\/title>\n<meta name=\"description\" content=\"Partnerzy eToro mog\u0105 otrzymywa\u0107 prowizje za polecanie eToro inwestorom. Dowiedz si\u0119 wszystkiego o prowizjach, kt\u00f3re mo\u017cesz zarobi\u0107 dzi\u0119ki naszemu programowi partnerskiemu.\" \/>\n<meta name=\"robots\" content=\"index, follow, max-snippet:-1, max-image-preview:large, max-video-preview:-1\" \/>\n<link rel=\"canonical\" href=\"https:\/\/etoropartners.com\/pl\/plans\/\" \/>\n<meta property=\"og:locale\" content=\"pl_PL\" \/>\n<meta property=\"og:type\" content=\"article\" \/>\n<meta property=\"og:title\" content=\"Plany prowizyjne programu partnerskiego eToro\" \/>\n<meta property=\"og:description\" content=\"Partnerzy eToro mog\u0105 otrzymywa\u0107 prowizje za polecanie eToro inwestorom. Dowiedz si\u0119 wszystkiego o prowizjach, kt\u00f3re mo\u017cesz zarobi\u0107 dzi\u0119ki naszemu programowi partnerskiemu.\" \/>\n<meta property=\"og:url\" content=\"https:\/\/etoropartners.com\/pl\/plans\/\" \/>\n<meta property=\"og:site_name\" content=\"eToro Partners\" \/>\n<meta property=\"article:modified_time\" content=\"2025-03-31T10:44:13+00:00\" \/>\n<meta name=\"twitter:card\" content=\"summary_large_image\" \/>\n<script type=\"application\/ld+json\" class=\"yoast-schema-graph\">{\"@context\":\"https:\\\/\\\/schema.org\",\"@graph\":[{\"@type\":\"WebPage\",\"@id\":\"https:\\\/\\\/etoropartners.com\\\/pl\\\/plans\\\/\",\"url\":\"https:\\\/\\\/etoropartners.com\\\/pl\\\/plans\\\/\",\"name\":\"Plany prowizyjne programu partnerskiego eToro\",\"isPartOf\":{\"@id\":\"https:\\\/\\\/etoropartners.com\\\/pl\\\/#website\"},\"datePublished\":\"2021-01-14T11:30:05+00:00\",\"dateModified\":\"2025-03-31T10:44:13+00:00\",\"description\":\"Partnerzy eToro mog\u0105 otrzymywa\u0107 prowizje za polecanie eToro inwestorom. Dowiedz si\u0119 wszystkiego o prowizjach, kt\u00f3re mo\u017cesz zarobi\u0107 dzi\u0119ki naszemu programowi partnerskiemu.\",\"breadcrumb\":{\"@id\":\"https:\\\/\\\/etoropartners.com\\\/pl\\\/plans\\\/#breadcrumb\"},\"inLanguage\":\"pl-PL\",\"potentialAction\":[{\"@type\":\"ReadAction\",\"target\":[\"https:\\\/\\\/etoropartners.com\\\/pl\\\/plans\\\/\"]}]},{\"@type\":\"BreadcrumbList\",\"@id\":\"https:\\\/\\\/etoropartners.com\\\/pl\\\/plans\\\/#breadcrumb\",\"itemListElement\":[{\"@type\":\"ListItem\",\"position\":1,\"name\":\"Home\",\"item\":\"https:\\\/\\\/etoropartners.wpengine.com\\\/pl\\\/\"},{\"@type\":\"ListItem\",\"position\":2,\"name\":\"Plany\"}]},{\"@type\":\"WebSite\",\"@id\":\"https:\\\/\\\/etoropartners.com\\\/pl\\\/#website\",\"url\":\"https:\\\/\\\/etoropartners.com\\\/pl\\\/\",\"name\":\"eToro Partners\",\"description\":\"\",\"potentialAction\":[{\"@type\":\"SearchAction\",\"target\":{\"@type\":\"EntryPoint\",\"urlTemplate\":\"https:\\\/\\\/etoropartners.com\\\/pl\\\/?s={search_term_string}\"},\"query-input\":{\"@type\":\"PropertyValueSpecification\",\"valueRequired\":true,\"valueName\":\"search_term_string\"}}],\"inLanguage\":\"pl-PL\"}]}<\/script>\n<!-- \/ Yoast SEO plugin. -->","yoast_head_json":{"title":"Plany prowizyjne programu partnerskiego eToro","description":"Partnerzy eToro mog\u0105 otrzymywa\u0107 prowizje za polecanie eToro inwestorom. Dowiedz si\u0119 wszystkiego o prowizjach, kt\u00f3re mo\u017cesz zarobi\u0107 dzi\u0119ki naszemu programowi partnerskiemu.","robots":{"index":"index","follow":"follow","max-snippet":"max-snippet:-1","max-image-preview":"max-image-preview:large","max-video-preview":"max-video-preview:-1"},"canonical":"https:\/\/etoropartners.com\/pl\/plans\/","og_locale":"pl_PL","og_type":"article","og_title":"Plany prowizyjne programu partnerskiego eToro","og_description":"Partnerzy eToro mog\u0105 otrzymywa\u0107 prowizje za polecanie eToro inwestorom. Dowiedz si\u0119 wszystkiego o prowizjach, kt\u00f3re mo\u017cesz zarobi\u0107 dzi\u0119ki naszemu programowi partnerskiemu.","og_url":"https:\/\/etoropartners.com\/pl\/plans\/","og_site_name":"eToro Partners","article_modified_time":"2025-03-31T10:44:13+00:00","twitter_card":"summary_large_image","schema":{"@context":"https:\/\/schema.org","@graph":[{"@type":"WebPage","@id":"https:\/\/etoropartners.com\/pl\/plans\/","url":"https:\/\/etoropartners.com\/pl\/plans\/","name":"Plany prowizyjne programu partnerskiego eToro","isPartOf":{"@id":"https:\/\/etoropartners.com\/pl\/#website"},"datePublished":"2021-01-14T11:30:05+00:00","dateModified":"2025-03-31T10:44:13+00:00","description":"Partnerzy eToro mog\u0105 otrzymywa\u0107 prowizje za polecanie eToro inwestorom. Dowiedz si\u0119 wszystkiego o prowizjach, kt\u00f3re mo\u017cesz zarobi\u0107 dzi\u0119ki naszemu programowi partnerskiemu.","breadcrumb":{"@id":"https:\/\/etoropartners.com\/pl\/plans\/#breadcrumb"},"inLanguage":"pl-PL","potentialAction":[{"@type":"ReadAction","target":["https:\/\/etoropartners.com\/pl\/plans\/"]}]},{"@type":"BreadcrumbList","@id":"https:\/\/etoropartners.com\/pl\/plans\/#breadcrumb","itemListElement":[{"@type":"ListItem","position":1,"name":"Home","item":"https:\/\/etoropartners.wpengine.com\/pl\/"},{"@type":"ListItem","position":2,"name":"Plany"}]},{"@type":"WebSite","@id":"https:\/\/etoropartners.com\/pl\/#website","url":"https:\/\/etoropartners.com\/pl\/","name":"eToro Partners","description":"","potentialAction":[{"@type":"SearchAction","target":{"@type":"EntryPoint","urlTemplate":"https:\/\/etoropartners.com\/pl\/?s={search_term_string}"},"query-input":{"@type":"PropertyValueSpecification","valueRequired":true,"valueName":"search_term_string"}}],"inLanguage":"pl-PL"}]}},"_links":{"self":[{"href":"https:\/\/etoropartners.com\/pl\/wp-json\/wp\/v2\/pages\/1253","targetHints":{"allow":["GET"]}}],"collection":[{"href":"https:\/\/etoropartners.com\/pl\/wp-json\/wp\/v2\/pages"}],"about":[{"href":"https:\/\/etoropartners.com\/pl\/wp-json\/wp\/v2\/types\/page"}],"author":[{"embeddable":true,"href":"https:\/\/etoropartners.com\/pl\/wp-json\/wp\/v2\/users\/5"}],"replies":[{"embeddable":true,"href":"https:\/\/etoropartners.com\/pl\/wp-json\/wp\/v2\/comments?post=1253"}],"version-history":[{"count":0,"href":"https:\/\/etoropartners.com\/pl\/wp-json\/wp\/v2\/pages\/1253\/revisions"}],"wp:attachment":[{"href":"https:\/\/etoropartners.com\/pl\/wp-json\/wp\/v2\/media?parent=1253"}],"curies":[{"name":"wp","href":"https:\/\/api.w.org\/{rel}","templated":true}]}}