{"id":1241,"date":"2021-01-14T11:25:50","date_gmt":"2021-01-14T11:25:50","guid":{"rendered":"http:\/\/etoropartners.wpengine.com\/payments\/"},"modified":"2023-05-23T15:18:15","modified_gmt":"2023-05-23T13:18:15","slug":"payments","status":"publish","type":"page","link":"https:\/\/etoropartners.com\/pl\/payments\/","title":{"rendered":"Payments"},"content":{"rendered":"","protected":false},"excerpt":{"rendered":"","protected":false},"author":5,"featured_media":0,"parent":0,"menu_order":0,"comment_status":"closed","ping_status":"closed","template":"","meta":{"_acf_changed":false,"sticky_cta_settings":"","footnotes":""},"class_list":["post-1241","page","type-page","status-publish","hentry"],"acf":[],"yoast_head":"<!-- This site is optimized with the Yoast SEO plugin v27.3 - https:\/\/yoast.com\/product\/yoast-seo-wordpress\/ -->\n<title>eToro Partners \u2013 weryfikacja partner\u00f3w i p\u0142atno\u015bci dla nich<\/title>\n<meta name=\"description\" content=\"Uczestnicy programu partnerskiego eToro mog\u0105 znale\u017a\u0107 tu wszystkie informacje dotycz\u0105ce sposobu otrzymywania p\u0142atno\u015bci i wystawiania faktur.\" \/>\n<meta name=\"robots\" content=\"index, follow, max-snippet:-1, max-image-preview:large, max-video-preview:-1\" \/>\n<link rel=\"canonical\" href=\"https:\/\/etoropartners.com\/pl\/payments\/\" \/>\n<meta property=\"og:locale\" content=\"pl_PL\" \/>\n<meta property=\"og:type\" content=\"article\" \/>\n<meta property=\"og:title\" content=\"eToro Partners \u2013 weryfikacja partner\u00f3w i p\u0142atno\u015bci dla nich\" \/>\n<meta property=\"og:description\" content=\"Uczestnicy programu partnerskiego eToro mog\u0105 znale\u017a\u0107 tu wszystkie informacje dotycz\u0105ce sposobu otrzymywania p\u0142atno\u015bci i wystawiania faktur.\" \/>\n<meta property=\"og:url\" content=\"https:\/\/etoropartners.com\/pl\/payments\/\" \/>\n<meta property=\"og:site_name\" content=\"eToro Partners\" \/>\n<meta property=\"article:modified_time\" content=\"2023-05-23T13:18:15+00:00\" \/>\n<meta name=\"twitter:card\" content=\"summary_large_image\" \/>\n<script type=\"application\/ld+json\" class=\"yoast-schema-graph\">{\"@context\":\"https:\\\/\\\/schema.org\",\"@graph\":[{\"@type\":\"WebPage\",\"@id\":\"https:\\\/\\\/etoropartners.com\\\/pl\\\/payments\\\/\",\"url\":\"https:\\\/\\\/etoropartners.com\\\/pl\\\/payments\\\/\",\"name\":\"eToro Partners \u2013 weryfikacja partner\u00f3w i p\u0142atno\u015bci dla nich\",\"isPartOf\":{\"@id\":\"https:\\\/\\\/etoropartners.com\\\/pl\\\/#website\"},\"datePublished\":\"2021-01-14T11:25:50+00:00\",\"dateModified\":\"2023-05-23T13:18:15+00:00\",\"description\":\"Uczestnicy programu partnerskiego eToro mog\u0105 znale\u017a\u0107 tu wszystkie informacje dotycz\u0105ce sposobu otrzymywania p\u0142atno\u015bci i wystawiania faktur.\",\"breadcrumb\":{\"@id\":\"https:\\\/\\\/etoropartners.com\\\/pl\\\/payments\\\/#breadcrumb\"},\"inLanguage\":\"pl-PL\",\"potentialAction\":[{\"@type\":\"ReadAction\",\"target\":[\"https:\\\/\\\/etoropartners.com\\\/pl\\\/payments\\\/\"]}]},{\"@type\":\"BreadcrumbList\",\"@id\":\"https:\\\/\\\/etoropartners.com\\\/pl\\\/payments\\\/#breadcrumb\",\"itemListElement\":[{\"@type\":\"ListItem\",\"position\":1,\"name\":\"Home\",\"item\":\"https:\\\/\\\/etoropartners.wpengine.com\\\/pl\\\/\"},{\"@type\":\"ListItem\",\"position\":2,\"name\":\"REGULAMIN\"}]},{\"@type\":\"WebSite\",\"@id\":\"https:\\\/\\\/etoropartners.com\\\/pl\\\/#website\",\"url\":\"https:\\\/\\\/etoropartners.com\\\/pl\\\/\",\"name\":\"eToro Partners\",\"description\":\"\",\"potentialAction\":[{\"@type\":\"SearchAction\",\"target\":{\"@type\":\"EntryPoint\",\"urlTemplate\":\"https:\\\/\\\/etoropartners.com\\\/pl\\\/?s={search_term_string}\"},\"query-input\":{\"@type\":\"PropertyValueSpecification\",\"valueRequired\":true,\"valueName\":\"search_term_string\"}}],\"inLanguage\":\"pl-PL\"}]}<\/script>\n<!-- \/ Yoast SEO plugin. -->","yoast_head_json":{"title":"eToro Partners \u2013 weryfikacja partner\u00f3w i p\u0142atno\u015bci dla nich","description":"Uczestnicy programu partnerskiego eToro mog\u0105 znale\u017a\u0107 tu wszystkie informacje dotycz\u0105ce sposobu otrzymywania p\u0142atno\u015bci i wystawiania faktur.","robots":{"index":"index","follow":"follow","max-snippet":"max-snippet:-1","max-image-preview":"max-image-preview:large","max-video-preview":"max-video-preview:-1"},"canonical":"https:\/\/etoropartners.com\/pl\/payments\/","og_locale":"pl_PL","og_type":"article","og_title":"eToro Partners \u2013 weryfikacja partner\u00f3w i p\u0142atno\u015bci dla nich","og_description":"Uczestnicy programu partnerskiego eToro mog\u0105 znale\u017a\u0107 tu wszystkie informacje dotycz\u0105ce sposobu otrzymywania p\u0142atno\u015bci i wystawiania faktur.","og_url":"https:\/\/etoropartners.com\/pl\/payments\/","og_site_name":"eToro Partners","article_modified_time":"2023-05-23T13:18:15+00:00","twitter_card":"summary_large_image","schema":{"@context":"https:\/\/schema.org","@graph":[{"@type":"WebPage","@id":"https:\/\/etoropartners.com\/pl\/payments\/","url":"https:\/\/etoropartners.com\/pl\/payments\/","name":"eToro Partners \u2013 weryfikacja partner\u00f3w i p\u0142atno\u015bci dla nich","isPartOf":{"@id":"https:\/\/etoropartners.com\/pl\/#website"},"datePublished":"2021-01-14T11:25:50+00:00","dateModified":"2023-05-23T13:18:15+00:00","description":"Uczestnicy programu partnerskiego eToro mog\u0105 znale\u017a\u0107 tu wszystkie informacje dotycz\u0105ce sposobu otrzymywania p\u0142atno\u015bci i wystawiania faktur.","breadcrumb":{"@id":"https:\/\/etoropartners.com\/pl\/payments\/#breadcrumb"},"inLanguage":"pl-PL","potentialAction":[{"@type":"ReadAction","target":["https:\/\/etoropartners.com\/pl\/payments\/"]}]},{"@type":"BreadcrumbList","@id":"https:\/\/etoropartners.com\/pl\/payments\/#breadcrumb","itemListElement":[{"@type":"ListItem","position":1,"name":"Home","item":"https:\/\/etoropartners.wpengine.com\/pl\/"},{"@type":"ListItem","position":2,"name":"REGULAMIN"}]},{"@type":"WebSite","@id":"https:\/\/etoropartners.com\/pl\/#website","url":"https:\/\/etoropartners.com\/pl\/","name":"eToro Partners","description":"","potentialAction":[{"@type":"SearchAction","target":{"@type":"EntryPoint","urlTemplate":"https:\/\/etoropartners.com\/pl\/?s={search_term_string}"},"query-input":{"@type":"PropertyValueSpecification","valueRequired":true,"valueName":"search_term_string"}}],"inLanguage":"pl-PL"}]}},"_links":{"self":[{"href":"https:\/\/etoropartners.com\/pl\/wp-json\/wp\/v2\/pages\/1241","targetHints":{"allow":["GET"]}}],"collection":[{"href":"https:\/\/etoropartners.com\/pl\/wp-json\/wp\/v2\/pages"}],"about":[{"href":"https:\/\/etoropartners.com\/pl\/wp-json\/wp\/v2\/types\/page"}],"author":[{"embeddable":true,"href":"https:\/\/etoropartners.com\/pl\/wp-json\/wp\/v2\/users\/5"}],"replies":[{"embeddable":true,"href":"https:\/\/etoropartners.com\/pl\/wp-json\/wp\/v2\/comments?post=1241"}],"version-history":[{"count":0,"href":"https:\/\/etoropartners.com\/pl\/wp-json\/wp\/v2\/pages\/1241\/revisions"}],"wp:attachment":[{"href":"https:\/\/etoropartners.com\/pl\/wp-json\/wp\/v2\/media?parent=1241"}],"curies":[{"name":"wp","href":"https:\/\/api.w.org\/{rel}","templated":true}]}}