{"id":9786,"date":"2026-04-14T14:55:52","date_gmt":"2026-04-14T12:55:52","guid":{"rendered":"https:\/\/etoropartners.com\/?page_id=9786"},"modified":"2026-04-14T14:55:53","modified_gmt":"2026-04-14T12:55:53","slug":"contact-us","status":"publish","type":"page","link":"https:\/\/etoropartners.com\/no\/contact-us\/","title":{"rendered":"Contact Us"},"content":{"rendered":"\n<section class=\"wp-block-group wp-block-group-boxed\"><div class=\"wp-block-group-inner is-layout-flow wp-block-group-is-layout-flow\">\n<div class=\"wp-block-columns are-vertically-aligned-top wp-block-columns-1 is-layout-flex wp-container-core-columns-is-layout-9d6595d7 wp-block-columns-is-layout-flex\">\n<div class=\"wp-block-column wp-block-column-align-desktop-center wp-block-column-align-mobile-center is-layout-flow wp-block-column-is-layout-flow\">\n<p>Vi er her for \u00e5 hjelpe deg \u00e5 f\u00e5 mest mulig ut av eToro Partners. For partnersp\u00f8rsm\u00e5l, send e-post til din affiliate manager nedenfor. For kontobekreftelse og tilgangsproblemer, vennligst \u00e5pne en sak. For \u00e5 hjelpe oss \u00e5 svare raskere, vennligst skriv inn e-postadressen som er knyttet til partnerkontoen din og nettadressen til nettstedet ditt.<\/p>\n<\/div>\n<\/div>\n<\/div><\/section>\n\n\n\n<section class=\"wp-block-group wp-block-group-full has-white-background-color has-background hide-on-mobile hide-on-tablet\"><div class=\"wp-block-group-inner is-layout-flow wp-block-group-is-layout-flow\">\n<div class=\"wp-block-columns are-vertically-aligned-top wp-block-columns-1 is-layout-flex wp-container-core-columns-is-layout-9d6595d7 wp-block-columns-is-layout-flex\">\n<div class=\"wp-block-column wp-block-column-align-desktop-center wp-block-column-align-mobile-center is-layout-flow wp-block-column-is-layout-flow\">\n<h2 class=\"wp-block-heading\"><strong>Regionale <b class=\"wp-etoro-format-colored-green\">kontakter<\/b><\/strong><\/h2>\n<\/div>\n<\/div>\n\n\n\n<div class=\"wp-block-columns are-vertically-aligned-top wp-block-columns-4 is-layout-flex wp-container-core-columns-is-layout-9d6595d7 wp-block-columns-is-layout-flex\">\n<div class=\"wp-block-column is-layout-flow wp-block-column-is-layout-flow\"><\/div>\n\n\n\n<div class=\"wp-block-column is-layout-flow wp-block-column-is-layout-flow\">\n<p><strong><b class=\"wp-etoro-format-colored-dark-blue\">Storbritannia<\/b><\/strong><br><strong>Sam Kershner<\/strong> \u2013 samke@etoro.com<\/p>\n<\/div>\n\n\n\n<div class=\"wp-block-column is-layout-flow wp-block-column-is-layout-flow\">\n<p class=\"has-text-align-right\"><br><a href=\"https:\/\/calendly.com\/samk-etoro\/30min\" type=\"link\" id=\"https:\/\/calendly.com\/samk-etoro\/30min\">Avtal en 15-minutters samtale<\/a><\/p>\n<\/div>\n\n\n\n<div class=\"wp-block-column is-layout-flow wp-block-column-is-layout-flow\"><\/div>\n<\/div>\n\n\n\n<div class=\"wp-block-columns are-vertically-aligned-top wp-block-columns-4 is-layout-flex wp-container-core-columns-is-layout-9d6595d7 wp-block-columns-is-layout-flex\">\n<div class=\"wp-block-column is-layout-flow wp-block-column-is-layout-flow\"><\/div>\n\n\n\n<div class=\"wp-block-column is-layout-flow wp-block-column-is-layout-flow\">\n<p><strong><b class=\"wp-etoro-format-colored-dark-blue\">Australia<\/b><\/strong><br><strong>Bri Techert<\/strong> \u2013 brite@etoro.com<\/p>\n<\/div>\n\n\n\n<div class=\"wp-block-column is-layout-flow wp-block-column-is-layout-flow\">\n<p class=\"has-text-align-right\"><br><a href=\"https:\/\/calendly.com\/bri-etoro\/30min\" type=\"link\" id=\"https:\/\/calendly.com\/bri-etoro\/30min\">Avtal en 15-minutters samtale<\/a><\/p>\n<\/div>\n\n\n\n<div class=\"wp-block-column is-layout-flow wp-block-column-is-layout-flow\"><\/div>\n<\/div>\n\n\n\n<div class=\"wp-block-columns are-vertically-aligned-top wp-block-columns-4 is-layout-flex wp-container-core-columns-is-layout-9d6595d7 wp-block-columns-is-layout-flex\">\n<div class=\"wp-block-column is-layout-flow wp-block-column-is-layout-flow\"><\/div>\n\n\n\n<div class=\"wp-block-column is-layout-flow wp-block-column-is-layout-flow\">\n<p><strong><b class=\"wp-etoro-format-colored-dark-blue\">Tyskland &amp; Nederland<\/b><\/strong><br><strong>Monika Hakak<\/strong> \u2013 monikaha@etoro.com<\/p>\n<\/div>\n\n\n\n<div class=\"wp-block-column is-layout-flow wp-block-column-is-layout-flow\">\n<p class=\"has-text-align-right\"><br><a href=\"https:\/\/calendly.com\/monikaha-etoro\/\" type=\"link\" id=\"https:\/\/calendly.com\/monikaha-etoro\/\">Avtal en 15-minutters samtale<\/a><\/p>\n<\/div>\n\n\n\n<div class=\"wp-block-column is-layout-flow wp-block-column-is-layout-flow\"><\/div>\n<\/div>\n\n\n\n<div class=\"wp-block-columns are-vertically-aligned-top wp-block-columns-4 is-layout-flex wp-container-core-columns-is-layout-9d6595d7 wp-block-columns-is-layout-flex\">\n<div class=\"wp-block-column is-layout-flow wp-block-column-is-layout-flow\"><\/div>\n\n\n\n<div class=\"wp-block-column is-layout-flow wp-block-column-is-layout-flow\">\n<p><strong><b class=\"wp-etoro-format-colored-dark-blue\">USA, Spania &amp; LATAM<\/b><\/strong><br><strong>Nimrod Burla<\/strong> \u2013 nimrodbu@etoro.com<\/p>\n<\/div>\n\n\n\n<div class=\"wp-block-column is-layout-flow wp-block-column-is-layout-flow\">\n<p class=\"has-text-align-right\"><br><a href=\"https:\/\/calendly.com\/nimrodbu-etoro\" type=\"link\" id=\"https:\/\/calendly.com\/nimrodbu-etoro\">Avtal en 15-minutters samtale<\/a><\/p>\n<\/div>\n\n\n\n<div class=\"wp-block-column is-layout-flow wp-block-column-is-layout-flow\"><\/div>\n<\/div>\n\n\n\n<div class=\"wp-block-columns are-vertically-aligned-top wp-block-columns-4 is-layout-flex wp-container-core-columns-is-layout-9d6595d7 wp-block-columns-is-layout-flex\">\n<div class=\"wp-block-column is-layout-flow wp-block-column-is-layout-flow\"><\/div>\n\n\n\n<div class=\"wp-block-column is-layout-flow wp-block-column-is-layout-flow\">\n<p><strong><b class=\"wp-etoro-format-colored-dark-blue\">Italia<\/b><\/strong><br><strong>Ran Regev<\/strong> \u2013 ranre@etoro.com<\/p>\n<\/div>\n\n\n\n<div class=\"wp-block-column is-layout-flow wp-block-column-is-layout-flow\">\n<p class=\"has-text-align-right\"><br><a href=\"https:\/\/calendly.com\/ranre\" type=\"link\" id=\"https:\/\/calendly.com\/ranre\">Avtal en 15-minutters samtale<\/a><\/p>\n<\/div>\n\n\n\n<div class=\"wp-block-column is-layout-flow wp-block-column-is-layout-flow\"><\/div>\n<\/div>\n\n\n\n<div class=\"wp-block-columns are-vertically-aligned-top wp-block-columns-4 is-layout-flex wp-container-core-columns-is-layout-9d6595d7 wp-block-columns-is-layout-flex\">\n<div class=\"wp-block-column is-layout-flow wp-block-column-is-layout-flow\"><\/div>\n\n\n\n<div class=\"wp-block-column is-layout-flow wp-block-column-is-layout-flow\">\n<p><strong><b class=\"wp-etoro-format-colored-dark-blue\">Frankrike &amp; arabisktalende markeder<\/b><\/strong><br><strong>Arie Cohen<\/strong> \u2013 arieco@etoro.com<\/p>\n<\/div>\n\n\n\n<div class=\"wp-block-column is-layout-flow wp-block-column-is-layout-flow\">\n<p class=\"has-text-align-right\"><br><br><a href=\"https:\/\/calendly.com\/arieco-etoro\" type=\"link\" id=\"https:\/\/calendly.com\/arieco-etoro\">Avtal en 15-minutters samtale<\/a><\/p>\n<\/div>\n\n\n\n<div class=\"wp-block-column is-layout-flow wp-block-column-is-layout-flow\"><\/div>\n<\/div>\n\n\n\n<div class=\"wp-block-columns are-vertically-aligned-top wp-block-columns-4 is-layout-flex wp-container-core-columns-is-layout-9d6595d7 wp-block-columns-is-layout-flex\">\n<div class=\"wp-block-column is-layout-flow wp-block-column-is-layout-flow\"><\/div>\n\n\n\n<div class=\"wp-block-column is-layout-flow wp-block-column-is-layout-flow\">\n<p><strong><b class=\"wp-etoro-format-colored-dark-blue\">\u00d8st-Europa &amp; Norden<\/b><\/strong><br><strong>Lucia Ashkenazy<\/strong> \u2013 luciaas@etoro.com<\/p>\n<\/div>\n\n\n\n<div class=\"wp-block-column is-layout-flow wp-block-column-is-layout-flow\">\n<p class=\"has-text-align-right\"><br><a href=\"https:\/\/calendly.com\/lucia_ashkenazy\" type=\"link\" id=\"https:\/\/calendly.com\/lucia_ashkenazy\">Avtal en 15-minutters samtale<\/a><\/p>\n<\/div>\n\n\n\n<div class=\"wp-block-column is-layout-flow wp-block-column-is-layout-flow\"><\/div>\n<\/div>\n\n\n\n<div class=\"wp-block-columns are-vertically-aligned-top wp-block-columns-4 is-layout-flex wp-container-core-columns-is-layout-9d6595d7 wp-block-columns-is-layout-flex\">\n<div class=\"wp-block-column is-layout-flow wp-block-column-is-layout-flow\"><\/div>\n\n\n\n<div class=\"wp-block-column is-layout-flow wp-block-column-is-layout-flow\">\n<p><strong><b class=\"wp-etoro-format-colored-dark-blue\">Drift &amp; teknisk support<\/b><\/strong><br><strong>Liora Edelstein Hakak<\/strong> \u2013 lioraed@etoro.com<\/p>\n<\/div>\n\n\n\n<div class=\"wp-block-column is-layout-flow wp-block-column-is-layout-flow\">\n<p class=\"has-text-align-right\"><br><a href=\"https:\/\/calendly.com\/lioraed\" type=\"link\" id=\"https:\/\/calendly.com\/lioraed\">Avtal en 15-minutters samtale<\/a><\/p>\n<\/div>\n\n\n\n<div class=\"wp-block-column is-layout-flow wp-block-column-is-layout-flow\"><\/div>\n<\/div>\n\n\n\n<div class=\"wp-block-columns are-vertically-aligned-top wp-block-columns-4 is-layout-flex wp-container-core-columns-is-layout-9d6595d7 wp-block-columns-is-layout-flex\">\n<div class=\"wp-block-column is-layout-flow wp-block-column-is-layout-flow\"><\/div>\n\n\n\n<div class=\"wp-block-column is-layout-flow wp-block-column-is-layout-flow\">\n<p><strong><b class=\"wp-etoro-format-colored-dark-blue\">Direkt\u00f8r, affiliate partnerskap<\/b><\/strong><br><strong>Ofer Farjun<\/strong> \u2013 oferfa@etoro.com<\/p>\n<\/div>\n\n\n\n<div class=\"wp-block-column is-layout-flow wp-block-column-is-layout-flow\">\n<p class=\"has-text-align-right\"><br><a href=\"https:\/\/calendly.com\/oferfa\" type=\"link\" id=\"https:\/\/calendly.com\/oferfa\">Avtal en 15-minutters samtale<\/a><\/p>\n<\/div>\n\n\n\n<div class=\"wp-block-column is-layout-flow wp-block-column-is-layout-flow\"><\/div>\n<\/div>\n<\/div><\/section>\n\n\n\n<section class=\"wp-block-group wp-block-group-boxed has-white-background-color has-background hide-on-desktop\"><div class=\"wp-block-group-inner is-layout-flow wp-block-group-is-layout-flow\">\n<div class=\"wp-block-columns are-vertically-aligned-top wp-block-columns-1 is-layout-flex wp-container-core-columns-is-layout-9d6595d7 wp-block-columns-is-layout-flex\">\n<div class=\"wp-block-column is-layout-flow wp-block-column-is-layout-flow\">\n<p><strong><b class=\"wp-etoro-format-colored-dark-blue\">Storbritannia<\/b><\/strong><br><strong>Sam Kershner<\/strong> \u2013 samke@etoro.com<\/p>\n\n\n\n<p><a href=\"https:\/\/calendly.com\/samk-etoro\/30min\" type=\"link\" id=\"https:\/\/calendly.com\/samk-etoro\/30min\">Avtal en 15-minutters samtale<\/a><\/p>\n<\/div>\n<\/div>\n\n\n\n<div class=\"wp-block-columns are-vertically-aligned-top wp-block-columns-1 is-layout-flex wp-container-core-columns-is-layout-9d6595d7 wp-block-columns-is-layout-flex\">\n<div class=\"wp-block-column is-layout-flow wp-block-column-is-layout-flow\">\n<p><strong><b class=\"wp-etoro-format-colored-dark-blue\">Australia<\/b><\/strong><br><strong>Bri Techert<\/strong> \u2013 brite@etoro.com<\/p>\n\n\n\n<p><a href=\"https:\/\/calendly.com\/bri-etoro\/30min\" type=\"link\" id=\"https:\/\/calendly.com\/bri-etoro\/30min\">Avtal en 15-minutters samtale<\/a><\/p>\n<\/div>\n<\/div>\n\n\n\n<div class=\"wp-block-columns are-vertically-aligned-top wp-block-columns-1 is-layout-flex wp-container-core-columns-is-layout-9d6595d7 wp-block-columns-is-layout-flex\">\n<div class=\"wp-block-column is-layout-flow wp-block-column-is-layout-flow\">\n<p><strong><b class=\"wp-etoro-format-colored-dark-blue\">Tyskland &amp; Nederland<\/b><\/strong><br><strong>Monika Hakak<\/strong> \u2013 monikaha@etoro.com<\/p>\n\n\n\n<p><a id=\"https:\/\/calendly.com\/monikaha-etoro\/\" href=\"https:\/\/calendly.com\/monikaha-etoro\/\" type=\"link\">Avtal en 15-minutters samtale<\/a><\/p>\n<\/div>\n<\/div>\n\n\n\n<div class=\"wp-block-columns are-vertically-aligned-top wp-block-columns-1 is-layout-flex wp-container-core-columns-is-layout-9d6595d7 wp-block-columns-is-layout-flex\">\n<div class=\"wp-block-column is-layout-flow wp-block-column-is-layout-flow\">\n<p><strong><b class=\"wp-etoro-format-colored-dark-blue\">USA, Spania &amp; LATAM<\/b><\/strong><br><strong>Nimrod Burla<\/strong> \u2013 nimrodbu@etoro.com<\/p>\n\n\n\n<p><a id=\"https:\/\/calendly.com\/nimrodbu-etoro\" href=\"https:\/\/calendly.com\/nimrodbu-etoro\" type=\"link\">Avtal en 15-minutters samtale<\/a><\/p>\n<\/div>\n<\/div>\n\n\n\n<div class=\"wp-block-columns are-vertically-aligned-top wp-block-columns-1 is-layout-flex wp-container-core-columns-is-layout-9d6595d7 wp-block-columns-is-layout-flex\">\n<div class=\"wp-block-column is-layout-flow wp-block-column-is-layout-flow\">\n<p><strong><b class=\"wp-etoro-format-colored-dark-blue\">Italia<\/b><\/strong><br><strong>Ran Regev<\/strong> \u2013 ranre@etoro.com<\/p>\n\n\n\n<p><a id=\"https:\/\/calendly.com\/ranre\" href=\"https:\/\/calendly.com\/ranre\" type=\"link\">Avtal en 15-minutters samtale<\/a><\/p>\n<\/div>\n<\/div>\n\n\n\n<div class=\"wp-block-columns are-vertically-aligned-top wp-block-columns-1 is-layout-flex wp-container-core-columns-is-layout-9d6595d7 wp-block-columns-is-layout-flex\">\n<div class=\"wp-block-column is-layout-flow wp-block-column-is-layout-flow\">\n<p><strong><b class=\"wp-etoro-format-colored-dark-blue\">Frankrike &amp; arabisktalende markeder<\/b><\/strong><br><strong>Arie Cohen<\/strong> \u2013 arieco@etoro.com<\/p>\n\n\n\n<p><a id=\"https:\/\/calendly.com\/arieco-etoro\" href=\"https:\/\/calendly.com\/arieco-etoro\" type=\"link\">Avtal en 15-minutters samtale<\/a><\/p>\n<\/div>\n<\/div>\n\n\n\n<div class=\"wp-block-columns are-vertically-aligned-top wp-block-columns-1 is-layout-flex wp-container-core-columns-is-layout-9d6595d7 wp-block-columns-is-layout-flex\">\n<div class=\"wp-block-column is-layout-flow wp-block-column-is-layout-flow\">\n<p><strong><b class=\"wp-etoro-format-colored-dark-blue\">\u00d8st-Europa &amp; Norden<\/b><\/strong><br><strong>Lucia Ashkenazy<\/strong> \u2013 luciaas@etoro.com<\/p>\n\n\n\n<p><a id=\"https:\/\/calendly.com\/lucia_ashkenazy\" href=\"https:\/\/calendly.com\/lucia_ashkenazy\" type=\"link\">Avtal en 15-minutters samtale<\/a><\/p>\n<\/div>\n<\/div>\n\n\n\n<div class=\"wp-block-columns are-vertically-aligned-top wp-block-columns-1 is-layout-flex wp-container-core-columns-is-layout-9d6595d7 wp-block-columns-is-layout-flex\">\n<div class=\"wp-block-column is-layout-flow wp-block-column-is-layout-flow\">\n<p><strong><b class=\"wp-etoro-format-colored-dark-blue\">Drift &amp; teknisk support<\/b><\/strong><br><strong>Liora Edelstein Hakak<\/strong> \u2013 lioraed@etoro.com<\/p>\n\n\n\n<p><a id=\"https:\/\/calendly.com\/lioraed\" href=\"https:\/\/calendly.com\/lioraed\" type=\"link\">Avtal en 15-minutters samtale<\/a><\/p>\n<\/div>\n<\/div>\n\n\n\n<div class=\"wp-block-columns are-vertically-aligned-top wp-block-columns-1 is-layout-flex wp-container-core-columns-is-layout-9d6595d7 wp-block-columns-is-layout-flex\">\n<div class=\"wp-block-column is-layout-flow wp-block-column-is-layout-flow\">\n<p><strong><b class=\"wp-etoro-format-colored-dark-blue\">Direkt\u00f8r, affiliate partnerskap<\/b><\/strong><br><strong>Ofer Farjun<\/strong> \u2013 oferfa@etoro.com<\/p>\n\n\n\n<p><a id=\"https:\/\/calendly.com\/oferfa\" href=\"https:\/\/calendly.com\/oferfa\" type=\"link\">Avtal en 15-minutters samtale<\/a><\/p>\n<\/div>\n<\/div>\n<\/div><\/section>\n\n\n\n<section class=\"wp-block-group wp-block-group-boxed has-light-blue-background-color has-background\"><div class=\"wp-block-group-inner is-layout-flow wp-block-group-is-layout-flow\">\n<div class=\"wp-block-columns are-vertically-aligned-top wp-block-columns-1 is-layout-flex wp-container-core-columns-is-layout-9d6595d7 wp-block-columns-is-layout-flex\">\n<div class=\"wp-block-column wp-block-column-align-desktop-center wp-block-column-align-mobile-center is-layout-flow wp-block-column-is-layout-flow\">\n<h2 class=\"wp-block-heading\"><strong>Verifisering \/ Kontoproblemer<\/strong><\/h2>\n\n\n\n<p>For verifiserings- og kontotilgangsproblemer, vennligst \u00e5pne en sak, s\u00e5 vil teamet v\u00e5rt hjelpe deg der.<\/p>\n\n\n\n<div class=\"wp-block-buttons is-layout-flex wp-block-buttons-is-layout-flex\">\n<a class=\"e-cta e-cta-alternative\" href=\"https:\/\/www.etoro.com\/customer-service\/?deepLink=type\/programs\/programs_subtype\/partners_program\/\" target=\"_blank\" rel=\"noopener\">\u00c5pne en sak<\/a>\n<\/div>\n<\/div>\n<\/div>\n<\/div><\/section>\n","protected":false},"excerpt":{"rendered":"<p>Vi er her for \u00e5 hjelpe deg \u00e5 f\u00e5 mest mulig ut av eToro Partners. For partnersp\u00f8rsm\u00e5l, send e-post til din affiliate manager nedenfor. For kontobekreftelse og tilgangsproblemer, vennligst \u00e5pne en sak. For \u00e5 hjelpe oss \u00e5 svare raskere, vennligst skriv inn e-postadressen som er knyttet til partnerkontoen din og nettadressen til nettstedet ditt. Regionale [&hellip;]<\/p>\n","protected":false},"author":21,"featured_media":0,"parent":0,"menu_order":0,"comment_status":"closed","ping_status":"closed","template":"","meta":{"_acf_changed":false,"sticky_cta_settings":"","footnotes":""},"class_list":["post-9786","page","type-page","status-publish","hentry"],"acf":[],"yoast_head":"<!-- This site is optimized with the Yoast SEO plugin v27.3 - https:\/\/yoast.com\/product\/yoast-seo-wordpress\/ -->\n<title>Kontakt eToro Partners Team | Regionale affiliate managers<\/title>\n<meta name=\"description\" content=\"Trenger du hjelp med eToro Partners? Send e-post til din affiliate manager eller avtal en 15-minutters samtale. For problemer med kontotilgang, \u00e5pne en kundest\u00f8ttesak for raskere hjelp.\" \/>\n<meta name=\"robots\" content=\"index, follow, max-snippet:-1, max-image-preview:large, max-video-preview:-1\" \/>\n<link rel=\"canonical\" href=\"https:\/\/etoropartners.com\/no\/contact-us\/\" \/>\n<meta property=\"og:locale\" content=\"nb_NO\" \/>\n<meta property=\"og:type\" content=\"article\" \/>\n<meta property=\"og:title\" content=\"Kontakt eToro Partners Team | Regionale affiliate managers\" \/>\n<meta property=\"og:description\" content=\"Trenger du hjelp med eToro Partners? Send e-post til din affiliate manager eller avtal en 15-minutters samtale. For problemer med kontotilgang, \u00e5pne en kundest\u00f8ttesak for raskere hjelp.\" \/>\n<meta property=\"og:url\" content=\"https:\/\/etoropartners.com\/no\/contact-us\/\" \/>\n<meta property=\"og:site_name\" content=\"eToro Partners\" \/>\n<meta property=\"article:modified_time\" content=\"2026-04-14T12:55:53+00:00\" \/>\n<meta name=\"twitter:card\" content=\"summary_large_image\" \/>\n<meta name=\"twitter:label1\" content=\"Ansl. lesetid\" \/>\n\t<meta name=\"twitter:data1\" content=\"2 minutter\" \/>\n<script type=\"application\/ld+json\" class=\"yoast-schema-graph\">{\"@context\":\"https:\\\/\\\/schema.org\",\"@graph\":[{\"@type\":\"WebPage\",\"@id\":\"https:\\\/\\\/etoropartners.com\\\/no\\\/contact-us\\\/\",\"url\":\"https:\\\/\\\/etoropartners.com\\\/no\\\/contact-us\\\/\",\"name\":\"Kontakt eToro Partners Team | Regionale affiliate managers\",\"isPartOf\":{\"@id\":\"https:\\\/\\\/etoropartners.com\\\/no\\\/#website\"},\"datePublished\":\"2026-04-14T12:55:52+00:00\",\"dateModified\":\"2026-04-14T12:55:53+00:00\",\"description\":\"Trenger du hjelp med eToro Partners? Send e-post til din affiliate manager eller avtal en 15-minutters samtale. For problemer med kontotilgang, \u00e5pne en kundest\u00f8ttesak for raskere hjelp.\",\"breadcrumb\":{\"@id\":\"https:\\\/\\\/etoropartners.com\\\/no\\\/contact-us\\\/#breadcrumb\"},\"inLanguage\":\"nb-NO\",\"potentialAction\":[{\"@type\":\"ReadAction\",\"target\":[\"https:\\\/\\\/etoropartners.com\\\/no\\\/contact-us\\\/\"]}]},{\"@type\":\"BreadcrumbList\",\"@id\":\"https:\\\/\\\/etoropartners.com\\\/no\\\/contact-us\\\/#breadcrumb\",\"itemListElement\":[{\"@type\":\"ListItem\",\"position\":1,\"name\":\"Home\",\"item\":\"https:\\\/\\\/etoropartners.wpengine.com\\\/no\\\/\"},{\"@type\":\"ListItem\",\"position\":2,\"name\":\"Contact Us\"}]},{\"@type\":\"WebSite\",\"@id\":\"https:\\\/\\\/etoropartners.com\\\/no\\\/#website\",\"url\":\"https:\\\/\\\/etoropartners.com\\\/no\\\/\",\"name\":\"eToro Partners\",\"description\":\"\",\"potentialAction\":[{\"@type\":\"SearchAction\",\"target\":{\"@type\":\"EntryPoint\",\"urlTemplate\":\"https:\\\/\\\/etoropartners.com\\\/no\\\/?s={search_term_string}\"},\"query-input\":{\"@type\":\"PropertyValueSpecification\",\"valueRequired\":true,\"valueName\":\"search_term_string\"}}],\"inLanguage\":\"nb-NO\"}]}<\/script>\n<!-- \/ Yoast SEO plugin. -->","yoast_head_json":{"title":"Kontakt eToro Partners Team | Regionale affiliate managers","description":"Trenger du hjelp med eToro Partners? Send e-post til din affiliate manager eller avtal en 15-minutters samtale. For problemer med kontotilgang, \u00e5pne en kundest\u00f8ttesak for raskere hjelp.","robots":{"index":"index","follow":"follow","max-snippet":"max-snippet:-1","max-image-preview":"max-image-preview:large","max-video-preview":"max-video-preview:-1"},"canonical":"https:\/\/etoropartners.com\/no\/contact-us\/","og_locale":"nb_NO","og_type":"article","og_title":"Kontakt eToro Partners Team | Regionale affiliate managers","og_description":"Trenger du hjelp med eToro Partners? Send e-post til din affiliate manager eller avtal en 15-minutters samtale. For problemer med kontotilgang, \u00e5pne en kundest\u00f8ttesak for raskere hjelp.","og_url":"https:\/\/etoropartners.com\/no\/contact-us\/","og_site_name":"eToro Partners","article_modified_time":"2026-04-14T12:55:53+00:00","twitter_card":"summary_large_image","twitter_misc":{"Ansl. lesetid":"2 minutter"},"schema":{"@context":"https:\/\/schema.org","@graph":[{"@type":"WebPage","@id":"https:\/\/etoropartners.com\/no\/contact-us\/","url":"https:\/\/etoropartners.com\/no\/contact-us\/","name":"Kontakt eToro Partners Team | Regionale affiliate managers","isPartOf":{"@id":"https:\/\/etoropartners.com\/no\/#website"},"datePublished":"2026-04-14T12:55:52+00:00","dateModified":"2026-04-14T12:55:53+00:00","description":"Trenger du hjelp med eToro Partners? Send e-post til din affiliate manager eller avtal en 15-minutters samtale. For problemer med kontotilgang, \u00e5pne en kundest\u00f8ttesak for raskere hjelp.","breadcrumb":{"@id":"https:\/\/etoropartners.com\/no\/contact-us\/#breadcrumb"},"inLanguage":"nb-NO","potentialAction":[{"@type":"ReadAction","target":["https:\/\/etoropartners.com\/no\/contact-us\/"]}]},{"@type":"BreadcrumbList","@id":"https:\/\/etoropartners.com\/no\/contact-us\/#breadcrumb","itemListElement":[{"@type":"ListItem","position":1,"name":"Home","item":"https:\/\/etoropartners.wpengine.com\/no\/"},{"@type":"ListItem","position":2,"name":"Contact Us"}]},{"@type":"WebSite","@id":"https:\/\/etoropartners.com\/no\/#website","url":"https:\/\/etoropartners.com\/no\/","name":"eToro Partners","description":"","potentialAction":[{"@type":"SearchAction","target":{"@type":"EntryPoint","urlTemplate":"https:\/\/etoropartners.com\/no\/?s={search_term_string}"},"query-input":{"@type":"PropertyValueSpecification","valueRequired":true,"valueName":"search_term_string"}}],"inLanguage":"nb-NO"}]}},"_links":{"self":[{"href":"https:\/\/etoropartners.com\/no\/wp-json\/wp\/v2\/pages\/9786","targetHints":{"allow":["GET"]}}],"collection":[{"href":"https:\/\/etoropartners.com\/no\/wp-json\/wp\/v2\/pages"}],"about":[{"href":"https:\/\/etoropartners.com\/no\/wp-json\/wp\/v2\/types\/page"}],"author":[{"embeddable":true,"href":"https:\/\/etoropartners.com\/no\/wp-json\/wp\/v2\/users\/21"}],"replies":[{"embeddable":true,"href":"https:\/\/etoropartners.com\/no\/wp-json\/wp\/v2\/comments?post=9786"}],"version-history":[{"count":0,"href":"https:\/\/etoropartners.com\/no\/wp-json\/wp\/v2\/pages\/9786\/revisions"}],"wp:attachment":[{"href":"https:\/\/etoropartners.com\/no\/wp-json\/wp\/v2\/media?parent=9786"}],"curies":[{"name":"wp","href":"https:\/\/api.w.org\/{rel}","templated":true}]}}