{"id":8819,"date":"2024-05-22T13:05:01","date_gmt":"2024-05-22T11:05:01","guid":{"rendered":"https:\/\/etoropartners.com\/regulators\/"},"modified":"2024-08-26T15:29:11","modified_gmt":"2024-08-26T13:29:11","slug":"regulators","status":"publish","type":"page","link":"https:\/\/etoropartners.com\/no\/regulators\/","title":{"rendered":"Reguleringsmyndigheter"},"content":{"rendered":"\n<section class=\"wp-block-group wp-block-group-boxed wp-block-group-small-top-padding wp-block-group-small-bottom-padding has-white-background-color has-background\"><div class=\"wp-block-group-inner is-layout-flow wp-block-group-is-layout-flow\">\n<div class=\"wp-block-columns are-vertically-aligned-top wp-block-columns-1 is-layout-flex wp-container-core-columns-is-layout-9d6595d7 wp-block-columns-is-layout-flex\">\n<div class=\"wp-block-column wp-block-column-align-desktop-center wp-block-column-align-mobile-center is-layout-flow wp-block-column-is-layout-flow\">\n<h2 class=\"wp-block-heading\">Reguleringsmyndigheter<\/h2>\n\n\n\n<figure class=\"wp-block-image size-full\"><img loading=\"lazy\" decoding=\"async\" width=\"1600\" height=\"400\" src=\"https:\/\/etoropartners.com\/wp-content\/uploads\/2024\/05\/Cover_OUR-REGULATION.jpg\" alt=\"\" class=\"wp-image-8239 wp-image-desktop\" srcset=\"https:\/\/etoropartners.com\/wp-content\/uploads\/2024\/05\/Cover_OUR-REGULATION.jpg 1600w, https:\/\/etoropartners.com\/wp-content\/uploads\/2024\/05\/Cover_OUR-REGULATION-300x75.jpg 300w, https:\/\/etoropartners.com\/wp-content\/uploads\/2024\/05\/Cover_OUR-REGULATION-1024x256.jpg 1024w, https:\/\/etoropartners.com\/wp-content\/uploads\/2024\/05\/Cover_OUR-REGULATION-768x192.jpg 768w, https:\/\/etoropartners.com\/wp-content\/uploads\/2024\/05\/Cover_OUR-REGULATION-1536x384.jpg 1536w\" sizes=\"auto, (max-width: 1600px) 100vw, 1600px\" \/><\/figure>\n<\/div>\n<\/div>\n<\/div><\/section>\n\n\n\n<section class=\"wp-block-group wp-block-group-boxed wp-block-group-small-top-padding wp-block-group-small-bottom-padding has-white-background-color has-background\"><div class=\"wp-block-group-inner is-layout-flow wp-block-group-is-layout-flow\">\n<div class=\"wp-block-columns are-vertically-aligned-top wp-block-columns-1 is-layout-flex wp-container-core-columns-is-layout-9d6595d7 wp-block-columns-is-layout-flex\">\n<div class=\"wp-block-column is-layout-flow wp-block-column-is-layout-flow\">\n<p>eToro er regulert i flere jurisdiksjoner, <a href=\"https:\/\/www.etoro.com\/nb-no\/customer-service\/regulation-license\/\">klikk her<\/a> for \u00e5 l\u00e6re mer om v\u00e5re lisenser og regulatoriske krav.<\/p>\n\n\n\n<p class=\"is-style-heading-2\"><strong>Kan man nevne reguleringsmyndighetene?<\/strong><\/p>\n\n\n\n<p>Reguleringsmyndigheter kan ikke brukes som salgsargument eller for \u00e5 underbygge salg. Dette betyr at du m\u00e5 v\u00e6re forsiktig med hvordan du nevner dem. Nedenfor er noen eksempler p\u00e5 hvordan du IKKE nevner reguleringsmyndighetene:<\/p>\n\n\n\n<ul class=\"wp-block-list wp-block-list wp-block-list-circle\">\n<li>Skrive eller foresl\u00e5 at folk b\u00f8r handle hos eToro fordi det er en regulert merkevare<\/li>\n\n\n\n<li>Nevn regelverket som en \u00abproff\u00bb eller som \u00abprofesjonelt\u00bb<\/li>\n\n\n\n<li>\u00a0Sammenlign eToro med en annen merkevare, bruke reguleringsmyndighetene som en fordel med eToro fremfor andre<\/li>\n\n\n\n<li>Bruk reguleringsmyndighetenes logo<\/li>\n\n\n\n<li>Bruk reguleringsmyndighetens navn i bannere<\/li>\n<\/ul>\n\n\n\n<p class=\"is-style-heading-2\"><strong>S\u00e5 hva er tillatt?<\/strong><\/p>\n\n\n\n<p>Det er OK \u00e5 nevne at eToro er regulert, og av hvilke enheter n\u00e5r du bare nevner et faktum. For eksempel som et av mange elementer i beskrivelsen av eToro og funksjoner (for eksempel i en anmeldelse).<br><\/p>\n\n\n\n<p class=\"is-style-heading-2\"><strong>V\u00e6r n\u00f8yaktig<\/strong><\/p>\n\n\n\n<p><strong>Kryptovalutaer: <\/strong>Kryptovalutaer er ikke-regulerte instrumenter, derfor vil det v\u00e6re misvisende \u00e5 nevne reguleringsmyndighetene eller at eToro er regulert i en artikkel eller side om krypto. Unng\u00e5 \u00e5 gj\u00f8re dette, eller nevne eksplisitt at kryptovalutaer ikke er regulert (med mindre du retter deg mot et amerikansk publikum, er det ikke n\u00f8dvendig \u00e5 legge til dette).<\/p>\n\n\n\n<p><strong>USA: <\/strong>I USA tilbyr eToro USA LLC en plattform for amerikanske kunder for \u00e5 kj\u00f8pe og selge krypto, og er regulert av FinCen. eToro USA Securities Inc. er en megler-dealer regulert av FINRA som tillater handel med aksjer, ETF-er og opsjoner. Det er viktig \u00e5\u00a0 ikke forveksle de to<\/p>\n<\/div>\n<\/div>\n<\/div><\/section>\n","protected":false},"excerpt":{"rendered":"<p>Reguleringsmyndigheter eToro er regulert i flere jurisdiksjoner, klikk her for \u00e5 l\u00e6re mer om v\u00e5re lisenser og regulatoriske krav. Kan man nevne reguleringsmyndighetene? Reguleringsmyndigheter kan ikke brukes som salgsargument eller for \u00e5 underbygge salg. Dette betyr at du m\u00e5 v\u00e6re forsiktig med hvordan du nevner dem. Nedenfor er noen eksempler p\u00e5 hvordan du IKKE nevner [&hellip;]<\/p>\n","protected":false},"author":11,"featured_media":8234,"parent":0,"menu_order":0,"comment_status":"closed","ping_status":"closed","template":"","meta":{"_acf_changed":false,"sticky_cta_settings":"","footnotes":""},"class_list":["post-8819","page","type-page","status-publish","has-post-thumbnail","hentry"],"acf":[],"yoast_head":"<!-- This site is optimized with the Yoast SEO plugin v27.3 - https:\/\/yoast.com\/product\/yoast-seo-wordpress\/ -->\n<title>Reguleringsmyndigheter<\/title>\n<meta name=\"description\" content=\"eToro er regulert i flere jurisdiksjoner, klikk her for \u00e5 l\u00e6re mer om v\u00e5re konsesjoner og regulatoriske krav.\" \/>\n<meta name=\"robots\" content=\"index, follow, max-snippet:-1, max-image-preview:large, max-video-preview:-1\" \/>\n<link rel=\"canonical\" href=\"https:\/\/etoropartners.com\/no\/regulators\/\" \/>\n<meta property=\"og:locale\" content=\"nb_NO\" \/>\n<meta property=\"og:type\" content=\"article\" \/>\n<meta property=\"og:title\" content=\"Reguleringsmyndigheter\" \/>\n<meta property=\"og:description\" content=\"eToro er regulert i flere jurisdiksjoner, klikk her for \u00e5 l\u00e6re mer om v\u00e5re konsesjoner og regulatoriske krav.\" \/>\n<meta property=\"og:url\" content=\"https:\/\/etoropartners.com\/no\/regulators\/\" \/>\n<meta property=\"og:site_name\" content=\"eToro Partners\" \/>\n<meta property=\"article:modified_time\" content=\"2024-08-26T13:29:11+00:00\" \/>\n<meta property=\"og:image\" content=\"https:\/\/etoropartners.com\/wp-content\/uploads\/2024\/05\/Featured_OUR-REGULATION.png\" \/>\n\t<meta property=\"og:image:width\" content=\"1200\" \/>\n\t<meta property=\"og:image:height\" content=\"630\" \/>\n\t<meta property=\"og:image:type\" content=\"image\/png\" \/>\n<meta name=\"twitter:card\" content=\"summary_large_image\" \/>\n<meta name=\"twitter:label1\" content=\"Ansl. lesetid\" \/>\n\t<meta name=\"twitter:data1\" content=\"2 minutter\" \/>\n<script type=\"application\/ld+json\" class=\"yoast-schema-graph\">{\"@context\":\"https:\\\/\\\/schema.org\",\"@graph\":[{\"@type\":\"WebPage\",\"@id\":\"https:\\\/\\\/etoropartners.com\\\/no\\\/regulators\\\/\",\"url\":\"https:\\\/\\\/etoropartners.com\\\/no\\\/regulators\\\/\",\"name\":\"Reguleringsmyndigheter\",\"isPartOf\":{\"@id\":\"https:\\\/\\\/etoropartners.com\\\/no\\\/#website\"},\"primaryImageOfPage\":{\"@id\":\"https:\\\/\\\/etoropartners.com\\\/no\\\/regulators\\\/#primaryimage\"},\"image\":{\"@id\":\"https:\\\/\\\/etoropartners.com\\\/no\\\/regulators\\\/#primaryimage\"},\"thumbnailUrl\":\"https:\\\/\\\/etoropartners.com\\\/wp-content\\\/uploads\\\/2024\\\/05\\\/Featured_OUR-REGULATION.png\",\"datePublished\":\"2024-05-22T11:05:01+00:00\",\"dateModified\":\"2024-08-26T13:29:11+00:00\",\"description\":\"eToro er regulert i flere jurisdiksjoner, klikk her for \u00e5 l\u00e6re mer om v\u00e5re konsesjoner og regulatoriske krav.\",\"breadcrumb\":{\"@id\":\"https:\\\/\\\/etoropartners.com\\\/no\\\/regulators\\\/#breadcrumb\"},\"inLanguage\":\"nb-NO\",\"potentialAction\":[{\"@type\":\"ReadAction\",\"target\":[\"https:\\\/\\\/etoropartners.com\\\/no\\\/regulators\\\/\"]}]},{\"@type\":\"ImageObject\",\"inLanguage\":\"nb-NO\",\"@id\":\"https:\\\/\\\/etoropartners.com\\\/no\\\/regulators\\\/#primaryimage\",\"url\":\"https:\\\/\\\/etoropartners.com\\\/wp-content\\\/uploads\\\/2024\\\/05\\\/Featured_OUR-REGULATION.png\",\"contentUrl\":\"https:\\\/\\\/etoropartners.com\\\/wp-content\\\/uploads\\\/2024\\\/05\\\/Featured_OUR-REGULATION.png\",\"width\":1200,\"height\":630},{\"@type\":\"BreadcrumbList\",\"@id\":\"https:\\\/\\\/etoropartners.com\\\/no\\\/regulators\\\/#breadcrumb\",\"itemListElement\":[{\"@type\":\"ListItem\",\"position\":1,\"name\":\"Home\",\"item\":\"https:\\\/\\\/etoropartners.wpengine.com\\\/no\\\/\"},{\"@type\":\"ListItem\",\"position\":2,\"name\":\"Reguleringsmyndigheter\"}]},{\"@type\":\"WebSite\",\"@id\":\"https:\\\/\\\/etoropartners.com\\\/no\\\/#website\",\"url\":\"https:\\\/\\\/etoropartners.com\\\/no\\\/\",\"name\":\"eToro Partners\",\"description\":\"\",\"potentialAction\":[{\"@type\":\"SearchAction\",\"target\":{\"@type\":\"EntryPoint\",\"urlTemplate\":\"https:\\\/\\\/etoropartners.com\\\/no\\\/?s={search_term_string}\"},\"query-input\":{\"@type\":\"PropertyValueSpecification\",\"valueRequired\":true,\"valueName\":\"search_term_string\"}}],\"inLanguage\":\"nb-NO\"}]}<\/script>\n<!-- \/ Yoast SEO plugin. -->","yoast_head_json":{"title":"Reguleringsmyndigheter","description":"eToro er regulert i flere jurisdiksjoner, klikk her for \u00e5 l\u00e6re mer om v\u00e5re konsesjoner og regulatoriske krav.","robots":{"index":"index","follow":"follow","max-snippet":"max-snippet:-1","max-image-preview":"max-image-preview:large","max-video-preview":"max-video-preview:-1"},"canonical":"https:\/\/etoropartners.com\/no\/regulators\/","og_locale":"nb_NO","og_type":"article","og_title":"Reguleringsmyndigheter","og_description":"eToro er regulert i flere jurisdiksjoner, klikk her for \u00e5 l\u00e6re mer om v\u00e5re konsesjoner og regulatoriske krav.","og_url":"https:\/\/etoropartners.com\/no\/regulators\/","og_site_name":"eToro Partners","article_modified_time":"2024-08-26T13:29:11+00:00","og_image":[{"width":1200,"height":630,"url":"https:\/\/etoropartners.com\/wp-content\/uploads\/2024\/05\/Featured_OUR-REGULATION.png","type":"image\/png"}],"twitter_card":"summary_large_image","twitter_misc":{"Ansl. lesetid":"2 minutter"},"schema":{"@context":"https:\/\/schema.org","@graph":[{"@type":"WebPage","@id":"https:\/\/etoropartners.com\/no\/regulators\/","url":"https:\/\/etoropartners.com\/no\/regulators\/","name":"Reguleringsmyndigheter","isPartOf":{"@id":"https:\/\/etoropartners.com\/no\/#website"},"primaryImageOfPage":{"@id":"https:\/\/etoropartners.com\/no\/regulators\/#primaryimage"},"image":{"@id":"https:\/\/etoropartners.com\/no\/regulators\/#primaryimage"},"thumbnailUrl":"https:\/\/etoropartners.com\/wp-content\/uploads\/2024\/05\/Featured_OUR-REGULATION.png","datePublished":"2024-05-22T11:05:01+00:00","dateModified":"2024-08-26T13:29:11+00:00","description":"eToro er regulert i flere jurisdiksjoner, klikk her for \u00e5 l\u00e6re mer om v\u00e5re konsesjoner og regulatoriske krav.","breadcrumb":{"@id":"https:\/\/etoropartners.com\/no\/regulators\/#breadcrumb"},"inLanguage":"nb-NO","potentialAction":[{"@type":"ReadAction","target":["https:\/\/etoropartners.com\/no\/regulators\/"]}]},{"@type":"ImageObject","inLanguage":"nb-NO","@id":"https:\/\/etoropartners.com\/no\/regulators\/#primaryimage","url":"https:\/\/etoropartners.com\/wp-content\/uploads\/2024\/05\/Featured_OUR-REGULATION.png","contentUrl":"https:\/\/etoropartners.com\/wp-content\/uploads\/2024\/05\/Featured_OUR-REGULATION.png","width":1200,"height":630},{"@type":"BreadcrumbList","@id":"https:\/\/etoropartners.com\/no\/regulators\/#breadcrumb","itemListElement":[{"@type":"ListItem","position":1,"name":"Home","item":"https:\/\/etoropartners.wpengine.com\/no\/"},{"@type":"ListItem","position":2,"name":"Reguleringsmyndigheter"}]},{"@type":"WebSite","@id":"https:\/\/etoropartners.com\/no\/#website","url":"https:\/\/etoropartners.com\/no\/","name":"eToro Partners","description":"","potentialAction":[{"@type":"SearchAction","target":{"@type":"EntryPoint","urlTemplate":"https:\/\/etoropartners.com\/no\/?s={search_term_string}"},"query-input":{"@type":"PropertyValueSpecification","valueRequired":true,"valueName":"search_term_string"}}],"inLanguage":"nb-NO"}]}},"_links":{"self":[{"href":"https:\/\/etoropartners.com\/no\/wp-json\/wp\/v2\/pages\/8819","targetHints":{"allow":["GET"]}}],"collection":[{"href":"https:\/\/etoropartners.com\/no\/wp-json\/wp\/v2\/pages"}],"about":[{"href":"https:\/\/etoropartners.com\/no\/wp-json\/wp\/v2\/types\/page"}],"author":[{"embeddable":true,"href":"https:\/\/etoropartners.com\/no\/wp-json\/wp\/v2\/users\/11"}],"replies":[{"embeddable":true,"href":"https:\/\/etoropartners.com\/no\/wp-json\/wp\/v2\/comments?post=8819"}],"version-history":[{"count":0,"href":"https:\/\/etoropartners.com\/no\/wp-json\/wp\/v2\/pages\/8819\/revisions"}],"wp:featuredmedia":[{"embeddable":true,"href":"https:\/\/etoropartners.com\/no\/wp-json\/wp\/v2\/media\/8234"}],"wp:attachment":[{"href":"https:\/\/etoropartners.com\/no\/wp-json\/wp\/v2\/media?parent=8819"}],"curies":[{"name":"wp","href":"https:\/\/api.w.org\/{rel}","templated":true}]}}