{"id":8787,"date":"2024-05-22T10:54:03","date_gmt":"2024-05-22T08:54:03","guid":{"rendered":"https:\/\/etoropartners.com\/how-to-add-risk-warnings\/"},"modified":"2024-08-26T12:48:35","modified_gmt":"2024-08-26T10:48:35","slug":"how-to-add-risk-warnings","status":"publish","type":"page","link":"https:\/\/etoropartners.com\/no\/how-to-add-risk-warnings\/","title":{"rendered":"How to add risk warnings"},"content":{"rendered":"\n<section class=\"wp-block-group wp-block-group-boxed wp-block-group-small-top-padding wp-block-group-small-bottom-padding\"><div class=\"wp-block-group-inner is-layout-flow wp-block-group-is-layout-flow\">\n<div class=\"wp-block-columns are-vertically-aligned-top wp-block-columns-1 is-layout-flex wp-container-core-columns-is-layout-9d6595d7 wp-block-columns-is-layout-flex\">\n<div class=\"wp-block-column wp-block-column-align-desktop-center wp-block-column-align-mobile-center is-layout-flow wp-block-column-is-layout-flow\">\n<h2 class=\"wp-block-heading has-text-align-center\">Hvordan legge til risikoadvarsler<\/h2>\n\n\n\n<figure class=\"wp-block-image size-full\"><img loading=\"lazy\" decoding=\"async\" width=\"1600\" height=\"400\" src=\"https:\/\/etoropartners.com\/wp-content\/uploads\/2024\/05\/Cover_how-to-add-risk-warnings.jpg\" alt=\"\" class=\"wp-image-8176 wp-image-desktop\" srcset=\"https:\/\/etoropartners.com\/wp-content\/uploads\/2024\/05\/Cover_how-to-add-risk-warnings.jpg 1600w, https:\/\/etoropartners.com\/wp-content\/uploads\/2024\/05\/Cover_how-to-add-risk-warnings-300x75.jpg 300w, https:\/\/etoropartners.com\/wp-content\/uploads\/2024\/05\/Cover_how-to-add-risk-warnings-1024x256.jpg 1024w, https:\/\/etoropartners.com\/wp-content\/uploads\/2024\/05\/Cover_how-to-add-risk-warnings-768x192.jpg 768w, https:\/\/etoropartners.com\/wp-content\/uploads\/2024\/05\/Cover_how-to-add-risk-warnings-1536x384.jpg 1536w\" sizes=\"auto, (max-width: 1600px) 100vw, 1600px\" \/><\/figure>\n<\/div>\n<\/div>\n<\/div><\/section>\n\n\n\n<section class=\"wp-block-group wp-block-group-boxed wp-block-group-small-top-padding wp-block-group-small-bottom-padding\"><div class=\"wp-block-group-inner is-layout-flow wp-block-group-is-layout-flow\">\n<div class=\"wp-block-columns are-vertically-aligned-top wp-block-columns-1 is-layout-flex wp-container-core-columns-is-layout-9d6595d7 wp-block-columns-is-layout-flex\">\n<div class=\"wp-block-column is-layout-flow wp-block-column-is-layout-flow\">\n<p>Risikoadvarsler m\u00e5 vises tydelig slik at forbrukerne lett kan lese og forst\u00e5 dem.<\/p>\n\n\n\n<p class=\"is-style-heading-2\">Hvor m\u00e5 det v\u00e6rerisikoadvarsler ?<\/p>\n\n\n\n<p>De m\u00e5 legges til i hver eToro-annonse, ved siden av hver kobling til eToro eller handlingsfremmende uttrykk.<\/p>\n\n\n\n<p>For eToro-anmeldelser eller artikler som nevner eToro, m\u00e5 risikoadvarsler legges til i begynnelsen av teksten. Men hvis du har separate seksjoner p\u00e5 den samme siden, for eksempel et banner eller andre elementer som lenker til eToro, vil de trenge sine egne risikoadvarsler, dette m\u00e5 v\u00e6re n\u00e6r lenken eller oppfordringen til handling.<\/p>\n\n\n\n<p>P\u00e5 en video kan du inkludere risikoadvarsler gjennom hele varigheten til videoen, eller ansvarsfraskrivelsen p\u00e5 full skjerm i 10 sekunder i begynnelsen av videoen. Beskrivelsen av videoen skal ogs\u00e5 alltid inneholde risikoadvarselen.<\/p>\n\n\n\n<p>Merk at hvis det ikke er plass til en full risikoadvarsel i disse elementene, kan du bruke den kortere versjonen av risikoadvarselen der den er tilgjengelig.<\/p>\n\n\n\n<p>Hvis du trenger \u00e5 legge til flere risikoadvarsler p\u00e5 mange forskjellige steder p\u00e5 en side &#8211; kan du ogs\u00e5 gj\u00f8re det ved \u00e5 legge til en risikoadvarsel som alltid vil v\u00e6re synlig p\u00e5 siden.<\/p>\n<\/div>\n<\/div>\n<\/div><\/section>\n\n\n\n<section class=\"wp-block-group wp-block-group-boxed wp-block-group-small-top-padding wp-block-group-small-bottom-padding\"><div class=\"wp-block-group-inner is-layout-flow wp-block-group-is-layout-flow\">\n<div class=\"wp-block-columns are-vertically-aligned-top wp-block-columns-1 is-layout-flex wp-container-core-columns-is-layout-9d6595d7 wp-block-columns-is-layout-flex\">\n<div class=\"wp-block-column wp-block-column-align-desktop-center wp-block-column-align-mobile-center is-layout-flow wp-block-column-is-layout-flow\">\n<figure class=\"wp-block-embed is-type-rich is-provider-embed-handler wp-block-embed-embed-handler wp-embed-aspect-16-9 wp-has-aspect-ratio\"><div class=\"wp-block-embed__wrapper\">\n<div class=\"ec-video\"><iframe loading=\"lazy\" title=\"Compliance training video 4- 16:9 - How to  add risk warnings\" width=\"500\" height=\"281\" src=\"https:\/\/www.youtube.com\/embed\/Ar9eFGOq1xg?feature=oembed\" frameborder=\"0\" allow=\"accelerometer; autoplay; clipboard-write; encrypted-media; gyroscope; picture-in-picture; web-share\" referrerpolicy=\"strict-origin-when-cross-origin\" allowfullscreen><\/iframe><\/div>\n<\/div><\/figure>\n<\/div>\n<\/div>\n<\/div><\/section>\n\n\n\n<section class=\"wp-block-group wp-block-group-boxed wp-block-group-small-top-padding wp-block-group-small-bottom-padding\"><div class=\"wp-block-group-inner is-layout-flow wp-block-group-is-layout-flow\">\n<div class=\"wp-block-columns are-vertically-aligned-top wp-block-columns-1 is-layout-flex wp-container-core-columns-is-layout-9d6595d7 wp-block-columns-is-layout-flex\">\n<div class=\"wp-block-column is-layout-flow wp-block-column-is-layout-flow\">\n<p class=\"is-style-heading-2\">Hvordan finne passende risikoadvarsler<\/p>\n\n\n\n<p>Risikoadvarslene du m\u00e5 bruke bestemmes av landene du retter deg mot og av produktene du nevner. I <a href=\"https:\/\/etoropartners.com\/no\/guidelines\/\">retningslinjene<\/a> kan du finne relevante risikoadvarsler etter land og kategori.<\/p>\n\n\n\n<p>Hvis du retter deg mot forskjellige land og i forskjellige kategorier, m\u00e5 du bruke alle relevante risikoadvarsler.<\/p>\n\n\n\n<p class=\"is-style-heading-2\"><br>Det er tre ting \u00e5 huske p\u00e5 her:<\/p>\n\n\n\n<p class=\"is-style-default\"><br><strong>Nummer 1. <\/strong>V\u00e6r oppmerksom p\u00e5 at noen land, for eksempel Spania og Storbritannia, har spesifikke advarsler om kryptorisiko.<\/p>\n\n\n\n<p><strong>Nummer 2.<\/strong> Hvis du markedsf\u00f8rer p\u00e5 sosiale medier, m\u00e5 du nevne at du er en affiliate eller at dette er en betalt annonse. Dette kan v\u00e6re s\u00e5 enkelt som \u00e5 legge til #advert hashtag.<br><br><strong>Nummer 3. <\/strong>N\u00e5r du retter deg mot markeder i USA, m\u00e5 en affiliate opplyse om betalinger de kan motta fra tilknyttede annonser.<\/p>\n\n\n\n<p><strong>Sist men ikke minst <\/strong>\u2026 det er viktig \u00e5 merke seg at de fleste CFD-risikoadvarslene har en prosentandel, og vi er p\u00e5lagt \u00e5 endre den prosentandelen hver tredje m\u00e5ned. Vi vil legge ut en foresp\u00f8rsel om \u00e5 endre prosentandelen i nyhetsseksjonen p\u00e5 eToro Partners-nettstedet n\u00e5r det er n\u00f8dvendig. Vi anbefaler imidlertid p\u00e5 det sterkeste at du bruker<a href=\"https:\/\/docs.google.com\/presentation\/d\/12qK8XF8UURt3y9hTFKDv3f0nudVZez_BNxgC2ZsvhFo\/edit#slide=id.g1c27c6d4ca5_0_0\"> verkt\u00f8yet for dynamisk ansvarsfraskrivelse i prosent<\/a>. Hvis du implementerer dette verkt\u00f8yet, vil det automatisk vise riktig prosentandel og spare deg for mye tid og arbeid.<\/p>\n<\/div>\n<\/div>\n<\/div><\/section>\n","protected":false},"excerpt":{"rendered":"<p>Hvordan legge til risikoadvarsler Risikoadvarsler m\u00e5 vises tydelig slik at forbrukerne lett kan lese og forst\u00e5 dem. Hvor m\u00e5 det v\u00e6rerisikoadvarsler ? De m\u00e5 legges til i hver eToro-annonse, ved siden av hver kobling til eToro eller handlingsfremmende uttrykk. For eToro-anmeldelser eller artikler som nevner eToro, m\u00e5 risikoadvarsler legges til i begynnelsen av teksten. Men [&hellip;]<\/p>\n","protected":false},"author":11,"featured_media":8171,"parent":0,"menu_order":0,"comment_status":"closed","ping_status":"closed","template":"","meta":{"_acf_changed":false,"sticky_cta_settings":"","footnotes":""},"class_list":["post-8787","page","type-page","status-publish","has-post-thumbnail","hentry"],"acf":[],"yoast_head":"<!-- This site is optimized with the Yoast SEO plugin v27.3 - https:\/\/yoast.com\/product\/yoast-seo-wordpress\/ -->\n<title>Hvordan legge til risikoadvarsler<\/title>\n<meta name=\"description\" content=\"Risikoadvarsler m\u00e5 vises tydelig, slik at forbrukerne enkelt kan lese og forst\u00e5. Hvor skal de legges til?\" \/>\n<meta name=\"robots\" content=\"index, follow, max-snippet:-1, max-image-preview:large, max-video-preview:-1\" \/>\n<link rel=\"canonical\" href=\"https:\/\/etoropartners.com\/no\/how-to-add-risk-warnings\/\" \/>\n<meta property=\"og:locale\" content=\"nb_NO\" \/>\n<meta property=\"og:type\" content=\"article\" \/>\n<meta property=\"og:title\" content=\"Hvordan legge til risikoadvarsler\" \/>\n<meta property=\"og:description\" content=\"Risikoadvarsler m\u00e5 vises tydelig, slik at forbrukerne enkelt kan lese og forst\u00e5. Hvor skal de legges til?\" \/>\n<meta property=\"og:url\" content=\"https:\/\/etoropartners.com\/no\/how-to-add-risk-warnings\/\" \/>\n<meta property=\"og:site_name\" content=\"eToro Partners\" \/>\n<meta property=\"article:modified_time\" content=\"2024-08-26T10:48:35+00:00\" \/>\n<meta property=\"og:image\" content=\"https:\/\/etoropartners.com\/wp-content\/uploads\/2024\/05\/Featured_how-to-add-risk-warnings.png\" \/>\n\t<meta property=\"og:image:width\" content=\"1200\" \/>\n\t<meta property=\"og:image:height\" content=\"630\" \/>\n\t<meta property=\"og:image:type\" content=\"image\/png\" \/>\n<meta name=\"twitter:card\" content=\"summary_large_image\" \/>\n<meta name=\"twitter:label1\" content=\"Ansl. lesetid\" \/>\n\t<meta name=\"twitter:data1\" content=\"3 minutter\" \/>\n<script type=\"application\/ld+json\" class=\"yoast-schema-graph\">{\"@context\":\"https:\\\/\\\/schema.org\",\"@graph\":[{\"@type\":\"WebPage\",\"@id\":\"https:\\\/\\\/etoropartners.com\\\/no\\\/how-to-add-risk-warnings\\\/\",\"url\":\"https:\\\/\\\/etoropartners.com\\\/no\\\/how-to-add-risk-warnings\\\/\",\"name\":\"Hvordan legge til risikoadvarsler\",\"isPartOf\":{\"@id\":\"https:\\\/\\\/etoropartners.com\\\/no\\\/#website\"},\"primaryImageOfPage\":{\"@id\":\"https:\\\/\\\/etoropartners.com\\\/no\\\/how-to-add-risk-warnings\\\/#primaryimage\"},\"image\":{\"@id\":\"https:\\\/\\\/etoropartners.com\\\/no\\\/how-to-add-risk-warnings\\\/#primaryimage\"},\"thumbnailUrl\":\"https:\\\/\\\/etoropartners.com\\\/wp-content\\\/uploads\\\/2024\\\/05\\\/Featured_how-to-add-risk-warnings.png\",\"datePublished\":\"2024-05-22T08:54:03+00:00\",\"dateModified\":\"2024-08-26T10:48:35+00:00\",\"description\":\"Risikoadvarsler m\u00e5 vises tydelig, slik at forbrukerne enkelt kan lese og forst\u00e5. Hvor skal de legges til?\",\"breadcrumb\":{\"@id\":\"https:\\\/\\\/etoropartners.com\\\/no\\\/how-to-add-risk-warnings\\\/#breadcrumb\"},\"inLanguage\":\"nb-NO\",\"potentialAction\":[{\"@type\":\"ReadAction\",\"target\":[\"https:\\\/\\\/etoropartners.com\\\/no\\\/how-to-add-risk-warnings\\\/\"]}]},{\"@type\":\"ImageObject\",\"inLanguage\":\"nb-NO\",\"@id\":\"https:\\\/\\\/etoropartners.com\\\/no\\\/how-to-add-risk-warnings\\\/#primaryimage\",\"url\":\"https:\\\/\\\/etoropartners.com\\\/wp-content\\\/uploads\\\/2024\\\/05\\\/Featured_how-to-add-risk-warnings.png\",\"contentUrl\":\"https:\\\/\\\/etoropartners.com\\\/wp-content\\\/uploads\\\/2024\\\/05\\\/Featured_how-to-add-risk-warnings.png\",\"width\":1200,\"height\":630},{\"@type\":\"BreadcrumbList\",\"@id\":\"https:\\\/\\\/etoropartners.com\\\/no\\\/how-to-add-risk-warnings\\\/#breadcrumb\",\"itemListElement\":[{\"@type\":\"ListItem\",\"position\":1,\"name\":\"Home\",\"item\":\"https:\\\/\\\/etoropartners.wpengine.com\\\/no\\\/\"},{\"@type\":\"ListItem\",\"position\":2,\"name\":\"How to add risk warnings\"}]},{\"@type\":\"WebSite\",\"@id\":\"https:\\\/\\\/etoropartners.com\\\/no\\\/#website\",\"url\":\"https:\\\/\\\/etoropartners.com\\\/no\\\/\",\"name\":\"eToro Partners\",\"description\":\"\",\"potentialAction\":[{\"@type\":\"SearchAction\",\"target\":{\"@type\":\"EntryPoint\",\"urlTemplate\":\"https:\\\/\\\/etoropartners.com\\\/no\\\/?s={search_term_string}\"},\"query-input\":{\"@type\":\"PropertyValueSpecification\",\"valueRequired\":true,\"valueName\":\"search_term_string\"}}],\"inLanguage\":\"nb-NO\"}]}<\/script>\n<!-- \/ Yoast SEO plugin. -->","yoast_head_json":{"title":"Hvordan legge til risikoadvarsler","description":"Risikoadvarsler m\u00e5 vises tydelig, slik at forbrukerne enkelt kan lese og forst\u00e5. Hvor skal de legges til?","robots":{"index":"index","follow":"follow","max-snippet":"max-snippet:-1","max-image-preview":"max-image-preview:large","max-video-preview":"max-video-preview:-1"},"canonical":"https:\/\/etoropartners.com\/no\/how-to-add-risk-warnings\/","og_locale":"nb_NO","og_type":"article","og_title":"Hvordan legge til risikoadvarsler","og_description":"Risikoadvarsler m\u00e5 vises tydelig, slik at forbrukerne enkelt kan lese og forst\u00e5. Hvor skal de legges til?","og_url":"https:\/\/etoropartners.com\/no\/how-to-add-risk-warnings\/","og_site_name":"eToro Partners","article_modified_time":"2024-08-26T10:48:35+00:00","og_image":[{"width":1200,"height":630,"url":"https:\/\/etoropartners.com\/wp-content\/uploads\/2024\/05\/Featured_how-to-add-risk-warnings.png","type":"image\/png"}],"twitter_card":"summary_large_image","twitter_misc":{"Ansl. lesetid":"3 minutter"},"schema":{"@context":"https:\/\/schema.org","@graph":[{"@type":"WebPage","@id":"https:\/\/etoropartners.com\/no\/how-to-add-risk-warnings\/","url":"https:\/\/etoropartners.com\/no\/how-to-add-risk-warnings\/","name":"Hvordan legge til risikoadvarsler","isPartOf":{"@id":"https:\/\/etoropartners.com\/no\/#website"},"primaryImageOfPage":{"@id":"https:\/\/etoropartners.com\/no\/how-to-add-risk-warnings\/#primaryimage"},"image":{"@id":"https:\/\/etoropartners.com\/no\/how-to-add-risk-warnings\/#primaryimage"},"thumbnailUrl":"https:\/\/etoropartners.com\/wp-content\/uploads\/2024\/05\/Featured_how-to-add-risk-warnings.png","datePublished":"2024-05-22T08:54:03+00:00","dateModified":"2024-08-26T10:48:35+00:00","description":"Risikoadvarsler m\u00e5 vises tydelig, slik at forbrukerne enkelt kan lese og forst\u00e5. Hvor skal de legges til?","breadcrumb":{"@id":"https:\/\/etoropartners.com\/no\/how-to-add-risk-warnings\/#breadcrumb"},"inLanguage":"nb-NO","potentialAction":[{"@type":"ReadAction","target":["https:\/\/etoropartners.com\/no\/how-to-add-risk-warnings\/"]}]},{"@type":"ImageObject","inLanguage":"nb-NO","@id":"https:\/\/etoropartners.com\/no\/how-to-add-risk-warnings\/#primaryimage","url":"https:\/\/etoropartners.com\/wp-content\/uploads\/2024\/05\/Featured_how-to-add-risk-warnings.png","contentUrl":"https:\/\/etoropartners.com\/wp-content\/uploads\/2024\/05\/Featured_how-to-add-risk-warnings.png","width":1200,"height":630},{"@type":"BreadcrumbList","@id":"https:\/\/etoropartners.com\/no\/how-to-add-risk-warnings\/#breadcrumb","itemListElement":[{"@type":"ListItem","position":1,"name":"Home","item":"https:\/\/etoropartners.wpengine.com\/no\/"},{"@type":"ListItem","position":2,"name":"How to add risk warnings"}]},{"@type":"WebSite","@id":"https:\/\/etoropartners.com\/no\/#website","url":"https:\/\/etoropartners.com\/no\/","name":"eToro Partners","description":"","potentialAction":[{"@type":"SearchAction","target":{"@type":"EntryPoint","urlTemplate":"https:\/\/etoropartners.com\/no\/?s={search_term_string}"},"query-input":{"@type":"PropertyValueSpecification","valueRequired":true,"valueName":"search_term_string"}}],"inLanguage":"nb-NO"}]}},"_links":{"self":[{"href":"https:\/\/etoropartners.com\/no\/wp-json\/wp\/v2\/pages\/8787","targetHints":{"allow":["GET"]}}],"collection":[{"href":"https:\/\/etoropartners.com\/no\/wp-json\/wp\/v2\/pages"}],"about":[{"href":"https:\/\/etoropartners.com\/no\/wp-json\/wp\/v2\/types\/page"}],"author":[{"embeddable":true,"href":"https:\/\/etoropartners.com\/no\/wp-json\/wp\/v2\/users\/11"}],"replies":[{"embeddable":true,"href":"https:\/\/etoropartners.com\/no\/wp-json\/wp\/v2\/comments?post=8787"}],"version-history":[{"count":0,"href":"https:\/\/etoropartners.com\/no\/wp-json\/wp\/v2\/pages\/8787\/revisions"}],"wp:featuredmedia":[{"embeddable":true,"href":"https:\/\/etoropartners.com\/no\/wp-json\/wp\/v2\/media\/8171"}],"wp:attachment":[{"href":"https:\/\/etoropartners.com\/no\/wp-json\/wp\/v2\/media?parent=8787"}],"curies":[{"name":"wp","href":"https:\/\/api.w.org\/{rel}","templated":true}]}}