{"id":8756,"date":"2024-05-22T11:00:34","date_gmt":"2024-05-22T09:00:34","guid":{"rendered":"https:\/\/etoropartners.com\/investment-advice\/"},"modified":"2024-08-27T13:33:17","modified_gmt":"2024-08-27T11:33:17","slug":"investeringsradgivning","status":"publish","type":"page","link":"https:\/\/etoropartners.com\/no\/investeringsradgivning\/","title":{"rendered":"Investeringsr\u00e5dgivning"},"content":{"rendered":"\n<section class=\"wp-block-group wp-block-group-boxed wp-block-group-small-top-padding wp-block-group-small-bottom-padding\"><div class=\"wp-block-group-inner is-layout-flow wp-block-group-is-layout-flow\">\n<div class=\"wp-block-columns are-vertically-aligned-top wp-block-columns-1 is-layout-flex wp-container-core-columns-is-layout-9d6595d7 wp-block-columns-is-layout-flex\">\n<div class=\"wp-block-column wp-block-column-align-desktop-center wp-block-column-align-mobile-center is-layout-flow wp-block-column-is-layout-flow\">\n<h2 class=\"wp-block-heading has-text-align-center\">Investeringsr\u00e5dgivning<\/h2>\n<\/div>\n<\/div>\n\n\n\n<figure class=\"wp-block-image size-full\"><img loading=\"lazy\" decoding=\"async\" width=\"1600\" height=\"400\" src=\"https:\/\/etoropartners.com\/wp-content\/uploads\/2024\/05\/Cover_Investment-advice.jpg\" alt=\"\" class=\"wp-image-8208 wp-image-desktop\" srcset=\"https:\/\/etoropartners.com\/wp-content\/uploads\/2024\/05\/Cover_Investment-advice.jpg 1600w, https:\/\/etoropartners.com\/wp-content\/uploads\/2024\/05\/Cover_Investment-advice-300x75.jpg 300w, https:\/\/etoropartners.com\/wp-content\/uploads\/2024\/05\/Cover_Investment-advice-1024x256.jpg 1024w, https:\/\/etoropartners.com\/wp-content\/uploads\/2024\/05\/Cover_Investment-advice-768x192.jpg 768w, https:\/\/etoropartners.com\/wp-content\/uploads\/2024\/05\/Cover_Investment-advice-1536x384.jpg 1536w\" sizes=\"auto, (max-width: 1600px) 100vw, 1600px\" \/><\/figure>\n<\/div><\/section>\n\n\n\n<section class=\"wp-block-group wp-block-group-boxed wp-block-group-small-top-padding wp-block-group-small-bottom-padding\"><div class=\"wp-block-group-inner is-layout-flow wp-block-group-is-layout-flow\">\n<div class=\"wp-block-columns are-vertically-aligned-top wp-block-columns-1 is-layout-flex wp-container-core-columns-is-layout-9d6595d7 wp-block-columns-is-layout-flex\">\n<div class=\"wp-block-column is-layout-flow wp-block-column-is-layout-flow\">\n<p>Det er IKKE lov \u00e5 tilby investeringsr\u00e5d, men hva er investeringsr\u00e5d?<\/p>\n\n\n\n<p class=\"is-style-heading-2\">Hva regnes som investeringsr\u00e5d\u00a0?<\/p>\n\n\n\n<p>Investeringsr\u00e5d er enhver anbefaling eller veiledning som fors\u00f8ker \u00e5 l\u00e6re opp, informere eller veilede en investor ang\u00e5ende et bestemt investeringsprodukt eller serie av produkter.<\/p>\n\n\n\n<p>Det er ikke tillatt \u00e5 r\u00e5de bes\u00f8kende til \u00e5 kj\u00f8pe et instrument eller \u00e5 anbefale en bestemt investering, v\u00e6re seg implisitt eller eksplisitt.<\/p>\n\n\n\n<p>Analyse av et (finansielt) instrument eller prognoser kan imidlertid gis som investeringsanalyse og m\u00e5 v\u00e6re generiske, basert p\u00e5 offentlig informasjon og ikke rettet mot en bestemt person eller gruppe mennesker.<\/p>\n\n\n\n<p class=\"is-style-heading-2\"><strong>Risikoadvarsel<\/strong><\/p>\n\n\n\n<p>N\u00e5r du skriver en analyse av et instrument eller prognose, m\u00e5 f\u00f8lgende ansvarsfraskrivelse legges til (I tillegg til risikoadvarslene finner du i risikoadvarslene i <a href=\"https:\/\/etoropartners.com\/no\/guidelines\/\">retningslinjene<\/a>):<\/p>\n\n\n\n<p>Denne kommunikasjonen er kun for informasjons- og utdanningsform\u00e5l og skal ikke oppfattes som investeringsr\u00e5d, en personlig anbefaling eller et tilbud om, eller oppfordring om \u00e5 kj\u00f8pe eller selge, finansielle instrumenter. <strong>Dette materialet er utarbeidet uten \u00e5 ta hensyn til noen bestemt mottakers investeringsm\u00e5l eller \u00f8konomiske situasjon og er ikke utarbeidet i samsvar med lov- og forskriftskravene for \u00e5 fremme uavhengig forskning<\/strong>. Eventuelle referanser til tidligere eller fremtidig ytelse for et finansielt instrument, indeks eller et pakket investeringsprodukt er ikke, og b\u00f8r ikke tas som, en p\u00e5litelig indikator p\u00e5 fremtidige resultater. eToro gir ingen representasjon, og p\u00e5tar seg intet ansvar med hensyn til n\u00f8yaktigheten eller fullstendigheten av innholdet i denne publikasjonen.<\/p>\n\n\n\n<p class=\"is-style-heading-2\">Legg merke til f\u00f8lgende:<\/p>\n\n\n\n<p>USA: I USA kan du ikke markedsf\u00f8re eToro i kurs-\/prosprognoser. Det er lov \u00e5 markedsf\u00f8reeToro i analyse av finansielle instrumenter som ikke inneholder en prognose.<span id=\"docs-internal-guid-eecad96e-7fff-f9ce-8065-f89ccb0a1c2d\"><div><span style=\"font-size: 11pt; font-family: Arial, sans-serif; color: rgb(0, 0, 0); background-color: transparent; font-variant-numeric: normal; font-variant-east-asian: normal; font-variant-alternates: normal; font-variant-position: normal; vertical-align: baseline;\"><\/span><\/div><\/span><strong>Norge og Sveits: <\/strong>I Norge og Sveits er det ikke tillatt \u00e5 nevne noe spesifikt instrument. eToro kan heller ikke markedsf\u00f8res i noen artikkel som nevner spesifikke finansielle instrumenter. Du har lov til \u00e5 nevne instrumentgrupper som aksjer, CFD-er eller krypto-er, men ikke spesifikke slik som Tesla eller Apple<\/p>\n\n\n\n<p>Ta kontakt med din affiliate manager eller <a href=\"mailto:lioraed@etoro.com\">Liora Edelstein<\/a>, eller <a href=\"https:\/\/calendly.com\/lioraed\">avtal et m\u00f8te hvis du er i tvil<\/a>.<\/p>\n<\/div>\n<\/div>\n<\/div><\/section>\n","protected":false},"excerpt":{"rendered":"<p>Investeringsr\u00e5dgivning Det er IKKE lov \u00e5 tilby investeringsr\u00e5d, men hva er investeringsr\u00e5d? Hva regnes som investeringsr\u00e5d\u00a0? Investeringsr\u00e5d er enhver anbefaling eller veiledning som fors\u00f8ker \u00e5 l\u00e6re opp, informere eller veilede en investor ang\u00e5ende et bestemt investeringsprodukt eller serie av produkter. Det er ikke tillatt \u00e5 r\u00e5de bes\u00f8kende til \u00e5 kj\u00f8pe et instrument eller \u00e5 anbefale [&hellip;]<\/p>\n","protected":false},"author":11,"featured_media":8203,"parent":0,"menu_order":0,"comment_status":"closed","ping_status":"closed","template":"","meta":{"_acf_changed":false,"sticky_cta_settings":"","footnotes":""},"class_list":["post-8756","page","type-page","status-publish","has-post-thumbnail","hentry"],"acf":[],"yoast_head":"<!-- This site is optimized with the Yoast SEO plugin v27.3 - https:\/\/yoast.com\/product\/yoast-seo-wordpress\/ -->\n<title>Investeringsr\u00e5dgivning<\/title>\n<meta name=\"description\" content=\"Det er IKKE lov \u00e5 tilby investeringsr\u00e5d, men hva er investeringsr\u00e5d?\" \/>\n<meta name=\"robots\" content=\"index, follow, max-snippet:-1, max-image-preview:large, max-video-preview:-1\" \/>\n<link rel=\"canonical\" href=\"https:\/\/etoropartners.com\/no\/investeringsradgivning\/\" \/>\n<meta property=\"og:locale\" content=\"nb_NO\" \/>\n<meta property=\"og:type\" content=\"article\" \/>\n<meta property=\"og:title\" content=\"Investeringsr\u00e5dgivning\" \/>\n<meta property=\"og:description\" content=\"Det er IKKE lov \u00e5 tilby investeringsr\u00e5d, men hva er investeringsr\u00e5d?\" \/>\n<meta property=\"og:url\" content=\"https:\/\/etoropartners.com\/no\/investeringsradgivning\/\" \/>\n<meta property=\"og:site_name\" content=\"eToro Partners\" \/>\n<meta property=\"article:modified_time\" content=\"2024-08-27T11:33:17+00:00\" \/>\n<meta property=\"og:image\" content=\"https:\/\/etoropartners.com\/wp-content\/uploads\/2024\/05\/Featured_Investment-advice.png\" \/>\n\t<meta property=\"og:image:width\" content=\"1200\" \/>\n\t<meta property=\"og:image:height\" content=\"630\" \/>\n\t<meta property=\"og:image:type\" content=\"image\/png\" \/>\n<meta name=\"twitter:card\" content=\"summary_large_image\" \/>\n<meta name=\"twitter:label1\" content=\"Ansl. lesetid\" \/>\n\t<meta name=\"twitter:data1\" content=\"2 minutter\" \/>\n<script type=\"application\/ld+json\" class=\"yoast-schema-graph\">{\"@context\":\"https:\\\/\\\/schema.org\",\"@graph\":[{\"@type\":\"WebPage\",\"@id\":\"https:\\\/\\\/etoropartners.com\\\/no\\\/investeringsradgivning\\\/\",\"url\":\"https:\\\/\\\/etoropartners.com\\\/no\\\/investeringsradgivning\\\/\",\"name\":\"Investeringsr\u00e5dgivning\",\"isPartOf\":{\"@id\":\"https:\\\/\\\/etoropartners.com\\\/no\\\/#website\"},\"primaryImageOfPage\":{\"@id\":\"https:\\\/\\\/etoropartners.com\\\/no\\\/investeringsradgivning\\\/#primaryimage\"},\"image\":{\"@id\":\"https:\\\/\\\/etoropartners.com\\\/no\\\/investeringsradgivning\\\/#primaryimage\"},\"thumbnailUrl\":\"https:\\\/\\\/etoropartners.com\\\/wp-content\\\/uploads\\\/2024\\\/05\\\/Featured_Investment-advice.png\",\"datePublished\":\"2024-05-22T09:00:34+00:00\",\"dateModified\":\"2024-08-27T11:33:17+00:00\",\"description\":\"Det er IKKE lov \u00e5 tilby investeringsr\u00e5d, men hva er investeringsr\u00e5d?\",\"breadcrumb\":{\"@id\":\"https:\\\/\\\/etoropartners.com\\\/no\\\/investeringsradgivning\\\/#breadcrumb\"},\"inLanguage\":\"nb-NO\",\"potentialAction\":[{\"@type\":\"ReadAction\",\"target\":[\"https:\\\/\\\/etoropartners.com\\\/no\\\/investeringsradgivning\\\/\"]}]},{\"@type\":\"ImageObject\",\"inLanguage\":\"nb-NO\",\"@id\":\"https:\\\/\\\/etoropartners.com\\\/no\\\/investeringsradgivning\\\/#primaryimage\",\"url\":\"https:\\\/\\\/etoropartners.com\\\/wp-content\\\/uploads\\\/2024\\\/05\\\/Featured_Investment-advice.png\",\"contentUrl\":\"https:\\\/\\\/etoropartners.com\\\/wp-content\\\/uploads\\\/2024\\\/05\\\/Featured_Investment-advice.png\",\"width\":1200,\"height\":630},{\"@type\":\"BreadcrumbList\",\"@id\":\"https:\\\/\\\/etoropartners.com\\\/no\\\/investeringsradgivning\\\/#breadcrumb\",\"itemListElement\":[{\"@type\":\"ListItem\",\"position\":1,\"name\":\"Home\",\"item\":\"https:\\\/\\\/etoropartners.wpengine.com\\\/no\\\/\"},{\"@type\":\"ListItem\",\"position\":2,\"name\":\"Investeringsr\u00e5dgivning\"}]},{\"@type\":\"WebSite\",\"@id\":\"https:\\\/\\\/etoropartners.com\\\/no\\\/#website\",\"url\":\"https:\\\/\\\/etoropartners.com\\\/no\\\/\",\"name\":\"eToro Partners\",\"description\":\"\",\"potentialAction\":[{\"@type\":\"SearchAction\",\"target\":{\"@type\":\"EntryPoint\",\"urlTemplate\":\"https:\\\/\\\/etoropartners.com\\\/no\\\/?s={search_term_string}\"},\"query-input\":{\"@type\":\"PropertyValueSpecification\",\"valueRequired\":true,\"valueName\":\"search_term_string\"}}],\"inLanguage\":\"nb-NO\"}]}<\/script>\n<!-- \/ Yoast SEO plugin. -->","yoast_head_json":{"title":"Investeringsr\u00e5dgivning","description":"Det er IKKE lov \u00e5 tilby investeringsr\u00e5d, men hva er investeringsr\u00e5d?","robots":{"index":"index","follow":"follow","max-snippet":"max-snippet:-1","max-image-preview":"max-image-preview:large","max-video-preview":"max-video-preview:-1"},"canonical":"https:\/\/etoropartners.com\/no\/investeringsradgivning\/","og_locale":"nb_NO","og_type":"article","og_title":"Investeringsr\u00e5dgivning","og_description":"Det er IKKE lov \u00e5 tilby investeringsr\u00e5d, men hva er investeringsr\u00e5d?","og_url":"https:\/\/etoropartners.com\/no\/investeringsradgivning\/","og_site_name":"eToro Partners","article_modified_time":"2024-08-27T11:33:17+00:00","og_image":[{"width":1200,"height":630,"url":"https:\/\/etoropartners.com\/wp-content\/uploads\/2024\/05\/Featured_Investment-advice.png","type":"image\/png"}],"twitter_card":"summary_large_image","twitter_misc":{"Ansl. lesetid":"2 minutter"},"schema":{"@context":"https:\/\/schema.org","@graph":[{"@type":"WebPage","@id":"https:\/\/etoropartners.com\/no\/investeringsradgivning\/","url":"https:\/\/etoropartners.com\/no\/investeringsradgivning\/","name":"Investeringsr\u00e5dgivning","isPartOf":{"@id":"https:\/\/etoropartners.com\/no\/#website"},"primaryImageOfPage":{"@id":"https:\/\/etoropartners.com\/no\/investeringsradgivning\/#primaryimage"},"image":{"@id":"https:\/\/etoropartners.com\/no\/investeringsradgivning\/#primaryimage"},"thumbnailUrl":"https:\/\/etoropartners.com\/wp-content\/uploads\/2024\/05\/Featured_Investment-advice.png","datePublished":"2024-05-22T09:00:34+00:00","dateModified":"2024-08-27T11:33:17+00:00","description":"Det er IKKE lov \u00e5 tilby investeringsr\u00e5d, men hva er investeringsr\u00e5d?","breadcrumb":{"@id":"https:\/\/etoropartners.com\/no\/investeringsradgivning\/#breadcrumb"},"inLanguage":"nb-NO","potentialAction":[{"@type":"ReadAction","target":["https:\/\/etoropartners.com\/no\/investeringsradgivning\/"]}]},{"@type":"ImageObject","inLanguage":"nb-NO","@id":"https:\/\/etoropartners.com\/no\/investeringsradgivning\/#primaryimage","url":"https:\/\/etoropartners.com\/wp-content\/uploads\/2024\/05\/Featured_Investment-advice.png","contentUrl":"https:\/\/etoropartners.com\/wp-content\/uploads\/2024\/05\/Featured_Investment-advice.png","width":1200,"height":630},{"@type":"BreadcrumbList","@id":"https:\/\/etoropartners.com\/no\/investeringsradgivning\/#breadcrumb","itemListElement":[{"@type":"ListItem","position":1,"name":"Home","item":"https:\/\/etoropartners.wpengine.com\/no\/"},{"@type":"ListItem","position":2,"name":"Investeringsr\u00e5dgivning"}]},{"@type":"WebSite","@id":"https:\/\/etoropartners.com\/no\/#website","url":"https:\/\/etoropartners.com\/no\/","name":"eToro Partners","description":"","potentialAction":[{"@type":"SearchAction","target":{"@type":"EntryPoint","urlTemplate":"https:\/\/etoropartners.com\/no\/?s={search_term_string}"},"query-input":{"@type":"PropertyValueSpecification","valueRequired":true,"valueName":"search_term_string"}}],"inLanguage":"nb-NO"}]}},"_links":{"self":[{"href":"https:\/\/etoropartners.com\/no\/wp-json\/wp\/v2\/pages\/8756","targetHints":{"allow":["GET"]}}],"collection":[{"href":"https:\/\/etoropartners.com\/no\/wp-json\/wp\/v2\/pages"}],"about":[{"href":"https:\/\/etoropartners.com\/no\/wp-json\/wp\/v2\/types\/page"}],"author":[{"embeddable":true,"href":"https:\/\/etoropartners.com\/no\/wp-json\/wp\/v2\/users\/11"}],"replies":[{"embeddable":true,"href":"https:\/\/etoropartners.com\/no\/wp-json\/wp\/v2\/comments?post=8756"}],"version-history":[{"count":0,"href":"https:\/\/etoropartners.com\/no\/wp-json\/wp\/v2\/pages\/8756\/revisions"}],"wp:featuredmedia":[{"embeddable":true,"href":"https:\/\/etoropartners.com\/no\/wp-json\/wp\/v2\/media\/8203"}],"wp:attachment":[{"href":"https:\/\/etoropartners.com\/no\/wp-json\/wp\/v2\/media?parent=8756"}],"curies":[{"name":"wp","href":"https:\/\/api.w.org\/{rel}","templated":true}]}}