{"id":8738,"date":"2024-05-22T09:50:03","date_gmt":"2024-05-22T07:50:03","guid":{"rendered":"https:\/\/etoropartners.com\/be-accurate\/"},"modified":"2024-08-26T10:29:53","modified_gmt":"2024-08-26T08:29:53","slug":"be-accurate","status":"publish","type":"page","link":"https:\/\/etoropartners.com\/no\/be-accurate\/","title":{"rendered":"How to be accurate, balanced, and not misleading"},"content":{"rendered":"\n<section class=\"wp-block-group wp-block-group-boxed wp-block-group-small-top-padding wp-block-group-small-bottom-padding\"><div class=\"wp-block-group-inner is-layout-flow wp-block-group-is-layout-flow\">\n<div class=\"wp-block-columns are-vertically-aligned-top wp-block-columns-1 is-layout-flex wp-container-core-columns-is-layout-9d6595d7 wp-block-columns-is-layout-flex\">\n<div class=\"wp-block-column wp-block-column-align-desktop-center wp-block-column-align-mobile-center is-layout-flow wp-block-column-is-layout-flow\">\n<h2 class=\"wp-block-heading has-text-align-center\">Hvordan v\u00e6re n\u00f8yaktig, balansert og ikke misvisende<\/h2>\n\n\n\n<figure class=\"wp-block-image size-full\"><img loading=\"lazy\" decoding=\"async\" width=\"1600\" height=\"400\" src=\"https:\/\/etoropartners.com\/wp-content\/uploads\/2024\/05\/Cover_be-accurate.jpg\" alt=\"\" class=\"wp-image-8091 wp-image-desktop\" srcset=\"https:\/\/etoropartners.com\/wp-content\/uploads\/2024\/05\/Cover_be-accurate.jpg 1600w, https:\/\/etoropartners.com\/wp-content\/uploads\/2024\/05\/Cover_be-accurate-300x75.jpg 300w, https:\/\/etoropartners.com\/wp-content\/uploads\/2024\/05\/Cover_be-accurate-1024x256.jpg 1024w, https:\/\/etoropartners.com\/wp-content\/uploads\/2024\/05\/Cover_be-accurate-768x192.jpg 768w, https:\/\/etoropartners.com\/wp-content\/uploads\/2024\/05\/Cover_be-accurate-1536x384.jpg 1536w\" sizes=\"auto, (max-width: 1600px) 100vw, 1600px\" \/><\/figure>\n<\/div>\n<\/div>\n<\/div><\/section>\n\n\n\n<section class=\"wp-block-group wp-block-group-boxed wp-block-group-small-top-padding wp-block-group-small-bottom-padding\"><div class=\"wp-block-group-inner is-layout-flow wp-block-group-is-layout-flow\">\n<div class=\"wp-block-columns are-vertically-aligned-top wp-block-columns-1 is-layout-flex wp-container-core-columns-is-layout-9d6595d7 wp-block-columns-is-layout-flex\">\n<div class=\"wp-block-column is-layout-flow wp-block-column-is-layout-flow\">\n<p>En av hovedreglene for samsvar og etterlevelse fastsl\u00e5 at kampanjen din m\u00e5 v\u00e6re n\u00f8yaktig, balansert og ikke misvisende. Nedenfor er noen eksempler som illustrerer n\u00f8yaktig hva dette betyr.<\/p>\n\n\n\n<p class=\"is-style-heading-2\">Fire ting du b\u00f8r v\u00e6re n\u00f8yaktig om<\/p>\n\n\n\n<p><br>1. Utgi deg ikke for \u00e5 v\u00e6re eToro: Ikke si at du representerer eToro, og bruk ikke eToro i ditt domenenavn.<\/p>\n\n\n\n<p>2. Fremstill ikke eToro som en lokal merkevare n\u00e5r det ikke er det. For eksempel: En setning som &laquo;Den beste franske megleren&raquo; overholder ikke retningslinjene. Selv om eToro kan v\u00e6re tilgjengelig i Frankrike, er ikke eToror en fransk megler, s\u00e5 unng\u00e5 \u00e5 beskrive selskapet&nbsp; p\u00e5 denne m\u00e5ten.<\/p>\n\n\n\n<p>3. Markedsf\u00f8r ikke instrumenter, kampanjer eller betalingsmetoder som ikke er tilgjengelige.<\/p>\n\n\n\n<p>4. V\u00e6r n\u00f8yaktig ombetalingsalternativer, gebyrer og maksimal giring (avhengig av det underliggende aktivumet), og s\u00f8rg for \u00e5 sjekke gebyroversikten p\u00e5 eToros nettsted for den oppdaterte informasjonen.<\/p>\n\n\n\n<p>Du kan finne lenker til all informasjonen du trenger for \u00e5 skrive n\u00f8yaktige kampanjer i <a href=\"https:\/\/etoropartners.com\/no\/find-out-more\/\">\u00abFinn ut mer<\/a>\u00bb-delen i eToro Partners-huben.<\/p>\n<\/div>\n<\/div>\n<\/div><\/section>\n\n\n\n<section class=\"wp-block-group wp-block-group-boxed wp-block-group-small-top-padding wp-block-group-small-bottom-padding\"><div class=\"wp-block-group-inner is-layout-flow wp-block-group-is-layout-flow\">\n<div class=\"wp-block-columns are-vertically-aligned-top wp-block-columns-1 is-layout-flex wp-container-core-columns-is-layout-9d6595d7 wp-block-columns-is-layout-flex\">\n<div class=\"wp-block-column wp-block-column-align-desktop-center wp-block-column-align-mobile-center is-layout-flow wp-block-column-is-layout-flow\">\n<figure class=\"wp-block-embed is-type-rich is-provider-embed-handler wp-block-embed-embed-handler wp-embed-aspect-16-9 wp-has-aspect-ratio\"><div class=\"wp-block-embed__wrapper\">\n<div class=\"ec-video\"><iframe loading=\"lazy\" title=\"Compliance training video 2 - 16:9 - How to be accurate, fair, not misleading\" width=\"500\" height=\"281\" src=\"https:\/\/www.youtube.com\/embed\/Im2UgdX05dg?feature=oembed\" frameborder=\"0\" allow=\"accelerometer; autoplay; clipboard-write; encrypted-media; gyroscope; picture-in-picture; web-share\" referrerpolicy=\"strict-origin-when-cross-origin\" allowfullscreen><\/iframe><\/div>\n<\/div><\/figure>\n<\/div>\n<\/div>\n<\/div><\/section>\n\n\n\n<section class=\"wp-block-group wp-block-group-boxed wp-block-group-small-top-padding wp-block-group-small-bottom-padding\"><div class=\"wp-block-group-inner is-layout-flow wp-block-group-is-layout-flow\">\n<div class=\"wp-block-columns are-vertically-aligned-top wp-block-columns-1 is-layout-flex wp-container-core-columns-is-layout-9d6595d7 wp-block-columns-is-layout-flex\">\n<div class=\"wp-block-column is-layout-flow wp-block-column-is-layout-flow\">\n<p class=\"is-style-heading-2\">Markedsf\u00f8ringen din\u00a0 b\u00f8r v\u00e6re balansert :<\/p>\n\n\n\n<p>1. S\u00f8rg for at budskapet ditt er balansert: N\u00e5r du nevner mulige gevinster, inkluder alltid tilh\u00f8rende risikoer og mulige tap. Det samme gjelder hvis du nevner at giring kan brukes til \u00e5 maksimere gevinster, inkluder at det ogs\u00e5 maksimerer potensielle tap.<\/p>\n\n\n\n<p>2. Ikke bruk bilder for \u00e5 antyde gevinster, for eksempel penger, luksusbiler osv.<\/p>\n\n\n\n<p>3. N\u00e5r du markedsf\u00f8rer Popular Investors, skal du ikke referere til dem som \u00abprofesjonelle investorer\u00bb eller \u00abverdens beste tradere\u00bb. Du kan bruke mer n\u00f8yaktige beskrivelser, for eksempel \u00abde beste investorene p\u00e5 eToro\u00bb eller \u00aberfarne investorer\u00bb eller \u00abfremragende investorer.\u00bb<\/p>\n\n\n\n<p>4. N\u00e5r du markedsf\u00f8rer CopyTrading, bruk ikke utsagn som \u00abdu trenger ingen kunnskap\u00bb eller \u00ablen deg tilbake og slapp av mens andre gj\u00f8r jobben for deg.\u00bb Husk at CopyTrading fortsatt er investeringer, og risiko og tap kan fortsatt forekomme.<\/p>\n\n\n\n<p>5. Unng\u00e5 \u00e5 referere til aksjemarkedet som \u00ablett\u00bb eller \u00abenkelt\u00bb. Handel er ikke lett, unng\u00e5 derfor \u00e5 skrive setninger som \u00abTrading er enkelt p\u00e5 eToro\u00bb eller \u00abeToro er for nybegynnere.\u00bb I stedet kan du fremheve at eToro er brukervennlig, med en intuitiv plattform.<\/p>\n\n\n\n<p class=\"is-style-heading-2\"><br>Sist men ikke minst &#8211; Ikke misvisende.<\/p>\n\n\n\n<p>Hvis noe verken er klart eller balansert, vil det sannsynligvis villede en kunde til \u00e5 ta en u\u00f8nsket beslutning. S\u00e5 unng\u00e5 \u00e5 bruke setninger som:<\/p>\n\n\n\n<ul class=\"wp-block-list wp-block-list wp-block-list-circle\">\n<li>\u00abInvestering har aldri v\u00e6rt s\u00e5 lett\u00bb<\/li>\n\n\n\n<li>\u00abStart din karriere som trader n\u00e5\u00bb<\/li>\n\n\n\n<li>\u00abDu kan bruke investeringer til \u00e5 generere en sekund\u00e6r inntekt, og betale ned gjelden din raskere.\u00bb<\/li>\n<\/ul>\n\n\n\n<p>For \u00e5 oppsummere, husk at overholdelse kan v\u00e6re utfordrende. S\u00e5 n\u00e5r du er i tvil, ta kontakt med din affiliate manager eller avtal et privat m\u00f8te om samsvar via Calendly.<br><\/p>\n<\/div>\n<\/div>\n<\/div><\/section>\n","protected":false},"excerpt":{"rendered":"<p>Hvordan v\u00e6re n\u00f8yaktig, balansert og ikke misvisende En av hovedreglene for samsvar og etterlevelse fastsl\u00e5 at kampanjen din m\u00e5 v\u00e6re n\u00f8yaktig, balansert og ikke misvisende. Nedenfor er noen eksempler som illustrerer n\u00f8yaktig hva dette betyr. Fire ting du b\u00f8r v\u00e6re n\u00f8yaktig om 1. Utgi deg ikke for \u00e5 v\u00e6re eToro: Ikke si at du representerer [&hellip;]<\/p>\n","protected":false},"author":11,"featured_media":8086,"parent":0,"menu_order":0,"comment_status":"closed","ping_status":"closed","template":"","meta":{"_acf_changed":false,"sticky_cta_settings":"","footnotes":""},"class_list":["post-8738","page","type-page","status-publish","has-post-thumbnail","hentry"],"acf":[],"yoast_head":"<!-- This site is optimized with the Yoast SEO plugin v27.3 - https:\/\/yoast.com\/product\/yoast-seo-wordpress\/ -->\n<title>Hvordan v\u00e6re n\u00f8yaktig, balansert og ikke villedende<\/title>\n<meta name=\"description\" content=\"En av hovedreglene for etterlevelse fastsl\u00e5r at kampanjen din m\u00e5 v\u00e6re n\u00f8yaktig, balansert og ikke villedende. Nedenfor er noen eksempler\" \/>\n<meta name=\"robots\" content=\"index, follow, max-snippet:-1, max-image-preview:large, max-video-preview:-1\" \/>\n<link rel=\"canonical\" href=\"https:\/\/etoropartners.com\/no\/be-accurate\/\" \/>\n<meta property=\"og:locale\" content=\"nb_NO\" \/>\n<meta property=\"og:type\" content=\"article\" \/>\n<meta property=\"og:title\" content=\"Hvordan v\u00e6re n\u00f8yaktig, balansert og ikke villedende\" \/>\n<meta property=\"og:description\" content=\"En av hovedreglene for etterlevelse fastsl\u00e5r at kampanjen din m\u00e5 v\u00e6re n\u00f8yaktig, balansert og ikke villedende. Nedenfor er noen eksempler\" \/>\n<meta property=\"og:url\" content=\"https:\/\/etoropartners.com\/no\/be-accurate\/\" \/>\n<meta property=\"og:site_name\" content=\"eToro Partners\" \/>\n<meta property=\"article:modified_time\" content=\"2024-08-26T08:29:53+00:00\" \/>\n<meta property=\"og:image\" content=\"https:\/\/etoropartners.com\/wp-content\/uploads\/2024\/05\/Featured_be-accurate.png\" \/>\n\t<meta property=\"og:image:width\" content=\"1200\" \/>\n\t<meta property=\"og:image:height\" content=\"630\" \/>\n\t<meta property=\"og:image:type\" content=\"image\/png\" \/>\n<meta name=\"twitter:card\" content=\"summary_large_image\" \/>\n<meta name=\"twitter:label1\" content=\"Ansl. lesetid\" \/>\n\t<meta name=\"twitter:data1\" content=\"3 minutter\" \/>\n<script type=\"application\/ld+json\" class=\"yoast-schema-graph\">{\"@context\":\"https:\\\/\\\/schema.org\",\"@graph\":[{\"@type\":\"WebPage\",\"@id\":\"https:\\\/\\\/etoropartners.com\\\/no\\\/be-accurate\\\/\",\"url\":\"https:\\\/\\\/etoropartners.com\\\/no\\\/be-accurate\\\/\",\"name\":\"Hvordan v\u00e6re n\u00f8yaktig, balansert og ikke villedende\",\"isPartOf\":{\"@id\":\"https:\\\/\\\/etoropartners.com\\\/no\\\/#website\"},\"primaryImageOfPage\":{\"@id\":\"https:\\\/\\\/etoropartners.com\\\/no\\\/be-accurate\\\/#primaryimage\"},\"image\":{\"@id\":\"https:\\\/\\\/etoropartners.com\\\/no\\\/be-accurate\\\/#primaryimage\"},\"thumbnailUrl\":\"https:\\\/\\\/etoropartners.com\\\/wp-content\\\/uploads\\\/2024\\\/05\\\/Featured_be-accurate.png\",\"datePublished\":\"2024-05-22T07:50:03+00:00\",\"dateModified\":\"2024-08-26T08:29:53+00:00\",\"description\":\"En av hovedreglene for etterlevelse fastsl\u00e5r at kampanjen din m\u00e5 v\u00e6re n\u00f8yaktig, balansert og ikke villedende. Nedenfor er noen eksempler\",\"breadcrumb\":{\"@id\":\"https:\\\/\\\/etoropartners.com\\\/no\\\/be-accurate\\\/#breadcrumb\"},\"inLanguage\":\"nb-NO\",\"potentialAction\":[{\"@type\":\"ReadAction\",\"target\":[\"https:\\\/\\\/etoropartners.com\\\/no\\\/be-accurate\\\/\"]}]},{\"@type\":\"ImageObject\",\"inLanguage\":\"nb-NO\",\"@id\":\"https:\\\/\\\/etoropartners.com\\\/no\\\/be-accurate\\\/#primaryimage\",\"url\":\"https:\\\/\\\/etoropartners.com\\\/wp-content\\\/uploads\\\/2024\\\/05\\\/Featured_be-accurate.png\",\"contentUrl\":\"https:\\\/\\\/etoropartners.com\\\/wp-content\\\/uploads\\\/2024\\\/05\\\/Featured_be-accurate.png\",\"width\":1200,\"height\":630,\"caption\":\"Be accurate\"},{\"@type\":\"BreadcrumbList\",\"@id\":\"https:\\\/\\\/etoropartners.com\\\/no\\\/be-accurate\\\/#breadcrumb\",\"itemListElement\":[{\"@type\":\"ListItem\",\"position\":1,\"name\":\"Home\",\"item\":\"https:\\\/\\\/etoropartners.wpengine.com\\\/no\\\/\"},{\"@type\":\"ListItem\",\"position\":2,\"name\":\"How to be accurate, balanced, and not misleading\"}]},{\"@type\":\"WebSite\",\"@id\":\"https:\\\/\\\/etoropartners.com\\\/no\\\/#website\",\"url\":\"https:\\\/\\\/etoropartners.com\\\/no\\\/\",\"name\":\"eToro Partners\",\"description\":\"\",\"potentialAction\":[{\"@type\":\"SearchAction\",\"target\":{\"@type\":\"EntryPoint\",\"urlTemplate\":\"https:\\\/\\\/etoropartners.com\\\/no\\\/?s={search_term_string}\"},\"query-input\":{\"@type\":\"PropertyValueSpecification\",\"valueRequired\":true,\"valueName\":\"search_term_string\"}}],\"inLanguage\":\"nb-NO\"}]}<\/script>\n<!-- \/ Yoast SEO plugin. -->","yoast_head_json":{"title":"Hvordan v\u00e6re n\u00f8yaktig, balansert og ikke villedende","description":"En av hovedreglene for etterlevelse fastsl\u00e5r at kampanjen din m\u00e5 v\u00e6re n\u00f8yaktig, balansert og ikke villedende. Nedenfor er noen eksempler","robots":{"index":"index","follow":"follow","max-snippet":"max-snippet:-1","max-image-preview":"max-image-preview:large","max-video-preview":"max-video-preview:-1"},"canonical":"https:\/\/etoropartners.com\/no\/be-accurate\/","og_locale":"nb_NO","og_type":"article","og_title":"Hvordan v\u00e6re n\u00f8yaktig, balansert og ikke villedende","og_description":"En av hovedreglene for etterlevelse fastsl\u00e5r at kampanjen din m\u00e5 v\u00e6re n\u00f8yaktig, balansert og ikke villedende. Nedenfor er noen eksempler","og_url":"https:\/\/etoropartners.com\/no\/be-accurate\/","og_site_name":"eToro Partners","article_modified_time":"2024-08-26T08:29:53+00:00","og_image":[{"width":1200,"height":630,"url":"https:\/\/etoropartners.com\/wp-content\/uploads\/2024\/05\/Featured_be-accurate.png","type":"image\/png"}],"twitter_card":"summary_large_image","twitter_misc":{"Ansl. lesetid":"3 minutter"},"schema":{"@context":"https:\/\/schema.org","@graph":[{"@type":"WebPage","@id":"https:\/\/etoropartners.com\/no\/be-accurate\/","url":"https:\/\/etoropartners.com\/no\/be-accurate\/","name":"Hvordan v\u00e6re n\u00f8yaktig, balansert og ikke villedende","isPartOf":{"@id":"https:\/\/etoropartners.com\/no\/#website"},"primaryImageOfPage":{"@id":"https:\/\/etoropartners.com\/no\/be-accurate\/#primaryimage"},"image":{"@id":"https:\/\/etoropartners.com\/no\/be-accurate\/#primaryimage"},"thumbnailUrl":"https:\/\/etoropartners.com\/wp-content\/uploads\/2024\/05\/Featured_be-accurate.png","datePublished":"2024-05-22T07:50:03+00:00","dateModified":"2024-08-26T08:29:53+00:00","description":"En av hovedreglene for etterlevelse fastsl\u00e5r at kampanjen din m\u00e5 v\u00e6re n\u00f8yaktig, balansert og ikke villedende. Nedenfor er noen eksempler","breadcrumb":{"@id":"https:\/\/etoropartners.com\/no\/be-accurate\/#breadcrumb"},"inLanguage":"nb-NO","potentialAction":[{"@type":"ReadAction","target":["https:\/\/etoropartners.com\/no\/be-accurate\/"]}]},{"@type":"ImageObject","inLanguage":"nb-NO","@id":"https:\/\/etoropartners.com\/no\/be-accurate\/#primaryimage","url":"https:\/\/etoropartners.com\/wp-content\/uploads\/2024\/05\/Featured_be-accurate.png","contentUrl":"https:\/\/etoropartners.com\/wp-content\/uploads\/2024\/05\/Featured_be-accurate.png","width":1200,"height":630,"caption":"Be accurate"},{"@type":"BreadcrumbList","@id":"https:\/\/etoropartners.com\/no\/be-accurate\/#breadcrumb","itemListElement":[{"@type":"ListItem","position":1,"name":"Home","item":"https:\/\/etoropartners.wpengine.com\/no\/"},{"@type":"ListItem","position":2,"name":"How to be accurate, balanced, and not misleading"}]},{"@type":"WebSite","@id":"https:\/\/etoropartners.com\/no\/#website","url":"https:\/\/etoropartners.com\/no\/","name":"eToro Partners","description":"","potentialAction":[{"@type":"SearchAction","target":{"@type":"EntryPoint","urlTemplate":"https:\/\/etoropartners.com\/no\/?s={search_term_string}"},"query-input":{"@type":"PropertyValueSpecification","valueRequired":true,"valueName":"search_term_string"}}],"inLanguage":"nb-NO"}]}},"_links":{"self":[{"href":"https:\/\/etoropartners.com\/no\/wp-json\/wp\/v2\/pages\/8738","targetHints":{"allow":["GET"]}}],"collection":[{"href":"https:\/\/etoropartners.com\/no\/wp-json\/wp\/v2\/pages"}],"about":[{"href":"https:\/\/etoropartners.com\/no\/wp-json\/wp\/v2\/types\/page"}],"author":[{"embeddable":true,"href":"https:\/\/etoropartners.com\/no\/wp-json\/wp\/v2\/users\/11"}],"replies":[{"embeddable":true,"href":"https:\/\/etoropartners.com\/no\/wp-json\/wp\/v2\/comments?post=8738"}],"version-history":[{"count":0,"href":"https:\/\/etoropartners.com\/no\/wp-json\/wp\/v2\/pages\/8738\/revisions"}],"wp:featuredmedia":[{"embeddable":true,"href":"https:\/\/etoropartners.com\/no\/wp-json\/wp\/v2\/media\/8086"}],"wp:attachment":[{"href":"https:\/\/etoropartners.com\/no\/wp-json\/wp\/v2\/media?parent=8738"}],"curies":[{"name":"wp","href":"https:\/\/api.w.org\/{rel}","templated":true}]}}