{"id":8708,"date":"2024-05-22T10:18:48","date_gmt":"2024-05-22T08:18:48","guid":{"rendered":"https:\/\/etoropartners.com\/multi-regulated-platform\/"},"modified":"2024-08-21T14:58:43","modified_gmt":"2024-08-21T12:58:43","slug":"multi-regulated-platform","status":"publish","type":"page","link":"https:\/\/etoropartners.com\/no\/multi-regulated-platform\/","title":{"rendered":"Promoting a multi-regulated platform"},"content":{"rendered":"\n<section class=\"wp-block-group wp-block-group-boxed wp-block-group-small-top-padding wp-block-group-small-bottom-padding\"><div class=\"wp-block-group-inner is-layout-flow wp-block-group-is-layout-flow\">\n<div class=\"wp-block-columns are-vertically-aligned-top wp-block-columns-1 is-layout-flex wp-container-core-columns-is-layout-9d6595d7 wp-block-columns-is-layout-flex\">\n<div class=\"wp-block-column wp-block-column-align-desktop-center wp-block-column-align-mobile-center is-layout-flow wp-block-column-is-layout-flow\">\n<h2 class=\"wp-block-heading has-text-align-center\">Markedsf\u00f8re en multiregulert plattform<\/h2>\n\n\n\n<figure class=\"wp-block-image size-full\"><img loading=\"lazy\" decoding=\"async\" width=\"1600\" height=\"400\" src=\"https:\/\/etoropartners.com\/wp-content\/uploads\/2024\/05\/Cover_multi-regulated-platform-1.jpg\" alt=\"\" class=\"wp-image-8144 wp-image-desktop\" srcset=\"https:\/\/etoropartners.com\/wp-content\/uploads\/2024\/05\/Cover_multi-regulated-platform-1.jpg 1600w, https:\/\/etoropartners.com\/wp-content\/uploads\/2024\/05\/Cover_multi-regulated-platform-1-300x75.jpg 300w, https:\/\/etoropartners.com\/wp-content\/uploads\/2024\/05\/Cover_multi-regulated-platform-1-1024x256.jpg 1024w, https:\/\/etoropartners.com\/wp-content\/uploads\/2024\/05\/Cover_multi-regulated-platform-1-768x192.jpg 768w, https:\/\/etoropartners.com\/wp-content\/uploads\/2024\/05\/Cover_multi-regulated-platform-1-1536x384.jpg 1536w\" sizes=\"auto, (max-width: 1600px) 100vw, 1600px\" \/><\/figure>\n<\/div>\n<\/div>\n<\/div><\/section>\n\n\n\n<section class=\"wp-block-group wp-block-group-boxed wp-block-group-small-top-padding wp-block-group-small-bottom-padding\"><div class=\"wp-block-group-inner is-layout-flow wp-block-group-is-layout-flow\">\n<div class=\"wp-block-columns are-vertically-aligned-top wp-block-columns-1 is-layout-flex wp-container-core-columns-is-layout-9d6595d7 wp-block-columns-is-layout-flex\">\n<div class=\"wp-block-column is-layout-flow wp-block-column-is-layout-flow\">\n<p>Selskapene som utgj\u00f8r eToro-gruppen er regulert av ulike myndigheter. Derfor gjelder det forskjellige krav og regler for ulike land, og ikke alle instrumenter kan markedsf\u00f8res i hvert land. Regulering bestemmes av ditt landet publikumet ditt er, og ogs\u00e5 av spr\u00e5ket du bruker p\u00e5 nettstedet ditt, URL-utvidelsen og omtalen av spesifikke land eller landsrelaterte elementer, for eksempel lokal valuta.<\/p>\n<\/div>\n<\/div>\n<\/div><\/section>\n\n\n\n<section class=\"wp-block-group wp-block-group-boxed wp-block-group-small-top-padding wp-block-group-small-bottom-padding\"><div class=\"wp-block-group-inner is-layout-flow wp-block-group-is-layout-flow\">\n<div class=\"wp-block-columns are-vertically-aligned-top wp-block-columns-1 is-layout-flex wp-container-core-columns-is-layout-9d6595d7 wp-block-columns-is-layout-flex\">\n<div class=\"wp-block-column wp-block-column-align-desktop-center wp-block-column-align-mobile-center is-layout-flow wp-block-column-is-layout-flow\">\n<figure class=\"wp-block-embed is-type-rich is-provider-embed-handler wp-block-embed-embed-handler wp-embed-aspect-16-9 wp-has-aspect-ratio\"><div class=\"wp-block-embed__wrapper\">\n<div class=\"ec-video\"><iframe loading=\"lazy\" title=\"Compliance training video 3 - 16:9 - How to  promote a multiregulated platform\" width=\"500\" height=\"281\" src=\"https:\/\/www.youtube.com\/embed\/u3qzbbYTbjI?feature=oembed\" frameborder=\"0\" allow=\"accelerometer; autoplay; clipboard-write; encrypted-media; gyroscope; picture-in-picture; web-share\" referrerpolicy=\"strict-origin-when-cross-origin\" allowfullscreen><\/iframe><\/div>\n<\/div><\/figure>\n<\/div>\n<\/div>\n<\/div><\/section>\n\n\n\n<section class=\"wp-block-group wp-block-group-boxed wp-block-group-small-top-padding wp-block-group-small-bottom-padding\"><div class=\"wp-block-group-inner is-layout-flow wp-block-group-is-layout-flow\">\n<div class=\"wp-block-columns are-vertically-aligned-top wp-block-columns-1 is-layout-flex wp-container-core-columns-is-layout-9d6595d7 wp-block-columns-is-layout-flex\">\n<div class=\"wp-block-column is-layout-flow wp-block-column-is-layout-flow\">\n<p>S\u00e5 s\u00f8rg f\u00f8rst og fremst for at du <strong>ikke promoterer eToro i et forbudt land<\/strong>. Du vil ikke tjene noen CPA for disse landene, men \u00e5 markedsf\u00f8reeToro i et forbudt land er et alvorlig brudd som kan f\u00f8re til oppsigelse av partnerskapet. S\u00f8rg for at du er oppmerksom p\u00e5 dette.<\/p>\n\n\n\n<p>S\u00f8rg ogs\u00e5 for at du <strong>markedsf\u00f8rer instrumenter som kan markedsf\u00f8res i landet <\/strong>du retter deg mot. V\u00e6r oppmerksom p\u00e5 at noen land har restriksjoner p\u00e5 \u00e5 markedsf\u00f8re visse aktiva, s\u00e5 s\u00f8rg for at du er i samsvar med hvilke aktiva du kan eller ikke kan markedsf\u00f8re. For spesifikke eksempler b\u00f8r du konferere retningslinjene.<br><br>I USA kan du for eksempel markedsf\u00f8re krypto. Hvis du har s\u00e6rskilt godkjenning, kan du ogs\u00e5 markedsf\u00f8re aksjer, ETFer og opsjoner. Imidlertid er IKKE CFD-er tilgjengelige i USA, og derfor er ikke valuta, r\u00e5varer, shorting og giring tilgjengelig og kan ikke markedsf\u00f8res i USA.<\/p>\n\n\n\n<p>Du kan finne alle land og produktrestriksjoner i <a href=\"https:\/\/etoropartners.com\/no\/guidelines\/\">retningslinjene v\u00e5re<\/a>. Husk at dette er gjenstand for oppdateringer.<\/p>\n\n\n\n<p>Det er ogs\u00e5 viktig \u00e5 v\u00e6re klar over <strong>hvilken enhet som tilbyr hvilket produkt<\/strong>. For eksempel, i USA, tilbyr eToro USA LLC en plattform for amerikanske kunder for\u00e5 kj\u00f8pe og selge krypto og er regulert av FinCen. eToro USA Securities Inc. er en megler-dealer regulert av FINRA som tillater handel med aksjer, ETF-er og opsjoner. S\u00f8rg for \u00e5 ikke forveksle de to.<\/p>\n\n\n\n<p>Du kan finne den fullstendige listen over enheter, produkttilbud og lisenser p\u00e5 siden <a href=\"https:\/\/www.etoro.com\/nb-no\/customer-service\/regulation-license\/\">&laquo;Forskrifter og lisenser&raquo;<\/a> p\u00e5 eToro.<\/p>\n\n\n\n<p>Videre\u2013 <strong>v\u00e6r oppmerksom p\u00e5 risikoadvarslene<\/strong>. Risikoadvarslene du m\u00e5 bruke bestemmes av landene der du markedsf\u00f8rer eToro, samt av instrumentene du markedsf\u00f8rer. Sjekk ut veiledningen v\u00e5r om risikoadvarsler i <a href=\"https:\/\/etoropartners.com\/no\/guidelines\/\">retningslinjedelen<\/a> for \u00e5 se hvilke risikoadvarsler du b\u00f8r bruke og n\u00e5r.<\/p>\n\n\n\n<p>Hvis du markedsf\u00f8rer flere instrumenter, bruker du alle gjeldende risikoadvarsler.<\/p>\n\n\n\n<p>Noen ganger vil flere regler gjelde. For eksempel, n\u00e5r du markedsf\u00f8rer p\u00e5 spansk eller engelsk, kan du ha et blandet publikum fra forskjellige land. I disse tilfellene m\u00e5 du overholde reglene til alle relevante reguleringsmyndigheter.<\/p>\n<\/div>\n<\/div>\n<\/div><\/section>\n","protected":false},"excerpt":{"rendered":"<p>Markedsf\u00f8re en multiregulert plattform Selskapene som utgj\u00f8r eToro-gruppen er regulert av ulike myndigheter. Derfor gjelder det forskjellige krav og regler for ulike land, og ikke alle instrumenter kan markedsf\u00f8res i hvert land. Regulering bestemmes av ditt landet publikumet ditt er, og ogs\u00e5 av spr\u00e5ket du bruker p\u00e5 nettstedet ditt, URL-utvidelsen og omtalen av spesifikke land [&hellip;]<\/p>\n","protected":false},"author":11,"featured_media":8124,"parent":0,"menu_order":0,"comment_status":"closed","ping_status":"closed","template":"","meta":{"_acf_changed":false,"sticky_cta_settings":"","footnotes":""},"class_list":["post-8708","page","type-page","status-publish","has-post-thumbnail","hentry"],"acf":[],"yoast_head":"<!-- This site is optimized with the Yoast SEO plugin v27.3 - https:\/\/yoast.com\/product\/yoast-seo-wordpress\/ -->\n<title>Markedsf\u00f8re en multiregulert plattform<\/title>\n<meta name=\"description\" content=\"Selskapene som utgj\u00f8r eToro-gruppen er regulert av ulike myndigheter. Derfor gjelder ulike krav og regler for ulike land\" \/>\n<meta name=\"robots\" content=\"index, follow, max-snippet:-1, max-image-preview:large, max-video-preview:-1\" \/>\n<link rel=\"canonical\" href=\"https:\/\/etoropartners.com\/no\/multi-regulated-platform\/\" \/>\n<meta property=\"og:locale\" content=\"nb_NO\" \/>\n<meta property=\"og:type\" content=\"article\" \/>\n<meta property=\"og:title\" content=\"Markedsf\u00f8re en multiregulert plattform\" \/>\n<meta property=\"og:description\" content=\"Selskapene som utgj\u00f8r eToro-gruppen er regulert av ulike myndigheter. Derfor gjelder ulike krav og regler for ulike land\" \/>\n<meta property=\"og:url\" content=\"https:\/\/etoropartners.com\/no\/multi-regulated-platform\/\" \/>\n<meta property=\"og:site_name\" content=\"eToro Partners\" \/>\n<meta property=\"article:modified_time\" content=\"2024-08-21T12:58:43+00:00\" \/>\n<meta property=\"og:image\" content=\"https:\/\/etoropartners.com\/wp-content\/uploads\/2024\/05\/Featured_multi-regulated-platform.png\" \/>\n\t<meta property=\"og:image:width\" content=\"1200\" \/>\n\t<meta property=\"og:image:height\" content=\"630\" \/>\n\t<meta property=\"og:image:type\" content=\"image\/png\" \/>\n<meta name=\"twitter:card\" content=\"summary_large_image\" \/>\n<meta name=\"twitter:label1\" content=\"Ansl. lesetid\" \/>\n\t<meta name=\"twitter:data1\" content=\"3 minutter\" \/>\n<script type=\"application\/ld+json\" class=\"yoast-schema-graph\">{\"@context\":\"https:\\\/\\\/schema.org\",\"@graph\":[{\"@type\":\"WebPage\",\"@id\":\"https:\\\/\\\/etoropartners.com\\\/no\\\/multi-regulated-platform\\\/\",\"url\":\"https:\\\/\\\/etoropartners.com\\\/no\\\/multi-regulated-platform\\\/\",\"name\":\"Markedsf\u00f8re en multiregulert plattform\",\"isPartOf\":{\"@id\":\"https:\\\/\\\/etoropartners.com\\\/no\\\/#website\"},\"primaryImageOfPage\":{\"@id\":\"https:\\\/\\\/etoropartners.com\\\/no\\\/multi-regulated-platform\\\/#primaryimage\"},\"image\":{\"@id\":\"https:\\\/\\\/etoropartners.com\\\/no\\\/multi-regulated-platform\\\/#primaryimage\"},\"thumbnailUrl\":\"https:\\\/\\\/etoropartners.com\\\/wp-content\\\/uploads\\\/2024\\\/05\\\/Featured_multi-regulated-platform.png\",\"datePublished\":\"2024-05-22T08:18:48+00:00\",\"dateModified\":\"2024-08-21T12:58:43+00:00\",\"description\":\"Selskapene som utgj\u00f8r eToro-gruppen er regulert av ulike myndigheter. Derfor gjelder ulike krav og regler for ulike land\",\"breadcrumb\":{\"@id\":\"https:\\\/\\\/etoropartners.com\\\/no\\\/multi-regulated-platform\\\/#breadcrumb\"},\"inLanguage\":\"nb-NO\",\"potentialAction\":[{\"@type\":\"ReadAction\",\"target\":[\"https:\\\/\\\/etoropartners.com\\\/no\\\/multi-regulated-platform\\\/\"]}]},{\"@type\":\"ImageObject\",\"inLanguage\":\"nb-NO\",\"@id\":\"https:\\\/\\\/etoropartners.com\\\/no\\\/multi-regulated-platform\\\/#primaryimage\",\"url\":\"https:\\\/\\\/etoropartners.com\\\/wp-content\\\/uploads\\\/2024\\\/05\\\/Featured_multi-regulated-platform.png\",\"contentUrl\":\"https:\\\/\\\/etoropartners.com\\\/wp-content\\\/uploads\\\/2024\\\/05\\\/Featured_multi-regulated-platform.png\",\"width\":1200,\"height\":630},{\"@type\":\"BreadcrumbList\",\"@id\":\"https:\\\/\\\/etoropartners.com\\\/no\\\/multi-regulated-platform\\\/#breadcrumb\",\"itemListElement\":[{\"@type\":\"ListItem\",\"position\":1,\"name\":\"Home\",\"item\":\"https:\\\/\\\/etoropartners.wpengine.com\\\/no\\\/\"},{\"@type\":\"ListItem\",\"position\":2,\"name\":\"Promoting a multi-regulated platform\"}]},{\"@type\":\"WebSite\",\"@id\":\"https:\\\/\\\/etoropartners.com\\\/no\\\/#website\",\"url\":\"https:\\\/\\\/etoropartners.com\\\/no\\\/\",\"name\":\"eToro Partners\",\"description\":\"\",\"potentialAction\":[{\"@type\":\"SearchAction\",\"target\":{\"@type\":\"EntryPoint\",\"urlTemplate\":\"https:\\\/\\\/etoropartners.com\\\/no\\\/?s={search_term_string}\"},\"query-input\":{\"@type\":\"PropertyValueSpecification\",\"valueRequired\":true,\"valueName\":\"search_term_string\"}}],\"inLanguage\":\"nb-NO\"}]}<\/script>\n<!-- \/ Yoast SEO plugin. -->","yoast_head_json":{"title":"Markedsf\u00f8re en multiregulert plattform","description":"Selskapene som utgj\u00f8r eToro-gruppen er regulert av ulike myndigheter. Derfor gjelder ulike krav og regler for ulike land","robots":{"index":"index","follow":"follow","max-snippet":"max-snippet:-1","max-image-preview":"max-image-preview:large","max-video-preview":"max-video-preview:-1"},"canonical":"https:\/\/etoropartners.com\/no\/multi-regulated-platform\/","og_locale":"nb_NO","og_type":"article","og_title":"Markedsf\u00f8re en multiregulert plattform","og_description":"Selskapene som utgj\u00f8r eToro-gruppen er regulert av ulike myndigheter. Derfor gjelder ulike krav og regler for ulike land","og_url":"https:\/\/etoropartners.com\/no\/multi-regulated-platform\/","og_site_name":"eToro Partners","article_modified_time":"2024-08-21T12:58:43+00:00","og_image":[{"width":1200,"height":630,"url":"https:\/\/etoropartners.com\/wp-content\/uploads\/2024\/05\/Featured_multi-regulated-platform.png","type":"image\/png"}],"twitter_card":"summary_large_image","twitter_misc":{"Ansl. lesetid":"3 minutter"},"schema":{"@context":"https:\/\/schema.org","@graph":[{"@type":"WebPage","@id":"https:\/\/etoropartners.com\/no\/multi-regulated-platform\/","url":"https:\/\/etoropartners.com\/no\/multi-regulated-platform\/","name":"Markedsf\u00f8re en multiregulert plattform","isPartOf":{"@id":"https:\/\/etoropartners.com\/no\/#website"},"primaryImageOfPage":{"@id":"https:\/\/etoropartners.com\/no\/multi-regulated-platform\/#primaryimage"},"image":{"@id":"https:\/\/etoropartners.com\/no\/multi-regulated-platform\/#primaryimage"},"thumbnailUrl":"https:\/\/etoropartners.com\/wp-content\/uploads\/2024\/05\/Featured_multi-regulated-platform.png","datePublished":"2024-05-22T08:18:48+00:00","dateModified":"2024-08-21T12:58:43+00:00","description":"Selskapene som utgj\u00f8r eToro-gruppen er regulert av ulike myndigheter. Derfor gjelder ulike krav og regler for ulike land","breadcrumb":{"@id":"https:\/\/etoropartners.com\/no\/multi-regulated-platform\/#breadcrumb"},"inLanguage":"nb-NO","potentialAction":[{"@type":"ReadAction","target":["https:\/\/etoropartners.com\/no\/multi-regulated-platform\/"]}]},{"@type":"ImageObject","inLanguage":"nb-NO","@id":"https:\/\/etoropartners.com\/no\/multi-regulated-platform\/#primaryimage","url":"https:\/\/etoropartners.com\/wp-content\/uploads\/2024\/05\/Featured_multi-regulated-platform.png","contentUrl":"https:\/\/etoropartners.com\/wp-content\/uploads\/2024\/05\/Featured_multi-regulated-platform.png","width":1200,"height":630},{"@type":"BreadcrumbList","@id":"https:\/\/etoropartners.com\/no\/multi-regulated-platform\/#breadcrumb","itemListElement":[{"@type":"ListItem","position":1,"name":"Home","item":"https:\/\/etoropartners.wpengine.com\/no\/"},{"@type":"ListItem","position":2,"name":"Promoting a multi-regulated platform"}]},{"@type":"WebSite","@id":"https:\/\/etoropartners.com\/no\/#website","url":"https:\/\/etoropartners.com\/no\/","name":"eToro Partners","description":"","potentialAction":[{"@type":"SearchAction","target":{"@type":"EntryPoint","urlTemplate":"https:\/\/etoropartners.com\/no\/?s={search_term_string}"},"query-input":{"@type":"PropertyValueSpecification","valueRequired":true,"valueName":"search_term_string"}}],"inLanguage":"nb-NO"}]}},"_links":{"self":[{"href":"https:\/\/etoropartners.com\/no\/wp-json\/wp\/v2\/pages\/8708","targetHints":{"allow":["GET"]}}],"collection":[{"href":"https:\/\/etoropartners.com\/no\/wp-json\/wp\/v2\/pages"}],"about":[{"href":"https:\/\/etoropartners.com\/no\/wp-json\/wp\/v2\/types\/page"}],"author":[{"embeddable":true,"href":"https:\/\/etoropartners.com\/no\/wp-json\/wp\/v2\/users\/11"}],"replies":[{"embeddable":true,"href":"https:\/\/etoropartners.com\/no\/wp-json\/wp\/v2\/comments?post=8708"}],"version-history":[{"count":0,"href":"https:\/\/etoropartners.com\/no\/wp-json\/wp\/v2\/pages\/8708\/revisions"}],"wp:featuredmedia":[{"embeddable":true,"href":"https:\/\/etoropartners.com\/no\/wp-json\/wp\/v2\/media\/8124"}],"wp:attachment":[{"href":"https:\/\/etoropartners.com\/no\/wp-json\/wp\/v2\/media?parent=8708"}],"curies":[{"name":"wp","href":"https:\/\/api.w.org\/{rel}","templated":true}]}}