{"id":8676,"date":"2024-05-22T08:47:21","date_gmt":"2024-05-22T06:47:21","guid":{"rendered":"https:\/\/etoropartners.com\/8-most-important-things\/"},"modified":"2024-08-20T12:25:13","modified_gmt":"2024-08-20T10:25:13","slug":"8-most-important-things","status":"publish","type":"page","link":"https:\/\/etoropartners.com\/no\/8-most-important-things\/","title":{"rendered":"De \u00e5tte viktigste elementene for en kampanje som er i samsvar med retningslinjene"},"content":{"rendered":"\n<section class=\"wp-block-group wp-block-group-boxed wp-block-group-small-top-padding wp-block-group-small-bottom-padding\"><div class=\"wp-block-group-inner is-layout-flow wp-block-group-is-layout-flow\">\n<div class=\"wp-block-columns are-vertically-aligned-top wp-block-columns-1 is-layout-flex wp-container-core-columns-is-layout-9d6595d7 wp-block-columns-is-layout-flex\">\n<div class=\"wp-block-column wp-block-column-align-desktop-center wp-block-column-align-mobile-center is-layout-flow wp-block-column-is-layout-flow\">\n<h2 class=\"wp-block-heading has-text-align-center\">De \u00e5tte viktigste elementene n\u00e5r du utarbeideren kampanje som er i samsvar med retningslinjene<\/h2>\n\n\n\n<figure class=\"wp-block-image size-full\"><img loading=\"lazy\" decoding=\"async\" width=\"1600\" height=\"400\" src=\"https:\/\/etoropartners.com\/wp-content\/uploads\/2024\/05\/Cover_8-most-important-things.jpg\" alt=\"8 most important things to consider when creating a compliant campaign\" class=\"wp-image-8016 wp-image-desktop\" srcset=\"https:\/\/etoropartners.com\/wp-content\/uploads\/2024\/05\/Cover_8-most-important-things.jpg 1600w, https:\/\/etoropartners.com\/wp-content\/uploads\/2024\/05\/Cover_8-most-important-things-300x75.jpg 300w, https:\/\/etoropartners.com\/wp-content\/uploads\/2024\/05\/Cover_8-most-important-things-1024x256.jpg 1024w, https:\/\/etoropartners.com\/wp-content\/uploads\/2024\/05\/Cover_8-most-important-things-768x192.jpg 768w, https:\/\/etoropartners.com\/wp-content\/uploads\/2024\/05\/Cover_8-most-important-things-1536x384.jpg 1536w\" sizes=\"auto, (max-width: 1600px) 100vw, 1600px\" \/><\/figure>\n<\/div>\n<\/div>\n<\/div><\/section>\n\n\n\n<section class=\"wp-block-group wp-block-group-boxed wp-block-group-small-top-padding wp-block-group-small-bottom-padding\"><div class=\"wp-block-group-inner is-layout-flow wp-block-group-is-layout-flow\">\n<div class=\"wp-block-columns are-vertically-aligned-top wp-block-columns-1 is-layout-flex wp-container-core-columns-is-layout-9d6595d7 wp-block-columns-is-layout-flex\">\n<div class=\"wp-block-column is-layout-flow wp-block-column-is-layout-flow\">\n<p class=\"has-text-align-left\">eToro er en anerkjent merkevare som gir tradere og investorer fra hele verden en sikker og regulert handelsopplevelse. Det er derfor avgj\u00f8rende at du utarbeider en kampanje som er i tr\u00e5d med regulatoriske krav og retningslinjene for jurisdiksjonen der du markedsf\u00f8rer eToro.<\/p>\n\n\n\n<p>F\u00f8lg <a href=\"https:\/\/etoropartners.com\/no\/guidelines\/\">affiliate-retningslinjene<\/a> og reglene nedenfor. Da vildu&nbsp; v\u00e6re p\u00e5 riktig vei for \u00e5 opprette et partnerskap som er i tr\u00e5d med retningslinjene. V\u00e6r oppmerksom p\u00e5 at vi sanksjonerer tilknyttede selskaper som markedsf\u00f8rer eToro p\u00e5 en m\u00e5te som ikke overholder kravene. I tilfelle <strong>brudd p\u00e5 samsvar <\/strong>eller manglende samarbeid vil vi deaktivere kontoen din. Vi kan ogs\u00e5 <strong>annullere utbetalingen din og avslutte partnerskapet<\/strong>.<\/p>\n\n\n\n<p>Husk \u00e5 sjekke kampanjene dine med jevne mellomrom. Vi jobber i et h\u00f8yt tempo, og tilpasser oss regelverk og markedsendringer. Vi vil derfor be om rettelser og\/eller endringer vedbehov.&nbsp;<\/p>\n<\/div>\n<\/div>\n<\/div><\/section>\n\n\n\n<section class=\"wp-block-group wp-block-group-boxed wp-block-group-small-top-padding wp-block-group-small-bottom-padding\"><div class=\"wp-block-group-inner is-layout-flow wp-block-group-is-layout-flow\">\n<div class=\"wp-block-columns are-vertically-aligned-top wp-block-columns-1 is-layout-flex wp-container-core-columns-is-layout-9d6595d7 wp-block-columns-is-layout-flex\">\n<div class=\"wp-block-column wp-block-column-align-desktop-center wp-block-column-align-mobile-center is-layout-flow wp-block-column-is-layout-flow\">\n<figure class=\"wp-block-embed is-type-rich is-provider-embed-handler wp-block-embed-embed-handler wp-embed-aspect-16-9 wp-has-aspect-ratio\"><div class=\"wp-block-embed__wrapper\">\n<div class=\"ec-video\"><iframe loading=\"lazy\" title=\"compliance Training Video - N1 - 8 Most Important things to be compliant\" width=\"500\" height=\"281\" src=\"https:\/\/www.youtube.com\/embed\/UGYqpMcdc84?feature=oembed\" frameborder=\"0\" allow=\"accelerometer; autoplay; clipboard-write; encrypted-media; gyroscope; picture-in-picture; web-share\" referrerpolicy=\"strict-origin-when-cross-origin\" allowfullscreen><\/iframe><\/div>\n<\/div><\/figure>\n<\/div>\n<\/div>\n<\/div><\/section>\n\n\n\n<section class=\"wp-block-group wp-block-group-boxed wp-block-group-small-top-padding wp-block-group-small-bottom-padding\"><div class=\"wp-block-group-inner is-layout-flow wp-block-group-is-layout-flow\">\n<div class=\"wp-block-columns are-vertically-aligned-top wp-block-columns-1 is-layout-flex wp-container-core-columns-is-layout-9d6595d7 wp-block-columns-is-layout-flex\">\n<div class=\"wp-block-column is-layout-flow wp-block-column-is-layout-flow\">\n<p class=\"is-style-heading-2\"><strong>Oppgi nettadressene dine<\/strong><\/p>\n\n\n\n<p>S\u00f8rg for at du KUN markedsf\u00f8rer eToro p\u00e5 nettsteder du har oppgitt til eToro. N\u00e5r du \u00f8nsker \u00e5 markedsf\u00f8re eToro via en ny kanal eller et nytt nettsted, m\u00e5 du f\u00f8rst sende dette til din affiliate manager for godkjenning. Vi m\u00e5 vite hvordan og hvor eToro markedsf\u00f8res,<\/p>\n\n\n\n<p class=\"is-style-heading-2\"><strong>N\u00f8yaktig, balansert og ikke misvisende<\/strong><\/p>\n\n\n\n<p>V\u00e6r n\u00f8yaktig, balansert og ikke misvisende. S\u00f8rg for at all informasjon er korrekt og oppdatert. Husk \u00e5 alltid nevne risikoene. Ikke gj\u00f8r det enkelt \u00e5 investere, eller kom med falske l\u00f8fter og villedende utsagn. Bruk ikke eToro i ditt domenenavn, og oppgi heller ikke at du representerer eller jobber for eToro.<\/p>\n\n\n\n<p class=\"is-style-heading-2\"><strong>Forbudte land<\/strong><\/p>\n\n\n\n<p>Markedsf\u00f8r ikke&nbsp; eToro i <a href=\"https:\/\/etoropartners.com\/no\/guidelines\/\">forbudte land<\/a>. Husk at vi ikke betaler for disse kampanjene. Du finner listen over forbudte land i retningslinjene. Pass p\u00e5 at du ikke bruker landet i nettadressen, eller landets toppdomenenavn, spr\u00e5k eller omtale av landet p\u00e5 siden.<\/p>\n\n\n\n<p class=\"is-style-heading-2\"><strong>Produktrestriksjoner<\/strong><\/p>\n\n\n\n<p>V\u00e6r oppmerksom p\u00e5 <a href=\"https:\/\/etoropartners.com\/no\/guidelines\/\">produktrestriksjonene<\/a>. Du kan ikke markedsf\u00f8re enkelte instrumenter i enkelte land. Hvis du markedsf\u00f8rer over hele verden, s\u00f8rg for at du nevner hva som er tilgjengelig hvor eller ikke. For eksempel: \u00abHandel med krypto, aksjer, r\u00e5varer og valuta p\u00e5 eToro (r\u00e5varer og valuta er ikke tilgjengelig i USA).\u00bb Regelverket kan endres, s\u00e5 s\u00f8rg for at du etterlever restriksjoner.<\/p>\n\n\n\n<p class=\"is-style-heading-2\"><strong>Ingen investeringsr\u00e5d<\/strong><\/p>\n\n\n\n<p>Inkluder ikke eToro i innhold som tilbyr investeringsr\u00e5dgivning.<\/p>\n\n\n\n<p class=\"is-style-heading-2\"><strong>Risikoadvarsler<\/strong><\/p>\n\n\n\n<p>S\u00f8rg alltid for \u00e5 legge til riktig <a href=\"https:\/\/etoropartners.com\/no\/guidelines\/\">risikoadvarsel<\/a> p\u00e5 rett stedw, og i samme st\u00f8rrelse som resten av teksten. Du finner risikoadvarslene i retningslinjene. Ansvarsfraskrivelsene m\u00e5 v\u00e6re i n\u00e6rheten av hver lenke som omdirigerer til eToro, p\u00e5 toppen av anmeldelser og artikler, i videoer og deres beskrivelser.<\/p>\n\n\n\n<p class=\"is-style-heading-2\"><strong>Skap ikke en f\u00f8lelse av at det haster<\/strong><\/p>\n\n\n\n<p>Skap ikke en f\u00f8lelse av at det haster med \u00e5 kj\u00f8pe visse instrumenter.<\/p>\n\n\n\n<p class=\"is-style-heading-2\"><strong>Ingen avsl\u00f8ring av KYC, ingen svindel<\/strong><\/p>\n\n\n\n<p>Avsl\u00f8r ikke konfidensiell informasjon, og bist\u00e5 ikke tradere med \u00e5 svindle eToro. Gi ikke eiledning til tradere om hvordan de skal svare p\u00e5 KYC-sp\u00f8rsm\u00e5lene eller oppmuntre dem til \u00e5 handle p\u00e5 plattformen.<\/p>\n<\/div>\n<\/div>\n<\/div><\/section>\n","protected":false},"excerpt":{"rendered":"<p>De \u00e5tte viktigste elementene n\u00e5r du utarbeideren kampanje som er i samsvar med retningslinjene eToro er en anerkjent merkevare som gir tradere og investorer fra hele verden en sikker og regulert handelsopplevelse. Det er derfor avgj\u00f8rende at du utarbeider en kampanje som er i tr\u00e5d med regulatoriske krav og retningslinjene for jurisdiksjonen der du markedsf\u00f8rer [&hellip;]<\/p>\n","protected":false},"author":11,"featured_media":8071,"parent":0,"menu_order":0,"comment_status":"closed","ping_status":"closed","template":"","meta":{"_acf_changed":false,"sticky_cta_settings":"","footnotes":""},"class_list":["post-8676","page","type-page","status-publish","has-post-thumbnail","hentry"],"acf":[],"yoast_head":"<!-- This site is optimized with the Yoast SEO plugin v27.3 - https:\/\/yoast.com\/product\/yoast-seo-wordpress\/ -->\n<title>De \u00e5tte viktigste elementene for en kampanje som er i samsvar med retningslinjene<\/title>\n<meta name=\"description\" content=\"eToro er en anerkjent merkevare som gir tradere og investorer en sikker og regulert handelsopplevelse. Det er viktig at du utarbeider en kampanje som er i tr\u00e5d med regulatoriske krav\" \/>\n<meta name=\"robots\" content=\"index, follow, max-snippet:-1, max-image-preview:large, max-video-preview:-1\" \/>\n<link rel=\"canonical\" href=\"https:\/\/etoropartners.com\/no\/8-most-important-things\/\" \/>\n<meta property=\"og:locale\" content=\"nb_NO\" \/>\n<meta property=\"og:type\" content=\"article\" \/>\n<meta property=\"og:title\" content=\"De \u00e5tte viktigste elementene for en kampanje som er i samsvar med retningslinjene\" \/>\n<meta property=\"og:description\" content=\"eToro er en anerkjent merkevare som gir tradere og investorer en sikker og regulert handelsopplevelse. Det er viktig at du utarbeider en kampanje som er i tr\u00e5d med regulatoriske krav\" \/>\n<meta property=\"og:url\" content=\"https:\/\/etoropartners.com\/no\/8-most-important-things\/\" \/>\n<meta property=\"og:site_name\" content=\"eToro Partners\" \/>\n<meta property=\"article:modified_time\" content=\"2024-08-20T10:25:13+00:00\" \/>\n<meta property=\"og:image\" content=\"https:\/\/etoropartners.com\/wp-content\/uploads\/2024\/05\/Featured_8-most-important-things.png\" \/>\n\t<meta property=\"og:image:width\" content=\"1200\" \/>\n\t<meta property=\"og:image:height\" content=\"630\" \/>\n\t<meta property=\"og:image:type\" content=\"image\/png\" \/>\n<meta name=\"twitter:card\" content=\"summary_large_image\" \/>\n<meta name=\"twitter:label1\" content=\"Ansl. lesetid\" \/>\n\t<meta name=\"twitter:data1\" content=\"3 minutter\" \/>\n<script type=\"application\/ld+json\" class=\"yoast-schema-graph\">{\"@context\":\"https:\\\/\\\/schema.org\",\"@graph\":[{\"@type\":\"WebPage\",\"@id\":\"https:\\\/\\\/etoropartners.com\\\/no\\\/8-most-important-things\\\/\",\"url\":\"https:\\\/\\\/etoropartners.com\\\/no\\\/8-most-important-things\\\/\",\"name\":\"De \u00e5tte viktigste elementene for en kampanje som er i samsvar med retningslinjene\",\"isPartOf\":{\"@id\":\"https:\\\/\\\/etoropartners.com\\\/no\\\/#website\"},\"primaryImageOfPage\":{\"@id\":\"https:\\\/\\\/etoropartners.com\\\/no\\\/8-most-important-things\\\/#primaryimage\"},\"image\":{\"@id\":\"https:\\\/\\\/etoropartners.com\\\/no\\\/8-most-important-things\\\/#primaryimage\"},\"thumbnailUrl\":\"https:\\\/\\\/etoropartners.com\\\/wp-content\\\/uploads\\\/2024\\\/05\\\/Featured_8-most-important-things.png\",\"datePublished\":\"2024-05-22T06:47:21+00:00\",\"dateModified\":\"2024-08-20T10:25:13+00:00\",\"description\":\"eToro er en anerkjent merkevare som gir tradere og investorer en sikker og regulert handelsopplevelse. Det er viktig at du utarbeider en kampanje som er i tr\u00e5d med regulatoriske krav\",\"breadcrumb\":{\"@id\":\"https:\\\/\\\/etoropartners.com\\\/no\\\/8-most-important-things\\\/#breadcrumb\"},\"inLanguage\":\"nb-NO\",\"potentialAction\":[{\"@type\":\"ReadAction\",\"target\":[\"https:\\\/\\\/etoropartners.com\\\/no\\\/8-most-important-things\\\/\"]}]},{\"@type\":\"ImageObject\",\"inLanguage\":\"nb-NO\",\"@id\":\"https:\\\/\\\/etoropartners.com\\\/no\\\/8-most-important-things\\\/#primaryimage\",\"url\":\"https:\\\/\\\/etoropartners.com\\\/wp-content\\\/uploads\\\/2024\\\/05\\\/Featured_8-most-important-things.png\",\"contentUrl\":\"https:\\\/\\\/etoropartners.com\\\/wp-content\\\/uploads\\\/2024\\\/05\\\/Featured_8-most-important-things.png\",\"width\":1200,\"height\":630,\"caption\":\"8 most important things to consider when creating a compliant campaign\"},{\"@type\":\"BreadcrumbList\",\"@id\":\"https:\\\/\\\/etoropartners.com\\\/no\\\/8-most-important-things\\\/#breadcrumb\",\"itemListElement\":[{\"@type\":\"ListItem\",\"position\":1,\"name\":\"Home\",\"item\":\"https:\\\/\\\/etoropartners.wpengine.com\\\/no\\\/\"},{\"@type\":\"ListItem\",\"position\":2,\"name\":\"De \u00e5tte viktigste elementene for en kampanje som er i samsvar med retningslinjene\"}]},{\"@type\":\"WebSite\",\"@id\":\"https:\\\/\\\/etoropartners.com\\\/no\\\/#website\",\"url\":\"https:\\\/\\\/etoropartners.com\\\/no\\\/\",\"name\":\"eToro Partners\",\"description\":\"\",\"potentialAction\":[{\"@type\":\"SearchAction\",\"target\":{\"@type\":\"EntryPoint\",\"urlTemplate\":\"https:\\\/\\\/etoropartners.com\\\/no\\\/?s={search_term_string}\"},\"query-input\":{\"@type\":\"PropertyValueSpecification\",\"valueRequired\":true,\"valueName\":\"search_term_string\"}}],\"inLanguage\":\"nb-NO\"}]}<\/script>\n<!-- \/ Yoast SEO plugin. -->","yoast_head_json":{"title":"De \u00e5tte viktigste elementene for en kampanje som er i samsvar med retningslinjene","description":"eToro er en anerkjent merkevare som gir tradere og investorer en sikker og regulert handelsopplevelse. Det er viktig at du utarbeider en kampanje som er i tr\u00e5d med regulatoriske krav","robots":{"index":"index","follow":"follow","max-snippet":"max-snippet:-1","max-image-preview":"max-image-preview:large","max-video-preview":"max-video-preview:-1"},"canonical":"https:\/\/etoropartners.com\/no\/8-most-important-things\/","og_locale":"nb_NO","og_type":"article","og_title":"De \u00e5tte viktigste elementene for en kampanje som er i samsvar med retningslinjene","og_description":"eToro er en anerkjent merkevare som gir tradere og investorer en sikker og regulert handelsopplevelse. Det er viktig at du utarbeider en kampanje som er i tr\u00e5d med regulatoriske krav","og_url":"https:\/\/etoropartners.com\/no\/8-most-important-things\/","og_site_name":"eToro Partners","article_modified_time":"2024-08-20T10:25:13+00:00","og_image":[{"width":1200,"height":630,"url":"https:\/\/etoropartners.com\/wp-content\/uploads\/2024\/05\/Featured_8-most-important-things.png","type":"image\/png"}],"twitter_card":"summary_large_image","twitter_misc":{"Ansl. lesetid":"3 minutter"},"schema":{"@context":"https:\/\/schema.org","@graph":[{"@type":"WebPage","@id":"https:\/\/etoropartners.com\/no\/8-most-important-things\/","url":"https:\/\/etoropartners.com\/no\/8-most-important-things\/","name":"De \u00e5tte viktigste elementene for en kampanje som er i samsvar med retningslinjene","isPartOf":{"@id":"https:\/\/etoropartners.com\/no\/#website"},"primaryImageOfPage":{"@id":"https:\/\/etoropartners.com\/no\/8-most-important-things\/#primaryimage"},"image":{"@id":"https:\/\/etoropartners.com\/no\/8-most-important-things\/#primaryimage"},"thumbnailUrl":"https:\/\/etoropartners.com\/wp-content\/uploads\/2024\/05\/Featured_8-most-important-things.png","datePublished":"2024-05-22T06:47:21+00:00","dateModified":"2024-08-20T10:25:13+00:00","description":"eToro er en anerkjent merkevare som gir tradere og investorer en sikker og regulert handelsopplevelse. Det er viktig at du utarbeider en kampanje som er i tr\u00e5d med regulatoriske krav","breadcrumb":{"@id":"https:\/\/etoropartners.com\/no\/8-most-important-things\/#breadcrumb"},"inLanguage":"nb-NO","potentialAction":[{"@type":"ReadAction","target":["https:\/\/etoropartners.com\/no\/8-most-important-things\/"]}]},{"@type":"ImageObject","inLanguage":"nb-NO","@id":"https:\/\/etoropartners.com\/no\/8-most-important-things\/#primaryimage","url":"https:\/\/etoropartners.com\/wp-content\/uploads\/2024\/05\/Featured_8-most-important-things.png","contentUrl":"https:\/\/etoropartners.com\/wp-content\/uploads\/2024\/05\/Featured_8-most-important-things.png","width":1200,"height":630,"caption":"8 most important things to consider when creating a compliant campaign"},{"@type":"BreadcrumbList","@id":"https:\/\/etoropartners.com\/no\/8-most-important-things\/#breadcrumb","itemListElement":[{"@type":"ListItem","position":1,"name":"Home","item":"https:\/\/etoropartners.wpengine.com\/no\/"},{"@type":"ListItem","position":2,"name":"De \u00e5tte viktigste elementene for en kampanje som er i samsvar med retningslinjene"}]},{"@type":"WebSite","@id":"https:\/\/etoropartners.com\/no\/#website","url":"https:\/\/etoropartners.com\/no\/","name":"eToro Partners","description":"","potentialAction":[{"@type":"SearchAction","target":{"@type":"EntryPoint","urlTemplate":"https:\/\/etoropartners.com\/no\/?s={search_term_string}"},"query-input":{"@type":"PropertyValueSpecification","valueRequired":true,"valueName":"search_term_string"}}],"inLanguage":"nb-NO"}]}},"_links":{"self":[{"href":"https:\/\/etoropartners.com\/no\/wp-json\/wp\/v2\/pages\/8676","targetHints":{"allow":["GET"]}}],"collection":[{"href":"https:\/\/etoropartners.com\/no\/wp-json\/wp\/v2\/pages"}],"about":[{"href":"https:\/\/etoropartners.com\/no\/wp-json\/wp\/v2\/types\/page"}],"author":[{"embeddable":true,"href":"https:\/\/etoropartners.com\/no\/wp-json\/wp\/v2\/users\/11"}],"replies":[{"embeddable":true,"href":"https:\/\/etoropartners.com\/no\/wp-json\/wp\/v2\/comments?post=8676"}],"version-history":[{"count":0,"href":"https:\/\/etoropartners.com\/no\/wp-json\/wp\/v2\/pages\/8676\/revisions"}],"wp:featuredmedia":[{"embeddable":true,"href":"https:\/\/etoropartners.com\/no\/wp-json\/wp\/v2\/media\/8071"}],"wp:attachment":[{"href":"https:\/\/etoropartners.com\/no\/wp-json\/wp\/v2\/media?parent=8676"}],"curies":[{"name":"wp","href":"https:\/\/api.w.org\/{rel}","templated":true}]}}