{"id":8625,"date":"2024-05-22T13:20:48","date_gmt":"2024-05-22T11:20:48","guid":{"rendered":"https:\/\/etoropartners.com\/youtube-guidelines\/"},"modified":"2026-02-02T13:42:26","modified_gmt":"2026-02-02T11:42:26","slug":"youtube-guidelines","status":"publish","type":"page","link":"https:\/\/etoropartners.com\/no\/youtube-guidelines\/","title":{"rendered":"Influencer Compliance Guide"},"content":{"rendered":"\n<section class=\"wp-block-group wp-block-group-boxed wp-block-group-small-top-padding wp-block-group-small-bottom-padding\"><div class=\"wp-block-group-inner is-layout-flow wp-block-group-is-layout-flow\">\n<div class=\"wp-block-columns are-vertically-aligned-top wp-block-columns-1 is-layout-flex wp-container-core-columns-is-layout-9d6595d7 wp-block-columns-is-layout-flex\">\n<div class=\"wp-block-column wp-block-column-align-desktop-center wp-block-column-align-mobile-center is-layout-flow wp-block-column-is-layout-flow\">\n<h2 class=\"wp-block-heading\">Influencer Compliance Guide<\/h2>\n\n\n\n<figure class=\"wp-block-image size-large\"><img loading=\"lazy\" decoding=\"async\" width=\"1024\" height=\"256\" src=\"https:\/\/etoropartners.com\/wp-content\/uploads\/2026\/01\/4301-12.10.25-eToro-Affiliate-Program-Influencer-compliance-guide-Header-1600x400px-V2-1024x256.jpg\" alt=\"\" class=\"wp-image-9308 wp-image-desktop\" srcset=\"https:\/\/etoropartners.com\/wp-content\/uploads\/2026\/01\/4301-12.10.25-eToro-Affiliate-Program-Influencer-compliance-guide-Header-1600x400px-V2-1024x256.jpg 1024w, https:\/\/etoropartners.com\/wp-content\/uploads\/2026\/01\/4301-12.10.25-eToro-Affiliate-Program-Influencer-compliance-guide-Header-1600x400px-V2-300x75.jpg 300w, https:\/\/etoropartners.com\/wp-content\/uploads\/2026\/01\/4301-12.10.25-eToro-Affiliate-Program-Influencer-compliance-guide-Header-1600x400px-V2-768x192.jpg 768w, https:\/\/etoropartners.com\/wp-content\/uploads\/2026\/01\/4301-12.10.25-eToro-Affiliate-Program-Influencer-compliance-guide-Header-1600x400px-V2-1536x384.jpg 1536w, https:\/\/etoropartners.com\/wp-content\/uploads\/2026\/01\/4301-12.10.25-eToro-Affiliate-Program-Influencer-compliance-guide-Header-1600x400px-V2.jpg 1600w\" sizes=\"auto, (max-width: 1024px) 100vw, 1024px\" \/><\/figure>\n<\/div>\n<\/div>\n<\/div><\/section>\n\n\n\n<section class=\"wp-block-group wp-block-group-boxed wp-block-group-small-top-padding wp-block-group-small-bottom-padding\"><div class=\"wp-block-group-inner is-layout-flow wp-block-group-is-layout-flow\">\n<div class=\"wp-block-columns are-vertically-aligned-top wp-block-columns-1 is-layout-flex wp-container-core-columns-is-layout-9d6595d7 wp-block-columns-is-layout-flex\">\n<div class=\"wp-block-column is-layout-flow wp-block-column-is-layout-flow\">\n<p>eToro er et anerkjent merke som gir tradere og investorer fra hele verden en sikker og regulert handelsopplevelse. Vi er opptatt av transparent, rettferdig og ansvarlig markedsf\u00f8ringspraksis og \u00e5 opprettholde integriteten til det \u00f8konomiske systemet. Som influencer spiller du en avgj\u00f8rende rolle for \u00e5 opprettholde denne tilliten. Det er derfor viktig at alle kampanjene du lager, er helt i tr\u00e5d med regelverket og retningslinjene for jurisdiksjonen du markedsf\u00f8rer eller m\u00e5lretter mot for \u00e5 markedsf\u00f8re eToro. Denne veiledningen beskriver de viktigste compliancekravene for influencere som markedsf\u00f8rer eToro, i tillegg til retningslinjene som er tilgjengelige <a href=\"https:\/\/etoropartners.com\/no\/compliance-guidelines\/\">her <\/a>.<\/p>\n\n\n\n<p><\/p>\n\n\n\n<p><strong>Innledende gjennomgang av innhold:<\/strong> F\u00f8r du publiserer innhold om eToro, m\u00e5 du sende inn innholdet eller manuset ditt for gjennomgang til din affiliate manager. Denne prosessen sikrer at alt kampanjemateriell er i samsvar med eToros retningslinjer\/retningslinjer og lovkrav f\u00f8r publisering.<\/p>\n\n\n\n<p><\/p>\n\n\n\n<p><strong>Markedsf\u00f8ring i ulike land:<\/strong> eToro har virksomhet i over 100 land over hele verden. Regulatoriske begrensninger gjelder imidlertid for promotering av eToro-tjenester og enkelte produkter i spesifikke regioner. N\u00e5r du promoterer eToro, m\u00e5 du avst\u00e5 fra \u00e5 nevne eller m\u00e5lrette deg mot land med restriksjoner, inkludert bruk av spesifikke spr\u00e5k eller valutaer knyttet til disse landene som kan tilsi kampanje i en region med restriksjoner. Unng\u00e5 i tillegg \u00e5 markedsf\u00f8re produkter med restriksjoner i landet du m\u00e5lretter mot. Detaljert informasjon finner du i v\u00e5re <a href=\"https:\/\/etoropartners.com\/no\/compliance-guidelines\/\">retningslinjer.<\/a><\/p>\n\n\n\n<p><\/p>\n\n\n\n<p><strong>Markedsf\u00f8ring i USA:<\/strong> I USA m\u00e5 du markedsf\u00f8re eToro med en amerikansk konto, og f\u00f8rst etter at kontoen din og innholdet er godkjent av det amerikanske compliance-teamet. F\u00f8lg de <a href=\"https:\/\/docs.google.com\/presentation\/d\/1U5-1DmQStR6pC0GPSti47MVmm_ucMxmz1t-ZmNSzSb0\/edit?slide=id.g3452ee07848_1_2#slide=id.g3452ee07848_1_2\">USA-spesifikke retningslinjene<\/a> for \u00e5 lage kompatibelt innhold. Merk at globale kontoer ikke vil bli godtgjort for amerikanske tradere, og amerikanske kontoer vil kun bli godtgjort for amerikanske tradere.<\/p>\n\n\n\n<p><\/p>\n\n\n\n<p><strong>Viktige krav til overholdelse:<\/strong><\/p>\n\n\n\n<ol class=\"wp-block-list wp-block-list\">\n<li><strong>Oppgi nettadressene dine:\u00a0<\/strong>\n<ul class=\"wp-block-list wp-block-list wp-block-list-circle\">\n<li>Markedsf\u00f8r eToro kun p\u00e5 nettsteder og kanaler du har opplyst om til eToro. Hvis du \u00f8nsker \u00e5 bruke en ny kanal eller et nytt nettsted, send det til din affiliate manager for godkjenning. Vi m\u00e5 vite hvordan og hvor eToro markedsf\u00f8res.<\/li>\n<\/ul>\n<\/li>\n\n\n\n<li><strong>N\u00f8yaktighet og ikke-villedende informasjon:\u00a0<\/strong>\n<ul class=\"wp-block-list wp-block-list wp-block-list-circle\">\n<li>S\u00f8rg for at all informasjon er <a href=\"https:\/\/etoropartners.com\/no\/be-accurate\/\">n\u00f8yaktig, balansert og oppdatert<\/a>. Nevn risiko forbundet med investering. Unng\u00e5 \u00e5 gj\u00f8re det enkelt \u00e5 investere, komme med falske l\u00f8fter eller bruke villedende p\u00e5stander. Ikke bruk bilder eller emojier som antyder formue eller oppadg\u00e5ende trender (f.eks. pengestabler, dyre biler, raketter). Ikke bruk eToro i domenenavnet eller hevd at du representerer eller jobber for eToro.<\/li>\n<\/ul>\n<\/li>\n\n\n\n<li><strong>Ingen investeringsr\u00e5d:\u00a0<\/strong>\n<ul class=\"wp-block-list wp-block-list wp-block-list-circle\">\n<li>Ikke inkluder eToro i innhold som tilbyr investeringsr\u00e5dgivning.<\/li>\n<\/ul>\n<\/li>\n\n\n\n<li><strong>Unng\u00e5 \u00e5 skape en f\u00f8lelse av at det haster:\u00a0<\/strong>\n<ul class=\"wp-block-list wp-block-list wp-block-list-circle\">\n<li>Ikke skap en f\u00f8lelse av at det haster med \u00e5 kj\u00f8pe enkelte instrumenter.<\/li>\n<\/ul>\n<\/li>\n\n\n\n<li><strong>Konfidensialitet og anti-svindel:\u00a0<\/strong>\n<ul class=\"wp-block-list wp-block-list wp-block-list-circle\">\n<li>Ikke avsl\u00f8r konfidensiell informasjon eller hjelp tradere med \u00e5 svindle eToro. Ikke veiled tradere i hvordan de kan svare p\u00e5 KYC-sp\u00f8rsm\u00e5l eller oppmuntre dem til \u00e5 handle p\u00e5 plattformen.<\/li>\n<\/ul>\n<\/li>\n<\/ol>\n\n\n\n<p><strong>Risikoadvarsler:<\/strong> S\u00f8rg alltid for \u00e5 legge til riktig <a href=\"https:\/\/etoropartners.com\/no\/risk-warnings\/\">risikoadvarsel<\/a> for de promoterte aktivaene og landet du er m\u00e5lrettet mot, i en lesbar st\u00f8rrelse. For sosiale medier, bruk &laquo;Generisk&raquo; risikoadvarsel. Hvis innholdet ditt bare handler om krypto, bruk advarselen om kryptorisiko i stedet. Risikoadvarselen m\u00e5 plasseres i n\u00e6rheten av alle lenker som omdirigerer til eToro og i alle innlegg om eToro. I videoinnhold skal advarselen v\u00e6re synlig p\u00e5 skjermen i 10 sekunder p\u00e5 slutten av videoer om eToro, og advarselen skal ogs\u00e5 vises i videobeskrivelsene, ved siden av eToro-lenken. P\u00e5 plattformer som TikTok og Instagram, kan du bruke kortversjonen av risikoadvarselen &laquo;Aksjer og ETFer&raquo; p\u00e5 grunn av begrensninger p\u00e5 antall tegn.<\/p>\n\n\n\n<p><br><strong>Disclosure:<\/strong> For sosiale medier, s\u00f8rg for at materialet ditt er tydelig identifiserbart som en annonse. Dette kan v\u00e6re s\u00e5 enkelt som \u00e5 inkludere en uttalelse som &laquo;#advert&raquo;.<\/p>\n\n\n\n<p><br><strong>Periodisk gjennomgang og overholdelse av innhold:<\/strong> eToro vil med jevne mellomrom gjennomg\u00e5 kampanjeinnholdet ditt for \u00e5 sikre l\u00f8pende samsvar med eToros interne retningslinjer og gjeldende regelverk. Du er p\u00e5lagt \u00e5 samarbeide fullt ut i enhver compliance-gjennomgang og implementere forespurte endringer umiddelbart. Manglende overholdelse av eToros retningslinjer kan f\u00f8re til opph\u00f8r av kontoen\/forholdet ditt til oss.<\/p>\n\n\n\n<p><\/p>\n\n\n\n<p><strong>Takk for at du opprettholder eToros h\u00f8ye standarder. Vi gleder oss til \u00e5 se det fantastiske innholdet ditt!<\/strong><\/p>\n\n\n\n<p>eToro er en investeringsplattform med flere aktivaklasser. Verdien av investeringene dine kan g\u00e5 opp eller ned.&nbsp; Kapitalen din er risikoutsatt.<\/p>\n\n\n\n<p><\/p>\n\n\n\n<p>eToro AUS Capital Limited AFSL 491139. eToro er en investeringsplattform med flere aktivaklasser. Verdien av investeringene dine kan g\u00e5 opp eller ned. Kapitalen din er risikoutsatt. Se PDS og TMD<\/p>\n<\/div>\n<\/div>\n<\/div><\/section>\n","protected":false},"excerpt":{"rendered":"<p>Influencer Compliance Guide eToro er et anerkjent merke som gir tradere og investorer fra hele verden en sikker og regulert handelsopplevelse. Vi er opptatt av transparent, rettferdig og ansvarlig markedsf\u00f8ringspraksis og \u00e5 opprettholde integriteten til det \u00f8konomiske systemet. Som influencer spiller du en avgj\u00f8rende rolle for \u00e5 opprettholde denne tilliten. Det er derfor viktig at [&hellip;]<\/p>\n","protected":false},"author":11,"featured_media":0,"parent":0,"menu_order":0,"comment_status":"closed","ping_status":"closed","template":"","meta":{"_acf_changed":false,"sticky_cta_settings":"","footnotes":""},"class_list":["post-8625","page","type-page","status-publish","hentry"],"acf":[],"yoast_head":"<!-- This site is optimized with the Yoast SEO plugin v27.3 - https:\/\/yoast.com\/product\/yoast-seo-wordpress\/ -->\n<title>YouTube retningslinjer<\/title>\n<meta name=\"description\" content=\"L\u00e6r om retningslinjene for YouTube-kampanjene dine\" \/>\n<meta name=\"robots\" content=\"index, follow, max-snippet:-1, max-image-preview:large, max-video-preview:-1\" \/>\n<link rel=\"canonical\" href=\"https:\/\/etoropartners.com\/no\/youtube-guidelines\/\" \/>\n<meta property=\"og:locale\" content=\"nb_NO\" \/>\n<meta property=\"og:type\" content=\"article\" \/>\n<meta property=\"og:title\" content=\"YouTube retningslinjer\" \/>\n<meta property=\"og:description\" content=\"L\u00e6r om retningslinjene for YouTube-kampanjene dine\" \/>\n<meta property=\"og:url\" content=\"https:\/\/etoropartners.com\/no\/youtube-guidelines\/\" \/>\n<meta property=\"og:site_name\" content=\"eToro Partners\" \/>\n<meta property=\"article:modified_time\" content=\"2026-02-02T11:42:26+00:00\" \/>\n<meta property=\"og:image\" content=\"https:\/\/etoropartners.com\/wp-content\/uploads\/2026\/01\/4301-12.10.25-eToro-Affiliate-Program-Influencer-compliance-guide-Header-1600x400px-V2.jpg\" \/>\n\t<meta property=\"og:image:width\" content=\"1600\" \/>\n\t<meta property=\"og:image:height\" content=\"400\" \/>\n\t<meta property=\"og:image:type\" content=\"image\/jpeg\" \/>\n<meta name=\"twitter:card\" content=\"summary_large_image\" \/>\n<meta name=\"twitter:label1\" content=\"Ansl. lesetid\" \/>\n\t<meta name=\"twitter:data1\" content=\"4 minutter\" \/>\n<script type=\"application\/ld+json\" class=\"yoast-schema-graph\">{\"@context\":\"https:\\\/\\\/schema.org\",\"@graph\":[{\"@type\":\"WebPage\",\"@id\":\"https:\\\/\\\/etoropartners.com\\\/no\\\/youtube-guidelines\\\/\",\"url\":\"https:\\\/\\\/etoropartners.com\\\/no\\\/youtube-guidelines\\\/\",\"name\":\"YouTube retningslinjer\",\"isPartOf\":{\"@id\":\"https:\\\/\\\/etoropartners.com\\\/no\\\/#website\"},\"primaryImageOfPage\":{\"@id\":\"https:\\\/\\\/etoropartners.com\\\/no\\\/youtube-guidelines\\\/#primaryimage\"},\"image\":{\"@id\":\"https:\\\/\\\/etoropartners.com\\\/no\\\/youtube-guidelines\\\/#primaryimage\"},\"thumbnailUrl\":\"https:\\\/\\\/etoropartners.com\\\/wp-content\\\/uploads\\\/2026\\\/01\\\/4301-12.10.25-eToro-Affiliate-Program-Influencer-compliance-guide-Header-1600x400px-V2-1024x256.jpg\",\"datePublished\":\"2024-05-22T11:20:48+00:00\",\"dateModified\":\"2026-02-02T11:42:26+00:00\",\"description\":\"L\u00e6r om retningslinjene for YouTube-kampanjene dine\",\"breadcrumb\":{\"@id\":\"https:\\\/\\\/etoropartners.com\\\/no\\\/youtube-guidelines\\\/#breadcrumb\"},\"inLanguage\":\"nb-NO\",\"potentialAction\":[{\"@type\":\"ReadAction\",\"target\":[\"https:\\\/\\\/etoropartners.com\\\/no\\\/youtube-guidelines\\\/\"]}]},{\"@type\":\"ImageObject\",\"inLanguage\":\"nb-NO\",\"@id\":\"https:\\\/\\\/etoropartners.com\\\/no\\\/youtube-guidelines\\\/#primaryimage\",\"url\":\"https:\\\/\\\/etoropartners.com\\\/wp-content\\\/uploads\\\/2026\\\/01\\\/4301-12.10.25-eToro-Affiliate-Program-Influencer-compliance-guide-Header-1600x400px-V2-1024x256.jpg\",\"contentUrl\":\"https:\\\/\\\/etoropartners.com\\\/wp-content\\\/uploads\\\/2026\\\/01\\\/4301-12.10.25-eToro-Affiliate-Program-Influencer-compliance-guide-Header-1600x400px-V2-1024x256.jpg\"},{\"@type\":\"BreadcrumbList\",\"@id\":\"https:\\\/\\\/etoropartners.com\\\/no\\\/youtube-guidelines\\\/#breadcrumb\",\"itemListElement\":[{\"@type\":\"ListItem\",\"position\":1,\"name\":\"Home\",\"item\":\"https:\\\/\\\/etoropartners.wpengine.com\\\/no\\\/\"},{\"@type\":\"ListItem\",\"position\":2,\"name\":\"Influencer Compliance Guide\"}]},{\"@type\":\"WebSite\",\"@id\":\"https:\\\/\\\/etoropartners.com\\\/no\\\/#website\",\"url\":\"https:\\\/\\\/etoropartners.com\\\/no\\\/\",\"name\":\"eToro Partners\",\"description\":\"\",\"potentialAction\":[{\"@type\":\"SearchAction\",\"target\":{\"@type\":\"EntryPoint\",\"urlTemplate\":\"https:\\\/\\\/etoropartners.com\\\/no\\\/?s={search_term_string}\"},\"query-input\":{\"@type\":\"PropertyValueSpecification\",\"valueRequired\":true,\"valueName\":\"search_term_string\"}}],\"inLanguage\":\"nb-NO\"}]}<\/script>\n<!-- \/ Yoast SEO plugin. -->","yoast_head_json":{"title":"YouTube retningslinjer","description":"L\u00e6r om retningslinjene for YouTube-kampanjene dine","robots":{"index":"index","follow":"follow","max-snippet":"max-snippet:-1","max-image-preview":"max-image-preview:large","max-video-preview":"max-video-preview:-1"},"canonical":"https:\/\/etoropartners.com\/no\/youtube-guidelines\/","og_locale":"nb_NO","og_type":"article","og_title":"YouTube retningslinjer","og_description":"L\u00e6r om retningslinjene for YouTube-kampanjene dine","og_url":"https:\/\/etoropartners.com\/no\/youtube-guidelines\/","og_site_name":"eToro Partners","article_modified_time":"2026-02-02T11:42:26+00:00","og_image":[{"width":1600,"height":400,"url":"https:\/\/etoropartners.com\/wp-content\/uploads\/2026\/01\/4301-12.10.25-eToro-Affiliate-Program-Influencer-compliance-guide-Header-1600x400px-V2.jpg","type":"image\/jpeg"}],"twitter_card":"summary_large_image","twitter_misc":{"Ansl. lesetid":"4 minutter"},"schema":{"@context":"https:\/\/schema.org","@graph":[{"@type":"WebPage","@id":"https:\/\/etoropartners.com\/no\/youtube-guidelines\/","url":"https:\/\/etoropartners.com\/no\/youtube-guidelines\/","name":"YouTube retningslinjer","isPartOf":{"@id":"https:\/\/etoropartners.com\/no\/#website"},"primaryImageOfPage":{"@id":"https:\/\/etoropartners.com\/no\/youtube-guidelines\/#primaryimage"},"image":{"@id":"https:\/\/etoropartners.com\/no\/youtube-guidelines\/#primaryimage"},"thumbnailUrl":"https:\/\/etoropartners.com\/wp-content\/uploads\/2026\/01\/4301-12.10.25-eToro-Affiliate-Program-Influencer-compliance-guide-Header-1600x400px-V2-1024x256.jpg","datePublished":"2024-05-22T11:20:48+00:00","dateModified":"2026-02-02T11:42:26+00:00","description":"L\u00e6r om retningslinjene for YouTube-kampanjene dine","breadcrumb":{"@id":"https:\/\/etoropartners.com\/no\/youtube-guidelines\/#breadcrumb"},"inLanguage":"nb-NO","potentialAction":[{"@type":"ReadAction","target":["https:\/\/etoropartners.com\/no\/youtube-guidelines\/"]}]},{"@type":"ImageObject","inLanguage":"nb-NO","@id":"https:\/\/etoropartners.com\/no\/youtube-guidelines\/#primaryimage","url":"https:\/\/etoropartners.com\/wp-content\/uploads\/2026\/01\/4301-12.10.25-eToro-Affiliate-Program-Influencer-compliance-guide-Header-1600x400px-V2-1024x256.jpg","contentUrl":"https:\/\/etoropartners.com\/wp-content\/uploads\/2026\/01\/4301-12.10.25-eToro-Affiliate-Program-Influencer-compliance-guide-Header-1600x400px-V2-1024x256.jpg"},{"@type":"BreadcrumbList","@id":"https:\/\/etoropartners.com\/no\/youtube-guidelines\/#breadcrumb","itemListElement":[{"@type":"ListItem","position":1,"name":"Home","item":"https:\/\/etoropartners.wpengine.com\/no\/"},{"@type":"ListItem","position":2,"name":"Influencer Compliance Guide"}]},{"@type":"WebSite","@id":"https:\/\/etoropartners.com\/no\/#website","url":"https:\/\/etoropartners.com\/no\/","name":"eToro Partners","description":"","potentialAction":[{"@type":"SearchAction","target":{"@type":"EntryPoint","urlTemplate":"https:\/\/etoropartners.com\/no\/?s={search_term_string}"},"query-input":{"@type":"PropertyValueSpecification","valueRequired":true,"valueName":"search_term_string"}}],"inLanguage":"nb-NO"}]}},"_links":{"self":[{"href":"https:\/\/etoropartners.com\/no\/wp-json\/wp\/v2\/pages\/8625","targetHints":{"allow":["GET"]}}],"collection":[{"href":"https:\/\/etoropartners.com\/no\/wp-json\/wp\/v2\/pages"}],"about":[{"href":"https:\/\/etoropartners.com\/no\/wp-json\/wp\/v2\/types\/page"}],"author":[{"embeddable":true,"href":"https:\/\/etoropartners.com\/no\/wp-json\/wp\/v2\/users\/11"}],"replies":[{"embeddable":true,"href":"https:\/\/etoropartners.com\/no\/wp-json\/wp\/v2\/comments?post=8625"}],"version-history":[{"count":0,"href":"https:\/\/etoropartners.com\/no\/wp-json\/wp\/v2\/pages\/8625\/revisions"}],"wp:attachment":[{"href":"https:\/\/etoropartners.com\/no\/wp-json\/wp\/v2\/media?parent=8625"}],"curies":[{"name":"wp","href":"https:\/\/api.w.org\/{rel}","templated":true}]}}