{"id":8527,"date":"2024-04-25T16:13:17","date_gmt":"2024-04-25T14:13:17","guid":{"rendered":"https:\/\/etoropartners.com\/risk-warnings\/"},"modified":"2025-10-29T15:17:23","modified_gmt":"2025-10-29T13:17:23","slug":"risk-warnings","status":"publish","type":"page","link":"https:\/\/etoropartners.com\/no\/risk-warnings\/","title":{"rendered":"Risikoadvarsler\u200b"},"content":{"rendered":"\n<p>eToro -plattformen opererer under en rekke juridiske enheter som til sammen utgj\u00f8r eToro Group. De ulike enhetene reguleres av forskjellige reguleringsmyndigheter, og de regulatoriske kravene vil derfor variere.<\/p>\n\n\n\n<h2 class=\"wp-block-heading\">Liste over land per kategori<\/h2>\n\n\n\n<p>Finn riktig ansvarsfraskrivelse for landet der du markedsf\u00f8rer eToro ved \u00e5 bruke listen nedenfor over land per kategori. Bruk alle gjeldende risikoadvarsler ved markedsf\u00f8ring i flere land.<\/p>\n\n\n\n<p>A \u2013 Australia<\/p>\n\n\n\n<p>B \u2013 \u00d8sterrike, Bulgaria, Kroatia, Kypros, Tsjekkia, Danmark, Estland, Finland, Frankrike, Fransk Guyana, Fransk Polynesia, Tyskland, Hellas, Guadeloupe, Ungarn, Island, Irland, Italia, Latvia, Liechtenstein, Litauen, Luxembourg , Malta, Martinique, Mayotte, Nederland, Norge, Polen, R\u00e9union, Romania, Slovakia, Spania, Sverige, Sveits, De forente arabiske emirater<\/p>\n\n\n\n<p>C \u2013 Gibraltar, Storbritannia<\/p>\n\n\n\n<p>D \u2013 Seychellene, Chile, De forente arabiske emirater<\/p>\n\n\n\n<h2 class=\"wp-block-heading\">Risikoadvarsler<\/h2>\n\n\n\n<figure class=\"wp-block-table\"><div class=\"wp-block-table-content\"><div class=\"wp-block-table-content-nav wp-block-table-content-nav-left\"><div class=\"wp-block-table-content-nav-arrow wp-block-table-content-nav-arrow-left\"><\/div><\/div><div class=\"wp-block-table-content-nav wp-block-table-content-nav-right\"><div class=\"wp-block-table-content-nav-arrow wp-block-table-content-nav-arrow-right\"><\/div><\/div><div class=\"wp-block-table-content-table\"><table><thead><tr><th><strong>Produkt<\/strong><\/th><th>A<\/th><th>B<\/th><th>C<\/th><th>D<\/th><\/tr><\/thead><tbody><tr><td>Generisk (virtuell plattform, demokonto, akademi)<\/td><td>eToro AUS Capital Limited AFSL 491139. eToro er en investeringsplattform med flere aktiva\/eiendeler. Verdien av investeringene dine kan g\u00e5 opp eller ned. Kapitalen din er i fare. Se <a href=\"https:\/\/www.etoro.com\/nb-no\/customer-service\/terms-conditions\/\">PDS<\/a> og <a href=\"https:\/\/www.etoro.com\/nb-no\/customer-service\/regulation-license\/aus-risk-warning\/\">TMD<\/a><\/td><td>eToro er en investeringsplattform med flere aktiva\/eiendeler. Verdien av investeringene dine kan g\u00e5 opp eller ned. Kapitalen din er i fare.<\/td><td>eToro er en investeringsplattform med flere aktiva\/eiendeler. Verdien av investeringene dine kan g\u00e5 opp eller ned. Kapitalen din er i fare.<\/td><td>eToro er en investeringsplattform med flere aktiva\/eiendeler. Verdien av investeringene dine kan g\u00e5 opp eller ned. Kapitalen din er i fare.<\/td><\/tr><tr><td>Aksjer og ETF-er<\/td><td>eToro Service ARSN 637 489 466 Kapitalen din er i fare. Se <a href=\"https:\/\/www.etoro.com\/nb-no\/customer-service\/terms-conditions\/\">PDS<\/a> og <a href=\"https:\/\/www.etoro.com\/nb-no\/customer-service\/regulation-license\/aus-risk-warning\/\">TMD<\/a><\/td><td>Kapitalen din er i fare.<\/td><td>Kapitalen din er i fare.<\/td><td>Kapitalen din er i fare.<\/td><\/tr><tr><td>CFD* (r\u00e5varer, valutaer, indekser, giring, shorting, krypto-CFD, aksje-CFD)<\/td><td>AFSL 491139. Kapitalen din er i fare. Se <a href=\"https:\/\/www.etoro.com\/nb-no\/customer-service\/terms-conditions\/\">PDS<\/a> og <a href=\"https:\/\/www.etoro.com\/nb-no\/customer-service\/regulation-license\/aus-risk-warning\/\">TMD<\/a><\/td><td>CFD-er er komplekse instrumenter, og du har h\u00f8y risiko for \u00e5 tape penger raskt p\u00e5 grunn av giring. <strong>xx % av ikke-profesjonelle nvestorkontoer taper penger ved handel med CFD-er med denne leverand\u00f8ren. <\/strong>Du b\u00f8r vurdere om du forst\u00e5r hvordan CFD-er fungerer, og om du har r\u00e5d til \u00e5 ta den h\u00f8ye risikoen for \u00e5 tape pengene dine.<\/td><td>CFD-er er komplekse instrumenter, og du har h\u00f8y risiko for \u00e5 tape penger raskt p\u00e5 grunn av giring. <strong>xx % av ikke-profesjonelle nvestorkontoer taper penger ved handel med CFD-er med denne leverand\u00f8ren. <\/strong>Du b\u00f8r vurdere om du forst\u00e5r hvordan CFD-er fungerer, og om du har r\u00e5d til \u00e5 ta den h\u00f8ye risikoen for \u00e5 tape pengene dine.<\/td><td>CFD-er er komplekse instrumenter, og du har h\u00f8y risiko for \u00e5 tape penger raskt p\u00e5 grunn av giring. <strong>xx % av ikke-profesjonelle nvestorkontoer taper penger ved handel med CFD-er med denne leverand\u00f8ren. <\/strong>Du b\u00f8r vurdere om du forst\u00e5r hvordan CFD-er fungerer, og om du har r\u00e5d til \u00e5 ta den h\u00f8ye risikoen for \u00e5 tape pengene dine.<\/td><\/tr><tr><td>CFD* (r\u00e5varer, valutaer, indekser, giring, shorting, krypto-CFD, aksje-CFD)<\/td><td>Kapital din er i fare. Se <a href=\"https:\/\/www.etoro.com\/nb-no\/customer-service\/terms-conditions\/\">PDS<\/a> og <a href=\"https:\/\/www.etoro.com\/nb-no\/customer-service\/regulation-license\/aus-risk-warning\/\">TMD<\/a><\/td><td><strong><strong>xx % av ikke-profesjonelle CFD-handelskontoer taper penger<\/strong><\/strong><\/td><td><strong><strong>xx % av ikke-profesjonelle CFD-handelskontoer taper penger<\/strong><\/strong><\/td><td><strong><strong>xx % av ikke-profesjonelle CFD-handelskontoer taper penger<\/strong><\/strong><\/td><\/tr><tr><td>Krypto<\/td><td>Kryptoaktiva er uregulerte og <a href=\"https:\/\/www.etoro.com\/nb-no\/customer-service\/terms-conditions\/\">sv\u00e6rt<\/a> <a href=\"https:\/\/www.etoro.com\/nb-no\/customer-service\/regulation-license\/aus-risk-warning\/\">spekulative<\/a>. Ingen forbrukerbeskyttelse. Kapital i fare.<\/td><td>Kryptoinvesteringer er risikabelt og passer kanskje ikke for privatinvestorer, du kan tape hele investeringen din. Forst\u00e5 risikoen her https:\/\/etoro.tw\/3PI44nZ.<\/td><td>Ikke invester med mindre du er forberedt p\u00e5 \u00e5 tape alle pengene du investerer. Dette er en h\u00f8yrisikoinvestering, og du b\u00f8r ikke forvente \u00e5 bli beskyttet hvis noe g\u00e5r galt. <a href=\"https:\/\/www.etoro.com\/nb-no\/customer-service\/terms-conditions\/trading-restriction\/\">Bruk 2 minutter p\u00e5 \u00e5 l\u00e6re mer<\/a><\/td><td>Kryptoaktiva er sv\u00e6rt volatile og uregulerte p\u00e5 Seychellene. Ingen forbrukerbeskyttelse. Skatt p\u00e5 overskudd kan p\u00e5l\u00f8pe.<\/td><\/tr><tr><td>Copy Trading \/ smartportfolios \/&nbsp; popular investors<\/td><td>AFSL 491139. Kapitalen din er i fare. Se <a href=\"https:\/\/www.etoro.com\/nb-no\/customer-service\/terms-conditions\/\">PDS<\/a> og <a href=\"https:\/\/www.etoro.com\/nb-no\/customer-service\/regulation-license\/aus-risk-warning\/\">TMD<\/a><\/td><td>Copy Trading utgj\u00f8r ikke investeringsr\u00e5d. Investeringsverdien kan g\u00e5 opp eller ned. Kapitalen din er i fare.<\/td><td>Copy Trading utgj\u00f8r ikke investeringsr\u00e5d. Investeringsverdien kan g\u00e5 opp eller ned. Kapitalen din er i fare.<\/td><td>Copy Trading utgj\u00f8r ikke investeringsr\u00e5d. Investeringsverdien kan g\u00e5 opp eller ned. Kapitalen din er i fare.<\/td><\/tr><tr><td>Sosiale medier<\/td><td>Kan velges fra alternativene nedenfor:<br>Jeg mottar en provisjon hvis du registrerer deg ved \u00e5 bruke lenken min<br>Sponset av eToro<br>#annonse<br>#eToroAffiliate<br><\/td><td>Kan velges fra alternativene nedenfor:<br>Jeg mottar en provisjon hvis du registrerer deg ved \u00e5 bruke lenken min<br>Sponset av eToro<br>#annonse<br>#eToroAffiliate<\/td><td>Kan velges fra alternativene nedenfor:<br>Jeg mottar en provisjon hvis du registrerer deg ved \u00e5 bruke lenken min<br>Sponset av eToro<br>#annonse<br>#eToroAffiliate<\/td><td>Kan velges fra alternativene nedenfor:<br>Jeg mottar en provisjon hvis du registrerer deg ved \u00e5 bruke lenken min<br>Sponset av eToro<br>#annonse<br>#eToroAffiliate<\/td><\/tr><\/tbody><\/table><\/div><\/div><\/figure>\n\n\n\n<p>* Vi anbefaler \u00e5 bruke det \u00ab<a href=\"https:\/\/etoropartners.com\/wp-content\/uploads\/2024\/05\/Dynamic-disclaimer-percent-tool.pdf\">dynamiske ansvarsfraskrivelse prosentverkt\u00f8yet <\/a>\u00bb n\u00e5r du markedsf\u00f8rer CFD-er, slik at prosenttallet oppdateres automatisk hvert kvartal.<\/p>\n\n\n\n<hr class=\"wp-block-separator wp-block-separator-color-dark-grey wp-block-separator-spaces-medium wp-block-separator-weight-1\"\/>\n\n\n\n<h2 class=\"wp-block-heading is-style-heading-2\">Land med spesifikke risikoadvarsler<\/h2>\n\n\n\n<figure class=\"wp-block-table\"><div class=\"wp-block-table-content\"><div class=\"wp-block-table-content-nav wp-block-table-content-nav-left\"><div class=\"wp-block-table-content-nav-arrow wp-block-table-content-nav-arrow-left\"><\/div><\/div><div class=\"wp-block-table-content-nav wp-block-table-content-nav-right\"><div class=\"wp-block-table-content-nav-arrow wp-block-table-content-nav-arrow-right\"><\/div><\/div><div class=\"wp-block-table-content-table\"><table><thead><tr><th><strong>Land<\/strong><\/th><th><strong>Produkt<\/strong><\/th><th><strong>Kort (knapper, CTAer)<\/strong><\/th><th><strong>Lang (artikler)<\/strong><\/th><\/tr><\/thead><tbody><tr><td>Spania<\/td><td>Ansvarsfraskrivelse for krypto<\/td><td>Det er viktig \u00e5 lese og forst\u00e5 risikoene ved denne investeringen som er forklart i detalj p\u00e5 denne <a href=\"https:\/\/www.etoro.com\/customer-service\/regulation-license\/es-risk-warning\/\">lenken<\/a>.<\/td><td>Investeringer i kryptoaktiva er ikke regulert. De er kanskje ikke passende for ikke-profesjonelle , og hele bel\u00f8pet som er investert kan g\u00e5 tapt. Det er viktig \u00e5 lese og forst\u00e5 risikoen ved denne investeringen, som er forklart n\u00e6rmere i denne <a href=\"https:\/\/www.etoro.com\/customer-service\/regulation-license\/es-risk-warning\/\">lenken<\/a>.<\/td><\/tr><tr><td>Frankrike<\/td><td>Ekte krypto<\/td><td>Kryptoinvestering tilbys av eToro (Europe) Ltd som en DASP, registrert hos AMF. Investering i kryptoaktiva er sv\u00e6rt volatil. Ingen forbrukerbeskyttelse.<\/td><td>Kryptoaktiva investering og oppbevaring tilbys av eToro (Europe) Ltd som en tjenesteleverand\u00f8r av digitale aktiva, registrert hos AMF. Investering i kryptoaktiva er sv\u00e6rt volatil. Ingen forbrukerbeskyttelse. Skatt p\u00e5 overskudd kan p\u00e5l\u00f8pe.<\/td><\/tr><tr><td>Frankrike<\/td><td>CFD-produkt<\/td><td><strong>xx% av ikke-profesjonelle CFD-handelskontoer taper penger <\/strong>Du vil aldri tape mer enn bel\u00f8pet som er investert i hver posisjon<\/td><td><strong>xx % av ikke-profesjonelle investorkontoer taper penger ved handel med CFD-er med denne leverand\u00f8ren. <\/strong>Du b\u00f8r vurdere om du har r\u00e5d til \u00e5 ta den h\u00f8ye risikoen for \u00e5 tape pengene dine.<br>Du vil aldri tape mer enn bel\u00f8pet som er investert i hver posisjon<\/td><\/tr><tr><td>Sveits<\/td><td>Aksjer (ingen ekte ETF-er)<\/td><td>Dette er en annonse i henhold til den sveitsiske lov om finansielle tjenester for de finansielle tjenestene som tilbys av eToro. Dette utgj\u00f8r ikke et investeringsr\u00e5d<\/td><td>Denne kommunikasjonen og informasjonen gitt her er utelukkende en annonse i henhold til art. 68 i den sveitsiske loven om finansielle tjenester og dens implementeringsforordning for de finansielle tjenestene som tilbys av eToro, og utgj\u00f8r ikke et investeringsr\u00e5d.<br>Kapitalen din er i fare. Andre avgifter p\u00e5l\u00f8per. For mer informasjon, bes\u00f8k <a href=\"http:\/\/www.etoro.com\/nb-no\/trading\/fees\/\">http:\/\/www.etoro.com\/nb-no\/trading\/fees<\/a><\/td><\/tr><tr><td>Sveits<\/td><td>Krypto + Krypto portef\u00f8lje<\/td><td>Investering i kryptoaktiva er uregulert i enkelte EU-land og Storbritannia. Ingen forbrukerbeskyttelse. Kapitalen din er i fare.<br>Dette er en annonse i henhold til den sveitsiske loven om finansielle tjenester for de finansielle tjenestene som tilbys av eToro. Dette utgj\u00f8r ikke et investeringsr\u00e5d.<\/td><td>Cryptoasset investing is unregulated in some EU countries and the UK. No consumer protection. Your capital is at risk. <br>Investering i kryptoaktiva er uregulert i enkelte EU-land og Storbritannia. Ingen forbrukerbeskyttelse. Kapitalen din er i fare.<br>Dette er en annonse i henhold til den sveitsiske loven om finansielle tjenester for de finansielle tjenestene som tilbys av eToro. Dette utgj\u00f8r ikke et investeringsr\u00e5d.<\/td><\/tr><tr><td>Sveits<\/td><td>Smarte Aksjeportef\u00f8ljer<\/td><td>Copy Trading utgj\u00f8r ikke investeringsr\u00e5d. Verdien av investeringene dine kan g\u00e5 opp eller ned. Kapitalen din er i fare.<br>Dette er en annonse i henhold til den sveitsiske loven om finansielle tjenester for de finansielle tjenestene som tilbys av eToro. Dette utgj\u00f8r ikke et investeringsr\u00e5d.<br><\/td><td>Copy Trading utgj\u00f8r ikke investeringsr\u00e5d. Verdien av investeringene dine kan g\u00e5 opp eller ned. Kapitalen din er i fare.<br>Dette er en annonse i henhold til den sveitsiske loven om finansielle tjenester for de finansielle tjenestene som tilbys av eToro. Dette utgj\u00f8r ikke et investeringsr\u00e5d.<\/td><\/tr><\/tbody><\/table><\/div><\/div><\/figure>\n","protected":false},"excerpt":{"rendered":"<p>eToro -plattformen opererer under en rekke juridiske enheter som til sammen utgj\u00f8r eToro Group. De ulike enhetene reguleres av forskjellige reguleringsmyndigheter, og de regulatoriske kravene vil derfor variere. Liste over land per kategori Finn riktig ansvarsfraskrivelse for landet der du markedsf\u00f8rer eToro ved \u00e5 bruke listen nedenfor over land per kategori. Bruk alle gjeldende risikoadvarsler [&hellip;]<\/p>\n","protected":false},"author":4,"featured_media":0,"parent":0,"menu_order":0,"comment_status":"closed","ping_status":"closed","template":"","meta":{"_acf_changed":false,"sticky_cta_settings":"","footnotes":""},"class_list":["post-8527","page","type-page","status-publish","hentry"],"acf":[],"yoast_head":"<!-- This site is optimized with the Yoast SEO plugin v27.3 - https:\/\/yoast.com\/product\/yoast-seo-wordpress\/ -->\n<title>Risk Warnings<\/title>\n<meta name=\"description\" content=\"Find the risk warnings per product and category\" \/>\n<meta name=\"robots\" content=\"index, follow, max-snippet:-1, max-image-preview:large, max-video-preview:-1\" \/>\n<link rel=\"canonical\" href=\"https:\/\/etoropartners.com\/no\/risk-warnings\/\" \/>\n<meta property=\"og:locale\" content=\"nb_NO\" \/>\n<meta property=\"og:type\" content=\"article\" \/>\n<meta property=\"og:title\" content=\"Risk Warnings\" \/>\n<meta property=\"og:description\" content=\"Find the risk warnings per product and category\" \/>\n<meta property=\"og:url\" content=\"https:\/\/etoropartners.com\/no\/risk-warnings\/\" \/>\n<meta property=\"og:site_name\" content=\"eToro Partners\" \/>\n<meta property=\"article:modified_time\" content=\"2025-10-29T13:17:23+00:00\" \/>\n<meta name=\"twitter:card\" content=\"summary_large_image\" \/>\n<meta name=\"twitter:label1\" content=\"Ansl. lesetid\" \/>\n\t<meta name=\"twitter:data1\" content=\"6 minutter\" \/>\n<script type=\"application\/ld+json\" class=\"yoast-schema-graph\">{\"@context\":\"https:\\\/\\\/schema.org\",\"@graph\":[{\"@type\":\"WebPage\",\"@id\":\"https:\\\/\\\/etoropartners.com\\\/no\\\/risk-warnings\\\/\",\"url\":\"https:\\\/\\\/etoropartners.com\\\/no\\\/risk-warnings\\\/\",\"name\":\"Risk Warnings\",\"isPartOf\":{\"@id\":\"https:\\\/\\\/etoropartners.com\\\/no\\\/#website\"},\"datePublished\":\"2024-04-25T14:13:17+00:00\",\"dateModified\":\"2025-10-29T13:17:23+00:00\",\"description\":\"Find the risk warnings per product and category\",\"breadcrumb\":{\"@id\":\"https:\\\/\\\/etoropartners.com\\\/no\\\/risk-warnings\\\/#breadcrumb\"},\"inLanguage\":\"nb-NO\",\"potentialAction\":[{\"@type\":\"ReadAction\",\"target\":[\"https:\\\/\\\/etoropartners.com\\\/no\\\/risk-warnings\\\/\"]}]},{\"@type\":\"BreadcrumbList\",\"@id\":\"https:\\\/\\\/etoropartners.com\\\/no\\\/risk-warnings\\\/#breadcrumb\",\"itemListElement\":[{\"@type\":\"ListItem\",\"position\":1,\"name\":\"Home\",\"item\":\"https:\\\/\\\/etoropartners.wpengine.com\\\/no\\\/\"},{\"@type\":\"ListItem\",\"position\":2,\"name\":\"Risikoadvarsler\u200b\"}]},{\"@type\":\"WebSite\",\"@id\":\"https:\\\/\\\/etoropartners.com\\\/no\\\/#website\",\"url\":\"https:\\\/\\\/etoropartners.com\\\/no\\\/\",\"name\":\"eToro Partners\",\"description\":\"\",\"potentialAction\":[{\"@type\":\"SearchAction\",\"target\":{\"@type\":\"EntryPoint\",\"urlTemplate\":\"https:\\\/\\\/etoropartners.com\\\/no\\\/?s={search_term_string}\"},\"query-input\":{\"@type\":\"PropertyValueSpecification\",\"valueRequired\":true,\"valueName\":\"search_term_string\"}}],\"inLanguage\":\"nb-NO\"}]}<\/script>\n<!-- \/ Yoast SEO plugin. -->","yoast_head_json":{"title":"Risk Warnings","description":"Find the risk warnings per product and category","robots":{"index":"index","follow":"follow","max-snippet":"max-snippet:-1","max-image-preview":"max-image-preview:large","max-video-preview":"max-video-preview:-1"},"canonical":"https:\/\/etoropartners.com\/no\/risk-warnings\/","og_locale":"nb_NO","og_type":"article","og_title":"Risk Warnings","og_description":"Find the risk warnings per product and category","og_url":"https:\/\/etoropartners.com\/no\/risk-warnings\/","og_site_name":"eToro Partners","article_modified_time":"2025-10-29T13:17:23+00:00","twitter_card":"summary_large_image","twitter_misc":{"Ansl. lesetid":"6 minutter"},"schema":{"@context":"https:\/\/schema.org","@graph":[{"@type":"WebPage","@id":"https:\/\/etoropartners.com\/no\/risk-warnings\/","url":"https:\/\/etoropartners.com\/no\/risk-warnings\/","name":"Risk Warnings","isPartOf":{"@id":"https:\/\/etoropartners.com\/no\/#website"},"datePublished":"2024-04-25T14:13:17+00:00","dateModified":"2025-10-29T13:17:23+00:00","description":"Find the risk warnings per product and category","breadcrumb":{"@id":"https:\/\/etoropartners.com\/no\/risk-warnings\/#breadcrumb"},"inLanguage":"nb-NO","potentialAction":[{"@type":"ReadAction","target":["https:\/\/etoropartners.com\/no\/risk-warnings\/"]}]},{"@type":"BreadcrumbList","@id":"https:\/\/etoropartners.com\/no\/risk-warnings\/#breadcrumb","itemListElement":[{"@type":"ListItem","position":1,"name":"Home","item":"https:\/\/etoropartners.wpengine.com\/no\/"},{"@type":"ListItem","position":2,"name":"Risikoadvarsler\u200b"}]},{"@type":"WebSite","@id":"https:\/\/etoropartners.com\/no\/#website","url":"https:\/\/etoropartners.com\/no\/","name":"eToro Partners","description":"","potentialAction":[{"@type":"SearchAction","target":{"@type":"EntryPoint","urlTemplate":"https:\/\/etoropartners.com\/no\/?s={search_term_string}"},"query-input":{"@type":"PropertyValueSpecification","valueRequired":true,"valueName":"search_term_string"}}],"inLanguage":"nb-NO"}]}},"_links":{"self":[{"href":"https:\/\/etoropartners.com\/no\/wp-json\/wp\/v2\/pages\/8527","targetHints":{"allow":["GET"]}}],"collection":[{"href":"https:\/\/etoropartners.com\/no\/wp-json\/wp\/v2\/pages"}],"about":[{"href":"https:\/\/etoropartners.com\/no\/wp-json\/wp\/v2\/types\/page"}],"author":[{"embeddable":true,"href":"https:\/\/etoropartners.com\/no\/wp-json\/wp\/v2\/users\/4"}],"replies":[{"embeddable":true,"href":"https:\/\/etoropartners.com\/no\/wp-json\/wp\/v2\/comments?post=8527"}],"version-history":[{"count":0,"href":"https:\/\/etoropartners.com\/no\/wp-json\/wp\/v2\/pages\/8527\/revisions"}],"wp:attachment":[{"href":"https:\/\/etoropartners.com\/no\/wp-json\/wp\/v2\/media?parent=8527"}],"curies":[{"name":"wp","href":"https:\/\/api.w.org\/{rel}","templated":true}]}}