{"id":2819,"date":"2021-11-23T10:35:24","date_gmt":"2021-11-23T10:35:24","guid":{"rendered":"https:\/\/etoropartners.wpengine.com\/meet-us-verify-and-comply\/"},"modified":"2026-01-21T15:21:26","modified_gmt":"2026-01-21T13:21:26","slug":"meet-us-verify-and-comply","status":"publish","type":"page","link":"https:\/\/etoropartners.com\/no\/meet-us-verify-and-comply\/","title":{"rendered":"Meet us, verify, comply"},"content":{"rendered":"","protected":false},"excerpt":{"rendered":"","protected":false},"author":5,"featured_media":0,"parent":0,"menu_order":0,"comment_status":"closed","ping_status":"closed","template":"","meta":{"_acf_changed":false,"sticky_cta_settings":"","footnotes":""},"class_list":["post-2819","page","type-page","status-publish","hentry"],"acf":[],"yoast_head":"<!-- This site is optimized with the Yoast SEO plugin v27.3 - https:\/\/yoast.com\/product\/yoast-seo-wordpress\/ -->\n<title>eToro-partnere: M\u00f8t oss, verifisering og samsvar<\/title>\n<meta name=\"description\" content=\"Vi er her for \u00e5 s\u00f8rge for at du f\u00e5r mest mulig ut av eToro Partners! Send oss gjerne en e-post med eventuelle problemer eller sp\u00f8rsm\u00e5l du m\u00e5tte ha.\" \/>\n<meta name=\"robots\" content=\"index, follow, max-snippet:-1, max-image-preview:large, max-video-preview:-1\" \/>\n<link rel=\"canonical\" href=\"https:\/\/etoropartners.com\/no\/meet-us-verify-and-comply\/\" \/>\n<meta property=\"og:locale\" content=\"nb_NO\" \/>\n<meta property=\"og:type\" content=\"article\" \/>\n<meta property=\"og:title\" content=\"eToro-partnere: M\u00f8t oss, verifisering og samsvar\" \/>\n<meta property=\"og:description\" content=\"Vi er her for \u00e5 s\u00f8rge for at du f\u00e5r mest mulig ut av eToro Partners! Send oss gjerne en e-post med eventuelle problemer eller sp\u00f8rsm\u00e5l du m\u00e5tte ha.\" \/>\n<meta property=\"og:url\" content=\"https:\/\/etoropartners.com\/no\/meet-us-verify-and-comply\/\" \/>\n<meta property=\"og:site_name\" content=\"eToro Partners\" \/>\n<meta property=\"article:modified_time\" content=\"2026-01-21T13:21:26+00:00\" \/>\n<meta name=\"twitter:card\" content=\"summary_large_image\" \/>\n<script type=\"application\/ld+json\" class=\"yoast-schema-graph\">{\"@context\":\"https:\\\/\\\/schema.org\",\"@graph\":[{\"@type\":\"WebPage\",\"@id\":\"https:\\\/\\\/etoropartners.com\\\/no\\\/meet-us-verify-and-comply\\\/\",\"url\":\"https:\\\/\\\/etoropartners.com\\\/no\\\/meet-us-verify-and-comply\\\/\",\"name\":\"eToro-partnere: M\u00f8t oss, verifisering og samsvar\",\"isPartOf\":{\"@id\":\"https:\\\/\\\/etoropartners.com\\\/no\\\/#website\"},\"datePublished\":\"2021-11-23T10:35:24+00:00\",\"dateModified\":\"2026-01-21T13:21:26+00:00\",\"description\":\"Vi er her for \u00e5 s\u00f8rge for at du f\u00e5r mest mulig ut av eToro Partners! Send oss gjerne en e-post med eventuelle problemer eller sp\u00f8rsm\u00e5l du m\u00e5tte ha.\",\"breadcrumb\":{\"@id\":\"https:\\\/\\\/etoropartners.com\\\/no\\\/meet-us-verify-and-comply\\\/#breadcrumb\"},\"inLanguage\":\"nb-NO\",\"potentialAction\":[{\"@type\":\"ReadAction\",\"target\":[\"https:\\\/\\\/etoropartners.com\\\/no\\\/meet-us-verify-and-comply\\\/\"]}]},{\"@type\":\"BreadcrumbList\",\"@id\":\"https:\\\/\\\/etoropartners.com\\\/no\\\/meet-us-verify-and-comply\\\/#breadcrumb\",\"itemListElement\":[{\"@type\":\"ListItem\",\"position\":1,\"name\":\"Home\",\"item\":\"https:\\\/\\\/etoropartners.wpengine.com\\\/no\\\/\"},{\"@type\":\"ListItem\",\"position\":2,\"name\":\"Meet us, verify, comply\"}]},{\"@type\":\"WebSite\",\"@id\":\"https:\\\/\\\/etoropartners.com\\\/no\\\/#website\",\"url\":\"https:\\\/\\\/etoropartners.com\\\/no\\\/\",\"name\":\"eToro Partners\",\"description\":\"\",\"potentialAction\":[{\"@type\":\"SearchAction\",\"target\":{\"@type\":\"EntryPoint\",\"urlTemplate\":\"https:\\\/\\\/etoropartners.com\\\/no\\\/?s={search_term_string}\"},\"query-input\":{\"@type\":\"PropertyValueSpecification\",\"valueRequired\":true,\"valueName\":\"search_term_string\"}}],\"inLanguage\":\"nb-NO\"}]}<\/script>\n<!-- \/ Yoast SEO plugin. -->","yoast_head_json":{"title":"eToro-partnere: M\u00f8t oss, verifisering og samsvar","description":"Vi er her for \u00e5 s\u00f8rge for at du f\u00e5r mest mulig ut av eToro Partners! Send oss gjerne en e-post med eventuelle problemer eller sp\u00f8rsm\u00e5l du m\u00e5tte ha.","robots":{"index":"index","follow":"follow","max-snippet":"max-snippet:-1","max-image-preview":"max-image-preview:large","max-video-preview":"max-video-preview:-1"},"canonical":"https:\/\/etoropartners.com\/no\/meet-us-verify-and-comply\/","og_locale":"nb_NO","og_type":"article","og_title":"eToro-partnere: M\u00f8t oss, verifisering og samsvar","og_description":"Vi er her for \u00e5 s\u00f8rge for at du f\u00e5r mest mulig ut av eToro Partners! Send oss gjerne en e-post med eventuelle problemer eller sp\u00f8rsm\u00e5l du m\u00e5tte ha.","og_url":"https:\/\/etoropartners.com\/no\/meet-us-verify-and-comply\/","og_site_name":"eToro Partners","article_modified_time":"2026-01-21T13:21:26+00:00","twitter_card":"summary_large_image","schema":{"@context":"https:\/\/schema.org","@graph":[{"@type":"WebPage","@id":"https:\/\/etoropartners.com\/no\/meet-us-verify-and-comply\/","url":"https:\/\/etoropartners.com\/no\/meet-us-verify-and-comply\/","name":"eToro-partnere: M\u00f8t oss, verifisering og samsvar","isPartOf":{"@id":"https:\/\/etoropartners.com\/no\/#website"},"datePublished":"2021-11-23T10:35:24+00:00","dateModified":"2026-01-21T13:21:26+00:00","description":"Vi er her for \u00e5 s\u00f8rge for at du f\u00e5r mest mulig ut av eToro Partners! Send oss gjerne en e-post med eventuelle problemer eller sp\u00f8rsm\u00e5l du m\u00e5tte ha.","breadcrumb":{"@id":"https:\/\/etoropartners.com\/no\/meet-us-verify-and-comply\/#breadcrumb"},"inLanguage":"nb-NO","potentialAction":[{"@type":"ReadAction","target":["https:\/\/etoropartners.com\/no\/meet-us-verify-and-comply\/"]}]},{"@type":"BreadcrumbList","@id":"https:\/\/etoropartners.com\/no\/meet-us-verify-and-comply\/#breadcrumb","itemListElement":[{"@type":"ListItem","position":1,"name":"Home","item":"https:\/\/etoropartners.wpengine.com\/no\/"},{"@type":"ListItem","position":2,"name":"Meet us, verify, comply"}]},{"@type":"WebSite","@id":"https:\/\/etoropartners.com\/no\/#website","url":"https:\/\/etoropartners.com\/no\/","name":"eToro Partners","description":"","potentialAction":[{"@type":"SearchAction","target":{"@type":"EntryPoint","urlTemplate":"https:\/\/etoropartners.com\/no\/?s={search_term_string}"},"query-input":{"@type":"PropertyValueSpecification","valueRequired":true,"valueName":"search_term_string"}}],"inLanguage":"nb-NO"}]}},"_links":{"self":[{"href":"https:\/\/etoropartners.com\/no\/wp-json\/wp\/v2\/pages\/2819","targetHints":{"allow":["GET"]}}],"collection":[{"href":"https:\/\/etoropartners.com\/no\/wp-json\/wp\/v2\/pages"}],"about":[{"href":"https:\/\/etoropartners.com\/no\/wp-json\/wp\/v2\/types\/page"}],"author":[{"embeddable":true,"href":"https:\/\/etoropartners.com\/no\/wp-json\/wp\/v2\/users\/5"}],"replies":[{"embeddable":true,"href":"https:\/\/etoropartners.com\/no\/wp-json\/wp\/v2\/comments?post=2819"}],"version-history":[{"count":0,"href":"https:\/\/etoropartners.com\/no\/wp-json\/wp\/v2\/pages\/2819\/revisions"}],"wp:attachment":[{"href":"https:\/\/etoropartners.com\/no\/wp-json\/wp\/v2\/media?parent=2819"}],"curies":[{"name":"wp","href":"https:\/\/api.w.org\/{rel}","templated":true}]}}