{"id":2005,"date":"2021-01-14T11:24:00","date_gmt":"2021-01-14T11:24:00","guid":{"rendered":"https:\/\/etoropartners.wpengine.com\/about-us\/"},"modified":"2024-05-23T15:31:37","modified_gmt":"2024-05-23T13:31:37","slug":"about-us","status":"publish","type":"page","link":"https:\/\/etoropartners.com\/no\/about-us\/","title":{"rendered":"About Us"},"content":{"rendered":"","protected":false},"excerpt":{"rendered":"","protected":false},"author":5,"featured_media":0,"parent":0,"menu_order":0,"comment_status":"closed","ping_status":"closed","template":"","meta":{"_acf_changed":false,"sticky_cta_settings":"","footnotes":""},"class_list":["post-2005","page","type-page","status-publish","hentry"],"acf":[],"yoast_head":"<!-- This site is optimized with the Yoast SEO plugin v27.3 - https:\/\/yoast.com\/product\/yoast-seo-wordpress\/ -->\n<title>Om oss \u2013 eToro Partners Partnerprogram<\/title>\n<meta name=\"description\" content=\"Partnerprogrammet v\u00e5rt gir partnerne v\u00e5re mange muligheter til \u00e5 fremme handel med aksjer og valuta, ETF-er og mange flere unike finansprodukter fra eToro.\" \/>\n<meta name=\"robots\" content=\"index, follow, max-snippet:-1, max-image-preview:large, max-video-preview:-1\" \/>\n<link rel=\"canonical\" href=\"https:\/\/etoropartners.com\/no\/about-us\/\" \/>\n<meta property=\"og:locale\" content=\"nb_NO\" \/>\n<meta property=\"og:type\" content=\"article\" \/>\n<meta property=\"og:title\" content=\"Om oss \u2013 eToro Partners Partnerprogram\" \/>\n<meta property=\"og:description\" content=\"Partnerprogrammet v\u00e5rt gir partnerne v\u00e5re mange muligheter til \u00e5 fremme handel med aksjer og valuta, ETF-er og mange flere unike finansprodukter fra eToro.\" \/>\n<meta property=\"og:url\" content=\"https:\/\/etoropartners.com\/no\/about-us\/\" \/>\n<meta property=\"og:site_name\" content=\"eToro Partners\" \/>\n<meta property=\"article:modified_time\" content=\"2024-05-23T13:31:37+00:00\" \/>\n<meta name=\"twitter:card\" content=\"summary_large_image\" \/>\n<script type=\"application\/ld+json\" class=\"yoast-schema-graph\">{\"@context\":\"https:\\\/\\\/schema.org\",\"@graph\":[{\"@type\":\"WebPage\",\"@id\":\"https:\\\/\\\/etoropartners.com\\\/no\\\/about-us\\\/\",\"url\":\"https:\\\/\\\/etoropartners.com\\\/no\\\/about-us\\\/\",\"name\":\"Om oss \u2013 eToro Partners Partnerprogram\",\"isPartOf\":{\"@id\":\"https:\\\/\\\/etoropartners.com\\\/no\\\/#website\"},\"datePublished\":\"2021-01-14T11:24:00+00:00\",\"dateModified\":\"2024-05-23T13:31:37+00:00\",\"description\":\"Partnerprogrammet v\u00e5rt gir partnerne v\u00e5re mange muligheter til \u00e5 fremme handel med aksjer og valuta, ETF-er og mange flere unike finansprodukter fra eToro.\",\"breadcrumb\":{\"@id\":\"https:\\\/\\\/etoropartners.com\\\/no\\\/about-us\\\/#breadcrumb\"},\"inLanguage\":\"nb-NO\",\"potentialAction\":[{\"@type\":\"ReadAction\",\"target\":[\"https:\\\/\\\/etoropartners.com\\\/no\\\/about-us\\\/\"]}]},{\"@type\":\"BreadcrumbList\",\"@id\":\"https:\\\/\\\/etoropartners.com\\\/no\\\/about-us\\\/#breadcrumb\",\"itemListElement\":[{\"@type\":\"ListItem\",\"position\":1,\"name\":\"Home\",\"item\":\"https:\\\/\\\/etoropartners.wpengine.com\\\/no\\\/\"},{\"@type\":\"ListItem\",\"position\":2,\"name\":\"OM OSS\"}]},{\"@type\":\"WebSite\",\"@id\":\"https:\\\/\\\/etoropartners.com\\\/no\\\/#website\",\"url\":\"https:\\\/\\\/etoropartners.com\\\/no\\\/\",\"name\":\"eToro Partners\",\"description\":\"\",\"potentialAction\":[{\"@type\":\"SearchAction\",\"target\":{\"@type\":\"EntryPoint\",\"urlTemplate\":\"https:\\\/\\\/etoropartners.com\\\/no\\\/?s={search_term_string}\"},\"query-input\":{\"@type\":\"PropertyValueSpecification\",\"valueRequired\":true,\"valueName\":\"search_term_string\"}}],\"inLanguage\":\"nb-NO\"}]}<\/script>\n<!-- \/ Yoast SEO plugin. -->","yoast_head_json":{"title":"Om oss \u2013 eToro Partners Partnerprogram","description":"Partnerprogrammet v\u00e5rt gir partnerne v\u00e5re mange muligheter til \u00e5 fremme handel med aksjer og valuta, ETF-er og mange flere unike finansprodukter fra eToro.","robots":{"index":"index","follow":"follow","max-snippet":"max-snippet:-1","max-image-preview":"max-image-preview:large","max-video-preview":"max-video-preview:-1"},"canonical":"https:\/\/etoropartners.com\/no\/about-us\/","og_locale":"nb_NO","og_type":"article","og_title":"Om oss \u2013 eToro Partners Partnerprogram","og_description":"Partnerprogrammet v\u00e5rt gir partnerne v\u00e5re mange muligheter til \u00e5 fremme handel med aksjer og valuta, ETF-er og mange flere unike finansprodukter fra eToro.","og_url":"https:\/\/etoropartners.com\/no\/about-us\/","og_site_name":"eToro Partners","article_modified_time":"2024-05-23T13:31:37+00:00","twitter_card":"summary_large_image","schema":{"@context":"https:\/\/schema.org","@graph":[{"@type":"WebPage","@id":"https:\/\/etoropartners.com\/no\/about-us\/","url":"https:\/\/etoropartners.com\/no\/about-us\/","name":"Om oss \u2013 eToro Partners Partnerprogram","isPartOf":{"@id":"https:\/\/etoropartners.com\/no\/#website"},"datePublished":"2021-01-14T11:24:00+00:00","dateModified":"2024-05-23T13:31:37+00:00","description":"Partnerprogrammet v\u00e5rt gir partnerne v\u00e5re mange muligheter til \u00e5 fremme handel med aksjer og valuta, ETF-er og mange flere unike finansprodukter fra eToro.","breadcrumb":{"@id":"https:\/\/etoropartners.com\/no\/about-us\/#breadcrumb"},"inLanguage":"nb-NO","potentialAction":[{"@type":"ReadAction","target":["https:\/\/etoropartners.com\/no\/about-us\/"]}]},{"@type":"BreadcrumbList","@id":"https:\/\/etoropartners.com\/no\/about-us\/#breadcrumb","itemListElement":[{"@type":"ListItem","position":1,"name":"Home","item":"https:\/\/etoropartners.wpengine.com\/no\/"},{"@type":"ListItem","position":2,"name":"OM OSS"}]},{"@type":"WebSite","@id":"https:\/\/etoropartners.com\/no\/#website","url":"https:\/\/etoropartners.com\/no\/","name":"eToro Partners","description":"","potentialAction":[{"@type":"SearchAction","target":{"@type":"EntryPoint","urlTemplate":"https:\/\/etoropartners.com\/no\/?s={search_term_string}"},"query-input":{"@type":"PropertyValueSpecification","valueRequired":true,"valueName":"search_term_string"}}],"inLanguage":"nb-NO"}]}},"_links":{"self":[{"href":"https:\/\/etoropartners.com\/no\/wp-json\/wp\/v2\/pages\/2005","targetHints":{"allow":["GET"]}}],"collection":[{"href":"https:\/\/etoropartners.com\/no\/wp-json\/wp\/v2\/pages"}],"about":[{"href":"https:\/\/etoropartners.com\/no\/wp-json\/wp\/v2\/types\/page"}],"author":[{"embeddable":true,"href":"https:\/\/etoropartners.com\/no\/wp-json\/wp\/v2\/users\/5"}],"replies":[{"embeddable":true,"href":"https:\/\/etoropartners.com\/no\/wp-json\/wp\/v2\/comments?post=2005"}],"version-history":[{"count":0,"href":"https:\/\/etoropartners.com\/no\/wp-json\/wp\/v2\/pages\/2005\/revisions"}],"wp:attachment":[{"href":"https:\/\/etoropartners.com\/no\/wp-json\/wp\/v2\/media?parent=2005"}],"curies":[{"name":"wp","href":"https:\/\/api.w.org\/{rel}","templated":true}]}}