{"id":8850,"date":"2024-05-22T13:12:03","date_gmt":"2024-05-22T11:12:03","guid":{"rendered":"https:\/\/etoropartners.com\/payment-methods\/"},"modified":"2024-08-27T13:50:43","modified_gmt":"2024-08-27T11:50:43","slug":"payment-methods","status":"publish","type":"page","link":"https:\/\/etoropartners.com\/it\/payment-methods\/","title":{"rendered":"Metodi di pagamento"},"content":{"rendered":"\n<section class=\"wp-block-group wp-block-group-boxed wp-block-group-small-top-padding wp-block-group-small-bottom-padding\"><div class=\"wp-block-group-inner is-layout-flow wp-block-group-is-layout-flow\">\n<div class=\"wp-block-columns are-vertically-aligned-top wp-block-columns-1 is-layout-flex wp-container-core-columns-is-layout-9d6595d7 wp-block-columns-is-layout-flex\">\n<div class=\"wp-block-column wp-block-column-align-desktop-center wp-block-column-align-mobile-center is-layout-flow wp-block-column-is-layout-flow\">\n<h2 class=\"wp-block-heading\">Metodi di pagamento<\/h2>\n\n\n\n<figure class=\"wp-block-image size-full\"><img loading=\"lazy\" decoding=\"async\" width=\"1600\" height=\"400\" src=\"https:\/\/etoropartners.com\/wp-content\/uploads\/2024\/05\/Cover_PAYMENT-METHODS.jpg\" alt=\"\" class=\"wp-image-8271 wp-image-desktop\" srcset=\"https:\/\/etoropartners.com\/wp-content\/uploads\/2024\/05\/Cover_PAYMENT-METHODS.jpg 1600w, https:\/\/etoropartners.com\/wp-content\/uploads\/2024\/05\/Cover_PAYMENT-METHODS-300x75.jpg 300w, https:\/\/etoropartners.com\/wp-content\/uploads\/2024\/05\/Cover_PAYMENT-METHODS-1024x256.jpg 1024w, https:\/\/etoropartners.com\/wp-content\/uploads\/2024\/05\/Cover_PAYMENT-METHODS-768x192.jpg 768w, https:\/\/etoropartners.com\/wp-content\/uploads\/2024\/05\/Cover_PAYMENT-METHODS-1536x384.jpg 1536w\" sizes=\"auto, (max-width: 1600px) 100vw, 1600px\" \/><\/figure>\n<\/div>\n<\/div>\n<\/div><\/section>\n\n\n\n<section class=\"wp-block-group wp-block-group-boxed wp-block-group-small-top-padding wp-block-group-small-bottom-padding\"><div class=\"wp-block-group-inner is-layout-flow wp-block-group-is-layout-flow\">\n<div class=\"wp-block-columns are-vertically-aligned-top wp-block-columns-1 is-layout-flex wp-container-core-columns-is-layout-9d6595d7 wp-block-columns-is-layout-flex\">\n<div class=\"wp-block-column is-layout-flow wp-block-column-is-layout-flow\">\n<h2 class=\"wp-block-heading is-style-heading-1\">A cosa occorre prestare attenzione quando si citano i metodi di pagamento?<\/h2>\n\n\n\n<p class=\"is-style-heading-2\"><strong>Sii accurato<\/strong><\/p>\n\n\n\n<p>Se fai accenno ai metodi di pagamento, assicurati che siano disponibili nel Paese in cui stai promuovendo eToro. Per ulteriori informazioni su metodi di pagamento e limiti, visita la <a href=\"https:\/\/www.etoro.com\/it\/customer-service\/deposit-faq\/\">pagina dei depositi<\/a> su eToro.<\/p>\n\n\n\n<p class=\"is-style-heading-2\">Esempi di errori comuni:<\/p>\n\n\n\n<p>PayPal non \u00e8 disponibile in alcuni Paesi (ad esempio, nel Regno Unito) ed \u00e8 utilizzabile come metodo di pagamento solo dopo il primo deposito in altre nazioni (ad esempio, nei Paesi Bassi). Dal momento che non \u00e8 consentito effettuare il primo deposito mediante PayPal in questi Paesi, non pu\u00f2 essere indicato come metodo di pagamento quando si promuove eToro in queste nazioni. Se ti rivolgi a un pubblico eterogeneo e nel tuo target rientrano Paesi in cui PayPal \u00e8 disponibile e altri dove non lo \u00e8, assicurati di riportare l&#8217;elenco dei Paesi in cui non \u00e8 disponibile e quello dove non lo \u00e8 soltanto per il primo deposito.<\/p>\n\n\n\n<p class=\"is-style-heading-2\">Carte di credito<\/p>\n\n\n\n<p>Regno Unito e Spagna: le carte di credito non possono essere utilizzate per depositare fondi nel Regno Unito e in Spagna (sono consentite invece le carte di debito).<br><\/p>\n<\/div>\n<\/div>\n<\/div><\/section>\n","protected":false},"excerpt":{"rendered":"<p>Metodi di pagamento A cosa occorre prestare attenzione quando si citano i metodi di pagamento? Sii accurato Se fai accenno ai metodi di pagamento, assicurati che siano disponibili nel Paese in cui stai promuovendo eToro. Per ulteriori informazioni su metodi di pagamento e limiti, visita la pagina dei depositi su eToro. Esempi di errori comuni: [&hellip;]<\/p>\n","protected":false},"author":11,"featured_media":8265,"parent":0,"menu_order":0,"comment_status":"closed","ping_status":"closed","template":"","meta":{"_acf_changed":false,"sticky_cta_settings":"","footnotes":""},"class_list":["post-8850","page","type-page","status-publish","has-post-thumbnail","hentry"],"acf":[],"yoast_head":"<!-- This site is optimized with the Yoast SEO plugin v27.3 - https:\/\/yoast.com\/product\/yoast-seo-wordpress\/ -->\n<title>Metodi di pagamento<\/title>\n<meta name=\"description\" content=\"A cosa occorre prestare attenzione quando si citano i metodi di pagamento?\" \/>\n<meta name=\"robots\" content=\"index, follow, max-snippet:-1, max-image-preview:large, max-video-preview:-1\" \/>\n<link rel=\"canonical\" href=\"https:\/\/etoropartners.com\/it\/payment-methods\/\" \/>\n<meta property=\"og:locale\" content=\"it_IT\" \/>\n<meta property=\"og:type\" content=\"article\" \/>\n<meta property=\"og:title\" content=\"Metodi di pagamento\" \/>\n<meta property=\"og:description\" content=\"A cosa occorre prestare attenzione quando si citano i metodi di pagamento?\" \/>\n<meta property=\"og:url\" content=\"https:\/\/etoropartners.com\/it\/payment-methods\/\" \/>\n<meta property=\"og:site_name\" content=\"eToro Partners\" \/>\n<meta property=\"article:modified_time\" content=\"2024-08-27T11:50:43+00:00\" \/>\n<meta property=\"og:image\" content=\"https:\/\/etoropartners.com\/wp-content\/uploads\/2024\/05\/Featured_PAYMENT-METHODS.png\" \/>\n\t<meta property=\"og:image:width\" content=\"1200\" \/>\n\t<meta property=\"og:image:height\" content=\"630\" \/>\n\t<meta property=\"og:image:type\" content=\"image\/png\" \/>\n<meta name=\"twitter:card\" content=\"summary_large_image\" \/>\n<meta name=\"twitter:label1\" content=\"Tempo di lettura stimato\" \/>\n\t<meta name=\"twitter:data1\" content=\"2 minuti\" \/>\n<script type=\"application\/ld+json\" class=\"yoast-schema-graph\">{\"@context\":\"https:\\\/\\\/schema.org\",\"@graph\":[{\"@type\":\"WebPage\",\"@id\":\"https:\\\/\\\/etoropartners.com\\\/it\\\/payment-methods\\\/\",\"url\":\"https:\\\/\\\/etoropartners.com\\\/it\\\/payment-methods\\\/\",\"name\":\"Metodi di pagamento\",\"isPartOf\":{\"@id\":\"https:\\\/\\\/etoropartners.com\\\/it\\\/#website\"},\"primaryImageOfPage\":{\"@id\":\"https:\\\/\\\/etoropartners.com\\\/it\\\/payment-methods\\\/#primaryimage\"},\"image\":{\"@id\":\"https:\\\/\\\/etoropartners.com\\\/it\\\/payment-methods\\\/#primaryimage\"},\"thumbnailUrl\":\"https:\\\/\\\/etoropartners.com\\\/wp-content\\\/uploads\\\/2024\\\/05\\\/Featured_PAYMENT-METHODS.png\",\"datePublished\":\"2024-05-22T11:12:03+00:00\",\"dateModified\":\"2024-08-27T11:50:43+00:00\",\"description\":\"A cosa occorre prestare attenzione quando si citano i metodi di pagamento?\",\"breadcrumb\":{\"@id\":\"https:\\\/\\\/etoropartners.com\\\/it\\\/payment-methods\\\/#breadcrumb\"},\"inLanguage\":\"it-IT\",\"potentialAction\":[{\"@type\":\"ReadAction\",\"target\":[\"https:\\\/\\\/etoropartners.com\\\/it\\\/payment-methods\\\/\"]}]},{\"@type\":\"ImageObject\",\"inLanguage\":\"it-IT\",\"@id\":\"https:\\\/\\\/etoropartners.com\\\/it\\\/payment-methods\\\/#primaryimage\",\"url\":\"https:\\\/\\\/etoropartners.com\\\/wp-content\\\/uploads\\\/2024\\\/05\\\/Featured_PAYMENT-METHODS.png\",\"contentUrl\":\"https:\\\/\\\/etoropartners.com\\\/wp-content\\\/uploads\\\/2024\\\/05\\\/Featured_PAYMENT-METHODS.png\",\"width\":1200,\"height\":630},{\"@type\":\"BreadcrumbList\",\"@id\":\"https:\\\/\\\/etoropartners.com\\\/it\\\/payment-methods\\\/#breadcrumb\",\"itemListElement\":[{\"@type\":\"ListItem\",\"position\":1,\"name\":\"Home\",\"item\":\"https:\\\/\\\/etoropartners.com\\\/it\\\/\"},{\"@type\":\"ListItem\",\"position\":2,\"name\":\"Metodi di pagamento\"}]},{\"@type\":\"WebSite\",\"@id\":\"https:\\\/\\\/etoropartners.com\\\/it\\\/#website\",\"url\":\"https:\\\/\\\/etoropartners.com\\\/it\\\/\",\"name\":\"eToro Partners\",\"description\":\"\",\"potentialAction\":[{\"@type\":\"SearchAction\",\"target\":{\"@type\":\"EntryPoint\",\"urlTemplate\":\"https:\\\/\\\/etoropartners.com\\\/it\\\/?s={search_term_string}\"},\"query-input\":{\"@type\":\"PropertyValueSpecification\",\"valueRequired\":true,\"valueName\":\"search_term_string\"}}],\"inLanguage\":\"it-IT\"}]}<\/script>\n<!-- \/ Yoast SEO plugin. -->","yoast_head_json":{"title":"Metodi di pagamento","description":"A cosa occorre prestare attenzione quando si citano i metodi di pagamento?","robots":{"index":"index","follow":"follow","max-snippet":"max-snippet:-1","max-image-preview":"max-image-preview:large","max-video-preview":"max-video-preview:-1"},"canonical":"https:\/\/etoropartners.com\/it\/payment-methods\/","og_locale":"it_IT","og_type":"article","og_title":"Metodi di pagamento","og_description":"A cosa occorre prestare attenzione quando si citano i metodi di pagamento?","og_url":"https:\/\/etoropartners.com\/it\/payment-methods\/","og_site_name":"eToro Partners","article_modified_time":"2024-08-27T11:50:43+00:00","og_image":[{"width":1200,"height":630,"url":"https:\/\/etoropartners.com\/wp-content\/uploads\/2024\/05\/Featured_PAYMENT-METHODS.png","type":"image\/png"}],"twitter_card":"summary_large_image","twitter_misc":{"Tempo di lettura stimato":"2 minuti"},"schema":{"@context":"https:\/\/schema.org","@graph":[{"@type":"WebPage","@id":"https:\/\/etoropartners.com\/it\/payment-methods\/","url":"https:\/\/etoropartners.com\/it\/payment-methods\/","name":"Metodi di pagamento","isPartOf":{"@id":"https:\/\/etoropartners.com\/it\/#website"},"primaryImageOfPage":{"@id":"https:\/\/etoropartners.com\/it\/payment-methods\/#primaryimage"},"image":{"@id":"https:\/\/etoropartners.com\/it\/payment-methods\/#primaryimage"},"thumbnailUrl":"https:\/\/etoropartners.com\/wp-content\/uploads\/2024\/05\/Featured_PAYMENT-METHODS.png","datePublished":"2024-05-22T11:12:03+00:00","dateModified":"2024-08-27T11:50:43+00:00","description":"A cosa occorre prestare attenzione quando si citano i metodi di pagamento?","breadcrumb":{"@id":"https:\/\/etoropartners.com\/it\/payment-methods\/#breadcrumb"},"inLanguage":"it-IT","potentialAction":[{"@type":"ReadAction","target":["https:\/\/etoropartners.com\/it\/payment-methods\/"]}]},{"@type":"ImageObject","inLanguage":"it-IT","@id":"https:\/\/etoropartners.com\/it\/payment-methods\/#primaryimage","url":"https:\/\/etoropartners.com\/wp-content\/uploads\/2024\/05\/Featured_PAYMENT-METHODS.png","contentUrl":"https:\/\/etoropartners.com\/wp-content\/uploads\/2024\/05\/Featured_PAYMENT-METHODS.png","width":1200,"height":630},{"@type":"BreadcrumbList","@id":"https:\/\/etoropartners.com\/it\/payment-methods\/#breadcrumb","itemListElement":[{"@type":"ListItem","position":1,"name":"Home","item":"https:\/\/etoropartners.com\/it\/"},{"@type":"ListItem","position":2,"name":"Metodi di pagamento"}]},{"@type":"WebSite","@id":"https:\/\/etoropartners.com\/it\/#website","url":"https:\/\/etoropartners.com\/it\/","name":"eToro Partners","description":"","potentialAction":[{"@type":"SearchAction","target":{"@type":"EntryPoint","urlTemplate":"https:\/\/etoropartners.com\/it\/?s={search_term_string}"},"query-input":{"@type":"PropertyValueSpecification","valueRequired":true,"valueName":"search_term_string"}}],"inLanguage":"it-IT"}]}},"_links":{"self":[{"href":"https:\/\/etoropartners.com\/it\/wp-json\/wp\/v2\/pages\/8850","targetHints":{"allow":["GET"]}}],"collection":[{"href":"https:\/\/etoropartners.com\/it\/wp-json\/wp\/v2\/pages"}],"about":[{"href":"https:\/\/etoropartners.com\/it\/wp-json\/wp\/v2\/types\/page"}],"author":[{"embeddable":true,"href":"https:\/\/etoropartners.com\/it\/wp-json\/wp\/v2\/users\/11"}],"replies":[{"embeddable":true,"href":"https:\/\/etoropartners.com\/it\/wp-json\/wp\/v2\/comments?post=8850"}],"version-history":[{"count":0,"href":"https:\/\/etoropartners.com\/it\/wp-json\/wp\/v2\/pages\/8850\/revisions"}],"wp:featuredmedia":[{"embeddable":true,"href":"https:\/\/etoropartners.com\/it\/wp-json\/wp\/v2\/media\/8265"}],"wp:attachment":[{"href":"https:\/\/etoropartners.com\/it\/wp-json\/wp\/v2\/media?parent=8850"}],"curies":[{"name":"wp","href":"https:\/\/api.w.org\/{rel}","templated":true}]}}