{"id":8818,"date":"2024-05-22T13:05:01","date_gmt":"2024-05-22T11:05:01","guid":{"rendered":"https:\/\/etoropartners.com\/regulators\/"},"modified":"2024-08-26T15:31:52","modified_gmt":"2024-08-26T13:31:52","slug":"regulators","status":"publish","type":"page","link":"https:\/\/etoropartners.com\/it\/regulators\/","title":{"rendered":"Autorit\u00e0 di regolamentazione"},"content":{"rendered":"\n<section class=\"wp-block-group wp-block-group-boxed wp-block-group-small-top-padding wp-block-group-small-bottom-padding has-white-background-color has-background\"><div class=\"wp-block-group-inner is-layout-flow wp-block-group-is-layout-flow\">\n<div class=\"wp-block-columns are-vertically-aligned-top wp-block-columns-1 is-layout-flex wp-container-core-columns-is-layout-9d6595d7 wp-block-columns-is-layout-flex\">\n<div class=\"wp-block-column wp-block-column-align-desktop-center wp-block-column-align-mobile-center is-layout-flow wp-block-column-is-layout-flow\">\n<h2 class=\"wp-block-heading\">Autorit\u00e0 di regolamentazione<\/h2>\n\n\n\n<figure class=\"wp-block-image size-full\"><img loading=\"lazy\" decoding=\"async\" width=\"1600\" height=\"400\" src=\"https:\/\/etoropartners.com\/wp-content\/uploads\/2024\/05\/Cover_OUR-REGULATION.jpg\" alt=\"\" class=\"wp-image-8239 wp-image-desktop\" srcset=\"https:\/\/etoropartners.com\/wp-content\/uploads\/2024\/05\/Cover_OUR-REGULATION.jpg 1600w, https:\/\/etoropartners.com\/wp-content\/uploads\/2024\/05\/Cover_OUR-REGULATION-300x75.jpg 300w, https:\/\/etoropartners.com\/wp-content\/uploads\/2024\/05\/Cover_OUR-REGULATION-1024x256.jpg 1024w, https:\/\/etoropartners.com\/wp-content\/uploads\/2024\/05\/Cover_OUR-REGULATION-768x192.jpg 768w, https:\/\/etoropartners.com\/wp-content\/uploads\/2024\/05\/Cover_OUR-REGULATION-1536x384.jpg 1536w\" sizes=\"auto, (max-width: 1600px) 100vw, 1600px\" \/><\/figure>\n<\/div>\n<\/div>\n<\/div><\/section>\n\n\n\n<section class=\"wp-block-group wp-block-group-boxed wp-block-group-small-top-padding wp-block-group-small-bottom-padding has-white-background-color has-background\"><div class=\"wp-block-group-inner is-layout-flow wp-block-group-is-layout-flow\">\n<div class=\"wp-block-columns are-vertically-aligned-top wp-block-columns-1 is-layout-flex wp-container-core-columns-is-layout-9d6595d7 wp-block-columns-is-layout-flex\">\n<div class=\"wp-block-column is-layout-flow wp-block-column-is-layout-flow\">\n<p>eToro \u00e8 regolamentato in diverse giurisdizioni, <a href=\"https:\/\/www.etoro.com\/it\/customer-service\/regulation-license\/\">clicca qui<\/a> per maggiori informazioni sulle nostre licenze e sui regolamenti.\u00a0<\/p>\n\n\n\n<p class=\"is-style-heading-2\"><strong>\u00c8 possibile citare le autorit\u00e0 di regolamentazione?<\/strong><\/p>\n\n\n\n<p>Le autorit\u00e0 di regolamentazione non possono essere utilizzate come fattore per favorire le vendite. Ne consegue che occorre prestare attenzione a come vengono citate. Di seguito sono riportati alcuni esempi delle modalit\u00e0 in cui NON \u00c8 CONSENTITO menzionare le autorit\u00e0 di regolamentazione:\u00a0<\/p>\n\n\n\n<ul class=\"wp-block-list wp-block-list wp-block-list-circle\">\n<li>Scrivere o consigliare agli utenti di fare trading su eToro perch\u00e9 \u00e8 un brand regolamentato.<\/li>\n\n\n\n<li>Citare i regolamenti in qualit\u00e0 di \u201cPro\u201d.<\/li>\n\n\n\n<li>Confrontare eToro con altri brand, delineando le autorit\u00e0 di regolamentazione come un vantaggio competitivo di eToro rispetto ad essi.<\/li>\n\n\n\n<li>Utilizzare il logo di un\u2019autorit\u00e0 di regolamentazione.<\/li>\n\n\n\n<li>Utilizzare il nome di un\u2019autorit\u00e0 di regolamentazione nei banner.<\/li>\n<\/ul>\n\n\n\n<p class=\"is-style-heading-2\"><strong>Cos\u2019\u00e8 invece consentito?<\/strong><\/p>\n\n\n\n<p>\u00c8 permesso affermare che eToro \u00e8 regolamentato e da quali autorit\u00e0 quando si cita un dato di fatto, ad esempio come uno dei vari punti elencati descrivendo eToro e le sue funzionalit\u00e0 (come si \u00e8 soliti fare nell\u2019ambito di una recensione).\u00a0<\/p>\n\n\n\n<p class=\"is-style-heading-2\"><strong>Sii accurato<\/strong><\/p>\n\n\n\n<p><strong>Criptovalute: <\/strong>le criptovalute sono strumenti non regolamentati, motivo per cui sarebbe fuorviante citare le autorit\u00e0 di regolamentazione o affermare che eToro \u00e8 regolamentato in un articolo o in una pagina sulle criptovalute. Si raccomanda di astenersi dal farlo o di dichiarare espressamente che le criptovalute non sono regolamentate (a meno che non ci si rivolga a un pubblico statunitense, nel cui caso non \u00e8 necessario farlo).<\/p>\n\n\n\n<p><strong>USA:<\/strong> negli Stati Uniti, eToro USA LLC mette a disposizione dei clienti statunitensi una piattaforma per l&#8217;acquisto e la vendita di criptovalute, che \u00e8 regolamentata da FinCen; eToro USA Securities Inc. \u00e8 un broker-dealer regolamentato dalla FINRA, che supporta il trading di azioni, ETF e opzioni. Non confondere le due cose.<\/p>\n<\/div>\n<\/div>\n<\/div><\/section>\n","protected":false},"excerpt":{"rendered":"<p>Autorit\u00e0 di regolamentazione eToro \u00e8 regolamentato in diverse giurisdizioni, clicca qui per maggiori informazioni sulle nostre licenze e sui regolamenti.\u00a0 \u00c8 possibile citare le autorit\u00e0 di regolamentazione? Le autorit\u00e0 di regolamentazione non possono essere utilizzate come fattore per favorire le vendite. Ne consegue che occorre prestare attenzione a come vengono citate. Di seguito sono riportati [&hellip;]<\/p>\n","protected":false},"author":11,"featured_media":8233,"parent":0,"menu_order":0,"comment_status":"closed","ping_status":"closed","template":"","meta":{"_acf_changed":false,"sticky_cta_settings":"","footnotes":""},"class_list":["post-8818","page","type-page","status-publish","has-post-thumbnail","hentry"],"acf":[],"yoast_head":"<!-- This site is optimized with the Yoast SEO plugin v27.3 - https:\/\/yoast.com\/product\/yoast-seo-wordpress\/ -->\n<title>Autorit\u00e0 di regolamentazione<\/title>\n<meta name=\"description\" content=\"eToro \u00e8 regolamentato in diverse giurisdizioni. Clicca qui per maggiori informazioni in merito alle nostre licenze e ai regolamenti.\" \/>\n<meta name=\"robots\" content=\"index, follow, max-snippet:-1, max-image-preview:large, max-video-preview:-1\" \/>\n<link rel=\"canonical\" href=\"https:\/\/etoropartners.com\/it\/regulators\/\" \/>\n<meta property=\"og:locale\" content=\"it_IT\" \/>\n<meta property=\"og:type\" content=\"article\" \/>\n<meta property=\"og:title\" content=\"Autorit\u00e0 di regolamentazione\" \/>\n<meta property=\"og:description\" content=\"eToro \u00e8 regolamentato in diverse giurisdizioni. Clicca qui per maggiori informazioni in merito alle nostre licenze e ai regolamenti.\" \/>\n<meta property=\"og:url\" content=\"https:\/\/etoropartners.com\/it\/regulators\/\" \/>\n<meta property=\"og:site_name\" content=\"eToro Partners\" \/>\n<meta property=\"article:modified_time\" content=\"2024-08-26T13:31:52+00:00\" \/>\n<meta property=\"og:image\" content=\"https:\/\/etoropartners.com\/wp-content\/uploads\/2024\/05\/Featured_OUR-REGULATION.png\" \/>\n\t<meta property=\"og:image:width\" content=\"1200\" \/>\n\t<meta property=\"og:image:height\" content=\"630\" \/>\n\t<meta property=\"og:image:type\" content=\"image\/png\" \/>\n<meta name=\"twitter:card\" content=\"summary_large_image\" \/>\n<meta name=\"twitter:label1\" content=\"Tempo di lettura stimato\" \/>\n\t<meta name=\"twitter:data1\" content=\"2 minuti\" \/>\n<script type=\"application\/ld+json\" class=\"yoast-schema-graph\">{\"@context\":\"https:\\\/\\\/schema.org\",\"@graph\":[{\"@type\":\"WebPage\",\"@id\":\"https:\\\/\\\/etoropartners.com\\\/it\\\/regulators\\\/\",\"url\":\"https:\\\/\\\/etoropartners.com\\\/it\\\/regulators\\\/\",\"name\":\"Autorit\u00e0 di regolamentazione\",\"isPartOf\":{\"@id\":\"https:\\\/\\\/etoropartners.com\\\/it\\\/#website\"},\"primaryImageOfPage\":{\"@id\":\"https:\\\/\\\/etoropartners.com\\\/it\\\/regulators\\\/#primaryimage\"},\"image\":{\"@id\":\"https:\\\/\\\/etoropartners.com\\\/it\\\/regulators\\\/#primaryimage\"},\"thumbnailUrl\":\"https:\\\/\\\/etoropartners.com\\\/wp-content\\\/uploads\\\/2024\\\/05\\\/Featured_OUR-REGULATION.png\",\"datePublished\":\"2024-05-22T11:05:01+00:00\",\"dateModified\":\"2024-08-26T13:31:52+00:00\",\"description\":\"eToro \u00e8 regolamentato in diverse giurisdizioni. Clicca qui per maggiori informazioni in merito alle nostre licenze e ai regolamenti.\",\"breadcrumb\":{\"@id\":\"https:\\\/\\\/etoropartners.com\\\/it\\\/regulators\\\/#breadcrumb\"},\"inLanguage\":\"it-IT\",\"potentialAction\":[{\"@type\":\"ReadAction\",\"target\":[\"https:\\\/\\\/etoropartners.com\\\/it\\\/regulators\\\/\"]}]},{\"@type\":\"ImageObject\",\"inLanguage\":\"it-IT\",\"@id\":\"https:\\\/\\\/etoropartners.com\\\/it\\\/regulators\\\/#primaryimage\",\"url\":\"https:\\\/\\\/etoropartners.com\\\/wp-content\\\/uploads\\\/2024\\\/05\\\/Featured_OUR-REGULATION.png\",\"contentUrl\":\"https:\\\/\\\/etoropartners.com\\\/wp-content\\\/uploads\\\/2024\\\/05\\\/Featured_OUR-REGULATION.png\",\"width\":1200,\"height\":630},{\"@type\":\"BreadcrumbList\",\"@id\":\"https:\\\/\\\/etoropartners.com\\\/it\\\/regulators\\\/#breadcrumb\",\"itemListElement\":[{\"@type\":\"ListItem\",\"position\":1,\"name\":\"Home\",\"item\":\"https:\\\/\\\/etoropartners.com\\\/it\\\/\"},{\"@type\":\"ListItem\",\"position\":2,\"name\":\"Autorit\u00e0 di regolamentazione\"}]},{\"@type\":\"WebSite\",\"@id\":\"https:\\\/\\\/etoropartners.com\\\/it\\\/#website\",\"url\":\"https:\\\/\\\/etoropartners.com\\\/it\\\/\",\"name\":\"eToro Partners\",\"description\":\"\",\"potentialAction\":[{\"@type\":\"SearchAction\",\"target\":{\"@type\":\"EntryPoint\",\"urlTemplate\":\"https:\\\/\\\/etoropartners.com\\\/it\\\/?s={search_term_string}\"},\"query-input\":{\"@type\":\"PropertyValueSpecification\",\"valueRequired\":true,\"valueName\":\"search_term_string\"}}],\"inLanguage\":\"it-IT\"}]}<\/script>\n<!-- \/ Yoast SEO plugin. -->","yoast_head_json":{"title":"Autorit\u00e0 di regolamentazione","description":"eToro \u00e8 regolamentato in diverse giurisdizioni. Clicca qui per maggiori informazioni in merito alle nostre licenze e ai regolamenti.","robots":{"index":"index","follow":"follow","max-snippet":"max-snippet:-1","max-image-preview":"max-image-preview:large","max-video-preview":"max-video-preview:-1"},"canonical":"https:\/\/etoropartners.com\/it\/regulators\/","og_locale":"it_IT","og_type":"article","og_title":"Autorit\u00e0 di regolamentazione","og_description":"eToro \u00e8 regolamentato in diverse giurisdizioni. Clicca qui per maggiori informazioni in merito alle nostre licenze e ai regolamenti.","og_url":"https:\/\/etoropartners.com\/it\/regulators\/","og_site_name":"eToro Partners","article_modified_time":"2024-08-26T13:31:52+00:00","og_image":[{"width":1200,"height":630,"url":"https:\/\/etoropartners.com\/wp-content\/uploads\/2024\/05\/Featured_OUR-REGULATION.png","type":"image\/png"}],"twitter_card":"summary_large_image","twitter_misc":{"Tempo di lettura stimato":"2 minuti"},"schema":{"@context":"https:\/\/schema.org","@graph":[{"@type":"WebPage","@id":"https:\/\/etoropartners.com\/it\/regulators\/","url":"https:\/\/etoropartners.com\/it\/regulators\/","name":"Autorit\u00e0 di regolamentazione","isPartOf":{"@id":"https:\/\/etoropartners.com\/it\/#website"},"primaryImageOfPage":{"@id":"https:\/\/etoropartners.com\/it\/regulators\/#primaryimage"},"image":{"@id":"https:\/\/etoropartners.com\/it\/regulators\/#primaryimage"},"thumbnailUrl":"https:\/\/etoropartners.com\/wp-content\/uploads\/2024\/05\/Featured_OUR-REGULATION.png","datePublished":"2024-05-22T11:05:01+00:00","dateModified":"2024-08-26T13:31:52+00:00","description":"eToro \u00e8 regolamentato in diverse giurisdizioni. Clicca qui per maggiori informazioni in merito alle nostre licenze e ai regolamenti.","breadcrumb":{"@id":"https:\/\/etoropartners.com\/it\/regulators\/#breadcrumb"},"inLanguage":"it-IT","potentialAction":[{"@type":"ReadAction","target":["https:\/\/etoropartners.com\/it\/regulators\/"]}]},{"@type":"ImageObject","inLanguage":"it-IT","@id":"https:\/\/etoropartners.com\/it\/regulators\/#primaryimage","url":"https:\/\/etoropartners.com\/wp-content\/uploads\/2024\/05\/Featured_OUR-REGULATION.png","contentUrl":"https:\/\/etoropartners.com\/wp-content\/uploads\/2024\/05\/Featured_OUR-REGULATION.png","width":1200,"height":630},{"@type":"BreadcrumbList","@id":"https:\/\/etoropartners.com\/it\/regulators\/#breadcrumb","itemListElement":[{"@type":"ListItem","position":1,"name":"Home","item":"https:\/\/etoropartners.com\/it\/"},{"@type":"ListItem","position":2,"name":"Autorit\u00e0 di regolamentazione"}]},{"@type":"WebSite","@id":"https:\/\/etoropartners.com\/it\/#website","url":"https:\/\/etoropartners.com\/it\/","name":"eToro Partners","description":"","potentialAction":[{"@type":"SearchAction","target":{"@type":"EntryPoint","urlTemplate":"https:\/\/etoropartners.com\/it\/?s={search_term_string}"},"query-input":{"@type":"PropertyValueSpecification","valueRequired":true,"valueName":"search_term_string"}}],"inLanguage":"it-IT"}]}},"_links":{"self":[{"href":"https:\/\/etoropartners.com\/it\/wp-json\/wp\/v2\/pages\/8818","targetHints":{"allow":["GET"]}}],"collection":[{"href":"https:\/\/etoropartners.com\/it\/wp-json\/wp\/v2\/pages"}],"about":[{"href":"https:\/\/etoropartners.com\/it\/wp-json\/wp\/v2\/types\/page"}],"author":[{"embeddable":true,"href":"https:\/\/etoropartners.com\/it\/wp-json\/wp\/v2\/users\/11"}],"replies":[{"embeddable":true,"href":"https:\/\/etoropartners.com\/it\/wp-json\/wp\/v2\/comments?post=8818"}],"version-history":[{"count":0,"href":"https:\/\/etoropartners.com\/it\/wp-json\/wp\/v2\/pages\/8818\/revisions"}],"wp:featuredmedia":[{"embeddable":true,"href":"https:\/\/etoropartners.com\/it\/wp-json\/wp\/v2\/media\/8233"}],"wp:attachment":[{"href":"https:\/\/etoropartners.com\/it\/wp-json\/wp\/v2\/media?parent=8818"}],"curies":[{"name":"wp","href":"https:\/\/api.w.org\/{rel}","templated":true}]}}