{"id":8755,"date":"2024-05-22T11:00:34","date_gmt":"2024-05-22T09:00:34","guid":{"rendered":"https:\/\/etoropartners.com\/investment-advice\/"},"modified":"2024-08-26T15:10:36","modified_gmt":"2024-08-26T13:10:36","slug":"consulenza-sugli-investimenti","status":"publish","type":"page","link":"https:\/\/etoropartners.com\/it\/consulenza-sugli-investimenti\/","title":{"rendered":"Consulenza sugli investimenti"},"content":{"rendered":"\n<section class=\"wp-block-group wp-block-group-boxed wp-block-group-small-top-padding wp-block-group-small-bottom-padding\"><div class=\"wp-block-group-inner is-layout-flow wp-block-group-is-layout-flow\">\n<div class=\"wp-block-columns are-vertically-aligned-top wp-block-columns-1 is-layout-flex wp-container-core-columns-is-layout-9d6595d7 wp-block-columns-is-layout-flex\">\n<div class=\"wp-block-column wp-block-column-align-desktop-center wp-block-column-align-mobile-center is-layout-flow wp-block-column-is-layout-flow\">\n<h2 class=\"wp-block-heading has-text-align-center\">Consulenza sugli investimenti<\/h2>\n<\/div>\n<\/div>\n\n\n\n<figure class=\"wp-block-image size-full\"><img loading=\"lazy\" decoding=\"async\" width=\"1600\" height=\"400\" src=\"https:\/\/etoropartners.com\/wp-content\/uploads\/2024\/05\/Cover_Investment-advice.jpg\" alt=\"\" class=\"wp-image-8208 wp-image-desktop\" srcset=\"https:\/\/etoropartners.com\/wp-content\/uploads\/2024\/05\/Cover_Investment-advice.jpg 1600w, https:\/\/etoropartners.com\/wp-content\/uploads\/2024\/05\/Cover_Investment-advice-300x75.jpg 300w, https:\/\/etoropartners.com\/wp-content\/uploads\/2024\/05\/Cover_Investment-advice-1024x256.jpg 1024w, https:\/\/etoropartners.com\/wp-content\/uploads\/2024\/05\/Cover_Investment-advice-768x192.jpg 768w, https:\/\/etoropartners.com\/wp-content\/uploads\/2024\/05\/Cover_Investment-advice-1536x384.jpg 1536w\" sizes=\"auto, (max-width: 1600px) 100vw, 1600px\" \/><\/figure>\n<\/div><\/section>\n\n\n\n<section class=\"wp-block-group wp-block-group-boxed wp-block-group-small-top-padding wp-block-group-small-bottom-padding\"><div class=\"wp-block-group-inner is-layout-flow wp-block-group-is-layout-flow\">\n<div class=\"wp-block-columns are-vertically-aligned-top wp-block-columns-1 is-layout-flex wp-container-core-columns-is-layout-9d6595d7 wp-block-columns-is-layout-flex\">\n<div class=\"wp-block-column is-layout-flow wp-block-column-is-layout-flow\">\n<p>NON \u00e8 consentito dispensare consulenza in materia di investimenti. Ma cosa si intende per consulenza sugli investimenti?<\/p>\n\n\n\n<p class=\"is-style-heading-2\">Cos\u2019\u00e8 ritenuto un consiglio di investimento?<\/p>\n\n\n\n<p>Per consulenza in materia di investimenti si intende qualsivoglia parere o orientamento volto a educare, informare o indirizzare un investitore verso un particolare prodotto di investimento o una gamma di prodotti.<\/p>\n\n\n\n<p>Non \u00e8 consentito raccomandare ai visitatori l&#8217;acquisto di uno strumento o consigliare un determinato tipo di investimento, sia implicitamente che esplicitamente.&nbsp;<\/p>\n\n\n\n<p>Ciononostante, \u00e8 consentito riportare analisi o previsioni in merito a strumenti, sotto forma di ricerca in materia di investimenti e posto che siano di carattere generico, basate su informazioni pubblicamente accessibili e non rivolte a un determinato soggetto o gruppo di soggetti.<\/p>\n\n\n\n<p class=\"is-style-heading-2\"><strong>Avvertenze sui rischi<\/strong><\/p>\n\n\n\n<p>Nel redigere un&#8217;analisi o una previsione in merito a uno strumento, \u00e8 necessario apporre il seguente disclaimer (oltre alle avvertenze sui rischi riportate nella relativa sezione delle <a href=\"https:\/\/etoropartners.com\/it\/guidelines\/\">linee guida<\/a>):<\/p>\n\n\n\n<p>Il presente messaggio \u00e8 da intendersi a scopo meramente informativo e didattico e non costituisce consulenza in materia di investimenti, un parere personale, un&#8217;offerta o una sollecitazione all&#8217;acquisto o alla vendita di strumenti finanziari. <strong>Quanto riportato \u00e8 stato redatto senza valutare gli obiettivi di investimento o la situazione finanziaria personale di soggetti specifici, e non \u00e8 stato predisposto in conformit\u00e0 con le disposizioni normative e regolamentari che disciplinano la promozione della ricerca indipendente<\/strong>. Tutti i riferimenti a performance passate o future di uno strumento finanziario, indice o prodotto di investimento preassemblato non costituiscono, e non sono da intendersi come, un indicatore affidabile dell\u2019andamento futuro. eToro non fornisce garanzie e declina ogni responsabilit\u00e0 in merito all&#8217;accuratezza o all\u2019esaustivit\u00e0 delle informazioni riportate.<\/p>\n\n\n\n<p class=\"is-style-heading-2\">Attenzione<\/p>\n\n\n\n<p><strong>USA:<\/strong> negli Stati Uniti, non \u00e8 possibile promuovere eToro nell&#8217;ambito di previsioni di prezzo. \u00c8 consentito promuovere eToro all\u2019interno di analisi di strumenti non riportanti previsioni.\u00a0<\/p>\n\n\n\n<p><strong>Norvegia e Svizzera:<\/strong> in questi Paesi, non \u00e8 consentito menzionare strumenti specifici. \u00c8 inoltre vietato promuovere eToro in articoli in cui si fa menzione di strumenti specifici. \u00c8 consentito citare categorie di strumenti quali titoli, CFD o criptovalute, ma non brand specifici come Tesla o Apple.Per qualunque esigenza, contatta il tuo Affiliate Manager o Liora Edelstein, oppure fissa un appuntamento su <a href=\"https:\/\/calendly.com\/lioraed\">Calendly<\/a>.<\/p>\n<\/div>\n<\/div>\n<\/div><\/section>\n","protected":false},"excerpt":{"rendered":"<p>Consulenza sugli investimenti NON \u00e8 consentito dispensare consulenza in materia di investimenti. Ma cosa si intende per consulenza sugli investimenti? Cos\u2019\u00e8 ritenuto un consiglio di investimento? Per consulenza in materia di investimenti si intende qualsivoglia parere o orientamento volto a educare, informare o indirizzare un investitore verso un particolare prodotto di investimento o una gamma [&hellip;]<\/p>\n","protected":false},"author":11,"featured_media":8202,"parent":0,"menu_order":0,"comment_status":"closed","ping_status":"closed","template":"","meta":{"_acf_changed":false,"sticky_cta_settings":"","footnotes":""},"class_list":["post-8755","page","type-page","status-publish","has-post-thumbnail","hentry"],"acf":[],"yoast_head":"<!-- This site is optimized with the Yoast SEO plugin v27.3 - https:\/\/yoast.com\/product\/yoast-seo-wordpress\/ -->\n<title>Consulenza sugli investimenti<\/title>\n<meta name=\"description\" content=\"It is NOT allowed to offer investment advice, but what is investment advice?\" \/>\n<meta name=\"robots\" content=\"index, follow, max-snippet:-1, max-image-preview:large, max-video-preview:-1\" \/>\n<link rel=\"canonical\" href=\"https:\/\/etoropartners.com\/it\/consulenza-sugli-investimenti\/\" \/>\n<meta property=\"og:locale\" content=\"it_IT\" \/>\n<meta property=\"og:type\" content=\"article\" \/>\n<meta property=\"og:title\" content=\"Consulenza sugli investimenti\" \/>\n<meta property=\"og:description\" content=\"It is NOT allowed to offer investment advice, but what is investment advice?\" \/>\n<meta property=\"og:url\" content=\"https:\/\/etoropartners.com\/it\/consulenza-sugli-investimenti\/\" \/>\n<meta property=\"og:site_name\" content=\"eToro Partners\" \/>\n<meta property=\"article:modified_time\" content=\"2024-08-26T13:10:36+00:00\" \/>\n<meta property=\"og:image\" content=\"https:\/\/etoropartners.com\/wp-content\/uploads\/2024\/05\/Featured_Investment-advice.png\" \/>\n\t<meta property=\"og:image:width\" content=\"1200\" \/>\n\t<meta property=\"og:image:height\" content=\"630\" \/>\n\t<meta property=\"og:image:type\" content=\"image\/png\" \/>\n<meta name=\"twitter:card\" content=\"summary_large_image\" \/>\n<meta name=\"twitter:label1\" content=\"Tempo di lettura stimato\" \/>\n\t<meta name=\"twitter:data1\" content=\"2 minuti\" \/>\n<script type=\"application\/ld+json\" class=\"yoast-schema-graph\">{\"@context\":\"https:\\\/\\\/schema.org\",\"@graph\":[{\"@type\":\"WebPage\",\"@id\":\"https:\\\/\\\/etoropartners.com\\\/it\\\/consulenza-sugli-investimenti\\\/\",\"url\":\"https:\\\/\\\/etoropartners.com\\\/it\\\/consulenza-sugli-investimenti\\\/\",\"name\":\"Consulenza sugli investimenti\",\"isPartOf\":{\"@id\":\"https:\\\/\\\/etoropartners.com\\\/it\\\/#website\"},\"primaryImageOfPage\":{\"@id\":\"https:\\\/\\\/etoropartners.com\\\/it\\\/consulenza-sugli-investimenti\\\/#primaryimage\"},\"image\":{\"@id\":\"https:\\\/\\\/etoropartners.com\\\/it\\\/consulenza-sugli-investimenti\\\/#primaryimage\"},\"thumbnailUrl\":\"https:\\\/\\\/etoropartners.com\\\/wp-content\\\/uploads\\\/2024\\\/05\\\/Featured_Investment-advice.png\",\"datePublished\":\"2024-05-22T09:00:34+00:00\",\"dateModified\":\"2024-08-26T13:10:36+00:00\",\"description\":\"It is NOT allowed to offer investment advice, but what is investment advice?\",\"breadcrumb\":{\"@id\":\"https:\\\/\\\/etoropartners.com\\\/it\\\/consulenza-sugli-investimenti\\\/#breadcrumb\"},\"inLanguage\":\"it-IT\",\"potentialAction\":[{\"@type\":\"ReadAction\",\"target\":[\"https:\\\/\\\/etoropartners.com\\\/it\\\/consulenza-sugli-investimenti\\\/\"]}]},{\"@type\":\"ImageObject\",\"inLanguage\":\"it-IT\",\"@id\":\"https:\\\/\\\/etoropartners.com\\\/it\\\/consulenza-sugli-investimenti\\\/#primaryimage\",\"url\":\"https:\\\/\\\/etoropartners.com\\\/wp-content\\\/uploads\\\/2024\\\/05\\\/Featured_Investment-advice.png\",\"contentUrl\":\"https:\\\/\\\/etoropartners.com\\\/wp-content\\\/uploads\\\/2024\\\/05\\\/Featured_Investment-advice.png\",\"width\":1200,\"height\":630},{\"@type\":\"BreadcrumbList\",\"@id\":\"https:\\\/\\\/etoropartners.com\\\/it\\\/consulenza-sugli-investimenti\\\/#breadcrumb\",\"itemListElement\":[{\"@type\":\"ListItem\",\"position\":1,\"name\":\"Home\",\"item\":\"https:\\\/\\\/etoropartners.com\\\/it\\\/\"},{\"@type\":\"ListItem\",\"position\":2,\"name\":\"Consulenza sugli investimenti\"}]},{\"@type\":\"WebSite\",\"@id\":\"https:\\\/\\\/etoropartners.com\\\/it\\\/#website\",\"url\":\"https:\\\/\\\/etoropartners.com\\\/it\\\/\",\"name\":\"eToro Partners\",\"description\":\"\",\"potentialAction\":[{\"@type\":\"SearchAction\",\"target\":{\"@type\":\"EntryPoint\",\"urlTemplate\":\"https:\\\/\\\/etoropartners.com\\\/it\\\/?s={search_term_string}\"},\"query-input\":{\"@type\":\"PropertyValueSpecification\",\"valueRequired\":true,\"valueName\":\"search_term_string\"}}],\"inLanguage\":\"it-IT\"}]}<\/script>\n<!-- \/ Yoast SEO plugin. -->","yoast_head_json":{"title":"Consulenza sugli investimenti","description":"It is NOT allowed to offer investment advice, but what is investment advice?","robots":{"index":"index","follow":"follow","max-snippet":"max-snippet:-1","max-image-preview":"max-image-preview:large","max-video-preview":"max-video-preview:-1"},"canonical":"https:\/\/etoropartners.com\/it\/consulenza-sugli-investimenti\/","og_locale":"it_IT","og_type":"article","og_title":"Consulenza sugli investimenti","og_description":"It is NOT allowed to offer investment advice, but what is investment advice?","og_url":"https:\/\/etoropartners.com\/it\/consulenza-sugli-investimenti\/","og_site_name":"eToro Partners","article_modified_time":"2024-08-26T13:10:36+00:00","og_image":[{"width":1200,"height":630,"url":"https:\/\/etoropartners.com\/wp-content\/uploads\/2024\/05\/Featured_Investment-advice.png","type":"image\/png"}],"twitter_card":"summary_large_image","twitter_misc":{"Tempo di lettura stimato":"2 minuti"},"schema":{"@context":"https:\/\/schema.org","@graph":[{"@type":"WebPage","@id":"https:\/\/etoropartners.com\/it\/consulenza-sugli-investimenti\/","url":"https:\/\/etoropartners.com\/it\/consulenza-sugli-investimenti\/","name":"Consulenza sugli investimenti","isPartOf":{"@id":"https:\/\/etoropartners.com\/it\/#website"},"primaryImageOfPage":{"@id":"https:\/\/etoropartners.com\/it\/consulenza-sugli-investimenti\/#primaryimage"},"image":{"@id":"https:\/\/etoropartners.com\/it\/consulenza-sugli-investimenti\/#primaryimage"},"thumbnailUrl":"https:\/\/etoropartners.com\/wp-content\/uploads\/2024\/05\/Featured_Investment-advice.png","datePublished":"2024-05-22T09:00:34+00:00","dateModified":"2024-08-26T13:10:36+00:00","description":"It is NOT allowed to offer investment advice, but what is investment advice?","breadcrumb":{"@id":"https:\/\/etoropartners.com\/it\/consulenza-sugli-investimenti\/#breadcrumb"},"inLanguage":"it-IT","potentialAction":[{"@type":"ReadAction","target":["https:\/\/etoropartners.com\/it\/consulenza-sugli-investimenti\/"]}]},{"@type":"ImageObject","inLanguage":"it-IT","@id":"https:\/\/etoropartners.com\/it\/consulenza-sugli-investimenti\/#primaryimage","url":"https:\/\/etoropartners.com\/wp-content\/uploads\/2024\/05\/Featured_Investment-advice.png","contentUrl":"https:\/\/etoropartners.com\/wp-content\/uploads\/2024\/05\/Featured_Investment-advice.png","width":1200,"height":630},{"@type":"BreadcrumbList","@id":"https:\/\/etoropartners.com\/it\/consulenza-sugli-investimenti\/#breadcrumb","itemListElement":[{"@type":"ListItem","position":1,"name":"Home","item":"https:\/\/etoropartners.com\/it\/"},{"@type":"ListItem","position":2,"name":"Consulenza sugli investimenti"}]},{"@type":"WebSite","@id":"https:\/\/etoropartners.com\/it\/#website","url":"https:\/\/etoropartners.com\/it\/","name":"eToro Partners","description":"","potentialAction":[{"@type":"SearchAction","target":{"@type":"EntryPoint","urlTemplate":"https:\/\/etoropartners.com\/it\/?s={search_term_string}"},"query-input":{"@type":"PropertyValueSpecification","valueRequired":true,"valueName":"search_term_string"}}],"inLanguage":"it-IT"}]}},"_links":{"self":[{"href":"https:\/\/etoropartners.com\/it\/wp-json\/wp\/v2\/pages\/8755","targetHints":{"allow":["GET"]}}],"collection":[{"href":"https:\/\/etoropartners.com\/it\/wp-json\/wp\/v2\/pages"}],"about":[{"href":"https:\/\/etoropartners.com\/it\/wp-json\/wp\/v2\/types\/page"}],"author":[{"embeddable":true,"href":"https:\/\/etoropartners.com\/it\/wp-json\/wp\/v2\/users\/11"}],"replies":[{"embeddable":true,"href":"https:\/\/etoropartners.com\/it\/wp-json\/wp\/v2\/comments?post=8755"}],"version-history":[{"count":0,"href":"https:\/\/etoropartners.com\/it\/wp-json\/wp\/v2\/pages\/8755\/revisions"}],"wp:featuredmedia":[{"embeddable":true,"href":"https:\/\/etoropartners.com\/it\/wp-json\/wp\/v2\/media\/8202"}],"wp:attachment":[{"href":"https:\/\/etoropartners.com\/it\/wp-json\/wp\/v2\/media?parent=8755"}],"curies":[{"name":"wp","href":"https:\/\/api.w.org\/{rel}","templated":true}]}}