{"id":8737,"date":"2024-05-22T09:50:03","date_gmt":"2024-05-22T07:50:03","guid":{"rendered":"https:\/\/etoropartners.com\/be-accurate\/"},"modified":"2024-08-26T10:35:24","modified_gmt":"2024-08-26T08:35:24","slug":"be-accurate","status":"publish","type":"page","link":"https:\/\/etoropartners.com\/it\/be-accurate\/","title":{"rendered":"How to be accurate, balanced, and not misleading"},"content":{"rendered":"\n<section class=\"wp-block-group wp-block-group-boxed wp-block-group-small-top-padding wp-block-group-small-bottom-padding\"><div class=\"wp-block-group-inner is-layout-flow wp-block-group-is-layout-flow\">\n<div class=\"wp-block-columns are-vertically-aligned-top wp-block-columns-1 is-layout-flex wp-container-core-columns-is-layout-9d6595d7 wp-block-columns-is-layout-flex\">\n<div class=\"wp-block-column wp-block-column-align-desktop-center wp-block-column-align-mobile-center is-layout-flow wp-block-column-is-layout-flow\">\n<h2 class=\"wp-block-heading has-text-align-center\">Come essere accurati, coerenti e non fuorvianti\u00a0<\/h2>\n\n\n\n<figure class=\"wp-block-image size-full\"><img loading=\"lazy\" decoding=\"async\" width=\"1600\" height=\"400\" src=\"https:\/\/etoropartners.com\/wp-content\/uploads\/2024\/05\/Cover_be-accurate.jpg\" alt=\"\" class=\"wp-image-8091 wp-image-desktop\" srcset=\"https:\/\/etoropartners.com\/wp-content\/uploads\/2024\/05\/Cover_be-accurate.jpg 1600w, https:\/\/etoropartners.com\/wp-content\/uploads\/2024\/05\/Cover_be-accurate-300x75.jpg 300w, https:\/\/etoropartners.com\/wp-content\/uploads\/2024\/05\/Cover_be-accurate-1024x256.jpg 1024w, https:\/\/etoropartners.com\/wp-content\/uploads\/2024\/05\/Cover_be-accurate-768x192.jpg 768w, https:\/\/etoropartners.com\/wp-content\/uploads\/2024\/05\/Cover_be-accurate-1536x384.jpg 1536w\" sizes=\"auto, (max-width: 1600px) 100vw, 1600px\" \/><\/figure>\n<\/div>\n<\/div>\n<\/div><\/section>\n\n\n\n<section class=\"wp-block-group wp-block-group-boxed wp-block-group-small-top-padding wp-block-group-small-bottom-padding\"><div class=\"wp-block-group-inner is-layout-flow wp-block-group-is-layout-flow\">\n<div class=\"wp-block-columns are-vertically-aligned-top wp-block-columns-1 is-layout-flex wp-container-core-columns-is-layout-9d6595d7 wp-block-columns-is-layout-flex\">\n<div class=\"wp-block-column is-layout-flow wp-block-column-is-layout-flow\">\n<p>Una delle principali regole di compliance stabilisce che le promozioni devono essere accurate, coerenti e non fuorvianti. Di seguito sono riportati alcuni esempi che ne illustrano l\u2019esatto significato.<\/p>\n\n\n\n<p class=\"is-style-heading-2\"><br>4 aspetti su cui essere accurati:<\/p>\n\n\n\n<p><br>1. Astenersi da false rappresentazioni: non affermare che rappresenti eToro e non utilizzare eToro nel tuo nome di dominio.<\/p>\n\n\n\n<p>2. Non pubblicizzare eToro come un brand locale anche se non lo \u00e8. Ad esempio, una frase come &#8220;Il miglior broker francese&#8221; non \u00e8 conforme. Sebbene eToro sia disponibile in Francia, non \u00e8 un broker francese, per cui astieniti dal descriverlo in tal modo.<\/p>\n\n\n\n<p>3. Non promuovere strumenti, offerte o metodi di pagamento non disponibili&nbsp;<\/p>\n\n\n\n<p>4. Sii accurato riguardo ai metodi di pagamento, alle commissioni e alla leva finanziaria massima (variabile a seconda dell&#8217;asset sottostante) e assicurati di consultare l\u2019elenco delle commissioni sul sito web di eToro per prendere visione di eventuali variazioni.<\/p>\n\n\n\n<p>Puoi trovare i link a tutte le risorse necessarie per creare campagne accurate nella sezione<a href=\"https:\/\/etoropartners.com\/it\/find-out-more\/\"> \u201cScopri di pi\u00f9\u201d<\/a> dell\u2019hub di eToro Partners.\u00a0<br><\/p>\n<\/div>\n<\/div>\n<\/div><\/section>\n\n\n\n<section class=\"wp-block-group wp-block-group-boxed wp-block-group-small-top-padding wp-block-group-small-bottom-padding\"><div class=\"wp-block-group-inner is-layout-flow wp-block-group-is-layout-flow\">\n<div class=\"wp-block-columns are-vertically-aligned-top wp-block-columns-1 is-layout-flex wp-container-core-columns-is-layout-9d6595d7 wp-block-columns-is-layout-flex\">\n<div class=\"wp-block-column wp-block-column-align-desktop-center wp-block-column-align-mobile-center is-layout-flow wp-block-column-is-layout-flow\">\n<figure class=\"wp-block-embed is-type-rich is-provider-embed-handler wp-block-embed-embed-handler wp-embed-aspect-4-3 wp-has-aspect-ratio\"><div class=\"wp-block-embed__wrapper\">\n<div class=\"ec-video\"><iframe loading=\"lazy\" title=\"IT-Compliance training video 2 - 1:1 - Hot to be accurate, fair, not misleading\" width=\"500\" height=\"375\" src=\"https:\/\/www.youtube.com\/embed\/11zAE9gB-FY?feature=oembed\" frameborder=\"0\" allow=\"accelerometer; autoplay; clipboard-write; encrypted-media; gyroscope; picture-in-picture; web-share\" referrerpolicy=\"strict-origin-when-cross-origin\" allowfullscreen><\/iframe><\/div>\n<\/div><\/figure>\n<\/div>\n<\/div>\n<\/div><\/section>\n\n\n\n<section class=\"wp-block-group wp-block-group-boxed wp-block-group-small-top-padding wp-block-group-small-bottom-padding\"><div class=\"wp-block-group-inner is-layout-flow wp-block-group-is-layout-flow\">\n<div class=\"wp-block-columns are-vertically-aligned-top wp-block-columns-1 is-layout-flex wp-container-core-columns-is-layout-9d6595d7 wp-block-columns-is-layout-flex\">\n<div class=\"wp-block-column is-layout-flow wp-block-column-is-layout-flow\">\n<p class=\"is-style-heading-2\">Le promozioni devono essere coerenti:<\/p>\n\n\n\n<p>1. Assicurati che il testo del messaggio sia coerente: se menzioni possibili guadagni, non omettere mai i rischi associati e le potenziali perdite. Analogamente, se affermi che la leva pu\u00f2 essere utilizzata per massimizzare i guadagni, indica che pu\u00f2 amplificare anche le potenziali perdite.\u00a0<\/p>\n\n\n\n<p>2. Non utilizzare rappresentazioni grafiche per alludere a guadagni, quali denaro, auto di lusso, ecc.\u00a0<\/p>\n\n\n\n<p>3. Quando promuovi i Popular Investor, astieniti dal definirli \u201ctrader professionisti\u201d o \u201ci migliori trader del mondo\u201d. Utilizza descrizioni pi\u00f9 circostanziate, quali \u201ci migliori trader su eToro\u201d o \u201ctrader esperti\u201d o \u201ctrader che vantano i migliori risultati\u201d.\u00a0<\/p>\n\n\n\n<p>4. Quando promuovi il CopyTrading, non fare affermazioni del tipo \u201cnon servono competenze\u201d oppure \u201csiediti e rilassati mentre gli altri fanno il lavoro al posto tuo\u201d. Ricorda che il CopyTrading rientra comunque nell\u2019attivit\u00e0 di trading e potrebbe comportare rischi e perdite.<\/p>\n\n\n\n<p>5. Astieniti dal fare riferimento al mercato azionario come \u201cfacile\u201d. Fare trading non \u00e8 semplice, per cui si raccomanda di non includere frasi quali \u201cIl trading su eToro \u00e8 facile\u201d o \u201ceToro \u00e8 adatto ai principianti\u201d. Ma \u00e8 consentito sottolineare che eToro \u00e8 user-friendly e che si fregia di una piattaforma intuitiva.<\/p>\n\n\n\n<p class=\"is-style-heading-2\"><br><br>Infine&#8230; non essere fuorviante.<\/p>\n\n\n\n<p>Se qualcosa non \u00e8 chiaro o coerente, \u00e8 insito il rischio che induca erroneamente un cliente a effettuare una decisione di acquisto. Ecco perch\u00e9 \u00e8 opportuno evitare di utilizzare frasi come:<\/p>\n\n\n\n<ul class=\"wp-block-list wp-block-list wp-block-list-circle\">\n<li>\u201cIl trading non \u00e8 mai stato cos\u00ec facile\u201d<\/li>\n\n\n\n<li>\u201cInizia subito la tua carriera da trader\u201d<\/li>\n\n\n\n<li>\u201cFacendo trading puoi generare un\u2019ulteriore fonte di reddito e saldare i tuoi debiti pi\u00f9 velocemente.\u201d<\/li>\n<\/ul>\n\n\n\n<p>In conclusione, ricorda che quello della compliance pu\u00f2 rivelarsi un tema complesso, motivo per cui, per qualsiasi dubbio o esigenza, ti invitiamo a contattare il tuo Affiliate Manager, o fissare un appuntamento mediante Calendly per parlare del tema.\u00a0<br><\/p>\n<\/div>\n<\/div>\n<\/div><\/section>\n","protected":false},"excerpt":{"rendered":"<p>Come essere accurati, coerenti e non fuorvianti\u00a0 Una delle principali regole di compliance stabilisce che le promozioni devono essere accurate, coerenti e non fuorvianti. Di seguito sono riportati alcuni esempi che ne illustrano l\u2019esatto significato. 4 aspetti su cui essere accurati: 1. Astenersi da false rappresentazioni: non affermare che rappresenti eToro e non utilizzare eToro [&hellip;]<\/p>\n","protected":false},"author":11,"featured_media":8085,"parent":0,"menu_order":0,"comment_status":"closed","ping_status":"closed","template":"","meta":{"_acf_changed":false,"sticky_cta_settings":"","footnotes":""},"class_list":["post-8737","page","type-page","status-publish","has-post-thumbnail","hentry"],"acf":[],"yoast_head":"<!-- This site is optimized with the Yoast SEO plugin v27.3 - https:\/\/yoast.com\/product\/yoast-seo-wordpress\/ -->\n<title>Come essere accurati, coerenti e non fuorvianti<\/title>\n<meta name=\"description\" content=\"Una delle principali regole di compliance stabilisce che le promozioni devono essere accurate, coerenti e non fuorvianti. Alcuni esempi sono riportati di seguito\" \/>\n<meta name=\"robots\" content=\"index, follow, max-snippet:-1, max-image-preview:large, max-video-preview:-1\" \/>\n<link rel=\"canonical\" href=\"https:\/\/etoropartners.com\/it\/be-accurate\/\" \/>\n<meta property=\"og:locale\" content=\"it_IT\" \/>\n<meta property=\"og:type\" content=\"article\" \/>\n<meta property=\"og:title\" content=\"Come essere accurati, coerenti e non fuorvianti\" \/>\n<meta property=\"og:description\" content=\"Una delle principali regole di compliance stabilisce che le promozioni devono essere accurate, coerenti e non fuorvianti. Alcuni esempi sono riportati di seguito\" \/>\n<meta property=\"og:url\" content=\"https:\/\/etoropartners.com\/it\/be-accurate\/\" \/>\n<meta property=\"og:site_name\" content=\"eToro Partners\" \/>\n<meta property=\"article:modified_time\" content=\"2024-08-26T08:35:24+00:00\" \/>\n<meta property=\"og:image\" content=\"https:\/\/etoropartners.com\/wp-content\/uploads\/2024\/05\/Featured_be-accurate.png\" \/>\n\t<meta property=\"og:image:width\" content=\"1200\" \/>\n\t<meta property=\"og:image:height\" content=\"630\" \/>\n\t<meta property=\"og:image:type\" content=\"image\/png\" \/>\n<meta name=\"twitter:card\" content=\"summary_large_image\" \/>\n<meta name=\"twitter:label1\" content=\"Tempo di lettura stimato\" \/>\n\t<meta name=\"twitter:data1\" content=\"3 minuti\" \/>\n<script type=\"application\/ld+json\" class=\"yoast-schema-graph\">{\"@context\":\"https:\\\/\\\/schema.org\",\"@graph\":[{\"@type\":\"WebPage\",\"@id\":\"https:\\\/\\\/etoropartners.com\\\/it\\\/be-accurate\\\/\",\"url\":\"https:\\\/\\\/etoropartners.com\\\/it\\\/be-accurate\\\/\",\"name\":\"Come essere accurati, coerenti e non fuorvianti\",\"isPartOf\":{\"@id\":\"https:\\\/\\\/etoropartners.com\\\/it\\\/#website\"},\"primaryImageOfPage\":{\"@id\":\"https:\\\/\\\/etoropartners.com\\\/it\\\/be-accurate\\\/#primaryimage\"},\"image\":{\"@id\":\"https:\\\/\\\/etoropartners.com\\\/it\\\/be-accurate\\\/#primaryimage\"},\"thumbnailUrl\":\"https:\\\/\\\/etoropartners.com\\\/wp-content\\\/uploads\\\/2024\\\/05\\\/Featured_be-accurate.png\",\"datePublished\":\"2024-05-22T07:50:03+00:00\",\"dateModified\":\"2024-08-26T08:35:24+00:00\",\"description\":\"Una delle principali regole di compliance stabilisce che le promozioni devono essere accurate, coerenti e non fuorvianti. Alcuni esempi sono riportati di seguito\",\"breadcrumb\":{\"@id\":\"https:\\\/\\\/etoropartners.com\\\/it\\\/be-accurate\\\/#breadcrumb\"},\"inLanguage\":\"it-IT\",\"potentialAction\":[{\"@type\":\"ReadAction\",\"target\":[\"https:\\\/\\\/etoropartners.com\\\/it\\\/be-accurate\\\/\"]}]},{\"@type\":\"ImageObject\",\"inLanguage\":\"it-IT\",\"@id\":\"https:\\\/\\\/etoropartners.com\\\/it\\\/be-accurate\\\/#primaryimage\",\"url\":\"https:\\\/\\\/etoropartners.com\\\/wp-content\\\/uploads\\\/2024\\\/05\\\/Featured_be-accurate.png\",\"contentUrl\":\"https:\\\/\\\/etoropartners.com\\\/wp-content\\\/uploads\\\/2024\\\/05\\\/Featured_be-accurate.png\",\"width\":1200,\"height\":630,\"caption\":\"Be accurate\"},{\"@type\":\"BreadcrumbList\",\"@id\":\"https:\\\/\\\/etoropartners.com\\\/it\\\/be-accurate\\\/#breadcrumb\",\"itemListElement\":[{\"@type\":\"ListItem\",\"position\":1,\"name\":\"Home\",\"item\":\"https:\\\/\\\/etoropartners.com\\\/it\\\/\"},{\"@type\":\"ListItem\",\"position\":2,\"name\":\"How to be accurate, balanced, and not misleading\"}]},{\"@type\":\"WebSite\",\"@id\":\"https:\\\/\\\/etoropartners.com\\\/it\\\/#website\",\"url\":\"https:\\\/\\\/etoropartners.com\\\/it\\\/\",\"name\":\"eToro Partners\",\"description\":\"\",\"potentialAction\":[{\"@type\":\"SearchAction\",\"target\":{\"@type\":\"EntryPoint\",\"urlTemplate\":\"https:\\\/\\\/etoropartners.com\\\/it\\\/?s={search_term_string}\"},\"query-input\":{\"@type\":\"PropertyValueSpecification\",\"valueRequired\":true,\"valueName\":\"search_term_string\"}}],\"inLanguage\":\"it-IT\"}]}<\/script>\n<!-- \/ Yoast SEO plugin. -->","yoast_head_json":{"title":"Come essere accurati, coerenti e non fuorvianti","description":"Una delle principali regole di compliance stabilisce che le promozioni devono essere accurate, coerenti e non fuorvianti. Alcuni esempi sono riportati di seguito","robots":{"index":"index","follow":"follow","max-snippet":"max-snippet:-1","max-image-preview":"max-image-preview:large","max-video-preview":"max-video-preview:-1"},"canonical":"https:\/\/etoropartners.com\/it\/be-accurate\/","og_locale":"it_IT","og_type":"article","og_title":"Come essere accurati, coerenti e non fuorvianti","og_description":"Una delle principali regole di compliance stabilisce che le promozioni devono essere accurate, coerenti e non fuorvianti. Alcuni esempi sono riportati di seguito","og_url":"https:\/\/etoropartners.com\/it\/be-accurate\/","og_site_name":"eToro Partners","article_modified_time":"2024-08-26T08:35:24+00:00","og_image":[{"width":1200,"height":630,"url":"https:\/\/etoropartners.com\/wp-content\/uploads\/2024\/05\/Featured_be-accurate.png","type":"image\/png"}],"twitter_card":"summary_large_image","twitter_misc":{"Tempo di lettura stimato":"3 minuti"},"schema":{"@context":"https:\/\/schema.org","@graph":[{"@type":"WebPage","@id":"https:\/\/etoropartners.com\/it\/be-accurate\/","url":"https:\/\/etoropartners.com\/it\/be-accurate\/","name":"Come essere accurati, coerenti e non fuorvianti","isPartOf":{"@id":"https:\/\/etoropartners.com\/it\/#website"},"primaryImageOfPage":{"@id":"https:\/\/etoropartners.com\/it\/be-accurate\/#primaryimage"},"image":{"@id":"https:\/\/etoropartners.com\/it\/be-accurate\/#primaryimage"},"thumbnailUrl":"https:\/\/etoropartners.com\/wp-content\/uploads\/2024\/05\/Featured_be-accurate.png","datePublished":"2024-05-22T07:50:03+00:00","dateModified":"2024-08-26T08:35:24+00:00","description":"Una delle principali regole di compliance stabilisce che le promozioni devono essere accurate, coerenti e non fuorvianti. Alcuni esempi sono riportati di seguito","breadcrumb":{"@id":"https:\/\/etoropartners.com\/it\/be-accurate\/#breadcrumb"},"inLanguage":"it-IT","potentialAction":[{"@type":"ReadAction","target":["https:\/\/etoropartners.com\/it\/be-accurate\/"]}]},{"@type":"ImageObject","inLanguage":"it-IT","@id":"https:\/\/etoropartners.com\/it\/be-accurate\/#primaryimage","url":"https:\/\/etoropartners.com\/wp-content\/uploads\/2024\/05\/Featured_be-accurate.png","contentUrl":"https:\/\/etoropartners.com\/wp-content\/uploads\/2024\/05\/Featured_be-accurate.png","width":1200,"height":630,"caption":"Be accurate"},{"@type":"BreadcrumbList","@id":"https:\/\/etoropartners.com\/it\/be-accurate\/#breadcrumb","itemListElement":[{"@type":"ListItem","position":1,"name":"Home","item":"https:\/\/etoropartners.com\/it\/"},{"@type":"ListItem","position":2,"name":"How to be accurate, balanced, and not misleading"}]},{"@type":"WebSite","@id":"https:\/\/etoropartners.com\/it\/#website","url":"https:\/\/etoropartners.com\/it\/","name":"eToro Partners","description":"","potentialAction":[{"@type":"SearchAction","target":{"@type":"EntryPoint","urlTemplate":"https:\/\/etoropartners.com\/it\/?s={search_term_string}"},"query-input":{"@type":"PropertyValueSpecification","valueRequired":true,"valueName":"search_term_string"}}],"inLanguage":"it-IT"}]}},"_links":{"self":[{"href":"https:\/\/etoropartners.com\/it\/wp-json\/wp\/v2\/pages\/8737","targetHints":{"allow":["GET"]}}],"collection":[{"href":"https:\/\/etoropartners.com\/it\/wp-json\/wp\/v2\/pages"}],"about":[{"href":"https:\/\/etoropartners.com\/it\/wp-json\/wp\/v2\/types\/page"}],"author":[{"embeddable":true,"href":"https:\/\/etoropartners.com\/it\/wp-json\/wp\/v2\/users\/11"}],"replies":[{"embeddable":true,"href":"https:\/\/etoropartners.com\/it\/wp-json\/wp\/v2\/comments?post=8737"}],"version-history":[{"count":0,"href":"https:\/\/etoropartners.com\/it\/wp-json\/wp\/v2\/pages\/8737\/revisions"}],"wp:featuredmedia":[{"embeddable":true,"href":"https:\/\/etoropartners.com\/it\/wp-json\/wp\/v2\/media\/8085"}],"wp:attachment":[{"href":"https:\/\/etoropartners.com\/it\/wp-json\/wp\/v2\/media?parent=8737"}],"curies":[{"name":"wp","href":"https:\/\/api.w.org\/{rel}","templated":true}]}}